{"id":2975,"date":"2023-11-25T01:04:18","date_gmt":"2023-11-25T01:04:18","guid":{"rendered":"https:\/\/exceladvisor.org\/de\/a\/"},"modified":"2023-12-13T11:36:37","modified_gmt":"2023-12-13T11:36:37","slug":"a","status":"publish","type":"page","link":"https:\/\/exceladvisor.org\/de\/","title":{"rendered":""},"content":{"rendered":"<div class=\"excel-vor-dem-inhalt\" id=\"excel-4072292364\"><script type=\"text\/javascript\">\r\n\tatOptions = {\r\n\t\t'key' : 'c1158f160081d6540a8409e6925dab94',\r\n\t\t'format' : 'iframe',\r\n\t\t'height' : 250,\r\n\t\t'width' : 300,\r\n\t\t'params' : {}\r\n\t};\r\n<\/script>\r\n<script type=\"text\/javascript\" src=\"\/\/www.highperformanceformat.com\/c1158f160081d6540a8409e6925dab94\/invoke.js\"><\/script><\/div> <h1>Willkommen bei Excel Advisor<\/h1>\n<p style=\"text-align: justify;\">Microsoft Excel ist im t\u00e4glichen Leben f\u00fcr verschiedene Aufgaben unglaublich n\u00fctzlich. Es handelt sich um eine vielseitige Tabellenkalkulation, mit der Einzelpersonen Daten effektiv organisieren und verwalten k\u00f6nnen.<\/p>\n<p style=\"text-align: justify;\">Von der Erstellung von Budgets, der Verfolgung von Ausgaben und der Verwaltung pers\u00f6nlicher Finanzen bis hin zur Analyse von Gesch\u00e4ftsdaten, der Erstellung von Diagrammen und der Erstellung von Zeitpl\u00e4nen bietet Excel eine leistungsstarke Plattform f\u00fcr die Organisation und Datenanalyse.<\/p>\n<p style=\"text-align: justify;\">Seine Formeln, Funktionen und Formatierungsoptionen machen es zu einem unverzichtbaren Werkzeug f\u00fcr Berufst\u00e4tige, Studenten und alle, die ihre datenbezogenen Aufgaben rationalisieren m\u00f6chten, damit sie fundierte Entscheidungen treffen und ihre Produktivit\u00e4t im t\u00e4glichen Leben verbessern k\u00f6nnen.<\/p>\n<p style=\"text-align: justify;\">Entdecken Sie alle wesentlichen Elemente, um Microsoft Excel im Berufs- oder Privatleben zu beherrschen.<\/p>\n\n<h3>WIE MAN EXCEL VERWENDET<\/h3>\n<div class=\"wp-block-group more-tutorials is-layout-flow\">\n<div class=\"wp-block-group__inner-container\">\n<div class=\"wp-block-columns is-layout-flex wp-container-51\">\n<div class=\"wp-block-column is-layout-flow\">\n<ul>\n \t<li><a href=\"https:\/\/exceladvisor.org\/de\/zeitstempel\/\">F\u00fcgen Sie einen Zeitstempel in Excel ein<\/a><\/li>\n \t<li><a href=\"https:\/\/exceladvisor.org\/de\/hakchen-2\/\">\u00dcberpr\u00fcfen Sie das Symbol in Excel<\/a><\/li>\n \t<li><a href=\"https:\/\/exceladvisor.org\/de\/vorteile-von-microsoft-excel\/\">Vorteile von Microsoft Excel<\/a><\/li>\n \t<li><a href=\"https:\/\/exceladvisor.org\/de\/buchhaltungsnummernformat\/\">Format der Buchhaltungsnummer<\/a><\/li>\n \t<li><a href=\"https:\/\/exceladvisor.org\/de\/zellfarbe\/\">Hintergrundfarbe einer Zelle<\/a><\/li>\n \t<li><a href=\"https:\/\/exceladvisor.org\/de\/vertikal-schreiben\/\">Geben Sie vertikal in Excel ein<\/a><\/li>\n \t<li><a href=\"https:\/\/exceladvisor.org\/de\/die-zelle-austauschen\/\">Tauschen Sie schnell zwei Zellen aus<\/a><\/li>\n \t<li><a href=\"https:\/\/exceladvisor.org\/de\/erstellen-sie-die-kopfzeile-der-ersten-zeile\/\">Erstellen Sie einen Header f\u00fcr die erste Zeile<\/a><\/li>\n<\/ul>\n<\/div>\n<div class=\"wp-block-column is-layout-flow\">\n<ul>\n \t<li><a href=\"https:\/\/exceladvisor.org\/de\/excel-formelleiste\/\">Formelleiste in Excel<\/a><\/li>\n \t<li><a href=\"https:\/\/exceladvisor.org\/de\/schnellzugriffsleiste\/\">Schnellzugriffsleiste in Excel<\/a><\/li>\n \t<li><a href=\"https:\/\/exceladvisor.org\/de\/wasserzeichen-hinzufugen\/\">F\u00fcgen Sie in Excel ein Wasserzeichen hinzu<\/a><\/li>\n \t<li><a href=\"https:\/\/exceladvisor.org\/de\/fugen-sie-eine-seitenzahl-hinzu\/\">F\u00fcgen Sie in Excel eine Seitenzahl hinzu<\/a><\/li>\n \t<li><a href=\"https:\/\/exceladvisor.org\/de\/absatz-in-einer-zelle\/\">Erstellen Sie einen Absatz in einer Zelle<\/a><\/li>\n \t<li><a href=\"https:\/\/exceladvisor.org\/de\/grenze\/\">F\u00fcgen Sie in Excel einen Rahmen hinzu<\/a><\/li>\n \t<li><a href=\"https:\/\/exceladvisor.org\/de\/randfarbe-andern\/\">Rahmenfarbe \u00e4ndern<\/a><\/li>\n \t<li><a href=\"https:\/\/exceladvisor.org\/de\/zellen-zusammenfuhren-ohne-daten-zu-verlieren\/\">Zellen in Excel zusammenf\u00fchren<\/a><\/li>\n<\/ul>\n<\/div>\n<\/div>\n<\/div>\n<\/div>\n<h3>ERWEITERTE Excel-Tutorials<\/h3>\n<div class=\"wp-block-group more-tutorials is-layout-flow\">\n<div class=\"wp-block-group__inner-container\">\n<div class=\"wp-block-columns is-layout-flex wp-container-51\">\n<div class=\"wp-block-column is-layout-flow\">\n<ul>\n \t<li><a href=\"https:\/\/exceladvisor.org\/de\/fugen-sie-einen-barcode-hinzu\/\">F\u00fcgen Sie einen Barcode in Excel hinzu<\/a><\/li>\n \t<li><a href=\"https:\/\/exceladvisor.org\/de\/dynamische-liste\/\">Dynamische Dropdown-Liste in Excel<\/a><\/li>\n \t<li><a href=\"https:\/\/exceladvisor.org\/de\/leeren-sie-den-cache\/\">Cache in Excel leeren<\/a><\/li>\n \t<li><a href=\"https:\/\/exceladvisor.org\/de\/mehrere-filter-anwenden\/\">Wenden Sie mehrere Filter auf Spalten an<\/a><\/li>\n \t<li><a href=\"https:\/\/exceladvisor.org\/de\/nach-farbe-filtern\/\">Filtern Sie nach Farbe in Excel<\/a><\/li>\n \t<li><a href=\"https:\/\/exceladvisor.org\/de\/zusammengefuhrte-zellen-finden\/\">Finden Sie zusammengef\u00fchrte Zellen<\/a><\/li>\n \t<li><a href=\"https:\/\/exceladvisor.org\/de\/bindestriche-entfernen\/\">Entfernen Sie Bindestriche in Excel<\/a><\/li>\n \t<li><a href=\"https:\/\/exceladvisor.org\/de\/schreibgeschutzt\/\">In Excel schreibgesch\u00fctzt machen<\/a><\/li>\n<\/ul>\n<\/div>\n<div class=\"wp-block-column is-layout-flow\">\n<ul>\n \t<li><a href=\"https:\/\/exceladvisor.org\/de\/kontrollkastchen\/\">F\u00fcgen Sie ein Kontrollk\u00e4stchen in Excel ein<\/a><\/li>\n \t<li><a href=\"https:\/\/exceladvisor.org\/de\/schnelles-analysetool\/\">Schnellanalysetool in Excel<\/a><\/li>\n \t<li><a href=\"https:\/\/exceladvisor.org\/de\/titel-drucken\/\">Drucken Sie Titel in Excel<\/a><\/li>\n \t<li><a href=\"https:\/\/exceladvisor.org\/de\/millimeterpapier\/\">Drucken Sie Millimeterpapier in Excel<\/a><\/li>\n \t<li><a href=\"https:\/\/exceladvisor.org\/de\/benennen-sie-die-tabelle-um\/\">Benennen Sie eine Tabelle in Excel um<\/a><\/li>\n \t<li><a href=\"https:\/\/exceladvisor.org\/de\/graue-zellen\/\">Graue Zellen in Excel<\/a><\/li>\n \t<li><a href=\"https:\/\/exceladvisor.org\/de\/zellen-sperren-1\/\">Zellen in Excel sperren<\/a><\/li>\n \t<li><a href=\"https:\/\/exceladvisor.org\/de\/deaktivieren-sie-die-automatische-speicherung\/\">Deaktivieren Sie die automatische Speicherung<\/a><\/li>\n<\/ul>\n<\/div>\n<\/div>\n<\/div>\n<\/div>\n<h3>LISTE DER EXCEL-FORMELN<\/h3>\n<div class=\"wp-block-group more-tutorials is-layout-flow\">\n<div class=\"wp-block-group__inner-container\">\n<div class=\"wp-block-columns is-layout-flex wp-container-51\">\n<div class=\"wp-block-column is-layout-flow\">\n<ul>\n \t<li><a href=\"https:\/\/exceladvisor.org\/de\/countives-countif-oder-logisch\/\">ODER-Logik in COUNTIF<\/a><\/li>\n \t<li><a href=\"https:\/\/exceladvisor.org\/de\/quartal\/\">Viertel aus einem Datum in Excel<\/a><\/li>\n \t<li><a href=\"https:\/\/exceladvisor.org\/de\/zwischen-zwei-zahlen-zahlen\/\">Z\u00e4hlen Sie zwischen zwei Zahlen<\/a><\/li>\n \t<li><a href=\"https:\/\/exceladvisor.org\/de\/anzahl-leerer-zellen\/\">Z\u00e4hlen Sie leere Zellen in Excel<\/a><\/li>\n \t<li><a href=\"https:\/\/exceladvisor.org\/de\/addieren-subtrahieren-eines-prozentsatzes-von-einer-zahl\/\">Prozentuale \u00c4nderung in Excel<\/a><\/li>\n \t<li><a href=\"https:\/\/exceladvisor.org\/de\/monat-zwischen-zwei-daten\/\">Monat zwischen zwei Daten in Excel<\/a><\/li>\n \t<li><a href=\"https:\/\/exceladvisor.org\/de\/sumif-jahr-2\/\">Summe der Werte basierend auf dem Jahr<\/a><\/li>\n \t<li><a href=\"https:\/\/exceladvisor.org\/de\/zahle-die-worter\/\">Z\u00e4hlen Sie W\u00f6rter in Excel<\/a><\/li>\n<\/ul>\n<\/div>\n<div class=\"wp-block-column is-layout-flow\">\n<ul>\n \t<li><a href=\"https:\/\/exceladvisor.org\/de\/zeitunterschied-berechnen\/\">Zeitunterschied in Excel<\/a><\/li>\n \t<li><a href=\"https:\/\/exceladvisor.org\/de\/einen-zeilenumbruch-verketten\/\">Excel-Verkettung mit Zeilenumbruch<\/a><\/li>\n \t<li><a href=\"https:\/\/exceladvisor.org\/de\/zeitstempel\/\">F\u00fcgen Sie einen Zeitstempel in Excel ein<\/a><\/li>\n \t<li><a href=\"https:\/\/exceladvisor.org\/de\/zahlen-sie-bestimmte-zeichen\/\">Z\u00e4hlen Sie bestimmte Zeichen<\/a><\/li>\n \t<li><a href=\"https:\/\/exceladvisor.org\/de\/vergleichen-sie-zwei-zellen\/\">Vergleichen Sie zwei Zellen in Excel<\/a><\/li>\n \t<li><a href=\"https:\/\/exceladvisor.org\/de\/beginnen-sie-mit-2\/\">WENN ein Zellenwert mit beginnt<\/a><\/li>\n \t<li><a href=\"https:\/\/exceladvisor.org\/de\/xlookup-alle-ubereinstimmungen-2\/\">Gibt alle \u00dcbereinstimmungen zur\u00fcck<\/a><\/li>\n \t<li><a href=\"https:\/\/exceladvisor.org\/de\/name-des-monats-auf-platz-2\/\">Konvertieren Sie den Monatsnamen in eine Zahl<\/a><\/li>\n<\/ul>\n<\/div>\n<\/div>\n<\/div>\n<\/div>\n<h3>MATHEMATISCHE OPERATIONEN<\/h3>\n<div class=\"wp-block-group more-tutorials is-layout-flow\">\n<div class=\"wp-block-group__inner-container\">\n<div class=\"wp-block-columns is-layout-flex wp-container-51\">\n<div class=\"wp-block-column is-layout-flow\">\n<ul>\n \t<li><a href=\"https:\/\/exceladvisor.org\/de\/n-te-wurzel-2\/\">Berechnen Sie die n-te Wurzel<\/a><\/li>\n \t<li><a href=\"https:\/\/exceladvisor.org\/de\/runder-prozentsatz-2\/\">Runde Werte in Prozent<\/a><\/li>\n \t<li><a href=\"https:\/\/exceladvisor.org\/de\/der-durchschnitt-schliesst-nullen-aus-2\/\">Durchschnittliche Zahl, jedoch ohne Nullen<\/a><\/li>\n \t<li><a href=\"https:\/\/exceladvisor.org\/de\/gewichteter-durchschnitt\/\">Berechnen Sie den gewichteten Durchschnitt<\/a><\/li>\n \t<li><a href=\"https:\/\/exceladvisor.org\/de\/bericht\/\">Berechnen Sie schnell das Verh\u00e4ltnis<\/a><\/li>\n \t<li><a href=\"https:\/\/exceladvisor.org\/de\/quadratwurzel\/\">Berechnen Sie die Quadratwurzel in Excel<\/a><\/li>\n \t<li><a href=\"https:\/\/exceladvisor.org\/de\/quadratwurzel-2\/\">Kubikwurzel in Excel berechnen<\/a><\/li>\n<\/ul>\n<\/div>\n<div class=\"wp-block-column is-layout-flow\">\n<ul>\n \t<li><a href=\"https:\/\/exceladvisor.org\/de\/variationskoeffizient\/\">Berechnen Sie den Variationskoeffizienten<\/a><\/li>\n \t<li><a href=\"https:\/\/exceladvisor.org\/de\/durchschnitt-nicht-leerer-zellen-2\/\">Durchschnittliche nicht leere Zellen<\/a><\/li>\n \t<li><a href=\"https:\/\/exceladvisor.org\/de\/durchschnittszeit-2\/\">Durchschnitt der Zeitwerte<\/a><\/li>\n \t<li><a href=\"https:\/\/exceladvisor.org\/de\/kleinster-wert-2\/\">Finden Sie den kleinsten Wert<\/a><\/li>\n \t<li><a href=\"https:\/\/exceladvisor.org\/de\/die-haufigsten-zahlen\/\">Holen Sie sich die h\u00e4ufigste Nummer<\/a><\/li>\n \t<li><a href=\"https:\/\/exceladvisor.org\/de\/der-durchschnitt-schliesst-nullen-aus-2\/\">Durchschnittliche Zahl, jedoch ohne Nullen<\/a><\/li>\n \t<li><a href=\"https:\/\/exceladvisor.org\/de\/prozentualer-unterschied\/\">Berechnen Sie die prozentuale Varianz<\/a><\/li>\n<\/ul>\n<\/div>\n<\/div>\n<\/div>\n<\/div>\n<h3>VISUAL BASIC F\u00dcR OPERATIONEN (VBA)<\/h3>\n<div class=\"wp-block-group more-tutorials is-layout-flow\">\n<div class=\"wp-block-group__inner-container\">\n<div class=\"wp-block-columns is-layout-flex wp-container-51\">\n<div class=\"wp-block-column is-layout-flow\">\n<ul>\n \t<li><a href=\"https:\/\/exceladvisor.org\/de\/variablen\/\">VBA-Variablen<\/a><\/li>\n \t<li><a href=\"https:\/\/exceladvisor.org\/de\/ein-makro-ausfuhren-2\/\">F\u00fchren Sie ein Makro \u00fcber VBA aus<\/a><\/li>\n \t<li><a href=\"https:\/\/exceladvisor.org\/de\/vba-nachrichtenbox\/\">VBA-Meldungsfeld (MsgBox)<\/a><\/li>\n \t<li><a href=\"https:\/\/exceladvisor.org\/de\/zahle-die-blatter\/\">COUNT-Bl\u00e4tter mit VBA<\/a><\/li>\n \t<li><a href=\"https:\/\/exceladvisor.org\/de\/aktive-zelle-1\/\">Verwenden Sie ActiveCell in VBA<\/a><\/li>\n \t<li><a href=\"https:\/\/exceladvisor.org\/de\/konstanten\/\">Konstantes VBA<\/a><\/li>\n \t<li><a href=\"https:\/\/exceladvisor.org\/de\/gehe-zu-1\/\">GoTo VBA-Deklaration<\/a><\/li>\n<\/ul>\n<\/div>\n<div class=\"wp-block-column is-layout-flow\">\n<ul>\n \t<li><a href=\"https:\/\/exceladvisor.org\/de\/funktionen\/\">Hauptfunktionen von VBA<\/a><\/li>\n \t<li><a href=\"https:\/\/exceladvisor.org\/de\/ein-makro-aufzeichnen\/\">Zeichnen Sie ein Makro \u00fcber VBA auf<\/a><\/li>\n \t<li><a href=\"https:\/\/exceladvisor.org\/de\/fehlerbehandlung\/\">VBA-Fehlerbehandlung<\/a><\/li>\n \t<li><a href=\"https:\/\/exceladvisor.org\/de\/ein-blatt-loschen-1\/\">L\u00d6SCHEN Sie Bl\u00e4tter mit VBA<\/a><\/li>\n \t<li><a href=\"https:\/\/exceladvisor.org\/de\/bereich-verwendet\/\">UsedRange-Eigenschaft in VBA<\/a><\/li>\n \t<li><a href=\"https:\/\/exceladvisor.org\/de\/schwach\/\">Schwache VBA-Anweisung<\/a><\/li>\n \t<li><a href=\"https:\/\/exceladvisor.org\/de\/schleifen\/\">VBA-Schleifen<\/a><\/li>\n<\/ul>\n<\/div>\n<\/div>\n<\/div>\n<\/div>\n<h3>WICHTIGE EXCEL-MATERIALIEN<\/h3>\n<div class=\"wp-block-group more-tutorials is-layout-flow\">\n<div class=\"wp-block-group__inner-container\">\n<div class=\"wp-block-columns is-layout-flex wp-container-51\">\n<div class=\"wp-block-column is-layout-flow\">\n<ul>\n \t<li><a href=\"https:\/\/exceladvisor.org\/de\/tastaturkurzel\/\">Excel-Tastaturk\u00fcrzel<\/a><\/li>\n \t<li><a href=\"https:\/\/exceladvisor.org\/de\/vorlage-fur-die-bestandsverwaltung-excel-vba-benutzerformulare\/\">Excel-Vorlage f\u00fcr die Bestandsverwaltung<\/a><\/li>\n \t<li><a href=\"https:\/\/exceladvisor.org\/de\/pivot-tisch\/\">Erstellen Sie eine Pivot-Tabelle<\/a><\/li>\n \t<li><a href=\"https:\/\/exceladvisor.org\/de\/excel-diagramme\/\">Arten von Diagrammen in Excel<\/a><\/li>\n \t<li><a href=\"https:\/\/exceladvisor.org\/de\/excel-fur-buchhalter\/\">Excel f\u00fcr Buchhalter<\/a><\/li>\n \t<li><a href=\"https:\/\/exceladvisor.org\/de\/beratung\/\">Neueste Excel-Tipps und Tricks<\/a><\/li>\n<\/ul>\n<\/div>\n<div class=\"wp-block-column is-layout-flow\">\n<ul>\n \t<li><a href=\"https:\/\/exceladvisor.org\/de\/verkaufsbericht\/\">Verkaufsbericht in Excel<\/a><\/li>\n \t<li><a href=\"https:\/\/exceladvisor.org\/de\/leistungsanforderung\/\">Excel POWER QUERY-Tutorial<\/a><\/li>\n \t<li><a href=\"https:\/\/exceladvisor.org\/de\/eine-reihe-von-zellen-verketten\/\">Verketten Sie eine Reihe von Zellen<\/a><\/li>\n \t<li><a href=\"https:\/\/exceladvisor.org\/de\/bedingte-formatierung\/\">Bedingte Formatierung<\/a><\/li>\n \t<li><a href=\"https:\/\/exceladvisor.org\/de\/fugen-sie-es-ihrem-lebenslauf-hinzu\/\">Excel-Lebenslauf-Expertise<\/a><\/li>\n \t<li><a href=\"https:\/\/exceladvisor.org\/de\/excel-funktionen\/\">Verschiedene n\u00fctzliche Excel-Funktionen<\/a><\/li>\n<\/ul>\n<\/div>\n<\/div>\n<\/div>\n<\/div>","protected":false},"excerpt":{"rendered":"","protected":false},"author":1,"featured_media":0,"parent":0,"menu_order":0,"comment_status":"closed","ping_status":"closed","template":"","meta":{"ub_ctt_via":"","footnotes":""},"class_list":["post-2975","page","type-page","status-publish","hentry"],"featured_image_src":null,"yoast_head":"<!-- This site is optimized with the Yoast SEO plugin v25.4 - https:\/\/yoast.com\/wordpress\/plugins\/seo\/ -->\n<title>Excel Advisor \u2013 Ihr Leitfaden zur Datendominanz<\/title>\n<meta name=\"description\" content=\"Excel Advisor hilft Tausenden von Benutzern jeden Monat dabei, Excel zu erlernen, indem er einige der n\u00fctzlichsten Tipps und Tricks verwendet.\" \/>\n<meta name=\"robots\" content=\"index, follow, max-snippet:-1, max-image-preview:large, max-video-preview:-1\" \/>\n<link rel=\"canonical\" href=\"https:\/\/exceladvisor.org\/de\/\" \/>\n<meta property=\"og:locale\" content=\"de_DE\" \/>\n<meta property=\"og:type\" content=\"article\" \/>\n<meta property=\"og:title\" content=\"Excel Advisor \u2013 Ihr Leitfaden zur Datendominanz\" \/>\n<meta property=\"og:description\" content=\"Excel Advisor hilft Tausenden von Benutzern jeden Monat dabei, Excel zu erlernen, indem er einige der n\u00fctzlichsten Tipps und Tricks verwendet.\" \/>\n<meta property=\"og:url\" content=\"https:\/\/exceladvisor.org\/de\/\" \/>\n<meta property=\"og:site_name\" content=\"Excel Advisor\" \/>\n<meta property=\"article:modified_time\" content=\"2023-12-13T11:36:37+00:00\" \/>\n<meta name=\"twitter:card\" content=\"summary_large_image\" \/>\n<meta name=\"twitter:label1\" content=\"Gesch\u00e4tzte Lesezeit\" \/>\n\t<meta name=\"twitter:data1\" content=\"3\u00a0Minuten\" \/>\n<script type=\"application\/ld+json\" class=\"yoast-schema-graph\">{\"@context\":\"https:\/\/schema.org\",\"@graph\":[{\"@type\":\"WebPage\",\"@id\":\"https:\/\/exceladvisor.org\/de\/\",\"url\":\"https:\/\/exceladvisor.org\/de\/\",\"name\":\"Excel Advisor \u2013 Ihr Leitfaden zur Datendominanz\",\"isPartOf\":{\"@id\":\"https:\/\/exceladvisor.org\/de\/#website\"},\"datePublished\":\"2023-11-25T01:04:18+00:00\",\"dateModified\":\"2023-12-13T11:36:37+00:00\",\"description\":\"Excel Advisor hilft Tausenden von Benutzern jeden Monat dabei, Excel zu erlernen, indem er einige der n\u00fctzlichsten Tipps und Tricks verwendet.\",\"inLanguage\":\"de\",\"potentialAction\":[{\"@type\":\"ReadAction\",\"target\":[\"https:\/\/exceladvisor.org\/de\/\"]}]},{\"@type\":\"WebSite\",\"@id\":\"https:\/\/exceladvisor.org\/de\/#website\",\"url\":\"https:\/\/exceladvisor.org\/de\/\",\"name\":\"Excel Advisor\",\"description\":\"Ihr Leitfaden zur Datendominanz\",\"publisher\":{\"@id\":\"https:\/\/exceladvisor.org\/de\/#organization\"},\"potentialAction\":[{\"@type\":\"SearchAction\",\"target\":{\"@type\":\"EntryPoint\",\"urlTemplate\":\"https:\/\/exceladvisor.org\/de\/?s={search_term_string}\"},\"query-input\":{\"@type\":\"PropertyValueSpecification\",\"valueRequired\":true,\"valueName\":\"search_term_string\"}}],\"inLanguage\":\"de\"},{\"@type\":\"Organization\",\"@id\":\"https:\/\/exceladvisor.org\/de\/#organization\",\"name\":\"Excel Advisor\",\"url\":\"https:\/\/exceladvisor.org\/de\/\",\"logo\":{\"@type\":\"ImageObject\",\"inLanguage\":\"de\",\"@id\":\"https:\/\/exceladvisor.org\/de\/#\/schema\/logo\/image\/\",\"url\":\"https:\/\/exceladvisor.org\/de\/wp-content\/uploads\/2023\/11\/exceladvisor.org_.png\",\"contentUrl\":\"https:\/\/exceladvisor.org\/de\/wp-content\/uploads\/2023\/11\/exceladvisor.org_.png\",\"width\":105,\"height\":36,\"caption\":\"Excel Advisor\"},\"image\":{\"@id\":\"https:\/\/exceladvisor.org\/de\/#\/schema\/logo\/image\/\"}}]}<\/script>\n<!-- \/ Yoast SEO plugin. -->","yoast_head_json":{"title":"Excel Advisor \u2013 Ihr Leitfaden zur Datendominanz","description":"Excel Advisor hilft Tausenden von Benutzern jeden Monat dabei, Excel zu erlernen, indem er einige der n\u00fctzlichsten Tipps und Tricks verwendet.","robots":{"index":"index","follow":"follow","max-snippet":"max-snippet:-1","max-image-preview":"max-image-preview:large","max-video-preview":"max-video-preview:-1"},"canonical":"https:\/\/exceladvisor.org\/de\/","og_locale":"de_DE","og_type":"article","og_title":"Excel Advisor \u2013 Ihr Leitfaden zur Datendominanz","og_description":"Excel Advisor hilft Tausenden von Benutzern jeden Monat dabei, Excel zu erlernen, indem er einige der n\u00fctzlichsten Tipps und Tricks verwendet.","og_url":"https:\/\/exceladvisor.org\/de\/","og_site_name":"Excel Advisor","article_modified_time":"2023-12-13T11:36:37+00:00","twitter_card":"summary_large_image","twitter_misc":{"Gesch\u00e4tzte Lesezeit":"3\u00a0Minuten"},"schema":{"@context":"https:\/\/schema.org","@graph":[{"@type":"WebPage","@id":"https:\/\/exceladvisor.org\/de\/","url":"https:\/\/exceladvisor.org\/de\/","name":"Excel Advisor \u2013 Ihr Leitfaden zur Datendominanz","isPartOf":{"@id":"https:\/\/exceladvisor.org\/de\/#website"},"datePublished":"2023-11-25T01:04:18+00:00","dateModified":"2023-12-13T11:36:37+00:00","description":"Excel Advisor hilft Tausenden von Benutzern jeden Monat dabei, Excel zu erlernen, indem er einige der n\u00fctzlichsten Tipps und Tricks verwendet.","inLanguage":"de","potentialAction":[{"@type":"ReadAction","target":["https:\/\/exceladvisor.org\/de\/"]}]},{"@type":"WebSite","@id":"https:\/\/exceladvisor.org\/de\/#website","url":"https:\/\/exceladvisor.org\/de\/","name":"Excel Advisor","description":"Ihr Leitfaden zur Datendominanz","publisher":{"@id":"https:\/\/exceladvisor.org\/de\/#organization"},"potentialAction":[{"@type":"SearchAction","target":{"@type":"EntryPoint","urlTemplate":"https:\/\/exceladvisor.org\/de\/?s={search_term_string}"},"query-input":{"@type":"PropertyValueSpecification","valueRequired":true,"valueName":"search_term_string"}}],"inLanguage":"de"},{"@type":"Organization","@id":"https:\/\/exceladvisor.org\/de\/#organization","name":"Excel Advisor","url":"https:\/\/exceladvisor.org\/de\/","logo":{"@type":"ImageObject","inLanguage":"de","@id":"https:\/\/exceladvisor.org\/de\/#\/schema\/logo\/image\/","url":"https:\/\/exceladvisor.org\/de\/wp-content\/uploads\/2023\/11\/exceladvisor.org_.png","contentUrl":"https:\/\/exceladvisor.org\/de\/wp-content\/uploads\/2023\/11\/exceladvisor.org_.png","width":105,"height":36,"caption":"Excel Advisor"},"image":{"@id":"https:\/\/exceladvisor.org\/de\/#\/schema\/logo\/image\/"}}]}},"yoast_meta":{"yoast_wpseo_title":"","yoast_wpseo_metadesc":"","yoast_wpseo_canonical":""},"_links":{"self":[{"href":"https:\/\/exceladvisor.org\/de\/wp-json\/wp\/v2\/pages\/2975","targetHints":{"allow":["GET"]}}],"collection":[{"href":"https:\/\/exceladvisor.org\/de\/wp-json\/wp\/v2\/pages"}],"about":[{"href":"https:\/\/exceladvisor.org\/de\/wp-json\/wp\/v2\/types\/page"}],"author":[{"embeddable":true,"href":"https:\/\/exceladvisor.org\/de\/wp-json\/wp\/v2\/users\/1"}],"replies":[{"embeddable":true,"href":"https:\/\/exceladvisor.org\/de\/wp-json\/wp\/v2\/comments?post=2975"}],"version-history":[{"count":2,"href":"https:\/\/exceladvisor.org\/de\/wp-json\/wp\/v2\/pages\/2975\/revisions"}],"predecessor-version":[{"id":4456,"href":"https:\/\/exceladvisor.org\/de\/wp-json\/wp\/v2\/pages\/2975\/revisions\/4456"}],"wp:attachment":[{"href":"https:\/\/exceladvisor.org\/de\/wp-json\/wp\/v2\/media?parent=2975"}],"curies":[{"name":"wp","href":"https:\/\/api.w.org\/{rel}","templated":true}]}}