{"id":2978,"date":"2023-11-22T08:15:52","date_gmt":"2023-11-22T08:15:52","guid":{"rendered":"https:\/\/exceladvisor.org\/de\/excel-diagramme\/"},"modified":"2023-12-03T11:12:01","modified_gmt":"2023-12-03T11:12:01","slug":"excel-diagramme","status":"publish","type":"page","link":"https:\/\/exceladvisor.org\/de\/excel-diagramme\/","title":{"rendered":"Arten von diagrammen in excel"},"content":{"rendered":"<div class=\"excel-vor-dem-inhalt\" id=\"excel-3755809770\"><script type=\"text\/javascript\">\r\n\tatOptions = {\r\n\t\t'key' : 'c1158f160081d6540a8409e6925dab94',\r\n\t\t'format' : 'iframe',\r\n\t\t'height' : 250,\r\n\t\t'width' : 300,\r\n\t\t'params' : {}\r\n\t};\r\n<\/script>\r\n<script type=\"text\/javascript\" src=\"\/\/www.highperformanceformat.com\/c1158f160081d6540a8409e6925dab94\/invoke.js\"><\/script><\/div> <p>Microsoft Excel bietet eine Vielzahl von Diagrammtypen, mit denen Sie Ihre Daten visuell darstellen k\u00f6nnen. Hier sind einige der h\u00e4ufigsten Diagrammtypen, die in Excel verf\u00fcgbar sind:<\/p><h2> Art von Excel-Diagrammen <\/h2><p><img loading=\"lazy\" decoding=\"async\" class=\"alignnone size-full wp-image-13432\" src=\"https:\/\/exceladvisor.org\/wp-content\/uploads\/2023\/11\/Type-de-graphiques-Excel.jpg\" alt=\"Art von Excel-Diagrammen\" width=\"2050\" height=\"1177\" srcset=\"https:\/\/exceladvisor.org\/wp-content\/uploads\/2023\/11\/Type-de-graphiques-Excel.jpg 2050w, https:\/\/exceladvisor.org\/wp-content\/uploads\/2023\/11\/Type-de-graphiques-Excel-300x172.jpg 300w, https:\/\/exceladvisor.org\/wp-content\/uploads\/2023\/11\/Type-de-graphiques-Excel-1024x588.jpg 1024w, https:\/\/exceladvisor.org\/wp-content\/uploads\/2023\/11\/Type-de-graphiques-Excel-768x441.jpg 768w, https:\/\/exceladvisor.org\/wp-content\/uploads\/2023\/11\/Type-de-graphiques-Excel-1536x882.jpg 1536w, https:\/\/exceladvisor.org\/wp-content\/uploads\/2023\/11\/Type-de-graphiques-Excel-2048x1176.jpg 2048w\" sizes=\"auto, (max-width: 2050px) 100vw, 2050px\"><\/p><h3> S\u00e4ulendiagramm:<\/h3><ul><li> Zeigt Daten in vertikalen Spalten an. Geeignet zum Vergleichen von Werten aus verschiedenen Kategorien.<\/li><\/ul><h3> Balkendiagramm:<\/h3><ul><li> \u00c4hnlich einem Histogramm, zeigt Daten jedoch in horizontalen Balken an.<\/li><li> N\u00fctzlich zum Vergleichen von Werten aus verschiedenen Kategorien.<\/li><\/ul><h3> Online-Chart:<\/h3><ul><li> Stellt Datenpunkte mit Linien dar und eignet sich zur Darstellung von Trends \u00fcber einen bestimmten Zeitraum.<\/li><li> Wird h\u00e4ufig f\u00fcr Zeitreihendaten verwendet.<\/li><\/ul><h3> Kreisdiagramm:<\/h3><ul><li> Zeigt Daten als Abschnitte eines Kreisdiagramms an.<\/li><li> Geeignet, um das Verh\u00e4ltnis von Teilen zu einem Ganzen darzustellen.<\/li><\/ul><h3> Donut-Tisch:<\/h3><ul><li> \u00c4hnlich einem Kreisdiagramm, jedoch mit einem Loch in der Mitte.<\/li><li> N\u00fctzlich f\u00fcr den Vergleich von Anteilen \u00fcber mehrere Datenreihen hinweg.<\/li><\/ul><h3> Fl\u00e4chendiagramm:<\/h3><ul><li> \u00c4hnlich einem Liniendiagramm, f\u00fcllt jedoch den Bereich unterhalb der Linie aus.<\/li><li> N\u00fctzlich, um die laufende Summe einer Menge im Zeitverlauf anzuzeigen.<\/li><\/ul><h3> Eine Wolke aus Punkten:<\/h3><ul><li> Zeigt einzelne Datenpunkte in einem zweidimensionalen Diagramm an.<\/li><li> N\u00fctzlich, um Beziehungen zwischen zwei Variablen anzuzeigen.<\/li><\/ul><h3> Blasendiagramm:<\/h3><ul><li> \u00c4hnlich einem Streudiagramm, enth\u00e4lt jedoch eine dritte Dimension, dargestellt durch die Gr\u00f6\u00dfe der Blasen.<\/li><li> N\u00fctzlich f\u00fcr die Visualisierung von drei Datens\u00e4tzen.<\/li><\/ul><h3> Radarkarte:<\/h3><ul><li> Zeigt Datenpunkte in einem kreisf\u00f6rmigen Raster an.<\/li><li> N\u00fctzlich zum Vergleich mehrerer Datens\u00e4tze in verschiedenen Kategorien.<\/li><\/ul><h3> Aktienchart:<\/h3><ul><li> Speziell entwickelt, um B\u00f6rsendaten anzuzeigen und H\u00f6chst-, Tiefst-, Er\u00f6ffnungs- und Schlusskurse im Zeitverlauf anzuzeigen.<\/li><\/ul><h3> Fl\u00e4chendiagramm:<\/h3><ul><li> Stellt Daten in einem dreidimensionalen Format dar und eignet sich zur Visualisierung von Beziehungen zwischen drei Datens\u00e4tzen.<\/li><\/ul><h3> Kombiniertes Diagramm:<\/h3><ul><li> Erm\u00f6glicht Ihnen, verschiedene Diagrammtypen im selben Diagramm zu kombinieren.<\/li><\/ul><h3> Histogramm:<\/h3><ul><li> Stellt die Verteilung von Daten in einem Satz dar.<\/li><li> N\u00fctzlich zum Anzeigen der H\u00e4ufigkeit von Daten in vordefinierten Bereichen.<\/li><\/ul><h3> Gantt-Diagramm:<\/h3><ul><li> Zeigt eine Projektzeitleiste an, die Aufgaben und ihre Abh\u00e4ngigkeiten im Zeitverlauf zeigt.<\/li><\/ul><h3> Wasserfalldiagramm:<\/h3><ul><li> Veranschaulicht, wie ein Anfangswert durch eine Reihe positiver oder negativer Zwischenwerte beeinflusst wird.<\/li><\/ul><p> Um ein Diagramm in Excel zu erstellen, w\u00e4hlen Sie Ihre Daten aus, gehen Sie zur Registerkarte \u201eEinf\u00fcgen\u201c und w\u00e4hlen Sie den Diagrammtyp aus, der Ihren Anforderungen am besten entspricht. Excel erstellt dann ein Diagramm basierend auf Ihren Daten.<\/p><h2> Illustrative Excel-Diagrammhandb\u00fccher<\/h2><ul><li> <a style=\"outline: none;\" href=\"https:\/\/exceladvisor.org\/de\/waffelgrafik\/\">Erstellen Sie ein WAFFELDIAGRAMM in Excel<\/a><\/li><li> <a style=\"outline: none;\" href=\"https:\/\/exceladvisor.org\/de\/diagrammformat-kopieren\/\">Diagrammformat kopieren<\/a><\/li><li> <a style=\"outline: none;\" href=\"https:\/\/exceladvisor.org\/de\/trichterdiagramm\/\">Trichterdiagramm in Excel<\/a><\/li><li> <a style=\"outline: none;\" href=\"https:\/\/exceladvisor.org\/de\/gantt-diagramm\/\">Gantt-Diagramm in Excel<\/a><\/li><li> <a style=\"outline: none;\" href=\"https:\/\/exceladvisor.org\/de\/fugen-sie-eine-horizontale-linie-hinzu\/\">Horizontale Linie in einem Diagramm in Excel<\/a><\/li><li> <a style=\"outline: none;\" href=\"https:\/\/exceladvisor.org\/de\/fugen-sie-eine-vertikale-linie-hinzu\/\">Vertikale Linie in einem Diagramm in Excel<\/a><\/li><li> <a style=\"outline: none;\" href=\"https:\/\/exceladvisor.org\/de\/schwarzes-brett\/\">Bullet-Diagramm in Excel<\/a><\/li><li> <a style=\"outline: none;\" href=\"https:\/\/exceladvisor.org\/de\/dynamischer-diagrammbereich\/\">Dynamischer Diagrammbereich in Excel<\/a><\/li><li> <a style=\"outline: none;\" href=\"https:\/\/exceladvisor.org\/de\/dynamischer-diagrammtitel\/\">Dynamischer Diagrammtitel in Excel<\/a><\/li><li> <a style=\"outline: none;\" href=\"https:\/\/exceladvisor.org\/de\/warmekarte\/\">Heatmap in Excel<\/a><\/li><li> <a style=\"outline: none;\" href=\"https:\/\/exceladvisor.org\/de\/meilensteindiagramm\/\">Schritttabelle in Excel<\/a><\/li><li> <a style=\"outline: none;\" href=\"https:\/\/exceladvisor.org\/de\/pyramidendiagramm\/\">Bev\u00f6lkerungspyramidendiagramm in Excel<\/a><\/li><li> <a style=\"outline: none;\" href=\"https:\/\/exceladvisor.org\/de\/tabelle-der-schritte\/\">Schritttabelle in Excel<\/a><\/li><\/ul><ul><li> <a style=\"outline: none;\" href=\"https:\/\/exceladvisor.org\/de\/tornado-diagramm\/\">Tornado-Diagramm in Excel<\/a><\/li><li> <a style=\"outline: none;\" href=\"https:\/\/exceladvisor.org\/de\/interaktive-grafiken\/\">Interaktive Diagramme in Excel<\/a><\/li><li> <a style=\"outline: none;\" href=\"https:\/\/exceladvisor.org\/de\/personendiagramm\/\">Personendiagramm in Excel<\/a><\/li><li> <a style=\"outline: none;\" href=\"https:\/\/exceladvisor.org\/de\/erweiterte-grafik\/\">Erweiterte Excel-Diagramme<\/a><\/li><li> <a style=\"outline: none;\" href=\"https:\/\/exceladvisor.org\/de\/sekundarachse\/\" data-wpil=\"url\">F\u00fcgen Sie einem Diagramm in Excel eine sekund\u00e4re Achse hinzu<\/a><\/li><li> <a style=\"outline: none;\" href=\"https:\/\/exceladvisor.org\/de\/histogramm\/\">Histogramm in Excel<\/a><\/li><li> <a style=\"outline: none;\" href=\"https:\/\/exceladvisor.org\/de\/piktogramm\/\">Piktogramm in Excel<\/a><\/li><li> <a style=\"outline: none;\" href=\"https:\/\/exceladvisor.org\/de\/tachometer\/\" data-wpil=\"url\">TACHOMETER-Diagramm in Excel<\/a><\/li><li> <a style=\"outline: none;\" href=\"https:\/\/exceladvisor.org\/de\/thermometertabelle\/\">Thermometertabelle in Excel<\/a><\/li><li> <a href=\"https:\/\/exceladvisor.org\/de\/pivot-tabelle-2\/\">Pivot-Tabelle in Excel<\/a><\/li><\/ul>","protected":false},"excerpt":{"rendered":"","protected":false},"author":1,"featured_media":0,"parent":0,"menu_order":0,"comment_status":"open","ping_status":"closed","template":"","meta":{"ub_ctt_via":"","footnotes":""},"class_list":["post-2978","page","type-page","status-publish","hentry"],"featured_image_src":null,"yoast_head":"<!-- This site is optimized with the Yoast SEO plugin v25.4 - https:\/\/yoast.com\/wordpress\/plugins\/seo\/ -->\n<title>\u25b7 Arten von Diagrammen in Excel (vollst\u00e4ndiger Leitfaden 2023)<\/title>\n<meta name=\"description\" content=\"Microsoft Excel bietet eine Vielzahl von Diagrammtypen, mit denen Sie Ihre Daten visuell darstellen k\u00f6nnen.\" \/>\n<meta name=\"robots\" content=\"index, follow, max-snippet:-1, max-image-preview:large, max-video-preview:-1\" \/>\n<link rel=\"canonical\" href=\"https:\/\/exceladvisor.org\/de\/excel-diagramme\/\" \/>\n<meta property=\"og:locale\" content=\"de_DE\" \/>\n<meta property=\"og:type\" content=\"article\" \/>\n<meta property=\"og:title\" content=\"\u25b7 Arten von Diagrammen in Excel (vollst\u00e4ndiger Leitfaden 2023)\" \/>\n<meta property=\"og:description\" content=\"Microsoft Excel bietet eine Vielzahl von Diagrammtypen, mit denen Sie Ihre Daten visuell darstellen k\u00f6nnen.\" \/>\n<meta property=\"og:url\" content=\"https:\/\/exceladvisor.org\/de\/excel-diagramme\/\" \/>\n<meta property=\"og:site_name\" content=\"Excel Advisor\" \/>\n<meta property=\"article:modified_time\" content=\"2023-12-03T11:12:01+00:00\" \/>\n<meta property=\"og:image\" content=\"https:\/\/exceladvisor.org\/wp-content\/uploads\/2023\/11\/Type-de-graphiques-Excel.jpg\" \/>\n<meta name=\"twitter:card\" content=\"summary_large_image\" \/>\n<meta name=\"twitter:label1\" content=\"Gesch\u00e4tzte Lesezeit\" \/>\n\t<meta name=\"twitter:data1\" content=\"2\u00a0Minuten\" \/>\n<script type=\"application\/ld+json\" class=\"yoast-schema-graph\">{\"@context\":\"https:\/\/schema.org\",\"@graph\":[{\"@type\":\"WebPage\",\"@id\":\"https:\/\/exceladvisor.org\/de\/excel-diagramme\/\",\"url\":\"https:\/\/exceladvisor.org\/de\/excel-diagramme\/\",\"name\":\"\u25b7 Arten von Diagrammen in Excel (vollst\u00e4ndiger Leitfaden 2023)\",\"isPartOf\":{\"@id\":\"https:\/\/exceladvisor.org\/de\/#website\"},\"primaryImageOfPage\":{\"@id\":\"https:\/\/exceladvisor.org\/de\/excel-diagramme\/#primaryimage\"},\"image\":{\"@id\":\"https:\/\/exceladvisor.org\/de\/excel-diagramme\/#primaryimage\"},\"thumbnailUrl\":\"https:\/\/exceladvisor.org\/wp-content\/uploads\/2023\/11\/Type-de-graphiques-Excel.jpg\",\"datePublished\":\"2023-11-22T08:15:52+00:00\",\"dateModified\":\"2023-12-03T11:12:01+00:00\",\"description\":\"Microsoft Excel bietet eine Vielzahl von Diagrammtypen, mit denen Sie Ihre Daten visuell darstellen k\u00f6nnen.\",\"breadcrumb\":{\"@id\":\"https:\/\/exceladvisor.org\/de\/excel-diagramme\/#breadcrumb\"},\"inLanguage\":\"de\",\"potentialAction\":[{\"@type\":\"ReadAction\",\"target\":[\"https:\/\/exceladvisor.org\/de\/excel-diagramme\/\"]}]},{\"@type\":\"ImageObject\",\"inLanguage\":\"de\",\"@id\":\"https:\/\/exceladvisor.org\/de\/excel-diagramme\/#primaryimage\",\"url\":\"https:\/\/exceladvisor.org\/wp-content\/uploads\/2023\/11\/Type-de-graphiques-Excel.jpg\",\"contentUrl\":\"https:\/\/exceladvisor.org\/wp-content\/uploads\/2023\/11\/Type-de-graphiques-Excel.jpg\"},{\"@type\":\"BreadcrumbList\",\"@id\":\"https:\/\/exceladvisor.org\/de\/excel-diagramme\/#breadcrumb\",\"itemListElement\":[{\"@type\":\"ListItem\",\"position\":1,\"name\":\"Accueil\",\"item\":\"https:\/\/exceladvisor.org\/de\/\"},{\"@type\":\"ListItem\",\"position\":2,\"name\":\"Arten von diagrammen in excel\"}]},{\"@type\":\"WebSite\",\"@id\":\"https:\/\/exceladvisor.org\/de\/#website\",\"url\":\"https:\/\/exceladvisor.org\/de\/\",\"name\":\"Excel Advisor\",\"description\":\"Ihr Leitfaden zur Datendominanz\",\"publisher\":{\"@id\":\"https:\/\/exceladvisor.org\/de\/#organization\"},\"potentialAction\":[{\"@type\":\"SearchAction\",\"target\":{\"@type\":\"EntryPoint\",\"urlTemplate\":\"https:\/\/exceladvisor.org\/de\/?s={search_term_string}\"},\"query-input\":{\"@type\":\"PropertyValueSpecification\",\"valueRequired\":true,\"valueName\":\"search_term_string\"}}],\"inLanguage\":\"de\"},{\"@type\":\"Organization\",\"@id\":\"https:\/\/exceladvisor.org\/de\/#organization\",\"name\":\"Excel Advisor\",\"url\":\"https:\/\/exceladvisor.org\/de\/\",\"logo\":{\"@type\":\"ImageObject\",\"inLanguage\":\"de\",\"@id\":\"https:\/\/exceladvisor.org\/de\/#\/schema\/logo\/image\/\",\"url\":\"https:\/\/exceladvisor.org\/de\/wp-content\/uploads\/2023\/11\/exceladvisor.org_.png\",\"contentUrl\":\"https:\/\/exceladvisor.org\/de\/wp-content\/uploads\/2023\/11\/exceladvisor.org_.png\",\"width\":105,\"height\":36,\"caption\":\"Excel Advisor\"},\"image\":{\"@id\":\"https:\/\/exceladvisor.org\/de\/#\/schema\/logo\/image\/\"}}]}<\/script>\n<!-- \/ Yoast SEO plugin. -->","yoast_head_json":{"title":"\u25b7 Arten von Diagrammen in Excel (vollst\u00e4ndiger Leitfaden 2023)","description":"Microsoft Excel bietet eine Vielzahl von Diagrammtypen, mit denen Sie Ihre Daten visuell darstellen k\u00f6nnen.","robots":{"index":"index","follow":"follow","max-snippet":"max-snippet:-1","max-image-preview":"max-image-preview:large","max-video-preview":"max-video-preview:-1"},"canonical":"https:\/\/exceladvisor.org\/de\/excel-diagramme\/","og_locale":"de_DE","og_type":"article","og_title":"\u25b7 Arten von Diagrammen in Excel (vollst\u00e4ndiger Leitfaden 2023)","og_description":"Microsoft Excel bietet eine Vielzahl von Diagrammtypen, mit denen Sie Ihre Daten visuell darstellen k\u00f6nnen.","og_url":"https:\/\/exceladvisor.org\/de\/excel-diagramme\/","og_site_name":"Excel Advisor","article_modified_time":"2023-12-03T11:12:01+00:00","og_image":[{"url":"https:\/\/exceladvisor.org\/wp-content\/uploads\/2023\/11\/Type-de-graphiques-Excel.jpg","type":"","width":"","height":""}],"twitter_card":"summary_large_image","twitter_misc":{"Gesch\u00e4tzte Lesezeit":"2\u00a0Minuten"},"schema":{"@context":"https:\/\/schema.org","@graph":[{"@type":"WebPage","@id":"https:\/\/exceladvisor.org\/de\/excel-diagramme\/","url":"https:\/\/exceladvisor.org\/de\/excel-diagramme\/","name":"\u25b7 Arten von Diagrammen in Excel (vollst\u00e4ndiger Leitfaden 2023)","isPartOf":{"@id":"https:\/\/exceladvisor.org\/de\/#website"},"primaryImageOfPage":{"@id":"https:\/\/exceladvisor.org\/de\/excel-diagramme\/#primaryimage"},"image":{"@id":"https:\/\/exceladvisor.org\/de\/excel-diagramme\/#primaryimage"},"thumbnailUrl":"https:\/\/exceladvisor.org\/wp-content\/uploads\/2023\/11\/Type-de-graphiques-Excel.jpg","datePublished":"2023-11-22T08:15:52+00:00","dateModified":"2023-12-03T11:12:01+00:00","description":"Microsoft Excel bietet eine Vielzahl von Diagrammtypen, mit denen Sie Ihre Daten visuell darstellen k\u00f6nnen.","breadcrumb":{"@id":"https:\/\/exceladvisor.org\/de\/excel-diagramme\/#breadcrumb"},"inLanguage":"de","potentialAction":[{"@type":"ReadAction","target":["https:\/\/exceladvisor.org\/de\/excel-diagramme\/"]}]},{"@type":"ImageObject","inLanguage":"de","@id":"https:\/\/exceladvisor.org\/de\/excel-diagramme\/#primaryimage","url":"https:\/\/exceladvisor.org\/wp-content\/uploads\/2023\/11\/Type-de-graphiques-Excel.jpg","contentUrl":"https:\/\/exceladvisor.org\/wp-content\/uploads\/2023\/11\/Type-de-graphiques-Excel.jpg"},{"@type":"BreadcrumbList","@id":"https:\/\/exceladvisor.org\/de\/excel-diagramme\/#breadcrumb","itemListElement":[{"@type":"ListItem","position":1,"name":"Accueil","item":"https:\/\/exceladvisor.org\/de\/"},{"@type":"ListItem","position":2,"name":"Arten von diagrammen in excel"}]},{"@type":"WebSite","@id":"https:\/\/exceladvisor.org\/de\/#website","url":"https:\/\/exceladvisor.org\/de\/","name":"Excel Advisor","description":"Ihr Leitfaden zur Datendominanz","publisher":{"@id":"https:\/\/exceladvisor.org\/de\/#organization"},"potentialAction":[{"@type":"SearchAction","target":{"@type":"EntryPoint","urlTemplate":"https:\/\/exceladvisor.org\/de\/?s={search_term_string}"},"query-input":{"@type":"PropertyValueSpecification","valueRequired":true,"valueName":"search_term_string"}}],"inLanguage":"de"},{"@type":"Organization","@id":"https:\/\/exceladvisor.org\/de\/#organization","name":"Excel Advisor","url":"https:\/\/exceladvisor.org\/de\/","logo":{"@type":"ImageObject","inLanguage":"de","@id":"https:\/\/exceladvisor.org\/de\/#\/schema\/logo\/image\/","url":"https:\/\/exceladvisor.org\/de\/wp-content\/uploads\/2023\/11\/exceladvisor.org_.png","contentUrl":"https:\/\/exceladvisor.org\/de\/wp-content\/uploads\/2023\/11\/exceladvisor.org_.png","width":105,"height":36,"caption":"Excel Advisor"},"image":{"@id":"https:\/\/exceladvisor.org\/de\/#\/schema\/logo\/image\/"}}]}},"yoast_meta":{"yoast_wpseo_title":"","yoast_wpseo_metadesc":"","yoast_wpseo_canonical":""},"_links":{"self":[{"href":"https:\/\/exceladvisor.org\/de\/wp-json\/wp\/v2\/pages\/2978","targetHints":{"allow":["GET"]}}],"collection":[{"href":"https:\/\/exceladvisor.org\/de\/wp-json\/wp\/v2\/pages"}],"about":[{"href":"https:\/\/exceladvisor.org\/de\/wp-json\/wp\/v2\/types\/page"}],"author":[{"embeddable":true,"href":"https:\/\/exceladvisor.org\/de\/wp-json\/wp\/v2\/users\/1"}],"replies":[{"embeddable":true,"href":"https:\/\/exceladvisor.org\/de\/wp-json\/wp\/v2\/comments?post=2978"}],"version-history":[{"count":1,"href":"https:\/\/exceladvisor.org\/de\/wp-json\/wp\/v2\/pages\/2978\/revisions"}],"predecessor-version":[{"id":3724,"href":"https:\/\/exceladvisor.org\/de\/wp-json\/wp\/v2\/pages\/2978\/revisions\/3724"}],"wp:attachment":[{"href":"https:\/\/exceladvisor.org\/de\/wp-json\/wp\/v2\/media?parent=2978"}],"curies":[{"name":"wp","href":"https:\/\/api.w.org\/{rel}","templated":true}]}}