{"id":2979,"date":"2023-11-22T03:33:36","date_gmt":"2023-11-22T03:33:36","guid":{"rendered":"https:\/\/exceladvisor.org\/de\/vorteile-von-microsoft-excel\/"},"modified":"2023-12-03T11:12:10","modified_gmt":"2023-12-03T11:12:10","slug":"vorteile-von-microsoft-excel","status":"publish","type":"page","link":"https:\/\/exceladvisor.org\/de\/vorteile-von-microsoft-excel\/","title":{"rendered":"Die 10 wichtigsten vorteile von microsoft excel"},"content":{"rendered":"<div class=\"excel-vor-dem-inhalt\" id=\"excel-2547233140\"><script type=\"text\/javascript\">\r\n\tatOptions = {\r\n\t\t'key' : 'c1158f160081d6540a8409e6925dab94',\r\n\t\t'format' : 'iframe',\r\n\t\t'height' : 250,\r\n\t\t'width' : 300,\r\n\t\t'params' : {}\r\n\t};\r\n<\/script>\r\n<script type=\"text\/javascript\" src=\"\/\/www.highperformanceformat.com\/c1158f160081d6540a8409e6925dab94\/invoke.js\"><\/script><\/div> <p>Als wichtigstes Tabellenkalkulationsprogramm auf diesem Planeten bietet Microsoft Excel viele Vorteile f\u00fcr jeden, der sich damit auskennt.<\/p><p> Und wenn Sie zu den Menschen geh\u00f6ren <a href=\"https:\/\/exceladvisor.org\/de\/excel-grundlagen\/\">, die es lernen m\u00f6chten<\/a> und sich fragen, wie es Ihnen bei Ihrer Arbeit helfen kann, habe ich hier die zehn wichtigsten Vorteile von Microsoft Excel aufgelistet.<\/p><h2 class=\"wp-block-heading\"> 10 Vorteile von Microsoft Excel<\/h2><ol><li> Beste Art, Daten zu speichern<\/li><li> Sie k\u00f6nnen Berechnungen durchf\u00fchren<\/li><li> Alle Datenanalysetools<\/li><li> Einfache Datenvisualisierungen mit Diagrammen<\/li><li> Sie k\u00f6nnen Berichte ganz einfach ausdrucken<\/li><li> So viele kostenlose Vorlagen zur Verwendung<\/li><li> Sie k\u00f6nnen Automaten programmieren<\/li><li> Daten transformieren und bereinigen<\/li><li> Speichern Sie Daten mit Millionen von Zeilen<\/li><li> Sie k\u00f6nnen mit Excel online + mobilen Anwendungen arbeiten<\/li><\/ol><h3 class=\"wp-block-heading\"> 1. Der beste Weg, Daten zu speichern<\/h3><p> Auch wenn Sie keine der Optionen oder Tools verwenden, die Excel Ihnen bietet, ist dies die beste M\u00f6glichkeit, Daten zu speichern. Warum ich das sage, weil Excel eine Art Anwendung ist, die von Millionen von Menschen verwendet wird. <\/p><div class=\"wp-block-image\"><figure class=\"aligncenter size-large is-resized\"><img loading=\"lazy\" decoding=\"async\" class=\"wp-image-48570\" src=\"https:\/\/exceladvisor.org\/wp-content\/uploads\/2023\/08\/1-meilleure-facon-de-stocker-des-donnees.png\" sizes=\"auto, \" srcset=\"\" alt=\"Beste Art, Daten zu speichern\" width=\"579\" height=\"108\"><\/figure><\/div><p> Wenn Sie also Daten in Excel speichern und sie dann mit anderen teilen, k\u00f6nnen diese problemlos darauf zugreifen.<\/p><h3 class=\"wp-block-heading\"> 2. Sie k\u00f6nnen Berechnungen durchf\u00fchren<\/h3><p> Was Excel zur besten Tabellenkalkulation der Welt macht, ist seine F\u00e4higkeit, Berechnungen durchzuf\u00fchren. In Excel steht Ihnen eine umfangreiche Liste an Funktionen zur Verf\u00fcgung, die Sie f\u00fcr Berechnungen nutzen k\u00f6nnen. <\/p><div class=\"wp-block-image\"><figure class=\"aligncenter size-large is-resized\"><img loading=\"lazy\" decoding=\"async\" class=\"wp-image-48571\" src=\"https:\/\/exceladvisor.org\/wp-content\/uploads\/2023\/08\/2-effectuer-des-calculs.png\" sizes=\"auto, \" srcset=\"\" alt=\"Berechnungen durchf\u00fchren\" width=\"569\" height=\"141\"><\/figure><\/div><p> Im Grunde handelt es sich bei einer Excel-Funktion um eine vordefinierte Formel, die basierend auf den von Ihnen angegebenen Werten ein bestimmtes Ergebnis zur\u00fcckgibt.<\/p><p> Dar\u00fcber hinaus k\u00f6nnen Sie aber auch eigene Formeln erstellen, indem Sie zwei oder mehr Funktionen kombinieren oder einfach Berechnungen mithilfe von Operatoren durchf\u00fchren.<\/p><ul><li> <a href=\"https:\/\/exceladvisor.org\/de\/formeln\/\">Liste mit \u00fcber 100 Excel-Formeln<\/a><\/li><li> <a href=\"https:\/\/exceladvisor.org\/de\/excel-funktionen\/\">Liste mit \u00fcber 100 Excel-Funktionen<\/a><\/li><\/ul><p> <em><strong>Schnelle Formeln:<\/strong> <a href=\"https:\/\/exceladvisor.org\/de\/zeitunterschied-berechnen\/\">Zeitdifferenz berechnen<\/a> \u2013 <a href=\"https:\/\/exceladvisor.org\/de\/zinseszins\/\">Zinseszins<\/a> \u2013 <a href=\"https:\/\/exceladvisor.org\/de\/zellen-mit-text-zahlen\/\">Zellen mit Text z\u00e4hlen<\/a> \u2013 <a href=\"https:\/\/exceladvisor.org\/de\/eindeutige-werte-zahlen-1\/\">Eindeutige Werte z\u00e4hlen<\/a> \u2013 <a href=\"https:\/\/exceladvisor.org\/de\/quartal\/\">Viertelformel<\/a><\/em><\/p><h3 class=\"wp-block-heading\"> 3. Alle Datenanalysetools<\/h3><p> Der Hauptgrund f\u00fcr den Besitz von Daten besteht darin, sie zu analysieren und daraus zu lernen. Die gute Nachricht ist, dass Excel \u00fcber einige der leistungsst\u00e4rksten Tools zur Datenanalyse verf\u00fcgt.<\/p><p> Stellen Sie sich vor, Sie haben Daten mit Tausenden von Zeilen. Sie k\u00f6nnen aus diesen Daten eine Pivot-Tabelle einf\u00fcgen und eine \u00dcbersichtstabelle erstellen. <\/p><div class=\"wp-block-image\"><figure class=\"aligncenter size-large is-resized\"><img loading=\"lazy\" decoding=\"async\" class=\"wp-image-48572\" src=\"https:\/\/exceladvisor.org\/wp-content\/uploads\/2023\/08\/3-analyses-ata.png\" sizes=\"auto, \" srcset=\"\" alt=\"Datenanalyse\" width=\"497\" height=\"270\"><\/figure><\/div><p> <em>Einige der Dinge, die Sie mit Pivot-Tabellen tun k\u00f6nnen, um Daten zu analysieren: <a href=\"https:\/\/exceladvisor.org\/de\/gruppentermine\/\">Gruppieren von Datumsangaben in einer Pivot-Tabelle<\/a> \u2013 <a href=\"https:\/\/exceladvisor.org\/de\/wenden-sie-eine-bedingte-formatierung-an\/\">Bedingte Formatierung in einer Pivot-Tabelle<\/a> \u2013 <a href=\"https:\/\/exceladvisor.org\/de\/spalte-der-range\/\">Ranking-Spalte in einer Pivot-Tabelle<\/a> \u2013 <a href=\"https:\/\/exceladvisor.org\/de\/timeline-filter\/\">Hinzuf\u00fcgen einer Datumszeitleiste zu einer Pivot-Tabelle in einer Pivot-Tabelle<\/a> \u2013 <a href=\"https:\/\/exceladvisor.org\/de\/kumulative-gesamt\/\">Laufende Summenspalte in eine Pivot-Tabelle<\/a><\/em><\/p><h3 class=\"wp-block-heading\"> 4. Einfache Erstellung von Datenvisualisierungen mit Diagrammen<\/h3><p> In Excel haben Sie alle diese M\u00f6glichkeiten, Diagramme zu erstellen und Ihre Daten visuell darzustellen. Alle wichtigen Diagrammtypen, die Sie zur Darstellung Ihrer Daten ben\u00f6tigen, sind bereits vorhanden und k\u00f6nnen mit nur einem Klick eingef\u00fcgt werden.<\/p><p> Wenn Sie zur Registerkarte \u201eEinf\u00fcgen\u201c gehen, finden Sie in der Gruppe \u201eDiagramme\u201c alle Diagramme, die Sie einf\u00fcgen k\u00f6nnen. <\/p><div class=\"wp-block-image\"><figure class=\"aligncenter size-large is-resized\"><img loading=\"lazy\" decoding=\"async\" class=\"wp-image-48573\" src=\"https:\/\/exceladvisor.org\/wp-content\/uploads\/2023\/08\/4-graphiques-de-visualisation-de-donnees.png\" sizes=\"auto, \" srcset=\"\" alt=\"Datenvisualisierungsdiagramm\" width=\"531\" height=\"114\"><\/figure><\/div><p> Dar\u00fcber hinaus gibt es auch eine Schaltfl\u00e4che namens \u201eEmpfohlene Diagramme\u201c, mit der Sie Microsoft Excel das bestm\u00f6gliche Diagramm f\u00fcr die Daten in Ihrer Tabelle empfehlen lassen k\u00f6nnen. <\/p><div class=\"wp-block-image\"><figure class=\"aligncenter size-large is-resized\"><img loading=\"lazy\" decoding=\"async\" class=\"wp-image-48574\" src=\"https:\/\/exceladvisor.org\/wp-content\/uploads\/2023\/08\/5-insert-graphique.png\" sizes=\"auto, \" srcset=\"\" alt=\"Diagramm einf\u00fcgen\" width=\"551\" height=\"424\"><\/figure><\/div><p> Und wenn Sie der Meinung sind, dass Sie etwas anderes als die Standarddiagramme ben\u00f6tigen, haben Sie die M\u00f6glichkeit, erweiterte Diagramme mit bestimmten Methoden zu erstellen.<\/p><p> Hier haben wir eine Liste der <a href=\"https:\/\/exceladvisor.org\/de\/erweiterte-grafik\/\" target=\"_blank\" rel=\"noreferrer noopener\">10 besten erweiterten Excel-Diagramme<\/a> , die Sie in Excel verwenden k\u00f6nnen. Und Sie k\u00f6nnen in den Zellen auch Diagramme erstellen, um Ihre Daten f\u00fcr alle leicht verst\u00e4ndlich zu machen.<\/p><h3 class=\"wp-block-heading\"> 5. Sie k\u00f6nnen Berichte ganz einfach ausdrucken<\/h3><p> Auch wenn Sie gerne B\u00e4ume retten, m\u00fcssen Sie m\u00f6glicherweise Berichte ausdrucken, um sie mit anderen zu teilen oder sie jemandem zu zeigen.<\/p><p> Nun, Excel erm\u00f6glicht Ihnen das Drucken mit zahlreichen Anpassungsm\u00f6glichkeiten, bei denen Sie den Rand, die Papiergr\u00f6\u00dfe, die Ausrichtung usw. \u00e4ndern k\u00f6nnen. <\/p><div class=\"wp-block-image\"><figure class=\"aligncenter size-large is-resized\"><img loading=\"lazy\" decoding=\"async\" class=\"wp-image-48575\" src=\"https:\/\/exceladvisor.org\/wp-content\/uploads\/2023\/08\/6-impression-facile.png\" sizes=\"auto, \" srcset=\"\" alt=\"einfaches Drucken\" width=\"368\" height=\"134\"><\/figure><\/div><p> Es gibt eine ganze Reihe von Optionen, die Sie f\u00fcr das Layout nutzen k\u00f6nnen, bevor Sie einen Bericht drucken.<\/p><h3 class=\"wp-block-heading\"> 6. So viele kostenlose Vorlagen zur Verwendung<\/h3><p> Eines der beliebtesten Dinge an Excel ist, dass Sie Dashboards und Vorlagen erstellen k\u00f6nnen. <\/p><div class=\"wp-block-image\"><figure class=\"aligncenter size-large is-resized\"><img loading=\"lazy\" decoding=\"async\" class=\"wp-image-48576\" src=\"https:\/\/exceladvisor.org\/wp-content\/uploads\/2023\/08\/7-utiliser-des-modeles.png\" sizes=\"auto, \" srcset=\"\" alt=\"Verwenden Sie Vorlagen\" width=\"654\" height=\"302\"><\/figure><\/div><p> Es gibt eine ganze Reihe kostenloser Vorlagen, die Sie herunterladen und verwenden k\u00f6nnen. Kostenlose Excel-Vorlagen f\u00fcr den Einstieg<\/p><ul><li> <a href=\"https:\/\/exceladvisor.org\/de\/vorlage-fur-die-bestandsverwaltung-excel-vba-benutzerformulare\/\">Excel-Inventarvorlage mit Formeln<\/a><\/li><li> <a href=\"https:\/\/exceladvisor.org\/de\/verkaufsbericht\/\">Vertriebsmodell<\/a><\/li><li> <a href=\"https:\/\/exceladvisor.org\/de\/gantt-diagramm\/\">Kostenverfolgung<\/a><\/li><\/ul><h3 class=\"wp-block-heading\"> 7. Sie k\u00f6nnen Automaten programmieren<\/h3><p> Microsoft Office verf\u00fcgt \u00fcber eine eigene Programmiersprache namens VBA (Visual Basic f\u00fcr Anwendungen) und erm\u00f6glicht Ihnen das Schreiben von Code f\u00fcr fast jede Aktivit\u00e4t, die Sie manuell in Excel ausf\u00fchren. <\/p><div class=\"wp-block-image\"><figure class=\"aligncenter size-large is-resized\"><img loading=\"lazy\" decoding=\"async\" class=\"wp-image-48577\" src=\"https:\/\/exceladvisor.org\/wp-content\/uploads\/2023\/08\/8-codes-vba.png\" sizes=\"auto, \" srcset=\"\" alt=\"VBA-Code\" width=\"661\" height=\"357\"><\/figure><\/div><p> Mit VBA-Code k\u00f6nnen Sie alle Arten von Aktivit\u00e4ten automatisieren, von den einfachsten (Fettdruck) bis zu den komplexesten (Pivot-Tabelle einf\u00fcgen).<\/p><p> <strong>Beginnen Sie mit dem Erlernen von VBA<\/strong><\/p><ul><li> <a href=\"https:\/\/exceladvisor.org\/de\/vba\/\">Excel VBA-Tutorial (Kapitelweiser Leitfaden)<\/a><\/li><li> <a href=\"https:\/\/exceladvisor.org\/de\/wenn-2\/\">VBA IF<\/a><\/li><li> <a href=\"https:\/\/exceladvisor.org\/de\/vba-nachrichtenbox\/\">VBA-Meldungsfeld<\/a><\/li><li> <a href=\"https:\/\/exceladvisor.org\/de\/personliches-makro-notizbuch\/\">Pers\u00f6nliche Makros-Arbeitsmappe<\/a><\/li><li> <a href=\"https:\/\/exceladvisor.org\/de\/funktionen\/\">VBA-Funktionen<\/a><\/li><\/ul><p> Sobald Sie die Grundlagen von VBA erlernt haben, k\u00f6nnen Sie auch eine <a href=\"https:\/\/exceladvisor.org\/de\/benutzerdefinierte-funktion-2\/\">benutzerdefinierte Funktion<\/a> erstellen, indem Sie Code schreiben.<\/p><h3 class=\"wp-block-heading\"> 8. Daten transformieren und bereinigen<\/h3><p> Wenn Sie zu den Menschen geh\u00f6ren, die viel mit Daten arbeiten, oder jemanden kennen, der das tut, gibt es viele Situationen, in denen Sie mit unordentlichen Daten umgehen m\u00fcssen, die Sie vor der Verwendung bereinigen m\u00fcssen.<\/p><p> Der Prozess der Datenbereinigung und -transformation nimmt viel Zeit in Anspruch und kann ein langwieriger Prozess sein.<\/p><p> Zu diesem Zweck hat Microsoft Power Query eingef\u00fchrt, eine Datentransformations- und Bereinigungs-Engine. Sie k\u00f6nnen Daten aus mehreren Quellen laden, transformieren und dann erneut in die Tabelle laden. <\/p><div class=\"wp-block-image\"><figure class=\"aligncenter size-large is-resized\"><img loading=\"lazy\" decoding=\"async\" class=\"wp-image-48578\" src=\"https:\/\/exceladvisor.org\/wp-content\/uploads\/2023\/08\/9-transformer-des-donnees-propres.png\" sizes=\"auto, \" srcset=\"\" alt=\"saubere Datentransformation\" width=\"650\" height=\"352\"><\/figure><\/div><p> Was macht Power Query zu einem so leistungsstarken Tool? Schauen Sie sich diese <a href=\"https:\/\/exceladvisor.org\/de\/leistungsanforderung\/\">vollst\u00e4ndige POWER QUERY-Anleitung<\/a> an, um das zu verstehen.<\/p><h3 class=\"wp-block-heading\"> 9. Speichern Sie Daten mit Millionen von Zeilen<\/h3><p> Nun, es gibt keine Datenbeschr\u00e4nkung, aber Excel hat eine Beschr\u00e4nkung in Bezug auf Zeilen und Spalten. Aus diesem Grund hat Microsoft Power Pivot entwickelt, mit dem Sie Daten mit Millionen von Zeilen speichern und dann Berechnungen in Power Pivot durchf\u00fchren k\u00f6nnen. <\/p><div class=\"wp-block-image\"><figure class=\"aligncenter size-large is-resized\"><img loading=\"lazy\" decoding=\"async\" class=\"wp-image-48579\" src=\"https:\/\/exceladvisor.org\/wp-content\/uploads\/2023\/08\/10-stocker-des-donnees-avec-des-millions-de-lignes.png\" sizes=\"auto, \" srcset=\"\" alt=\"Daten mit Millionen von Zeilen speichern\" width=\"541\" height=\"357\"><\/figure><\/div><h3 class=\"wp-block-heading\"> 10. Sie k\u00f6nnen mit Excel online und der mobilen Anwendung arbeiten<\/h3><p> Heutzutage wechseln die meisten Unternehmen in die Cloud und Microsoft Excel verf\u00fcgt \u00fcber eine eigene Webversion. Es verf\u00fcgt \u00fcber viele Funktionen, wie Funktionen, Pivot-Tabellen und <a href=\"https:\/\/exceladvisor.org\/de\/pivot-tabelle-2\/\" data-wpil=\"url\">Pivot-Diagramme,<\/a> genau wie die Desktop-App. <\/p><div class=\"wp-block-image\"><figure class=\"aligncenter size-large is-resized\"><img loading=\"lazy\" decoding=\"async\" class=\"wp-image-48580\" src=\"https:\/\/exceladvisor.org\/wp-content\/uploads\/2023\/08\/11-application-mobile-en-ligne-Excel.png\" sizes=\"auto, \" srcset=\"\" alt=\"mobile-app-online-excel\" width=\"541\" height=\"310\"><\/figure><\/div><p> Und vor kurzem hat Microsoft seine All-in-One-Desktop-App auf den Markt gebracht, mit der Sie auch an Tabellenkalkulationen und auf Mobilger\u00e4ten arbeiten k\u00f6nnen. <\/p><div class=\"wp-block-image\"><figure class=\"aligncenter size-large is-resized\"><img loading=\"lazy\" decoding=\"async\" class=\"wp-image-48581\" src=\"https:\/\/exceladvisor.org\/wp-content\/uploads\/2023\/08\/12-applications-bureautiques-tout-en-un.png\" sizes=\"auto, \" srcset=\"\" alt=\"All-in-One-Desktop-App\" width=\"337\" height=\"257\"><\/figure><\/div><div class=\"gb-container gb-container-db066fb5\"><div class=\"gb-container gb-container-4db6181c gb-container-mt\"> <a class=\"gb-button gb-button-c5897111 gb-button-text gb-button-mt-button\" href=\"https:\/\/exceladvisor.org\/de\/blog\/\">Excel-Blog<\/a><\/div><\/div>","protected":false},"excerpt":{"rendered":"","protected":false},"author":1,"featured_media":0,"parent":0,"menu_order":0,"comment_status":"open","ping_status":"closed","template":"","meta":{"ub_ctt_via":"","footnotes":""},"class_list":["post-2979","page","type-page","status-publish","hentry"],"featured_image_src":null,"yoast_head":"<!-- This site is optimized with the Yoast SEO plugin v25.4 - https:\/\/yoast.com\/wordpress\/plugins\/seo\/ -->\n<title>Die 10 wichtigsten Vorteile von Microsoft Excel im Jahr 2023<\/title>\n<meta name=\"description\" content=\"Wenn Sie zu den Menschen geh\u00f6ren, die wir kennenlernen m\u00f6chten, und sich fragen, wie es Ihnen bei Ihrer Arbeit helfen kann\" \/>\n<meta name=\"robots\" content=\"index, follow, max-snippet:-1, max-image-preview:large, max-video-preview:-1\" \/>\n<link rel=\"canonical\" href=\"https:\/\/exceladvisor.org\/de\/vorteile-von-microsoft-excel\/\" \/>\n<meta property=\"og:locale\" content=\"de_DE\" \/>\n<meta property=\"og:type\" content=\"article\" \/>\n<meta property=\"og:title\" content=\"Die 10 wichtigsten Vorteile von Microsoft Excel im Jahr 2023\" \/>\n<meta property=\"og:description\" content=\"Wenn Sie zu den Menschen geh\u00f6ren, die wir kennenlernen m\u00f6chten, und sich fragen, wie es Ihnen bei Ihrer Arbeit helfen kann\" \/>\n<meta property=\"og:url\" content=\"https:\/\/exceladvisor.org\/de\/vorteile-von-microsoft-excel\/\" \/>\n<meta property=\"og:site_name\" content=\"Excel Advisor\" \/>\n<meta property=\"article:modified_time\" content=\"2023-12-03T11:12:10+00:00\" \/>\n<meta property=\"og:image\" content=\"https:\/\/exceladvisor.org\/wp-content\/uploads\/2023\/08\/1-meilleure-facon-de-stocker-des-donnees.png\" \/>\n<meta name=\"twitter:card\" content=\"summary_large_image\" \/>\n<meta name=\"twitter:label1\" content=\"Gesch\u00e4tzte Lesezeit\" \/>\n\t<meta name=\"twitter:data1\" content=\"5\u00a0Minuten\" \/>\n<script type=\"application\/ld+json\" class=\"yoast-schema-graph\">{\"@context\":\"https:\/\/schema.org\",\"@graph\":[{\"@type\":\"WebPage\",\"@id\":\"https:\/\/exceladvisor.org\/de\/vorteile-von-microsoft-excel\/\",\"url\":\"https:\/\/exceladvisor.org\/de\/vorteile-von-microsoft-excel\/\",\"name\":\"Die 10 wichtigsten Vorteile von Microsoft Excel im Jahr 2023\",\"isPartOf\":{\"@id\":\"https:\/\/exceladvisor.org\/de\/#website\"},\"primaryImageOfPage\":{\"@id\":\"https:\/\/exceladvisor.org\/de\/vorteile-von-microsoft-excel\/#primaryimage\"},\"image\":{\"@id\":\"https:\/\/exceladvisor.org\/de\/vorteile-von-microsoft-excel\/#primaryimage\"},\"thumbnailUrl\":\"https:\/\/exceladvisor.org\/wp-content\/uploads\/2023\/08\/1-meilleure-facon-de-stocker-des-donnees.png\",\"datePublished\":\"2023-11-22T03:33:36+00:00\",\"dateModified\":\"2023-12-03T11:12:10+00:00\",\"description\":\"Wenn Sie zu den Menschen geh\u00f6ren, die wir kennenlernen m\u00f6chten, und sich fragen, wie es Ihnen bei Ihrer Arbeit helfen kann\",\"breadcrumb\":{\"@id\":\"https:\/\/exceladvisor.org\/de\/vorteile-von-microsoft-excel\/#breadcrumb\"},\"inLanguage\":\"de\",\"potentialAction\":[{\"@type\":\"ReadAction\",\"target\":[\"https:\/\/exceladvisor.org\/de\/vorteile-von-microsoft-excel\/\"]}]},{\"@type\":\"ImageObject\",\"inLanguage\":\"de\",\"@id\":\"https:\/\/exceladvisor.org\/de\/vorteile-von-microsoft-excel\/#primaryimage\",\"url\":\"https:\/\/exceladvisor.org\/wp-content\/uploads\/2023\/08\/1-meilleure-facon-de-stocker-des-donnees.png\",\"contentUrl\":\"https:\/\/exceladvisor.org\/wp-content\/uploads\/2023\/08\/1-meilleure-facon-de-stocker-des-donnees.png\"},{\"@type\":\"BreadcrumbList\",\"@id\":\"https:\/\/exceladvisor.org\/de\/vorteile-von-microsoft-excel\/#breadcrumb\",\"itemListElement\":[{\"@type\":\"ListItem\",\"position\":1,\"name\":\"Accueil\",\"item\":\"https:\/\/exceladvisor.org\/de\/\"},{\"@type\":\"ListItem\",\"position\":2,\"name\":\"Die 10 wichtigsten vorteile von microsoft excel\"}]},{\"@type\":\"WebSite\",\"@id\":\"https:\/\/exceladvisor.org\/de\/#website\",\"url\":\"https:\/\/exceladvisor.org\/de\/\",\"name\":\"Excel Advisor\",\"description\":\"Ihr Leitfaden zur Datendominanz\",\"publisher\":{\"@id\":\"https:\/\/exceladvisor.org\/de\/#organization\"},\"potentialAction\":[{\"@type\":\"SearchAction\",\"target\":{\"@type\":\"EntryPoint\",\"urlTemplate\":\"https:\/\/exceladvisor.org\/de\/?s={search_term_string}\"},\"query-input\":{\"@type\":\"PropertyValueSpecification\",\"valueRequired\":true,\"valueName\":\"search_term_string\"}}],\"inLanguage\":\"de\"},{\"@type\":\"Organization\",\"@id\":\"https:\/\/exceladvisor.org\/de\/#organization\",\"name\":\"Excel Advisor\",\"url\":\"https:\/\/exceladvisor.org\/de\/\",\"logo\":{\"@type\":\"ImageObject\",\"inLanguage\":\"de\",\"@id\":\"https:\/\/exceladvisor.org\/de\/#\/schema\/logo\/image\/\",\"url\":\"https:\/\/exceladvisor.org\/de\/wp-content\/uploads\/2023\/11\/exceladvisor.org_.png\",\"contentUrl\":\"https:\/\/exceladvisor.org\/de\/wp-content\/uploads\/2023\/11\/exceladvisor.org_.png\",\"width\":105,\"height\":36,\"caption\":\"Excel Advisor\"},\"image\":{\"@id\":\"https:\/\/exceladvisor.org\/de\/#\/schema\/logo\/image\/\"}}]}<\/script>\n<!-- \/ Yoast SEO plugin. -->","yoast_head_json":{"title":"Die 10 wichtigsten Vorteile von Microsoft Excel im Jahr 2023","description":"Wenn Sie zu den Menschen geh\u00f6ren, die wir kennenlernen m\u00f6chten, und sich fragen, wie es Ihnen bei Ihrer Arbeit helfen kann","robots":{"index":"index","follow":"follow","max-snippet":"max-snippet:-1","max-image-preview":"max-image-preview:large","max-video-preview":"max-video-preview:-1"},"canonical":"https:\/\/exceladvisor.org\/de\/vorteile-von-microsoft-excel\/","og_locale":"de_DE","og_type":"article","og_title":"Die 10 wichtigsten Vorteile von Microsoft Excel im Jahr 2023","og_description":"Wenn Sie zu den Menschen geh\u00f6ren, die wir kennenlernen m\u00f6chten, und sich fragen, wie es Ihnen bei Ihrer Arbeit helfen kann","og_url":"https:\/\/exceladvisor.org\/de\/vorteile-von-microsoft-excel\/","og_site_name":"Excel Advisor","article_modified_time":"2023-12-03T11:12:10+00:00","og_image":[{"url":"https:\/\/exceladvisor.org\/wp-content\/uploads\/2023\/08\/1-meilleure-facon-de-stocker-des-donnees.png","type":"","width":"","height":""}],"twitter_card":"summary_large_image","twitter_misc":{"Gesch\u00e4tzte Lesezeit":"5\u00a0Minuten"},"schema":{"@context":"https:\/\/schema.org","@graph":[{"@type":"WebPage","@id":"https:\/\/exceladvisor.org\/de\/vorteile-von-microsoft-excel\/","url":"https:\/\/exceladvisor.org\/de\/vorteile-von-microsoft-excel\/","name":"Die 10 wichtigsten Vorteile von Microsoft Excel im Jahr 2023","isPartOf":{"@id":"https:\/\/exceladvisor.org\/de\/#website"},"primaryImageOfPage":{"@id":"https:\/\/exceladvisor.org\/de\/vorteile-von-microsoft-excel\/#primaryimage"},"image":{"@id":"https:\/\/exceladvisor.org\/de\/vorteile-von-microsoft-excel\/#primaryimage"},"thumbnailUrl":"https:\/\/exceladvisor.org\/wp-content\/uploads\/2023\/08\/1-meilleure-facon-de-stocker-des-donnees.png","datePublished":"2023-11-22T03:33:36+00:00","dateModified":"2023-12-03T11:12:10+00:00","description":"Wenn Sie zu den Menschen geh\u00f6ren, die wir kennenlernen m\u00f6chten, und sich fragen, wie es Ihnen bei Ihrer Arbeit helfen kann","breadcrumb":{"@id":"https:\/\/exceladvisor.org\/de\/vorteile-von-microsoft-excel\/#breadcrumb"},"inLanguage":"de","potentialAction":[{"@type":"ReadAction","target":["https:\/\/exceladvisor.org\/de\/vorteile-von-microsoft-excel\/"]}]},{"@type":"ImageObject","inLanguage":"de","@id":"https:\/\/exceladvisor.org\/de\/vorteile-von-microsoft-excel\/#primaryimage","url":"https:\/\/exceladvisor.org\/wp-content\/uploads\/2023\/08\/1-meilleure-facon-de-stocker-des-donnees.png","contentUrl":"https:\/\/exceladvisor.org\/wp-content\/uploads\/2023\/08\/1-meilleure-facon-de-stocker-des-donnees.png"},{"@type":"BreadcrumbList","@id":"https:\/\/exceladvisor.org\/de\/vorteile-von-microsoft-excel\/#breadcrumb","itemListElement":[{"@type":"ListItem","position":1,"name":"Accueil","item":"https:\/\/exceladvisor.org\/de\/"},{"@type":"ListItem","position":2,"name":"Die 10 wichtigsten vorteile von microsoft excel"}]},{"@type":"WebSite","@id":"https:\/\/exceladvisor.org\/de\/#website","url":"https:\/\/exceladvisor.org\/de\/","name":"Excel Advisor","description":"Ihr Leitfaden zur Datendominanz","publisher":{"@id":"https:\/\/exceladvisor.org\/de\/#organization"},"potentialAction":[{"@type":"SearchAction","target":{"@type":"EntryPoint","urlTemplate":"https:\/\/exceladvisor.org\/de\/?s={search_term_string}"},"query-input":{"@type":"PropertyValueSpecification","valueRequired":true,"valueName":"search_term_string"}}],"inLanguage":"de"},{"@type":"Organization","@id":"https:\/\/exceladvisor.org\/de\/#organization","name":"Excel Advisor","url":"https:\/\/exceladvisor.org\/de\/","logo":{"@type":"ImageObject","inLanguage":"de","@id":"https:\/\/exceladvisor.org\/de\/#\/schema\/logo\/image\/","url":"https:\/\/exceladvisor.org\/de\/wp-content\/uploads\/2023\/11\/exceladvisor.org_.png","contentUrl":"https:\/\/exceladvisor.org\/de\/wp-content\/uploads\/2023\/11\/exceladvisor.org_.png","width":105,"height":36,"caption":"Excel Advisor"},"image":{"@id":"https:\/\/exceladvisor.org\/de\/#\/schema\/logo\/image\/"}}]}},"yoast_meta":{"yoast_wpseo_title":"","yoast_wpseo_metadesc":"","yoast_wpseo_canonical":""},"_links":{"self":[{"href":"https:\/\/exceladvisor.org\/de\/wp-json\/wp\/v2\/pages\/2979","targetHints":{"allow":["GET"]}}],"collection":[{"href":"https:\/\/exceladvisor.org\/de\/wp-json\/wp\/v2\/pages"}],"about":[{"href":"https:\/\/exceladvisor.org\/de\/wp-json\/wp\/v2\/types\/page"}],"author":[{"embeddable":true,"href":"https:\/\/exceladvisor.org\/de\/wp-json\/wp\/v2\/users\/1"}],"replies":[{"embeddable":true,"href":"https:\/\/exceladvisor.org\/de\/wp-json\/wp\/v2\/comments?post=2979"}],"version-history":[{"count":1,"href":"https:\/\/exceladvisor.org\/de\/wp-json\/wp\/v2\/pages\/2979\/revisions"}],"predecessor-version":[{"id":3736,"href":"https:\/\/exceladvisor.org\/de\/wp-json\/wp\/v2\/pages\/2979\/revisions\/3736"}],"wp:attachment":[{"href":"https:\/\/exceladvisor.org\/de\/wp-json\/wp\/v2\/media?parent=2979"}],"curies":[{"name":"wp","href":"https:\/\/api.w.org\/{rel}","templated":true}]}}