{"id":2981,"date":"2023-11-22T02:20:42","date_gmt":"2023-11-22T02:20:42","guid":{"rendered":"https:\/\/exceladvisor.org\/de\/excel-fortschritt\/"},"modified":"2023-12-03T11:12:18","modified_gmt":"2023-12-03T11:12:18","slug":"excel-fortschritt","status":"publish","type":"page","link":"https:\/\/exceladvisor.org\/de\/excel-fortschritt\/","title":{"rendered":"Erweiterte excel-tutorials"},"content":{"rendered":"<div class=\"excel-vor-dem-inhalt\" id=\"excel-2349798960\"><script type=\"text\/javascript\">\r\n\tatOptions = {\r\n\t\t'key' : 'c1158f160081d6540a8409e6925dab94',\r\n\t\t'format' : 'iframe',\r\n\t\t'height' : 250,\r\n\t\t'width' : 300,\r\n\t\t'params' : {}\r\n\t};\r\n<\/script>\r\n<script type=\"text\/javascript\" src=\"\/\/www.highperformanceformat.com\/c1158f160081d6540a8409e6925dab94\/invoke.js\"><\/script><\/div> <p>Fortgeschrittene Excel-Tutorials behandeln anspruchsvollere Funktionen von Microsoft Excel. Diese Tutorials richten sich an Personen, die bereits \u00fcber grundlegende Excel-Kenntnisse verf\u00fcgen und ihre F\u00e4higkeiten f\u00fcr komplexere Aufgaben und Datenanalysen vertiefen m\u00f6chten.<\/p><p> Hier sind einige h\u00e4ufig behandelte Themen in fortgeschrittenen Excel-Tutorials:<\/p><h2> Erweiterter Umgang mit Microsoft Excel<\/h2><p> <strong>Erweiterte Formeln und Funktionen:<\/strong><\/p><ul><li> Ausf\u00fchrliche Abdeckung komplexer Funktionen wie INDEX\/MATCH, SUMIFS, COUNTIFS und Array-Formeln.<\/li><li> Verwenden Sie Logikfunktionen wie IFERROR, IF und OR f\u00fcr erweiterte Entscheidungsfindung.<\/li><\/ul><p> <strong>Datenanalyse und Pivot-Tabellen:<\/strong><\/p><ul><li> Fortgeschrittene Techniken f\u00fcr die Arbeit mit Pivot-Tabellen und Pivot-Diagrammen.<\/li><li> Analysieren Sie Daten mithilfe von Funktionen wie Slicern, Zeitleisten und berechneten Feldern.<\/li><\/ul><p> <strong>Power Query und Power Pivot:<\/strong><\/p><ul><li> Einf\u00fchrung in Power Query zum Bereinigen, Transformieren und Laden von Daten.<\/li><li> Verwendung von Power Pivot f\u00fcr erweiterte Datenmodellierung und -analyse.<\/li><\/ul><p> <strong>Datenvalidierung und erweiterte Datentools:<\/strong><\/p><ul><li> Erstellen dynamischer Dropdown-Listen und abh\u00e4ngiger Dropdown-Listen.<\/li><li> Erweiterte Datenvalidierungstechniken und benutzerdefinierte Validierungsregeln.<\/li><\/ul><p> <strong>Erweiterte Zuordnung:<\/strong><\/p><ul><li> Erstellen komplexer Diagramme wie Kombinationsdiagramme, Wasserfalldiagramme und Radardiagramme.<\/li><li> Anpassen von Diagrammelementen und Formatierungsoptionen.<\/li><\/ul><p> <strong><a href=\"https:\/\/exceladvisor.org\/de\/vba\/\">Makros und VBA<\/a> (Visual Basic f\u00fcr Anwendungen):<\/strong><\/p><ul><li> Einf\u00fchrung in die Automatisierung mithilfe von Makros.<\/li><li> Schreiben und Bearbeiten von VBA-Code zur Anpassung der Excel-Funktionalit\u00e4t.<\/li><\/ul><p> <strong>Erweiterte Datenfunktionen:<\/strong><\/p><ul><li> Verwenden Sie Funktionen wie LOOKUP, HLOOKUP, VLOOKUP f\u00fcr eine erweiterte Datenwiederherstellung.<\/li><li> Verwenden Sie Datenbankfunktionen wie DSUM, DAVERAGE, DCOUNT.<\/li><\/ul><p> <strong>Szenariomanagement und Simulationsanalyse:<\/strong><\/p><ul><li> F\u00fchren Sie erweiterte Szenarioanalysen durch und erstellen Sie Szenariozusammenfassungen.<\/li><li> Verwendung von Goal Seek und Solver f\u00fcr Optimierungsprobleme.<\/li><\/ul><p> <strong>Dynamische Tabellen:<\/strong><\/p><ul><li> Entdecken Sie neue dynamische Array-Funktionen wie SORT, FILTER, UNIQUE und SEQUENCE.<\/li><li> Nutzen Sie Spill-Bereiche f\u00fcr eine effiziente Datenbearbeitung.<\/li><\/ul><p> <strong>Finanzielle und statistische Funktionen:<\/strong><\/p><ul><li> Anwendung von Finanzfunktionen f\u00fcr Berechnungen im Zusammenhang mit Krediten, Investitionen und Renten.<\/li><li> Verwenden Sie statistische Funktionen zur Datenanalyse und zum Testen von Hypothesen.<\/li><\/ul><p> <strong>Zusammenarbeit und Austausch:<\/strong><\/p><ul><li> Erweiterte Freigabe- und Zusammenarbeitsfunktionen, einschlie\u00dflich der Freigabe von Arbeitsmappen, dem Zusammenf\u00fchren von \u00c4nderungen und dem \u00dcberpr\u00fcfen von Kommentaren.<\/li><\/ul><p> <strong>Design und Visualisierung des Dashboards:<\/strong><\/p><ul><li> Entwerfen Sie interaktive Dashboards mithilfe fortschrittlicher Visualisierungstechniken.<\/li><li> Integration von Formularsteuerelementen und interaktiven Elementen.<\/li><\/ul><h2> Tabellenkalkulationen<\/h2><ul><li> <a style=\"outline: none;\" href=\"https:\/\/exceladvisor.org\/de\/konsolidieren\/\" data-wpil=\"url\">Konsolidieren Sie Daten aus mehreren Arbeitsbl\u00e4ttern in einem einzigen Arbeitsblatt in Excel<\/a><\/li><li> <a style=\"outline: none;\" href=\"https:\/\/exceladvisor.org\/de\/dateneingabeformular-3\/\">Erstellen Sie ein Dateneingabeformular in Excel<\/a><\/li><\/ul><h2> Format<\/h2><ul><li> <a style=\"outline: none;\" href=\"https:\/\/exceladvisor.org\/de\/formeln-1\/\" data-wpil=\"url\">Formeln in bedingter Formatierung<\/a><\/li><li> <a style=\"outline: none;\" href=\"https:\/\/exceladvisor.org\/de\/automatisch-formatieren\/\">Option AUTOFORMAT in Excel<\/a><\/li><li> <a style=\"outline: none;\" href=\"https:\/\/exceladvisor.org\/de\/markieren-sie-abwechselnde-zeilen\/\">Markieren Sie alternative Zeilen in Excel mit einem Farbfeld<\/a><\/li><li> <a style=\"outline: none;\" href=\"https:\/\/exceladvisor.org\/de\/icon-spiele\/\" data-wpil=\"url\">Symbols\u00e4tze in Excel verwenden (bedingte Formatierung)<\/a><\/li><li> <a style=\"outline: none;\" href=\"https:\/\/exceladvisor.org\/de\/beste-schriftarten\/\">Die 5 besten Schriftarten f\u00fcr Microsoft Excel<\/a><\/li><li> <a style=\"outline: none;\" href=\"https:\/\/exceladvisor.org\/de\/nullen-ausblenden\/\">So verbergen Sie Nullwerte in Excel<\/a><\/li><\/ul><h2> Datenvalidierung<\/h2><ul><li> <a style=\"outline: none;\" href=\"https:\/\/exceladvisor.org\/de\/datumsbereich-der-datenvalidierung\/\">Datenvalidierung mit Datumsbereich<\/a><\/li><li> <a style=\"outline: none;\" href=\"https:\/\/exceladvisor.org\/de\/abhangige-dropdown-liste\/\">Abh\u00e4ngige Dropdown-Liste in Excel<\/a><\/li><li> <a style=\"outline: none;\" href=\"https:\/\/exceladvisor.org\/de\/dynamische-liste\/\">Dynamische Dropdown-Liste in Excel<\/a><\/li><li> <a style=\"outline: none;\" href=\"https:\/\/exceladvisor.org\/de\/ja-nein-dropdown-liste\/\">Erstellen Sie in Excel eine Ja-Nein-Dropdown-Liste<\/a><\/li><li> <a style=\"outline: none;\" href=\"https:\/\/exceladvisor.org\/de\/dropdown-liste-entfernen\/\">Dropdown-Liste (Datenvalidierung) in Excel entfernen<\/a><\/li><\/ul><h2> Zu drucken<\/h2><ul><li> <a style=\"outline: none;\" href=\"https:\/\/exceladvisor.org\/de\/titel-drucken\/\">Anwenden von Drucktiteln in Excel (Zeile 1 so einstellen, dass sie auf jeder Seite gedruckt wird)<\/a><\/li><li> <a style=\"outline: none;\" href=\"https:\/\/exceladvisor.org\/de\/millimeterpapier\/\">Drucken Sie ein Millimeterpapier in Excel (quadratische Rastervorlage)<\/a><\/li><li> <a style=\"outline: none;\" href=\"https:\/\/exceladvisor.org\/de\/seitenausrichtung-andern\/\">\u00c4ndern Sie die Seitenausrichtung in Excel<\/a><\/li><li> <a style=\"outline: none;\" href=\"https:\/\/exceladvisor.org\/de\/seitenrand\/\">Seitenrand in Excel (\u00c4ndern und Festlegen)<\/a><\/li><\/ul><h2> Auswahl<\/h2><ul><li> <a style=\"outline: none;\" href=\"https:\/\/exceladvisor.org\/de\/kamera-tool\/\">Excel-Kamera-Tool<\/a><\/li><li> <a style=\"outline: none;\" href=\"https:\/\/exceladvisor.org\/de\/ziel-suchen\/\">Zielfinder in Excel<\/a><\/li><li> <a href=\"https:\/\/exceladvisor.org\/de\/uhrfenster\/\">Beobachtungsfenster in Excel<\/a><\/li><li> <a href=\"https:\/\/exceladvisor.org\/de\/excel-slicer\/\">Excel Slicer (vollst\u00e4ndige Anleitung)<\/a><\/li><li> <a href=\"https:\/\/exceladvisor.org\/de\/excel-standardmassig-auf-dem-mac\/\">Machen Sie Excel auf dem Mac zum Standard<\/a><\/li><li> <a style=\"outline: none;\" href=\"https:\/\/exceladvisor.org\/de\/excel-sicherheitsmodus\/\">\u00d6ffnen Sie Excel im abgesicherten Modus<\/a><\/li><li> <a style=\"outline: none;\" href=\"https:\/\/exceladvisor.org\/de\/leeren-sie-den-cache\/\">Cache in Excel leeren<\/a><\/li><li> <a style=\"outline: none;\" href=\"https:\/\/exceladvisor.org\/de\/tolle-kunst\/\">Intelligente Kunst in Excel<\/a><\/li><li> <a style=\"outline: none;\" href=\"https:\/\/exceladvisor.org\/de\/personalisierte-listen\/\">Erstellen Sie eine benutzerdefinierte Liste in Excel<\/a><\/li><li> <a style=\"outline: none;\" href=\"https:\/\/exceladvisor.org\/de\/pdf-in-excel\/\">F\u00fcgen Sie ein PDF in Excel ein<\/a><\/li><li> <a style=\"outline: none;\" href=\"https:\/\/exceladvisor.org\/de\/autokorrektur\/\">Verwenden Sie AutoKorrektur in Excel<\/a><\/li><li> <a style=\"outline: none;\" href=\"https:\/\/exceladvisor.org\/de\/ein-bild-einfugen\/\">F\u00fcgen Sie ein Bild in eine Zelle in Excel ein<\/a><\/li><li> <a style=\"outline: none;\" href=\"https:\/\/exceladvisor.org\/de\/datei-einbetten\/\">Betten Sie eine Datei in Excel ein<\/a><\/li><li> Konvertieren Sie PDF in Excel<\/li><\/ul><h2> Strand und Zellen<\/h2><ul><li> <a style=\"outline: none;\" href=\"https:\/\/exceladvisor.org\/de\/schnelles-analysetool\/\">Schnellanalysetool in Excel<\/a><\/li><li> <a style=\"outline: none;\" href=\"https:\/\/exceladvisor.org\/de\/mehrere-filter-anwenden\/\">Wenden Sie mehrere Filter auf Spalten an<\/a><\/li><li> <a href=\"https:\/\/exceladvisor.org\/de\/markieren-sie-die-oberen-und-unteren-werte\/\">Markieren Sie die oberen und unteren N-Werte in Excel<\/a><\/li><li> <a style=\"outline: none;\" href=\"https:\/\/exceladvisor.org\/de\/kontrollkastchen\/\">F\u00fcgen Sie ein Kontrollk\u00e4stchen in Excel ein<\/a><\/li><li> <a href=\"https:\/\/exceladvisor.org\/de\/zellen-zusammenfuhren-ohne-daten-zu-verlieren\/\">F\u00fchren Sie Zellen zusammen, ohne Daten in Excel zu verlieren<\/a><\/li><li> <a href=\"https:\/\/exceladvisor.org\/de\/spezielles-multiplizieren-einfugen\/\">Multiplizieren Sie in Excel mit \u201eInhalte einf\u00fcgen\u201c.<\/a><\/li><li> <a href=\"https:\/\/exceladvisor.org\/de\/fugen-sie-einen-barcode-hinzu\/\" data-wpil=\"url\">Einen Barcode in Excel hinzuf\u00fcgen (Schriftart installieren)<\/a><\/li><li> <a href=\"https:\/\/exceladvisor.org\/de\/standardschriftart\/\">Standardschriftart (Stil, Gr\u00f6\u00dfe und Farbe \u00e4ndern)<\/a><\/li><li> <a href=\"https:\/\/exceladvisor.org\/de\/nach-farbe-filtern\/\">Filtern Sie nach Farbe in Excel<\/a><\/li><li> <a href=\"https:\/\/exceladvisor.org\/de\/benennen-sie-die-tabelle-um\/\">Benennen Sie eine Tabelle in Excel um<\/a><\/li><li> <a href=\"https:\/\/exceladvisor.org\/de\/spaltennummern\/\">Spaltennummern in Excel<\/a><\/li><li> <a href=\"https:\/\/exceladvisor.org\/de\/graue-zellen\/\">Graue Zellen in Excel<\/a><\/li><li> <a style=\"outline: none;\" href=\"https:\/\/exceladvisor.org\/de\/zellen-grosser-machen\/\">Zellen in Excel vergr\u00f6\u00dfern<\/a><\/li><li> <a href=\"https:\/\/exceladvisor.org\/de\/bindestriche-entfernen\/\">Entfernen Sie Bindestriche in Excel<\/a><\/li><li> <a style=\"outline: none;\" href=\"https:\/\/exceladvisor.org\/de\/zusammengefuhrte-zellen-finden\/\">Finden Sie verbundene Zellen in Excel<\/a><\/li><li> <a style=\"outline: none;\" href=\"https:\/\/exceladvisor.org\/de\/zellen-sperren-1\/\">Zellen in Excel sperren<\/a><\/li><li> <a style=\"outline: none;\" href=\"https:\/\/exceladvisor.org\/de\/namensbereich-finden\/\">Suchen Sie in Excel nach einer Reihe von Namen<\/a><\/li><\/ul><h2> Notizb\u00fccher<\/h2><ul><li> <a style=\"outline: none;\" href=\"https:\/\/exceladvisor.org\/de\/reparieren-sie-beschadigte-excel-dateien\/\">Besch\u00e4digte Excel-Datei reparieren<\/a><\/li><li> <a style=\"outline: none;\" href=\"https:\/\/exceladvisor.org\/de\/nicht-gespeicherte-dateien-wiederherstellen\/\">Stellen Sie nicht gespeicherte Excel-Dateien wieder her, wenn Excel abst\u00fcrzt<\/a><\/li><li> <a style=\"outline: none;\" href=\"https:\/\/exceladvisor.org\/de\/xlsx-in-csv\/\">Excel-Datei (Arbeitsmappe) im CSV-Format speichern (XLSX TO CSV)<\/a><\/li><li> <a style=\"outline: none;\" href=\"https:\/\/exceladvisor.org\/de\/textdatei-offnen\/\">So \u00f6ffnen Sie eine Textdatei in Excel (.TXT)<\/a><\/li><\/ul><h2> Bedingte Formatierung<\/h2><ul><li> <a style=\"outline: none;\" href=\"https:\/\/exceladvisor.org\/de\/bedingte-formatierung\/\">Eine vollst\u00e4ndige Anleitung zur bedingten Formatierung in Excel<\/a><\/li><li> <a style=\"outline: none;\" href=\"https:\/\/exceladvisor.org\/de\/leere-zellen\/\">Wenden Sie bedingte Formatierung auf leere Zellen in Excel an<\/a><\/li><li> <a style=\"outline: none;\" href=\"https:\/\/exceladvisor.org\/de\/spalten-vergleichen\/\">Vergleichen Sie zwei Spalten mithilfe der bedingten Formatierung in Excel<\/a><\/li><li> <a style=\"outline: none;\" href=\"https:\/\/exceladvisor.org\/de\/eine-andere-zelle\/\">Wenden Sie eine bedingte Formatierung basierend auf einer anderen Zelle in Excel an<\/a><\/li><li> <a style=\"outline: none;\" href=\"https:\/\/exceladvisor.org\/de\/eine-weitere-spalte\/\">Wenden Sie eine bedingte Formatierung basierend auf einer anderen Spalte in Excel an<\/a><\/li><li> <a style=\"outline: none;\" href=\"https:\/\/exceladvisor.org\/de\/kopieren\/\">Kopieren Sie in Excel bedingte Formatierungen von einem Bereich in einen anderen<\/a><\/li><li> <a href=\"https:\/\/exceladvisor.org\/de\/gesamte-spalte\/\">Wenden Sie bedingte Formatierung auf eine ganze Spalte in Excel an<\/a><\/li><li> <a href=\"https:\/\/exceladvisor.org\/de\/markieren-sie-linien\/\">Markieren Sie Zeilen mithilfe der bedingten Formatierung in Excel<\/a><\/li><li> <a style=\"outline: none;\" href=\"https:\/\/exceladvisor.org\/de\/mehrere-bedingungen\/\">Wenden Sie bei der bedingten Formatierung in Excel mehrere Bedingungen an<\/a><\/li><li> <a style=\"outline: none;\" href=\"https:\/\/exceladvisor.org\/de\/es-funktioniert-nicht\/\">Warum bedingte Formatierung in Excel nicht funktioniert<\/a><\/li><li> <a style=\"outline: none;\" href=\"https:\/\/exceladvisor.org\/de\/zelle-enthalt-text\/\">Markieren Sie, ob eine Zelle bestimmten Text mit bedingter Formatierung in Excel enth\u00e4lt<\/a><\/li><li> <a style=\"outline: none;\" href=\"https:\/\/exceladvisor.org\/de\/basierend-auf-datum-2\/\">Wenden Sie eine bedingte Formatierung basierend auf einem Datum an<\/a><\/li><li> <a style=\"outline: none;\" href=\"https:\/\/exceladvisor.org\/de\/farbskalen\/\">Anwenden von Farbskalen mithilfe bedingter Formatierung<\/a><\/li><li> <a style=\"outline: none;\" href=\"https:\/\/exceladvisor.org\/de\/datenbalken\/\">Datenbalken in Excel mit bedingter Formatierung<\/a><\/li><li> <a style=\"outline: none;\" href=\"https:\/\/exceladvisor.org\/de\/stoppen-wenn-wahr-2\/\">Stoppen Sie IF True in der bedingten Formatierung<\/a><\/li><li> <a style=\"outline: none;\" href=\"https:\/\/exceladvisor.org\/de\/duplikate-finden-2\/\">Finden und markieren Sie Duplikate mithilfe der bedingten Formatierung<\/a><\/li><li> <a href=\"https:\/\/exceladvisor.org\/de\/zuruckziehen\/\">Entfernen Sie die bedingte Formatierung in Excel<\/a><\/li><\/ul><h2> Fluch<\/h2><ul><li> <a style=\"outline: none;\" href=\"https:\/\/exceladvisor.org\/de\/horizontal-sortieren\/\">In Excel horizontal sortieren<\/a><\/li><\/ul>","protected":false},"excerpt":{"rendered":"","protected":false},"author":1,"featured_media":0,"parent":0,"menu_order":0,"comment_status":"open","ping_status":"closed","template":"","meta":{"ub_ctt_via":"","footnotes":""},"class_list":["post-2981","page","type-page","status-publish","hentry"],"featured_image_src":null,"yoast_head":"<!-- This site is optimized with the Yoast SEO plugin v25.4 - https:\/\/yoast.com\/wordpress\/plugins\/seo\/ -->\n<title>Excel Advanced: Funktionen, Formeln, Tipps und Tutorials 2023<\/title>\n<meta name=\"description\" content=\"Fortgeschrittene Excel-Tutorials behandeln anspruchsvollere Funktionen von Microsoft Excel. Diese Tutorials dienen dazu\" \/>\n<meta name=\"robots\" content=\"index, follow, max-snippet:-1, max-image-preview:large, max-video-preview:-1\" \/>\n<link rel=\"canonical\" href=\"https:\/\/exceladvisor.org\/de\/excel-fortschritt\/\" \/>\n<meta property=\"og:locale\" content=\"de_DE\" \/>\n<meta property=\"og:type\" content=\"article\" \/>\n<meta property=\"og:title\" content=\"Excel Advanced: Funktionen, Formeln, Tipps und Tutorials 2023\" \/>\n<meta property=\"og:description\" content=\"Fortgeschrittene Excel-Tutorials behandeln anspruchsvollere Funktionen von Microsoft Excel. Diese Tutorials dienen dazu\" \/>\n<meta property=\"og:url\" content=\"https:\/\/exceladvisor.org\/de\/excel-fortschritt\/\" \/>\n<meta property=\"og:site_name\" content=\"Excel Advisor\" \/>\n<meta property=\"article:modified_time\" content=\"2023-12-03T11:12:18+00:00\" \/>\n<meta name=\"twitter:card\" content=\"summary_large_image\" \/>\n<meta name=\"twitter:label1\" content=\"Gesch\u00e4tzte Lesezeit\" \/>\n\t<meta name=\"twitter:data1\" content=\"4\u00a0Minuten\" \/>\n<script type=\"application\/ld+json\" class=\"yoast-schema-graph\">{\"@context\":\"https:\/\/schema.org\",\"@graph\":[{\"@type\":\"WebPage\",\"@id\":\"https:\/\/exceladvisor.org\/de\/excel-fortschritt\/\",\"url\":\"https:\/\/exceladvisor.org\/de\/excel-fortschritt\/\",\"name\":\"Excel Advanced: Funktionen, Formeln, Tipps und Tutorials 2023\",\"isPartOf\":{\"@id\":\"https:\/\/exceladvisor.org\/de\/#website\"},\"datePublished\":\"2023-11-22T02:20:42+00:00\",\"dateModified\":\"2023-12-03T11:12:18+00:00\",\"description\":\"Fortgeschrittene Excel-Tutorials behandeln anspruchsvollere Funktionen von Microsoft Excel. Diese Tutorials dienen dazu\",\"breadcrumb\":{\"@id\":\"https:\/\/exceladvisor.org\/de\/excel-fortschritt\/#breadcrumb\"},\"inLanguage\":\"de\",\"potentialAction\":[{\"@type\":\"ReadAction\",\"target\":[\"https:\/\/exceladvisor.org\/de\/excel-fortschritt\/\"]}]},{\"@type\":\"BreadcrumbList\",\"@id\":\"https:\/\/exceladvisor.org\/de\/excel-fortschritt\/#breadcrumb\",\"itemListElement\":[{\"@type\":\"ListItem\",\"position\":1,\"name\":\"Accueil\",\"item\":\"https:\/\/exceladvisor.org\/de\/\"},{\"@type\":\"ListItem\",\"position\":2,\"name\":\"Erweiterte excel-tutorials\"}]},{\"@type\":\"WebSite\",\"@id\":\"https:\/\/exceladvisor.org\/de\/#website\",\"url\":\"https:\/\/exceladvisor.org\/de\/\",\"name\":\"Excel Advisor\",\"description\":\"Ihr Leitfaden zur Datendominanz\",\"publisher\":{\"@id\":\"https:\/\/exceladvisor.org\/de\/#organization\"},\"potentialAction\":[{\"@type\":\"SearchAction\",\"target\":{\"@type\":\"EntryPoint\",\"urlTemplate\":\"https:\/\/exceladvisor.org\/de\/?s={search_term_string}\"},\"query-input\":{\"@type\":\"PropertyValueSpecification\",\"valueRequired\":true,\"valueName\":\"search_term_string\"}}],\"inLanguage\":\"de\"},{\"@type\":\"Organization\",\"@id\":\"https:\/\/exceladvisor.org\/de\/#organization\",\"name\":\"Excel Advisor\",\"url\":\"https:\/\/exceladvisor.org\/de\/\",\"logo\":{\"@type\":\"ImageObject\",\"inLanguage\":\"de\",\"@id\":\"https:\/\/exceladvisor.org\/de\/#\/schema\/logo\/image\/\",\"url\":\"https:\/\/exceladvisor.org\/de\/wp-content\/uploads\/2023\/11\/exceladvisor.org_.png\",\"contentUrl\":\"https:\/\/exceladvisor.org\/de\/wp-content\/uploads\/2023\/11\/exceladvisor.org_.png\",\"width\":105,\"height\":36,\"caption\":\"Excel Advisor\"},\"image\":{\"@id\":\"https:\/\/exceladvisor.org\/de\/#\/schema\/logo\/image\/\"}}]}<\/script>\n<!-- \/ Yoast SEO plugin. -->","yoast_head_json":{"title":"Excel Advanced: Funktionen, Formeln, Tipps und Tutorials 2023","description":"Fortgeschrittene Excel-Tutorials behandeln anspruchsvollere Funktionen von Microsoft Excel. Diese Tutorials dienen dazu","robots":{"index":"index","follow":"follow","max-snippet":"max-snippet:-1","max-image-preview":"max-image-preview:large","max-video-preview":"max-video-preview:-1"},"canonical":"https:\/\/exceladvisor.org\/de\/excel-fortschritt\/","og_locale":"de_DE","og_type":"article","og_title":"Excel Advanced: Funktionen, Formeln, Tipps und Tutorials 2023","og_description":"Fortgeschrittene Excel-Tutorials behandeln anspruchsvollere Funktionen von Microsoft Excel. Diese Tutorials dienen dazu","og_url":"https:\/\/exceladvisor.org\/de\/excel-fortschritt\/","og_site_name":"Excel Advisor","article_modified_time":"2023-12-03T11:12:18+00:00","twitter_card":"summary_large_image","twitter_misc":{"Gesch\u00e4tzte Lesezeit":"4\u00a0Minuten"},"schema":{"@context":"https:\/\/schema.org","@graph":[{"@type":"WebPage","@id":"https:\/\/exceladvisor.org\/de\/excel-fortschritt\/","url":"https:\/\/exceladvisor.org\/de\/excel-fortschritt\/","name":"Excel Advanced: Funktionen, Formeln, Tipps und Tutorials 2023","isPartOf":{"@id":"https:\/\/exceladvisor.org\/de\/#website"},"datePublished":"2023-11-22T02:20:42+00:00","dateModified":"2023-12-03T11:12:18+00:00","description":"Fortgeschrittene Excel-Tutorials behandeln anspruchsvollere Funktionen von Microsoft Excel. Diese Tutorials dienen dazu","breadcrumb":{"@id":"https:\/\/exceladvisor.org\/de\/excel-fortschritt\/#breadcrumb"},"inLanguage":"de","potentialAction":[{"@type":"ReadAction","target":["https:\/\/exceladvisor.org\/de\/excel-fortschritt\/"]}]},{"@type":"BreadcrumbList","@id":"https:\/\/exceladvisor.org\/de\/excel-fortschritt\/#breadcrumb","itemListElement":[{"@type":"ListItem","position":1,"name":"Accueil","item":"https:\/\/exceladvisor.org\/de\/"},{"@type":"ListItem","position":2,"name":"Erweiterte excel-tutorials"}]},{"@type":"WebSite","@id":"https:\/\/exceladvisor.org\/de\/#website","url":"https:\/\/exceladvisor.org\/de\/","name":"Excel Advisor","description":"Ihr Leitfaden zur Datendominanz","publisher":{"@id":"https:\/\/exceladvisor.org\/de\/#organization"},"potentialAction":[{"@type":"SearchAction","target":{"@type":"EntryPoint","urlTemplate":"https:\/\/exceladvisor.org\/de\/?s={search_term_string}"},"query-input":{"@type":"PropertyValueSpecification","valueRequired":true,"valueName":"search_term_string"}}],"inLanguage":"de"},{"@type":"Organization","@id":"https:\/\/exceladvisor.org\/de\/#organization","name":"Excel Advisor","url":"https:\/\/exceladvisor.org\/de\/","logo":{"@type":"ImageObject","inLanguage":"de","@id":"https:\/\/exceladvisor.org\/de\/#\/schema\/logo\/image\/","url":"https:\/\/exceladvisor.org\/de\/wp-content\/uploads\/2023\/11\/exceladvisor.org_.png","contentUrl":"https:\/\/exceladvisor.org\/de\/wp-content\/uploads\/2023\/11\/exceladvisor.org_.png","width":105,"height":36,"caption":"Excel Advisor"},"image":{"@id":"https:\/\/exceladvisor.org\/de\/#\/schema\/logo\/image\/"}}]}},"yoast_meta":{"yoast_wpseo_title":"","yoast_wpseo_metadesc":"","yoast_wpseo_canonical":""},"_links":{"self":[{"href":"https:\/\/exceladvisor.org\/de\/wp-json\/wp\/v2\/pages\/2981","targetHints":{"allow":["GET"]}}],"collection":[{"href":"https:\/\/exceladvisor.org\/de\/wp-json\/wp\/v2\/pages"}],"about":[{"href":"https:\/\/exceladvisor.org\/de\/wp-json\/wp\/v2\/types\/page"}],"author":[{"embeddable":true,"href":"https:\/\/exceladvisor.org\/de\/wp-json\/wp\/v2\/users\/1"}],"replies":[{"embeddable":true,"href":"https:\/\/exceladvisor.org\/de\/wp-json\/wp\/v2\/comments?post=2981"}],"version-history":[{"count":1,"href":"https:\/\/exceladvisor.org\/de\/wp-json\/wp\/v2\/pages\/2981\/revisions"}],"predecessor-version":[{"id":3746,"href":"https:\/\/exceladvisor.org\/de\/wp-json\/wp\/v2\/pages\/2981\/revisions\/3746"}],"wp:attachment":[{"href":"https:\/\/exceladvisor.org\/de\/wp-json\/wp\/v2\/media?parent=2981"}],"curies":[{"name":"wp","href":"https:\/\/api.w.org\/{rel}","templated":true}]}}