{"id":2986,"date":"2023-11-21T00:24:01","date_gmt":"2023-11-21T00:24:01","guid":{"rendered":"https:\/\/exceladvisor.org\/de\/arbeitsblatt\/"},"modified":"2023-12-03T11:13:16","modified_gmt":"2023-12-03T11:13:16","slug":"arbeitsblatt","status":"publish","type":"page","link":"https:\/\/exceladvisor.org\/de\/arbeitsblatt\/","title":{"rendered":"Was ist eine excel-tabelle?"},"content":{"rendered":"<div class=\"excel-vor-dem-inhalt\" id=\"excel-4292808496\"><script type=\"text\/javascript\">\r\n\tatOptions = {\r\n\t\t'key' : 'c1158f160081d6540a8409e6925dab94',\r\n\t\t'format' : 'iframe',\r\n\t\t'height' : 250,\r\n\t\t'width' : 300,\r\n\t\t'params' : {}\r\n\t};\r\n<\/script>\r\n<script type=\"text\/javascript\" src=\"\/\/www.highperformanceformat.com\/c1158f160081d6540a8409e6925dab94\/invoke.js\"><\/script><\/div> <p>In Excel ist ein Arbeitsblatt eine Sammlung von Millionen von Zellen, in denen Sie Daten speichern k\u00f6nnen. Stellen Sie sich eine einzelne Tabelle als eine Seite in einem Notizbuch mit Hunderten von Seiten vor. Ebenso k\u00f6nnen Sie mehrere Arbeitsbl\u00e4tter in einer Arbeitsmappe (Excel-Datei) haben. <\/p><div class=\"wp-block-image\"><figure class=\"aligncenter size-full is-resized\"><img loading=\"lazy\" decoding=\"async\" class=\"wp-image-92273\" src=\"https:\/\/exceladvisor.org\/wp-content\/uploads\/2023\/08\/1-feuille-excel-et-feuille-de-calcul.png\" sizes=\"auto, \" srcset=\"\" alt=\"Excel-Tabelle und Tabellenkalkulation\" width=\"547\" height=\"370\"><\/figure><\/div><h2 id=\"h-max-number-of-worksheets\" class=\"wp-block-heading\"> Maximale Anzahl Arbeitsbl\u00e4tter<\/h2><p> Sie k\u00f6nnen mehrere Bl\u00e4tter in eine Arbeitsmappe einf\u00fcgen, es sei denn, Sie haben nicht gen\u00fcgend Arbeitsspeicher. Ich habe es getestet, indem ich mehr als 4000 Bl\u00e4tter in einer einzigen Arbeitsmappe hinzugef\u00fcgt habe. <\/p><div class=\"wp-block-image\"><figure class=\"aligncenter size-full is-resized\"><img loading=\"lazy\" decoding=\"async\" class=\"wp-image-92275\" src=\"https:\/\/exceladvisor.org\/wp-content\/uploads\/2023\/08\/2-nombre-maximum-de-feuilles-de-travail.png\" sizes=\"auto, \" srcset=\"\" alt=\"Maximale Anzahl Arbeitsbl\u00e4tter\" width=\"338\" height=\"101\"><\/figure><\/div><p> Sie m\u00fcssen nur wissen, dass Sie jeweils nur 255 Arbeitsbl\u00e4tter hinzuf\u00fcgen k\u00f6nnen. Wenn Sie also mehrere Arbeitsbl\u00e4tter hinzuf\u00fcgen oder VBA-Code verwenden, k\u00f6nnen Sie nur 255 Arbeitsbl\u00e4tter gleichzeitig hinzuf\u00fcgen.<\/p><h2 id=\"h-is-there-any-difference-between-a-sheet-and-a-worksheet\" class=\"wp-block-heading\"> Gibt es einen Unterschied zwischen einem Tabellenblatt und einer Tabellenkalkulation?<\/h2><p> Ja, es gibt einen kleinen Unterschied. Eine Tabellenkalkulation ist eine Art Blatt. Wenn Sie in Excel mit der rechten Maustaste auf die Blattregisterkarte klicken und dann auf Einf\u00fcgen klicken, wird ein Dialogfeld angezeigt, in dem Sie das Blatt ausw\u00e4hlen k\u00f6nnen, das Sie hinzuf\u00fcgen m\u00f6chten. <\/p><div class=\"wp-block-image\"><figure class=\"aligncenter size-full is-resized\"><img loading=\"lazy\" decoding=\"async\" class=\"wp-image-92276\" src=\"https:\/\/exceladvisor.org\/wp-content\/uploads\/2023\/08\/3-feuille-vs-feuille-de-calcul.png\" sizes=\"auto, \" srcset=\"\" alt=\"Blatt vs. Tabellenkalkulation\" width=\"502\" height=\"384\"><\/figure><\/div><p> Sie k\u00f6nnen vier verschiedene Bl\u00e4tter einlegen.<\/p><ol type=\"1\"><li> Arbeitsblatt<\/li><li> Diagramm<\/li><li> MS Excel 4.0-Makro<\/li><li> Dialogfeld \u201eMS Excel 5.0\u201c.<\/li><\/ol><h2> Schockierende Fakten \u00fcber Excel-Tabellen<\/h2><p> <strong>Was ist das Besondere an Tabellenkalkulationen?<\/strong><\/p><p> Eine Tabellenkalkulation ist ein digitales Hauptbuch, das Daten in Zellen speichert, die in Zeilen und Spalten angezeigt werden, was als Tabellenformat bezeichnet wird. Im Kern ist eine Tabellenkalkulation ein zweidimensionales Dokument zum Speichern und Berechnen von Daten. Es ist ein leistungsstarkes Tool f\u00fcr Aufgaben wie das Berechnen von Zahlen, das Speichern von Listen und das Verfolgen von Budgets.<\/p><p> <strong>Wie viele Funktionen gibt es f\u00fcr die Tabellenkalkulation?<\/strong><\/p><p> Es stehen \u00fcber 450 integrierte Funktionen zur Verf\u00fcgung. Wissen Sie zum Beispiel, was die arabische Zahl MMMCMXCIX ist? Du bist wirklich gro\u00dfartig, wenn du das tust! Verlieren Sie jedoch nicht Ihre Moral, wenn Sie keine klare Antwort geben k\u00f6nnen: Excel bietet eine einfache und elegante L\u00f6sung.<\/p><p> Diese Funktion hei\u00dft ARABIC und wandelt, wie Sie vielleicht erraten haben, r\u00f6mische Ziffern in arabische Ziffern um.<\/p><p> <strong>Sie k\u00f6nnen Ihre Tabelle nicht \u201eVerlauf\u201c nennen.<\/strong><\/p><p> In jeder Arbeitsmappe erstellt Excel ein Hilfsarbeitsblatt mit dem Namen \u201eVerlauf\u201c, um \u00c4nderungen zwischen freigegebenen Arbeitsmappen zu verfolgen.<\/p><p> Unabh\u00e4ngig davon, ob Sie Ihre Arbeitsmappe freigeben oder nicht, ist es jedoch nicht m\u00f6glich, ein Arbeitsblatt mit dem Namen \u201eVerlauf\u201c zu erstellen, da es sich um einen reservierten Namen handelt. Wenn Sie dies versuchen, wird die folgende Fehlermeldung angezeigt. <\/p><p><img loading=\"lazy\" decoding=\"async\" class=\"alignnone size-full wp-image-13272\" src=\"https:\/\/exceladvisor.org\/wp-content\/uploads\/2023\/11\/history.png\" alt=\"Geschichte\" width=\"217\" height=\"115\"><\/p><p> <strong>Wie viele Hyperlinks kann eine Tabelle enthalten?<\/strong><\/p><p> Warum brauchen Sie so viele Hyperlinks? Welche b\u00f6swilligen Ziele Sie auch verfolgen, denken Sie daran, dass die Anzahl auf 65.530 begrenzt ist. Das Einzige, was Sie tun k\u00f6nnen, ist, es zu akzeptieren.<\/p><p> <strong>Wie viele nicht zusammenh\u00e4ngende Elemente k\u00f6nnen Sie in einem Blatt ausw\u00e4hlen?<\/strong><\/p><p> Fordern Sie Excel heraus, indem Sie 2.147.483.648 nicht zusammenh\u00e4ngende Zellen gleichzeitig ausw\u00e4hlen \u2013 und sehen Sie, was passiert. Wenn Sie eine Zelle pro Sekunde ausw\u00e4hlen, ben\u00f6tigen Sie etwa 68 Jahre m\u00fchsamer Arbeit. Egal, ob Sie Ihr ehrgeiziges Ziel erreichen oder auf halbem Weg aufgeben, Sie sind sich jetzt Ihrer endlosen M\u00f6glichkeiten bewusst.<\/p><p> <strong>Wie viele Zeilen und Spalten enth\u00e4lt eine Tabelle?<\/strong><\/p><p> Jedes Arbeitsblatt besteht aus 1.048.576 Zeilen mal 16.384 Spalten, was 17.179.869.184 Zellen entspricht.<\/p><p> <strong>Eine Excel-Tabelle kann f\u00fcr sch\u00f6ne Kunstwerke verwendet werden<\/strong><\/p><p> W\u00e4hrend sich Finanzfunktionen weniger auf die kreative Seite als vielmehr auf die einfache Seite des Gesch\u00e4fts und der Zahlen konzentrieren, kann Excel im wahrsten Sinne des Wortes Kunst schaffen. Ein Japaner, <a href=\"https:\/\/www.boredpanda.com\/80-year-old-excel-paintings-tatsuo-horiuchi\/\">Tatsuo Horiuchi<\/a> , hat jahrelang mit einem einzigen Tool, Excel, unglaublich sch\u00f6ne Landschaften erstellt. <\/p><p><img loading=\"lazy\" decoding=\"async\" class=\"alignnone size-full wp-image-13273\" src=\"https:\/\/exceladvisor.org\/wp-content\/uploads\/2023\/11\/excel-art.jpg\" alt=\"Excel-Kunst\" width=\"700\" height=\"364\" srcset=\"https:\/\/exceladvisor.org\/wp-content\/uploads\/2023\/11\/excel-art.jpg 700w, https:\/\/exceladvisor.org\/wp-content\/uploads\/2023\/11\/excel-art-300x156.jpg 300w\" sizes=\"auto, (max-width: 700px) 100vw, 700px\"><\/p><p> <strong>Excel unterst\u00fctzt 16 Millionen Farben<\/strong><\/p><p> Ab Excel 2007 ist Ihre Kreativit\u00e4t nicht mehr wie bisher auf die 56 Standardfarben beschr\u00e4nkt. Jetzt k\u00f6nnen Sie das 24-Bit-Farbspektrum voll ausnutzen und sich mit 16 Millionen Farben ausdr\u00fccken! Nat\u00fcrlich werden Sie nicht der erste sein, der Excel anstelle einer Grafiksoftware verwendet, aber Sie k\u00f6nnen es einfach ausprobieren und wahrscheinlich Ihr eigenes digitales Meisterwerk erstellen.<\/p><p> Nachfolgend finden Sie einige Tutorials, die Ihnen helfen werden, mehr zu erfahren: <\/p><div class=\"gb-grid-wrapper gb-grid-wrapper-7600a9f5\"><div class=\"gb-grid-column gb-grid-column-108ef88c\"><div class=\"gb-container gb-container-108ef88c\"><ul><li> <a href=\"https:\/\/exceladvisor.org\/de\/hinzufugen\/\">F\u00fcgen Sie ein Blatt hinzu<\/a><\/li><li> <a href=\"https:\/\/exceladvisor.org\/de\/anzeige\/\">Sehen Sie sich eine Excel-Tabelle an<\/a><\/li><li> <a href=\"https:\/\/exceladvisor.org\/de\/sperren\/\">Sperren Sie ein Blatt<\/a><\/li><li> <a href=\"https:\/\/exceladvisor.org\/de\/offen\/\">Entsperren Sie ein Blatt<\/a><\/li><li> <a href=\"https:\/\/exceladvisor.org\/de\/kopie-1\/\">Kopieren oder verschieben Sie ein Blatt<\/a> <\/li><\/ul><\/div><\/div><div class=\"gb-grid-column gb-grid-column-3909e948\"><div class=\"gb-container gb-container-3909e948\"><\/div><\/div><\/div>","protected":false},"excerpt":{"rendered":"","protected":false},"author":1,"featured_media":0,"parent":0,"menu_order":0,"comment_status":"open","ping_status":"closed","template":"","meta":{"ub_ctt_via":"","footnotes":""},"class_list":["post-2986","page","type-page","status-publish","hentry"],"featured_image_src":null,"yoast_head":"<!-- This site is optimized with the Yoast SEO plugin v25.4 - https:\/\/yoast.com\/wordpress\/plugins\/seo\/ -->\n<title>10+ versteckte Fakten \u00fcber Excel-Tabellen 2023<\/title>\n<meta name=\"description\" content=\"In Excel ist ein Arbeitsblatt eine Sammlung von Millionen Zellen, in denen Sie Daten speichern k\u00f6nnen. In Betracht ziehen\" \/>\n<meta name=\"robots\" content=\"index, follow, max-snippet:-1, max-image-preview:large, max-video-preview:-1\" \/>\n<link rel=\"canonical\" href=\"https:\/\/exceladvisor.org\/de\/arbeitsblatt\/\" \/>\n<meta property=\"og:locale\" content=\"de_DE\" \/>\n<meta property=\"og:type\" content=\"article\" \/>\n<meta property=\"og:title\" content=\"10+ versteckte Fakten \u00fcber Excel-Tabellen 2023\" \/>\n<meta property=\"og:description\" content=\"In Excel ist ein Arbeitsblatt eine Sammlung von Millionen Zellen, in denen Sie Daten speichern k\u00f6nnen. In Betracht ziehen\" \/>\n<meta property=\"og:url\" content=\"https:\/\/exceladvisor.org\/de\/arbeitsblatt\/\" \/>\n<meta property=\"og:site_name\" content=\"Excel Advisor\" \/>\n<meta property=\"article:modified_time\" content=\"2023-12-03T11:13:16+00:00\" \/>\n<meta property=\"og:image\" content=\"https:\/\/exceladvisor.org\/wp-content\/uploads\/2023\/08\/1-feuille-excel-et-feuille-de-calcul.png\" \/>\n<meta name=\"twitter:card\" content=\"summary_large_image\" \/>\n<meta name=\"twitter:label1\" content=\"Gesch\u00e4tzte Lesezeit\" \/>\n\t<meta name=\"twitter:data1\" content=\"3\u00a0Minuten\" \/>\n<script type=\"application\/ld+json\" class=\"yoast-schema-graph\">{\"@context\":\"https:\/\/schema.org\",\"@graph\":[{\"@type\":\"WebPage\",\"@id\":\"https:\/\/exceladvisor.org\/de\/arbeitsblatt\/\",\"url\":\"https:\/\/exceladvisor.org\/de\/arbeitsblatt\/\",\"name\":\"10+ versteckte Fakten \u00fcber Excel-Tabellen 2023\",\"isPartOf\":{\"@id\":\"https:\/\/exceladvisor.org\/de\/#website\"},\"primaryImageOfPage\":{\"@id\":\"https:\/\/exceladvisor.org\/de\/arbeitsblatt\/#primaryimage\"},\"image\":{\"@id\":\"https:\/\/exceladvisor.org\/de\/arbeitsblatt\/#primaryimage\"},\"thumbnailUrl\":\"https:\/\/exceladvisor.org\/wp-content\/uploads\/2023\/08\/1-feuille-excel-et-feuille-de-calcul.png\",\"datePublished\":\"2023-11-21T00:24:01+00:00\",\"dateModified\":\"2023-12-03T11:13:16+00:00\",\"description\":\"In Excel ist ein Arbeitsblatt eine Sammlung von Millionen Zellen, in denen Sie Daten speichern k\u00f6nnen. In Betracht ziehen\",\"breadcrumb\":{\"@id\":\"https:\/\/exceladvisor.org\/de\/arbeitsblatt\/#breadcrumb\"},\"inLanguage\":\"de\",\"potentialAction\":[{\"@type\":\"ReadAction\",\"target\":[\"https:\/\/exceladvisor.org\/de\/arbeitsblatt\/\"]}]},{\"@type\":\"ImageObject\",\"inLanguage\":\"de\",\"@id\":\"https:\/\/exceladvisor.org\/de\/arbeitsblatt\/#primaryimage\",\"url\":\"https:\/\/exceladvisor.org\/wp-content\/uploads\/2023\/08\/1-feuille-excel-et-feuille-de-calcul.png\",\"contentUrl\":\"https:\/\/exceladvisor.org\/wp-content\/uploads\/2023\/08\/1-feuille-excel-et-feuille-de-calcul.png\"},{\"@type\":\"BreadcrumbList\",\"@id\":\"https:\/\/exceladvisor.org\/de\/arbeitsblatt\/#breadcrumb\",\"itemListElement\":[{\"@type\":\"ListItem\",\"position\":1,\"name\":\"Accueil\",\"item\":\"https:\/\/exceladvisor.org\/de\/\"},{\"@type\":\"ListItem\",\"position\":2,\"name\":\"Was ist eine excel-tabelle?\"}]},{\"@type\":\"WebSite\",\"@id\":\"https:\/\/exceladvisor.org\/de\/#website\",\"url\":\"https:\/\/exceladvisor.org\/de\/\",\"name\":\"Excel Advisor\",\"description\":\"Ihr Leitfaden zur Datendominanz\",\"publisher\":{\"@id\":\"https:\/\/exceladvisor.org\/de\/#organization\"},\"potentialAction\":[{\"@type\":\"SearchAction\",\"target\":{\"@type\":\"EntryPoint\",\"urlTemplate\":\"https:\/\/exceladvisor.org\/de\/?s={search_term_string}\"},\"query-input\":{\"@type\":\"PropertyValueSpecification\",\"valueRequired\":true,\"valueName\":\"search_term_string\"}}],\"inLanguage\":\"de\"},{\"@type\":\"Organization\",\"@id\":\"https:\/\/exceladvisor.org\/de\/#organization\",\"name\":\"Excel Advisor\",\"url\":\"https:\/\/exceladvisor.org\/de\/\",\"logo\":{\"@type\":\"ImageObject\",\"inLanguage\":\"de\",\"@id\":\"https:\/\/exceladvisor.org\/de\/#\/schema\/logo\/image\/\",\"url\":\"https:\/\/exceladvisor.org\/de\/wp-content\/uploads\/2023\/11\/exceladvisor.org_.png\",\"contentUrl\":\"https:\/\/exceladvisor.org\/de\/wp-content\/uploads\/2023\/11\/exceladvisor.org_.png\",\"width\":105,\"height\":36,\"caption\":\"Excel Advisor\"},\"image\":{\"@id\":\"https:\/\/exceladvisor.org\/de\/#\/schema\/logo\/image\/\"}}]}<\/script>\n<!-- \/ Yoast SEO plugin. -->","yoast_head_json":{"title":"10+ versteckte Fakten \u00fcber Excel-Tabellen 2023","description":"In Excel ist ein Arbeitsblatt eine Sammlung von Millionen Zellen, in denen Sie Daten speichern k\u00f6nnen. In Betracht ziehen","robots":{"index":"index","follow":"follow","max-snippet":"max-snippet:-1","max-image-preview":"max-image-preview:large","max-video-preview":"max-video-preview:-1"},"canonical":"https:\/\/exceladvisor.org\/de\/arbeitsblatt\/","og_locale":"de_DE","og_type":"article","og_title":"10+ versteckte Fakten \u00fcber Excel-Tabellen 2023","og_description":"In Excel ist ein Arbeitsblatt eine Sammlung von Millionen Zellen, in denen Sie Daten speichern k\u00f6nnen. In Betracht ziehen","og_url":"https:\/\/exceladvisor.org\/de\/arbeitsblatt\/","og_site_name":"Excel Advisor","article_modified_time":"2023-12-03T11:13:16+00:00","og_image":[{"url":"https:\/\/exceladvisor.org\/wp-content\/uploads\/2023\/08\/1-feuille-excel-et-feuille-de-calcul.png","type":"","width":"","height":""}],"twitter_card":"summary_large_image","twitter_misc":{"Gesch\u00e4tzte Lesezeit":"3\u00a0Minuten"},"schema":{"@context":"https:\/\/schema.org","@graph":[{"@type":"WebPage","@id":"https:\/\/exceladvisor.org\/de\/arbeitsblatt\/","url":"https:\/\/exceladvisor.org\/de\/arbeitsblatt\/","name":"10+ versteckte Fakten \u00fcber Excel-Tabellen 2023","isPartOf":{"@id":"https:\/\/exceladvisor.org\/de\/#website"},"primaryImageOfPage":{"@id":"https:\/\/exceladvisor.org\/de\/arbeitsblatt\/#primaryimage"},"image":{"@id":"https:\/\/exceladvisor.org\/de\/arbeitsblatt\/#primaryimage"},"thumbnailUrl":"https:\/\/exceladvisor.org\/wp-content\/uploads\/2023\/08\/1-feuille-excel-et-feuille-de-calcul.png","datePublished":"2023-11-21T00:24:01+00:00","dateModified":"2023-12-03T11:13:16+00:00","description":"In Excel ist ein Arbeitsblatt eine Sammlung von Millionen Zellen, in denen Sie Daten speichern k\u00f6nnen. In Betracht ziehen","breadcrumb":{"@id":"https:\/\/exceladvisor.org\/de\/arbeitsblatt\/#breadcrumb"},"inLanguage":"de","potentialAction":[{"@type":"ReadAction","target":["https:\/\/exceladvisor.org\/de\/arbeitsblatt\/"]}]},{"@type":"ImageObject","inLanguage":"de","@id":"https:\/\/exceladvisor.org\/de\/arbeitsblatt\/#primaryimage","url":"https:\/\/exceladvisor.org\/wp-content\/uploads\/2023\/08\/1-feuille-excel-et-feuille-de-calcul.png","contentUrl":"https:\/\/exceladvisor.org\/wp-content\/uploads\/2023\/08\/1-feuille-excel-et-feuille-de-calcul.png"},{"@type":"BreadcrumbList","@id":"https:\/\/exceladvisor.org\/de\/arbeitsblatt\/#breadcrumb","itemListElement":[{"@type":"ListItem","position":1,"name":"Accueil","item":"https:\/\/exceladvisor.org\/de\/"},{"@type":"ListItem","position":2,"name":"Was ist eine excel-tabelle?"}]},{"@type":"WebSite","@id":"https:\/\/exceladvisor.org\/de\/#website","url":"https:\/\/exceladvisor.org\/de\/","name":"Excel Advisor","description":"Ihr Leitfaden zur Datendominanz","publisher":{"@id":"https:\/\/exceladvisor.org\/de\/#organization"},"potentialAction":[{"@type":"SearchAction","target":{"@type":"EntryPoint","urlTemplate":"https:\/\/exceladvisor.org\/de\/?s={search_term_string}"},"query-input":{"@type":"PropertyValueSpecification","valueRequired":true,"valueName":"search_term_string"}}],"inLanguage":"de"},{"@type":"Organization","@id":"https:\/\/exceladvisor.org\/de\/#organization","name":"Excel Advisor","url":"https:\/\/exceladvisor.org\/de\/","logo":{"@type":"ImageObject","inLanguage":"de","@id":"https:\/\/exceladvisor.org\/de\/#\/schema\/logo\/image\/","url":"https:\/\/exceladvisor.org\/de\/wp-content\/uploads\/2023\/11\/exceladvisor.org_.png","contentUrl":"https:\/\/exceladvisor.org\/de\/wp-content\/uploads\/2023\/11\/exceladvisor.org_.png","width":105,"height":36,"caption":"Excel Advisor"},"image":{"@id":"https:\/\/exceladvisor.org\/de\/#\/schema\/logo\/image\/"}}]}},"yoast_meta":{"yoast_wpseo_title":"","yoast_wpseo_metadesc":"","yoast_wpseo_canonical":""},"_links":{"self":[{"href":"https:\/\/exceladvisor.org\/de\/wp-json\/wp\/v2\/pages\/2986","targetHints":{"allow":["GET"]}}],"collection":[{"href":"https:\/\/exceladvisor.org\/de\/wp-json\/wp\/v2\/pages"}],"about":[{"href":"https:\/\/exceladvisor.org\/de\/wp-json\/wp\/v2\/types\/page"}],"author":[{"embeddable":true,"href":"https:\/\/exceladvisor.org\/de\/wp-json\/wp\/v2\/users\/1"}],"replies":[{"embeddable":true,"href":"https:\/\/exceladvisor.org\/de\/wp-json\/wp\/v2\/comments?post=2986"}],"version-history":[{"count":1,"href":"https:\/\/exceladvisor.org\/de\/wp-json\/wp\/v2\/pages\/2986\/revisions"}],"predecessor-version":[{"id":3822,"href":"https:\/\/exceladvisor.org\/de\/wp-json\/wp\/v2\/pages\/2986\/revisions\/3822"}],"wp:attachment":[{"href":"https:\/\/exceladvisor.org\/de\/wp-json\/wp\/v2\/media?parent=2986"}],"curies":[{"name":"wp","href":"https:\/\/api.w.org\/{rel}","templated":true}]}}