{"id":2987,"date":"2023-11-20T20:49:18","date_gmt":"2023-11-20T20:49:18","guid":{"rendered":"https:\/\/exceladvisor.org\/de\/wasserzeichen-hinzufugen\/"},"modified":"2023-12-03T11:20:58","modified_gmt":"2023-12-03T11:20:58","slug":"wasserzeichen-hinzufugen","status":"publish","type":"page","link":"https:\/\/exceladvisor.org\/de\/wasserzeichen-hinzufugen\/","title":{"rendered":"Wie f\u00fcge ich in excel ein wasserzeichen hinzu?"},"content":{"rendered":"<div class=\"excel-vor-dem-inhalt\" id=\"excel-856031878\"><script type=\"text\/javascript\">\r\n\tatOptions = {\r\n\t\t'key' : 'c1158f160081d6540a8409e6925dab94',\r\n\t\t'format' : 'iframe',\r\n\t\t'height' : 250,\r\n\t\t'width' : 300,\r\n\t\t'params' : {}\r\n\t};\r\n<\/script>\r\n<script type=\"text\/javascript\" src=\"\/\/www.highperformanceformat.com\/c1158f160081d6540a8409e6925dab94\/invoke.js\"><\/script><\/div> <p>Ein Wasserzeichen ist ein transparentes Bild oder Text im Hintergrund des Dokuments.<\/p><p> Es kann verwendet werden, um das Dokument vor unbefugter Nutzung zu sch\u00fctzen, indem im Hintergrund ein Bild oder ein Text hinzugef\u00fcgt wird, der darauf hinweist, dass das Dokument im Voraus verwendet oder verbreitet werden darf, oder indem das Dokument als \u201eVertraulich\u201c, \u201eEntwurf\u201c, \u201eBeispiel\u201c gekennzeichnet wird. \u201eVersionen.\u201c usw.<\/p><p> Benutzer k\u00f6nnen das Wasserzeichen auch verwenden, um das Unternehmen zu brandmarken, indem sie das Logobild hinzuf\u00fcgen. Excel verf\u00fcgt nicht \u00fcber eine integrierte Wasserzeichenfunktion, Benutzer k\u00f6nnen jedoch auf verschiedene Weise Wasserzeichen als Bild und Text in einem Arbeitsblatt hinzuf\u00fcgen, formatieren und ersetzen.<\/p><p> Nachfolgend haben wir einige schnelle und einfache Schritte zum Hinzuf\u00fcgen, Formatieren, Ersetzen und Entfernen von Wasserzeichen in Excel erfasst.<\/p><h2 class=\"wp-block-heading\"> F\u00fcgen Sie Wasserzeichen als Bild in Excel mithilfe der Kopf- und Fu\u00dfzeile hinzu<\/h2><p> Um das Wasserzeichen als Bild oder Bild einzuf\u00fcgen, k\u00f6nnen Benutzer es \u00fcber die Option \u201eKopf- und Fu\u00dfzeile\u201c hinzuf\u00fcgen.<\/p><ol><li> Gehen Sie zun\u00e4chst zur Registerkarte \u201eEinf\u00fcgen\u201c, klicken Sie dann im Men\u00fcband auf das Symbol \u201eText\u201c und w\u00e4hlen Sie die Option \u201eKopf- und Fu\u00dfzeile\u201c. <br><img loading=\"lazy\" decoding=\"async\" title=\"1-Einsatzlasche\" src=\"https:\/\/exceladvisor.org\/wp-content\/uploads\/2023\/08\/1-inserer-longlet-2.png\" sizes=\"auto, \" srcset=\"\" alt=\"insert-tab\" width=\"933\" height=\"227\"><\/li><li> Klicken Sie anschlie\u00dfend im Men\u00fcband unter der Gruppe \u201eKopf- und Fu\u00dfzeilenelemente\u201c auf das Symbol \u201eBild\u201c. <br><img loading=\"lazy\" decoding=\"async\" title=\"2 Kopf- und Fu\u00dfzeilenelemente\" src=\"https:\/\/exceladvisor.org\/wp-content\/uploads\/2023\/08\/2-element-den-tete-de-pied-de-page.png\" sizes=\"auto, \" srcset=\"\" alt=\"header-&amp;-footer-element\" width=\"749\" height=\"322\"><\/li><li> W\u00e4hlen Sie nun im Dialogfeld \u201eBilder einf\u00fcgen\u201c das Bild oder Bild aus, das Sie mit einem Wasserzeichen versehen m\u00f6chten, und klicken Sie auf die Schaltfl\u00e4che \u201eEinf\u00fcgen\u201c. <br><img loading=\"lazy\" decoding=\"async\" title=\"3-Fotos einf\u00fcgen\" src=\"https:\/\/exceladvisor.org\/wp-content\/uploads\/2023\/08\/3-photos-dinsertion.png\" sizes=\"auto, \" srcset=\"\" alt=\"insert-pictures\" width=\"611\" height=\"415\"><\/li><li> Zu diesem Zeitpunkt wurde Ihr Bild als Wasserzeichen hinzugef\u00fcgt, es wird jedoch nicht sofort in der Tabelle angezeigt, sondern als &amp;[Bild] im mittleren Kopfzeilenbereich. <br><img loading=\"lazy\" decoding=\"async\" title=\"4-Wasserzeichen-Code\" src=\"https:\/\/exceladvisor.org\/wp-content\/uploads\/2023\/08\/4-code-filigrane.png\" sizes=\"auto, \" srcset=\"\" alt=\"watermark-code\" width=\"756\" height=\"310\"><\/li><li> Um das Wasserzeichen in die Mitte der Seite zu verschieben, platzieren Sie den Cursor direkt vor dem &amp;[Bild]-Code und dr\u00fccken Sie mehrmals die Eingabetaste, um das Wasserzeichen zu verschieben. <br><img loading=\"lazy\" decoding=\"async\" title=\"5-Bewegungs-Wasserzeichen\" src=\"https:\/\/exceladvisor.org\/wp-content\/uploads\/2023\/08\/Filigrane-a-5-mouvements.png\" sizes=\"auto, \" srcset=\"\" alt=\"move-watermark\" width=\"540\" height=\"422\"><\/li><li> Klicken Sie am Ende irgendwo in die Zelle au\u00dferhalb der Kopfzeile. Ihr als Wasserzeichen hinzugef\u00fcgtes Bild sollte sichtbar sein. <br><img loading=\"lazy\" decoding=\"async\" title=\"6-Wasserzeichen-als-Bild\" src=\"https:\/\/exceladvisor.org\/wp-content\/uploads\/2023\/08\/6-filigrane-comme-image.png\" sizes=\"auto, \" srcset=\"\" alt=\"watermark-as-image\" width=\"481\" height=\"331\"><br><br><\/li><\/ol><h2 class=\"wp-block-heading\"> Wasserzeichenbild in Excel formatieren<\/h2><ol><li> \u00d6ffnen Sie zun\u00e4chst die Kopf- und Fu\u00dfzeilenansicht, um das Wasserzeichenbild zu formatieren. <br><img loading=\"lazy\" decoding=\"async\" title=\"7 Kopf- und Fu\u00dfzeilenabschnitte\" src=\"https:\/\/exceladvisor.org\/wp-content\/uploads\/2023\/08\/7-section-den-tete-de-pied-de-page.png\" sizes=\"auto, \" srcset=\"\" alt=\"header-footer-section\" width=\"740\" height=\"315\"><\/li><li> Um die Gr\u00f6\u00dfe und Farbe des Wasserzeichenbilds zu formatieren, klicken Sie im Men\u00fcband unter der Gruppe \u201eKopf- und Fu\u00dfzeilenelemente\u201c auf das Symbol \u201eBild formatieren\u201c.<\/li><li> Sobald Sie auf \u201eBild formatieren\u201c klicken, \u00f6ffnet sich ein Fenster \u201eBild formatieren\u201c und auf der Registerkarte \u201eGr\u00f6\u00dfe\u201c k\u00f6nnen Sie die Gr\u00f6\u00dfe des Wasserzeichenbilds anpassen. <br><img loading=\"lazy\" decoding=\"async\" title=\"Bildgr\u00f6\u00dfe im 8-Format\" src=\"https:\/\/exceladvisor.org\/wp-content\/uploads\/2023\/08\/Taille-dimage-au-format-8.png\" sizes=\"auto, \" srcset=\"\" alt=\"format-picture-size\" width=\"392\" height=\"484\"><\/li><li> Im selben Fenster \u201eBild formatieren\u201c k\u00f6nnen Sie die Registerkarte \u201eBild\u201c ausw\u00e4hlen und die Helligkeit, den Kontrast und die Farbe des Wasserzeichenbilds anpassen. <br><img loading=\"lazy\" decoding=\"async\" title=\"9-Farben-Bildformat\" src=\"https:\/\/exceladvisor.org\/wp-content\/uploads\/2023\/08\/Couleur-dimage-au-format-9.png\" sizes=\"auto, \" srcset=\"\" alt=\"9-format-picture-color\" width=\"386\" height=\"475\"><\/li><\/ol><h2 class=\"wp-block-heading\"> Wasserzeichenbild in Excel drehen<\/h2><p> Excel verf\u00fcgt nicht \u00fcber eine Drehoption zum Drehen des Wasserzeichenbilds.<\/p><p> Wenn Benutzer das Wasserzeichenbild drehen m\u00f6chten, m\u00fcssen sie das Bild zun\u00e4chst als gedrehtes Bild speichern. Dazu haben wir Schritte f\u00fcr Sie, wie Sie das Bild drehen und speichern. Bild, bevor Sie es als Wasserzeichen zu \u201eKopf- und Fu\u00dfzeile\u201c hinzuf\u00fcgen.<\/p><ol><li> Gehen Sie zun\u00e4chst zur Registerkarte \u201eEinf\u00fcgen\u201c, klicken Sie dann auf das Symbol \u201eIllustrationen\u201c, dann auf \u201eBilder\u201c und w\u00e4hlen Sie die Option aus, aus der Sie das Bild hinzuf\u00fcgen m\u00f6chten. <br><img loading=\"lazy\" decoding=\"async\" title=\"Symbol 10-Illustrationen\" src=\"https:\/\/exceladvisor.org\/wp-content\/uploads\/2023\/08\/icone-10-illustrations.png\" sizes=\"auto, \" srcset=\"\" alt=\"illustrations-icon\" width=\"481\" height=\"300\"><\/li><li> W\u00e4hlen Sie anschlie\u00dfend das Bild aus und klicken Sie auf \u201eEinf\u00fcgen\u201c.<\/li><li> Halten Sie nun den Drehpfeil gedr\u00fcckt und drehen Sie das Bild wie gew\u00fcnscht. <br><img loading=\"lazy\" decoding=\"async\" title=\"11-Bild drehen\" src=\"https:\/\/exceladvisor.org\/wp-content\/uploads\/2023\/08\/11-faire-pivoter-limage.png\" sizes=\"auto, \" srcset=\"\" alt=\"rotate-image\" width=\"558\" height=\"326\"><\/li><li> Nachdem Sie das Bild gedreht haben, klicken Sie mit der rechten Maustaste darauf, w\u00e4hlen Sie im Kontextmen\u00fc \u201eAls Bild speichern\u201c und speichern Sie es.<\/li><li> Nachdem Sie das Bild gespeichert haben, klicken Sie auf den Bildrand und l\u00f6schen Sie es. <br><img loading=\"lazy\" decoding=\"async\" title=\"12-Speichern-als-Bild\" src=\"https:\/\/exceladvisor.org\/wp-content\/uploads\/2023\/08\/12-enregistrer-en-tant-quimage.png\" sizes=\"auto, \" srcset=\"\" alt=\"save-as-picture\" width=\"573\" height=\"444\"><\/li><li> \u00d6ffnen Sie nun die \u201eKopf- und Fu\u00dfzeile\u201c und f\u00fcgen Sie das oben gespeicherte Bild als Wasserzeichen hinzu und Sie erhalten das gedrehte Wasserzeichenbild. <br><img loading=\"lazy\" decoding=\"async\" title=\"13 rotierendes Wasserzeichenbild\" src=\"https:\/\/exceladvisor.org\/wp-content\/uploads\/2023\/08\/13-image-filigrane-pivotee.png\" sizes=\"auto, \" srcset=\"\" alt=\"rotated-watermark-image\" width=\"540\" height=\"371\"><\/li><\/ol><h2 class=\"wp-block-heading\"> F\u00fcgen Sie mithilfe von Word Art Text als Wasserzeichenbild hinzu<\/h2><p> Manchmal m\u00f6chten Benutzer Texte wie \u201eVertraulich\u201c, \u201eEntwurf\u201c, \u201eMuster\u201c, \u201eDom\u00e4nenname des Unternehmens\u201c usw. anzeigen. als Wasserzeichenbild.<\/p><p> Dazu k\u00f6nnen Benutzer den Text \u00fcber die Option \u201eWordArt\u201c eingeben und diesen Text als Wasserzeichenbild verwenden.<\/p><ol><li> Gehen Sie zun\u00e4chst zur Registerkarte \u201eEinf\u00fcgen\u201c und klicken Sie im Men\u00fcband auf das Symbol \u201eText\u201c.<\/li><li> W\u00e4hlen Sie anschlie\u00dfend die Option \u201eWordArt\u201c und w\u00e4hlen Sie den \u201eWordArt\u201c-Stil aus, den Sie zum Schreiben von Wasserzeichentext verwenden m\u00f6chten. <br><img loading=\"lazy\" decoding=\"async\" title=\"14 W\u00f6rter\" src=\"https:\/\/exceladvisor.org\/wp-content\/uploads\/2023\/08\/14-mots.png\" sizes=\"auto, \" srcset=\"\" alt=\"wordart\" width=\"632\" height=\"343\"><\/li><li> Sobald Sie den \u201eWordArt\u201c-Stil ausgew\u00e4hlt haben, erhalten Sie ein Textfeld zum Hinzuf\u00fcgen des Textes, in dem Beispieltext wie \u201eIhr Text hier\u201c im von Ihnen gew\u00e4hlten Stil angezeigt wird.<\/li><li> Klicken Sie nun in das Textfeld, l\u00f6schen Sie den Beispieltext \u201eIhr Text hier\u201c und geben Sie den gew\u00fcnschten Text als Wasserzeichen ein. <br><img loading=\"lazy\" decoding=\"async\" title=\"Textfeld mit 15 W\u00f6rtern\" src=\"https:\/\/exceladvisor.org\/wp-content\/uploads\/2023\/08\/zone-de-texte-de-15-mots.png\" sizes=\"auto, \" srcset=\"\" alt=\"wordart-text-box\" width=\"696\" height=\"368\"><\/li><li> Halten Sie anschlie\u00dfend den Rand des Textfelds gedr\u00fcckt und verschieben Sie das Textfeld an die gew\u00fcnschte Stelle.<\/li><li> Halten Sie nun den Drehpfeil gedr\u00fcckt und drehen Sie das Textfeld wie gew\u00fcnscht.<\/li><li> Wenn Sie das Textfeld einschlie\u00dflich Schriftart und Hintergrundstil formatieren m\u00f6chten, k\u00f6nnen Sie dies \u00fcber die Registerkarte \u201eForm formatieren\u201c tun.<\/li><li> Wenn Sie mit diesem Textfeld fertig sind, klicken Sie mit der rechten Maustaste auf einen beliebigen Randkreis des Textfelds und w\u00e4hlen Sie \u201eAls Bild speichern\u201c.<\/li><li> An diesem Punkt ist Ihr Text nun als Bild gespeichert und Sie k\u00f6nnen dieses Textbild als Ihr Wasserzeichenbild verwenden.<\/li><\/ol><h2 class=\"wp-block-heading\"> F\u00fcgen Sie Wasserzeichen als bearbeitbaren Text in Excel mithilfe von Kopf- und Fu\u00dfzeile hinzu<\/h2><ol><li> \u00d6ffnen Sie zun\u00e4chst die Ansicht \u201eKopf- und Fu\u00dfzeile\u201c und geben Sie den Text ein, den Sie als Wasserzeichen verwenden m\u00f6chten. (Beispielsweise haben wir \u201eExcelchamaps.com\u201c als Text eingegeben).<\/li><li> Platzieren Sie anschlie\u00dfend Ihren Cursor direkt vor dem Text (Excelchmaps.com) und dr\u00fccken Sie mehrmals die Eingabetaste, um das Wasserzeichen in die Mitte der Seite zu verschieben.<\/li><li> Um nun den Text zu formatieren, markieren Sie den gesamten Text und gehen Sie zur Registerkarte \u201eStartseite\u201c.<\/li><li> In der Gruppe \u201eSchriftart\u201c im Men\u00fcband k\u00f6nnen Sie die gew\u00fcnschte Schriftart, -gr\u00f6\u00dfe und -farbe f\u00fcr Ihren Wasserzeichentext ausw\u00e4hlen.<\/li><li> Zu diesem Zeitpunkt wurde Ihr Wasserzeichen hinzugef\u00fcgt. Um es anzuzeigen, klicken Sie auf eine beliebige Stelle in der Zelle au\u00dferhalb der Kopfzeile. Ihr als Wasserzeichen hinzugef\u00fcgter Text sollte sichtbar sein.<\/li><\/ol><h2 class=\"wp-block-heading\"> Entfernen oder ersetzen Sie das vorhandene Wasserzeichen<\/h2><ol><li> Gehen Sie zun\u00e4chst zur Registerkarte \u201eEinf\u00fcgen\u201c, klicken Sie dann auf das Symbol \u201eText\u201c und w\u00e4hlen Sie den Abschnitt \u201eKopf- und Fu\u00dfzeile\u201c. <br><img loading=\"lazy\" decoding=\"async\" title=\"22-Text-Icon-Kopieren\" src=\"https:\/\/exceladvisor.org\/wp-content\/uploads\/2023\/08\/22-copie-dicone-de-texte.png\" sizes=\"auto, \" srcset=\"\" alt=\"text-icon-Copy\" width=\"858\" height=\"209\"><\/li><li> W\u00e4hlen Sie anschlie\u00dfend den &amp;[Bild]-Code aus und tippen Sie auf L\u00f6schen, um das Wasserzeichen zu entfernen. <br><img loading=\"lazy\" decoding=\"async\" title=\"23-Header-Bildcode\" src=\"https:\/\/exceladvisor.org\/wp-content\/uploads\/2023\/08\/23-code-dimage-den-tete.png\" sizes=\"auto, \" srcset=\"\" alt=\"header-picture-code\" width=\"517\" height=\"374\"><\/li><li> Sobald Sie den Wasserzeichencode entfernt haben, klicken Sie auf eine beliebige Stelle in der Zelle au\u00dferhalb der Kopfzeile und Ihr Wasserzeichen wird entfernt.<\/li><li> Um nun das neue Wasserzeichenbild zu ersetzen oder hinzuzuf\u00fcgen, befolgen Sie erneut die Schritte \u201eHinzuf\u00fcgen eines Wasserzeichenbilds in Excel mithilfe von \u201eKopf- und Fu\u00dfzeile\u201c.<\/li><\/ol><div class=\"gb-container gb-container-4db6181c gb-container-mt\"> <a class=\"gb-button gb-button-c5897111 gb-button-text gb-button-mt-button\" href=\"https:\/\/exceladvisor.org\/de\/excel-grundlagen\/\">Microsoft Excel-Grundlagen (Komponenten, Teile und Wissenshinweise)<\/a><h2 class=\"gb-headline gb-headline-665e5f6b gb-headline-text gb-headline-mt-heading\"> Verwandte Tutorials <\/h2><div class=\"gb-grid-wrapper gb-grid-wrapper-a20baf7c gb-grid-wrapper-mt-grid\"><div class=\"gb-grid-column gb-grid-column-65ddf67e\"><div class=\"gb-container gb-container-65ddf67e\"><ul><li> <a href=\"https:\/\/exceladvisor.org\/de\/hyperlinks-hinzufugen-und-entfernen\/\">F\u00fcgen Sie Hyperlinks in Excel hinzu und entfernen Sie sie<\/a><\/li><li> <a href=\"https:\/\/exceladvisor.org\/de\/entfernen-sie-ausgeblendete-zeilenspalten\/\">L\u00f6schen Sie ausgeblendete Zeilen in Excel<\/a><\/li><li> <a href=\"https:\/\/exceladvisor.org\/de\/zellen-abwahlen\/\">Zellen in Excel abw\u00e4hlen<\/a><\/li><li> <a href=\"https:\/\/exceladvisor.org\/de\/fugen-sie-eine-spalte-hinzu\/\">F\u00fcgen Sie eine Spalte in Excel hinzu<\/a> <\/li><\/ul><\/div><\/div><div class=\"gb-grid-column gb-grid-column-50067b57\"><div class=\"gb-container gb-container-50067b57\"><ul><li> <a href=\"https:\/\/exceladvisor.org\/de\/zeilen-loschen\/\">L\u00f6schen Sie eine Zeile oder mehrere Zeilen in Excel<\/a><\/li><li> <a href=\"https:\/\/exceladvisor.org\/de\/spalte-kopieren\/\">Kopieren Sie eine Spalte und f\u00fcgen Sie sie in Excel ein<\/a><\/li><li> <a href=\"https:\/\/exceladvisor.org\/de\/zeilenspalte-verschieben\/\">Verschieben Sie eine Zeile und Spalte in Excel<\/a><\/li><li> <a href=\"https:\/\/exceladvisor.org\/de\/spaltenbreite\/\">So \u00e4ndern Sie die Spaltenbreite in Excel<\/a><\/li><\/ul><\/div><\/div><\/div><\/div>","protected":false},"excerpt":{"rendered":"","protected":false},"author":1,"featured_media":0,"parent":0,"menu_order":0,"comment_status":"open","ping_status":"closed","template":"","meta":{"ub_ctt_via":"","footnotes":""},"class_list":["post-2987","page","type-page","status-publish","hentry"],"featured_image_src":null,"yoast_head":"<!-- This site is optimized with the Yoast SEO plugin v25.4 - https:\/\/yoast.com\/wordpress\/plugins\/seo\/ -->\n<title>\u25b7 Wie f\u00fcgt man in Excel ein Wasserzeichen ein? (Tutorial 2023)<\/title>\n<meta name=\"description\" content=\"In diesem Tutorial erfahren Sie, wie Sie einer Excel-Tabelle ein Wasserzeichen hinzuf\u00fcgen. (Verwendung aller verf\u00fcgbaren Optionen).\" \/>\n<meta name=\"robots\" content=\"index, follow, max-snippet:-1, max-image-preview:large, max-video-preview:-1\" \/>\n<link rel=\"canonical\" href=\"https:\/\/exceladvisor.org\/de\/wasserzeichen-hinzufugen\/\" \/>\n<meta property=\"og:locale\" content=\"de_DE\" \/>\n<meta property=\"og:type\" content=\"article\" \/>\n<meta property=\"og:title\" content=\"\u25b7 Wie f\u00fcgt man in Excel ein Wasserzeichen ein? (Tutorial 2023)\" \/>\n<meta property=\"og:description\" content=\"In diesem Tutorial erfahren Sie, wie Sie einer Excel-Tabelle ein Wasserzeichen hinzuf\u00fcgen. (Verwendung aller verf\u00fcgbaren Optionen).\" \/>\n<meta property=\"og:url\" content=\"https:\/\/exceladvisor.org\/de\/wasserzeichen-hinzufugen\/\" \/>\n<meta property=\"og:site_name\" content=\"Excel Advisor\" \/>\n<meta property=\"article:modified_time\" content=\"2023-12-03T11:20:58+00:00\" \/>\n<meta property=\"og:image\" content=\"https:\/\/exceladvisor.org\/wp-content\/uploads\/2023\/08\/1-inserer-longlet-2.png\" \/>\n<meta name=\"twitter:card\" content=\"summary_large_image\" \/>\n<meta name=\"twitter:label1\" content=\"Gesch\u00e4tzte Lesezeit\" \/>\n\t<meta name=\"twitter:data1\" content=\"6\u00a0Minuten\" \/>\n<script type=\"application\/ld+json\" class=\"yoast-schema-graph\">{\"@context\":\"https:\/\/schema.org\",\"@graph\":[{\"@type\":\"WebPage\",\"@id\":\"https:\/\/exceladvisor.org\/de\/wasserzeichen-hinzufugen\/\",\"url\":\"https:\/\/exceladvisor.org\/de\/wasserzeichen-hinzufugen\/\",\"name\":\"\u25b7 Wie f\u00fcgt man in Excel ein Wasserzeichen ein? (Tutorial 2023)\",\"isPartOf\":{\"@id\":\"https:\/\/exceladvisor.org\/de\/#website\"},\"primaryImageOfPage\":{\"@id\":\"https:\/\/exceladvisor.org\/de\/wasserzeichen-hinzufugen\/#primaryimage\"},\"image\":{\"@id\":\"https:\/\/exceladvisor.org\/de\/wasserzeichen-hinzufugen\/#primaryimage\"},\"thumbnailUrl\":\"https:\/\/exceladvisor.org\/wp-content\/uploads\/2023\/08\/1-inserer-longlet-2.png\",\"datePublished\":\"2023-11-20T20:49:18+00:00\",\"dateModified\":\"2023-12-03T11:20:58+00:00\",\"description\":\"In diesem Tutorial erfahren Sie, wie Sie einer Excel-Tabelle ein Wasserzeichen hinzuf\u00fcgen. (Verwendung aller verf\u00fcgbaren Optionen).\",\"breadcrumb\":{\"@id\":\"https:\/\/exceladvisor.org\/de\/wasserzeichen-hinzufugen\/#breadcrumb\"},\"inLanguage\":\"de\",\"potentialAction\":[{\"@type\":\"ReadAction\",\"target\":[\"https:\/\/exceladvisor.org\/de\/wasserzeichen-hinzufugen\/\"]}]},{\"@type\":\"ImageObject\",\"inLanguage\":\"de\",\"@id\":\"https:\/\/exceladvisor.org\/de\/wasserzeichen-hinzufugen\/#primaryimage\",\"url\":\"https:\/\/exceladvisor.org\/wp-content\/uploads\/2023\/08\/1-inserer-longlet-2.png\",\"contentUrl\":\"https:\/\/exceladvisor.org\/wp-content\/uploads\/2023\/08\/1-inserer-longlet-2.png\"},{\"@type\":\"BreadcrumbList\",\"@id\":\"https:\/\/exceladvisor.org\/de\/wasserzeichen-hinzufugen\/#breadcrumb\",\"itemListElement\":[{\"@type\":\"ListItem\",\"position\":1,\"name\":\"Accueil\",\"item\":\"https:\/\/exceladvisor.org\/de\/\"},{\"@type\":\"ListItem\",\"position\":2,\"name\":\"Wie f\u00fcge ich in excel ein wasserzeichen hinzu?\"}]},{\"@type\":\"WebSite\",\"@id\":\"https:\/\/exceladvisor.org\/de\/#website\",\"url\":\"https:\/\/exceladvisor.org\/de\/\",\"name\":\"Excel Advisor\",\"description\":\"Ihr Leitfaden zur Datendominanz\",\"publisher\":{\"@id\":\"https:\/\/exceladvisor.org\/de\/#organization\"},\"potentialAction\":[{\"@type\":\"SearchAction\",\"target\":{\"@type\":\"EntryPoint\",\"urlTemplate\":\"https:\/\/exceladvisor.org\/de\/?s={search_term_string}\"},\"query-input\":{\"@type\":\"PropertyValueSpecification\",\"valueRequired\":true,\"valueName\":\"search_term_string\"}}],\"inLanguage\":\"de\"},{\"@type\":\"Organization\",\"@id\":\"https:\/\/exceladvisor.org\/de\/#organization\",\"name\":\"Excel Advisor\",\"url\":\"https:\/\/exceladvisor.org\/de\/\",\"logo\":{\"@type\":\"ImageObject\",\"inLanguage\":\"de\",\"@id\":\"https:\/\/exceladvisor.org\/de\/#\/schema\/logo\/image\/\",\"url\":\"https:\/\/exceladvisor.org\/de\/wp-content\/uploads\/2023\/11\/exceladvisor.org_.png\",\"contentUrl\":\"https:\/\/exceladvisor.org\/de\/wp-content\/uploads\/2023\/11\/exceladvisor.org_.png\",\"width\":105,\"height\":36,\"caption\":\"Excel Advisor\"},\"image\":{\"@id\":\"https:\/\/exceladvisor.org\/de\/#\/schema\/logo\/image\/\"}}]}<\/script>\n<!-- \/ Yoast SEO plugin. -->","yoast_head_json":{"title":"\u25b7 Wie f\u00fcgt man in Excel ein Wasserzeichen ein? (Tutorial 2023)","description":"In diesem Tutorial erfahren Sie, wie Sie einer Excel-Tabelle ein Wasserzeichen hinzuf\u00fcgen. (Verwendung aller verf\u00fcgbaren Optionen).","robots":{"index":"index","follow":"follow","max-snippet":"max-snippet:-1","max-image-preview":"max-image-preview:large","max-video-preview":"max-video-preview:-1"},"canonical":"https:\/\/exceladvisor.org\/de\/wasserzeichen-hinzufugen\/","og_locale":"de_DE","og_type":"article","og_title":"\u25b7 Wie f\u00fcgt man in Excel ein Wasserzeichen ein? (Tutorial 2023)","og_description":"In diesem Tutorial erfahren Sie, wie Sie einer Excel-Tabelle ein Wasserzeichen hinzuf\u00fcgen. (Verwendung aller verf\u00fcgbaren Optionen).","og_url":"https:\/\/exceladvisor.org\/de\/wasserzeichen-hinzufugen\/","og_site_name":"Excel Advisor","article_modified_time":"2023-12-03T11:20:58+00:00","og_image":[{"url":"https:\/\/exceladvisor.org\/wp-content\/uploads\/2023\/08\/1-inserer-longlet-2.png","type":"","width":"","height":""}],"twitter_card":"summary_large_image","twitter_misc":{"Gesch\u00e4tzte Lesezeit":"6\u00a0Minuten"},"schema":{"@context":"https:\/\/schema.org","@graph":[{"@type":"WebPage","@id":"https:\/\/exceladvisor.org\/de\/wasserzeichen-hinzufugen\/","url":"https:\/\/exceladvisor.org\/de\/wasserzeichen-hinzufugen\/","name":"\u25b7 Wie f\u00fcgt man in Excel ein Wasserzeichen ein? (Tutorial 2023)","isPartOf":{"@id":"https:\/\/exceladvisor.org\/de\/#website"},"primaryImageOfPage":{"@id":"https:\/\/exceladvisor.org\/de\/wasserzeichen-hinzufugen\/#primaryimage"},"image":{"@id":"https:\/\/exceladvisor.org\/de\/wasserzeichen-hinzufugen\/#primaryimage"},"thumbnailUrl":"https:\/\/exceladvisor.org\/wp-content\/uploads\/2023\/08\/1-inserer-longlet-2.png","datePublished":"2023-11-20T20:49:18+00:00","dateModified":"2023-12-03T11:20:58+00:00","description":"In diesem Tutorial erfahren Sie, wie Sie einer Excel-Tabelle ein Wasserzeichen hinzuf\u00fcgen. (Verwendung aller verf\u00fcgbaren Optionen).","breadcrumb":{"@id":"https:\/\/exceladvisor.org\/de\/wasserzeichen-hinzufugen\/#breadcrumb"},"inLanguage":"de","potentialAction":[{"@type":"ReadAction","target":["https:\/\/exceladvisor.org\/de\/wasserzeichen-hinzufugen\/"]}]},{"@type":"ImageObject","inLanguage":"de","@id":"https:\/\/exceladvisor.org\/de\/wasserzeichen-hinzufugen\/#primaryimage","url":"https:\/\/exceladvisor.org\/wp-content\/uploads\/2023\/08\/1-inserer-longlet-2.png","contentUrl":"https:\/\/exceladvisor.org\/wp-content\/uploads\/2023\/08\/1-inserer-longlet-2.png"},{"@type":"BreadcrumbList","@id":"https:\/\/exceladvisor.org\/de\/wasserzeichen-hinzufugen\/#breadcrumb","itemListElement":[{"@type":"ListItem","position":1,"name":"Accueil","item":"https:\/\/exceladvisor.org\/de\/"},{"@type":"ListItem","position":2,"name":"Wie f\u00fcge ich in excel ein wasserzeichen hinzu?"}]},{"@type":"WebSite","@id":"https:\/\/exceladvisor.org\/de\/#website","url":"https:\/\/exceladvisor.org\/de\/","name":"Excel Advisor","description":"Ihr Leitfaden zur Datendominanz","publisher":{"@id":"https:\/\/exceladvisor.org\/de\/#organization"},"potentialAction":[{"@type":"SearchAction","target":{"@type":"EntryPoint","urlTemplate":"https:\/\/exceladvisor.org\/de\/?s={search_term_string}"},"query-input":{"@type":"PropertyValueSpecification","valueRequired":true,"valueName":"search_term_string"}}],"inLanguage":"de"},{"@type":"Organization","@id":"https:\/\/exceladvisor.org\/de\/#organization","name":"Excel Advisor","url":"https:\/\/exceladvisor.org\/de\/","logo":{"@type":"ImageObject","inLanguage":"de","@id":"https:\/\/exceladvisor.org\/de\/#\/schema\/logo\/image\/","url":"https:\/\/exceladvisor.org\/de\/wp-content\/uploads\/2023\/11\/exceladvisor.org_.png","contentUrl":"https:\/\/exceladvisor.org\/de\/wp-content\/uploads\/2023\/11\/exceladvisor.org_.png","width":105,"height":36,"caption":"Excel Advisor"},"image":{"@id":"https:\/\/exceladvisor.org\/de\/#\/schema\/logo\/image\/"}}]}},"yoast_meta":{"yoast_wpseo_title":"","yoast_wpseo_metadesc":"","yoast_wpseo_canonical":""},"_links":{"self":[{"href":"https:\/\/exceladvisor.org\/de\/wp-json\/wp\/v2\/pages\/2987","targetHints":{"allow":["GET"]}}],"collection":[{"href":"https:\/\/exceladvisor.org\/de\/wp-json\/wp\/v2\/pages"}],"about":[{"href":"https:\/\/exceladvisor.org\/de\/wp-json\/wp\/v2\/types\/page"}],"author":[{"embeddable":true,"href":"https:\/\/exceladvisor.org\/de\/wp-json\/wp\/v2\/users\/1"}],"replies":[{"embeddable":true,"href":"https:\/\/exceladvisor.org\/de\/wp-json\/wp\/v2\/comments?post=2987"}],"version-history":[{"count":1,"href":"https:\/\/exceladvisor.org\/de\/wp-json\/wp\/v2\/pages\/2987\/revisions"}],"predecessor-version":[{"id":4038,"href":"https:\/\/exceladvisor.org\/de\/wp-json\/wp\/v2\/pages\/2987\/revisions\/4038"}],"wp:attachment":[{"href":"https:\/\/exceladvisor.org\/de\/wp-json\/wp\/v2\/media?parent=2987"}],"curies":[{"name":"wp","href":"https:\/\/api.w.org\/{rel}","templated":true}]}}