{"id":2988,"date":"2023-11-20T20:17:34","date_gmt":"2023-11-20T20:17:34","guid":{"rendered":"https:\/\/exceladvisor.org\/de\/offen\/"},"modified":"2023-12-03T11:19:13","modified_gmt":"2023-12-03T11:19:13","slug":"offen","status":"publish","type":"page","link":"https:\/\/exceladvisor.org\/de\/offen\/","title":{"rendered":"Wie entsperre ich ein blatt ohne passwort?"},"content":{"rendered":"<div class=\"excel-vor-dem-inhalt\" id=\"excel-1056721990\"><script type=\"text\/javascript\">\r\n\tatOptions = {\r\n\t\t'key' : 'c1158f160081d6540a8409e6925dab94',\r\n\t\t'format' : 'iframe',\r\n\t\t'height' : 250,\r\n\t\t'width' : 300,\r\n\t\t'params' : {}\r\n\t};\r\n<\/script>\r\n<script type=\"text\/javascript\" src=\"\/\/www.highperformanceformat.com\/c1158f160081d6540a8409e6925dab94\/invoke.js\"><\/script><\/div> <p>Wenn ein Blatt oder eine Tabelle gesch\u00fctzt ist, k\u00f6nnen Sie den Schutz mit dem darauf angewendeten Kennwort aufheben. In diesem Tutorial erfahren Sie, wie Sie den Schutz des Blatts aufheben und wie Sie VBA verwenden, wenn Sie sich nicht an das Kennwort zum Entsperren des Blatts erinnern.<\/p><h2 id=\"h-unprotect-or-unlock-a-sheet-with-a-password\" class=\"wp-block-heading\"> Heben Sie den Schutz oder die Entsperrung eines Blattes mit einem Passwort auf<\/h2><ol><li> Klicken Sie zun\u00e4chst mit der rechten Maustaste auf die Registerkarte \u201eBlatt\u201c. <br><img loading=\"lazy\" decoding=\"async\" title=\"1-Schutz eines Blatts aufheben\" src=\"https:\/\/exceladvisor.org\/wp-content\/uploads\/2023\/08\/1-deproteger-une-feuille.png\" sizes=\"auto, \" srcset=\"\" alt=\"1-unprotect-a-sheet\" width=\"438\" height=\"177\"><\/li><li> Klicken Sie anschlie\u00dfend auf die Option \u201eBlattschutz aufheben\u201c. <br><img loading=\"lazy\" decoding=\"async\" title=\"2-Klick-Option zum Aufheben des Blattschutzes\" src=\"https:\/\/exceladvisor.org\/wp-content\/uploads\/2023\/08\/2-cliquez-sur-loption-deproteger-la-feuille.png\" sizes=\"auto, \" srcset=\"\" alt=\"2-click-on-unprotect-sheet-option\" width=\"316\" height=\"340\"><\/li><li> Geben Sie nun das Passwort in die Eingabeleiste ein. <br><img loading=\"lazy\" decoding=\"async\" title=\"3-Passwort eingeben, um den Schutz aufzuheben\" src=\"https:\/\/exceladvisor.org\/wp-content\/uploads\/2023\/08\/3-entrez-le-mot-de-passe-pour-deproteger.png\" sizes=\"auto, \" srcset=\"\" alt=\"3-enter-password-to-unprotect\" width=\"359\" height=\"192\"><\/li><li> Klicken Sie am Ende auf OK, um den Schutz des Blatts aufzuheben. <br><img loading=\"lazy\" decoding=\"async\" title=\"4-klicken Sie auf \u201eOK\u201c, um den Schutz aufzuheben\" src=\"https:\/\/exceladvisor.org\/wp-content\/uploads\/2023\/08\/4-cliquez-sur-ok-pour-deproteger.png\" sizes=\"auto, \" srcset=\"\" alt=\"4-click-ok-to-unprotect\" width=\"326\" height=\"119\"><\/li><\/ol><p> Sie m\u00fcssen diese einfachen Schritte befolgen, um den Schutz eines Blatts oder einer Tabelle aufzuheben. Aber wenn Sie das Passwort nicht haben, vergessen Sie es. In diesem Fall m\u00fcssen Sie eine andere Methode verwenden.<\/p><h2 id=\"h-unlock-a-sheet-without-a-password\" class=\"wp-block-heading\"> Entsperren Sie ein Blatt ohne Passwort<\/h2><p> Wie gesagt, Sie m\u00fcssen hierf\u00fcr VBA-Code verwenden. Und unten ist der Code, den Sie verwenden m\u00fcssen.<\/p><pre class=\"wp-block-code\"> <code class=\"language-visual-basic\" lang=\"visual-basic\"><strong>Sub<\/strong> unlock_sheet_without_password() 'Add the code Visual Basic Editor and Run it. <strong>Dim<\/strong> i <strong>As<\/strong> Integer, j <strong>As<\/strong> Integer, k <strong>As<\/strong> Integer <strong>Dim<\/strong> l <strong>As<\/strong> Integer, m <strong>As<\/strong> Integer, n <strong>As<\/strong> Integer <strong>Dim<\/strong> i1 <strong>As<\/strong> Integer, i2 <strong>As<\/strong> Integer, i3 <strong>As<\/strong> Integer <strong>Dim<\/strong> i4 <strong>As<\/strong> Integer, i5 <strong>As<\/strong> Integer, i6 <strong>As<\/strong> Integer <strong>On<\/strong> <strong>Error<\/strong> <strong>Resume<\/strong> <strong>Next<\/strong> <strong>For<\/strong> i = 65 <strong>To<\/strong> 66: <strong>For<\/strong> j = 65 <strong>To<\/strong> 66: <strong>For<\/strong> k = 65 <strong>To<\/strong> 66 <strong>For<\/strong> l = 65 <strong>To<\/strong> 66: <strong>For<\/strong> m = 65 <strong>To<\/strong> 66: <strong>For<\/strong> i1 = 65 <strong>To<\/strong> 66 <strong>For<\/strong> i2 = 65 <strong>To<\/strong> 66: <strong>For<\/strong> i3 = 65 <strong>To<\/strong> 66: <strong>For<\/strong> i4 = 65 <strong>To<\/strong> 66 <strong>For<\/strong> i5 = 65 <strong>To<\/strong> 66: <strong>For<\/strong> i6 = 65 <strong>To<\/strong> 66: <strong>For<\/strong> n = 32 <strong>To<\/strong> 126 ActiveSheet.Unprotect Chr(i) &amp; Chr(j) &amp; Chr(k) &amp; _ Chr(l) &amp; Chr(m) &amp; Chr(i1) &amp; Chr(i2) &amp; Chr(i3) &amp; _ Chr(i4) &amp; Chr(i5) &amp; Chr(i6) &amp; Chr(n) <strong>If<\/strong> ActiveSheet.ProtectContents = False <strong>Then<\/strong> MsgBox \"One usable password is \" &amp; Chr(i) &amp; Chr(j) &amp; _ Chr(k) &amp; Chr(l) &amp; Chr(m) &amp; Chr(i1) &amp; Chr(i2) &amp; _ Chr(i3) &amp; Chr(i4) &amp; Chr(i5) &amp; Chr(i6) &amp; Chr(n) <strong>Exit<\/strong> <strong>Sub<\/strong> <strong>End<\/strong> <strong>If<\/strong> <strong>Next<\/strong> : <strong>Next<\/strong> : <strong>Next<\/strong> : <strong>Next<\/strong> : <strong>Next<\/strong> : <strong>Next<\/strong> <strong>Next<\/strong> : <strong>Next<\/strong> : <strong>Next<\/strong> : <strong>Next<\/strong> : <strong>Next<\/strong> : <strong>Next<\/strong> <strong>End<\/strong> <strong>Sub<\/strong><\/code><\/pre><p class=\"qt-tip\"> <strong>Hinweis<\/strong> : Speichern Sie vor der Verwendung dieses Codes eine Dateisicherung. Manchmal braucht es Zeit, das Passwort auszuf\u00fchren und zu knacken.<\/p><ol><li> Gehen Sie zur Registerkarte \u201eEntwickler\u201c und <a href=\"https:\/\/exceladvisor.org\/de\/fugen-sie-eine-entwicklerregisterkarte-hinzu\/\">klicken Sie auf \u201eVisual Basic\u201c<\/a> . Und wenn Sie die Registerkarte \u201eEntwickler\u201c nicht haben, m\u00fcssen Sie <a href=\"https:\/\/exceladvisor.org\/de\/fugen-sie-eine-entwicklerregisterkarte-hinzu\/\">sie zuerst aktivieren<\/a> . <br><img loading=\"lazy\" decoding=\"async\" title=\"5-Klick-auf-Visual-Basic\" src=\"https:\/\/exceladvisor.org\/wp-content\/uploads\/2023\/08\/5-clic-sur-visual-basic.png\" sizes=\"auto, \" srcset=\"\" alt=\"5-click-on-visual-basic\" width=\"557\" height=\"160\"><\/li><li> Klicken Sie auf der rechten Seite des Fensters auf den Blattnamen und f\u00fcgen Sie von dort aus ein neues <a href=\"https:\/\/exceladvisor.org\/de\/modul\/\">Modul<\/a> ein. <br><img loading=\"lazy\" decoding=\"async\" title=\"6-Klicken Sie auf den Blattnamen und f\u00fcgen Sie ein neues Modul ein\" src=\"https:\/\/exceladvisor.org\/wp-content\/uploads\/2023\/08\/6-cliquez-sur-le-nom-de-la-feuille-et-inserez-un-nouveau-module.png\" sizes=\"auto, \" srcset=\"\" alt=\"6-click-on-sheet-name-and-insert-new-module\" width=\"421\" height=\"387\"><\/li><li> Sie haben das Codefenster auf der rechten Seite Ihres Fensters. F\u00fcgen Sie dort den Code ein. <br><img loading=\"lazy\" decoding=\"async\" title=\"7-F\u00fcgen Sie den Code hier ein\" src=\"https:\/\/exceladvisor.org\/wp-content\/uploads\/2023\/08\/7-collez-le-code-ici.png\" sizes=\"auto, \" srcset=\"\" alt=\"7-paste-the-code-here\" width=\"658\" height=\"450\"><\/li><li> Klicken Sie anschlie\u00dfend auf die Schaltfl\u00e4che \u201eAusf\u00fchren\u201c, um den Code auszuf\u00fchren. <br><img loading=\"lazy\" decoding=\"async\" title=\"8-F\u00fchren Sie den Code aus\" src=\"https:\/\/exceladvisor.org\/wp-content\/uploads\/2023\/08\/8-executer-le-code.png\" sizes=\"auto, \" srcset=\"\" alt=\"8-run-the-code\" width=\"444\" height=\"194\"><\/li><li> Wenn Sie den Code ausf\u00fchren, wird Ihnen schlie\u00dflich im Meldungsfeld ein geknacktes Passwort angezeigt, mit dem Sie den Schutz des Blatts aufheben k\u00f6nnen.<\/li><\/ol><h2 id=\"h-points-to-remember\" class=\"wp-block-heading\"> Imbissbuden<\/h2><ul><li> Speichern Sie vor der Verwendung dieses Codes eine Dateisicherung. Es ist m\u00f6glich, dass Excel abst\u00fcrzt, wenn Sie diesen Code ausf\u00fchren.<\/li><li> Wenn Sie Excel 365 oder eine andere Version zwischen 2013 und 2021 verwenden, m\u00fcssen Sie die Datei zun\u00e4chst im XLS-Format speichern<\/li><li> Dies funktioniert jeweils nur f\u00fcr ein Blatt. Wenn Sie mehrere Bl\u00e4tter haben, m\u00fcssen Sie den Code so oft ausf\u00fchren. <\/li><\/ul><div class=\"gb-container gb-container-3044ba66 gb-container-mt\"><p class=\"gb-headline gb-headline-b5bb6270 gb-headline-text\"> <strong><a href=\"https:\/\/exceladvisor.org\/de\/excel-grundlagen\/\">Excel-Grundlagen<\/a><\/strong> \/ <strong><a href=\"https:\/\/exceladvisor.org\/de\/arbeitsblatt\/\" data-wpil=\"url\">Excel-Tabelle<\/a><\/strong><\/p><h2 class=\"gb-headline gb-headline-819d540d gb-headline-text gb-headline-mt-heading\"> Weitere Tutorials <\/h2><div class=\"gb-grid-wrapper gb-grid-wrapper-7f3d805a gb-grid-wrapper-mt-grid\"><div class=\"gb-grid-column gb-grid-column-7495e031\"><div class=\"gb-container gb-container-7495e031\"><ul><li> <a href=\"https:\/\/exceladvisor.org\/de\/hinzufugen\/\">F\u00fcgen Sie eine Tabelle in Excel hinzu<\/a><\/li><li> <a href=\"https:\/\/exceladvisor.org\/de\/tab-farbe-andern\/\">Tab-Farbe in Excel \u00e4ndern (Arbeitsblatt-Tab)<\/a><\/li><li> <a href=\"https:\/\/exceladvisor.org\/de\/fuge-einen-titel-hinzu\/\">F\u00fcgen Sie einem Arbeitsblatt in Excel einen Titel hinzu<\/a><\/li><li> <a href=\"https:\/\/exceladvisor.org\/de\/kopie-1\/\">Ein Blatt (Tabellenkalkulation) kopieren oder verschieben<\/a><\/li><li> <a href=\"https:\/\/exceladvisor.org\/de\/alles-auswahlen-1\/\">Alle Arbeitsbl\u00e4tter (Bl\u00e4tter) ausw\u00e4hlen<\/a> <\/li><\/ul><\/div><\/div><div class=\"gb-grid-column gb-grid-column-530ab33a\"><div class=\"gb-container gb-container-530ab33a\"><\/div><\/div><\/div><\/div>","protected":false},"excerpt":{"rendered":"","protected":false},"author":1,"featured_media":0,"parent":0,"menu_order":0,"comment_status":"open","ping_status":"closed","template":"","meta":{"ub_ctt_via":"","footnotes":""},"class_list":["post-2988","page","type-page","status-publish","hentry"],"featured_image_src":null,"yoast_head":"<!-- This site is optimized with the Yoast SEO plugin v25.4 - https:\/\/yoast.com\/wordpress\/plugins\/seo\/ -->\n<title>\u25b7 Wie entsperre ich ein Blatt ohne Passwort?<\/title>\n<meta name=\"description\" content=\"Diese Kurzanleitung hilft Ihnen, den Schutz einer Excel-Tabelle mit oder ohne Passwort aufzuheben oder zu entsperren. Lassen Sie uns das \u00fcberpr\u00fcfen.\" \/>\n<meta name=\"robots\" content=\"index, follow, max-snippet:-1, max-image-preview:large, max-video-preview:-1\" \/>\n<link rel=\"canonical\" href=\"https:\/\/exceladvisor.org\/de\/offen\/\" \/>\n<meta property=\"og:locale\" content=\"de_DE\" \/>\n<meta property=\"og:type\" content=\"article\" \/>\n<meta property=\"og:title\" content=\"\u25b7 Wie entsperre ich ein Blatt ohne Passwort?\" \/>\n<meta property=\"og:description\" content=\"Diese Kurzanleitung hilft Ihnen, den Schutz einer Excel-Tabelle mit oder ohne Passwort aufzuheben oder zu entsperren. Lassen Sie uns das \u00fcberpr\u00fcfen.\" \/>\n<meta property=\"og:url\" content=\"https:\/\/exceladvisor.org\/de\/offen\/\" \/>\n<meta property=\"og:site_name\" content=\"Excel Advisor\" \/>\n<meta property=\"article:modified_time\" content=\"2023-12-03T11:19:13+00:00\" \/>\n<meta property=\"og:image\" content=\"https:\/\/exceladvisor.org\/wp-content\/uploads\/2023\/08\/1-deproteger-une-feuille.png\" \/>\n<meta name=\"twitter:card\" content=\"summary_large_image\" \/>\n<meta name=\"twitter:label1\" content=\"Gesch\u00e4tzte Lesezeit\" \/>\n\t<meta name=\"twitter:data1\" content=\"3\u00a0Minuten\" \/>\n<script type=\"application\/ld+json\" class=\"yoast-schema-graph\">{\"@context\":\"https:\/\/schema.org\",\"@graph\":[{\"@type\":\"WebPage\",\"@id\":\"https:\/\/exceladvisor.org\/de\/offen\/\",\"url\":\"https:\/\/exceladvisor.org\/de\/offen\/\",\"name\":\"\u25b7 Wie entsperre ich ein Blatt ohne Passwort?\",\"isPartOf\":{\"@id\":\"https:\/\/exceladvisor.org\/de\/#website\"},\"primaryImageOfPage\":{\"@id\":\"https:\/\/exceladvisor.org\/de\/offen\/#primaryimage\"},\"image\":{\"@id\":\"https:\/\/exceladvisor.org\/de\/offen\/#primaryimage\"},\"thumbnailUrl\":\"https:\/\/exceladvisor.org\/wp-content\/uploads\/2023\/08\/1-deproteger-une-feuille.png\",\"datePublished\":\"2023-11-20T20:17:34+00:00\",\"dateModified\":\"2023-12-03T11:19:13+00:00\",\"description\":\"Diese Kurzanleitung hilft Ihnen, den Schutz einer Excel-Tabelle mit oder ohne Passwort aufzuheben oder zu entsperren. Lassen Sie uns das \u00fcberpr\u00fcfen.\",\"breadcrumb\":{\"@id\":\"https:\/\/exceladvisor.org\/de\/offen\/#breadcrumb\"},\"inLanguage\":\"de\",\"potentialAction\":[{\"@type\":\"ReadAction\",\"target\":[\"https:\/\/exceladvisor.org\/de\/offen\/\"]}]},{\"@type\":\"ImageObject\",\"inLanguage\":\"de\",\"@id\":\"https:\/\/exceladvisor.org\/de\/offen\/#primaryimage\",\"url\":\"https:\/\/exceladvisor.org\/wp-content\/uploads\/2023\/08\/1-deproteger-une-feuille.png\",\"contentUrl\":\"https:\/\/exceladvisor.org\/wp-content\/uploads\/2023\/08\/1-deproteger-une-feuille.png\"},{\"@type\":\"BreadcrumbList\",\"@id\":\"https:\/\/exceladvisor.org\/de\/offen\/#breadcrumb\",\"itemListElement\":[{\"@type\":\"ListItem\",\"position\":1,\"name\":\"Accueil\",\"item\":\"https:\/\/exceladvisor.org\/de\/\"},{\"@type\":\"ListItem\",\"position\":2,\"name\":\"Wie entsperre ich ein blatt ohne passwort?\"}]},{\"@type\":\"WebSite\",\"@id\":\"https:\/\/exceladvisor.org\/de\/#website\",\"url\":\"https:\/\/exceladvisor.org\/de\/\",\"name\":\"Excel Advisor\",\"description\":\"Ihr Leitfaden zur Datendominanz\",\"publisher\":{\"@id\":\"https:\/\/exceladvisor.org\/de\/#organization\"},\"potentialAction\":[{\"@type\":\"SearchAction\",\"target\":{\"@type\":\"EntryPoint\",\"urlTemplate\":\"https:\/\/exceladvisor.org\/de\/?s={search_term_string}\"},\"query-input\":{\"@type\":\"PropertyValueSpecification\",\"valueRequired\":true,\"valueName\":\"search_term_string\"}}],\"inLanguage\":\"de\"},{\"@type\":\"Organization\",\"@id\":\"https:\/\/exceladvisor.org\/de\/#organization\",\"name\":\"Excel Advisor\",\"url\":\"https:\/\/exceladvisor.org\/de\/\",\"logo\":{\"@type\":\"ImageObject\",\"inLanguage\":\"de\",\"@id\":\"https:\/\/exceladvisor.org\/de\/#\/schema\/logo\/image\/\",\"url\":\"https:\/\/exceladvisor.org\/de\/wp-content\/uploads\/2023\/11\/exceladvisor.org_.png\",\"contentUrl\":\"https:\/\/exceladvisor.org\/de\/wp-content\/uploads\/2023\/11\/exceladvisor.org_.png\",\"width\":105,\"height\":36,\"caption\":\"Excel Advisor\"},\"image\":{\"@id\":\"https:\/\/exceladvisor.org\/de\/#\/schema\/logo\/image\/\"}}]}<\/script>\n<!-- \/ Yoast SEO plugin. -->","yoast_head_json":{"title":"\u25b7 Wie entsperre ich ein Blatt ohne Passwort?","description":"Diese Kurzanleitung hilft Ihnen, den Schutz einer Excel-Tabelle mit oder ohne Passwort aufzuheben oder zu entsperren. Lassen Sie uns das \u00fcberpr\u00fcfen.","robots":{"index":"index","follow":"follow","max-snippet":"max-snippet:-1","max-image-preview":"max-image-preview:large","max-video-preview":"max-video-preview:-1"},"canonical":"https:\/\/exceladvisor.org\/de\/offen\/","og_locale":"de_DE","og_type":"article","og_title":"\u25b7 Wie entsperre ich ein Blatt ohne Passwort?","og_description":"Diese Kurzanleitung hilft Ihnen, den Schutz einer Excel-Tabelle mit oder ohne Passwort aufzuheben oder zu entsperren. Lassen Sie uns das \u00fcberpr\u00fcfen.","og_url":"https:\/\/exceladvisor.org\/de\/offen\/","og_site_name":"Excel Advisor","article_modified_time":"2023-12-03T11:19:13+00:00","og_image":[{"url":"https:\/\/exceladvisor.org\/wp-content\/uploads\/2023\/08\/1-deproteger-une-feuille.png","type":"","width":"","height":""}],"twitter_card":"summary_large_image","twitter_misc":{"Gesch\u00e4tzte Lesezeit":"3\u00a0Minuten"},"schema":{"@context":"https:\/\/schema.org","@graph":[{"@type":"WebPage","@id":"https:\/\/exceladvisor.org\/de\/offen\/","url":"https:\/\/exceladvisor.org\/de\/offen\/","name":"\u25b7 Wie entsperre ich ein Blatt ohne Passwort?","isPartOf":{"@id":"https:\/\/exceladvisor.org\/de\/#website"},"primaryImageOfPage":{"@id":"https:\/\/exceladvisor.org\/de\/offen\/#primaryimage"},"image":{"@id":"https:\/\/exceladvisor.org\/de\/offen\/#primaryimage"},"thumbnailUrl":"https:\/\/exceladvisor.org\/wp-content\/uploads\/2023\/08\/1-deproteger-une-feuille.png","datePublished":"2023-11-20T20:17:34+00:00","dateModified":"2023-12-03T11:19:13+00:00","description":"Diese Kurzanleitung hilft Ihnen, den Schutz einer Excel-Tabelle mit oder ohne Passwort aufzuheben oder zu entsperren. Lassen Sie uns das \u00fcberpr\u00fcfen.","breadcrumb":{"@id":"https:\/\/exceladvisor.org\/de\/offen\/#breadcrumb"},"inLanguage":"de","potentialAction":[{"@type":"ReadAction","target":["https:\/\/exceladvisor.org\/de\/offen\/"]}]},{"@type":"ImageObject","inLanguage":"de","@id":"https:\/\/exceladvisor.org\/de\/offen\/#primaryimage","url":"https:\/\/exceladvisor.org\/wp-content\/uploads\/2023\/08\/1-deproteger-une-feuille.png","contentUrl":"https:\/\/exceladvisor.org\/wp-content\/uploads\/2023\/08\/1-deproteger-une-feuille.png"},{"@type":"BreadcrumbList","@id":"https:\/\/exceladvisor.org\/de\/offen\/#breadcrumb","itemListElement":[{"@type":"ListItem","position":1,"name":"Accueil","item":"https:\/\/exceladvisor.org\/de\/"},{"@type":"ListItem","position":2,"name":"Wie entsperre ich ein blatt ohne passwort?"}]},{"@type":"WebSite","@id":"https:\/\/exceladvisor.org\/de\/#website","url":"https:\/\/exceladvisor.org\/de\/","name":"Excel Advisor","description":"Ihr Leitfaden zur Datendominanz","publisher":{"@id":"https:\/\/exceladvisor.org\/de\/#organization"},"potentialAction":[{"@type":"SearchAction","target":{"@type":"EntryPoint","urlTemplate":"https:\/\/exceladvisor.org\/de\/?s={search_term_string}"},"query-input":{"@type":"PropertyValueSpecification","valueRequired":true,"valueName":"search_term_string"}}],"inLanguage":"de"},{"@type":"Organization","@id":"https:\/\/exceladvisor.org\/de\/#organization","name":"Excel Advisor","url":"https:\/\/exceladvisor.org\/de\/","logo":{"@type":"ImageObject","inLanguage":"de","@id":"https:\/\/exceladvisor.org\/de\/#\/schema\/logo\/image\/","url":"https:\/\/exceladvisor.org\/de\/wp-content\/uploads\/2023\/11\/exceladvisor.org_.png","contentUrl":"https:\/\/exceladvisor.org\/de\/wp-content\/uploads\/2023\/11\/exceladvisor.org_.png","width":105,"height":36,"caption":"Excel Advisor"},"image":{"@id":"https:\/\/exceladvisor.org\/de\/#\/schema\/logo\/image\/"}}]}},"yoast_meta":{"yoast_wpseo_title":"","yoast_wpseo_metadesc":"","yoast_wpseo_canonical":""},"_links":{"self":[{"href":"https:\/\/exceladvisor.org\/de\/wp-json\/wp\/v2\/pages\/2988","targetHints":{"allow":["GET"]}}],"collection":[{"href":"https:\/\/exceladvisor.org\/de\/wp-json\/wp\/v2\/pages"}],"about":[{"href":"https:\/\/exceladvisor.org\/de\/wp-json\/wp\/v2\/types\/page"}],"author":[{"embeddable":true,"href":"https:\/\/exceladvisor.org\/de\/wp-json\/wp\/v2\/users\/1"}],"replies":[{"embeddable":true,"href":"https:\/\/exceladvisor.org\/de\/wp-json\/wp\/v2\/comments?post=2988"}],"version-history":[{"count":1,"href":"https:\/\/exceladvisor.org\/de\/wp-json\/wp\/v2\/pages\/2988\/revisions"}],"predecessor-version":[{"id":3919,"href":"https:\/\/exceladvisor.org\/de\/wp-json\/wp\/v2\/pages\/2988\/revisions\/3919"}],"wp:attachment":[{"href":"https:\/\/exceladvisor.org\/de\/wp-json\/wp\/v2\/media?parent=2988"}],"curies":[{"name":"wp","href":"https:\/\/api.w.org\/{rel}","templated":true}]}}