{"id":2990,"date":"2023-11-20T06:11:24","date_gmt":"2023-11-20T06:11:24","guid":{"rendered":"https:\/\/exceladvisor.org\/de\/hyperlinks-hinzufugen-und-entfernen\/"},"modified":"2023-12-03T11:20:55","modified_gmt":"2023-12-03T11:20:55","slug":"hyperlinks-hinzufugen-und-entfernen","status":"publish","type":"page","link":"https:\/\/exceladvisor.org\/de\/hyperlinks-hinzufugen-und-entfernen\/","title":{"rendered":"Wie f\u00fcge ich hyperlinks in excel hinzu und entferne sie?"},"content":{"rendered":"<div class=\"excel-vor-dem-inhalt\" id=\"excel-1499489951\"><script type=\"text\/javascript\">\r\n\tatOptions = {\r\n\t\t'key' : 'c1158f160081d6540a8409e6925dab94',\r\n\t\t'format' : 'iframe',\r\n\t\t'height' : 250,\r\n\t\t'width' : 300,\r\n\t\t'params' : {}\r\n\t};\r\n<\/script>\r\n<script type=\"text\/javascript\" src=\"\/\/www.highperformanceformat.com\/c1158f160081d6540a8409e6925dab94\/invoke.js\"><\/script><\/div> <p>Ein Hyperlink in Excel ist ein Link zu einer bestimmten Datei, einem bestimmten Dokument, einem bestimmten Speicherort, einer Website und einer E-Mail-Adresse. Mithilfe des Hyperlinks k\u00f6nnen Benutzer zu einer bestimmten Datei, einem bestimmten Dokument oder einem bestimmten Speicherort navigieren.<\/p><p> Durch das Hinzuf\u00fcgen einer Web- oder E-Mail-Adresse zum Hyperlink k\u00f6nnen Benutzer zu einer Internet-Webseite navigieren oder eine E-Mail an eine bestimmte E-Mail-Adresse senden, indem sie einfach auf diesen Link klicken.<\/p><p> Hyperlinks sind leicht zu erkennen, da sie blau oder lila unterstrichen sind. Wir haben einige schnelle und einfache Schritte zum Hinzuf\u00fcgen und Entfernen von Hyperlinks in Excel erw\u00e4hnt.<\/p><h2 class=\"wp-block-heading\"> F\u00fcgen Sie einen Hyperlink zu einer vorhandenen Arbeitsmappe hinzu<\/h2><p> Das Hinzuf\u00fcgen von Hyperlinks in Excel ist sehr schnell und einfach. Benutzer k\u00f6nnen Hyperlinks manuell zu Excel hinzuf\u00fcgen. Excel erstellt au\u00dferdem automatisch einen Hyperlink, wenn Benutzer eine Webadresse oder E-Mail-Adresse in eine Zelle eingeben.<\/p><ol><li> Gehen Sie zun\u00e4chst zur Registerkarte \u201eEinf\u00fcgen\u201c und klicken Sie dann auf das Symbol \u201eLink\u201c unter der Gruppe \u201eLink\u201c. <br><img loading=\"lazy\" decoding=\"async\" class=\"alignnone  wp-image-12836\" src=\"https:\/\/exceladvisor.org\/wp-content\/uploads\/2023\/11\/1-ajouter-des-liens.png\" alt=\"1 Links hinzuf\u00fcgen\" width=\"682\" height=\"72\" srcset=\"https:\/\/exceladvisor.org\/wp-content\/uploads\/2023\/11\/1-ajouter-des-liens.png 1491w, https:\/\/exceladvisor.org\/wp-content\/uploads\/2023\/11\/1-ajouter-des-liens-300x32.png 300w, https:\/\/exceladvisor.org\/wp-content\/uploads\/2023\/11\/1-ajouter-des-liens-1024x108.png 1024w, https:\/\/exceladvisor.org\/wp-content\/uploads\/2023\/11\/1-ajouter-des-liens-768x81.png 768w\" sizes=\"auto, (max-width: 682px) 100vw, 682px\"><\/li><li> Oder klicken Sie mit der rechten Maustaste auf die Zelle, in der Sie den Hyperlink hinzuf\u00fcgen m\u00f6chten, und klicken Sie dann im Kontextmen\u00fc auf die Option \u201eLink\u201c. <br><img loading=\"lazy\" decoding=\"async\" class=\"alignnone  wp-image-12837\" src=\"https:\/\/exceladvisor.org\/wp-content\/uploads\/2023\/11\/2-option-de-lien.png\" alt=\"2-Link-Option\" width=\"190\" height=\"412\" srcset=\"https:\/\/exceladvisor.org\/wp-content\/uploads\/2023\/11\/2-option-de-lien.png 345w, https:\/\/exceladvisor.org\/wp-content\/uploads\/2023\/11\/2-option-de-lien-138x300.png 138w\" sizes=\"auto, (max-width: 190px) 100vw, 190px\"><\/li><li> Oder dr\u00fccken Sie die Tastenkombination STRG + K auf der Tastatur.<\/li><li> Sobald Sie einen der oben genannten Schritte ausgef\u00fchrt haben, wird das Fenster \u201eHyperlink einf\u00fcgen\u201c ge\u00f6ffnet.<\/li><li> W\u00e4hlen Sie anschlie\u00dfend die Option \u201eVorhandene Datei oder Webseite\u201c und w\u00e4hlen Sie dann den Speicherort aus, an dem diese Datei oder dieses Dokument abgelegt wird.<\/li><li> W\u00e4hlen Sie nun die Datei oder das Dokument aus, geben Sie dann in der Spalte \u201eAnzuzeigender Text\u201c den Text ein, den Sie als Hypertextnamen anzeigen m\u00f6chten, und klicken Sie auf \u201eOK\u201c. <br><img loading=\"lazy\" decoding=\"async\" class=\"alignnone  wp-image-12838\" src=\"https:\/\/exceladvisor.org\/wp-content\/uploads\/2023\/11\/3-ajouter-des-pages.png\" alt=\"3 Seiten hinzuf\u00fcgen\" width=\"648\" height=\"300\" srcset=\"https:\/\/exceladvisor.org\/wp-content\/uploads\/2023\/11\/3-ajouter-des-pages.png 909w, https:\/\/exceladvisor.org\/wp-content\/uploads\/2023\/11\/3-ajouter-des-pages-300x139.png 300w, https:\/\/exceladvisor.org\/wp-content\/uploads\/2023\/11\/3-ajouter-des-pages-768x356.png 768w\" sizes=\"auto, (max-width: 648px) 100vw, 648px\"><\/li><\/ol><h2 class=\"wp-block-heading\"> F\u00fcgen Sie einen Hyperlink zu einem bestimmten Blatt einer vorhandenen Arbeitsmappe hinzu<\/h2><ol><li> W\u00e4hlen Sie zun\u00e4chst die Option \u201eVorhandene Datei oder Webseite\u201c und dann den Speicherort aus, an dem diese Datei oder dieses Dokument abgelegt wird<\/li><li> W\u00e4hlen Sie anschlie\u00dfend die Datei oder das Dokument aus und klicken Sie dann auf die Schaltfl\u00e4che \u201eLesezeichen\u201c.<\/li><li> W\u00e4hlen Sie nun das spezifische Blatt und die Zielzelle dieses vorhandenen Blattes aus und klicken Sie auf \u201eOK\u201c.<\/li><\/ol><h2 class=\"wp-block-heading\"> F\u00fcgen Sie einen Hyperlink zu einem bestimmten Blatt in der aktuellen Arbeitsmappe hinzu<\/h2><ol><li> W\u00e4hlen Sie zun\u00e4chst die Option \u201eIn diesem Dokument platzieren\u201c und Sie erhalten alle Bl\u00e4tter in der aktuellen Arbeitsmappe<\/li><li> W\u00e4hlen Sie anschlie\u00dfend das spezifische Blatt und die Zielzelle aus und klicken Sie auf OK. <\/li><\/ol><div class=\"wp-block-image\"><figure class=\"aligncenter size-full is-resized\"><img loading=\"lazy\" decoding=\"async\" class=\"alignnone  wp-image-12833\" src=\"https:\/\/exceladvisor.org\/wp-content\/uploads\/2023\/11\/4-lien-hypertexte-de-la-feuille.png\" alt=\"\" width=\"683\" height=\"315\" srcset=\"https:\/\/exceladvisor.org\/wp-content\/uploads\/2023\/11\/4-lien-hypertexte-de-la-feuille.png 908w, https:\/\/exceladvisor.org\/wp-content\/uploads\/2023\/11\/4-lien-hypertexte-de-la-feuille-300x138.png 300w, https:\/\/exceladvisor.org\/wp-content\/uploads\/2023\/11\/4-lien-hypertexte-de-la-feuille-768x354.png 768w\" sizes=\"auto, (max-width: 683px) 100vw, 683px\"><\/figure><\/div><h2 class=\"wp-block-heading\"> F\u00fcgen Sie einen Hyperlink zu einer Webadresse hinzu<\/h2><ol><li> \u00d6ffnen Sie zun\u00e4chst die Webseite im Browser, kopieren Sie die Webadresse und f\u00fcgen Sie sie in die Spalte \u201eAdresse\u201c des Fensters \u201eHyperlink einf\u00fcgen\u201c ein.<\/li><li> Geben Sie anschlie\u00dfend in der Spalte \u201eAnzuzeigender Text\u201c den Text ein, den Sie als Hyperlinknamen anzeigen m\u00f6chten, und klicken Sie auf \u201eOK\u201c. <\/li><\/ol><div class=\"wp-block-image\"><figure class=\"aligncenter size-full is-resized\"><img loading=\"lazy\" decoding=\"async\" class=\"alignnone  wp-image-12834\" src=\"https:\/\/exceladvisor.org\/wp-content\/uploads\/2023\/11\/5-lien-vers-ladresse-Web.png\" alt=\"5 Link zur Webadresse\" width=\"681\" height=\"316\" srcset=\"https:\/\/exceladvisor.org\/wp-content\/uploads\/2023\/11\/5-lien-vers-ladresse-Web.png 906w, https:\/\/exceladvisor.org\/wp-content\/uploads\/2023\/11\/5-lien-vers-ladresse-Web-300x139.png 300w, https:\/\/exceladvisor.org\/wp-content\/uploads\/2023\/11\/5-lien-vers-ladresse-Web-768x356.png 768w\" sizes=\"auto, (max-width: 681px) 100vw, 681px\"><\/figure><\/div><h2 class=\"wp-block-heading\"> F\u00fcgen Sie einen Hyperlink hinzu, um eine neue Arbeitsmappe zu \u00f6ffnen<\/h2><ol><li> W\u00e4hlen Sie zun\u00e4chst die Option \u201eNeues Dokument erstellen\u201c und geben Sie in der Spalte \u201eName des neuen Dokuments\u201c den Namen der neuen Arbeitsmappe ein.<\/li><li> Geben Sie anschlie\u00dfend in der Spalte \u201eAnzuzeigender Text\u201c den Text ein, den Sie als Hyperlinknamen anzeigen m\u00f6chten.<\/li><li> Klicken Sie nun auf die Schaltfl\u00e4che Bearbeiten, wenn Sie den Speicherort der neuen Arbeitsmappe \u00e4ndern m\u00f6chten, und klicken Sie auf OK.<\/li><\/ol><h2 class=\"wp-block-heading\"> F\u00fcgen Sie einen Hyperlink zu einer E-Mail-Adresse hinzu<\/h2><ol><li> W\u00e4hlen Sie zun\u00e4chst die Option \u201eE-Mail-Adresse\u201c, geben Sie dann die E-Mail-ID in die Spalte \u201eE-Mail-Adresse:\u201c und den Betreff der E-Mail in die Spalte \u201eBetreff\u201c ein.<\/li><li> Geben Sie anschlie\u00dfend unter \u201eAnzuzeigender Text\u201c den Text ein, den Sie als Hyperlinknamen anzeigen m\u00f6chten, und klicken Sie auf \u201eOK\u201c.<\/li><li> Sie k\u00f6nnen die E-Mail-Adresse sogar direkt in die Zelle eingeben und Excel erstellt automatisch den Hyperlink zu dieser E-Mail. <\/li><\/ol><div class=\"wp-block-image\"><figure class=\"aligncenter size-full is-resized\"><img loading=\"lazy\" decoding=\"async\" class=\"alignnone  wp-image-12835\" src=\"https:\/\/exceladvisor.org\/wp-content\/uploads\/2023\/11\/6-ajouter-un-e-mail.png\" alt=\"E-Mail hinzuf\u00fcgen\" width=\"681\" height=\"312\" srcset=\"https:\/\/exceladvisor.org\/wp-content\/uploads\/2023\/11\/6-ajouter-un-e-mail.png 912w, https:\/\/exceladvisor.org\/wp-content\/uploads\/2023\/11\/6-ajouter-un-e-mail-300x138.png 300w, https:\/\/exceladvisor.org\/wp-content\/uploads\/2023\/11\/6-ajouter-un-e-mail-768x352.png 768w\" sizes=\"auto, (max-width: 681px) 100vw, 681px\"><\/figure><\/div><h2 class=\"wp-block-heading\"> Entfernen Sie Hyperlinks in Excel<\/h2><p> Das Entfernen von Hyperlinks aus Excel ist viel einfacher und schneller als das Hinzuf\u00fcgen oder Erstellen von Hyperlinks. Excel erm\u00f6glicht Benutzern das Entfernen von Hyperlinks mit zwei Klicks, wie unten beschrieben.<\/p><ol><li> Um einen Hyperlink aus einer Zelle zu entfernen, klicken Sie mit der rechten Maustaste auf eine Zelle, die einen Hyperlink enth\u00e4lt, und klicken Sie dann im Kontextmen\u00fc auf \u201eHyperlink entfernen\u201c.<\/li><li> Um Hyperlinks aus mehreren Zellen zu entfernen, w\u00e4hlen Sie die Zellen gleichzeitig aus, klicken Sie mit der rechten Maustaste und w\u00e4hlen Sie im Kontextmen\u00fc \u201eHyperlinks entfernen\u201c.<\/li><li> Um Hyperlinks zu entfernen, bilden Sie das aktuelle Arbeitsblatt und w\u00e4hlen Sie das gesamte Arbeitsblatt aus, indem Sie STRG+A auf der Tastatur dr\u00fccken.<\/li><li> Gehen Sie nun zur Registerkarte \u201eStartseite\u201c, klicken Sie auf den Dropdown-Pfeil des Symbols \u201eL\u00f6schen\u201c und w\u00e4hlen Sie dann \u201eHyperlinks entfernen\u201c. <\/li><\/ol><div class=\"gb-container gb-container-4db6181c gb-container-mt\"><h2 class=\"gb-headline gb-headline-665e5f6b gb-headline-text gb-headline-mt-heading\"> Verwandte Tutorials <\/h2><div class=\"gb-grid-wrapper gb-grid-wrapper-a20baf7c gb-grid-wrapper-mt-grid\"><div class=\"gb-grid-column gb-grid-column-65ddf67e\"><div class=\"gb-container gb-container-65ddf67e\"><ul><li> <a href=\"https:\/\/exceladvisor.org\/de\/wasserzeichen-hinzufugen\/\">F\u00fcgen Sie in Excel ein Wasserzeichen hinzu<\/a><\/li><li> <a href=\"https:\/\/exceladvisor.org\/de\/entfernen-sie-ausgeblendete-zeilenspalten\/\">L\u00f6schen Sie ausgeblendete Zeilen in Excel<\/a><\/li><li> <a href=\"https:\/\/exceladvisor.org\/de\/zellen-abwahlen\/\">Zellen in Excel abw\u00e4hlen<\/a><\/li><li> <a href=\"https:\/\/exceladvisor.org\/de\/fugen-sie-eine-spalte-hinzu\/\">F\u00fcgen Sie eine Spalte in Excel hinzu<\/a> <\/li><\/ul><\/div><\/div><div class=\"gb-grid-column gb-grid-column-50067b57\"><div class=\"gb-container gb-container-50067b57\"><ul><li> <a href=\"https:\/\/exceladvisor.org\/de\/zeilen-loschen\/\">L\u00f6schen Sie eine Zeile oder mehrere Zeilen in Excel<\/a><\/li><li> <a href=\"https:\/\/exceladvisor.org\/de\/spalte-kopieren\/\">Kopieren Sie eine Spalte und f\u00fcgen Sie sie in Excel ein<\/a><\/li><li> <a href=\"https:\/\/exceladvisor.org\/de\/zeilenspalte-verschieben\/\">Verschieben Sie eine Zeile und Spalte in Excel<\/a><\/li><li> <a href=\"https:\/\/exceladvisor.org\/de\/spaltenbreite\/\">So \u00e4ndern Sie die Spaltenbreite in Excel<\/a><\/li><\/ul><\/div><\/div><\/div><\/div>","protected":false},"excerpt":{"rendered":"","protected":false},"author":1,"featured_media":0,"parent":0,"menu_order":0,"comment_status":"open","ping_status":"closed","template":"","meta":{"ub_ctt_via":"","footnotes":""},"class_list":["post-2990","page","type-page","status-publish","hentry"],"featured_image_src":null,"yoast_head":"<!-- This site is optimized with the Yoast SEO plugin v25.4 - https:\/\/yoast.com\/wordpress\/plugins\/seo\/ -->\n<title>Wie f\u00fcge ich Hyperlinks in Excel hinzu und entferne sie?<\/title>\n<meta name=\"description\" content=\"In diesem Tutorial erfahren Sie, wie Sie Hyperlinks in Excel hinzuf\u00fcgen und entfernen. Hyperlinks sind leicht zu erkennen\" \/>\n<meta name=\"robots\" content=\"index, follow, max-snippet:-1, max-image-preview:large, max-video-preview:-1\" \/>\n<link rel=\"canonical\" href=\"https:\/\/exceladvisor.org\/de\/hyperlinks-hinzufugen-und-entfernen\/\" \/>\n<meta property=\"og:locale\" content=\"de_DE\" \/>\n<meta property=\"og:type\" content=\"article\" \/>\n<meta property=\"og:title\" content=\"Wie f\u00fcge ich Hyperlinks in Excel hinzu und entferne sie?\" \/>\n<meta property=\"og:description\" content=\"In diesem Tutorial erfahren Sie, wie Sie Hyperlinks in Excel hinzuf\u00fcgen und entfernen. Hyperlinks sind leicht zu erkennen\" \/>\n<meta property=\"og:url\" content=\"https:\/\/exceladvisor.org\/de\/hyperlinks-hinzufugen-und-entfernen\/\" \/>\n<meta property=\"og:site_name\" content=\"Excel Advisor\" \/>\n<meta property=\"article:modified_time\" content=\"2023-12-03T11:20:55+00:00\" \/>\n<meta property=\"og:image\" content=\"https:\/\/exceladvisor.org\/wp-content\/uploads\/2023\/11\/1-ajouter-des-liens.png\" \/>\n<meta name=\"twitter:card\" content=\"summary_large_image\" \/>\n<meta name=\"twitter:label1\" content=\"Gesch\u00e4tzte Lesezeit\" \/>\n\t<meta name=\"twitter:data1\" content=\"4\u00a0Minuten\" \/>\n<script type=\"application\/ld+json\" class=\"yoast-schema-graph\">{\"@context\":\"https:\/\/schema.org\",\"@graph\":[{\"@type\":\"WebPage\",\"@id\":\"https:\/\/exceladvisor.org\/de\/hyperlinks-hinzufugen-und-entfernen\/\",\"url\":\"https:\/\/exceladvisor.org\/de\/hyperlinks-hinzufugen-und-entfernen\/\",\"name\":\"Wie f\u00fcge ich Hyperlinks in Excel hinzu und entferne sie?\",\"isPartOf\":{\"@id\":\"https:\/\/exceladvisor.org\/de\/#website\"},\"primaryImageOfPage\":{\"@id\":\"https:\/\/exceladvisor.org\/de\/hyperlinks-hinzufugen-und-entfernen\/#primaryimage\"},\"image\":{\"@id\":\"https:\/\/exceladvisor.org\/de\/hyperlinks-hinzufugen-und-entfernen\/#primaryimage\"},\"thumbnailUrl\":\"https:\/\/exceladvisor.org\/wp-content\/uploads\/2023\/11\/1-ajouter-des-liens.png\",\"datePublished\":\"2023-11-20T06:11:24+00:00\",\"dateModified\":\"2023-12-03T11:20:55+00:00\",\"description\":\"In diesem Tutorial erfahren Sie, wie Sie Hyperlinks in Excel hinzuf\u00fcgen und entfernen. Hyperlinks sind leicht zu erkennen\",\"breadcrumb\":{\"@id\":\"https:\/\/exceladvisor.org\/de\/hyperlinks-hinzufugen-und-entfernen\/#breadcrumb\"},\"inLanguage\":\"de\",\"potentialAction\":[{\"@type\":\"ReadAction\",\"target\":[\"https:\/\/exceladvisor.org\/de\/hyperlinks-hinzufugen-und-entfernen\/\"]}]},{\"@type\":\"ImageObject\",\"inLanguage\":\"de\",\"@id\":\"https:\/\/exceladvisor.org\/de\/hyperlinks-hinzufugen-und-entfernen\/#primaryimage\",\"url\":\"https:\/\/exceladvisor.org\/wp-content\/uploads\/2023\/11\/1-ajouter-des-liens.png\",\"contentUrl\":\"https:\/\/exceladvisor.org\/wp-content\/uploads\/2023\/11\/1-ajouter-des-liens.png\"},{\"@type\":\"BreadcrumbList\",\"@id\":\"https:\/\/exceladvisor.org\/de\/hyperlinks-hinzufugen-und-entfernen\/#breadcrumb\",\"itemListElement\":[{\"@type\":\"ListItem\",\"position\":1,\"name\":\"Accueil\",\"item\":\"https:\/\/exceladvisor.org\/de\/\"},{\"@type\":\"ListItem\",\"position\":2,\"name\":\"Wie f\u00fcge ich hyperlinks in excel hinzu und entferne sie?\"}]},{\"@type\":\"WebSite\",\"@id\":\"https:\/\/exceladvisor.org\/de\/#website\",\"url\":\"https:\/\/exceladvisor.org\/de\/\",\"name\":\"Excel Advisor\",\"description\":\"Ihr Leitfaden zur Datendominanz\",\"publisher\":{\"@id\":\"https:\/\/exceladvisor.org\/de\/#organization\"},\"potentialAction\":[{\"@type\":\"SearchAction\",\"target\":{\"@type\":\"EntryPoint\",\"urlTemplate\":\"https:\/\/exceladvisor.org\/de\/?s={search_term_string}\"},\"query-input\":{\"@type\":\"PropertyValueSpecification\",\"valueRequired\":true,\"valueName\":\"search_term_string\"}}],\"inLanguage\":\"de\"},{\"@type\":\"Organization\",\"@id\":\"https:\/\/exceladvisor.org\/de\/#organization\",\"name\":\"Excel Advisor\",\"url\":\"https:\/\/exceladvisor.org\/de\/\",\"logo\":{\"@type\":\"ImageObject\",\"inLanguage\":\"de\",\"@id\":\"https:\/\/exceladvisor.org\/de\/#\/schema\/logo\/image\/\",\"url\":\"https:\/\/exceladvisor.org\/de\/wp-content\/uploads\/2023\/11\/exceladvisor.org_.png\",\"contentUrl\":\"https:\/\/exceladvisor.org\/de\/wp-content\/uploads\/2023\/11\/exceladvisor.org_.png\",\"width\":105,\"height\":36,\"caption\":\"Excel Advisor\"},\"image\":{\"@id\":\"https:\/\/exceladvisor.org\/de\/#\/schema\/logo\/image\/\"}}]}<\/script>\n<!-- \/ Yoast SEO plugin. -->","yoast_head_json":{"title":"Wie f\u00fcge ich Hyperlinks in Excel hinzu und entferne sie?","description":"In diesem Tutorial erfahren Sie, wie Sie Hyperlinks in Excel hinzuf\u00fcgen und entfernen. Hyperlinks sind leicht zu erkennen","robots":{"index":"index","follow":"follow","max-snippet":"max-snippet:-1","max-image-preview":"max-image-preview:large","max-video-preview":"max-video-preview:-1"},"canonical":"https:\/\/exceladvisor.org\/de\/hyperlinks-hinzufugen-und-entfernen\/","og_locale":"de_DE","og_type":"article","og_title":"Wie f\u00fcge ich Hyperlinks in Excel hinzu und entferne sie?","og_description":"In diesem Tutorial erfahren Sie, wie Sie Hyperlinks in Excel hinzuf\u00fcgen und entfernen. Hyperlinks sind leicht zu erkennen","og_url":"https:\/\/exceladvisor.org\/de\/hyperlinks-hinzufugen-und-entfernen\/","og_site_name":"Excel Advisor","article_modified_time":"2023-12-03T11:20:55+00:00","og_image":[{"url":"https:\/\/exceladvisor.org\/wp-content\/uploads\/2023\/11\/1-ajouter-des-liens.png","type":"","width":"","height":""}],"twitter_card":"summary_large_image","twitter_misc":{"Gesch\u00e4tzte Lesezeit":"4\u00a0Minuten"},"schema":{"@context":"https:\/\/schema.org","@graph":[{"@type":"WebPage","@id":"https:\/\/exceladvisor.org\/de\/hyperlinks-hinzufugen-und-entfernen\/","url":"https:\/\/exceladvisor.org\/de\/hyperlinks-hinzufugen-und-entfernen\/","name":"Wie f\u00fcge ich Hyperlinks in Excel hinzu und entferne sie?","isPartOf":{"@id":"https:\/\/exceladvisor.org\/de\/#website"},"primaryImageOfPage":{"@id":"https:\/\/exceladvisor.org\/de\/hyperlinks-hinzufugen-und-entfernen\/#primaryimage"},"image":{"@id":"https:\/\/exceladvisor.org\/de\/hyperlinks-hinzufugen-und-entfernen\/#primaryimage"},"thumbnailUrl":"https:\/\/exceladvisor.org\/wp-content\/uploads\/2023\/11\/1-ajouter-des-liens.png","datePublished":"2023-11-20T06:11:24+00:00","dateModified":"2023-12-03T11:20:55+00:00","description":"In diesem Tutorial erfahren Sie, wie Sie Hyperlinks in Excel hinzuf\u00fcgen und entfernen. Hyperlinks sind leicht zu erkennen","breadcrumb":{"@id":"https:\/\/exceladvisor.org\/de\/hyperlinks-hinzufugen-und-entfernen\/#breadcrumb"},"inLanguage":"de","potentialAction":[{"@type":"ReadAction","target":["https:\/\/exceladvisor.org\/de\/hyperlinks-hinzufugen-und-entfernen\/"]}]},{"@type":"ImageObject","inLanguage":"de","@id":"https:\/\/exceladvisor.org\/de\/hyperlinks-hinzufugen-und-entfernen\/#primaryimage","url":"https:\/\/exceladvisor.org\/wp-content\/uploads\/2023\/11\/1-ajouter-des-liens.png","contentUrl":"https:\/\/exceladvisor.org\/wp-content\/uploads\/2023\/11\/1-ajouter-des-liens.png"},{"@type":"BreadcrumbList","@id":"https:\/\/exceladvisor.org\/de\/hyperlinks-hinzufugen-und-entfernen\/#breadcrumb","itemListElement":[{"@type":"ListItem","position":1,"name":"Accueil","item":"https:\/\/exceladvisor.org\/de\/"},{"@type":"ListItem","position":2,"name":"Wie f\u00fcge ich hyperlinks in excel hinzu und entferne sie?"}]},{"@type":"WebSite","@id":"https:\/\/exceladvisor.org\/de\/#website","url":"https:\/\/exceladvisor.org\/de\/","name":"Excel Advisor","description":"Ihr Leitfaden zur Datendominanz","publisher":{"@id":"https:\/\/exceladvisor.org\/de\/#organization"},"potentialAction":[{"@type":"SearchAction","target":{"@type":"EntryPoint","urlTemplate":"https:\/\/exceladvisor.org\/de\/?s={search_term_string}"},"query-input":{"@type":"PropertyValueSpecification","valueRequired":true,"valueName":"search_term_string"}}],"inLanguage":"de"},{"@type":"Organization","@id":"https:\/\/exceladvisor.org\/de\/#organization","name":"Excel Advisor","url":"https:\/\/exceladvisor.org\/de\/","logo":{"@type":"ImageObject","inLanguage":"de","@id":"https:\/\/exceladvisor.org\/de\/#\/schema\/logo\/image\/","url":"https:\/\/exceladvisor.org\/de\/wp-content\/uploads\/2023\/11\/exceladvisor.org_.png","contentUrl":"https:\/\/exceladvisor.org\/de\/wp-content\/uploads\/2023\/11\/exceladvisor.org_.png","width":105,"height":36,"caption":"Excel Advisor"},"image":{"@id":"https:\/\/exceladvisor.org\/de\/#\/schema\/logo\/image\/"}}]}},"yoast_meta":{"yoast_wpseo_title":"","yoast_wpseo_metadesc":"","yoast_wpseo_canonical":""},"_links":{"self":[{"href":"https:\/\/exceladvisor.org\/de\/wp-json\/wp\/v2\/pages\/2990","targetHints":{"allow":["GET"]}}],"collection":[{"href":"https:\/\/exceladvisor.org\/de\/wp-json\/wp\/v2\/pages"}],"about":[{"href":"https:\/\/exceladvisor.org\/de\/wp-json\/wp\/v2\/types\/page"}],"author":[{"embeddable":true,"href":"https:\/\/exceladvisor.org\/de\/wp-json\/wp\/v2\/users\/1"}],"replies":[{"embeddable":true,"href":"https:\/\/exceladvisor.org\/de\/wp-json\/wp\/v2\/comments?post=2990"}],"version-history":[{"count":1,"href":"https:\/\/exceladvisor.org\/de\/wp-json\/wp\/v2\/pages\/2990\/revisions"}],"predecessor-version":[{"id":4035,"href":"https:\/\/exceladvisor.org\/de\/wp-json\/wp\/v2\/pages\/2990\/revisions\/4035"}],"wp:attachment":[{"href":"https:\/\/exceladvisor.org\/de\/wp-json\/wp\/v2\/media?parent=2990"}],"curies":[{"name":"wp","href":"https:\/\/api.w.org\/{rel}","templated":true}]}}