{"id":2991,"date":"2023-11-20T05:19:51","date_gmt":"2023-11-20T05:19:51","guid":{"rendered":"https:\/\/exceladvisor.org\/de\/leerzeichen-hinzufugen-2\/"},"modified":"2023-12-03T11:20:51","modified_gmt":"2023-12-03T11:20:51","slug":"leerzeichen-hinzufugen-2","status":"publish","type":"page","link":"https:\/\/exceladvisor.org\/de\/leerzeichen-hinzufugen-2\/","title":{"rendered":"Wie f\u00fcge ich einer excel-zelle ein leerzeichen hinzu?"},"content":{"rendered":"<div class=\"excel-vor-dem-inhalt\" id=\"excel-469220134\"><script type=\"text\/javascript\">\r\n\tatOptions = {\r\n\t\t'key' : 'c1158f160081d6540a8409e6925dab94',\r\n\t\t'format' : 'iframe',\r\n\t\t'height' : 250,\r\n\t\t'width' : 300,\r\n\t\t'params' : {}\r\n\t};\r\n<\/script>\r\n<script type=\"text\/javascript\" src=\"\/\/www.highperformanceformat.com\/c1158f160081d6540a8409e6925dab94\/invoke.js\"><\/script><\/div> <p>Wenn Sie zwei Werte in einer einzelnen Zelle kombinieren, ist es normalerweise erforderlich, zwischen diesen Werten ein Leerzeichen einzuf\u00fcgen. Manchmal m\u00fcssen Sie sogar mehr als ein Leerzeichen hinzuf\u00fcgen. Dieses Tutorial hilft Ihnen beim Schreiben einer Formel zum Hinzuf\u00fcgen von Leerzeichen oder mehreren Leerzeichen in Excel.<\/p><h2 class=\"wp-block-heading\"> F\u00fcgen Sie ein einzelnes Leerzeichen hinzu<\/h2><ol type=\"1\"><li> Geben Sie zun\u00e4chst (=) in eine Zelle ein.<\/li><li> Verweisen Sie auf die Zelle mit dem ersten Wert und geben Sie ein kaufm\u00e4nnisches Und-Zeichen (&amp;) ein.<\/li><li> Geben Sie (\u201e\u201c) ein, um den hinzuzuf\u00fcgenden Speicherplatz anzugeben.<\/li><li> Beziehen Sie sich nun auf die Zelle mit dem zweiten Wert und geben Sie ein kaufm\u00e4nnisches Und-Zeichen (&amp;) ein.<\/li><li> Dr\u00fccken Sie am Ende die Eingabetaste, um das Ergebnis zu erhalten. <\/li><\/ol><div class=\"wp-block-image\"><figure class=\"aligncenter size-full is-resized\"><img loading=\"lazy\" decoding=\"async\" class=\"alignnone wp-image-12824 \" src=\"https:\/\/exceladvisor.org\/wp-content\/uploads\/2023\/11\/1-ajouter-un-espace-unique.png\" alt=\"1 F\u00fcgen Sie ein einzelnes Leerzeichen hinzu\" width=\"535\" height=\"110\" srcset=\"https:\/\/exceladvisor.org\/wp-content\/uploads\/2023\/11\/1-ajouter-un-espace-unique.png 564w, https:\/\/exceladvisor.org\/wp-content\/uploads\/2023\/11\/1-ajouter-un-espace-unique-300x62.png 300w\" sizes=\"auto, (max-width: 535px) 100vw, 535px\"><\/figure><\/div><p> Sobald Sie die Eingabetaste dr\u00fccken, erhalten Sie beide Werte in einer einzigen Zelle mit einem Leerzeichen dazwischen. <\/p><div class=\"wp-block-image\"><figure class=\"aligncenter size-full is-resized\"><img loading=\"lazy\" decoding=\"async\" class=\"alignnone wp-image-12825 \" src=\"https:\/\/exceladvisor.org\/wp-content\/uploads\/2023\/11\/2-Excel-a-espace-unique.png\" alt=\"2 Einzelraum-Excel\" width=\"542\" height=\"107\" srcset=\"https:\/\/exceladvisor.org\/wp-content\/uploads\/2023\/11\/2-Excel-a-espace-unique.png 557w, https:\/\/exceladvisor.org\/wp-content\/uploads\/2023\/11\/2-Excel-a-espace-unique-300x59.png 300w\" sizes=\"auto, (max-width: 542px) 100vw, 542px\"><\/figure><\/div><pre class=\"wp-block-code\"> <code class=\"language-excel-formula\" lang=\"excel-formula\">=A1&amp;\" \"&amp;B1<\/code><\/pre><h2 class=\"wp-block-heading\"> F\u00fcgen Sie mehrere Leerzeichen hinzu<\/h2><p> Wenn Sie nun mehr als ein Leerzeichen zwischen zwei Werten einf\u00fcgen m\u00f6chten, k\u00f6nnen Sie in diesem Fall die REPT-Funktion verwenden. <\/p><div class=\"wp-block-image\"><figure class=\"aligncenter size-full is-resized\"><img loading=\"lazy\" decoding=\"async\" class=\"alignnone  wp-image-12827\" src=\"https:\/\/exceladvisor.org\/wp-content\/uploads\/2023\/11\/4-Excel-a-espaces-multiples.png\" alt=\"4 Multispace-Excel\" width=\"608\" height=\"135\" srcset=\"https:\/\/exceladvisor.org\/wp-content\/uploads\/2023\/11\/4-Excel-a-espaces-multiples.png 693w, https:\/\/exceladvisor.org\/wp-content\/uploads\/2023\/11\/4-Excel-a-espaces-multiples-300x67.png 300w\" sizes=\"auto, (max-width: 608px) 100vw, 608px\"><\/figure><\/div><p> Anstatt in dieser Formel ein einzelnes Leerzeichen zu verwenden, haben wir REPT verwendet. Und im REPT haben wir das Leerzeichen und die Nummer angegeben. <\/p><div class=\"wp-block-image\"><figure class=\"aligncenter size-full is-resized\"><img loading=\"lazy\" decoding=\"async\" class=\"alignnone  wp-image-12826\" src=\"https:\/\/exceladvisor.org\/wp-content\/uploads\/2023\/11\/3-ajouter-plusieurs-espaces.png\" alt=\"3 Add-Many-Spaces\" width=\"605\" height=\"147\" srcset=\"https:\/\/exceladvisor.org\/wp-content\/uploads\/2023\/11\/3-ajouter-plusieurs-espaces.png 691w, https:\/\/exceladvisor.org\/wp-content\/uploads\/2023\/11\/3-ajouter-plusieurs-espaces-300x73.png 300w\" sizes=\"auto, (max-width: 605px) 100vw, 605px\"><\/figure><\/div><p> Wie Sie sehen k\u00f6nnen, haben wir 20 f\u00fcr das Argument \u201enumber_times\u201c, das die Funktion anweist, 20 Leerzeichen zwischen den beiden W\u00f6rtern zur\u00fcckzugeben.<\/p><pre class=\"wp-block-code\"> <code class=\"language-excel-formula\" lang=\"excel-formula\">=A1&amp;REPT(\" \",20)&amp;B1<\/code><\/pre><h2 class=\"wp-block-heading\"> F\u00fcgen Sie mehrere Leerzeichen f\u00fcr mehrere Werte hinzu<\/h2><p> Wenn Sie mehrere Werte haben und beim Kombinieren zwischen den einzelnen Werten ein Leerzeichen einf\u00fcgen m\u00f6chten, k\u00f6nnen Sie die Funktion TEXTJOIN verwenden. <\/p><div class=\"wp-block-image\"><figure class=\"aligncenter size-full is-resized\"><img loading=\"lazy\" decoding=\"async\" class=\"wp-image-83043\" src=\"https:\/\/exceladvisor.org\/wp-content\/uploads\/2023\/08\/5-ajouter-plusieurs-espaces-pour-plusieurs-valeurs.png\" sizes=\"auto, \" srcset=\"\" alt=\"F\u00fcgen Sie mehrere Leerzeichen f\u00fcr mehrere Werte hinzu\" width=\"441\" height=\"319\"><\/figure><\/div><p> In TEXTJOIN m\u00fcssen Sie das Trennzeichen angeben, das zwischen den einzelnen Werten eingef\u00fcgt wird, und hier haben wir ein Leerzeichen. Danach TRUE, um die leere Zelle zu ignorieren, und am Ende range, um die Werte abzurufen.<\/p><pre class=\"wp-block-code\"> <code class=\"language-excel-formula\" lang=\"excel-formula\">=TEXTJOIN(\" \",TRUE,A1:A5)<\/code><\/pre><div class=\"gb-container gb-container-52dfcee1 gb-container-sample-file\"><h2 class=\"gb-headline gb-headline-e289c143 gb-headline-text gb-headline-4f7959c2\"> Holen Sie sich die Excel-Datei<\/h2> <a class=\"gb-button gb-button-e88d6bee gb-button-text gb-button-button1\" href=\"https:\/\/exceladvisor.org\/wp-content\/uploads\/2023\/11\/ajouter-de-lespace-dans-Excel.xlsx\" rel=\"nofollow\">Herunterladen<\/a><\/div><div class=\"gb-container gb-container-0df56012 gb-container-mt\"> <a class=\"gb-button gb-button-f9f432f4 gb-button-text gb-button-mt-button\" href=\"https:\/\/exceladvisor.org\/de\/formeln\/\">Liste der Excel-Formeln<\/a><h2 class=\"gb-headline gb-headline-233444e8 gb-headline-text gb-headline-mt-heading\"> Verwandte Formeln <\/h2><div class=\"gb-grid-wrapper gb-grid-wrapper-a16fa65c gb-grid-wrapper-mt-grid\"><div class=\"gb-grid-column gb-grid-column-50d07e0d\"><div class=\"gb-container gb-container-50d07e0d\"><ul><li> <a href=\"https:\/\/exceladvisor.org\/de\/neue-zeile-in-der-zelle\/\">Eine neue Zeile zu einer Zelle in Excel hinzuf\u00fcgen (Zeilenumbruch)<\/a><\/li><li> <a href=\"https:\/\/exceladvisor.org\/de\/fuhrende-nullen\/\">F\u00fcgen Sie f\u00fchrende Nullen in Excel hinzu<\/a><\/li><li> <a href=\"https:\/\/exceladvisor.org\/de\/verketten-sie-zellen-mit-einem-komma\/\">Verketten (kombinieren) Sie Zellen in Excel mit einem Komma<\/a><\/li><li> <a href=\"https:\/\/exceladvisor.org\/de\/eine-reihe-von-zellen-verketten\/\">Verketten (kombinieren) Sie einen Bereich von Zellen in Excel<\/a><\/li><li> <a href=\"https:\/\/exceladvisor.org\/de\/einen-zeilenumbruch-verketten\/\">Mit Zeilenumbruch in Excel verketten<\/a> <\/li><\/ul><\/div><\/div><div class=\"gb-grid-column gb-grid-column-5b4a0cf9\"><div class=\"gb-container gb-container-5b4a0cf9\"><\/div><\/div><\/div><\/div>","protected":false},"excerpt":{"rendered":"","protected":false},"author":1,"featured_media":0,"parent":0,"menu_order":0,"comment_status":"open","ping_status":"closed","template":"","meta":{"ub_ctt_via":"","footnotes":""},"class_list":["post-2991","page","type-page","status-publish","hentry"],"featured_image_src":null,"yoast_head":"<!-- This site is optimized with the Yoast SEO plugin v25.4 - https:\/\/yoast.com\/wordpress\/plugins\/seo\/ -->\n<title>\u25b7 Wie f\u00fcge ich ein Leerzeichen in einer Excel-Zelle hinzu?<\/title>\n<meta name=\"description\" content=\"In diesem Tutorial erfahren Sie, wie Sie eine Excel-Formel schreiben, um ein Leerzeichen zwischen zwei Werten einzuf\u00fcgen. Lassen Sie uns das \u00fcberpr\u00fcfen ...\" \/>\n<meta name=\"robots\" content=\"index, follow, max-snippet:-1, max-image-preview:large, max-video-preview:-1\" \/>\n<link rel=\"canonical\" href=\"https:\/\/exceladvisor.org\/de\/leerzeichen-hinzufugen-2\/\" \/>\n<meta property=\"og:locale\" content=\"de_DE\" \/>\n<meta property=\"og:type\" content=\"article\" \/>\n<meta property=\"og:title\" content=\"\u25b7 Wie f\u00fcge ich ein Leerzeichen in einer Excel-Zelle hinzu?\" \/>\n<meta property=\"og:description\" content=\"In diesem Tutorial erfahren Sie, wie Sie eine Excel-Formel schreiben, um ein Leerzeichen zwischen zwei Werten einzuf\u00fcgen. Lassen Sie uns das \u00fcberpr\u00fcfen ...\" \/>\n<meta property=\"og:url\" content=\"https:\/\/exceladvisor.org\/de\/leerzeichen-hinzufugen-2\/\" \/>\n<meta property=\"og:site_name\" content=\"Excel Advisor\" \/>\n<meta property=\"article:modified_time\" content=\"2023-12-03T11:20:51+00:00\" \/>\n<meta property=\"og:image\" content=\"https:\/\/exceladvisor.org\/wp-content\/uploads\/2023\/11\/1-ajouter-un-espace-unique.png\" \/>\n<meta name=\"twitter:card\" content=\"summary_large_image\" \/>\n<meta name=\"twitter:label1\" content=\"Gesch\u00e4tzte Lesezeit\" \/>\n\t<meta name=\"twitter:data1\" content=\"2\u00a0Minuten\" \/>\n<script type=\"application\/ld+json\" class=\"yoast-schema-graph\">{\"@context\":\"https:\/\/schema.org\",\"@graph\":[{\"@type\":\"WebPage\",\"@id\":\"https:\/\/exceladvisor.org\/de\/leerzeichen-hinzufugen-2\/\",\"url\":\"https:\/\/exceladvisor.org\/de\/leerzeichen-hinzufugen-2\/\",\"name\":\"\u25b7 Wie f\u00fcge ich ein Leerzeichen in einer Excel-Zelle hinzu?\",\"isPartOf\":{\"@id\":\"https:\/\/exceladvisor.org\/de\/#website\"},\"primaryImageOfPage\":{\"@id\":\"https:\/\/exceladvisor.org\/de\/leerzeichen-hinzufugen-2\/#primaryimage\"},\"image\":{\"@id\":\"https:\/\/exceladvisor.org\/de\/leerzeichen-hinzufugen-2\/#primaryimage\"},\"thumbnailUrl\":\"https:\/\/exceladvisor.org\/wp-content\/uploads\/2023\/11\/1-ajouter-un-espace-unique.png\",\"datePublished\":\"2023-11-20T05:19:51+00:00\",\"dateModified\":\"2023-12-03T11:20:51+00:00\",\"description\":\"In diesem Tutorial erfahren Sie, wie Sie eine Excel-Formel schreiben, um ein Leerzeichen zwischen zwei Werten einzuf\u00fcgen. Lassen Sie uns das \u00fcberpr\u00fcfen ...\",\"breadcrumb\":{\"@id\":\"https:\/\/exceladvisor.org\/de\/leerzeichen-hinzufugen-2\/#breadcrumb\"},\"inLanguage\":\"de\",\"potentialAction\":[{\"@type\":\"ReadAction\",\"target\":[\"https:\/\/exceladvisor.org\/de\/leerzeichen-hinzufugen-2\/\"]}]},{\"@type\":\"ImageObject\",\"inLanguage\":\"de\",\"@id\":\"https:\/\/exceladvisor.org\/de\/leerzeichen-hinzufugen-2\/#primaryimage\",\"url\":\"https:\/\/exceladvisor.org\/wp-content\/uploads\/2023\/11\/1-ajouter-un-espace-unique.png\",\"contentUrl\":\"https:\/\/exceladvisor.org\/wp-content\/uploads\/2023\/11\/1-ajouter-un-espace-unique.png\"},{\"@type\":\"BreadcrumbList\",\"@id\":\"https:\/\/exceladvisor.org\/de\/leerzeichen-hinzufugen-2\/#breadcrumb\",\"itemListElement\":[{\"@type\":\"ListItem\",\"position\":1,\"name\":\"Accueil\",\"item\":\"https:\/\/exceladvisor.org\/de\/\"},{\"@type\":\"ListItem\",\"position\":2,\"name\":\"Wie f\u00fcge ich einer excel-zelle ein leerzeichen hinzu?\"}]},{\"@type\":\"WebSite\",\"@id\":\"https:\/\/exceladvisor.org\/de\/#website\",\"url\":\"https:\/\/exceladvisor.org\/de\/\",\"name\":\"Excel Advisor\",\"description\":\"Ihr Leitfaden zur Datendominanz\",\"publisher\":{\"@id\":\"https:\/\/exceladvisor.org\/de\/#organization\"},\"potentialAction\":[{\"@type\":\"SearchAction\",\"target\":{\"@type\":\"EntryPoint\",\"urlTemplate\":\"https:\/\/exceladvisor.org\/de\/?s={search_term_string}\"},\"query-input\":{\"@type\":\"PropertyValueSpecification\",\"valueRequired\":true,\"valueName\":\"search_term_string\"}}],\"inLanguage\":\"de\"},{\"@type\":\"Organization\",\"@id\":\"https:\/\/exceladvisor.org\/de\/#organization\",\"name\":\"Excel Advisor\",\"url\":\"https:\/\/exceladvisor.org\/de\/\",\"logo\":{\"@type\":\"ImageObject\",\"inLanguage\":\"de\",\"@id\":\"https:\/\/exceladvisor.org\/de\/#\/schema\/logo\/image\/\",\"url\":\"https:\/\/exceladvisor.org\/de\/wp-content\/uploads\/2023\/11\/exceladvisor.org_.png\",\"contentUrl\":\"https:\/\/exceladvisor.org\/de\/wp-content\/uploads\/2023\/11\/exceladvisor.org_.png\",\"width\":105,\"height\":36,\"caption\":\"Excel Advisor\"},\"image\":{\"@id\":\"https:\/\/exceladvisor.org\/de\/#\/schema\/logo\/image\/\"}}]}<\/script>\n<!-- \/ Yoast SEO plugin. -->","yoast_head_json":{"title":"\u25b7 Wie f\u00fcge ich ein Leerzeichen in einer Excel-Zelle hinzu?","description":"In diesem Tutorial erfahren Sie, wie Sie eine Excel-Formel schreiben, um ein Leerzeichen zwischen zwei Werten einzuf\u00fcgen. Lassen Sie uns das \u00fcberpr\u00fcfen ...","robots":{"index":"index","follow":"follow","max-snippet":"max-snippet:-1","max-image-preview":"max-image-preview:large","max-video-preview":"max-video-preview:-1"},"canonical":"https:\/\/exceladvisor.org\/de\/leerzeichen-hinzufugen-2\/","og_locale":"de_DE","og_type":"article","og_title":"\u25b7 Wie f\u00fcge ich ein Leerzeichen in einer Excel-Zelle hinzu?","og_description":"In diesem Tutorial erfahren Sie, wie Sie eine Excel-Formel schreiben, um ein Leerzeichen zwischen zwei Werten einzuf\u00fcgen. Lassen Sie uns das \u00fcberpr\u00fcfen ...","og_url":"https:\/\/exceladvisor.org\/de\/leerzeichen-hinzufugen-2\/","og_site_name":"Excel Advisor","article_modified_time":"2023-12-03T11:20:51+00:00","og_image":[{"url":"https:\/\/exceladvisor.org\/wp-content\/uploads\/2023\/11\/1-ajouter-un-espace-unique.png","type":"","width":"","height":""}],"twitter_card":"summary_large_image","twitter_misc":{"Gesch\u00e4tzte Lesezeit":"2\u00a0Minuten"},"schema":{"@context":"https:\/\/schema.org","@graph":[{"@type":"WebPage","@id":"https:\/\/exceladvisor.org\/de\/leerzeichen-hinzufugen-2\/","url":"https:\/\/exceladvisor.org\/de\/leerzeichen-hinzufugen-2\/","name":"\u25b7 Wie f\u00fcge ich ein Leerzeichen in einer Excel-Zelle hinzu?","isPartOf":{"@id":"https:\/\/exceladvisor.org\/de\/#website"},"primaryImageOfPage":{"@id":"https:\/\/exceladvisor.org\/de\/leerzeichen-hinzufugen-2\/#primaryimage"},"image":{"@id":"https:\/\/exceladvisor.org\/de\/leerzeichen-hinzufugen-2\/#primaryimage"},"thumbnailUrl":"https:\/\/exceladvisor.org\/wp-content\/uploads\/2023\/11\/1-ajouter-un-espace-unique.png","datePublished":"2023-11-20T05:19:51+00:00","dateModified":"2023-12-03T11:20:51+00:00","description":"In diesem Tutorial erfahren Sie, wie Sie eine Excel-Formel schreiben, um ein Leerzeichen zwischen zwei Werten einzuf\u00fcgen. Lassen Sie uns das \u00fcberpr\u00fcfen ...","breadcrumb":{"@id":"https:\/\/exceladvisor.org\/de\/leerzeichen-hinzufugen-2\/#breadcrumb"},"inLanguage":"de","potentialAction":[{"@type":"ReadAction","target":["https:\/\/exceladvisor.org\/de\/leerzeichen-hinzufugen-2\/"]}]},{"@type":"ImageObject","inLanguage":"de","@id":"https:\/\/exceladvisor.org\/de\/leerzeichen-hinzufugen-2\/#primaryimage","url":"https:\/\/exceladvisor.org\/wp-content\/uploads\/2023\/11\/1-ajouter-un-espace-unique.png","contentUrl":"https:\/\/exceladvisor.org\/wp-content\/uploads\/2023\/11\/1-ajouter-un-espace-unique.png"},{"@type":"BreadcrumbList","@id":"https:\/\/exceladvisor.org\/de\/leerzeichen-hinzufugen-2\/#breadcrumb","itemListElement":[{"@type":"ListItem","position":1,"name":"Accueil","item":"https:\/\/exceladvisor.org\/de\/"},{"@type":"ListItem","position":2,"name":"Wie f\u00fcge ich einer excel-zelle ein leerzeichen hinzu?"}]},{"@type":"WebSite","@id":"https:\/\/exceladvisor.org\/de\/#website","url":"https:\/\/exceladvisor.org\/de\/","name":"Excel Advisor","description":"Ihr Leitfaden zur Datendominanz","publisher":{"@id":"https:\/\/exceladvisor.org\/de\/#organization"},"potentialAction":[{"@type":"SearchAction","target":{"@type":"EntryPoint","urlTemplate":"https:\/\/exceladvisor.org\/de\/?s={search_term_string}"},"query-input":{"@type":"PropertyValueSpecification","valueRequired":true,"valueName":"search_term_string"}}],"inLanguage":"de"},{"@type":"Organization","@id":"https:\/\/exceladvisor.org\/de\/#organization","name":"Excel Advisor","url":"https:\/\/exceladvisor.org\/de\/","logo":{"@type":"ImageObject","inLanguage":"de","@id":"https:\/\/exceladvisor.org\/de\/#\/schema\/logo\/image\/","url":"https:\/\/exceladvisor.org\/de\/wp-content\/uploads\/2023\/11\/exceladvisor.org_.png","contentUrl":"https:\/\/exceladvisor.org\/de\/wp-content\/uploads\/2023\/11\/exceladvisor.org_.png","width":105,"height":36,"caption":"Excel Advisor"},"image":{"@id":"https:\/\/exceladvisor.org\/de\/#\/schema\/logo\/image\/"}}]}},"yoast_meta":{"yoast_wpseo_title":"","yoast_wpseo_metadesc":"","yoast_wpseo_canonical":""},"_links":{"self":[{"href":"https:\/\/exceladvisor.org\/de\/wp-json\/wp\/v2\/pages\/2991","targetHints":{"allow":["GET"]}}],"collection":[{"href":"https:\/\/exceladvisor.org\/de\/wp-json\/wp\/v2\/pages"}],"about":[{"href":"https:\/\/exceladvisor.org\/de\/wp-json\/wp\/v2\/types\/page"}],"author":[{"embeddable":true,"href":"https:\/\/exceladvisor.org\/de\/wp-json\/wp\/v2\/users\/1"}],"replies":[{"embeddable":true,"href":"https:\/\/exceladvisor.org\/de\/wp-json\/wp\/v2\/comments?post=2991"}],"version-history":[{"count":1,"href":"https:\/\/exceladvisor.org\/de\/wp-json\/wp\/v2\/pages\/2991\/revisions"}],"predecessor-version":[{"id":4031,"href":"https:\/\/exceladvisor.org\/de\/wp-json\/wp\/v2\/pages\/2991\/revisions\/4031"}],"wp:attachment":[{"href":"https:\/\/exceladvisor.org\/de\/wp-json\/wp\/v2\/media?parent=2991"}],"curies":[{"name":"wp","href":"https:\/\/api.w.org\/{rel}","templated":true}]}}