{"id":2992,"date":"2023-11-20T03:23:44","date_gmt":"2023-11-20T03:23:44","guid":{"rendered":"https:\/\/exceladvisor.org\/de\/julienne-datum-2\/"},"modified":"2023-12-03T13:03:45","modified_gmt":"2023-12-03T13:03:45","slug":"julienne-datum-2","status":"publish","type":"page","link":"https:\/\/exceladvisor.org\/de\/julienne-datum-2\/","title":{"rendered":"Wie konvertiere ich ein datum in ein julianisches datum?"},"content":{"rendered":"<div class=\"excel-vor-dem-inhalt\" id=\"excel-579390155\"><script type=\"text\/javascript\">\r\n\tatOptions = {\r\n\t\t'key' : 'c1158f160081d6540a8409e6925dab94',\r\n\t\t'format' : 'iframe',\r\n\t\t'height' : 250,\r\n\t\t'width' : 300,\r\n\t\t'params' : {}\r\n\t};\r\n<\/script>\r\n<script type=\"text\/javascript\" src=\"\/\/www.highperformanceformat.com\/c1158f160081d6540a8409e6925dab94\/invoke.js\"><\/script><\/div> <p>Wenn Sie in Excel ein regul\u00e4res Datum in ein julianisches Datum umwandeln m\u00f6chten, m\u00fcssen Sie die Jahres- und Tageszahl aus dem Datum ermitteln. Und dann kombinieren Sie die beiden, wobei das Jahr an erster Stelle und die Tageszahl an zweiter Stelle steht. Nachfolgend finden Sie das Format eines julianischen Datums. <\/p><div class=\"wp-block-image\"><figure class=\"aligncenter size-full is-resized\"><img loading=\"lazy\" decoding=\"async\" class=\"wp-image-83047\" src=\"https:\/\/exceladvisor.org\/wp-content\/uploads\/2023\/08\/1-format-de-date-julien.png\" sizes=\"auto, \" srcset=\"\" alt=\"Format-Datum-Julien\" width=\"501\" height=\"174\"><\/figure><\/div><p> Dar\u00fcber hinaus k\u00f6nnen Sie auch das folgende Format verwenden. Es gibt verschiedene Formate f\u00fcr Julians Datum, die Sie verwenden k\u00f6nnen. <\/p><div class=\"wp-block-image\"><figure class=\"aligncenter size-full is-resized\"><img loading=\"lazy\" decoding=\"async\" class=\"wp-image-83048\" src=\"https:\/\/exceladvisor.org\/wp-content\/uploads\/2023\/08\/2-format-supplementaire-de-date-julienne.png\" sizes=\"auto, \" srcset=\"\" alt=\"zus\u00e4tzliches-format-des-julianischen-datums\" width=\"498\" height=\"172\"><\/figure><\/div><h2 class=\"wp-block-heading\"> Excel-Formel f\u00fcr Julianisches Datum<\/h2><p> Hier sind die Schritte zum Schreiben dieser Formel:<\/p><ol type=\"1\"><li> Geben Sie zun\u00e4chst die TEXT-Funktion in eine Zelle ein, um das Jahr aus dem Datum TEXT(A1, \u201eYYYY\u201c) zu erhalten.<\/li><li> Geben Sie anschlie\u00dfend ein kaufm\u00e4nnisches Und-Zeichen (&amp;) ein, um die zweite Formel einzugeben und den Tag des Jahres zu ermitteln.<\/li><li> Jetzt m\u00fcssen Sie hier erneut TEXT mit DATE und YEAR verwenden.<\/li><li> Geben Sie daher nach diesem kaufm\u00e4nnischen Und die Formel TEXT(A1-DATE(YEAR(A1),1,0), \u00bb000\u2033) ein, um <a href=\"https:\/\/exceladvisor.org\/de\/holen-sie-sich-die-nummer-des-tages-des-jahres\/\">den Tag des Jahres zu erhalten<\/a> . <\/li><\/ol><div class=\"wp-block-image\"><figure class=\"aligncenter size-full is-resized\"><img loading=\"lazy\" decoding=\"async\" class=\"wp-image-83049\" src=\"https:\/\/exceladvisor.org\/wp-content\/uploads\/2023\/08\/3-formule-pour-la-date-julienne.png\" sizes=\"auto, \" srcset=\"\" alt=\"Formel-f\u00fcr-julianisches-Datum\" width=\"628\" height=\"140\"><\/figure><\/div><p> Sobald Sie die Eingabetaste dr\u00fccken, wird eine Zahl, ein julianisches Datum, zur\u00fcckgegeben. Und in diesem Datum sind die ersten vier Ziffern das Jahr und die n\u00e4chsten drei Ziffern die Tageszahl des Jahres. <\/p><div class=\"wp-block-image\"><figure class=\"aligncenter size-full is-resized\"><img loading=\"lazy\" decoding=\"async\" class=\"wp-image-83050\" src=\"https:\/\/exceladvisor.org\/wp-content\/uploads\/2023\/08\/4-nombre-comme-date-julienne.png\" sizes=\"auto, \" srcset=\"\" alt=\"Zahl\u00e4hnliches-Datum-Julienne\" width=\"590\" height=\"162\"><\/figure><\/div><pre class=\"wp-block-code\"> <code class=\"language-excel-formula\" lang=\"excel-formula\">=TEXT(A1,\"YYYY\")&amp;TEXT(A1-DATE(YEAR(A1),1,0),\"000\")<\/code><\/pre><p> Um diese Formel zu verstehen, m\u00fcssen Sie sie in zwei Teile teilen: <\/p><div class=\"wp-block-image\"><figure class=\"aligncenter size-full is-resized\"><img loading=\"lazy\" decoding=\"async\" class=\"wp-image-83051\" src=\"https:\/\/exceladvisor.org\/wp-content\/uploads\/2023\/08\/5-formule-divisee-en-deux-parties.png\" sizes=\"auto, \" srcset=\"\" alt=\"Formel-in-zwei-Teile-geteilt\" width=\"622\" height=\"94\"><\/figure><\/div><p> Im ersten Teil haben Sie die TEXT-Funktion verwendet, um das Jahr aus dem Datum im Format \u201eJJJJ\u201c zu ermitteln. <\/p><div class=\"wp-block-image\"><figure class=\"aligncenter size-full is-resized\"><img loading=\"lazy\" decoding=\"async\" class=\"wp-image-83052\" src=\"https:\/\/exceladvisor.org\/wp-content\/uploads\/2023\/08\/6-fonction-de-texte-pour-obtenir-lannee.png\" sizes=\"auto, \" srcset=\"\" alt=\"Textfunktion, um das Jahr zu erhalten\" width=\"679\" height=\"141\"><\/figure><\/div><p> Und im zweiten Teil kombinieren wir drei Funktionen: TEXT, DATUM und JAHR. YEAR gibt das Jahr ab dem urspr\u00fcnglichen Datum zur\u00fcck; Damit erzeugt DATE den <sup>1.<\/sup> Tag des Jahres. <\/p><div class=\"wp-block-image\"><figure class=\"aligncenter size-full is-resized\"><img loading=\"lazy\" decoding=\"async\" class=\"wp-image-83053\" src=\"https:\/\/exceladvisor.org\/wp-content\/uploads\/2023\/08\/7-deuxieme-partie-a-des-fonctions-de-date-et-dannee-de-texte.png\" sizes=\"auto, \" srcset=\"\" alt=\"Der zweite Teil verf\u00fcgt \u00fcber Textfunktionen f\u00fcr Datum und Jahr\" width=\"686\" height=\"73\"><\/figure><\/div><p> Danach verwendet TEXT dieses Datum und subtrahiert es vom urspr\u00fcnglichen Datum. Und am Ende wird es durch die Verwendung des Formats \u201e000\u201c in eine dreistellige Zahl umgewandelt, die Zahl des Tages des Jahres. <\/p><div class=\"wp-block-image\"><figure class=\"aligncenter size-full is-resized\"><img loading=\"lazy\" decoding=\"async\" class=\"wp-image-83055\" src=\"https:\/\/exceladvisor.org\/wp-content\/uploads\/2023\/08\/8-texte-utilise-cette-date.png\" sizes=\"auto, \" srcset=\"\" alt=\"text-use-this-date\" width=\"699\" height=\"161\"><\/figure><\/div><p> Und insgesamt liefert Ihnen diese Formel die Jahres- und Tageszahl in einer einzigen Zelle als julianisches Datum.<\/p><h2 class=\"wp-block-heading\"> Julianisches Datum in anderen Formaten<\/h2><p> Wie ich eingangs sagte, gibt es verschiedene Formate des julianischen Datums. Und Sie k\u00f6nnen jedes davon verwenden. Mit der folgenden Formel k\u00f6nnen Sie beispielsweise ein Julianisches Datum erstellen, bei dem Sie das Jahr als zweistellige Zahl und dann den Tag als dreistellige Zahl haben. <\/p><div class=\"wp-block-image\"><figure class=\"aligncenter size-full is-resized\"><img loading=\"lazy\" decoding=\"async\" class=\"wp-image-83056\" src=\"https:\/\/exceladvisor.org\/wp-content\/uploads\/2023\/08\/Date-du-9-julien-dans-dautres-formats.png\" sizes=\"auto, \" srcset=\"\" alt=\"Julienne-Date-in-anderen-Formaten\" width=\"683\" height=\"176\"><\/figure><\/div><pre class=\"wp-block-code\"> <code class=\"language-excel-formula\" lang=\"excel-formula\">=TEXT(A1,\"YY\")&amp;TEXT(A1-DATE(YEAR(A1),1,0),\"000\")<\/code><\/pre><h2 class=\"wp-block-heading\"> Konvertierung vom julianischen Datum<\/h2><p> Wenn Sie bereits ein Julianisches Datum haben und es wieder in ein normales Datum umwandeln m\u00f6chten, k\u00f6nnen Sie die folgende Formel verwenden: <\/p><div class=\"wp-block-image\"><figure class=\"aligncenter size-full is-resized\"><img loading=\"lazy\" decoding=\"async\" class=\"wp-image-83057\" src=\"https:\/\/exceladvisor.org\/wp-content\/uploads\/2023\/08\/10-reconvertir-a-la-date-normale.png\" sizes=\"auto, \" srcset=\"\" alt=\"Zur\u00fcck zum regul\u00e4ren Datum konvertieren\" width=\"473\" height=\"274\"><\/figure><\/div><pre class=\"wp-block-code\"> <code class=\"language-excel-formula\" lang=\"excel-formula\">=DATE(LEFT(A2,4),1,RIGHT(A2,3))<\/code><\/pre><p> Um diese Formel zu verstehen, m\u00fcssen Sie die DATE-Funktion verstehen, da die Hauptfunktion die DATE-Funktion ist. <\/p><div class=\"wp-block-image\"><figure class=\"aligncenter size-full is-resized\"><img loading=\"lazy\" decoding=\"async\" class=\"wp-image-83058\" src=\"https:\/\/exceladvisor.org\/wp-content\/uploads\/2023\/08\/11-formule-pour-revenir-a-la-date-normale.png\" sizes=\"auto, \" srcset=\"\" alt=\"Formel zur Konvertierung in ein regul\u00e4res Datum\" width=\"570\" height=\"86\"><\/figure><\/div><p> LEFT gibt das Jahr aus dem Datum zur\u00fcck, indem vier Ziffern von links extrahiert werden. Im zweiten Argument (Monat) haben Sie beispielsweise 1, was den ersten Monat (Januar) bedeutet.<\/p><p> Im dritten Argument haben wir nun RIGHT, das die Zahl des Tages des Jahres zur\u00fcckgibt. Die Anzahl der Tage betr\u00e4gt hier 324, mehr als die Gesamtzahl der Tage, die ein Monat normalerweise hat (30\/31). Und die DATUM-Funktion ist intelligent genug, um diese Tage in Monate umzuwandeln und ein korrektes Datum anzugeben. <\/p><div class=\"wp-block-image\"><figure class=\"aligncenter size-full is-resized\"><img loading=\"lazy\" decoding=\"async\" class=\"wp-image-83059\" src=\"https:\/\/exceladvisor.org\/wp-content\/uploads\/2023\/08\/Date-du-12-julien-convertie-en-date-normale.png\" sizes=\"auto, \" srcset=\"\" alt=\"Julienne-Datum-in-regul\u00e4res-Datum konvertiert\" width=\"544\" height=\"276\"><\/figure><\/div><div class=\"gb-container gb-container-0df56012 gb-container-mt\"> <a class=\"gb-button gb-button-f9f432f4 gb-button-text gb-button-mt-button\" href=\"https:\/\/exceladvisor.org\/de\/formeln\/\">Liste der Excel-Formeln<\/a><h2 class=\"gb-headline gb-headline-233444e8 gb-headline-text gb-headline-mt-heading\"> Verwandte Formeln <\/h2><div class=\"gb-grid-wrapper gb-grid-wrapper-a16fa65c gb-grid-wrapper-mt-grid\"><div class=\"gb-grid-column gb-grid-column-50d07e0d\"><div class=\"gb-container gb-container-50d07e0d\"><ul><li> <a href=\"https:\/\/exceladvisor.org\/de\/fugen-sie-das-wochendatum-hinzu\/\">Addiere\/subtrahiere eine Woche von einem Datum in Excel<\/a><\/li><li> <a href=\"https:\/\/exceladvisor.org\/de\/holen-sie-sich-den-namen-des-tages\/\">Erhalten Sie den Tagesnamen aus einem Datum in Excel<\/a><\/li><li> <a href=\"https:\/\/exceladvisor.org\/de\/tage-des-monats\/\">Ermitteln Sie die Gesamtzahl der Tage oder Monate in Excel<\/a> <\/li><\/ul><\/div><\/div><div class=\"gb-grid-column gb-grid-column-5b4a0cf9\"><div class=\"gb-container gb-container-5b4a0cf9\"><ul><li> <a href=\"https:\/\/exceladvisor.org\/de\/countdown-tage\/\">Countdown-Tage<\/a><\/li><li> <a href=\"https:\/\/exceladvisor.org\/de\/tage-zwischen-zwei-daten\/\">Z\u00e4hlen Sie die Tage zwischen zwei Daten<\/a><\/li><li> <a href=\"https:\/\/exceladvisor.org\/de\/vergangenen-sonntag-2\/\">Holen Sie sich den letzten Sonntag<\/a><\/li><\/ul><\/div><\/div><\/div><\/div>","protected":false},"excerpt":{"rendered":"","protected":false},"author":1,"featured_media":0,"parent":0,"menu_order":0,"comment_status":"open","ping_status":"closed","template":"","meta":{"ub_ctt_via":"","footnotes":""},"class_list":["post-2992","page","type-page","status-publish","hentry"],"featured_image_src":null,"yoast_head":"<!-- This site is optimized with the Yoast SEO plugin v25.4 - https:\/\/yoast.com\/wordpress\/plugins\/seo\/ -->\n<title>Wie konvertiere ich ein Datum in ein Julianisches Datum? (Tutorial 2023)<\/title>\n<meta name=\"description\" content=\"In diesem Tutorial erfahren Sie, wie Sie eine Excel-Formel schreiben, um ein normales Datum in ein julianisches Datum umzuwandeln. Lassen Sie uns das \u00fcberpr\u00fcfen ...\" \/>\n<meta name=\"robots\" content=\"index, follow, max-snippet:-1, max-image-preview:large, max-video-preview:-1\" \/>\n<link rel=\"canonical\" href=\"https:\/\/exceladvisor.org\/de\/julienne-datum-2\/\" \/>\n<meta property=\"og:locale\" content=\"de_DE\" \/>\n<meta property=\"og:type\" content=\"article\" \/>\n<meta property=\"og:title\" content=\"Wie konvertiere ich ein Datum in ein Julianisches Datum? (Tutorial 2023)\" \/>\n<meta property=\"og:description\" content=\"In diesem Tutorial erfahren Sie, wie Sie eine Excel-Formel schreiben, um ein normales Datum in ein julianisches Datum umzuwandeln. Lassen Sie uns das \u00fcberpr\u00fcfen ...\" \/>\n<meta property=\"og:url\" content=\"https:\/\/exceladvisor.org\/de\/julienne-datum-2\/\" \/>\n<meta property=\"og:site_name\" content=\"Excel Advisor\" \/>\n<meta property=\"article:modified_time\" content=\"2023-12-03T13:03:45+00:00\" \/>\n<meta property=\"og:image\" content=\"https:\/\/exceladvisor.org\/wp-content\/uploads\/2023\/08\/1-format-de-date-julien.png\" \/>\n<meta name=\"twitter:card\" content=\"summary_large_image\" \/>\n<meta name=\"twitter:label1\" content=\"Gesch\u00e4tzte Lesezeit\" \/>\n\t<meta name=\"twitter:data1\" content=\"3\u00a0Minuten\" \/>\n<script type=\"application\/ld+json\" class=\"yoast-schema-graph\">{\"@context\":\"https:\/\/schema.org\",\"@graph\":[{\"@type\":\"WebPage\",\"@id\":\"https:\/\/exceladvisor.org\/de\/julienne-datum-2\/\",\"url\":\"https:\/\/exceladvisor.org\/de\/julienne-datum-2\/\",\"name\":\"Wie konvertiere ich ein Datum in ein Julianisches Datum? (Tutorial 2023)\",\"isPartOf\":{\"@id\":\"https:\/\/exceladvisor.org\/de\/#website\"},\"primaryImageOfPage\":{\"@id\":\"https:\/\/exceladvisor.org\/de\/julienne-datum-2\/#primaryimage\"},\"image\":{\"@id\":\"https:\/\/exceladvisor.org\/de\/julienne-datum-2\/#primaryimage\"},\"thumbnailUrl\":\"https:\/\/exceladvisor.org\/wp-content\/uploads\/2023\/08\/1-format-de-date-julien.png\",\"datePublished\":\"2023-11-20T03:23:44+00:00\",\"dateModified\":\"2023-12-03T13:03:45+00:00\",\"description\":\"In diesem Tutorial erfahren Sie, wie Sie eine Excel-Formel schreiben, um ein normales Datum in ein julianisches Datum umzuwandeln. Lassen Sie uns das \u00fcberpr\u00fcfen ...\",\"breadcrumb\":{\"@id\":\"https:\/\/exceladvisor.org\/de\/julienne-datum-2\/#breadcrumb\"},\"inLanguage\":\"de\",\"potentialAction\":[{\"@type\":\"ReadAction\",\"target\":[\"https:\/\/exceladvisor.org\/de\/julienne-datum-2\/\"]}]},{\"@type\":\"ImageObject\",\"inLanguage\":\"de\",\"@id\":\"https:\/\/exceladvisor.org\/de\/julienne-datum-2\/#primaryimage\",\"url\":\"https:\/\/exceladvisor.org\/wp-content\/uploads\/2023\/08\/1-format-de-date-julien.png\",\"contentUrl\":\"https:\/\/exceladvisor.org\/wp-content\/uploads\/2023\/08\/1-format-de-date-julien.png\"},{\"@type\":\"BreadcrumbList\",\"@id\":\"https:\/\/exceladvisor.org\/de\/julienne-datum-2\/#breadcrumb\",\"itemListElement\":[{\"@type\":\"ListItem\",\"position\":1,\"name\":\"Accueil\",\"item\":\"https:\/\/exceladvisor.org\/de\/\"},{\"@type\":\"ListItem\",\"position\":2,\"name\":\"Wie konvertiere ich ein datum in ein julianisches datum?\"}]},{\"@type\":\"WebSite\",\"@id\":\"https:\/\/exceladvisor.org\/de\/#website\",\"url\":\"https:\/\/exceladvisor.org\/de\/\",\"name\":\"Excel Advisor\",\"description\":\"Ihr Leitfaden zur Datendominanz\",\"publisher\":{\"@id\":\"https:\/\/exceladvisor.org\/de\/#organization\"},\"potentialAction\":[{\"@type\":\"SearchAction\",\"target\":{\"@type\":\"EntryPoint\",\"urlTemplate\":\"https:\/\/exceladvisor.org\/de\/?s={search_term_string}\"},\"query-input\":{\"@type\":\"PropertyValueSpecification\",\"valueRequired\":true,\"valueName\":\"search_term_string\"}}],\"inLanguage\":\"de\"},{\"@type\":\"Organization\",\"@id\":\"https:\/\/exceladvisor.org\/de\/#organization\",\"name\":\"Excel Advisor\",\"url\":\"https:\/\/exceladvisor.org\/de\/\",\"logo\":{\"@type\":\"ImageObject\",\"inLanguage\":\"de\",\"@id\":\"https:\/\/exceladvisor.org\/de\/#\/schema\/logo\/image\/\",\"url\":\"https:\/\/exceladvisor.org\/de\/wp-content\/uploads\/2023\/11\/exceladvisor.org_.png\",\"contentUrl\":\"https:\/\/exceladvisor.org\/de\/wp-content\/uploads\/2023\/11\/exceladvisor.org_.png\",\"width\":105,\"height\":36,\"caption\":\"Excel Advisor\"},\"image\":{\"@id\":\"https:\/\/exceladvisor.org\/de\/#\/schema\/logo\/image\/\"}}]}<\/script>\n<!-- \/ Yoast SEO plugin. -->","yoast_head_json":{"title":"Wie konvertiere ich ein Datum in ein Julianisches Datum? (Tutorial 2023)","description":"In diesem Tutorial erfahren Sie, wie Sie eine Excel-Formel schreiben, um ein normales Datum in ein julianisches Datum umzuwandeln. Lassen Sie uns das \u00fcberpr\u00fcfen ...","robots":{"index":"index","follow":"follow","max-snippet":"max-snippet:-1","max-image-preview":"max-image-preview:large","max-video-preview":"max-video-preview:-1"},"canonical":"https:\/\/exceladvisor.org\/de\/julienne-datum-2\/","og_locale":"de_DE","og_type":"article","og_title":"Wie konvertiere ich ein Datum in ein Julianisches Datum? (Tutorial 2023)","og_description":"In diesem Tutorial erfahren Sie, wie Sie eine Excel-Formel schreiben, um ein normales Datum in ein julianisches Datum umzuwandeln. Lassen Sie uns das \u00fcberpr\u00fcfen ...","og_url":"https:\/\/exceladvisor.org\/de\/julienne-datum-2\/","og_site_name":"Excel Advisor","article_modified_time":"2023-12-03T13:03:45+00:00","og_image":[{"url":"https:\/\/exceladvisor.org\/wp-content\/uploads\/2023\/08\/1-format-de-date-julien.png","type":"","width":"","height":""}],"twitter_card":"summary_large_image","twitter_misc":{"Gesch\u00e4tzte Lesezeit":"3\u00a0Minuten"},"schema":{"@context":"https:\/\/schema.org","@graph":[{"@type":"WebPage","@id":"https:\/\/exceladvisor.org\/de\/julienne-datum-2\/","url":"https:\/\/exceladvisor.org\/de\/julienne-datum-2\/","name":"Wie konvertiere ich ein Datum in ein Julianisches Datum? (Tutorial 2023)","isPartOf":{"@id":"https:\/\/exceladvisor.org\/de\/#website"},"primaryImageOfPage":{"@id":"https:\/\/exceladvisor.org\/de\/julienne-datum-2\/#primaryimage"},"image":{"@id":"https:\/\/exceladvisor.org\/de\/julienne-datum-2\/#primaryimage"},"thumbnailUrl":"https:\/\/exceladvisor.org\/wp-content\/uploads\/2023\/08\/1-format-de-date-julien.png","datePublished":"2023-11-20T03:23:44+00:00","dateModified":"2023-12-03T13:03:45+00:00","description":"In diesem Tutorial erfahren Sie, wie Sie eine Excel-Formel schreiben, um ein normales Datum in ein julianisches Datum umzuwandeln. Lassen Sie uns das \u00fcberpr\u00fcfen ...","breadcrumb":{"@id":"https:\/\/exceladvisor.org\/de\/julienne-datum-2\/#breadcrumb"},"inLanguage":"de","potentialAction":[{"@type":"ReadAction","target":["https:\/\/exceladvisor.org\/de\/julienne-datum-2\/"]}]},{"@type":"ImageObject","inLanguage":"de","@id":"https:\/\/exceladvisor.org\/de\/julienne-datum-2\/#primaryimage","url":"https:\/\/exceladvisor.org\/wp-content\/uploads\/2023\/08\/1-format-de-date-julien.png","contentUrl":"https:\/\/exceladvisor.org\/wp-content\/uploads\/2023\/08\/1-format-de-date-julien.png"},{"@type":"BreadcrumbList","@id":"https:\/\/exceladvisor.org\/de\/julienne-datum-2\/#breadcrumb","itemListElement":[{"@type":"ListItem","position":1,"name":"Accueil","item":"https:\/\/exceladvisor.org\/de\/"},{"@type":"ListItem","position":2,"name":"Wie konvertiere ich ein datum in ein julianisches datum?"}]},{"@type":"WebSite","@id":"https:\/\/exceladvisor.org\/de\/#website","url":"https:\/\/exceladvisor.org\/de\/","name":"Excel Advisor","description":"Ihr Leitfaden zur Datendominanz","publisher":{"@id":"https:\/\/exceladvisor.org\/de\/#organization"},"potentialAction":[{"@type":"SearchAction","target":{"@type":"EntryPoint","urlTemplate":"https:\/\/exceladvisor.org\/de\/?s={search_term_string}"},"query-input":{"@type":"PropertyValueSpecification","valueRequired":true,"valueName":"search_term_string"}}],"inLanguage":"de"},{"@type":"Organization","@id":"https:\/\/exceladvisor.org\/de\/#organization","name":"Excel Advisor","url":"https:\/\/exceladvisor.org\/de\/","logo":{"@type":"ImageObject","inLanguage":"de","@id":"https:\/\/exceladvisor.org\/de\/#\/schema\/logo\/image\/","url":"https:\/\/exceladvisor.org\/de\/wp-content\/uploads\/2023\/11\/exceladvisor.org_.png","contentUrl":"https:\/\/exceladvisor.org\/de\/wp-content\/uploads\/2023\/11\/exceladvisor.org_.png","width":105,"height":36,"caption":"Excel Advisor"},"image":{"@id":"https:\/\/exceladvisor.org\/de\/#\/schema\/logo\/image\/"}}]}},"yoast_meta":{"yoast_wpseo_title":"","yoast_wpseo_metadesc":"","yoast_wpseo_canonical":""},"_links":{"self":[{"href":"https:\/\/exceladvisor.org\/de\/wp-json\/wp\/v2\/pages\/2992","targetHints":{"allow":["GET"]}}],"collection":[{"href":"https:\/\/exceladvisor.org\/de\/wp-json\/wp\/v2\/pages"}],"about":[{"href":"https:\/\/exceladvisor.org\/de\/wp-json\/wp\/v2\/types\/page"}],"author":[{"embeddable":true,"href":"https:\/\/exceladvisor.org\/de\/wp-json\/wp\/v2\/users\/1"}],"replies":[{"embeddable":true,"href":"https:\/\/exceladvisor.org\/de\/wp-json\/wp\/v2\/comments?post=2992"}],"version-history":[{"count":1,"href":"https:\/\/exceladvisor.org\/de\/wp-json\/wp\/v2\/pages\/2992\/revisions"}],"predecessor-version":[{"id":4118,"href":"https:\/\/exceladvisor.org\/de\/wp-json\/wp\/v2\/pages\/2992\/revisions\/4118"}],"wp:attachment":[{"href":"https:\/\/exceladvisor.org\/de\/wp-json\/wp\/v2\/media?parent=2992"}],"curies":[{"name":"wp","href":"https:\/\/api.w.org\/{rel}","templated":true}]}}