{"id":2994,"date":"2023-11-20T02:08:12","date_gmt":"2023-11-20T02:08:12","guid":{"rendered":"https:\/\/exceladvisor.org\/de\/grad\/"},"modified":"2023-12-03T13:05:11","modified_gmt":"2023-12-03T13:05:11","slug":"grad","status":"publish","type":"page","link":"https:\/\/exceladvisor.org\/de\/grad\/","title":{"rendered":"Wie tippe ich das degree-symbol in excel ein?"},"content":{"rendered":"<div class=\"excel-vor-dem-inhalt\" id=\"excel-1645302087\"><script type=\"text\/javascript\">\r\n\tatOptions = {\r\n\t\t'key' : 'c1158f160081d6540a8409e6925dab94',\r\n\t\t'format' : 'iframe',\r\n\t\t'height' : 250,\r\n\t\t'width' : 300,\r\n\t\t'params' : {}\r\n\t};\r\n<\/script>\r\n<script type=\"text\/javascript\" src=\"\/\/www.highperformanceformat.com\/c1158f160081d6540a8409e6925dab94\/invoke.js\"><\/script><\/div> <p>Sie m\u00fcssen lernen, wie Sie ein Gradsymbol in eine Zelle einf\u00fcgen und verwenden. Das ist richtig.<\/p><p> Lassen Sie mich Ihnen sagen, warum ich das sage. Gestern habe ich an Temperaturdaten gearbeitet. Dabei war es wichtig, das Gradsymbol in den Daten zu verwenden, um die Zahlen in Celsius und Fahrenheit anzuzeigen.<\/p><p> Wenn Sie wie ich einen Laptop verwenden, werden Sie feststellen, dass es keine Taste zum Eingeben eines Abschlusssymbols gibt.<\/p><p class=\"qt-tip\"> <strong>Wichtig:<\/strong> Wenn Sie ein Gradsymbol in einer Zelle platzieren, m\u00fcssen Sie sicherstellen, dass es immer ohne dazwischen liegende Leerzeichen auf die Zahl folgt.<\/p><h2 class=\"wp-block-heading\"> Die 5 besten M\u00f6glichkeiten, schnell ein Gradsymbol in Excel hinzuzuf\u00fcgen<\/h2><p> Bei der Arbeit an diesen Daten habe ich herausgefunden, dass man in Excel ein Gradsymbol auf f\u00fcnf verschiedene Arten eingeben\/eintippen kann. Und eine weitere gute Nachricht ist, dass diese Methoden <strong><span style=\"color: #000000;\">sowohl in der Windows- als auch in der MAC-Version von Excel identisch<\/span><\/strong> sind. Also lasst uns anfangen.<\/p><h2 class=\"wp-block-heading\"> 1. F\u00fcgen Sie mithilfe einer Tastenkombination ein Gradsymbol hinzu<\/h2><p> Mit einer <a href=\"https:\/\/exceladvisor.org\/de\/tastaturkurzel\/\">Tastenkombination<\/a> k\u00f6nnen Sie dieses Symbol schnell und einfach zu einer Zelle hinzuf\u00fcgen. Sie k\u00f6nnen es mit <kbd>Alt<\/kbd> + <kbd>0<\/kbd> <kbd>1<\/kbd> <kbd>7<\/kbd> <kbd>6<\/kbd> einf\u00fcgen. <\/p><div class=\"wp-block-image\"><figure class=\"aligncenter\"><img decoding=\"async\" src=\"https:\/\/exceladvisor.org\/wp-content\/uploads\/2023\/08\/touche-de-raccourci-pour-inserer-un-symbole-de-degre-dans-excel.png\" sizes=\"\" srcset=\"\" alt=\"Tastenkombination zum Einf\u00fcgen des Gradsymbols in Excel\"><\/figure><\/div><ol><li> W\u00e4hlen Sie zun\u00e4chst die Zelle aus, in die Sie sie eingeben m\u00f6chten.<\/li><li> Dr\u00fccken Sie F2, um die Zelle zu bearbeiten.<\/li><li> Halten Sie am Ende die ALT-Taste gedr\u00fcckt und dr\u00fccken Sie auf dem Ziffernblock 0 1 7 6.<\/li><\/ol><p> Sobald Sie es eingegeben haben, k\u00f6nnen Sie es auch sofort kopieren und in andere Zellen einf\u00fcgen oder diese Tastenkombination f\u00fcr jede Zelle einzeln dr\u00fccken.<\/p><h2 class=\"wp-block-heading\"> 2. Verwenden der CHAR-Funktion zum Hinzuf\u00fcgen eines Gradsymbols<\/h2><p> Wenn Sie mit der CHAR-Funktion vertraut sind, wissen Sie sicher, dass Sie damit Sonderzeichen einf\u00fcgen k\u00f6nnen.<\/p><p> Mit dieser Funktion k\u00f6nnen Sie auch ein Gradsymbol mit einer Zahl hinzuf\u00fcgen, um es in Celsius oder Fahrenheit anzuzeigen.<\/p><p> Alles, was Sie tun m\u00fcssen: F\u00fcgen Sie die CHAR-Funktion in eine Zelle ein, geben Sie 176 im Argument an und dr\u00fccken Sie die Eingabetaste. Sobald Sie dies tun, wird ein Gradsymbol zur\u00fcckgegeben. <\/p><div class=\"wp-block-image\"><figure class=\"aligncenter\"><img decoding=\"async\" src=\"https:\/\/exceladvisor.org\/wp-content\/uploads\/2023\/08\/inserer-un-symbole-de-degre-dans-Excel-en-utilisant-la-fonction-char.png\" sizes=\"\" srcset=\"\" alt=\"\"><\/figure><\/div><p> Und wenn Sie es mit einer Zahl addieren m\u00f6chten, m\u00fcssen Sie nur eine Formel wie die untenstehende einf\u00fcgen.<\/p><pre class=\"wp-block-code\"> <code class=\"language-excel-formula\" lang=\"excel-formula\">=29&amp;CHAR(176)<\/code><\/pre><p> Und dr\u00fccken Sie die Eingabetaste. Die andere M\u00f6glichkeit besteht darin, diese Formel mit IF und ISNUMBER zu kombinieren, sodass, wenn sich in der Zelle eine Zahl befindet, diese Zahl mit einem Grad kombiniert wird.<\/p><h2 class=\"wp-block-heading\"> 3. F\u00fcgen Sie das Gradsymbol aus dem Dialogfeld \u201eSymbol\u201c ein<\/h2><p> Wenn Sie ein Gradsymbol nur einmal hinzuf\u00fcgen m\u00f6chten, k\u00f6nnen Sie es auch \u00fcber das Symboldialogfeld einf\u00fcgen. Befolgen Sie diese einfachen Schritte:<\/p><ol><li> W\u00e4hlen Sie die Zelle aus, in die Sie es einf\u00fcgen m\u00f6chten, und gehen Sie dann zu Einf\u00fcgen \u279c Symbole \u279c Symbol. <br><img decoding=\"async\" title=\"F\u00fcgen Sie \u00fcber das Symboldialogfeld ein Gradsymbol in Excel ein\" src=\"https:\/\/exceladvisor.org\/wp-content\/uploads\/2023\/08\/inserer-un-symbole-de-degre-dans-Excel-a-laide-de-la-boite-de-dialogue-du-symbole.png\" sizes=\"\" srcset=\"\" alt=\"insert a degree symbol in excel using from symbol dialog box\"><\/li><li> W\u00e4hlen Sie im Dialogfeld \u201eLatin-1 Supplement\u201c in Subset aus und w\u00e4hlen Sie aus allen Symbolen das Gradsymbol aus. <br><img decoding=\"async\" title=\"F\u00fcgen Sie ein Gradsymbol in Excel ein, indem Sie das Dialogfeld \u201eSymbol einf\u00fcgen und schlie\u00dfen\u201c verwenden\" src=\"https:\/\/exceladvisor.org\/wp-content\/uploads\/2023\/08\/inserer-un-symbole-de-degre-dans-Excel-a-laide-de-la-boite-de-dialogue-du-symbole-inserer-et-fermer.png\" sizes=\"\" srcset=\"\" alt=\"\"><\/li><li> Klicken Sie abschlie\u00dfend auf \u201eEinf\u00fcgen\u201c und dann auf \u201eSchlie\u00dfen\u201c.<\/li><\/ol><p> Sie k\u00f6nnen auch eine Formel kopieren und in andere Zellen einf\u00fcgen oder sogar einf\u00fcgen.<\/p><h2 class=\"wp-block-heading\"> 4. Verwenden Sie Excel AUTO Correct, um einer Zelle ein Gradsymbol hinzuzuf\u00fcgen<\/h2><p> In Excel gibt es eine Option namens AutoKorrektur, mit der Sie mithilfe einer Abk\u00fcrzung ein Gradsymbol zu einer Zelle hinzuf\u00fcgen k\u00f6nnen. Es funktioniert ungef\u00e4hr so. <\/p><div class=\"wp-block-image\"><figure class=\"aligncenter\"><img decoding=\"async\" src=\"https:\/\/exceladvisor.org\/wp-content\/uploads\/2023\/08\/inserer-un-symbole-de-degre-dans-Excel-en-utilisant-loption-de-correction-automatique.gif\" sizes=\"\" srcset=\"\" alt=\"F\u00fcgen Sie mithilfe der Autokorrekturoption ein Gradsymbol in Excel ein\"><\/figure><\/div><p> Sie geben DYGR in eine Zelle ein und Excel konvertiert es (Autokorrektur) in ein tats\u00e4chliches Gradsymbol.<\/p><p> Aber zuerst m\u00fcssen Sie diese Autokorrektur erstellen. Hier sind die Schritte:<\/p><ol><li> Gehen Sie zu Datei \u279c Excel-Optionen.<\/li><li> W\u00e4hlen Sie im Dialogfeld \u201eOptionen\u201c die Option \u201eProofing\u201c \u279c \u201eAutoCorrect-Optionen\u201c.<\/li><li> Geben Sie im Dialogfeld \u201eAutoKorrektur\u201c DYGR in das Ersatzeingabefeld und ein Gradsymbol (verwenden Sie zum Einf\u00fcgen eine Tastenkombination ein) in die Eingabeleiste ein.<\/li><li> Klicken Sie auf \u201eHinzuf\u00fcgen\u201c und dann auf \u201eOK\u201c. <\/li><\/ol><div class=\"wp-block-image\"><figure class=\"aligncenter\"><img decoding=\"async\" src=\"https:\/\/exceladvisor.org\/wp-content\/uploads\/2023\/08\/inserer-un-symbole-de-degre-dans-Excel-en-utilisant-la-correction-automatique.png\" sizes=\"\" srcset=\"\" alt=\"F\u00fcgen Sie mithilfe der Autokorrektur ein Gradsymbol in Excel ein\"><\/figure><\/div><p> Wenn Sie nun den Text DYGR eingeben, wird er automatisch in ein Gradsymbol umgewandelt.<\/p><p class=\"qt-tip\"> <strong>Wichtig<\/strong> : Diese automatische Korrektur ber\u00fccksichtigt die Gro\u00df-\/Kleinschreibung und gilt f\u00fcr alle Office-Anwendungen wie Word, Powerpoint usw.<\/p><h2 class=\"wp-block-heading\"> 5. VBA-Code zum schnellen Einf\u00fcgen eines Delta-Symbols in eine Zelle<\/h2><p> VBA-Codes sparen Zeit. Ich bin sicher, dass du das wei\u00dft. Und der Code, den ich als n\u00e4chstes mit Ihnen teilen werde, ist einer dieser Codes.<\/p><p> Nehmen wir an, Sie haben eine Liste mit Zahlen in einer Spalte und m\u00f6chten jeder Zahl ein Gradsymbol hinzuf\u00fcgen. Hier ist es am besten, dieses Makro auf einmal auszuf\u00fchren.<\/p><ol><li> F\u00fcgen Sie zun\u00e4chst den folgenden Code in Ihren VB-Editor ein.<\/li><li> W\u00e4hlen Sie anschlie\u00dfend alle Zellen aus, in die Sie diese Symbole einf\u00fcgen m\u00f6chten.<\/li><li> Und f\u00fchren Sie diesen Code einfach \u00fcber die Registerkarte \u201eEntwickler\u201c aus.<\/li><\/ol><pre class=\"wp-block-code\"> <code class=\"language-visual-basic\" lang=\"visual-basic\">Sub degreeSymbol() Dim rng As Range For Each rng In Selection rng.Select If ActiveCell &lt;&gt; \"\" Then If IsNumeric(ActiveCell.Value) Then ActiveCell.Value = ActiveCell.Value &amp; \"\u00b0\" End If End If Next End Sub<\/code><\/pre><p> Dieser Code \u00fcberpr\u00fcft jede Zelle im Bereich und f\u00fcgt am Ende jeder Zelle ein Gradsymbol ein.<\/p><h2 class=\"wp-block-heading\"> Abschluss<\/h2><p> Ein Gradsymbol ist ein bestimmtes Symbol, das wir mit einem bestimmten Datentyp (Temperatur) verwenden m\u00fcssen. Es ist besser, f\u00fcnf verschiedene Methoden zum Einf\u00fcgen zu haben, damit Sie je nach Bedarf eine ausw\u00e4hlen k\u00f6nnen.<\/p><p> Ich hoffe, Sie fanden diese Methoden n\u00fctzlich und sagen mir jetzt etwas.<\/p><p> <em>Haben Sie eine andere Methode, um dieses Symbol einzuf\u00fcgen?<\/em><\/p><p> Bitte teilen Sie es mir im Kommentarbereich mit, ich w\u00fcrde mich freuen, von Ihnen zu h\u00f6ren. Und vergessen Sie nicht, diesen Tipp mit Ihren Freunden zu teilen.<\/p><div class=\"gb-container gb-container-4db6181c gb-container-mt\"> <a class=\"gb-button gb-button-c5897111 gb-button-text gb-button-mt-button\" href=\"https:\/\/exceladvisor.org\/de\/excel-grundlagen\/\">Microsoft Excel-Grundlagen (Komponenten, Teile und Wissenshinweise)<\/a><h2 class=\"gb-headline gb-headline-665e5f6b gb-headline-text gb-headline-mt-heading\"> Verwandte Tutorials <\/h2><div class=\"gb-grid-wrapper gb-grid-wrapper-a20baf7c gb-grid-wrapper-mt-grid\"><div class=\"gb-grid-column gb-grid-column-65ddf67e\"><div class=\"gb-container gb-container-65ddf67e\"><ul><li> <a href=\"https:\/\/exceladvisor.org\/de\/andern-sie-die-negative-zahl-in-eine-positive\/\">Wandeln Sie in Excel eine negative Zahl in eine positive um<\/a><\/li><li> <a href=\"https:\/\/exceladvisor.org\/de\/zeitstempel\/\">F\u00fcgen Sie einen Zeitstempel in Excel ein<\/a><\/li><li> <a href=\"https:\/\/exceladvisor.org\/de\/flohe\/\">F\u00fcgen Sie Aufz\u00e4hlungszeichen in Excel ein<\/a><\/li><li> <a href=\"https:\/\/exceladvisor.org\/de\/delta\/\">F\u00fcgen Sie das Delta-Symbol in Excel in eine Zelle ein<\/a><\/li><li> <a href=\"https:\/\/exceladvisor.org\/de\/formel-zum-wert\/\">Konvertieren Sie die Formel in Excel in einen Wert<\/a> <\/li><\/ul><\/div><\/div><div class=\"gb-grid-column gb-grid-column-50067b57\"><div class=\"gb-container gb-container-50067b57\"><\/div><\/div><\/div><\/div>","protected":false},"excerpt":{"rendered":"","protected":false},"author":1,"featured_media":0,"parent":0,"menu_order":0,"comment_status":"open","ping_status":"closed","template":"","meta":{"ub_ctt_via":"","footnotes":""},"class_list":["post-2994","page","type-page","status-publish","hentry"],"featured_image_src":null,"yoast_head":"<!-- This site is optimized with the Yoast SEO plugin v25.4 - https:\/\/yoast.com\/wordpress\/plugins\/seo\/ -->\n<title>Wie tippe ich das DEGREE-Symbol in Excel ein? (Tutorial 2023)<\/title>\n<meta name=\"description\" content=\"Bei der Arbeit an diesen Daten haben wir festgestellt, dass man sie in Excel auf f\u00fcnf verschiedene Arten eingeben\/eingeben kann...\" \/>\n<meta name=\"robots\" content=\"index, follow, max-snippet:-1, max-image-preview:large, max-video-preview:-1\" \/>\n<link rel=\"canonical\" href=\"https:\/\/exceladvisor.org\/de\/grad\/\" \/>\n<meta property=\"og:locale\" content=\"de_DE\" \/>\n<meta property=\"og:type\" content=\"article\" \/>\n<meta property=\"og:title\" content=\"Wie tippe ich das DEGREE-Symbol in Excel ein? (Tutorial 2023)\" \/>\n<meta property=\"og:description\" content=\"Bei der Arbeit an diesen Daten haben wir festgestellt, dass man sie in Excel auf f\u00fcnf verschiedene Arten eingeben\/eingeben kann...\" \/>\n<meta property=\"og:url\" content=\"https:\/\/exceladvisor.org\/de\/grad\/\" \/>\n<meta property=\"og:site_name\" content=\"Excel Advisor\" \/>\n<meta property=\"article:modified_time\" content=\"2023-12-03T13:05:11+00:00\" \/>\n<meta property=\"og:image\" content=\"https:\/\/exceladvisor.org\/wp-content\/uploads\/2023\/08\/touche-de-raccourci-pour-inserer-un-symbole-de-degre-dans-excel.png\" \/>\n<meta name=\"twitter:card\" content=\"summary_large_image\" \/>\n<meta name=\"twitter:label1\" content=\"Gesch\u00e4tzte Lesezeit\" \/>\n\t<meta name=\"twitter:data1\" content=\"5\u00a0Minuten\" \/>\n<script type=\"application\/ld+json\" class=\"yoast-schema-graph\">{\"@context\":\"https:\/\/schema.org\",\"@graph\":[{\"@type\":\"WebPage\",\"@id\":\"https:\/\/exceladvisor.org\/de\/grad\/\",\"url\":\"https:\/\/exceladvisor.org\/de\/grad\/\",\"name\":\"Wie tippe ich das DEGREE-Symbol in Excel ein? (Tutorial 2023)\",\"isPartOf\":{\"@id\":\"https:\/\/exceladvisor.org\/de\/#website\"},\"primaryImageOfPage\":{\"@id\":\"https:\/\/exceladvisor.org\/de\/grad\/#primaryimage\"},\"image\":{\"@id\":\"https:\/\/exceladvisor.org\/de\/grad\/#primaryimage\"},\"thumbnailUrl\":\"https:\/\/exceladvisor.org\/wp-content\/uploads\/2023\/08\/touche-de-raccourci-pour-inserer-un-symbole-de-degre-dans-excel.png\",\"datePublished\":\"2023-11-20T02:08:12+00:00\",\"dateModified\":\"2023-12-03T13:05:11+00:00\",\"description\":\"Bei der Arbeit an diesen Daten haben wir festgestellt, dass man sie in Excel auf f\u00fcnf verschiedene Arten eingeben\/eingeben kann...\",\"breadcrumb\":{\"@id\":\"https:\/\/exceladvisor.org\/de\/grad\/#breadcrumb\"},\"inLanguage\":\"de\",\"potentialAction\":[{\"@type\":\"ReadAction\",\"target\":[\"https:\/\/exceladvisor.org\/de\/grad\/\"]}]},{\"@type\":\"ImageObject\",\"inLanguage\":\"de\",\"@id\":\"https:\/\/exceladvisor.org\/de\/grad\/#primaryimage\",\"url\":\"https:\/\/exceladvisor.org\/wp-content\/uploads\/2023\/08\/touche-de-raccourci-pour-inserer-un-symbole-de-degre-dans-excel.png\",\"contentUrl\":\"https:\/\/exceladvisor.org\/wp-content\/uploads\/2023\/08\/touche-de-raccourci-pour-inserer-un-symbole-de-degre-dans-excel.png\"},{\"@type\":\"BreadcrumbList\",\"@id\":\"https:\/\/exceladvisor.org\/de\/grad\/#breadcrumb\",\"itemListElement\":[{\"@type\":\"ListItem\",\"position\":1,\"name\":\"Accueil\",\"item\":\"https:\/\/exceladvisor.org\/de\/\"},{\"@type\":\"ListItem\",\"position\":2,\"name\":\"Wie tippe ich das degree-symbol in excel ein?\"}]},{\"@type\":\"WebSite\",\"@id\":\"https:\/\/exceladvisor.org\/de\/#website\",\"url\":\"https:\/\/exceladvisor.org\/de\/\",\"name\":\"Excel Advisor\",\"description\":\"Ihr Leitfaden zur Datendominanz\",\"publisher\":{\"@id\":\"https:\/\/exceladvisor.org\/de\/#organization\"},\"potentialAction\":[{\"@type\":\"SearchAction\",\"target\":{\"@type\":\"EntryPoint\",\"urlTemplate\":\"https:\/\/exceladvisor.org\/de\/?s={search_term_string}\"},\"query-input\":{\"@type\":\"PropertyValueSpecification\",\"valueRequired\":true,\"valueName\":\"search_term_string\"}}],\"inLanguage\":\"de\"},{\"@type\":\"Organization\",\"@id\":\"https:\/\/exceladvisor.org\/de\/#organization\",\"name\":\"Excel Advisor\",\"url\":\"https:\/\/exceladvisor.org\/de\/\",\"logo\":{\"@type\":\"ImageObject\",\"inLanguage\":\"de\",\"@id\":\"https:\/\/exceladvisor.org\/de\/#\/schema\/logo\/image\/\",\"url\":\"https:\/\/exceladvisor.org\/de\/wp-content\/uploads\/2023\/11\/exceladvisor.org_.png\",\"contentUrl\":\"https:\/\/exceladvisor.org\/de\/wp-content\/uploads\/2023\/11\/exceladvisor.org_.png\",\"width\":105,\"height\":36,\"caption\":\"Excel Advisor\"},\"image\":{\"@id\":\"https:\/\/exceladvisor.org\/de\/#\/schema\/logo\/image\/\"}}]}<\/script>\n<!-- \/ Yoast SEO plugin. -->","yoast_head_json":{"title":"Wie tippe ich das DEGREE-Symbol in Excel ein? (Tutorial 2023)","description":"Bei der Arbeit an diesen Daten haben wir festgestellt, dass man sie in Excel auf f\u00fcnf verschiedene Arten eingeben\/eingeben kann...","robots":{"index":"index","follow":"follow","max-snippet":"max-snippet:-1","max-image-preview":"max-image-preview:large","max-video-preview":"max-video-preview:-1"},"canonical":"https:\/\/exceladvisor.org\/de\/grad\/","og_locale":"de_DE","og_type":"article","og_title":"Wie tippe ich das DEGREE-Symbol in Excel ein? (Tutorial 2023)","og_description":"Bei der Arbeit an diesen Daten haben wir festgestellt, dass man sie in Excel auf f\u00fcnf verschiedene Arten eingeben\/eingeben kann...","og_url":"https:\/\/exceladvisor.org\/de\/grad\/","og_site_name":"Excel Advisor","article_modified_time":"2023-12-03T13:05:11+00:00","og_image":[{"url":"https:\/\/exceladvisor.org\/wp-content\/uploads\/2023\/08\/touche-de-raccourci-pour-inserer-un-symbole-de-degre-dans-excel.png","type":"","width":"","height":""}],"twitter_card":"summary_large_image","twitter_misc":{"Gesch\u00e4tzte Lesezeit":"5\u00a0Minuten"},"schema":{"@context":"https:\/\/schema.org","@graph":[{"@type":"WebPage","@id":"https:\/\/exceladvisor.org\/de\/grad\/","url":"https:\/\/exceladvisor.org\/de\/grad\/","name":"Wie tippe ich das DEGREE-Symbol in Excel ein? (Tutorial 2023)","isPartOf":{"@id":"https:\/\/exceladvisor.org\/de\/#website"},"primaryImageOfPage":{"@id":"https:\/\/exceladvisor.org\/de\/grad\/#primaryimage"},"image":{"@id":"https:\/\/exceladvisor.org\/de\/grad\/#primaryimage"},"thumbnailUrl":"https:\/\/exceladvisor.org\/wp-content\/uploads\/2023\/08\/touche-de-raccourci-pour-inserer-un-symbole-de-degre-dans-excel.png","datePublished":"2023-11-20T02:08:12+00:00","dateModified":"2023-12-03T13:05:11+00:00","description":"Bei der Arbeit an diesen Daten haben wir festgestellt, dass man sie in Excel auf f\u00fcnf verschiedene Arten eingeben\/eingeben kann...","breadcrumb":{"@id":"https:\/\/exceladvisor.org\/de\/grad\/#breadcrumb"},"inLanguage":"de","potentialAction":[{"@type":"ReadAction","target":["https:\/\/exceladvisor.org\/de\/grad\/"]}]},{"@type":"ImageObject","inLanguage":"de","@id":"https:\/\/exceladvisor.org\/de\/grad\/#primaryimage","url":"https:\/\/exceladvisor.org\/wp-content\/uploads\/2023\/08\/touche-de-raccourci-pour-inserer-un-symbole-de-degre-dans-excel.png","contentUrl":"https:\/\/exceladvisor.org\/wp-content\/uploads\/2023\/08\/touche-de-raccourci-pour-inserer-un-symbole-de-degre-dans-excel.png"},{"@type":"BreadcrumbList","@id":"https:\/\/exceladvisor.org\/de\/grad\/#breadcrumb","itemListElement":[{"@type":"ListItem","position":1,"name":"Accueil","item":"https:\/\/exceladvisor.org\/de\/"},{"@type":"ListItem","position":2,"name":"Wie tippe ich das degree-symbol in excel ein?"}]},{"@type":"WebSite","@id":"https:\/\/exceladvisor.org\/de\/#website","url":"https:\/\/exceladvisor.org\/de\/","name":"Excel Advisor","description":"Ihr Leitfaden zur Datendominanz","publisher":{"@id":"https:\/\/exceladvisor.org\/de\/#organization"},"potentialAction":[{"@type":"SearchAction","target":{"@type":"EntryPoint","urlTemplate":"https:\/\/exceladvisor.org\/de\/?s={search_term_string}"},"query-input":{"@type":"PropertyValueSpecification","valueRequired":true,"valueName":"search_term_string"}}],"inLanguage":"de"},{"@type":"Organization","@id":"https:\/\/exceladvisor.org\/de\/#organization","name":"Excel Advisor","url":"https:\/\/exceladvisor.org\/de\/","logo":{"@type":"ImageObject","inLanguage":"de","@id":"https:\/\/exceladvisor.org\/de\/#\/schema\/logo\/image\/","url":"https:\/\/exceladvisor.org\/de\/wp-content\/uploads\/2023\/11\/exceladvisor.org_.png","contentUrl":"https:\/\/exceladvisor.org\/de\/wp-content\/uploads\/2023\/11\/exceladvisor.org_.png","width":105,"height":36,"caption":"Excel Advisor"},"image":{"@id":"https:\/\/exceladvisor.org\/de\/#\/schema\/logo\/image\/"}}]}},"yoast_meta":{"yoast_wpseo_title":"","yoast_wpseo_metadesc":"","yoast_wpseo_canonical":""},"_links":{"self":[{"href":"https:\/\/exceladvisor.org\/de\/wp-json\/wp\/v2\/pages\/2994","targetHints":{"allow":["GET"]}}],"collection":[{"href":"https:\/\/exceladvisor.org\/de\/wp-json\/wp\/v2\/pages"}],"about":[{"href":"https:\/\/exceladvisor.org\/de\/wp-json\/wp\/v2\/types\/page"}],"author":[{"embeddable":true,"href":"https:\/\/exceladvisor.org\/de\/wp-json\/wp\/v2\/users\/1"}],"replies":[{"embeddable":true,"href":"https:\/\/exceladvisor.org\/de\/wp-json\/wp\/v2\/comments?post=2994"}],"version-history":[{"count":1,"href":"https:\/\/exceladvisor.org\/de\/wp-json\/wp\/v2\/pages\/2994\/revisions"}],"predecessor-version":[{"id":4201,"href":"https:\/\/exceladvisor.org\/de\/wp-json\/wp\/v2\/pages\/2994\/revisions\/4201"}],"wp:attachment":[{"href":"https:\/\/exceladvisor.org\/de\/wp-json\/wp\/v2\/media?parent=2994"}],"curies":[{"name":"wp","href":"https:\/\/api.w.org\/{rel}","templated":true}]}}