{"id":2996,"date":"2023-11-20T01:48:26","date_gmt":"2023-11-20T01:48:26","guid":{"rendered":"https:\/\/exceladvisor.org\/de\/verketten-wenn-2\/"},"modified":"2023-12-03T13:05:40","modified_gmt":"2023-12-03T13:05:40","slug":"verketten-wenn-2","status":"publish","type":"page","link":"https:\/\/exceladvisor.org\/de\/verketten-wenn-2\/","title":{"rendered":"Wie verwende ich combination if mit bedingung?"},"content":{"rendered":"<div class=\"excel-vor-dem-inhalt\" id=\"excel-3201636083\"><script type=\"text\/javascript\">\r\n\tatOptions = {\r\n\t\t'key' : 'c1158f160081d6540a8409e6925dab94',\r\n\t\t'format' : 'iframe',\r\n\t\t'height' : 250,\r\n\t\t'width' : 300,\r\n\t\t'params' : {}\r\n\t};\r\n<\/script>\r\n<script type=\"text\/javascript\" src=\"\/\/www.highperformanceformat.com\/c1158f160081d6540a8409e6925dab94\/invoke.js\"><\/script><\/div> <p>In Excel gibt es zwei Methoden zur Verwendung der Verkettungsformel.<\/p><ul><li> Nach Spalte<\/li><li> Nach Zeilen<\/li><\/ul><p> Und wir haben zwei verschiedene Funktionen, um diese Formeln zu schreiben. In diesem Tutorial lernen wir alle vier Methoden kennen.<\/p><h2 class=\"wp-block-heading\"> Verketten Sie mit IF mithilfe der CONCAT-Funktion<\/h2><h3 class=\"wp-block-heading\"> 1. Nach Spalte<\/h3><p> Diese Formel ist ganz einfach. Hier testen wir, ob der Wert \u201eA\u201c in Spalte A steht. Und wenn er dort ist, kombinieren Sie die Werte aus den Spalten A und B. <\/p><div class=\"wp-block-image\"><figure class=\"aligncenter size-full is-resized\"><img loading=\"lazy\" decoding=\"async\" class=\"wp-image-83621\" src=\"https:\/\/exceladvisor.org\/wp-content\/uploads\/2023\/08\/1-concatener-avec-if.png\" sizes=\"auto, \" srcset=\"\" alt=\"verketten-mit-if\" width=\"506\" height=\"385\"><\/figure><\/div><p> Wir haben die Funktionen CONCAT und IF verwendet. In der IF-Funktion haben wir eine Bedingung angegeben, um zu testen, ob der Wert der Zelle A1 \u201eA\u201c ist. <\/p><div class=\"wp-block-image\"><figure class=\"aligncenter size-full is-resized\"><img loading=\"lazy\" decoding=\"async\" class=\"wp-image-83622\" src=\"https:\/\/exceladvisor.org\/wp-content\/uploads\/2023\/08\/2-concatener-et-si-combine.png\" sizes=\"auto, \" srcset=\"\" alt=\"verketten-und-wenn-kombinieren\" width=\"344\" height=\"75\"><\/figure><\/div><p> Und wenn der Wert A ist, geben Sie den Bereich A1:B1 zur\u00fcck; andernfalls ein leerer Wert. Letztendlich verwendet CONCAT den von IF zur\u00fcckgegebenen Bereich und kombiniert die Werte.<\/p><pre class=\"wp-block-code\"> <code class=\"language-excel-formula\" lang=\"excel-formula\">=CONCAT(IF(A1=\"A\",A1:B1,\"\"))<\/code><\/pre><h3 class=\"wp-block-heading\"> 2. Nach Zeilen (+ Spalten)<\/h3><p> Nehmen wir nun an, Sie m\u00f6chten die Werte aller Zeilen mithilfe einer Bedingung verketten. In diesem Fall k\u00f6nnen Sie dieselbe Formel verwenden, m\u00fcssen sich jedoch auf den gesamten Bereich beziehen. <\/p><div class=\"wp-block-image\"><figure class=\"aligncenter size-full is-resized\"><img loading=\"lazy\" decoding=\"async\" class=\"wp-image-83623\" src=\"https:\/\/exceladvisor.org\/wp-content\/uploads\/2023\/08\/3-valeurs-de-concatenation-a-laide-dune-condition.png\" sizes=\"auto, \" srcset=\"\" alt=\"Werte mithilfe einer Bedingung verketten\" width=\"542\" height=\"401\"><\/figure><\/div><pre class=\"wp-block-code\"> <code class=\"language-excel-formula\" lang=\"excel-formula\">=CONCAT(IF(A1:A4=\"A\",A1:B4,\"\"))<\/code><\/pre><p> In dieser Formel pr\u00fcft IF den Wert A&#8216; im gesamten Bereich A1:A4. TRUE f\u00fcr die Zelle mit dem Wert und FALSE f\u00fcr den Rest. <\/p><div class=\"wp-block-image\"><figure class=\"aligncenter size-full is-resized\"><img loading=\"lazy\" decoding=\"async\" class=\"wp-image-83624\" src=\"https:\/\/exceladvisor.org\/wp-content\/uploads\/2023\/08\/4-concat-avec-if-pour-verifier-letat.png\" sizes=\"auto, \" srcset=\"\" alt=\"concat-with-if-to-check-condition\" width=\"567\" height=\"116\"><\/figure><\/div><p> Und dann werden Zeilen aus dem Bereich A1:B4 zur\u00fcckgegeben, wobei der Wert \u201eA\u201c in Spalte A ist. <\/p><div class=\"wp-block-image\"><figure class=\"aligncenter size-full is-resized\"><img loading=\"lazy\" decoding=\"async\" class=\"wp-image-83625\" src=\"https:\/\/exceladvisor.org\/wp-content\/uploads\/2023\/08\/5-lignes-renvoyees-par-condition-appliquee.png\" sizes=\"auto, \" srcset=\"\" alt=\"Zeilen, die von der angewendeten Bedingung zur\u00fcckgegeben werden\" width=\"455\" height=\"342\"><\/figure><\/div><h2 class=\"wp-block-heading\"> Verketten Sie mit IF mithilfe der TEXTJOIN-Funktion<\/h2><h3 class=\"wp-block-heading\"> 1. Nach Spalten<\/h3><p> Nachdem Sie die TEXTJOIN-Funktion eingef\u00fcgt haben, m\u00fcssen Sie das Trennzeichen angeben. Und auch, ob Sie leere Zellen ignorieren m\u00f6chten oder nicht. Danach m\u00fcssen Sie die IF-Funktion wie in der vorherigen Methode verwenden. <\/p><div class=\"wp-block-image\"><figure class=\"aligncenter size-full is-resized\"><img loading=\"lazy\" decoding=\"async\" class=\"wp-image-83626\" src=\"https:\/\/exceladvisor.org\/wp-content\/uploads\/2023\/08\/6-concatener-avec-si-vous-utilisez-textjoin.png\" sizes=\"auto, \" srcset=\"\" alt=\"Verkettung mit if-use-textjoin\" width=\"508\" height=\"394\"><\/figure><\/div><pre class=\"wp-block-code\"> <code class=\"language-excel-formula\" lang=\"excel-formula\">=TEXTJOIN(\",\",TRUE,IF(A1=\"A\",A1:B1,\"\"))<\/code><\/pre><p> IF gibt nur dann Bereichswerte zur\u00fcck, wenn eine Zelle in Spalte A den Wert \u201eA\u201c hat.<\/p><h3 class=\"wp-block-heading\"> 2. Nach Reihen<\/h3><p> Und auf \u00e4hnliche Weise k\u00f6nnen Sie Werte aus mehreren Zeilen mithilfe einer Bedingung verketten.<\/p><p> In der folgenden Formel haben Sie beispielsweise den gesamten Bereich A1:A4 f\u00fcr die zu testende Bedingung referenziert. Und zum Bereich A1:B4 f\u00fcr den zu kombinierenden Wert. <\/p><pre class=\"wp-block-code\"> <code class=\"language-excel-formula\" lang=\"excel-formula\">=TEXTJOIN(\",\",TRUE,IF(A1:A4=\"A\",A1:B4,\"\"))<\/code><\/pre><div class=\"wp-block-image\"><figure class=\"aligncenter size-full is-resized\"><img loading=\"lazy\" decoding=\"async\" class=\"wp-image-83627\" src=\"https:\/\/exceladvisor.org\/wp-content\/uploads\/2023\/08\/7-textjoin-avec-si-par-lignes.png\" sizes=\"auto, \" srcset=\"\" alt=\"textjoin-with-if-by-rows\" width=\"550\" height=\"365\"><\/figure><\/div><p> Im Ergebnis haben wir die Werte A,1,A,3, aus den Zellen A1, B1, A3 und B3.<\/p><p> Mit der IF-Funktion haben wir eine Bedingung in Spalte A getestet. Sie gibt die Werte von Zeilen zur\u00fcck, in denen der Wert der Zelle in Spalte A \u201eA\u201c ist. <\/p><div class=\"wp-block-image\"><figure class=\"aligncenter size-full is-resized\"><img loading=\"lazy\" decoding=\"async\" class=\"wp-image-83628\" src=\"https:\/\/exceladvisor.org\/wp-content\/uploads\/2023\/08\/8-concatener-la-valeur-resultante.png\" sizes=\"auto, \" srcset=\"\" alt=\"Verkettungsergebniswert\" width=\"565\" height=\"158\"><\/figure><\/div><p> TEXTJOIN ignoriert leere Werte und fasst mithilfe des Trennzeichens alle Werte zu einem zusammen. <\/p><div class=\"gb-container gb-container-52dfcee1 gb-container-sample-file\"><h2 class=\"gb-headline gb-headline-e289c143 gb-headline-text gb-headline-4f7959c2\"> <a class=\"gb-button gb-button-f9f432f4 gb-button-text gb-button-mt-button\" style=\"font-size: 16px;\" href=\"https:\/\/exceladvisor.org\/de\/formeln\/\">Liste der Excel-Formeln<\/a> <\/h2><\/div><div class=\"gb-container gb-container-0df56012 gb-container-mt\"><h2 class=\"gb-headline gb-headline-233444e8 gb-headline-text gb-headline-mt-heading\"> Verwandte Formeln <\/h2><div class=\"gb-grid-wrapper gb-grid-wrapper-a16fa65c gb-grid-wrapper-mt-grid\"><div class=\"gb-grid-column gb-grid-column-50d07e0d\"><div class=\"gb-container gb-container-50d07e0d\"><ul><li> <a href=\"https:\/\/exceladvisor.org\/de\/wenn-null-dann-leer\/\">\u00dcberpr\u00fcfen Sie, ob 0 (Null) ist, und leeren Sie es dann in Excel<\/a><\/li><li> <a href=\"https:\/\/exceladvisor.org\/de\/uberprufen-sie-ob-ein-wert-in-einem-bereich-vorhanden-ist\/\">\u00dcberpr\u00fcfen Sie, ob in einem Bereich in Excel ein Wert vorhanden ist<\/a><\/li><li> <a href=\"https:\/\/exceladvisor.org\/de\/wenn-und-1\/\">Kombinieren Sie WENN- und UND-Funktionen in Excel<\/a><\/li><li> <a href=\"https:\/\/exceladvisor.org\/de\/wenn-oder-1\/\">Kombinieren Sie WENN- und ODER-Funktionen in Excel<\/a><\/li><li> <a href=\"https:\/\/exceladvisor.org\/de\/wenn-die-zelle-leer-ist\/\">IF Zelle ist leer (leer) mit IF + ISBLANK in Excel<\/a> <\/li><\/ul><\/div><\/div><div class=\"gb-grid-column gb-grid-column-5b4a0cf9\"><div class=\"gb-container gb-container-5b4a0cf9\"><\/div><\/div><\/div><\/div>","protected":false},"excerpt":{"rendered":"","protected":false},"author":1,"featured_media":0,"parent":0,"menu_order":0,"comment_status":"open","ping_status":"closed","template":"","meta":{"ub_ctt_via":"","footnotes":""},"class_list":["post-2996","page","type-page","status-publish","hentry"],"featured_image_src":null,"yoast_head":"<!-- This site is optimized with the Yoast SEO plugin v25.4 - https:\/\/yoast.com\/wordpress\/plugins\/seo\/ -->\n<title>\u25b7 Wie verwende ich COMBINATION IF mit Bedingung?<\/title>\n<meta name=\"description\" content=\"In diesem Tutorial erfahren Sie, wie Sie eine Excel-Formel f\u00fcr die Verwendung von CONCATENATE IF schreiben. Diese Kombination kann in folgenden F\u00e4llen n\u00fctzlich sein:\" \/>\n<meta name=\"robots\" content=\"index, follow, max-snippet:-1, max-image-preview:large, max-video-preview:-1\" \/>\n<link rel=\"canonical\" href=\"https:\/\/exceladvisor.org\/de\/verketten-wenn-2\/\" \/>\n<meta property=\"og:locale\" content=\"de_DE\" \/>\n<meta property=\"og:type\" content=\"article\" \/>\n<meta property=\"og:title\" content=\"\u25b7 Wie verwende ich COMBINATION IF mit Bedingung?\" \/>\n<meta property=\"og:description\" content=\"In diesem Tutorial erfahren Sie, wie Sie eine Excel-Formel f\u00fcr die Verwendung von CONCATENATE IF schreiben. Diese Kombination kann in folgenden F\u00e4llen n\u00fctzlich sein:\" \/>\n<meta property=\"og:url\" content=\"https:\/\/exceladvisor.org\/de\/verketten-wenn-2\/\" \/>\n<meta property=\"og:site_name\" content=\"Excel Advisor\" \/>\n<meta property=\"article:modified_time\" content=\"2023-12-03T13:05:40+00:00\" \/>\n<meta property=\"og:image\" content=\"https:\/\/exceladvisor.org\/wp-content\/uploads\/2023\/08\/1-concatener-avec-if.png\" \/>\n<meta name=\"twitter:card\" content=\"summary_large_image\" \/>\n<meta name=\"twitter:label1\" content=\"Gesch\u00e4tzte Lesezeit\" \/>\n\t<meta name=\"twitter:data1\" content=\"2\u00a0Minuten\" \/>\n<script type=\"application\/ld+json\" class=\"yoast-schema-graph\">{\"@context\":\"https:\/\/schema.org\",\"@graph\":[{\"@type\":\"WebPage\",\"@id\":\"https:\/\/exceladvisor.org\/de\/verketten-wenn-2\/\",\"url\":\"https:\/\/exceladvisor.org\/de\/verketten-wenn-2\/\",\"name\":\"\u25b7 Wie verwende ich COMBINATION IF mit Bedingung?\",\"isPartOf\":{\"@id\":\"https:\/\/exceladvisor.org\/de\/#website\"},\"primaryImageOfPage\":{\"@id\":\"https:\/\/exceladvisor.org\/de\/verketten-wenn-2\/#primaryimage\"},\"image\":{\"@id\":\"https:\/\/exceladvisor.org\/de\/verketten-wenn-2\/#primaryimage\"},\"thumbnailUrl\":\"https:\/\/exceladvisor.org\/wp-content\/uploads\/2023\/08\/1-concatener-avec-if.png\",\"datePublished\":\"2023-11-20T01:48:26+00:00\",\"dateModified\":\"2023-12-03T13:05:40+00:00\",\"description\":\"In diesem Tutorial erfahren Sie, wie Sie eine Excel-Formel f\u00fcr die Verwendung von CONCATENATE IF schreiben. Diese Kombination kann in folgenden F\u00e4llen n\u00fctzlich sein:\",\"breadcrumb\":{\"@id\":\"https:\/\/exceladvisor.org\/de\/verketten-wenn-2\/#breadcrumb\"},\"inLanguage\":\"de\",\"potentialAction\":[{\"@type\":\"ReadAction\",\"target\":[\"https:\/\/exceladvisor.org\/de\/verketten-wenn-2\/\"]}]},{\"@type\":\"ImageObject\",\"inLanguage\":\"de\",\"@id\":\"https:\/\/exceladvisor.org\/de\/verketten-wenn-2\/#primaryimage\",\"url\":\"https:\/\/exceladvisor.org\/wp-content\/uploads\/2023\/08\/1-concatener-avec-if.png\",\"contentUrl\":\"https:\/\/exceladvisor.org\/wp-content\/uploads\/2023\/08\/1-concatener-avec-if.png\"},{\"@type\":\"BreadcrumbList\",\"@id\":\"https:\/\/exceladvisor.org\/de\/verketten-wenn-2\/#breadcrumb\",\"itemListElement\":[{\"@type\":\"ListItem\",\"position\":1,\"name\":\"Accueil\",\"item\":\"https:\/\/exceladvisor.org\/de\/\"},{\"@type\":\"ListItem\",\"position\":2,\"name\":\"Wie verwende ich combination if mit bedingung?\"}]},{\"@type\":\"WebSite\",\"@id\":\"https:\/\/exceladvisor.org\/de\/#website\",\"url\":\"https:\/\/exceladvisor.org\/de\/\",\"name\":\"Excel Advisor\",\"description\":\"Ihr Leitfaden zur Datendominanz\",\"publisher\":{\"@id\":\"https:\/\/exceladvisor.org\/de\/#organization\"},\"potentialAction\":[{\"@type\":\"SearchAction\",\"target\":{\"@type\":\"EntryPoint\",\"urlTemplate\":\"https:\/\/exceladvisor.org\/de\/?s={search_term_string}\"},\"query-input\":{\"@type\":\"PropertyValueSpecification\",\"valueRequired\":true,\"valueName\":\"search_term_string\"}}],\"inLanguage\":\"de\"},{\"@type\":\"Organization\",\"@id\":\"https:\/\/exceladvisor.org\/de\/#organization\",\"name\":\"Excel Advisor\",\"url\":\"https:\/\/exceladvisor.org\/de\/\",\"logo\":{\"@type\":\"ImageObject\",\"inLanguage\":\"de\",\"@id\":\"https:\/\/exceladvisor.org\/de\/#\/schema\/logo\/image\/\",\"url\":\"https:\/\/exceladvisor.org\/de\/wp-content\/uploads\/2023\/11\/exceladvisor.org_.png\",\"contentUrl\":\"https:\/\/exceladvisor.org\/de\/wp-content\/uploads\/2023\/11\/exceladvisor.org_.png\",\"width\":105,\"height\":36,\"caption\":\"Excel Advisor\"},\"image\":{\"@id\":\"https:\/\/exceladvisor.org\/de\/#\/schema\/logo\/image\/\"}}]}<\/script>\n<!-- \/ Yoast SEO plugin. -->","yoast_head_json":{"title":"\u25b7 Wie verwende ich COMBINATION IF mit Bedingung?","description":"In diesem Tutorial erfahren Sie, wie Sie eine Excel-Formel f\u00fcr die Verwendung von CONCATENATE IF schreiben. Diese Kombination kann in folgenden F\u00e4llen n\u00fctzlich sein:","robots":{"index":"index","follow":"follow","max-snippet":"max-snippet:-1","max-image-preview":"max-image-preview:large","max-video-preview":"max-video-preview:-1"},"canonical":"https:\/\/exceladvisor.org\/de\/verketten-wenn-2\/","og_locale":"de_DE","og_type":"article","og_title":"\u25b7 Wie verwende ich COMBINATION IF mit Bedingung?","og_description":"In diesem Tutorial erfahren Sie, wie Sie eine Excel-Formel f\u00fcr die Verwendung von CONCATENATE IF schreiben. Diese Kombination kann in folgenden F\u00e4llen n\u00fctzlich sein:","og_url":"https:\/\/exceladvisor.org\/de\/verketten-wenn-2\/","og_site_name":"Excel Advisor","article_modified_time":"2023-12-03T13:05:40+00:00","og_image":[{"url":"https:\/\/exceladvisor.org\/wp-content\/uploads\/2023\/08\/1-concatener-avec-if.png","type":"","width":"","height":""}],"twitter_card":"summary_large_image","twitter_misc":{"Gesch\u00e4tzte Lesezeit":"2\u00a0Minuten"},"schema":{"@context":"https:\/\/schema.org","@graph":[{"@type":"WebPage","@id":"https:\/\/exceladvisor.org\/de\/verketten-wenn-2\/","url":"https:\/\/exceladvisor.org\/de\/verketten-wenn-2\/","name":"\u25b7 Wie verwende ich COMBINATION IF mit Bedingung?","isPartOf":{"@id":"https:\/\/exceladvisor.org\/de\/#website"},"primaryImageOfPage":{"@id":"https:\/\/exceladvisor.org\/de\/verketten-wenn-2\/#primaryimage"},"image":{"@id":"https:\/\/exceladvisor.org\/de\/verketten-wenn-2\/#primaryimage"},"thumbnailUrl":"https:\/\/exceladvisor.org\/wp-content\/uploads\/2023\/08\/1-concatener-avec-if.png","datePublished":"2023-11-20T01:48:26+00:00","dateModified":"2023-12-03T13:05:40+00:00","description":"In diesem Tutorial erfahren Sie, wie Sie eine Excel-Formel f\u00fcr die Verwendung von CONCATENATE IF schreiben. Diese Kombination kann in folgenden F\u00e4llen n\u00fctzlich sein:","breadcrumb":{"@id":"https:\/\/exceladvisor.org\/de\/verketten-wenn-2\/#breadcrumb"},"inLanguage":"de","potentialAction":[{"@type":"ReadAction","target":["https:\/\/exceladvisor.org\/de\/verketten-wenn-2\/"]}]},{"@type":"ImageObject","inLanguage":"de","@id":"https:\/\/exceladvisor.org\/de\/verketten-wenn-2\/#primaryimage","url":"https:\/\/exceladvisor.org\/wp-content\/uploads\/2023\/08\/1-concatener-avec-if.png","contentUrl":"https:\/\/exceladvisor.org\/wp-content\/uploads\/2023\/08\/1-concatener-avec-if.png"},{"@type":"BreadcrumbList","@id":"https:\/\/exceladvisor.org\/de\/verketten-wenn-2\/#breadcrumb","itemListElement":[{"@type":"ListItem","position":1,"name":"Accueil","item":"https:\/\/exceladvisor.org\/de\/"},{"@type":"ListItem","position":2,"name":"Wie verwende ich combination if mit bedingung?"}]},{"@type":"WebSite","@id":"https:\/\/exceladvisor.org\/de\/#website","url":"https:\/\/exceladvisor.org\/de\/","name":"Excel Advisor","description":"Ihr Leitfaden zur Datendominanz","publisher":{"@id":"https:\/\/exceladvisor.org\/de\/#organization"},"potentialAction":[{"@type":"SearchAction","target":{"@type":"EntryPoint","urlTemplate":"https:\/\/exceladvisor.org\/de\/?s={search_term_string}"},"query-input":{"@type":"PropertyValueSpecification","valueRequired":true,"valueName":"search_term_string"}}],"inLanguage":"de"},{"@type":"Organization","@id":"https:\/\/exceladvisor.org\/de\/#organization","name":"Excel Advisor","url":"https:\/\/exceladvisor.org\/de\/","logo":{"@type":"ImageObject","inLanguage":"de","@id":"https:\/\/exceladvisor.org\/de\/#\/schema\/logo\/image\/","url":"https:\/\/exceladvisor.org\/de\/wp-content\/uploads\/2023\/11\/exceladvisor.org_.png","contentUrl":"https:\/\/exceladvisor.org\/de\/wp-content\/uploads\/2023\/11\/exceladvisor.org_.png","width":105,"height":36,"caption":"Excel Advisor"},"image":{"@id":"https:\/\/exceladvisor.org\/de\/#\/schema\/logo\/image\/"}}]}},"yoast_meta":{"yoast_wpseo_title":"","yoast_wpseo_metadesc":"","yoast_wpseo_canonical":""},"_links":{"self":[{"href":"https:\/\/exceladvisor.org\/de\/wp-json\/wp\/v2\/pages\/2996","targetHints":{"allow":["GET"]}}],"collection":[{"href":"https:\/\/exceladvisor.org\/de\/wp-json\/wp\/v2\/pages"}],"about":[{"href":"https:\/\/exceladvisor.org\/de\/wp-json\/wp\/v2\/types\/page"}],"author":[{"embeddable":true,"href":"https:\/\/exceladvisor.org\/de\/wp-json\/wp\/v2\/users\/1"}],"replies":[{"embeddable":true,"href":"https:\/\/exceladvisor.org\/de\/wp-json\/wp\/v2\/comments?post=2996"}],"version-history":[{"count":1,"href":"https:\/\/exceladvisor.org\/de\/wp-json\/wp\/v2\/pages\/2996\/revisions"}],"predecessor-version":[{"id":4230,"href":"https:\/\/exceladvisor.org\/de\/wp-json\/wp\/v2\/pages\/2996\/revisions\/4230"}],"wp:attachment":[{"href":"https:\/\/exceladvisor.org\/de\/wp-json\/wp\/v2\/media?parent=2996"}],"curies":[{"name":"wp","href":"https:\/\/api.w.org\/{rel}","templated":true}]}}