{"id":2997,"date":"2023-11-20T01:22:18","date_gmt":"2023-11-20T01:22:18","guid":{"rendered":"https:\/\/exceladvisor.org\/de\/um\/"},"modified":"2023-12-04T06:30:35","modified_gmt":"2023-12-04T06:30:35","slug":"um","status":"publish","type":"page","link":"https:\/\/exceladvisor.org\/de\/um\/","title":{"rendered":"\u00dcber excel advisor"},"content":{"rendered":"<div class=\"excel-vor-dem-inhalt\" id=\"excel-1529727088\"><script type=\"text\/javascript\">\r\n\tatOptions = {\r\n\t\t'key' : 'c1158f160081d6540a8409e6925dab94',\r\n\t\t'format' : 'iframe',\r\n\t\t'height' : 250,\r\n\t\t'width' : 300,\r\n\t\t'params' : {}\r\n\t};\r\n<\/script>\r\n<script type=\"text\/javascript\" src=\"\/\/www.highperformanceformat.com\/c1158f160081d6540a8409e6925dab94\/invoke.js\"><\/script><\/div> <p>Willkommen bei Excel Advisor, Ihrer Anlaufstelle, um das volle Potenzial von Microsoft Excel und Google Sheets auszusch\u00f6pfen. Egal, ob Sie ein Anf\u00e4nger sind, der in die Welt von Excel eintauchen m\u00f6chte, oder ein erfahrener Profi, der Ihre F\u00e4higkeiten verbessern m\u00f6chte, wir sind hier, um Sie bei jedem Schritt auf dem Weg zu begleiten.<\/p><h2> <strong>Wer sind wir?<\/strong><\/h2><p> Wir sind ein Team von Excel-Enthusiasten, die sich daf\u00fcr einsetzen, Ihnen dabei zu helfen, das volle Potenzial dieser vielseitigen Tools auszusch\u00f6pfen. Mit jahrelanger Erfahrung in Datenanalyse, Finanzmodellierung, Projektmanagement und mehr; Wir sind bestrebt, komplexe Konzepte f\u00fcr Lernende aller Niveaus zu vereinfachen.<\/p><h2> <strong>Was wir anbieten:<\/strong><\/h2><p> <strong>1.<\/strong> <strong>Tipps und Tricks von Experten<\/strong> : Unsere engagierten und erfahrenen Mitarbeiter durchforsten die umfangreichen Bereiche von Excel und Google Sheets, um Ihnen die neuesten und besten Tipps zu liefern. Von zeitsparenden Abk\u00fcrzungen bis hin zu fortgeschrittenen Zauberformeln \u2013 bei uns sind Sie an der richtigen Adresse.<\/p><p> <strong>2. Ausf\u00fchrliche Tutorials<\/strong> : Tauchen Sie mit unseren umfassenden Tutorials tief in die Funktionen dieser leistungsstarken Tools ein. Erfahren Sie, wie Sie dynamische Diagramme erstellen, komplexe Berechnungen durchf\u00fchren und Aufgaben automatisieren, um Ihre Effizienz zu steigern.<\/p><p> <strong>3. Praktische Beispiele<\/strong> : Es ist wichtig, die Konzepte zu verstehen, aber die wahre Magie entsteht, wenn man sie in Aktion sieht. Wir bieten praktische Beispiele, die veranschaulichen, wie Sie verschiedene Tipps auf reale Szenarien anwenden k\u00f6nnen.<\/p><p> <strong>4. Produktvergleiche<\/strong> : Sie sind sich nicht sicher, ob Excel oder Google Sheets f\u00fcr Ihre Anforderungen am besten geeignet ist? Wir bieten unvoreingenommene Vergleiche und heben die St\u00e4rken jeder Plattform hervor, damit Sie fundierte Entscheidungen treffen k\u00f6nnen.<\/p><p> <strong>5. Brancheneinblicke<\/strong> : Bleiben Sie \u00fcber die neuesten Trends und Fortschritte in der Tabellenkalkulationstechnologie auf dem Laufenden. Unsere Artikel behandeln neue Funktionen, Updates und Best Practices, damit Sie immer einen Schritt voraus sind.<\/p><p> Wenn Sie m\u00f6chten, dass wir ein Skript oder eine individuelle Entwicklung erstellen, z\u00f6gern Sie bitte nicht, <a href=\"https:\/\/exceladvisor.org\/de\/kontaktiere-uns\/\">uns zu kontaktieren<\/a> . Lassen Sie uns Ihr Tabellenkalkulationsspiel verbessern, einen Tipp nach dem anderen!<\/p>","protected":false},"excerpt":{"rendered":"","protected":false},"author":1,"featured_media":0,"parent":0,"menu_order":0,"comment_status":"closed","ping_status":"closed","template":"","meta":{"ub_ctt_via":"","footnotes":""},"class_list":["post-2997","page","type-page","status-publish","hentry"],"featured_image_src":null,"yoast_head":"<!-- This site is optimized with the Yoast SEO plugin v25.4 - https:\/\/yoast.com\/wordpress\/plugins\/seo\/ -->\n<title>\u00dcber Excel Advisor<\/title>\n<meta name=\"description\" content=\"Mit jahrelanger Erfahrung in Datenanalyse, Finanzmodellierung, Projektmanagement und mehr; Excel Advisor ist\" \/>\n<meta name=\"robots\" content=\"index, follow, max-snippet:-1, max-image-preview:large, max-video-preview:-1\" \/>\n<link rel=\"canonical\" href=\"https:\/\/exceladvisor.org\/de\/um\/\" \/>\n<meta property=\"og:locale\" content=\"de_DE\" \/>\n<meta property=\"og:type\" content=\"article\" \/>\n<meta property=\"og:title\" content=\"\u00dcber Excel Advisor\" \/>\n<meta property=\"og:description\" content=\"Mit jahrelanger Erfahrung in Datenanalyse, Finanzmodellierung, Projektmanagement und mehr; Excel Advisor ist\" \/>\n<meta property=\"og:url\" content=\"https:\/\/exceladvisor.org\/de\/um\/\" \/>\n<meta property=\"og:site_name\" content=\"Excel Advisor\" \/>\n<meta property=\"article:modified_time\" content=\"2023-12-04T06:30:35+00:00\" \/>\n<meta name=\"twitter:card\" content=\"summary_large_image\" \/>\n<meta name=\"twitter:label1\" content=\"Gesch\u00e4tzte Lesezeit\" \/>\n\t<meta name=\"twitter:data1\" content=\"2\u00a0Minuten\" \/>\n<script type=\"application\/ld+json\" class=\"yoast-schema-graph\">{\"@context\":\"https:\/\/schema.org\",\"@graph\":[{\"@type\":\"WebPage\",\"@id\":\"https:\/\/exceladvisor.org\/de\/um\/\",\"url\":\"https:\/\/exceladvisor.org\/de\/um\/\",\"name\":\"\u00dcber Excel Advisor\",\"isPartOf\":{\"@id\":\"https:\/\/exceladvisor.org\/de\/#website\"},\"datePublished\":\"2023-11-20T01:22:18+00:00\",\"dateModified\":\"2023-12-04T06:30:35+00:00\",\"description\":\"Mit jahrelanger Erfahrung in Datenanalyse, Finanzmodellierung, Projektmanagement und mehr; Excel Advisor ist\",\"breadcrumb\":{\"@id\":\"https:\/\/exceladvisor.org\/de\/um\/#breadcrumb\"},\"inLanguage\":\"de\",\"potentialAction\":[{\"@type\":\"ReadAction\",\"target\":[\"https:\/\/exceladvisor.org\/de\/um\/\"]}]},{\"@type\":\"BreadcrumbList\",\"@id\":\"https:\/\/exceladvisor.org\/de\/um\/#breadcrumb\",\"itemListElement\":[{\"@type\":\"ListItem\",\"position\":1,\"name\":\"Accueil\",\"item\":\"https:\/\/exceladvisor.org\/de\/\"},{\"@type\":\"ListItem\",\"position\":2,\"name\":\"\u00dcber excel advisor\"}]},{\"@type\":\"WebSite\",\"@id\":\"https:\/\/exceladvisor.org\/de\/#website\",\"url\":\"https:\/\/exceladvisor.org\/de\/\",\"name\":\"Excel Advisor\",\"description\":\"Ihr Leitfaden zur Datendominanz\",\"publisher\":{\"@id\":\"https:\/\/exceladvisor.org\/de\/#organization\"},\"potentialAction\":[{\"@type\":\"SearchAction\",\"target\":{\"@type\":\"EntryPoint\",\"urlTemplate\":\"https:\/\/exceladvisor.org\/de\/?s={search_term_string}\"},\"query-input\":{\"@type\":\"PropertyValueSpecification\",\"valueRequired\":true,\"valueName\":\"search_term_string\"}}],\"inLanguage\":\"de\"},{\"@type\":\"Organization\",\"@id\":\"https:\/\/exceladvisor.org\/de\/#organization\",\"name\":\"Excel Advisor\",\"url\":\"https:\/\/exceladvisor.org\/de\/\",\"logo\":{\"@type\":\"ImageObject\",\"inLanguage\":\"de\",\"@id\":\"https:\/\/exceladvisor.org\/de\/#\/schema\/logo\/image\/\",\"url\":\"https:\/\/exceladvisor.org\/de\/wp-content\/uploads\/2023\/11\/exceladvisor.org_.png\",\"contentUrl\":\"https:\/\/exceladvisor.org\/de\/wp-content\/uploads\/2023\/11\/exceladvisor.org_.png\",\"width\":105,\"height\":36,\"caption\":\"Excel Advisor\"},\"image\":{\"@id\":\"https:\/\/exceladvisor.org\/de\/#\/schema\/logo\/image\/\"}}]}<\/script>\n<!-- \/ Yoast SEO plugin. -->","yoast_head_json":{"title":"\u00dcber Excel Advisor","description":"Mit jahrelanger Erfahrung in Datenanalyse, Finanzmodellierung, Projektmanagement und mehr; Excel Advisor ist","robots":{"index":"index","follow":"follow","max-snippet":"max-snippet:-1","max-image-preview":"max-image-preview:large","max-video-preview":"max-video-preview:-1"},"canonical":"https:\/\/exceladvisor.org\/de\/um\/","og_locale":"de_DE","og_type":"article","og_title":"\u00dcber Excel Advisor","og_description":"Mit jahrelanger Erfahrung in Datenanalyse, Finanzmodellierung, Projektmanagement und mehr; Excel Advisor ist","og_url":"https:\/\/exceladvisor.org\/de\/um\/","og_site_name":"Excel Advisor","article_modified_time":"2023-12-04T06:30:35+00:00","twitter_card":"summary_large_image","twitter_misc":{"Gesch\u00e4tzte Lesezeit":"2\u00a0Minuten"},"schema":{"@context":"https:\/\/schema.org","@graph":[{"@type":"WebPage","@id":"https:\/\/exceladvisor.org\/de\/um\/","url":"https:\/\/exceladvisor.org\/de\/um\/","name":"\u00dcber Excel Advisor","isPartOf":{"@id":"https:\/\/exceladvisor.org\/de\/#website"},"datePublished":"2023-11-20T01:22:18+00:00","dateModified":"2023-12-04T06:30:35+00:00","description":"Mit jahrelanger Erfahrung in Datenanalyse, Finanzmodellierung, Projektmanagement und mehr; Excel Advisor ist","breadcrumb":{"@id":"https:\/\/exceladvisor.org\/de\/um\/#breadcrumb"},"inLanguage":"de","potentialAction":[{"@type":"ReadAction","target":["https:\/\/exceladvisor.org\/de\/um\/"]}]},{"@type":"BreadcrumbList","@id":"https:\/\/exceladvisor.org\/de\/um\/#breadcrumb","itemListElement":[{"@type":"ListItem","position":1,"name":"Accueil","item":"https:\/\/exceladvisor.org\/de\/"},{"@type":"ListItem","position":2,"name":"\u00dcber excel advisor"}]},{"@type":"WebSite","@id":"https:\/\/exceladvisor.org\/de\/#website","url":"https:\/\/exceladvisor.org\/de\/","name":"Excel Advisor","description":"Ihr Leitfaden zur Datendominanz","publisher":{"@id":"https:\/\/exceladvisor.org\/de\/#organization"},"potentialAction":[{"@type":"SearchAction","target":{"@type":"EntryPoint","urlTemplate":"https:\/\/exceladvisor.org\/de\/?s={search_term_string}"},"query-input":{"@type":"PropertyValueSpecification","valueRequired":true,"valueName":"search_term_string"}}],"inLanguage":"de"},{"@type":"Organization","@id":"https:\/\/exceladvisor.org\/de\/#organization","name":"Excel Advisor","url":"https:\/\/exceladvisor.org\/de\/","logo":{"@type":"ImageObject","inLanguage":"de","@id":"https:\/\/exceladvisor.org\/de\/#\/schema\/logo\/image\/","url":"https:\/\/exceladvisor.org\/de\/wp-content\/uploads\/2023\/11\/exceladvisor.org_.png","contentUrl":"https:\/\/exceladvisor.org\/de\/wp-content\/uploads\/2023\/11\/exceladvisor.org_.png","width":105,"height":36,"caption":"Excel Advisor"},"image":{"@id":"https:\/\/exceladvisor.org\/de\/#\/schema\/logo\/image\/"}}]}},"yoast_meta":{"yoast_wpseo_title":"","yoast_wpseo_metadesc":"","yoast_wpseo_canonical":""},"_links":{"self":[{"href":"https:\/\/exceladvisor.org\/de\/wp-json\/wp\/v2\/pages\/2997","targetHints":{"allow":["GET"]}}],"collection":[{"href":"https:\/\/exceladvisor.org\/de\/wp-json\/wp\/v2\/pages"}],"about":[{"href":"https:\/\/exceladvisor.org\/de\/wp-json\/wp\/v2\/types\/page"}],"author":[{"embeddable":true,"href":"https:\/\/exceladvisor.org\/de\/wp-json\/wp\/v2\/users\/1"}],"replies":[{"embeddable":true,"href":"https:\/\/exceladvisor.org\/de\/wp-json\/wp\/v2\/comments?post=2997"}],"version-history":[{"count":1,"href":"https:\/\/exceladvisor.org\/de\/wp-json\/wp\/v2\/pages\/2997\/revisions"}],"predecessor-version":[{"id":3801,"href":"https:\/\/exceladvisor.org\/de\/wp-json\/wp\/v2\/pages\/2997\/revisions\/3801"}],"wp:attachment":[{"href":"https:\/\/exceladvisor.org\/de\/wp-json\/wp\/v2\/media?parent=2997"}],"curies":[{"name":"wp","href":"https:\/\/api.w.org\/{rel}","templated":true}]}}