{"id":3000,"date":"2023-11-19T17:43:07","date_gmt":"2023-11-19T17:43:07","guid":{"rendered":"https:\/\/exceladvisor.org\/de\/sumif-sumifs-oder-logik\/"},"modified":"2023-12-03T13:05:15","modified_gmt":"2023-12-03T13:05:15","slug":"sumif-sumifs-oder-logik","status":"publish","type":"page","link":"https:\/\/exceladvisor.org\/de\/sumif-sumifs-oder-logik\/","title":{"rendered":"Wie verwende ich sumif\/sumifs mit oder-logik?"},"content":{"rendered":"<div class=\"excel-vor-dem-inhalt\" id=\"excel-1730445578\"><script type=\"text\/javascript\">\r\n\tatOptions = {\r\n\t\t'key' : 'c1158f160081d6540a8409e6925dab94',\r\n\t\t'format' : 'iframe',\r\n\t\t'height' : 250,\r\n\t\t'width' : 300,\r\n\t\t'params' : {}\r\n\t};\r\n<\/script>\r\n<script type=\"text\/javascript\" src=\"\/\/www.highperformanceformat.com\/c1158f160081d6540a8409e6925dab94\/invoke.js\"><\/script><\/div> <p>Manchmal m\u00fcssen wir kleine \u00c4nderungen an den Formeln vornehmen, um sie wirksam zu machen.<\/p><p> Einfach so, SUMMEWENN ODER. Es handelt sich um eine fortschrittliche Formel, die Ihnen hilft, die Flexibilit\u00e4t von SUMIF zu erh\u00f6hen. Ja, Sie k\u00f6nnen auch SUMIFS durchf\u00fchren. Aber bevor ich es verwende, m\u00f6chte ich Ihnen etwas \u00fcber SUMIF sagen.<\/p><p> In SUMIF k\u00f6nnen Sie nur ein Kriterium verwenden und in SUMIFS k\u00f6nnen Sie mehrere Kriterien verwenden, um eine Summe zu erhalten.<\/p><p> Nur so eine Sache. Nehmen wir an, wenn Sie in SUMIFS zwei verschiedene Kriterien angeben, werden nur Zellen addiert, die beide Kriterien erf\u00fcllen.<\/p><p> Da es mit UND-Logik arbeitet, m\u00fcssen alle Kriterien erf\u00fcllt sein, damit eine Zelle einbezogen wird. Wenn Sie OR-Logik mit SUMIF\/SUMIFS kombinieren, k\u00f6nnen Sie Werte nach zwei verschiedenen Kriterien gleichzeitig hinzuf\u00fcgen.<\/p><p> Lassen Sie uns ohne weiteres diese erstaunliche Formel lernen.<\/p><h2 class=\"wp-block-heading\"> Brauchen wir wirklich eine ODER-Logik? Ein Beispiel?<\/h2><p> Lassen Sie mich Ihnen ein Beispiel zeigen, in dem wir eine ODER-Logik in SUMIFS oder SUMIF hinzuf\u00fcgen m\u00fcssen.<\/p><p> Schauen Sie sich die Datentabelle unten an, in der Sie eine Liste der Produkte mit ihrer Menge und dem aktuellen Versandstatus finden. <\/p><div class=\"wp-block-image\"><figure class=\"aligncenter\"><img decoding=\"async\" src=\"https:\/\/exceladvisor.org\/wp-content\/uploads\/2023\/08\/table-de-donnees-a-utiliser-ou-logique-a-utiliser-dans-sumifs-sumif-1.png\" sizes=\"\" srcset=\"\" alt=\"Datentabelle zur Verwendung oder Logik zur Verwendung in Sumifs Sumif\"><\/figure><\/div><p> In diesen Daten finden Sie zwei Arten von Produkten (defekt und besch\u00e4digt), die Sie an unseren Lieferanten zur\u00fccksenden m\u00fcssen.<\/p><p> Zuvor m\u00f6chten Sie jedoch die Gesamtmenge beider Produktarten berechnen. Wenn Sie die normale Methode w\u00e4hlen, m\u00fcssen Sie SUMIF zweimal anwenden, um diese Summe zu erhalten.<\/p><p> Wenn Sie jedoch in SUMIF eine ODER-Bedingung verwenden, k\u00f6nnen Sie die Summe beider Produkte mit einer einzigen Formel ermitteln.<\/p><h2 class=\"wp-block-heading\"> OK, wenden wir OR mit SUMIFS an<\/h2><p> Bevor Sie beginnen, laden Sie bitte <a href=\"https:\/\/exceladvisor.org\/wp-content\/uploads\/2023\/08\/somme-si-ou.zip\" rel=\"nofollow\"><span style=\"color: #0000ee;\">diese Beispieldatei hier herunter<\/span><\/a> <span style=\"color: #0000ee;\">&nbsp;<\/span> fortgesetzt werden.<\/p><p> Geben Sie in jede andere Zelle Ihrer Tabelle, in der Sie die Gesamtsumme berechnen m\u00f6chten, die folgende Formel ein und dr\u00fccken Sie die Eingabetaste. <\/p><pre class=\"wp-block-code\"> <code class=\"language-excel-formula\" lang=\"excel-formula\">=SUM(SUMIFS(C2:C21,B2:B21,{\"Damage\",\"Faulty\"}))<\/code><\/pre><div class=\"wp-block-image\"><figure class=\"aligncenter\"><img decoding=\"async\" src=\"https:\/\/exceladvisor.org\/wp-content\/uploads\/2023\/08\/appliquer-la-formule-pour-obtenir-ou-la-logique-dans-les-sumifs-1.png\" sizes=\"\" srcset=\"\" alt=\"Wenden Sie eine Formel an, um eine Logik in Sumifen zu erhalten\"><\/figure><\/div><p> In der obigen Formel haben Sie SUMIFS verwendet. Wenn Sie jedoch SUMIF verwenden m\u00f6chten, k\u00f6nnen Sie die folgende Formel in die Zelle einf\u00fcgen.<\/p><pre class=\"wp-block-code\"> <code class=\"language-excel-formula\" lang=\"excel-formula\">=SUM(SUMIF(B2:B21,{\"Damage\",\"Faulty\"},C2:C21))<\/code><\/pre><p> Wenn Sie die beiden oben genannten Formeln verwenden, erhalten Sie als Ergebnis 540. Um dies noch einmal zu \u00fcberpr\u00fcfen, \u00fcberpr\u00fcfen Sie einfach die Gesamtsumme manuell. <\/p><div class=\"wp-block-image\"><figure class=\"aligncenter\"><img decoding=\"async\" src=\"https:\/\/exceladvisor.org\/wp-content\/uploads\/2023\/08\/verifier-le-total-des-dommages-et-defectueux-en-utilisant-sumif-ou.png\" sizes=\"\" srcset=\"\" alt=\"\u00dcberpr\u00fcfen Sie den Gesamtschaden und den Defekt mit Sumif oder\"><\/figure><\/div><h3 class=\"wp-block-heading\"> Wie funktioniert diese Formel?<\/h3><p> Wie gesagt, die SUMIFS-Funktion verwendet die UND-Logik, um die Werte zu addieren. Die Formel, die Sie oben verwendet haben, enth\u00e4lt jedoch eine ODER-Logik.<\/p><p> Um diese Formel zu verstehen, m\u00fcssen Sie sie in drei verschiedene Teile unterteilen. <\/p><div class=\"wp-block-image\"><figure class=\"aligncenter\"><img decoding=\"async\" src=\"https:\/\/exceladvisor.org\/wp-content\/uploads\/2023\/08\/trois-parties-de-formule-a-utiliser-ou-logique-dans-les-sumifs-sumif-1.png\" sizes=\"\" srcset=\"\" alt=\"drei Teile einer Formel zur Verwendung oder Logik in Sumifs Sumif\"><\/figure><\/div><ol><li> <strong>Zun\u00e4chst<\/strong> m\u00fcssen Sie verstehen, dass Sie in dieser Formel mithilfe des Array-Konzepts zwei verschiedene Kriterien verwendet haben. Erfahren Sie <a href=\"https:\/\/support.office.com\/en-us\/article\/Guidelines-and-examples-of-array-formulas-7D94A64E-3FF3-4686-9372-ECFD5CAA57C7?ui=en-US&amp;rs=en-US&amp;ad=US&amp;fromAR=1\" target=\"_blank\" rel=\"noreferrer noopener nofollow\">hier mehr \u00fcber den Vorstand<\/a> .<\/li><li> Die <strong>zweite<\/strong> Sache ist, dass SUMIFS bei der Angabe zweier verschiedener Werte mithilfe eines Arrays separat nach den beiden Werten suchen muss.<\/li><li> Der <strong>dritte<\/strong> Punkt ist, dass SUMIFS selbst nach Verwendung einer Array-Formel nicht in der Lage ist, die Summe der beiden Werte in einer einzelnen Zelle zur\u00fcckzugeben. Deshalb m\u00fcssen Sie es mit der SUMME-Funktion verbinden.<\/li><\/ol><p> Mit dem oben genannten Konzept k\u00f6nnen Sie eine Summe f\u00fcr beide Produkttypen in einer einzigen Zelle erhalten.<\/p><p> Dies funktioniert genauso mit SUMIF und SUMIFS.<\/p><p> Sie k\u00f6nnen Ihre Formel auch erweitern, indem Sie den Produktnamen im zweiten Kriterium in SUMIFS angeben, um die Gesamtsumme f\u00fcr ein einzelnes Produkt zu erhalten. <\/p><div class=\"gb-container gb-container-52dfcee1 gb-container-sample-file\"><h2 class=\"gb-headline gb-headline-e289c143 gb-headline-text gb-headline-4f7959c2\"> Holen Sie sich die Excel-Datei<\/h2> <a class=\"gb-button gb-button-e88d6bee gb-button-text gb-button-button1\" href=\"https:\/\/exceladvisor.org\/wp-content\/uploads\/2023\/08\/somme-si-ou.zip\" rel=\"nofollow\">Herunterladen<\/a><\/div><h2 class=\"wp-block-heading\"> Verwendung eines dynamischen Kriterienbereichs<\/h2><p> Im Kommentarbereich hat mich jemand gebeten, einen Zellbezug zu verwenden, um mehrere Kriterien hinzuzuf\u00fcgen, anstatt sie direkt in die Formel einzuf\u00fcgen.<\/p><p> Nun, das ist eine \u00e4u\u00dferst berechtigte Frage, und Sie k\u00f6nnen sie mithilfe eines dynamischen benannten Bereichs anstelle von Hardcore-Werten beantworten.<\/p><p> Und dazu m\u00fcssen Sie nur zwei kleine \u00c4nderungen an Ihrer Formel vornehmen.<\/p><ol><li> Die erste besteht darin, dass Sie anstelle der Verwendung von geschweiften Klammern einen benannten Bereich (am besten ein Array) Ihres Werts verwenden sollten.<\/li><li> Anschlie\u00dfend m\u00fcssen Sie diese Formel mit Strg+Umschalt+Eingabetaste als richtige Array-Formel eingeben.<\/li><\/ol><p> Ihre Formel lautet nun: <\/p><div class=\"wp-block-image\"><figure class=\"aligncenter\"><img decoding=\"async\" src=\"https:\/\/exceladvisor.org\/wp-content\/uploads\/2023\/08\/en-utilisant-la-plage-nommee-dans-sumif-ou.png\" sizes=\"\" srcset=\"\" alt=\"Verwenden des benannten Bereichs im Sumif oder\"><\/figure><\/div><h2 class=\"wp-block-heading\"> Mehrere Kriterien mit unterschiedlichen Spalten<\/h2><p> Lassen Sie mich Sie auf die n\u00e4chste Ebene dieser Formel bringen. Schauen Sie sich einfach die Datentabelle unten an. <\/p><div class=\"wp-block-image\"><figure class=\"aligncenter\"><img decoding=\"async\" src=\"https:\/\/exceladvisor.org\/wp-content\/uploads\/2023\/08\/sumifs-sumif-ou-avec-plusieurs-colonnes-de-donnees.png\" sizes=\"\" srcset=\"\" alt=\"Sumifs Sumif oder mit mehreren Datenspalten\"><\/figure><\/div><p> In dieser Tabelle gibt es zwei verschiedene Spalten mit zwei unterschiedlichen Statustypen. Aus dieser Datentabelle m\u00fcssen Sie nun die Menge addieren, bei der das Produkt besch\u00e4digt ist. Der R\u00fcckgabestatus lautet \u201eNein\u201c.<\/p><p> Hierbei handelt es sich ausschlie\u00dflich um besch\u00e4digte und defekte Produkte, die noch nicht zur\u00fcckgegeben wurden. Und die Formel daf\u00fcr wird sein. <\/p><pre class=\"wp-block-code\"> <code class=\"language-excel-formula\" lang=\"excel-formula\">=SUM(SUMIFS(D2:D21,B2:B21,{\"Damage\",\"Faulty\"},C2:C21,\"No\"))<\/code><\/pre><div class=\"wp-block-image\"><figure class=\"aligncenter size-full\"><img loading=\"lazy\" decoding=\"async\" class=\"wp-image-14789\" src=\"https:\/\/exceladvisor.org\/wp-content\/uploads\/2023\/08\/sumifs-sumif-ou-avec-plusieurs-formules-de-criteres-de-colonne-differents.png\" sizes=\"auto, \" srcset=\"\" alt=\"Sumifs Sumif oder mit mehreren verschiedenen Spaltenkriterienformeln\" width=\"558\" height=\"178\"><\/figure><\/div><div class=\"gb-container gb-container-9631f970 gb-container-sample-file\"><h2 class=\"gb-headline gb-headline-c605ba20 gb-headline-text gb-headline-4f7959c2\"> Holen Sie sich die Excel-Datei<\/h2> <a class=\"gb-button gb-button-fdc4a95a gb-button-text gb-button-button1\" href=\"https:\/\/exceladvisor.org\/wp-content\/uploads\/2023\/08\/somme-si-ou.zip\" rel=\"nofollow\">Herunterladen<\/a><\/div><h2 id=\"tab-con-7\" class=\"wp-block-heading\"> Abschluss<\/h2><p> Das Beste an der OR-Technik ist, dass Sie ihr so viele Kriterien hinzuf\u00fcgen k\u00f6nnen. Wenn Sie nur die ODER-Logik verwenden m\u00f6chten, k\u00f6nnen Sie SUMIF verwenden. Und wenn Sie eine ODER-Bedingung und eine UND-Bedingung in einer einzigen Formel erstellen m\u00f6chten, k\u00f6nnen Sie daf\u00fcr SUMIFS verwenden.<\/p><p> Wissen Sie, das ist einer meiner liebsten Formel-Tipps und ich hoffe, Sie fanden ihn hilfreich.<\/p><p> Jetzt sag mir eins. Haben Sie schon einmal eine solche Formel verwendet? Teilen Sie mir Ihre Gedanken im Kommentarbereich mit, ich w\u00fcrde mich freuen, von Ihnen zu h\u00f6ren, und vergessen Sie nicht, diesen Tipp mit Ihren Freunden zu teilen.<\/p><div class=\"gb-container gb-container-0df56012 gb-container-mt\"> <a class=\"gb-button gb-button-f9f432f4 gb-button-text gb-button-mt-button\" href=\"https:\/\/exceladvisor.org\/de\/formeln\/\">Liste der Excel-Formeln<\/a><h2 class=\"gb-headline gb-headline-233444e8 gb-headline-text gb-headline-mt-heading\"> Verwandte Formeln <\/h2><div class=\"gb-grid-wrapper gb-grid-wrapper-a16fa65c gb-grid-wrapper-mt-grid\"><div class=\"gb-grid-column gb-grid-column-50d07e0d\"><div class=\"gb-container gb-container-50d07e0d\"><ul><li> <a href=\"https:\/\/exceladvisor.org\/de\/summe-wenn-grosser-als\/\">Summe gr\u00f6\u00dfer als Werte mit SUMIF<\/a><\/li><li> <a href=\"https:\/\/exceladvisor.org\/de\/summen-nicht-gleich\/\">Summe ungleicher Werte (SUMIFS) in Excel<\/a><\/li><li> <a href=\"https:\/\/exceladvisor.org\/de\/sumif-mit-platzhaltern\/\">SUMIF mit Platzhaltern in Excel<\/a><\/li><li> <a href=\"https:\/\/exceladvisor.org\/de\/summe-der-werte-zwischen-zwei-daten\/\">SUMIFS-Datumsbereich (Summe der Werte zwischen zwei Datumsfeldern)<\/a><\/li><\/ul><\/div><\/div><\/div><\/div>","protected":false},"excerpt":{"rendered":"","protected":false},"author":1,"featured_media":0,"parent":0,"menu_order":0,"comment_status":"open","ping_status":"closed","template":"","meta":{"ub_ctt_via":"","footnotes":""},"class_list":["post-3000","page","type-page","status-publish","hentry"],"featured_image_src":null,"yoast_head":"<!-- This site is optimized with the Yoast SEO plugin v25.4 - https:\/\/yoast.com\/wordpress\/plugins\/seo\/ -->\n<title>Wie verwende ich SUMIF\/SUMIFS mit ODER-Logik?<\/title>\n<meta name=\"description\" content=\"In diesem Artikel erfahren Sie einen einfachen Trick, um die Leistung von SUMIF und SUMIFS mithilfe der ODER-Logik zu steigern. Du kannst\" \/>\n<meta name=\"robots\" content=\"index, follow, max-snippet:-1, max-image-preview:large, max-video-preview:-1\" \/>\n<link rel=\"canonical\" href=\"https:\/\/exceladvisor.org\/de\/sumif-sumifs-oder-logik\/\" \/>\n<meta property=\"og:locale\" content=\"de_DE\" \/>\n<meta property=\"og:type\" content=\"article\" \/>\n<meta property=\"og:title\" content=\"Wie verwende ich SUMIF\/SUMIFS mit ODER-Logik?\" \/>\n<meta property=\"og:description\" content=\"In diesem Artikel erfahren Sie einen einfachen Trick, um die Leistung von SUMIF und SUMIFS mithilfe der ODER-Logik zu steigern. Du kannst\" \/>\n<meta property=\"og:url\" content=\"https:\/\/exceladvisor.org\/de\/sumif-sumifs-oder-logik\/\" \/>\n<meta property=\"og:site_name\" content=\"Excel Advisor\" \/>\n<meta property=\"article:modified_time\" content=\"2023-12-03T13:05:15+00:00\" \/>\n<meta property=\"og:image\" content=\"https:\/\/exceladvisor.org\/wp-content\/uploads\/2023\/08\/table-de-donnees-a-utiliser-ou-logique-a-utiliser-dans-sumifs-sumif-1.png\" \/>\n<meta name=\"twitter:card\" content=\"summary_large_image\" \/>\n<meta name=\"twitter:label1\" content=\"Gesch\u00e4tzte Lesezeit\" \/>\n\t<meta name=\"twitter:data1\" content=\"5\u00a0Minuten\" \/>\n<script type=\"application\/ld+json\" class=\"yoast-schema-graph\">{\"@context\":\"https:\/\/schema.org\",\"@graph\":[{\"@type\":\"WebPage\",\"@id\":\"https:\/\/exceladvisor.org\/de\/sumif-sumifs-oder-logik\/\",\"url\":\"https:\/\/exceladvisor.org\/de\/sumif-sumifs-oder-logik\/\",\"name\":\"Wie verwende ich SUMIF\/SUMIFS mit ODER-Logik?\",\"isPartOf\":{\"@id\":\"https:\/\/exceladvisor.org\/de\/#website\"},\"primaryImageOfPage\":{\"@id\":\"https:\/\/exceladvisor.org\/de\/sumif-sumifs-oder-logik\/#primaryimage\"},\"image\":{\"@id\":\"https:\/\/exceladvisor.org\/de\/sumif-sumifs-oder-logik\/#primaryimage\"},\"thumbnailUrl\":\"https:\/\/exceladvisor.org\/wp-content\/uploads\/2023\/08\/table-de-donnees-a-utiliser-ou-logique-a-utiliser-dans-sumifs-sumif-1.png\",\"datePublished\":\"2023-11-19T17:43:07+00:00\",\"dateModified\":\"2023-12-03T13:05:15+00:00\",\"description\":\"In diesem Artikel erfahren Sie einen einfachen Trick, um die Leistung von SUMIF und SUMIFS mithilfe der ODER-Logik zu steigern. Du kannst\",\"breadcrumb\":{\"@id\":\"https:\/\/exceladvisor.org\/de\/sumif-sumifs-oder-logik\/#breadcrumb\"},\"inLanguage\":\"de\",\"potentialAction\":[{\"@type\":\"ReadAction\",\"target\":[\"https:\/\/exceladvisor.org\/de\/sumif-sumifs-oder-logik\/\"]}]},{\"@type\":\"ImageObject\",\"inLanguage\":\"de\",\"@id\":\"https:\/\/exceladvisor.org\/de\/sumif-sumifs-oder-logik\/#primaryimage\",\"url\":\"https:\/\/exceladvisor.org\/wp-content\/uploads\/2023\/08\/table-de-donnees-a-utiliser-ou-logique-a-utiliser-dans-sumifs-sumif-1.png\",\"contentUrl\":\"https:\/\/exceladvisor.org\/wp-content\/uploads\/2023\/08\/table-de-donnees-a-utiliser-ou-logique-a-utiliser-dans-sumifs-sumif-1.png\"},{\"@type\":\"BreadcrumbList\",\"@id\":\"https:\/\/exceladvisor.org\/de\/sumif-sumifs-oder-logik\/#breadcrumb\",\"itemListElement\":[{\"@type\":\"ListItem\",\"position\":1,\"name\":\"Accueil\",\"item\":\"https:\/\/exceladvisor.org\/de\/\"},{\"@type\":\"ListItem\",\"position\":2,\"name\":\"Wie verwende ich sumif\/sumifs mit oder-logik?\"}]},{\"@type\":\"WebSite\",\"@id\":\"https:\/\/exceladvisor.org\/de\/#website\",\"url\":\"https:\/\/exceladvisor.org\/de\/\",\"name\":\"Excel Advisor\",\"description\":\"Ihr Leitfaden zur Datendominanz\",\"publisher\":{\"@id\":\"https:\/\/exceladvisor.org\/de\/#organization\"},\"potentialAction\":[{\"@type\":\"SearchAction\",\"target\":{\"@type\":\"EntryPoint\",\"urlTemplate\":\"https:\/\/exceladvisor.org\/de\/?s={search_term_string}\"},\"query-input\":{\"@type\":\"PropertyValueSpecification\",\"valueRequired\":true,\"valueName\":\"search_term_string\"}}],\"inLanguage\":\"de\"},{\"@type\":\"Organization\",\"@id\":\"https:\/\/exceladvisor.org\/de\/#organization\",\"name\":\"Excel Advisor\",\"url\":\"https:\/\/exceladvisor.org\/de\/\",\"logo\":{\"@type\":\"ImageObject\",\"inLanguage\":\"de\",\"@id\":\"https:\/\/exceladvisor.org\/de\/#\/schema\/logo\/image\/\",\"url\":\"https:\/\/exceladvisor.org\/de\/wp-content\/uploads\/2023\/11\/exceladvisor.org_.png\",\"contentUrl\":\"https:\/\/exceladvisor.org\/de\/wp-content\/uploads\/2023\/11\/exceladvisor.org_.png\",\"width\":105,\"height\":36,\"caption\":\"Excel Advisor\"},\"image\":{\"@id\":\"https:\/\/exceladvisor.org\/de\/#\/schema\/logo\/image\/\"}}]}<\/script>\n<!-- \/ Yoast SEO plugin. -->","yoast_head_json":{"title":"Wie verwende ich SUMIF\/SUMIFS mit ODER-Logik?","description":"In diesem Artikel erfahren Sie einen einfachen Trick, um die Leistung von SUMIF und SUMIFS mithilfe der ODER-Logik zu steigern. Du kannst","robots":{"index":"index","follow":"follow","max-snippet":"max-snippet:-1","max-image-preview":"max-image-preview:large","max-video-preview":"max-video-preview:-1"},"canonical":"https:\/\/exceladvisor.org\/de\/sumif-sumifs-oder-logik\/","og_locale":"de_DE","og_type":"article","og_title":"Wie verwende ich SUMIF\/SUMIFS mit ODER-Logik?","og_description":"In diesem Artikel erfahren Sie einen einfachen Trick, um die Leistung von SUMIF und SUMIFS mithilfe der ODER-Logik zu steigern. Du kannst","og_url":"https:\/\/exceladvisor.org\/de\/sumif-sumifs-oder-logik\/","og_site_name":"Excel Advisor","article_modified_time":"2023-12-03T13:05:15+00:00","og_image":[{"url":"https:\/\/exceladvisor.org\/wp-content\/uploads\/2023\/08\/table-de-donnees-a-utiliser-ou-logique-a-utiliser-dans-sumifs-sumif-1.png","type":"","width":"","height":""}],"twitter_card":"summary_large_image","twitter_misc":{"Gesch\u00e4tzte Lesezeit":"5\u00a0Minuten"},"schema":{"@context":"https:\/\/schema.org","@graph":[{"@type":"WebPage","@id":"https:\/\/exceladvisor.org\/de\/sumif-sumifs-oder-logik\/","url":"https:\/\/exceladvisor.org\/de\/sumif-sumifs-oder-logik\/","name":"Wie verwende ich SUMIF\/SUMIFS mit ODER-Logik?","isPartOf":{"@id":"https:\/\/exceladvisor.org\/de\/#website"},"primaryImageOfPage":{"@id":"https:\/\/exceladvisor.org\/de\/sumif-sumifs-oder-logik\/#primaryimage"},"image":{"@id":"https:\/\/exceladvisor.org\/de\/sumif-sumifs-oder-logik\/#primaryimage"},"thumbnailUrl":"https:\/\/exceladvisor.org\/wp-content\/uploads\/2023\/08\/table-de-donnees-a-utiliser-ou-logique-a-utiliser-dans-sumifs-sumif-1.png","datePublished":"2023-11-19T17:43:07+00:00","dateModified":"2023-12-03T13:05:15+00:00","description":"In diesem Artikel erfahren Sie einen einfachen Trick, um die Leistung von SUMIF und SUMIFS mithilfe der ODER-Logik zu steigern. Du kannst","breadcrumb":{"@id":"https:\/\/exceladvisor.org\/de\/sumif-sumifs-oder-logik\/#breadcrumb"},"inLanguage":"de","potentialAction":[{"@type":"ReadAction","target":["https:\/\/exceladvisor.org\/de\/sumif-sumifs-oder-logik\/"]}]},{"@type":"ImageObject","inLanguage":"de","@id":"https:\/\/exceladvisor.org\/de\/sumif-sumifs-oder-logik\/#primaryimage","url":"https:\/\/exceladvisor.org\/wp-content\/uploads\/2023\/08\/table-de-donnees-a-utiliser-ou-logique-a-utiliser-dans-sumifs-sumif-1.png","contentUrl":"https:\/\/exceladvisor.org\/wp-content\/uploads\/2023\/08\/table-de-donnees-a-utiliser-ou-logique-a-utiliser-dans-sumifs-sumif-1.png"},{"@type":"BreadcrumbList","@id":"https:\/\/exceladvisor.org\/de\/sumif-sumifs-oder-logik\/#breadcrumb","itemListElement":[{"@type":"ListItem","position":1,"name":"Accueil","item":"https:\/\/exceladvisor.org\/de\/"},{"@type":"ListItem","position":2,"name":"Wie verwende ich sumif\/sumifs mit oder-logik?"}]},{"@type":"WebSite","@id":"https:\/\/exceladvisor.org\/de\/#website","url":"https:\/\/exceladvisor.org\/de\/","name":"Excel Advisor","description":"Ihr Leitfaden zur Datendominanz","publisher":{"@id":"https:\/\/exceladvisor.org\/de\/#organization"},"potentialAction":[{"@type":"SearchAction","target":{"@type":"EntryPoint","urlTemplate":"https:\/\/exceladvisor.org\/de\/?s={search_term_string}"},"query-input":{"@type":"PropertyValueSpecification","valueRequired":true,"valueName":"search_term_string"}}],"inLanguage":"de"},{"@type":"Organization","@id":"https:\/\/exceladvisor.org\/de\/#organization","name":"Excel Advisor","url":"https:\/\/exceladvisor.org\/de\/","logo":{"@type":"ImageObject","inLanguage":"de","@id":"https:\/\/exceladvisor.org\/de\/#\/schema\/logo\/image\/","url":"https:\/\/exceladvisor.org\/de\/wp-content\/uploads\/2023\/11\/exceladvisor.org_.png","contentUrl":"https:\/\/exceladvisor.org\/de\/wp-content\/uploads\/2023\/11\/exceladvisor.org_.png","width":105,"height":36,"caption":"Excel Advisor"},"image":{"@id":"https:\/\/exceladvisor.org\/de\/#\/schema\/logo\/image\/"}}]}},"yoast_meta":{"yoast_wpseo_title":"","yoast_wpseo_metadesc":"","yoast_wpseo_canonical":""},"_links":{"self":[{"href":"https:\/\/exceladvisor.org\/de\/wp-json\/wp\/v2\/pages\/3000","targetHints":{"allow":["GET"]}}],"collection":[{"href":"https:\/\/exceladvisor.org\/de\/wp-json\/wp\/v2\/pages"}],"about":[{"href":"https:\/\/exceladvisor.org\/de\/wp-json\/wp\/v2\/types\/page"}],"author":[{"embeddable":true,"href":"https:\/\/exceladvisor.org\/de\/wp-json\/wp\/v2\/users\/1"}],"replies":[{"embeddable":true,"href":"https:\/\/exceladvisor.org\/de\/wp-json\/wp\/v2\/comments?post=3000"}],"version-history":[{"count":1,"href":"https:\/\/exceladvisor.org\/de\/wp-json\/wp\/v2\/pages\/3000\/revisions"}],"predecessor-version":[{"id":4383,"href":"https:\/\/exceladvisor.org\/de\/wp-json\/wp\/v2\/pages\/3000\/revisions\/4383"}],"wp:attachment":[{"href":"https:\/\/exceladvisor.org\/de\/wp-json\/wp\/v2\/media?parent=3000"}],"curies":[{"name":"wp","href":"https:\/\/api.w.org\/{rel}","templated":true}]}}