{"id":3001,"date":"2023-11-19T15:15:07","date_gmt":"2023-11-19T15:15:07","guid":{"rendered":"https:\/\/exceladvisor.org\/de\/sumif-mit-platzhaltern\/"},"modified":"2023-12-03T13:05:14","modified_gmt":"2023-12-03T13:05:14","slug":"sumif-mit-platzhaltern","status":"publish","type":"page","link":"https:\/\/exceladvisor.org\/de\/sumif-mit-platzhaltern\/","title":{"rendered":"Wie verwende ich sumif mit platzhaltern?"},"content":{"rendered":"<div class=\"excel-vor-dem-inhalt\" id=\"excel-408467015\"><script type=\"text\/javascript\">\r\n\tatOptions = {\r\n\t\t'key' : 'c1158f160081d6540a8409e6925dab94',\r\n\t\t'format' : 'iframe',\r\n\t\t'height' : 250,\r\n\t\t'width' : 300,\r\n\t\t'params' : {}\r\n\t};\r\n<\/script>\r\n<script type=\"text\/javascript\" src=\"\/\/www.highperformanceformat.com\/c1158f160081d6540a8409e6925dab94\/invoke.js\"><\/script><\/div> <p>SUMIF ist eine <a style=\"outline: none; display: inline-block;\" href=\"https:\/\/exceladvisor.org\/de\/excel-funktionen\/\">meiner Lieblingsfunktionen in Excel<\/a> und ich bin sicher, dass es auch Ihre ist. Was mich jedoch immer beunruhigt, ist, dass wir die Werte nur dann addieren k\u00f6nnen, wenn die Kriterien perfekt mit den Werten \u00fcbereinstimmen.<\/p><p> Nehmen wir an, Ihr Name ist John Martin.<\/p><p> Wenn wir in diesem Fall Werte unter Verwendung Ihres Namens hinzuf\u00fcgen m\u00f6chten, sollten wir Ihren vollst\u00e4ndigen Namen haben. Und wenn wir nur Ihren Vornamen haben, k\u00f6nnen wir ihn nicht verwenden.<\/p><p> Ja, das ist ein Problem. Aber auch daf\u00fcr habe ich eine L\u00f6sung. Erinnern Sie sich <a href=\"https:\/\/exceladvisor.org\/de\/platzhalter-2\/\" data-wpil=\"url\">an Excel-Platzhalter<\/a> ? Ja, du hast recht.<\/p><p> Wenn wir <strong><span style=\"color: #ea493f;\">Platzhalter mit SUMIF<\/span><\/strong> verwenden, k\u00f6nnen wir Werte anhand von Teilkriterien summieren. Die gute Nachricht ist, dass wir alle drei Zeichen (Sternchen [*], Fragezeichen [?], Tilde [~]) mit SUMIF\/SUMIFS verwenden k\u00f6nnen.<\/p><p> Heute m\u00f6chte ich Ihnen in diesem Artikel eine einfache M\u00f6glichkeit vorstellen, SUMIF mit Platzhaltern zu verwenden, und die Verwendung aller drei Zeichen anhand von Beispielen erl\u00e4utern.<\/p><p> Wenn Sie mehr \u00fcber Wildcards erfahren m\u00f6chten, lesen Sie <a style=\"outline: none;\" href=\"https:\/\/exceladvisor.org\/de\/platzhalter-2\/\" data-wpil=\"url\">diesen Leitfaden<\/a> und laden Sie diese Datendatei unbedingt hier herunter, um mitzumachen.<\/p><p> Und jetzt fangen wir an&#8230;<\/p><h2 id=\"tab-con-5\" class=\"wp-block-heading\"> 1. Sternchen [*] mit SUMIF<\/h2><p> Das Sternchen ist das beliebteste Platzhalterzeichen. Und es ist eines, das perfekt mit SUMIF verwendet werden kann.<\/p><h3 class=\"wp-block-heading\"> Asterisk: eine kurze Einf\u00fchrung<\/h3><p> Sie k\u00f6nnen ein <a href=\"https:\/\/exceladvisor.org\/de\/platzhalter-2\/\" data-wpil=\"url\">Sternchen<\/a> verwenden, um ein oder mehrere fehlende Zeichen am Ende oder Anfang des Kriteriums anzuzeigen.<\/p><p> Wie gesagt, wenn wir John als Kriterium haben und Werte f\u00fcr den Namen John Martin summieren m\u00fcssen, k\u00f6nnen wir den Text \u201eJohn\u201c mit einem Sternchen kombinieren, um den Rest des Textes darzustellen. mit einem Sternchen versehen, um den Rest des Textes darzustellen.<\/p><h3 class=\"wp-block-heading\"> Beispiel: SUMIF + Sternchen<\/h3><p> Hier habe ich ein besseres Beispiel f\u00fcr Sie, damit Sie verstehen, wie Asterisk mit SUMIF funktioniert.<\/p><p> Unten ist die Tabelle, in der wir eine Spalte haben, in der der Produktname und die Rechnungsnummer angeh\u00e4ngt sind, oder Sie k\u00f6nnen sagen, dass es sich um eine Rechnungsnummer pro Produkt handelt. <\/p><div class=\"wp-block-image\"><figure class=\"aligncenter\"><img decoding=\"async\" src=\"https:\/\/exceladvisor.org\/wp-content\/uploads\/2023\/08\/donnees-pour-obtenir-les-totaux-de-la-facture-en-utilisant-sumif-avec-des-caracteres-generiques.png\" sizes=\"\" srcset=\"\" alt=\"Daten, um Rechnungssummen mithilfe von Sumif mit Platzhaltern zu erhalten\"><\/figure><\/div><p> Aus dieser Tabelle m\u00fcssen wir nun eine Gesamtsumme pro Produkt erstellen. Aber wie Sie sehen, ist jeder Produktname einzigartig, da wir ihm eine Rechnungsnummer beif\u00fcgen.<\/p><p> Selbst wenn wir <a href=\"https:\/\/exceladvisor.org\/de\/pivot-tabelle-1\/\" data-wpil=\"url\">eine Pivot-Tabelle erstellen,<\/a> k\u00f6nnen wir von hier aus keine Gesamtsumme pro Produkt ermitteln. Es ist also an der Zeit, ein Sternchen zu verwenden, und die Formel w\u00e4re: <\/p><pre class=\"wp-block-code\"> <code class=\"language-excel-formula\" lang=\"excel-formula\">=SUMIF(invoice_column,product_name&amp;\"*\",amount_column)<\/code><\/pre><div class=\"wp-block-image\"><figure class=\"aligncenter\"><img decoding=\"async\" src=\"https:\/\/exceladvisor.org\/wp-content\/uploads\/2023\/08\/formule-utilisant-le-caractere-generique-asterisque-avec-sumif-pour-obtenir-le-total-de-la-facture.png\" sizes=\"\" srcset=\"\" alt=\"Formel mit Sternchen-Platzhalter und Sumif, um den Rechnungsgesamtwert zu erhalten\"><\/figure><\/div><p> In der Formel oben haben wir den Produktnamen mit Sternchen-Platzhaltersummenwerten f\u00fcr jedes Produkt kombiniert.<\/p><p> Wenn also SUMIF mit den Kriterien der Rechnungsspalte \u00fcbereinstimmt, \u00fcbernimmt es die Zeichen vor dem Sternchen und ersetzt die restlichen Zeichen.<\/p><p> Vereinfacht ausgedr\u00fcckt ignoriert es alle Zeichen nach dem Produktnamen einer Zelle und gibt die Summe der Betragsspalte zur\u00fcck.<\/p><p> Auf diese Weise k\u00f6nnen wir die Gesamtsumme pro Produkt ermitteln, auch wenn in der Spalte kein passender Produktname enthalten ist.<\/p><h2 id=\"tab-con-1\" class=\"wp-block-heading\"> 2. Fragezeichen [?] mit SUMIF<\/h2><p> Ein <a href=\"https:\/\/exceladvisor.org\/de\/platzhalter-2\/\" data-wpil=\"url\">Fragezeichen ist<\/a> das n\u00e4chste wichtige Zeichen nach dem Sternchen. SUMIF\/SUMIFS kann Ihnen bei der Erstellung von Teiltextkriterien helfen.<\/p><h3 class=\"wp-block-heading\"> Fragezeichen: Eine kurze Einf\u00fchrung<\/h3><p> Sie k\u00f6nnen ein Fragezeichen verwenden, um ein einzelnes unbekanntes Zeichen in einer Textzeichenfolge darzustellen.<\/p><p> Mein Name ist \u201ePUNEET\u201c. Aber was passiert, wenn jemand es wie PUNNET und PUNIIT schreibt? Ich bin nicht in der Lage, einen Wert zu summieren, der sich auf diese beiden oder andere bezieht.<\/p><p> Wenn ich PUN??T (zwei Fragezeichen) verwende, hilft es mir, die Werte beider Kriterien zu summieren.<\/p><h3 class=\"wp-block-heading\"> Beispiel: SUMWENN + Fragezeichen<\/h3><p> Normalerweise ist die Verwendung eines Fragezeichens im Vergleich zu einem Sternchen nicht so h\u00e4ufig, aber selbst dann ist es wichtig zu lernen und kann in bestimmten Situationen verwendet werden.<\/p><p> Schauen Sie sich die Daten unten an (ich verwende hier wieder meinen Namen). Wenn Sie genau hinsehen, werden Sie feststellen, dass mein Name mehrmals auf der Liste steht.<\/p><p> Beachten Sie jedoch, dass zwischen dem Vor- und Nachnamen kein Leerzeichen, sondern unterschiedliche Zeichen stehen.<\/p><p> Und wenn Sie dort alle Boni zusammenfassen m\u00f6chten, k\u00f6nnen Sie nicht nur auf meinen Namen verweisen.<\/p><p> Auch wenn der Name in mehreren Zellen vorhanden ist, aber jede einzelne einzigartig ist, k\u00f6nnen Sie zur L\u00f6sung dieses Problems und zur Addition aller Boni die folgende Formel verwenden.<\/p><pre class=\"wp-block-code\"> <code class=\"language-excel-formula\" lang=\"excel-formula\">=SUMIF(name_column,\"Puneet?Gogia\",amount_column)<\/code><\/pre><p> Hier haben Sie nun ein Fragezeichen zwischen Vor- und Nachname verwendet. Wenn Sie ein Fragezeichen verwenden, wird dieses Zeichen nur durch eines der verf\u00fcgbaren Zeichen ersetzt.<\/p><p> Wenn SUMIF von Ihnen angegebene Kriterien verwendet, werden nur der Vor- und Nachname abgeglichen und Zeichen in \u00fcbereinstimmenden Werten f\u00fcr dieselbe Position ignoriert, an der Sie ein Fragezeichen verwendet haben.<\/p><p> Der entscheidende Punkt ist also: Ein Fragezeichen repr\u00e4sentiert ein einzelnes Zeichen in einer Textzeichenfolge.<\/p><h2 id=\"tab-con-3\" class=\"wp-block-heading\"> 3. Tilde [~] mit SUMIFS<\/h2><p> Ich wei\u00df nicht, ob Sie jemals eine <a href=\"https:\/\/exceladvisor.org\/de\/platzhalter-2\/\" data-wpil=\"url\">Tilde als Platzhalter<\/a> verwenden m\u00fcssen. Aber wenn es zu Ihrem Job geh\u00f6rt, mit den schmutzigsten Daten umzugehen, k\u00f6nnte sich eines Tages eine Tilde als n\u00fctzlich erweisen.<\/p><h3 class=\"wp-block-heading\"> Tilde: eine kurze Einf\u00fchrung<\/h3><p> Einfach ausgedr\u00fcckt \u00fcberschreibt eine Tilde die Wirkung von Platzhaltern (Sternchen und Fragezeichen).<\/p><p> Wenn Sie beispielsweise versuchen, Werte mithilfe von Text hinzuzuf\u00fcgen, in dem ein Sternchen oder ein Fragezeichen ein echtes Zeichen ist, behandelt SUMIF diese als Platzhalter und nicht als echtes Zeichen.<\/p><h3 class=\"wp-block-heading\"> Beispiel: SUMIF + Tilde<\/h3><p> Hier verwenden wir die gleichen Daten wie im obigen Beispiel und in diesen Daten steht wieder mein Name. Aber dieser Name der Zeit hat bereits generischen Charakter.<\/p><p> Aus diesen Daten m\u00fcssen Sie die Bonuswerte mit dem Namen addieren, bei dem Sie ein Fragezeichen haben. Schauen Sie sich das Beispiel unten an, in dem wir einfach die Kriterien verwendet haben, um die Bonuswerte zu addieren.<\/p><p> Zweck: Wenn Sie sich das Formelergebnis ansehen, wird die Summe aller Bonuswerte (f\u00fcr Vor- und vollst\u00e4ndigen Namen) angezeigt.<\/p><p> SUMIF betrachtet dieses Fragezeichen in den Kriterien als Platzhalter und gibt die Summe der Bonuswerte zur\u00fcck, wenn der Text in den Kriterien \u201ePuneet\u201c lautet. Wie gesagt, wir m\u00fcssen eine Tilde mit einem Sternchen verwenden, um die Summe der Werte zu erhalten. Die Formel w\u00e4re also:<\/p><pre class=\"wp-block-code\"> <code class=\"language-excel-formula\" lang=\"excel-formula\">=SUMIF(name_column,\"Puneet*~\",amount_column)<\/code><\/pre><p> Wenn Sie also eine Tilde neben dem Sternchen verwenden, nimmt SUMIF es als echtes Zeichen und nicht als Platzhalter.<\/p><p> Problem gel\u00f6st. Sie haben die korrekte Summe der Werte erhalten.<\/p><h2 id=\"tab-con-4\" class=\"wp-block-heading\"> Abschluss<\/h2><p> Was mir an der Verwendung von Platzhaltern mit SUMIF\/SUMIFS gef\u00e4llt, ist, dass es Zeit spart und Sie Werte hinzuf\u00fcgen k\u00f6nnen, ohne zun\u00e4chst \u00c4nderungen an den urspr\u00fcnglichen Werten vorzunehmen.<\/p><p> Denk dran:<\/p><ol><li> Wenn Sie Daten haben, bei denen Sie sich \u00fcber den vollst\u00e4ndigen Text nicht sicher sind, k\u00f6nnen Sie ein Sternchen verwenden.<\/li><li> Und wenn Sie eine bestimmte Anzahl von Zeichen ersetzen m\u00f6chten, k\u00f6nnen Sie ein Fragezeichen verwenden.<\/li><li> Aber wie gesagt, zu Ihrem Job geh\u00f6rt es, die meisten schmutzigen Daten zu verwalten, daher k\u00f6nnte eine Tilde n\u00fctzlich sein.<\/li><\/ol><p> Ich hoffe, dieser Tipp wird Ihnen helfen, Ihre Formeln zu verbessern. Hier k\u00f6nnen Sie einige der erstaunlichsten Excel-Formeln lernen.<\/p><p> Jetzt sag mir eins.<\/p><p> Haben Sie schon einmal SUMIF mit Platzhaltern verwendet?<\/p><p> Teilen Sie mir Ihre Gedanken im Kommentarbereich mit, ich w\u00fcrde mich freuen, von Ihnen zu h\u00f6ren. Und vergessen Sie nicht, diesen Tipp mit Ihren Freunden zu teilen.<\/p><div class=\"gb-container gb-container-0df56012 gb-container-mt\"> <a class=\"gb-button gb-button-f9f432f4 gb-button-text gb-button-mt-button\" href=\"https:\/\/exceladvisor.org\/de\/formeln\/\">Liste der Excel-Formeln<\/a><h2 class=\"gb-headline gb-headline-233444e8 gb-headline-text gb-headline-mt-heading\"> Verwandte Formeln <\/h2><div class=\"gb-grid-wrapper gb-grid-wrapper-a16fa65c gb-grid-wrapper-mt-grid\"><div class=\"gb-grid-column gb-grid-column-50d07e0d\"><div class=\"gb-container gb-container-50d07e0d\"><ul><li> <a href=\"https:\/\/exceladvisor.org\/de\/summe-wenn-grosser-als\/\">Summe gr\u00f6\u00dfer als Werte mit SUMIF<\/a><\/li><li> <a href=\"https:\/\/exceladvisor.org\/de\/summen-nicht-gleich\/\">Summe ungleicher Werte (SUMIFS) in Excel<\/a><\/li><li> <a href=\"https:\/\/exceladvisor.org\/de\/sumif-sumifs-oder-logik\/\">SUMIF\/SUMIFS mit ODER-Logik in Excel<\/a><\/li><li> <a href=\"https:\/\/exceladvisor.org\/de\/summe-der-werte-zwischen-zwei-daten\/\">SUMIFS-Datumsbereich (Summe der Werte zwischen zwei Datumsfeldern)<\/a><\/li><li> <a href=\"https:\/\/exceladvisor.org\/de\/sumif-suche\/\">Kombinieren Sie VLOOKUP mit SUMIF<\/a> <\/li><\/ul><\/div><\/div><div class=\"gb-grid-column gb-grid-column-5b4a0cf9\"><div class=\"gb-container gb-container-5b4a0cf9\"><\/div><\/div><\/div><\/div>","protected":false},"excerpt":{"rendered":"","protected":false},"author":1,"featured_media":0,"parent":0,"menu_order":0,"comment_status":"open","ping_status":"closed","template":"","meta":{"ub_ctt_via":"","footnotes":""},"class_list":["post-3001","page","type-page","status-publish","hentry"],"featured_image_src":null,"yoast_head":"<!-- This site is optimized with the Yoast SEO plugin v25.4 - https:\/\/yoast.com\/wordpress\/plugins\/seo\/ -->\n<title>So verwenden Sie SUMIF mit Platzhaltern in Excel [Ultimate Formula Hack]<\/title>\n<meta name=\"description\" content=\"Erinnern Sie sich an Excel-Platzhalter? Wenn wir Platzhalter mit SUMIF verwenden, k\u00f6nnen wir Werte anhand von Teilkriterien summieren und die gute Nachricht ist ...\" \/>\n<meta name=\"robots\" content=\"index, follow, max-snippet:-1, max-image-preview:large, max-video-preview:-1\" \/>\n<link rel=\"canonical\" href=\"https:\/\/exceladvisor.org\/de\/sumif-mit-platzhaltern\/\" \/>\n<meta property=\"og:locale\" content=\"de_DE\" \/>\n<meta property=\"og:type\" content=\"article\" \/>\n<meta property=\"og:title\" content=\"So verwenden Sie SUMIF mit Platzhaltern in Excel [Ultimate Formula Hack]\" \/>\n<meta property=\"og:description\" content=\"Erinnern Sie sich an Excel-Platzhalter? Wenn wir Platzhalter mit SUMIF verwenden, k\u00f6nnen wir Werte anhand von Teilkriterien summieren und die gute Nachricht ist ...\" \/>\n<meta property=\"og:url\" content=\"https:\/\/exceladvisor.org\/de\/sumif-mit-platzhaltern\/\" \/>\n<meta property=\"og:site_name\" content=\"Excel Advisor\" \/>\n<meta property=\"article:modified_time\" content=\"2023-12-03T13:05:14+00:00\" \/>\n<meta property=\"og:image\" content=\"https:\/\/exceladvisor.org\/wp-content\/uploads\/2023\/08\/donnees-pour-obtenir-les-totaux-de-la-facture-en-utilisant-sumif-avec-des-caracteres-generiques.png\" \/>\n<meta name=\"twitter:card\" content=\"summary_large_image\" \/>\n<meta name=\"twitter:label1\" content=\"Gesch\u00e4tzte Lesezeit\" \/>\n\t<meta name=\"twitter:data1\" content=\"6\u00a0Minuten\" \/>\n<script type=\"application\/ld+json\" class=\"yoast-schema-graph\">{\"@context\":\"https:\/\/schema.org\",\"@graph\":[{\"@type\":\"WebPage\",\"@id\":\"https:\/\/exceladvisor.org\/de\/sumif-mit-platzhaltern\/\",\"url\":\"https:\/\/exceladvisor.org\/de\/sumif-mit-platzhaltern\/\",\"name\":\"So verwenden Sie SUMIF mit Platzhaltern in Excel [Ultimate Formula Hack]\",\"isPartOf\":{\"@id\":\"https:\/\/exceladvisor.org\/de\/#website\"},\"primaryImageOfPage\":{\"@id\":\"https:\/\/exceladvisor.org\/de\/sumif-mit-platzhaltern\/#primaryimage\"},\"image\":{\"@id\":\"https:\/\/exceladvisor.org\/de\/sumif-mit-platzhaltern\/#primaryimage\"},\"thumbnailUrl\":\"https:\/\/exceladvisor.org\/wp-content\/uploads\/2023\/08\/donnees-pour-obtenir-les-totaux-de-la-facture-en-utilisant-sumif-avec-des-caracteres-generiques.png\",\"datePublished\":\"2023-11-19T15:15:07+00:00\",\"dateModified\":\"2023-12-03T13:05:14+00:00\",\"description\":\"Erinnern Sie sich an Excel-Platzhalter? Wenn wir Platzhalter mit SUMIF verwenden, k\u00f6nnen wir Werte anhand von Teilkriterien summieren und die gute Nachricht ist ...\",\"breadcrumb\":{\"@id\":\"https:\/\/exceladvisor.org\/de\/sumif-mit-platzhaltern\/#breadcrumb\"},\"inLanguage\":\"de\",\"potentialAction\":[{\"@type\":\"ReadAction\",\"target\":[\"https:\/\/exceladvisor.org\/de\/sumif-mit-platzhaltern\/\"]}]},{\"@type\":\"ImageObject\",\"inLanguage\":\"de\",\"@id\":\"https:\/\/exceladvisor.org\/de\/sumif-mit-platzhaltern\/#primaryimage\",\"url\":\"https:\/\/exceladvisor.org\/wp-content\/uploads\/2023\/08\/donnees-pour-obtenir-les-totaux-de-la-facture-en-utilisant-sumif-avec-des-caracteres-generiques.png\",\"contentUrl\":\"https:\/\/exceladvisor.org\/wp-content\/uploads\/2023\/08\/donnees-pour-obtenir-les-totaux-de-la-facture-en-utilisant-sumif-avec-des-caracteres-generiques.png\"},{\"@type\":\"BreadcrumbList\",\"@id\":\"https:\/\/exceladvisor.org\/de\/sumif-mit-platzhaltern\/#breadcrumb\",\"itemListElement\":[{\"@type\":\"ListItem\",\"position\":1,\"name\":\"Accueil\",\"item\":\"https:\/\/exceladvisor.org\/de\/\"},{\"@type\":\"ListItem\",\"position\":2,\"name\":\"Wie verwende ich sumif mit platzhaltern?\"}]},{\"@type\":\"WebSite\",\"@id\":\"https:\/\/exceladvisor.org\/de\/#website\",\"url\":\"https:\/\/exceladvisor.org\/de\/\",\"name\":\"Excel Advisor\",\"description\":\"Ihr Leitfaden zur Datendominanz\",\"publisher\":{\"@id\":\"https:\/\/exceladvisor.org\/de\/#organization\"},\"potentialAction\":[{\"@type\":\"SearchAction\",\"target\":{\"@type\":\"EntryPoint\",\"urlTemplate\":\"https:\/\/exceladvisor.org\/de\/?s={search_term_string}\"},\"query-input\":{\"@type\":\"PropertyValueSpecification\",\"valueRequired\":true,\"valueName\":\"search_term_string\"}}],\"inLanguage\":\"de\"},{\"@type\":\"Organization\",\"@id\":\"https:\/\/exceladvisor.org\/de\/#organization\",\"name\":\"Excel Advisor\",\"url\":\"https:\/\/exceladvisor.org\/de\/\",\"logo\":{\"@type\":\"ImageObject\",\"inLanguage\":\"de\",\"@id\":\"https:\/\/exceladvisor.org\/de\/#\/schema\/logo\/image\/\",\"url\":\"https:\/\/exceladvisor.org\/de\/wp-content\/uploads\/2023\/11\/exceladvisor.org_.png\",\"contentUrl\":\"https:\/\/exceladvisor.org\/de\/wp-content\/uploads\/2023\/11\/exceladvisor.org_.png\",\"width\":105,\"height\":36,\"caption\":\"Excel Advisor\"},\"image\":{\"@id\":\"https:\/\/exceladvisor.org\/de\/#\/schema\/logo\/image\/\"}}]}<\/script>\n<!-- \/ Yoast SEO plugin. -->","yoast_head_json":{"title":"So verwenden Sie SUMIF mit Platzhaltern in Excel [Ultimate Formula Hack]","description":"Erinnern Sie sich an Excel-Platzhalter? Wenn wir Platzhalter mit SUMIF verwenden, k\u00f6nnen wir Werte anhand von Teilkriterien summieren und die gute Nachricht ist ...","robots":{"index":"index","follow":"follow","max-snippet":"max-snippet:-1","max-image-preview":"max-image-preview:large","max-video-preview":"max-video-preview:-1"},"canonical":"https:\/\/exceladvisor.org\/de\/sumif-mit-platzhaltern\/","og_locale":"de_DE","og_type":"article","og_title":"So verwenden Sie SUMIF mit Platzhaltern in Excel [Ultimate Formula Hack]","og_description":"Erinnern Sie sich an Excel-Platzhalter? Wenn wir Platzhalter mit SUMIF verwenden, k\u00f6nnen wir Werte anhand von Teilkriterien summieren und die gute Nachricht ist ...","og_url":"https:\/\/exceladvisor.org\/de\/sumif-mit-platzhaltern\/","og_site_name":"Excel Advisor","article_modified_time":"2023-12-03T13:05:14+00:00","og_image":[{"url":"https:\/\/exceladvisor.org\/wp-content\/uploads\/2023\/08\/donnees-pour-obtenir-les-totaux-de-la-facture-en-utilisant-sumif-avec-des-caracteres-generiques.png","type":"","width":"","height":""}],"twitter_card":"summary_large_image","twitter_misc":{"Gesch\u00e4tzte Lesezeit":"6\u00a0Minuten"},"schema":{"@context":"https:\/\/schema.org","@graph":[{"@type":"WebPage","@id":"https:\/\/exceladvisor.org\/de\/sumif-mit-platzhaltern\/","url":"https:\/\/exceladvisor.org\/de\/sumif-mit-platzhaltern\/","name":"So verwenden Sie SUMIF mit Platzhaltern in Excel [Ultimate Formula Hack]","isPartOf":{"@id":"https:\/\/exceladvisor.org\/de\/#website"},"primaryImageOfPage":{"@id":"https:\/\/exceladvisor.org\/de\/sumif-mit-platzhaltern\/#primaryimage"},"image":{"@id":"https:\/\/exceladvisor.org\/de\/sumif-mit-platzhaltern\/#primaryimage"},"thumbnailUrl":"https:\/\/exceladvisor.org\/wp-content\/uploads\/2023\/08\/donnees-pour-obtenir-les-totaux-de-la-facture-en-utilisant-sumif-avec-des-caracteres-generiques.png","datePublished":"2023-11-19T15:15:07+00:00","dateModified":"2023-12-03T13:05:14+00:00","description":"Erinnern Sie sich an Excel-Platzhalter? Wenn wir Platzhalter mit SUMIF verwenden, k\u00f6nnen wir Werte anhand von Teilkriterien summieren und die gute Nachricht ist ...","breadcrumb":{"@id":"https:\/\/exceladvisor.org\/de\/sumif-mit-platzhaltern\/#breadcrumb"},"inLanguage":"de","potentialAction":[{"@type":"ReadAction","target":["https:\/\/exceladvisor.org\/de\/sumif-mit-platzhaltern\/"]}]},{"@type":"ImageObject","inLanguage":"de","@id":"https:\/\/exceladvisor.org\/de\/sumif-mit-platzhaltern\/#primaryimage","url":"https:\/\/exceladvisor.org\/wp-content\/uploads\/2023\/08\/donnees-pour-obtenir-les-totaux-de-la-facture-en-utilisant-sumif-avec-des-caracteres-generiques.png","contentUrl":"https:\/\/exceladvisor.org\/wp-content\/uploads\/2023\/08\/donnees-pour-obtenir-les-totaux-de-la-facture-en-utilisant-sumif-avec-des-caracteres-generiques.png"},{"@type":"BreadcrumbList","@id":"https:\/\/exceladvisor.org\/de\/sumif-mit-platzhaltern\/#breadcrumb","itemListElement":[{"@type":"ListItem","position":1,"name":"Accueil","item":"https:\/\/exceladvisor.org\/de\/"},{"@type":"ListItem","position":2,"name":"Wie verwende ich sumif mit platzhaltern?"}]},{"@type":"WebSite","@id":"https:\/\/exceladvisor.org\/de\/#website","url":"https:\/\/exceladvisor.org\/de\/","name":"Excel Advisor","description":"Ihr Leitfaden zur Datendominanz","publisher":{"@id":"https:\/\/exceladvisor.org\/de\/#organization"},"potentialAction":[{"@type":"SearchAction","target":{"@type":"EntryPoint","urlTemplate":"https:\/\/exceladvisor.org\/de\/?s={search_term_string}"},"query-input":{"@type":"PropertyValueSpecification","valueRequired":true,"valueName":"search_term_string"}}],"inLanguage":"de"},{"@type":"Organization","@id":"https:\/\/exceladvisor.org\/de\/#organization","name":"Excel Advisor","url":"https:\/\/exceladvisor.org\/de\/","logo":{"@type":"ImageObject","inLanguage":"de","@id":"https:\/\/exceladvisor.org\/de\/#\/schema\/logo\/image\/","url":"https:\/\/exceladvisor.org\/de\/wp-content\/uploads\/2023\/11\/exceladvisor.org_.png","contentUrl":"https:\/\/exceladvisor.org\/de\/wp-content\/uploads\/2023\/11\/exceladvisor.org_.png","width":105,"height":36,"caption":"Excel Advisor"},"image":{"@id":"https:\/\/exceladvisor.org\/de\/#\/schema\/logo\/image\/"}}]}},"yoast_meta":{"yoast_wpseo_title":"","yoast_wpseo_metadesc":"","yoast_wpseo_canonical":""},"_links":{"self":[{"href":"https:\/\/exceladvisor.org\/de\/wp-json\/wp\/v2\/pages\/3001","targetHints":{"allow":["GET"]}}],"collection":[{"href":"https:\/\/exceladvisor.org\/de\/wp-json\/wp\/v2\/pages"}],"about":[{"href":"https:\/\/exceladvisor.org\/de\/wp-json\/wp\/v2\/types\/page"}],"author":[{"embeddable":true,"href":"https:\/\/exceladvisor.org\/de\/wp-json\/wp\/v2\/users\/1"}],"replies":[{"embeddable":true,"href":"https:\/\/exceladvisor.org\/de\/wp-json\/wp\/v2\/comments?post=3001"}],"version-history":[{"count":1,"href":"https:\/\/exceladvisor.org\/de\/wp-json\/wp\/v2\/pages\/3001\/revisions"}],"predecessor-version":[{"id":4382,"href":"https:\/\/exceladvisor.org\/de\/wp-json\/wp\/v2\/pages\/3001\/revisions\/4382"}],"wp:attachment":[{"href":"https:\/\/exceladvisor.org\/de\/wp-json\/wp\/v2\/media?parent=3001"}],"curies":[{"name":"wp","href":"https:\/\/api.w.org\/{rel}","templated":true}]}}