{"id":3003,"date":"2023-11-19T01:20:47","date_gmt":"2023-11-19T01:20:47","guid":{"rendered":"https:\/\/exceladvisor.org\/de\/datum-im-monat-jahr\/"},"modified":"2023-12-03T13:03:53","modified_gmt":"2023-12-03T13:03:53","slug":"datum-im-monat-jahr","status":"publish","type":"page","link":"https:\/\/exceladvisor.org\/de\/datum-im-monat-jahr\/","title":{"rendered":"Wie konvertiert man das datum in monat und jahr?"},"content":{"rendered":"<div class=\"excel-vor-dem-inhalt\" id=\"excel-280996781\"><script type=\"text\/javascript\">\r\n\tatOptions = {\r\n\t\t'key' : 'c1158f160081d6540a8409e6925dab94',\r\n\t\t'format' : 'iframe',\r\n\t\t'height' : 250,\r\n\t\t'width' : 300,\r\n\t\t'params' : {}\r\n\t};\r\n<\/script>\r\n<script type=\"text\/javascript\" src=\"\/\/www.highperformanceformat.com\/c1158f160081d6540a8409e6925dab94\/invoke.js\"><\/script><\/div> <p>Excel bietet zwei M\u00f6glichkeiten, ein Datum in Monat und Jahr umzuwandeln. Und in diesem Tutorial lernen wir beide Methoden im Detail kennen.<\/p><h2 class=\"wp-block-heading\"> Methode 1: Benutzerdefinierte Formatierung<\/h2><p> Sie k\u00f6nnen dazu die folgenden Schritte ausf\u00fchren:<\/p><ol><li> W\u00e4hlen Sie zun\u00e4chst die Zelle aus, in der Sie das Datum haben. <br><img loading=\"lazy\" decoding=\"async\" title=\"1-Datum-in-Monat-und-Jahr umwandeln\" src=\"https:\/\/exceladvisor.org\/wp-content\/uploads\/2023\/08\/1-convertir-la-date-en-mois-et-annee.png\" sizes=\"auto, \" srcset=\"\" alt=\"convert-date-into-month-and-year\" width=\"507\" height=\"289\"><\/li><li> Verwenden Sie anschlie\u00dfend die Tastenkombination Strg+1, um die Option \u201eZellen formatieren\u201c zu \u00f6ffnen. <br><img loading=\"lazy\" decoding=\"async\" title=\"2-Zellen-Open-Format-Option\" src=\"https:\/\/exceladvisor.org\/wp-content\/uploads\/2023\/08\/2-cellules-format-ouvert-option-2.png\" sizes=\"auto, \" srcset=\"\" alt=\"open-format-cells-option\" width=\"541\" height=\"351\"><\/li><li> Klicken Sie dort auf die Kategorie \u201eBenutzerdefiniert\u201c. <br><img loading=\"lazy\" decoding=\"async\" title=\"3-W\u00e4hlen Sie eine benutzerdefinierte Kategorie\" src=\"https:\/\/exceladvisor.org\/wp-content\/uploads\/2023\/08\/3-choisissez-la-categorie-personnalisee.png\" sizes=\"auto, \" srcset=\"\" alt=\"choose-custom-category\" width=\"540\" height=\"379\"><\/li><li> Jetzt m\u00fcssen Sie in der Typeingabeleiste das Format angeben, das auf das Datum angewendet werden soll. Beispielsweise k\u00f6nnen Sie f\u00fcr Monat und Jahr \u201emmm-jjjj\u201c eingeben. <br><img loading=\"lazy\" decoding=\"async\" title=\"4-Datumsformat-im-Eintrag-mmm-jjjj\" src=\"https:\/\/exceladvisor.org\/wp-content\/uploads\/2023\/08\/4-format-de-date-dentree-au-format-mmm-aaaa.png\" sizes=\"auto, \" srcset=\"\" alt=\"input-date-format-as-mmm-yyyy\" width=\"542\" height=\"358\"><\/li><li> Klicken Sie abschlie\u00dfend auf OK, um das Format auf die Zelle anzuwenden. <br><img loading=\"lazy\" decoding=\"async\" title=\"Format 5 Monate und Jahr\" src=\"https:\/\/exceladvisor.org\/wp-content\/uploads\/2023\/08\/5-appliquer-le-format-mois-et-annee.png\" sizes=\"auto, \" srcset=\"\" alt=\"apply-month-and-year-format\" width=\"363\" height=\"139\"><\/li><\/ol><p> Und wenn Sie auf \u201eOK\u201c klicken, wird das Datum nur in Monat und Jahr umgewandelt. <\/p><div class=\"wp-block-image\"><figure class=\"aligncenter size-full is-resized\"><img loading=\"lazy\" decoding=\"async\" class=\"wp-image-83650\" src=\"https:\/\/exceladvisor.org\/wp-content\/uploads\/2023\/08\/6-date-comme-mois-et-annee-seulement.png\" sizes=\"auto, \" srcset=\"\" alt=\"Datum nur als Monat und Jahr\" width=\"507\" height=\"330\"><\/figure><\/div><p> Und wenn Sie die Formelleiste sehen, ist es immer ein Datum mit Tag, Monat und Jahr. Der einzige Unterschied besteht im Format, das Sie auf die Zelle angewendet haben, um sie in Monat und Jahr umzuwandeln.<\/p><p> Hier sind die wenigen Formate, die Sie verwenden k\u00f6nnen:<\/p><ul><li> mmm \u2013 f\u00fcr den Kurznamen des Monats.<\/li><li> mm \u2013 f\u00fcr die Monatszahl.<\/li><li> mmmm \u2013 f\u00fcr den langen Namen des Monats.<\/li><li> yy- f\u00fcr die zweistellige Jahreszahl.<\/li><li> aaaa \u2013 f\u00fcr die vierstellige Jahreszahl.<\/li><\/ul><h2 class=\"wp-block-heading\"> Methode 2: Konvertieren in eine separate Zelle<\/h2><p> Nehmen wir an, Sie m\u00fcssen das Ergebnis in einer separaten Zelle haben; In diesem Fall k\u00f6nnen Sie die TEXT-Funktion verwenden. Mit dieser Funktion k\u00f6nnen Sie den Wert eines Datums extrahieren und ihn dann nach Ihren W\u00fcnschen formatieren. <\/p><div class=\"wp-block-image\"><figure class=\"aligncenter size-full is-resized\"><img loading=\"lazy\" decoding=\"async\" class=\"wp-image-83651\" src=\"https:\/\/exceladvisor.org\/wp-content\/uploads\/2023\/08\/7-convertir-la-date-dans-une-cellule-separee.png\" sizes=\"auto, \" srcset=\"\" alt=\"Konvertieren Sie das Datum in eine separate Zelle\" width=\"481\" height=\"304\"><\/figure><\/div><pre class=\"wp-block-code\"> <code class=\"language-excel-formula\" lang=\"excel-formula\">=TEXT(A1,\"mmm-yyyy\")<\/code><\/pre><p> Mit der Textfunktion m\u00fcssen Sie zwei Argumente festlegen.<\/p><p> Geben Sie im ersten Argument (Wert) das Datum an, das Sie in Monat und Jahr oder Monat und Jahr separat umwandeln m\u00f6chten. Und im zweiten Argument (format_text) m\u00fcssen Sie das Format angeben.<\/p><p> Sie k\u00f6nnen die folgenden Formate verwenden, die mit denen der ersten Methoden identisch sind.<\/p><ul><li> mmm<\/li><li> Millimeter<\/li><li> mmmm<\/li><li> aa<\/li><li> aaaa<\/li><li> mmm-aaaa<\/li><li> mm-jj<\/li><\/ul><div class=\"gb-container gb-container-0df56012 gb-container-mt\"> <a class=\"gb-button gb-button-f9f432f4 gb-button-text gb-button-mt-button\" href=\"https:\/\/exceladvisor.org\/de\/formeln\/\">Liste der Excel-Formeln<\/a><h2 class=\"gb-headline gb-headline-233444e8 gb-headline-text gb-headline-mt-heading\"> Verwandte Formeln <\/h2><div class=\"gb-grid-wrapper gb-grid-wrapper-a16fa65c gb-grid-wrapper-mt-grid\"><div class=\"gb-grid-column gb-grid-column-50d07e0d\"><div class=\"gb-container gb-container-50d07e0d\"><ul><li> <a href=\"https:\/\/exceladvisor.org\/de\/einem-datum-einen-monat-hinzufugen-2\/\">F\u00fcgen Sie einem Datum in Excel einen Monat hinzu<\/a><\/li><li> <a href=\"https:\/\/exceladvisor.org\/de\/ende-des-monats\/\">Holen Sie sich das Enddatum des Monats in Excel<\/a><\/li><li> <a href=\"https:\/\/exceladvisor.org\/de\/erster-tag-des-2.-monats\/\">Erhalten Sie den ersten Tag des Monats in Excel (Monatsanfang)<\/a><\/li><li> <a href=\"https:\/\/exceladvisor.org\/de\/name-des-monats\/\">Monat aus einem Datum in Excel abrufen (Auszug)<\/a><\/li><li> <a href=\"https:\/\/exceladvisor.org\/de\/quartal\/\">Erhalten Sie ein Quartal aus einem Datum [Gesch\u00e4fts + Kalender] in Excel<\/a> <\/li><\/ul><\/div><\/div><div class=\"gb-grid-column gb-grid-column-5b4a0cf9\"><div class=\"gb-container gb-container-5b4a0cf9\"><\/div><\/div><\/div><\/div>","protected":false},"excerpt":{"rendered":"","protected":false},"author":1,"featured_media":0,"parent":0,"menu_order":0,"comment_status":"open","ping_status":"closed","template":"","meta":{"ub_ctt_via":"","footnotes":""},"class_list":["post-3003","page","type-page","status-publish","hentry"],"featured_image_src":null,"yoast_head":"<!-- This site is optimized with the Yoast SEO plugin v25.4 - https:\/\/yoast.com\/wordpress\/plugins\/seo\/ -->\n<title>\u25b7 Wie konvertiert man das Datum in Monat und Jahr? (Tutorial 2023)<\/title>\n<meta name=\"description\" content=\"In diesem Tutorial erfahren Sie, wie Sie eine Excel-Formel schreiben, um ein Datum in Monat und Jahr umzuwandeln. Lassen Sie uns das \u00fcberpr\u00fcfen ...\" \/>\n<meta name=\"robots\" content=\"index, follow, max-snippet:-1, max-image-preview:large, max-video-preview:-1\" \/>\n<link rel=\"canonical\" href=\"https:\/\/exceladvisor.org\/de\/datum-im-monat-jahr\/\" \/>\n<meta property=\"og:locale\" content=\"de_DE\" \/>\n<meta property=\"og:type\" content=\"article\" \/>\n<meta property=\"og:title\" content=\"\u25b7 Wie konvertiert man das Datum in Monat und Jahr? (Tutorial 2023)\" \/>\n<meta property=\"og:description\" content=\"In diesem Tutorial erfahren Sie, wie Sie eine Excel-Formel schreiben, um ein Datum in Monat und Jahr umzuwandeln. Lassen Sie uns das \u00fcberpr\u00fcfen ...\" \/>\n<meta property=\"og:url\" content=\"https:\/\/exceladvisor.org\/de\/datum-im-monat-jahr\/\" \/>\n<meta property=\"og:site_name\" content=\"Excel Advisor\" \/>\n<meta property=\"article:modified_time\" content=\"2023-12-03T13:03:53+00:00\" \/>\n<meta property=\"og:image\" content=\"https:\/\/exceladvisor.org\/wp-content\/uploads\/2023\/08\/1-convertir-la-date-en-mois-et-annee.png\" \/>\n<meta name=\"twitter:card\" content=\"summary_large_image\" \/>\n<meta name=\"twitter:label1\" content=\"Gesch\u00e4tzte Lesezeit\" \/>\n\t<meta name=\"twitter:data1\" content=\"2\u00a0Minuten\" \/>\n<script type=\"application\/ld+json\" class=\"yoast-schema-graph\">{\"@context\":\"https:\/\/schema.org\",\"@graph\":[{\"@type\":\"WebPage\",\"@id\":\"https:\/\/exceladvisor.org\/de\/datum-im-monat-jahr\/\",\"url\":\"https:\/\/exceladvisor.org\/de\/datum-im-monat-jahr\/\",\"name\":\"\u25b7 Wie konvertiert man das Datum in Monat und Jahr? (Tutorial 2023)\",\"isPartOf\":{\"@id\":\"https:\/\/exceladvisor.org\/de\/#website\"},\"primaryImageOfPage\":{\"@id\":\"https:\/\/exceladvisor.org\/de\/datum-im-monat-jahr\/#primaryimage\"},\"image\":{\"@id\":\"https:\/\/exceladvisor.org\/de\/datum-im-monat-jahr\/#primaryimage\"},\"thumbnailUrl\":\"https:\/\/exceladvisor.org\/wp-content\/uploads\/2023\/08\/1-convertir-la-date-en-mois-et-annee.png\",\"datePublished\":\"2023-11-19T01:20:47+00:00\",\"dateModified\":\"2023-12-03T13:03:53+00:00\",\"description\":\"In diesem Tutorial erfahren Sie, wie Sie eine Excel-Formel schreiben, um ein Datum in Monat und Jahr umzuwandeln. Lassen Sie uns das \u00fcberpr\u00fcfen ...\",\"breadcrumb\":{\"@id\":\"https:\/\/exceladvisor.org\/de\/datum-im-monat-jahr\/#breadcrumb\"},\"inLanguage\":\"de\",\"potentialAction\":[{\"@type\":\"ReadAction\",\"target\":[\"https:\/\/exceladvisor.org\/de\/datum-im-monat-jahr\/\"]}]},{\"@type\":\"ImageObject\",\"inLanguage\":\"de\",\"@id\":\"https:\/\/exceladvisor.org\/de\/datum-im-monat-jahr\/#primaryimage\",\"url\":\"https:\/\/exceladvisor.org\/wp-content\/uploads\/2023\/08\/1-convertir-la-date-en-mois-et-annee.png\",\"contentUrl\":\"https:\/\/exceladvisor.org\/wp-content\/uploads\/2023\/08\/1-convertir-la-date-en-mois-et-annee.png\"},{\"@type\":\"BreadcrumbList\",\"@id\":\"https:\/\/exceladvisor.org\/de\/datum-im-monat-jahr\/#breadcrumb\",\"itemListElement\":[{\"@type\":\"ListItem\",\"position\":1,\"name\":\"Accueil\",\"item\":\"https:\/\/exceladvisor.org\/de\/\"},{\"@type\":\"ListItem\",\"position\":2,\"name\":\"Wie konvertiert man das datum in monat und jahr?\"}]},{\"@type\":\"WebSite\",\"@id\":\"https:\/\/exceladvisor.org\/de\/#website\",\"url\":\"https:\/\/exceladvisor.org\/de\/\",\"name\":\"Excel Advisor\",\"description\":\"Ihr Leitfaden zur Datendominanz\",\"publisher\":{\"@id\":\"https:\/\/exceladvisor.org\/de\/#organization\"},\"potentialAction\":[{\"@type\":\"SearchAction\",\"target\":{\"@type\":\"EntryPoint\",\"urlTemplate\":\"https:\/\/exceladvisor.org\/de\/?s={search_term_string}\"},\"query-input\":{\"@type\":\"PropertyValueSpecification\",\"valueRequired\":true,\"valueName\":\"search_term_string\"}}],\"inLanguage\":\"de\"},{\"@type\":\"Organization\",\"@id\":\"https:\/\/exceladvisor.org\/de\/#organization\",\"name\":\"Excel Advisor\",\"url\":\"https:\/\/exceladvisor.org\/de\/\",\"logo\":{\"@type\":\"ImageObject\",\"inLanguage\":\"de\",\"@id\":\"https:\/\/exceladvisor.org\/de\/#\/schema\/logo\/image\/\",\"url\":\"https:\/\/exceladvisor.org\/de\/wp-content\/uploads\/2023\/11\/exceladvisor.org_.png\",\"contentUrl\":\"https:\/\/exceladvisor.org\/de\/wp-content\/uploads\/2023\/11\/exceladvisor.org_.png\",\"width\":105,\"height\":36,\"caption\":\"Excel Advisor\"},\"image\":{\"@id\":\"https:\/\/exceladvisor.org\/de\/#\/schema\/logo\/image\/\"}}]}<\/script>\n<!-- \/ Yoast SEO plugin. -->","yoast_head_json":{"title":"\u25b7 Wie konvertiert man das Datum in Monat und Jahr? (Tutorial 2023)","description":"In diesem Tutorial erfahren Sie, wie Sie eine Excel-Formel schreiben, um ein Datum in Monat und Jahr umzuwandeln. Lassen Sie uns das \u00fcberpr\u00fcfen ...","robots":{"index":"index","follow":"follow","max-snippet":"max-snippet:-1","max-image-preview":"max-image-preview:large","max-video-preview":"max-video-preview:-1"},"canonical":"https:\/\/exceladvisor.org\/de\/datum-im-monat-jahr\/","og_locale":"de_DE","og_type":"article","og_title":"\u25b7 Wie konvertiert man das Datum in Monat und Jahr? (Tutorial 2023)","og_description":"In diesem Tutorial erfahren Sie, wie Sie eine Excel-Formel schreiben, um ein Datum in Monat und Jahr umzuwandeln. Lassen Sie uns das \u00fcberpr\u00fcfen ...","og_url":"https:\/\/exceladvisor.org\/de\/datum-im-monat-jahr\/","og_site_name":"Excel Advisor","article_modified_time":"2023-12-03T13:03:53+00:00","og_image":[{"url":"https:\/\/exceladvisor.org\/wp-content\/uploads\/2023\/08\/1-convertir-la-date-en-mois-et-annee.png","type":"","width":"","height":""}],"twitter_card":"summary_large_image","twitter_misc":{"Gesch\u00e4tzte Lesezeit":"2\u00a0Minuten"},"schema":{"@context":"https:\/\/schema.org","@graph":[{"@type":"WebPage","@id":"https:\/\/exceladvisor.org\/de\/datum-im-monat-jahr\/","url":"https:\/\/exceladvisor.org\/de\/datum-im-monat-jahr\/","name":"\u25b7 Wie konvertiert man das Datum in Monat und Jahr? (Tutorial 2023)","isPartOf":{"@id":"https:\/\/exceladvisor.org\/de\/#website"},"primaryImageOfPage":{"@id":"https:\/\/exceladvisor.org\/de\/datum-im-monat-jahr\/#primaryimage"},"image":{"@id":"https:\/\/exceladvisor.org\/de\/datum-im-monat-jahr\/#primaryimage"},"thumbnailUrl":"https:\/\/exceladvisor.org\/wp-content\/uploads\/2023\/08\/1-convertir-la-date-en-mois-et-annee.png","datePublished":"2023-11-19T01:20:47+00:00","dateModified":"2023-12-03T13:03:53+00:00","description":"In diesem Tutorial erfahren Sie, wie Sie eine Excel-Formel schreiben, um ein Datum in Monat und Jahr umzuwandeln. Lassen Sie uns das \u00fcberpr\u00fcfen ...","breadcrumb":{"@id":"https:\/\/exceladvisor.org\/de\/datum-im-monat-jahr\/#breadcrumb"},"inLanguage":"de","potentialAction":[{"@type":"ReadAction","target":["https:\/\/exceladvisor.org\/de\/datum-im-monat-jahr\/"]}]},{"@type":"ImageObject","inLanguage":"de","@id":"https:\/\/exceladvisor.org\/de\/datum-im-monat-jahr\/#primaryimage","url":"https:\/\/exceladvisor.org\/wp-content\/uploads\/2023\/08\/1-convertir-la-date-en-mois-et-annee.png","contentUrl":"https:\/\/exceladvisor.org\/wp-content\/uploads\/2023\/08\/1-convertir-la-date-en-mois-et-annee.png"},{"@type":"BreadcrumbList","@id":"https:\/\/exceladvisor.org\/de\/datum-im-monat-jahr\/#breadcrumb","itemListElement":[{"@type":"ListItem","position":1,"name":"Accueil","item":"https:\/\/exceladvisor.org\/de\/"},{"@type":"ListItem","position":2,"name":"Wie konvertiert man das datum in monat und jahr?"}]},{"@type":"WebSite","@id":"https:\/\/exceladvisor.org\/de\/#website","url":"https:\/\/exceladvisor.org\/de\/","name":"Excel Advisor","description":"Ihr Leitfaden zur Datendominanz","publisher":{"@id":"https:\/\/exceladvisor.org\/de\/#organization"},"potentialAction":[{"@type":"SearchAction","target":{"@type":"EntryPoint","urlTemplate":"https:\/\/exceladvisor.org\/de\/?s={search_term_string}"},"query-input":{"@type":"PropertyValueSpecification","valueRequired":true,"valueName":"search_term_string"}}],"inLanguage":"de"},{"@type":"Organization","@id":"https:\/\/exceladvisor.org\/de\/#organization","name":"Excel Advisor","url":"https:\/\/exceladvisor.org\/de\/","logo":{"@type":"ImageObject","inLanguage":"de","@id":"https:\/\/exceladvisor.org\/de\/#\/schema\/logo\/image\/","url":"https:\/\/exceladvisor.org\/de\/wp-content\/uploads\/2023\/11\/exceladvisor.org_.png","contentUrl":"https:\/\/exceladvisor.org\/de\/wp-content\/uploads\/2023\/11\/exceladvisor.org_.png","width":105,"height":36,"caption":"Excel Advisor"},"image":{"@id":"https:\/\/exceladvisor.org\/de\/#\/schema\/logo\/image\/"}}]}},"yoast_meta":{"yoast_wpseo_title":"","yoast_wpseo_metadesc":"","yoast_wpseo_canonical":""},"_links":{"self":[{"href":"https:\/\/exceladvisor.org\/de\/wp-json\/wp\/v2\/pages\/3003","targetHints":{"allow":["GET"]}}],"collection":[{"href":"https:\/\/exceladvisor.org\/de\/wp-json\/wp\/v2\/pages"}],"about":[{"href":"https:\/\/exceladvisor.org\/de\/wp-json\/wp\/v2\/types\/page"}],"author":[{"embeddable":true,"href":"https:\/\/exceladvisor.org\/de\/wp-json\/wp\/v2\/users\/1"}],"replies":[{"embeddable":true,"href":"https:\/\/exceladvisor.org\/de\/wp-json\/wp\/v2\/comments?post=3003"}],"version-history":[{"count":1,"href":"https:\/\/exceladvisor.org\/de\/wp-json\/wp\/v2\/pages\/3003\/revisions"}],"predecessor-version":[{"id":4124,"href":"https:\/\/exceladvisor.org\/de\/wp-json\/wp\/v2\/pages\/3003\/revisions\/4124"}],"wp:attachment":[{"href":"https:\/\/exceladvisor.org\/de\/wp-json\/wp\/v2\/media?parent=3003"}],"curies":[{"name":"wp","href":"https:\/\/api.w.org\/{rel}","templated":true}]}}