{"id":3005,"date":"2023-11-18T18:26:38","date_gmt":"2023-11-18T18:26:38","guid":{"rendered":"https:\/\/exceladvisor.org\/de\/pi-symbol\/"},"modified":"2023-12-03T11:20:24","modified_gmt":"2023-12-03T11:20:24","slug":"pi-symbol","status":"publish","type":"page","link":"https:\/\/exceladvisor.org\/de\/pi-symbol\/","title":{"rendered":"Wie f\u00fcge ich das pi (\u03c0)-symbol in excel ein?"},"content":{"rendered":"<div class=\"excel-vor-dem-inhalt\" id=\"excel-533833922\"><script type=\"text\/javascript\">\r\n\tatOptions = {\r\n\t\t'key' : 'c1158f160081d6540a8409e6925dab94',\r\n\t\t'format' : 'iframe',\r\n\t\t'height' : 250,\r\n\t\t'width' : 300,\r\n\t\t'params' : {}\r\n\t};\r\n<\/script>\r\n<script type=\"text\/javascript\" src=\"\/\/www.highperformanceformat.com\/c1158f160081d6540a8409e6925dab94\/invoke.js\"><\/script><\/div> <p>PI <strong>\u03c0<\/strong> ist ein konstanter mathematischer Wert, der in Gleichungen verwendet wird, die sich auf runde oder kugelf\u00f6rmige Dinge beziehen, bei denen es sich um Geb\u00e4ude, Umlaufbahnen, Planeten usw. handeln kann. um die Fl\u00e4che und den Umfang dieser Dinge zu ermitteln.<\/p><p> In Excel gibt es mehrere M\u00f6glichkeiten, das PI-Symbol in das Arbeitsblatt einzuf\u00fcgen. Hier zeigen wir Ihnen, wie Sie es einf\u00fcgen.<\/p><h2 class=\"wp-block-heading\"> F\u00fcgen Sie ein PI-Symbol aus dem Dialogfeld \u201eSymbol\u201c ein<\/h2><ol><li> W\u00e4hlen Sie zun\u00e4chst die Zelle aus, in die Sie das \u201ePi\u201c-Symbol einf\u00fcgen m\u00f6chten, und wechseln Sie dann zur Registerkarte \u201eEinf\u00fcgen\u201c.<\/li><li> Klicken Sie anschlie\u00dfend im Men\u00fcband unter der Gruppe \u201eSymbole\u201c auf das Symbol \u201eSymbol\u201c, um das Symboldialogfeld zu \u00f6ffnen. <br><img loading=\"lazy\" decoding=\"async\" title=\"1-Symbol-Pi einf\u00fcgen\" src=\"https:\/\/exceladvisor.org\/wp-content\/uploads\/2023\/08\/1-inserer-le-symbole-pi.png\" sizes=\"auto, \" srcset=\"\" alt=\"insert-pi-symbol\" width=\"635\" height=\"214\"><\/li><li> W\u00e4hlen Sie im Symboldialogfeld im Feld \u201evon\u201c \u201eUnicode (hex)\u201c aus.<\/li><li> Scrollen Sie nun von der rechten Bildlaufleiste nach unten, w\u00e4hlen Sie das Symbol \u201ePi\u201c aus und klicken Sie dann auf die Schaltfl\u00e4che \u201eEinf\u00fcgen\u201c, um es einzuf\u00fcgen. <br><img loading=\"lazy\" decoding=\"async\" title=\"2-Symbol-Dialogfeld zur Auswahl des Pi-Symbols\" src=\"https:\/\/exceladvisor.org\/wp-content\/uploads\/2023\/08\/Boite-de-dialogue-a-2-symboles-pour-choisir-le-symbole-pi.png\" sizes=\"auto, \" srcset=\"\" alt=\"symbol-dialog-box-to-choose-pi-symbol\" width=\"454\" height=\"347\"><\/li><li> Klicken Sie nach dem Einf\u00fcgen auf die Schaltfl\u00e4che \u201eSchlie\u00dfen\u201c, um das Dialogfeld zu schlie\u00dfen. <br><img loading=\"lazy\" decoding=\"async\" title=\"3-Dialogfeld-Schlie\u00dfen-Symbol\" src=\"https:\/\/exceladvisor.org\/wp-content\/uploads\/2023\/08\/3-fermer-la-boite-de-dialogue-du-symbole.png\" sizes=\"auto, \" srcset=\"\" alt=\"close-the-symbol-dialog-box\" width=\"454\" height=\"355\"><\/li><\/ol><h2 class=\"wp-block-heading\"> F\u00fcgen Sie mit der Alt-Taste ein PI-Symbol ein<\/h2><p> Die unten beschriebene Methode mit der \u201eALT\u201c-Taste zum Einf\u00fcgen dieses Symbols funktioniert nur, wenn Ihre Tastatur \u00fcber einen Ziffernblock verf\u00fcgt.<\/p><ol type=\"1\"><li> W\u00e4hlen Sie zun\u00e4chst eine Zelle aus.<\/li><li> Halten Sie anschlie\u00dfend die <kbd>Alt-<\/kbd> Taste gedr\u00fcckt.<\/li><li> Dr\u00fccken Sie dann die Zahl \u201e <kbd>0<\/kbd> <kbd>2<\/kbd> <kbd>2<\/kbd> <kbd>7<\/kbd> \u201c nur \u00fcber den Ziffernblock.<\/li><li> Lassen Sie nun die \u201eAlt\u201c-Taste los und das Symbol wird in die Zelle eingef\u00fcgt. <\/li><\/ol><div class=\"wp-block-image\"><figure class=\"aligncenter size-full is-resized\"><img loading=\"lazy\" decoding=\"async\" class=\"wp-image-84782\" src=\"https:\/\/exceladvisor.org\/wp-content\/uploads\/2023\/08\/4-inserer-le-symbole-pi-a-laide-de-la-touche-alt.png\" sizes=\"auto, \" srcset=\"\" alt=\"F\u00fcgen Sie das Pi-Symbol mit der Alt-Taste ein\" width=\"236\" height=\"104\"><\/figure><\/div><h2 class=\"wp-block-heading\"> F\u00fcgen Sie ein PI-Symbol mit AutoKorrektur in Excel ein<\/h2><p> Wenn Sie das \u201ePi\u201c-Symbol h\u00e4ufig verwenden, ist diese \u201e <a href=\"https:\/\/exceladvisor.org\/de\/autokorrektur\/\">AutoKorrektur<\/a> \u201c-Methode m\u00f6glicherweise schnell.<\/p><ol><li> Gehen Sie zun\u00e4chst im Men\u00fcband auf die Registerkarte \u201eDatei\u201c, klicken Sie dann auf \u201eOptionen\u201c und das Dialogfeld \u201eExcel-Optionen\u201c wird ge\u00f6ffnet.<\/li><li> Klicken Sie anschlie\u00dfend im linken Bereich auf \u201eProofing\u201c und dann auf \u201eAutoCorrect-Optionen\u201c. <br><img loading=\"lazy\" decoding=\"async\" title=\"5 Autokorrektur-Blendenoptionen\" src=\"https:\/\/exceladvisor.org\/wp-content\/uploads\/2023\/08\/5-options-de-correction-automatique-ouvertes.png\" sizes=\"auto, \" srcset=\"\" alt=\"open-autocorrect-options\" width=\"506\" height=\"384\"><\/li><li> Um nun ein beliebiges Wort durch das Symbol \u201ePi\u201c zu ersetzen, geben Sie das Wort in die Eingabeleiste \u201eErsetzen\u201c und das Symbol \u201ePi\u201c mit den Tasten \u201eAlt +227\u201c in die Eingabeleiste \u201eMit\u201c ein.<\/li><li> Wenn Sie fertig sind, klicken Sie auf OK, um es zu speichern. <br><img loading=\"lazy\" decoding=\"async\" title=\"6-ersetze-den-text-durch-das-pi-symbol\" src=\"https:\/\/exceladvisor.org\/wp-content\/uploads\/2023\/08\/6-remplacer-le-texte-par-le-symbole-pi.png\" sizes=\"auto, \" srcset=\"\" alt=\"replace-text-with-pi-symbol\" width=\"330\" height=\"412\"><\/li><\/ol><p> Wie Sie im Bild oben sehen k\u00f6nnen, haben wir \u201ePI\u201c in Gro\u00dfbuchstaben eingegeben und durch das Symbol \u201ePi\u201c ersetzt. Daher wird es jetzt, wann immer wir das Wort \u201ePI\u201c eingeben, durch das Symbol \u201ePi\u201c ersetzt.<\/p><h2 class=\"wp-block-heading\"> F\u00fcgen Sie ein PI-Symbol mit dem Schriftstil ein<\/h2><p> PI hat ein unterschiedliches Symbol in Klein- und Gro\u00dfbuchstaben.<\/p><ol><li> Geben Sie zun\u00e4chst in der Zelle das Alphabet \u201eP\u201c in Kleinbuchstaben ein, wenn Sie das Kleinbuchstabensymbol \u201ePi\u201c w\u00fcnschen, oder geben Sie das \u201eP\u201c in Gro\u00dfbuchstaben ein, wenn Sie das Gro\u00dfbuchstabensymbol \u201ePi\u201c w\u00fcnschen.<\/li><li> Gehen Sie danach zur Registerkarte \u201eStartseite\u201c, \u00e4ndern Sie dann den Stil \u201eSchriftart\u201c in \u201eSymbol\u201c und das Alphabet \u201eP\u201c wird in das Symbol \u201ePi\u201c umgewandelt. <\/li><\/ol><div class=\"wp-block-image\"><figure class=\"aligncenter size-full is-resized\"><img loading=\"lazy\" decoding=\"async\" class=\"wp-image-84785\" src=\"https:\/\/exceladvisor.org\/wp-content\/uploads\/2023\/08\/7-inserer-le-symbole-pi-en-utilisant-le-style-de-police.png\" sizes=\"auto, \" srcset=\"\" alt=\"Einf\u00fcgen-Pi-Symbol-mit-Schriftart\" width=\"342\" height=\"284\"><\/figure><\/div><p> Im Screenshot oben haben wir \u201eP\u201c sowohl in Klein- als auch in Gro\u00dfbuchstaben eingegeben, um Ihnen zu zeigen, wie das \u201ePi\u201c-Symbol in Gro\u00df- und Kleinschreibung aussieht.<\/p><h2 class=\"wp-block-heading\"> Kommentare<\/h2><ul><li> F\u00fcr Mac-Benutzer dr\u00fccken Sie einfach die Tastenkombination \u201eWahl + P\u201c, um das \u201ePi\u201c-Symbol in die Tabelle einzuf\u00fcgen.<\/li><li> Um das Symbol in mehrere Zellen einzuf\u00fcgen, verwenden Sie einfach die Option \u201eKopieren und Einf\u00fcgen\u201c oder klicken Sie auf den \u201eAusf\u00fcllpunkt\u201c und ziehen Sie die Zelle per Drag &amp; Drop.<\/li><\/ul><div class=\"gb-container gb-container-4db6181c gb-container-mt\"> <a class=\"gb-button gb-button-c5897111 gb-button-text gb-button-mt-button\" href=\"https:\/\/exceladvisor.org\/de\/excel-grundlagen\/\">Microsoft Excel-Grundlagen (Komponenten, Teile und Wissenshinweise)<\/a><h2 class=\"gb-headline gb-headline-665e5f6b gb-headline-text gb-headline-mt-heading\"> Verwandte Tutorials <\/h2><div class=\"gb-grid-wrapper gb-grid-wrapper-a20baf7c gb-grid-wrapper-mt-grid\"><div class=\"gb-grid-column gb-grid-column-65ddf67e\"><div class=\"gb-container gb-container-65ddf67e\"><ul><li> <a href=\"https:\/\/exceladvisor.org\/de\/buchhaltungsnummernformat\/\">Wenden Sie das Buchhaltungsnummernformat in Excel an<\/a><\/li><li> <a href=\"https:\/\/exceladvisor.org\/de\/zellfarbe\/\">Wenden Sie eine Hintergrundfarbe auf eine Zelle oder das gesamte Blatt in Excel an<\/a><\/li><li> <a href=\"https:\/\/exceladvisor.org\/de\/das-gitter\/\">Excel-Gitternetzlinien drucken (l\u00f6schen, k\u00fcrzen und Farbe \u00e4ndern)<\/a><\/li><li> <a href=\"https:\/\/exceladvisor.org\/de\/fugen-sie-eine-seitenzahl-hinzu\/\">F\u00fcgen Sie in Excel eine Seitenzahl hinzu<\/a><\/li><li> <a href=\"https:\/\/exceladvisor.org\/de\/komma-stil-anwenden\/\">Wenden Sie den Kommastil in Excel an<\/a> <\/li><\/ul><\/div><\/div><div class=\"gb-grid-column gb-grid-column-50067b57\"><div class=\"gb-container gb-container-50067b57\"><\/div><\/div><\/div><\/div>","protected":false},"excerpt":{"rendered":"","protected":false},"author":1,"featured_media":0,"parent":0,"menu_order":0,"comment_status":"open","ping_status":"closed","template":"","meta":{"ub_ctt_via":"","footnotes":""},"class_list":["post-3005","page","type-page","status-publish","hentry"],"featured_image_src":null,"yoast_head":"<!-- This site is optimized with the Yoast SEO plugin v25.4 - https:\/\/yoast.com\/wordpress\/plugins\/seo\/ -->\n<title>Wie f\u00fcge ich das PI (\u03c0)-Symbol in Excel ein? (Tutorial 2023)<\/title>\n<meta name=\"description\" content=\"Diese Kurzanleitung hilft Ihnen bei der Eingabe des Pi-Symbols in eine Zelle in Excel. Und wir werden es in leicht verst\u00e4ndlichen Schritten besprechen.\" \/>\n<meta name=\"robots\" content=\"index, follow, max-snippet:-1, max-image-preview:large, max-video-preview:-1\" \/>\n<link rel=\"canonical\" href=\"https:\/\/exceladvisor.org\/de\/pi-symbol\/\" \/>\n<meta property=\"og:locale\" content=\"de_DE\" \/>\n<meta property=\"og:type\" content=\"article\" \/>\n<meta property=\"og:title\" content=\"Wie f\u00fcge ich das PI (\u03c0)-Symbol in Excel ein? (Tutorial 2023)\" \/>\n<meta property=\"og:description\" content=\"Diese Kurzanleitung hilft Ihnen bei der Eingabe des Pi-Symbols in eine Zelle in Excel. Und wir werden es in leicht verst\u00e4ndlichen Schritten besprechen.\" \/>\n<meta property=\"og:url\" content=\"https:\/\/exceladvisor.org\/de\/pi-symbol\/\" \/>\n<meta property=\"og:site_name\" content=\"Excel Advisor\" \/>\n<meta property=\"article:modified_time\" content=\"2023-12-03T11:20:24+00:00\" \/>\n<meta property=\"og:image\" content=\"https:\/\/exceladvisor.org\/wp-content\/uploads\/2023\/08\/1-inserer-le-symbole-pi.png\" \/>\n<meta name=\"twitter:card\" content=\"summary_large_image\" \/>\n<meta name=\"twitter:label1\" content=\"Gesch\u00e4tzte Lesezeit\" \/>\n\t<meta name=\"twitter:data1\" content=\"3\u00a0Minuten\" \/>\n<script type=\"application\/ld+json\" class=\"yoast-schema-graph\">{\"@context\":\"https:\/\/schema.org\",\"@graph\":[{\"@type\":\"WebPage\",\"@id\":\"https:\/\/exceladvisor.org\/de\/pi-symbol\/\",\"url\":\"https:\/\/exceladvisor.org\/de\/pi-symbol\/\",\"name\":\"Wie f\u00fcge ich das PI (\u03c0)-Symbol in Excel ein? (Tutorial 2023)\",\"isPartOf\":{\"@id\":\"https:\/\/exceladvisor.org\/de\/#website\"},\"primaryImageOfPage\":{\"@id\":\"https:\/\/exceladvisor.org\/de\/pi-symbol\/#primaryimage\"},\"image\":{\"@id\":\"https:\/\/exceladvisor.org\/de\/pi-symbol\/#primaryimage\"},\"thumbnailUrl\":\"https:\/\/exceladvisor.org\/wp-content\/uploads\/2023\/08\/1-inserer-le-symbole-pi.png\",\"datePublished\":\"2023-11-18T18:26:38+00:00\",\"dateModified\":\"2023-12-03T11:20:24+00:00\",\"description\":\"Diese Kurzanleitung hilft Ihnen bei der Eingabe des Pi-Symbols in eine Zelle in Excel. Und wir werden es in leicht verst\u00e4ndlichen Schritten besprechen.\",\"breadcrumb\":{\"@id\":\"https:\/\/exceladvisor.org\/de\/pi-symbol\/#breadcrumb\"},\"inLanguage\":\"de\",\"potentialAction\":[{\"@type\":\"ReadAction\",\"target\":[\"https:\/\/exceladvisor.org\/de\/pi-symbol\/\"]}]},{\"@type\":\"ImageObject\",\"inLanguage\":\"de\",\"@id\":\"https:\/\/exceladvisor.org\/de\/pi-symbol\/#primaryimage\",\"url\":\"https:\/\/exceladvisor.org\/wp-content\/uploads\/2023\/08\/1-inserer-le-symbole-pi.png\",\"contentUrl\":\"https:\/\/exceladvisor.org\/wp-content\/uploads\/2023\/08\/1-inserer-le-symbole-pi.png\"},{\"@type\":\"BreadcrumbList\",\"@id\":\"https:\/\/exceladvisor.org\/de\/pi-symbol\/#breadcrumb\",\"itemListElement\":[{\"@type\":\"ListItem\",\"position\":1,\"name\":\"Accueil\",\"item\":\"https:\/\/exceladvisor.org\/de\/\"},{\"@type\":\"ListItem\",\"position\":2,\"name\":\"Wie f\u00fcge ich das pi (\u03c0)-symbol in excel ein?\"}]},{\"@type\":\"WebSite\",\"@id\":\"https:\/\/exceladvisor.org\/de\/#website\",\"url\":\"https:\/\/exceladvisor.org\/de\/\",\"name\":\"Excel Advisor\",\"description\":\"Ihr Leitfaden zur Datendominanz\",\"publisher\":{\"@id\":\"https:\/\/exceladvisor.org\/de\/#organization\"},\"potentialAction\":[{\"@type\":\"SearchAction\",\"target\":{\"@type\":\"EntryPoint\",\"urlTemplate\":\"https:\/\/exceladvisor.org\/de\/?s={search_term_string}\"},\"query-input\":{\"@type\":\"PropertyValueSpecification\",\"valueRequired\":true,\"valueName\":\"search_term_string\"}}],\"inLanguage\":\"de\"},{\"@type\":\"Organization\",\"@id\":\"https:\/\/exceladvisor.org\/de\/#organization\",\"name\":\"Excel Advisor\",\"url\":\"https:\/\/exceladvisor.org\/de\/\",\"logo\":{\"@type\":\"ImageObject\",\"inLanguage\":\"de\",\"@id\":\"https:\/\/exceladvisor.org\/de\/#\/schema\/logo\/image\/\",\"url\":\"https:\/\/exceladvisor.org\/de\/wp-content\/uploads\/2023\/11\/exceladvisor.org_.png\",\"contentUrl\":\"https:\/\/exceladvisor.org\/de\/wp-content\/uploads\/2023\/11\/exceladvisor.org_.png\",\"width\":105,\"height\":36,\"caption\":\"Excel Advisor\"},\"image\":{\"@id\":\"https:\/\/exceladvisor.org\/de\/#\/schema\/logo\/image\/\"}}]}<\/script>\n<!-- \/ Yoast SEO plugin. -->","yoast_head_json":{"title":"Wie f\u00fcge ich das PI (\u03c0)-Symbol in Excel ein? (Tutorial 2023)","description":"Diese Kurzanleitung hilft Ihnen bei der Eingabe des Pi-Symbols in eine Zelle in Excel. Und wir werden es in leicht verst\u00e4ndlichen Schritten besprechen.","robots":{"index":"index","follow":"follow","max-snippet":"max-snippet:-1","max-image-preview":"max-image-preview:large","max-video-preview":"max-video-preview:-1"},"canonical":"https:\/\/exceladvisor.org\/de\/pi-symbol\/","og_locale":"de_DE","og_type":"article","og_title":"Wie f\u00fcge ich das PI (\u03c0)-Symbol in Excel ein? (Tutorial 2023)","og_description":"Diese Kurzanleitung hilft Ihnen bei der Eingabe des Pi-Symbols in eine Zelle in Excel. Und wir werden es in leicht verst\u00e4ndlichen Schritten besprechen.","og_url":"https:\/\/exceladvisor.org\/de\/pi-symbol\/","og_site_name":"Excel Advisor","article_modified_time":"2023-12-03T11:20:24+00:00","og_image":[{"url":"https:\/\/exceladvisor.org\/wp-content\/uploads\/2023\/08\/1-inserer-le-symbole-pi.png","type":"","width":"","height":""}],"twitter_card":"summary_large_image","twitter_misc":{"Gesch\u00e4tzte Lesezeit":"3\u00a0Minuten"},"schema":{"@context":"https:\/\/schema.org","@graph":[{"@type":"WebPage","@id":"https:\/\/exceladvisor.org\/de\/pi-symbol\/","url":"https:\/\/exceladvisor.org\/de\/pi-symbol\/","name":"Wie f\u00fcge ich das PI (\u03c0)-Symbol in Excel ein? (Tutorial 2023)","isPartOf":{"@id":"https:\/\/exceladvisor.org\/de\/#website"},"primaryImageOfPage":{"@id":"https:\/\/exceladvisor.org\/de\/pi-symbol\/#primaryimage"},"image":{"@id":"https:\/\/exceladvisor.org\/de\/pi-symbol\/#primaryimage"},"thumbnailUrl":"https:\/\/exceladvisor.org\/wp-content\/uploads\/2023\/08\/1-inserer-le-symbole-pi.png","datePublished":"2023-11-18T18:26:38+00:00","dateModified":"2023-12-03T11:20:24+00:00","description":"Diese Kurzanleitung hilft Ihnen bei der Eingabe des Pi-Symbols in eine Zelle in Excel. Und wir werden es in leicht verst\u00e4ndlichen Schritten besprechen.","breadcrumb":{"@id":"https:\/\/exceladvisor.org\/de\/pi-symbol\/#breadcrumb"},"inLanguage":"de","potentialAction":[{"@type":"ReadAction","target":["https:\/\/exceladvisor.org\/de\/pi-symbol\/"]}]},{"@type":"ImageObject","inLanguage":"de","@id":"https:\/\/exceladvisor.org\/de\/pi-symbol\/#primaryimage","url":"https:\/\/exceladvisor.org\/wp-content\/uploads\/2023\/08\/1-inserer-le-symbole-pi.png","contentUrl":"https:\/\/exceladvisor.org\/wp-content\/uploads\/2023\/08\/1-inserer-le-symbole-pi.png"},{"@type":"BreadcrumbList","@id":"https:\/\/exceladvisor.org\/de\/pi-symbol\/#breadcrumb","itemListElement":[{"@type":"ListItem","position":1,"name":"Accueil","item":"https:\/\/exceladvisor.org\/de\/"},{"@type":"ListItem","position":2,"name":"Wie f\u00fcge ich das pi (\u03c0)-symbol in excel ein?"}]},{"@type":"WebSite","@id":"https:\/\/exceladvisor.org\/de\/#website","url":"https:\/\/exceladvisor.org\/de\/","name":"Excel Advisor","description":"Ihr Leitfaden zur Datendominanz","publisher":{"@id":"https:\/\/exceladvisor.org\/de\/#organization"},"potentialAction":[{"@type":"SearchAction","target":{"@type":"EntryPoint","urlTemplate":"https:\/\/exceladvisor.org\/de\/?s={search_term_string}"},"query-input":{"@type":"PropertyValueSpecification","valueRequired":true,"valueName":"search_term_string"}}],"inLanguage":"de"},{"@type":"Organization","@id":"https:\/\/exceladvisor.org\/de\/#organization","name":"Excel Advisor","url":"https:\/\/exceladvisor.org\/de\/","logo":{"@type":"ImageObject","inLanguage":"de","@id":"https:\/\/exceladvisor.org\/de\/#\/schema\/logo\/image\/","url":"https:\/\/exceladvisor.org\/de\/wp-content\/uploads\/2023\/11\/exceladvisor.org_.png","contentUrl":"https:\/\/exceladvisor.org\/de\/wp-content\/uploads\/2023\/11\/exceladvisor.org_.png","width":105,"height":36,"caption":"Excel Advisor"},"image":{"@id":"https:\/\/exceladvisor.org\/de\/#\/schema\/logo\/image\/"}}]}},"yoast_meta":{"yoast_wpseo_title":"","yoast_wpseo_metadesc":"","yoast_wpseo_canonical":""},"_links":{"self":[{"href":"https:\/\/exceladvisor.org\/de\/wp-json\/wp\/v2\/pages\/3005","targetHints":{"allow":["GET"]}}],"collection":[{"href":"https:\/\/exceladvisor.org\/de\/wp-json\/wp\/v2\/pages"}],"about":[{"href":"https:\/\/exceladvisor.org\/de\/wp-json\/wp\/v2\/types\/page"}],"author":[{"embeddable":true,"href":"https:\/\/exceladvisor.org\/de\/wp-json\/wp\/v2\/users\/1"}],"replies":[{"embeddable":true,"href":"https:\/\/exceladvisor.org\/de\/wp-json\/wp\/v2\/comments?post=3005"}],"version-history":[{"count":1,"href":"https:\/\/exceladvisor.org\/de\/wp-json\/wp\/v2\/pages\/3005\/revisions"}],"predecessor-version":[{"id":4004,"href":"https:\/\/exceladvisor.org\/de\/wp-json\/wp\/v2\/pages\/3005\/revisions\/4004"}],"wp:attachment":[{"href":"https:\/\/exceladvisor.org\/de\/wp-json\/wp\/v2\/media?parent=3005"}],"curies":[{"name":"wp","href":"https:\/\/api.w.org\/{rel}","templated":true}]}}