{"id":3009,"date":"2023-11-18T05:46:34","date_gmt":"2023-11-18T05:46:34","guid":{"rendered":"https:\/\/exceladvisor.org\/de\/hervorhebung-zwischen-zwei-daten\/"},"modified":"2023-12-03T11:21:41","modified_gmt":"2023-12-03T11:21:41","slug":"hervorhebung-zwischen-zwei-daten","status":"publish","type":"page","link":"https:\/\/exceladvisor.org\/de\/hervorhebung-zwischen-zwei-daten\/","title":{"rendered":"Wie hebe ich daten zwischen zwei daten hervor?"},"content":{"rendered":"<div class=\"excel-vor-dem-inhalt\" id=\"excel-3944434479\"><script type=\"text\/javascript\">\r\n\tatOptions = {\r\n\t\t'key' : 'c1158f160081d6540a8409e6925dab94',\r\n\t\t'format' : 'iframe',\r\n\t\t'height' : 250,\r\n\t\t'width' : 300,\r\n\t\t'params' : {}\r\n\t};\r\n<\/script>\r\n<script type=\"text\/javascript\" src=\"\/\/www.highperformanceformat.com\/c1158f160081d6540a8409e6925dab94\/invoke.js\"><\/script><\/div> <p>Sie haben Daten in der Spalte und m\u00f6chten alle Daten innerhalb der beiden Datumsbereiche hervorheben.<\/p><p> Angenommen, Sie haben als Startdatum den 17. Januar 2025 und als Enddatum den 19. M\u00e4rz 2025 und m\u00f6chten in der Datumsspalte alle Zellen hervorheben, in denen das Datum zwischen diesen beiden Daten liegt.<\/p><p> Am einfachsten geht das mit der bedingten Formatierung. Sie k\u00f6nnen eine Formel verwenden, die auf den Funktionen UND und DATUM basiert. Erstellen Sie mit dieser Formel einfach eine neue Regel f\u00fcr die bedingte Formatierung. Folgen wir diesen Schritten.<\/p><h2 class=\"wp-block-heading\"> Schritte zur Verwendung von CF zum Hervorheben von Daten zwischen zwei Daten<\/h2><ul><li> W\u00e4hlen Sie zun\u00e4chst den Bereich oder die Spalte (A2:A20) aus, in dem Sie Datumsangaben haben.<\/li><li> Gehen Sie nun zur Registerkarte \u201eStartseite\u201c \u21e2 Stile \u21e2 Bedingte Formatierung \u21e2 Neue Regel. <\/li><\/ul><div class=\"wp-block-image\"><figure class=\"aligncenter\"><img decoding=\"async\" src=\"https:\/\/exceladvisor.org\/wp-content\/uploads\/2023\/08\/cliquez-sur-la-regle-de-formule-pour-mettre-en-surbrillance-les-dates-entre-deux-dates.png\" sizes=\"\" srcset=\"\" alt=\"Klicken Sie auf die Formelregel, um die Daten zwischen zwei Daten hervorzuheben\"><\/figure><\/div><ul><li> W\u00e4hlen Sie dort im Fenster \u201eNeue Regel\u201c die Option \u201eFormel verwenden, um zu bestimmen, welche Zelle formatiert werden soll\u201c.<\/li><li> Geben Sie anschlie\u00dfend in der Formeleingabeleiste die folgende Formel ein.<\/li><li> W\u00e4hlen Sie abschlie\u00dfend aus der Formatierungsoption eine Farbe aus, die Sie auf die Zellen anwenden m\u00f6chten. <\/li><\/ul><div class=\"wp-block-image\"><figure class=\"aligncenter\"><img decoding=\"async\" src=\"https:\/\/exceladvisor.org\/wp-content\/uploads\/2023\/08\/ajouter-une-formule-pour-mettre-en-evidence-les-dates-entre-deux-dates.png\" sizes=\"\" srcset=\"\" alt=\"F\u00fcgen Sie eine Formel hinzu, um Daten zwischen zwei Daten hervorzuheben.png\"><\/figure><\/div><ul><li> Klicken Sie am Ende auf OK.<\/li><\/ul><p> Sobald Sie auf \u201eOK\u201c klicken, werden alle Zellen mit Datumsangaben innerhalb des von Ihnen genannten Bereichs mit der von Ihnen angegebenen Farbe formatiert. <\/p><div class=\"wp-block-image\"><figure class=\"aligncenter\"><img decoding=\"async\" src=\"https:\/\/exceladvisor.org\/wp-content\/uploads\/2023\/08\/surligner-les-dates-entre-deux-dates-dans-une-colonne.png\" sizes=\"\" srcset=\"\" alt=\"Markieren Sie Daten zwischen zwei Daten in einer Spalte\"><\/figure><\/div><h2 class=\"wp-block-heading\"> Wie funktioniert diese CF-Formel?<\/h2><p> Die AND-Funktion kann mehrere Bedingungen annehmen und gibt TRUE zur\u00fcck, wenn alle Bedingungen TRUE sind, andernfalls FALSE.<\/p><p> Wenn Sie <a href=\"https:\/\/exceladvisor.org\/de\/formeln-1\/\" data-wpil=\"url\">diese Formel also in der bedingten Formatierung verwenden<\/a> , pr\u00fcft sie das Datum in der Zelle und gibt TRUE zur\u00fcck, wenn dieses Datum innerhalb des Datumsbereichs liegt. Mit diesem TRUE wendet die bedingte Formatierung eine Farbe auf alle Zellen mit Datumsangaben an.<\/p><div class=\"gb-container gb-container-0df56012 gb-container-mt\"> <a class=\"gb-button gb-button-f9f432f4 gb-button-text gb-button-mt-button\" href=\"https:\/\/exceladvisor.org\/de\/formeln\/\">Liste der Excel-Formeln<\/a><h2 class=\"gb-headline gb-headline-233444e8 gb-headline-text gb-headline-mt-heading\"> Verwandte Formeln <\/h2><div class=\"gb-grid-wrapper gb-grid-wrapper-a16fa65c gb-grid-wrapper-mt-grid\"><div class=\"gb-grid-column gb-grid-column-50d07e0d\"><div class=\"gb-container gb-container-50d07e0d\"><ul><li> <a href=\"https:\/\/exceladvisor.org\/de\/vergleichen-sie-zwei-daten\/\">Vergleichen Sie zwei Daten in Excel<\/a><\/li><li> <a href=\"https:\/\/exceladvisor.org\/de\/datum-in-zahl-umwandeln\/\">Konvertieren Sie ein Datum in eine Zahl in Excel<\/a><\/li><li> <a href=\"https:\/\/exceladvisor.org\/de\/text-bis-heute\/\">Konvertieren Sie Text in Excel in ein Datum<\/a> <\/li><\/ul><\/div><\/div><div class=\"gb-grid-column gb-grid-column-5b4a0cf9\"><div class=\"gb-container gb-container-5b4a0cf9\"><ul><li> <a href=\"https:\/\/exceladvisor.org\/de\/zwei-daten-verketten\/\">Verketten Sie schnell zwei Daten in Excel<\/a><\/li><li> <a href=\"https:\/\/exceladvisor.org\/de\/zufallsdatengenerator\/\">Zufallsdatumsgenerator (Excel-Formel) in Excel<\/a><\/li><li> <a href=\"https:\/\/exceladvisor.org\/de\/kombinieren-sie-datum-und-uhrzeit\/\">Kombinieren Sie Datum und Uhrzeit in Excel<\/a><\/li><\/ul><\/div><\/div><\/div><\/div>","protected":false},"excerpt":{"rendered":"","protected":false},"author":1,"featured_media":0,"parent":0,"menu_order":0,"comment_status":"open","ping_status":"closed","template":"","meta":{"ub_ctt_via":"","footnotes":""},"class_list":["post-3009","page","type-page","status-publish","hentry"],"featured_image_src":null,"yoast_head":"<!-- This site is optimized with the Yoast SEO plugin v25.4 - https:\/\/yoast.com\/wordpress\/plugins\/seo\/ -->\n<title>Wie hebe ich Daten zwischen zwei Daten hervor?<\/title>\n<meta name=\"description\" content=\"Wenn Sie ein Startdatum vom 17. Januar 2025 und ein Enddatum vom 19. M\u00e4rz 2025 haben und aus einer Spalte, die Sie eingeben m\u00f6chten\" \/>\n<meta name=\"robots\" content=\"index, follow, max-snippet:-1, max-image-preview:large, max-video-preview:-1\" \/>\n<link rel=\"canonical\" href=\"https:\/\/exceladvisor.org\/de\/hervorhebung-zwischen-zwei-daten\/\" \/>\n<meta property=\"og:locale\" content=\"de_DE\" \/>\n<meta property=\"og:type\" content=\"article\" \/>\n<meta property=\"og:title\" content=\"Wie hebe ich Daten zwischen zwei Daten hervor?\" \/>\n<meta property=\"og:description\" content=\"Wenn Sie ein Startdatum vom 17. Januar 2025 und ein Enddatum vom 19. M\u00e4rz 2025 haben und aus einer Spalte, die Sie eingeben m\u00f6chten\" \/>\n<meta property=\"og:url\" content=\"https:\/\/exceladvisor.org\/de\/hervorhebung-zwischen-zwei-daten\/\" \/>\n<meta property=\"og:site_name\" content=\"Excel Advisor\" \/>\n<meta property=\"article:modified_time\" content=\"2023-12-03T11:21:41+00:00\" \/>\n<meta property=\"og:image\" content=\"https:\/\/exceladvisor.org\/wp-content\/uploads\/2023\/08\/cliquez-sur-la-regle-de-formule-pour-mettre-en-surbrillance-les-dates-entre-deux-dates.png\" \/>\n<meta name=\"twitter:card\" content=\"summary_large_image\" \/>\n<meta name=\"twitter:label1\" content=\"Gesch\u00e4tzte Lesezeit\" \/>\n\t<meta name=\"twitter:data1\" content=\"2\u00a0Minuten\" \/>\n<script type=\"application\/ld+json\" class=\"yoast-schema-graph\">{\"@context\":\"https:\/\/schema.org\",\"@graph\":[{\"@type\":\"WebPage\",\"@id\":\"https:\/\/exceladvisor.org\/de\/hervorhebung-zwischen-zwei-daten\/\",\"url\":\"https:\/\/exceladvisor.org\/de\/hervorhebung-zwischen-zwei-daten\/\",\"name\":\"Wie hebe ich Daten zwischen zwei Daten hervor?\",\"isPartOf\":{\"@id\":\"https:\/\/exceladvisor.org\/de\/#website\"},\"primaryImageOfPage\":{\"@id\":\"https:\/\/exceladvisor.org\/de\/hervorhebung-zwischen-zwei-daten\/#primaryimage\"},\"image\":{\"@id\":\"https:\/\/exceladvisor.org\/de\/hervorhebung-zwischen-zwei-daten\/#primaryimage\"},\"thumbnailUrl\":\"https:\/\/exceladvisor.org\/wp-content\/uploads\/2023\/08\/cliquez-sur-la-regle-de-formule-pour-mettre-en-surbrillance-les-dates-entre-deux-dates.png\",\"datePublished\":\"2023-11-18T05:46:34+00:00\",\"dateModified\":\"2023-12-03T11:21:41+00:00\",\"description\":\"Wenn Sie ein Startdatum vom 17. Januar 2025 und ein Enddatum vom 19. M\u00e4rz 2025 haben und aus einer Spalte, die Sie eingeben m\u00f6chten\",\"breadcrumb\":{\"@id\":\"https:\/\/exceladvisor.org\/de\/hervorhebung-zwischen-zwei-daten\/#breadcrumb\"},\"inLanguage\":\"de\",\"potentialAction\":[{\"@type\":\"ReadAction\",\"target\":[\"https:\/\/exceladvisor.org\/de\/hervorhebung-zwischen-zwei-daten\/\"]}]},{\"@type\":\"ImageObject\",\"inLanguage\":\"de\",\"@id\":\"https:\/\/exceladvisor.org\/de\/hervorhebung-zwischen-zwei-daten\/#primaryimage\",\"url\":\"https:\/\/exceladvisor.org\/wp-content\/uploads\/2023\/08\/cliquez-sur-la-regle-de-formule-pour-mettre-en-surbrillance-les-dates-entre-deux-dates.png\",\"contentUrl\":\"https:\/\/exceladvisor.org\/wp-content\/uploads\/2023\/08\/cliquez-sur-la-regle-de-formule-pour-mettre-en-surbrillance-les-dates-entre-deux-dates.png\"},{\"@type\":\"BreadcrumbList\",\"@id\":\"https:\/\/exceladvisor.org\/de\/hervorhebung-zwischen-zwei-daten\/#breadcrumb\",\"itemListElement\":[{\"@type\":\"ListItem\",\"position\":1,\"name\":\"Accueil\",\"item\":\"https:\/\/exceladvisor.org\/de\/\"},{\"@type\":\"ListItem\",\"position\":2,\"name\":\"Wie hebe ich daten zwischen zwei daten hervor?\"}]},{\"@type\":\"WebSite\",\"@id\":\"https:\/\/exceladvisor.org\/de\/#website\",\"url\":\"https:\/\/exceladvisor.org\/de\/\",\"name\":\"Excel Advisor\",\"description\":\"Ihr Leitfaden zur Datendominanz\",\"publisher\":{\"@id\":\"https:\/\/exceladvisor.org\/de\/#organization\"},\"potentialAction\":[{\"@type\":\"SearchAction\",\"target\":{\"@type\":\"EntryPoint\",\"urlTemplate\":\"https:\/\/exceladvisor.org\/de\/?s={search_term_string}\"},\"query-input\":{\"@type\":\"PropertyValueSpecification\",\"valueRequired\":true,\"valueName\":\"search_term_string\"}}],\"inLanguage\":\"de\"},{\"@type\":\"Organization\",\"@id\":\"https:\/\/exceladvisor.org\/de\/#organization\",\"name\":\"Excel Advisor\",\"url\":\"https:\/\/exceladvisor.org\/de\/\",\"logo\":{\"@type\":\"ImageObject\",\"inLanguage\":\"de\",\"@id\":\"https:\/\/exceladvisor.org\/de\/#\/schema\/logo\/image\/\",\"url\":\"https:\/\/exceladvisor.org\/de\/wp-content\/uploads\/2023\/11\/exceladvisor.org_.png\",\"contentUrl\":\"https:\/\/exceladvisor.org\/de\/wp-content\/uploads\/2023\/11\/exceladvisor.org_.png\",\"width\":105,\"height\":36,\"caption\":\"Excel Advisor\"},\"image\":{\"@id\":\"https:\/\/exceladvisor.org\/de\/#\/schema\/logo\/image\/\"}}]}<\/script>\n<!-- \/ Yoast SEO plugin. -->","yoast_head_json":{"title":"Wie hebe ich Daten zwischen zwei Daten hervor?","description":"Wenn Sie ein Startdatum vom 17. Januar 2025 und ein Enddatum vom 19. M\u00e4rz 2025 haben und aus einer Spalte, die Sie eingeben m\u00f6chten","robots":{"index":"index","follow":"follow","max-snippet":"max-snippet:-1","max-image-preview":"max-image-preview:large","max-video-preview":"max-video-preview:-1"},"canonical":"https:\/\/exceladvisor.org\/de\/hervorhebung-zwischen-zwei-daten\/","og_locale":"de_DE","og_type":"article","og_title":"Wie hebe ich Daten zwischen zwei Daten hervor?","og_description":"Wenn Sie ein Startdatum vom 17. Januar 2025 und ein Enddatum vom 19. M\u00e4rz 2025 haben und aus einer Spalte, die Sie eingeben m\u00f6chten","og_url":"https:\/\/exceladvisor.org\/de\/hervorhebung-zwischen-zwei-daten\/","og_site_name":"Excel Advisor","article_modified_time":"2023-12-03T11:21:41+00:00","og_image":[{"url":"https:\/\/exceladvisor.org\/wp-content\/uploads\/2023\/08\/cliquez-sur-la-regle-de-formule-pour-mettre-en-surbrillance-les-dates-entre-deux-dates.png","type":"","width":"","height":""}],"twitter_card":"summary_large_image","twitter_misc":{"Gesch\u00e4tzte Lesezeit":"2\u00a0Minuten"},"schema":{"@context":"https:\/\/schema.org","@graph":[{"@type":"WebPage","@id":"https:\/\/exceladvisor.org\/de\/hervorhebung-zwischen-zwei-daten\/","url":"https:\/\/exceladvisor.org\/de\/hervorhebung-zwischen-zwei-daten\/","name":"Wie hebe ich Daten zwischen zwei Daten hervor?","isPartOf":{"@id":"https:\/\/exceladvisor.org\/de\/#website"},"primaryImageOfPage":{"@id":"https:\/\/exceladvisor.org\/de\/hervorhebung-zwischen-zwei-daten\/#primaryimage"},"image":{"@id":"https:\/\/exceladvisor.org\/de\/hervorhebung-zwischen-zwei-daten\/#primaryimage"},"thumbnailUrl":"https:\/\/exceladvisor.org\/wp-content\/uploads\/2023\/08\/cliquez-sur-la-regle-de-formule-pour-mettre-en-surbrillance-les-dates-entre-deux-dates.png","datePublished":"2023-11-18T05:46:34+00:00","dateModified":"2023-12-03T11:21:41+00:00","description":"Wenn Sie ein Startdatum vom 17. Januar 2025 und ein Enddatum vom 19. M\u00e4rz 2025 haben und aus einer Spalte, die Sie eingeben m\u00f6chten","breadcrumb":{"@id":"https:\/\/exceladvisor.org\/de\/hervorhebung-zwischen-zwei-daten\/#breadcrumb"},"inLanguage":"de","potentialAction":[{"@type":"ReadAction","target":["https:\/\/exceladvisor.org\/de\/hervorhebung-zwischen-zwei-daten\/"]}]},{"@type":"ImageObject","inLanguage":"de","@id":"https:\/\/exceladvisor.org\/de\/hervorhebung-zwischen-zwei-daten\/#primaryimage","url":"https:\/\/exceladvisor.org\/wp-content\/uploads\/2023\/08\/cliquez-sur-la-regle-de-formule-pour-mettre-en-surbrillance-les-dates-entre-deux-dates.png","contentUrl":"https:\/\/exceladvisor.org\/wp-content\/uploads\/2023\/08\/cliquez-sur-la-regle-de-formule-pour-mettre-en-surbrillance-les-dates-entre-deux-dates.png"},{"@type":"BreadcrumbList","@id":"https:\/\/exceladvisor.org\/de\/hervorhebung-zwischen-zwei-daten\/#breadcrumb","itemListElement":[{"@type":"ListItem","position":1,"name":"Accueil","item":"https:\/\/exceladvisor.org\/de\/"},{"@type":"ListItem","position":2,"name":"Wie hebe ich daten zwischen zwei daten hervor?"}]},{"@type":"WebSite","@id":"https:\/\/exceladvisor.org\/de\/#website","url":"https:\/\/exceladvisor.org\/de\/","name":"Excel Advisor","description":"Ihr Leitfaden zur Datendominanz","publisher":{"@id":"https:\/\/exceladvisor.org\/de\/#organization"},"potentialAction":[{"@type":"SearchAction","target":{"@type":"EntryPoint","urlTemplate":"https:\/\/exceladvisor.org\/de\/?s={search_term_string}"},"query-input":{"@type":"PropertyValueSpecification","valueRequired":true,"valueName":"search_term_string"}}],"inLanguage":"de"},{"@type":"Organization","@id":"https:\/\/exceladvisor.org\/de\/#organization","name":"Excel Advisor","url":"https:\/\/exceladvisor.org\/de\/","logo":{"@type":"ImageObject","inLanguage":"de","@id":"https:\/\/exceladvisor.org\/de\/#\/schema\/logo\/image\/","url":"https:\/\/exceladvisor.org\/de\/wp-content\/uploads\/2023\/11\/exceladvisor.org_.png","contentUrl":"https:\/\/exceladvisor.org\/de\/wp-content\/uploads\/2023\/11\/exceladvisor.org_.png","width":105,"height":36,"caption":"Excel Advisor"},"image":{"@id":"https:\/\/exceladvisor.org\/de\/#\/schema\/logo\/image\/"}}]}},"yoast_meta":{"yoast_wpseo_title":"","yoast_wpseo_metadesc":"","yoast_wpseo_canonical":""},"_links":{"self":[{"href":"https:\/\/exceladvisor.org\/de\/wp-json\/wp\/v2\/pages\/3009","targetHints":{"allow":["GET"]}}],"collection":[{"href":"https:\/\/exceladvisor.org\/de\/wp-json\/wp\/v2\/pages"}],"about":[{"href":"https:\/\/exceladvisor.org\/de\/wp-json\/wp\/v2\/types\/page"}],"author":[{"embeddable":true,"href":"https:\/\/exceladvisor.org\/de\/wp-json\/wp\/v2\/users\/1"}],"replies":[{"embeddable":true,"href":"https:\/\/exceladvisor.org\/de\/wp-json\/wp\/v2\/comments?post=3009"}],"version-history":[{"count":1,"href":"https:\/\/exceladvisor.org\/de\/wp-json\/wp\/v2\/pages\/3009\/revisions"}],"predecessor-version":[{"id":4078,"href":"https:\/\/exceladvisor.org\/de\/wp-json\/wp\/v2\/pages\/3009\/revisions\/4078"}],"wp:attachment":[{"href":"https:\/\/exceladvisor.org\/de\/wp-json\/wp\/v2\/media?parent=3009"}],"curies":[{"name":"wp","href":"https:\/\/api.w.org\/{rel}","templated":true}]}}