{"id":3010,"date":"2023-11-18T05:28:14","date_gmt":"2023-11-18T05:28:14","guid":{"rendered":"https:\/\/exceladvisor.org\/de\/gemalde\/"},"modified":"2023-12-03T11:13:06","modified_gmt":"2023-12-03T11:13:06","slug":"gemalde","status":"publish","type":"page","link":"https:\/\/exceladvisor.org\/de\/gemalde\/","title":{"rendered":"Vba-tabelle: grundlegendes bis fortgeschrittenes handbuch"},"content":{"rendered":"<div class=\"excel-vor-dem-inhalt\" id=\"excel-830226264\"><script type=\"text\/javascript\">\r\n\tatOptions = {\r\n\t\t'key' : 'c1158f160081d6540a8409e6925dab94',\r\n\t\t'format' : 'iframe',\r\n\t\t'height' : 250,\r\n\t\t'width' : 300,\r\n\t\t'params' : {}\r\n\t};\r\n<\/script>\r\n<script type=\"text\/javascript\" src=\"\/\/www.highperformanceformat.com\/c1158f160081d6540a8409e6925dab94\/invoke.js\"><\/script><\/div> <p class=\"wp-block-heading\"><strong>Wichtige Punkte<\/strong><\/p><ul><li> Stellen Sie sich eine Tabelle innerhalb einer VBA-Tabelle als eine Minidatenbank zum Speichern und Organisieren von Daten vor (Beispiel: Name, Fach und Ergebnisse des Sch\u00fclers).<\/li><li> Bevor Sie es verwenden, m\u00fcssen Sie ein Array deklarieren. mit seinem Datentyp und der Anzahl der Werte, die Sie darin speichern m\u00f6chten.<\/li><\/ul><p> Wenn Sie mit VBA mit Big Data arbeiten m\u00f6chten, m\u00fcssen Sie Tabellen verstehen und wissen, wie sie in VBA-Codes verwendet werden. In diesem Leitfaden erkunden Sie alle Aspekte der Tabelle und sehen auch einige Anwendungsbeispiele. ihnen.<\/p><h2 class=\"wp-block-heading\"> Was ist eine Tabelle in VBA?<\/h2><p> In VBA ist ein Array eine Variable, die <strong>mehrere Werte speichern<\/strong> kann. Sie k\u00f6nnen auf alle Werte in diesem Array gleichzeitig zugreifen oder auch auf einen einzelnen Wert, indem Sie dessen Indexnummer angeben, die die Position dieses Werts im Array darstellt. Stellen Sie sich vor, Sie haben einen Termin mit dem Namen, dem Fach und den Noten des Sch\u00fclers.<\/p><p> Sie k\u00f6nnen alle diese Informationen in einer Tabelle speichern, nicht nur f\u00fcr einen Sch\u00fcler, sondern f\u00fcr Hunderte. Hier ist ein einfaches Beispiel zur Erl\u00e4uterung einer Tabelle. <\/p><div class=\"wp-block-image\"><figure class=\"aligncenter size-large is-resized\"><img loading=\"lazy\" decoding=\"async\" class=\"wp-image-52233\" src=\"https:\/\/exceladvisor.org\/wp-content\/uploads\/2023\/08\/1-exemple-pour-expliquer-un-tableau.png\" sizes=\"auto, \" srcset=\"\" alt=\"Beispiel zur Erkl\u00e4rung einer Tabelle\" width=\"511\" height=\"303\"><\/figure><\/div><p> Im obigen Beispiel haben Sie ein Array mit zehn Elementen (Array-Gr\u00f6\u00dfe) und jedes Element hat eine bestimmte Position (Index).<\/p><p> Wenn Sie also ein Element verwenden m\u00f6chten, das sich an der achten Position befindet, m\u00fcssen Sie \u00fcber seine Indexnummer auf dieses Element verweisen.<\/p><p> Das Array, das wir im obigen Beispiel verwendet haben, ist ein eindimensionales Array. Aber sp\u00e4ter in diesem Handbuch werden wir auch etwas \u00fcber mehrdimensionale Arrays lernen.<\/p><h2 class=\"wp-block-heading\"> So deklarieren Sie ein Array in VBA<\/h2><p> Wie ich oben erw\u00e4hnt habe, ist ein Array der Typ einer Variablen, daher m\u00fcssen Sie es mit den Schl\u00fcsselw\u00f6rtern (Dim, Private, Public und Static) deklarieren. Im Gegensatz zu einer normalen Variablen m\u00fcssen Sie beim Deklarieren eines Arrays nach dem Array-Namen ein Klammerpaar verwenden.<\/p><p> Nehmen wir an, Sie m\u00f6chten ein Array deklarieren, das wir im obigen Beispiel verwendet haben.<\/p><p> <strong>Schritte zum Deklarieren eines Arrays.<\/strong><\/p><ul><li> Verwenden Sie zun\u00e4chst das Schl\u00fcsselwort \u201eDim\u201c, geben Sie den Tabellennamen ein und geben Sie Klammern ein. <br><img loading=\"lazy\" decoding=\"async\" title=\"2-use-the-keyword-dim\" src=\"https:\/\/exceladvisor.org\/wp-content\/uploads\/2023\/08\/2-utiliser-le-mot-cle-dim.png\" sizes=\"auto, \" srcset=\"\" alt=\"use-the-keyword-dim\" width=\"375\" height=\"215\"><\/li><li> Als n\u00e4chstes m\u00fcssen Sie den Datentyp f\u00fcr das Array angeben. Wenn Sie keinen Datentyp angegeben haben, weist VBA den entsprechenden Datentyp zu. <br><img loading=\"lazy\" decoding=\"async\" title=\"3-den-Datentyp-eines-Arrays angeben\" src=\"https:\/\/exceladvisor.org\/wp-content\/uploads\/2023\/08\/3-specifier-le-type-de-donnees-dun-tableau.png\" sizes=\"auto, \" srcset=\"\" alt=\"specify-data-type-of-an-array\" width=\"377\" height=\"197\"><\/li><li> Danach m\u00fcssen Sie die Anzahl der Elemente definieren, die Sie im Array speichern m\u00f6chten. <br><img loading=\"lazy\" decoding=\"async\" title=\"4 St\u00fcck-Set\" src=\"https:\/\/exceladvisor.org\/wp-content\/uploads\/2023\/08\/4-definir-le-nombre-darticles.png\" sizes=\"auto, \" srcset=\"\" alt=\"define-the-number-of-items\" width=\"381\" height=\"176\"><\/li><li> Um einem Element in einem Array schlie\u00dflich einen Wert zuzuweisen, m\u00fcssen Sie es anhand der Indexnummer des Elements identifizieren und ihm dann einen Wert zuweisen. <br><img loading=\"lazy\" decoding=\"async\" title=\"5-einem-Element-einen-Wert-zuweisen\" src=\"https:\/\/exceladvisor.org\/wp-content\/uploads\/2023\/08\/5-attribuer-une-valeur-a-un-element.png\" sizes=\"auto, \" srcset=\"\" alt=\"assign-a-vale-to-an-item\" width=\"336\" height=\"391\"><\/li><\/ul><p> <strong>Vollst\u00e4ndiger Code<\/strong><\/p><pre class=\"wp-block-code\"> <code class=\"language-visual-basic\" lang=\"visual-basic\">Sub vba_array_example() Dim StudentsNames(10) As String StudentsNames(0) = \"Waylon\" StudentsNames(1) = \"Morton\" StudentsNames(2) = \"Rudolph\" StudentsNames(3) = \"Georgene\" StudentsNames(4) = \"Billi\" StudentsNames(5) = \"Enid\" StudentsNames(6) = \"Genevieve\" StudentsNames(7) = \"Judi\" StudentsNames(8) = \"Madaline\" StudentsNames(9) = \"Elton\" End Sub<\/code><\/pre><h3 class=\"wp-block-heading\"> QuickNotes<\/h3><ul><li> Im obigen Code haben Sie zun\u00e4chst die Dim-Anweisung, die das eindimensionale Array definiert, das bis zu 10 Elemente speichern kann und einen String-Datentyp hat.<\/li><li> Danach verf\u00fcgen Sie \u00fcber 10 Codezeilen, die die Elemente eines Arrays von 0 bis 9 definieren.<\/li><\/ul><h3 class=\"wp-block-heading\"> Tabelle mit unterschiedlichem Datentyp<\/h3><p> Wenn Sie beim Deklarieren eines Arrays den Datentyp nicht angeben, verwendet VBA automatisch den unterschiedlichen Datentyp, was zu einem leichten Anstieg der Speichernutzung f\u00fchrt und dieser Anstieg der Speichernutzung die Codeleistung verlangsamen kann.<\/p><p> Daher ist es am besten, beim Deklarieren eines Arrays einen bestimmten Datentyp zu definieren, es sei denn, die Verwendung des Varianten-Datentyps ist erforderlich.<\/p><h2 class=\"wp-block-heading\"> Informationen aus einem Array zur\u00fcckgeben<\/h2><p> Wie ich bereits erw\u00e4hnt habe, k\u00f6nnen Sie zum Abrufen von Informationen aus einem Array die Indexnummer des Elements verwenden, um seine Position anzugeben. Wenn Sie beispielsweise das 8. Element des im vorherigen Beispiel erstellten Bereichs zur\u00fcckgeben m\u00f6chten, lautet der Code: <\/p><div class=\"wp-block-image\"><figure class=\"aligncenter size-large is-resized\"><img loading=\"lazy\" decoding=\"async\" class=\"wp-image-52238\" src=\"https:\/\/exceladvisor.org\/wp-content\/uploads\/2023\/08\/6-retour-dinformations-a-partir-dun-tableau.png\" sizes=\"auto, \" srcset=\"\" alt=\"Feedback-vom-Tisch\" width=\"479\" height=\"451\"><\/figure><\/div><p> Im obigen Code haben Sie den Wert in Zelle A1 mit Array-Element 8 eingegeben.<\/p><h2 class=\"wp-block-heading\"> Verwenden Sie Optionsbasis 1<\/h2><p> Ich bin mir sicher, dass Sie gerade diese Frage im Kopf haben: Warum haben wir unsere Artikelliste bei Null statt bei Eins begonnen?<\/p><p> Nun, das ist kein Fehler.<\/p><p> Als Programmiersprachen zum ersten Mal erstellt wurden <a href=\"http:\/\/www.cs.utexas.edu\/users\/EWD\/transcriptions\/EWD08xx\/EWD831.html\" target=\"_blank\" rel=\"noreferrer noopener\">, wurde diese Struktur aufgrund einer Nachl\u00e4ssigkeit<\/a> zu einer Liste von Elementen in einem Array. In den meisten Programmiersprachen finden Sie die gleiche Struktur von Listenelementen.<\/p><p> Im Gegensatz zu den meisten anderen Computersprachen k\u00f6nnen Sie in VBA jedoch die Funktionsweise des Index normalisieren, d array.array.<\/p><p> Nun sieht diese Tabelle in etwa wie folgt aus: <\/p><div class=\"wp-block-image\"><figure class=\"aligncenter size-large is-resized\"><img loading=\"lazy\" decoding=\"async\" class=\"wp-image-52239\" src=\"https:\/\/exceladvisor.org\/wp-content\/uploads\/2023\/08\/7-utiliser-la-base-doptions-1.png\" sizes=\"auto, \" srcset=\"\" alt=\"use-option-base-1\" width=\"344\" height=\"424\"><\/figure><\/div><h2 class=\"wp-block-heading\"> Suchen Sie in einer Tabelle<\/h2><p> Wenn Sie Werte in einem Array speichern, kann es vorkommen, dass Sie eine Array-Suche durchf\u00fchren m\u00fcssen.<\/p><p> In diesem Fall m\u00fcssen Sie die Methoden kennen, die Sie verwenden k\u00f6nnen. Schauen Sie sich nun den folgenden Code an, der Ihnen helfen kann, zu verstehen, wie Sie in einem Array nach einem Wert suchen. <\/p><pre class=\"wp-block-code\"> <code class=\"language-visual-basic\" lang=\"visual-basic\">Sub vba_array_search() 'this section declares an array and variables _ that you need to search within the array. Dim myArray(10) As Integer Dim i As Integer Dim varUserNumber As Variant Dim strMsg As String 'This part of the code adds 10 random numbers to _ the array and shows the result in the _ immediate window as well. For i = 1 To 10 myArray(i) = Int(Rnd * 10) Debug.Print myArray(i) Next i 'it is an input box that asks you the number that you want to find. Loopback: varUserNumber = InputBox _ (\"Enter a number between 1 and 10 to search for:\", _ \"Linear Search Demonstrator\") 'it's an IF statement that checks for the value that you _ have entered in the input box. If varUserNumber = \"\" Then End If Not IsNumeric(varUserNumber) Then GoTo Loopback If varUserNumber &lt; 1 Or varUserNumber &gt; 10 Then GoTo Loopback 'message to show if the value doesn't found. strMsg = \"Your value, \" &amp; varUserNumber &amp; _ \", was not found in the array.\" 'loop through the array and match each value with the _ the value you have entered in the input box. For i = 1 To UBound(myArray) If myArray(i) = varUserNumber Then strMsg = \"Your value, \" &amp; varUserNumber &amp; _ \", was found at position \" &amp; i &amp; \" in the array.\" Exit For End If Next i 'message box in the end MsgBox strMsg, vbOKOnly + vbInformation, \"Linear Search Result\" End Sub<\/code> <\/pre><div class=\"wp-block-image\"><figure class=\"aligncenter size-large is-resized\"><img loading=\"lazy\" decoding=\"async\" class=\"wp-image-52240\" src=\"https:\/\/exceladvisor.org\/wp-content\/uploads\/2023\/08\/8-recherche-dans-un-tableau.png\" sizes=\"auto, \" srcset=\"\" alt=\"in einer Tabelle suchen\" width=\"529\" height=\"1087\"><\/figure><\/div><ol><li> Im ersten Teil des Codes befinden sich Variablen, die Sie sp\u00e4ter im Code verwenden m\u00fcssen.<\/li><li> Danach besteht der n\u00e4chste Teil darin, mithilfe von RND Zufallszahlen zu generieren, um 10 Werte f\u00fcr das Array zu erhalten.<\/li><li> Als n\u00e4chstes gibt es ein Eingabefeld, in das Sie den Wert eingeben k\u00f6nnen, nach dem Sie in der Tabelle suchen m\u00f6chten.<\/li><li> In diesem Teil haben Sie einen Code f\u00fcr die Zeichenfolge, die im Meldungsfeld verwendet werden soll, wenn der von Ihnen eingegebene Wert nicht gefunden wird.<\/li><li> Dieser Teil des Codes verwendet eine Schleife, um jedes Element des Arrays zu durchlaufen und zu pr\u00fcfen, ob der von Ihnen eingegebene Wert im Array vorhanden ist oder nicht.<\/li><li> Der letzte Teil des Codes zeigt eine Meldung an, die angibt, ob ein Wert gefunden wurde oder nicht.<\/li><\/ol><div class=\"gb-container gb-container-4db6181c gb-container-mt\"> <a class=\"gb-button gb-button-c5897111 gb-button-text gb-button-mt-button\" href=\"https:\/\/exceladvisor.org\/de\/vba\/\">Was ist VBA<\/a><h2 class=\"gb-headline gb-headline-665e5f6b gb-headline-text gb-headline-mt-heading\"> Erfahren Sie mehr \u00fcber VBA-Tabellen <\/h2><div class=\"gb-grid-wrapper gb-grid-wrapper-a20baf7c gb-grid-wrapper-mt-grid\"><div class=\"gb-grid-column gb-grid-column-65ddf67e\"><div class=\"gb-container gb-container-65ddf67e\"><ul><li> <a href=\"https:\/\/exceladvisor.org\/de\/arraygrosse\/\">VBA-Array-L\u00e4nge (Gr\u00f6\u00dfe)<\/a><\/li><li> <a href=\"https:\/\/exceladvisor.org\/de\/tisch-mit-ketten\/\">VBA-Array mit Strings<\/a><\/li><li> <a href=\"https:\/\/exceladvisor.org\/de\/losch-die-tafel\/\">VBA Array l\u00f6schen<\/a><\/li><li> <a href=\"https:\/\/exceladvisor.org\/de\/dynamische-tabelle\/\">Dynamische Tabelle VBA<\/a> <\/li><\/ul><\/div><\/div><div class=\"gb-grid-column gb-grid-column-50067b57\"><div class=\"gb-container gb-container-50067b57\"><\/div><\/div><\/div><\/div>","protected":false},"excerpt":{"rendered":"","protected":false},"author":1,"featured_media":0,"parent":0,"menu_order":0,"comment_status":"open","ping_status":"closed","template":"","meta":{"ub_ctt_via":"","footnotes":""},"class_list":["post-3010","page","type-page","status-publish","hentry"],"featured_image_src":null,"yoast_head":"<!-- This site is optimized with the Yoast SEO plugin v25.4 - https:\/\/yoast.com\/wordpress\/plugins\/seo\/ -->\n<title>Ein Leitfaden f\u00fcr Einsteiger zu Tabellen in VBA \u2013 Excel Advisor<\/title>\n<meta name=\"description\" content=\"Wenn Sie mit VBA mit Big Data arbeiten m\u00f6chten, m\u00fcssen Sie Tabellen und deren Verwendung verstehen\" \/>\n<meta name=\"robots\" content=\"index, follow, max-snippet:-1, max-image-preview:large, max-video-preview:-1\" \/>\n<link rel=\"canonical\" href=\"https:\/\/exceladvisor.org\/de\/gemalde\/\" \/>\n<meta property=\"og:locale\" content=\"de_DE\" \/>\n<meta property=\"og:type\" content=\"article\" \/>\n<meta property=\"og:title\" content=\"Ein Leitfaden f\u00fcr Einsteiger zu Tabellen in VBA \u2013 Excel Advisor\" \/>\n<meta property=\"og:description\" content=\"Wenn Sie mit VBA mit Big Data arbeiten m\u00f6chten, m\u00fcssen Sie Tabellen und deren Verwendung verstehen\" \/>\n<meta property=\"og:url\" content=\"https:\/\/exceladvisor.org\/de\/gemalde\/\" \/>\n<meta property=\"og:site_name\" content=\"Excel Advisor\" \/>\n<meta property=\"article:modified_time\" content=\"2023-12-03T11:13:06+00:00\" \/>\n<meta property=\"og:image\" content=\"https:\/\/exceladvisor.org\/wp-content\/uploads\/2023\/08\/1-exemple-pour-expliquer-un-tableau.png\" \/>\n<meta name=\"twitter:card\" content=\"summary_large_image\" \/>\n<meta name=\"twitter:label1\" content=\"Gesch\u00e4tzte Lesezeit\" \/>\n\t<meta name=\"twitter:data1\" content=\"6\u00a0Minuten\" \/>\n<script type=\"application\/ld+json\" class=\"yoast-schema-graph\">{\"@context\":\"https:\/\/schema.org\",\"@graph\":[{\"@type\":\"WebPage\",\"@id\":\"https:\/\/exceladvisor.org\/de\/gemalde\/\",\"url\":\"https:\/\/exceladvisor.org\/de\/gemalde\/\",\"name\":\"Ein Leitfaden f\u00fcr Einsteiger zu Tabellen in VBA \u2013 Excel Advisor\",\"isPartOf\":{\"@id\":\"https:\/\/exceladvisor.org\/de\/#website\"},\"primaryImageOfPage\":{\"@id\":\"https:\/\/exceladvisor.org\/de\/gemalde\/#primaryimage\"},\"image\":{\"@id\":\"https:\/\/exceladvisor.org\/de\/gemalde\/#primaryimage\"},\"thumbnailUrl\":\"https:\/\/exceladvisor.org\/wp-content\/uploads\/2023\/08\/1-exemple-pour-expliquer-un-tableau.png\",\"datePublished\":\"2023-11-18T05:28:14+00:00\",\"dateModified\":\"2023-12-03T11:13:06+00:00\",\"description\":\"Wenn Sie mit VBA mit Big Data arbeiten m\u00f6chten, m\u00fcssen Sie Tabellen und deren Verwendung verstehen\",\"breadcrumb\":{\"@id\":\"https:\/\/exceladvisor.org\/de\/gemalde\/#breadcrumb\"},\"inLanguage\":\"de\",\"potentialAction\":[{\"@type\":\"ReadAction\",\"target\":[\"https:\/\/exceladvisor.org\/de\/gemalde\/\"]}]},{\"@type\":\"ImageObject\",\"inLanguage\":\"de\",\"@id\":\"https:\/\/exceladvisor.org\/de\/gemalde\/#primaryimage\",\"url\":\"https:\/\/exceladvisor.org\/wp-content\/uploads\/2023\/08\/1-exemple-pour-expliquer-un-tableau.png\",\"contentUrl\":\"https:\/\/exceladvisor.org\/wp-content\/uploads\/2023\/08\/1-exemple-pour-expliquer-un-tableau.png\"},{\"@type\":\"BreadcrumbList\",\"@id\":\"https:\/\/exceladvisor.org\/de\/gemalde\/#breadcrumb\",\"itemListElement\":[{\"@type\":\"ListItem\",\"position\":1,\"name\":\"Accueil\",\"item\":\"https:\/\/exceladvisor.org\/de\/\"},{\"@type\":\"ListItem\",\"position\":2,\"name\":\"Vba-tabelle: grundlegendes bis fortgeschrittenes handbuch\"}]},{\"@type\":\"WebSite\",\"@id\":\"https:\/\/exceladvisor.org\/de\/#website\",\"url\":\"https:\/\/exceladvisor.org\/de\/\",\"name\":\"Excel Advisor\",\"description\":\"Ihr Leitfaden zur Datendominanz\",\"publisher\":{\"@id\":\"https:\/\/exceladvisor.org\/de\/#organization\"},\"potentialAction\":[{\"@type\":\"SearchAction\",\"target\":{\"@type\":\"EntryPoint\",\"urlTemplate\":\"https:\/\/exceladvisor.org\/de\/?s={search_term_string}\"},\"query-input\":{\"@type\":\"PropertyValueSpecification\",\"valueRequired\":true,\"valueName\":\"search_term_string\"}}],\"inLanguage\":\"de\"},{\"@type\":\"Organization\",\"@id\":\"https:\/\/exceladvisor.org\/de\/#organization\",\"name\":\"Excel Advisor\",\"url\":\"https:\/\/exceladvisor.org\/de\/\",\"logo\":{\"@type\":\"ImageObject\",\"inLanguage\":\"de\",\"@id\":\"https:\/\/exceladvisor.org\/de\/#\/schema\/logo\/image\/\",\"url\":\"https:\/\/exceladvisor.org\/de\/wp-content\/uploads\/2023\/11\/exceladvisor.org_.png\",\"contentUrl\":\"https:\/\/exceladvisor.org\/de\/wp-content\/uploads\/2023\/11\/exceladvisor.org_.png\",\"width\":105,\"height\":36,\"caption\":\"Excel Advisor\"},\"image\":{\"@id\":\"https:\/\/exceladvisor.org\/de\/#\/schema\/logo\/image\/\"}}]}<\/script>\n<!-- \/ Yoast SEO plugin. -->","yoast_head_json":{"title":"Ein Leitfaden f\u00fcr Einsteiger zu Tabellen in VBA \u2013 Excel Advisor","description":"Wenn Sie mit VBA mit Big Data arbeiten m\u00f6chten, m\u00fcssen Sie Tabellen und deren Verwendung verstehen","robots":{"index":"index","follow":"follow","max-snippet":"max-snippet:-1","max-image-preview":"max-image-preview:large","max-video-preview":"max-video-preview:-1"},"canonical":"https:\/\/exceladvisor.org\/de\/gemalde\/","og_locale":"de_DE","og_type":"article","og_title":"Ein Leitfaden f\u00fcr Einsteiger zu Tabellen in VBA \u2013 Excel Advisor","og_description":"Wenn Sie mit VBA mit Big Data arbeiten m\u00f6chten, m\u00fcssen Sie Tabellen und deren Verwendung verstehen","og_url":"https:\/\/exceladvisor.org\/de\/gemalde\/","og_site_name":"Excel Advisor","article_modified_time":"2023-12-03T11:13:06+00:00","og_image":[{"url":"https:\/\/exceladvisor.org\/wp-content\/uploads\/2023\/08\/1-exemple-pour-expliquer-un-tableau.png","type":"","width":"","height":""}],"twitter_card":"summary_large_image","twitter_misc":{"Gesch\u00e4tzte Lesezeit":"6\u00a0Minuten"},"schema":{"@context":"https:\/\/schema.org","@graph":[{"@type":"WebPage","@id":"https:\/\/exceladvisor.org\/de\/gemalde\/","url":"https:\/\/exceladvisor.org\/de\/gemalde\/","name":"Ein Leitfaden f\u00fcr Einsteiger zu Tabellen in VBA \u2013 Excel Advisor","isPartOf":{"@id":"https:\/\/exceladvisor.org\/de\/#website"},"primaryImageOfPage":{"@id":"https:\/\/exceladvisor.org\/de\/gemalde\/#primaryimage"},"image":{"@id":"https:\/\/exceladvisor.org\/de\/gemalde\/#primaryimage"},"thumbnailUrl":"https:\/\/exceladvisor.org\/wp-content\/uploads\/2023\/08\/1-exemple-pour-expliquer-un-tableau.png","datePublished":"2023-11-18T05:28:14+00:00","dateModified":"2023-12-03T11:13:06+00:00","description":"Wenn Sie mit VBA mit Big Data arbeiten m\u00f6chten, m\u00fcssen Sie Tabellen und deren Verwendung verstehen","breadcrumb":{"@id":"https:\/\/exceladvisor.org\/de\/gemalde\/#breadcrumb"},"inLanguage":"de","potentialAction":[{"@type":"ReadAction","target":["https:\/\/exceladvisor.org\/de\/gemalde\/"]}]},{"@type":"ImageObject","inLanguage":"de","@id":"https:\/\/exceladvisor.org\/de\/gemalde\/#primaryimage","url":"https:\/\/exceladvisor.org\/wp-content\/uploads\/2023\/08\/1-exemple-pour-expliquer-un-tableau.png","contentUrl":"https:\/\/exceladvisor.org\/wp-content\/uploads\/2023\/08\/1-exemple-pour-expliquer-un-tableau.png"},{"@type":"BreadcrumbList","@id":"https:\/\/exceladvisor.org\/de\/gemalde\/#breadcrumb","itemListElement":[{"@type":"ListItem","position":1,"name":"Accueil","item":"https:\/\/exceladvisor.org\/de\/"},{"@type":"ListItem","position":2,"name":"Vba-tabelle: grundlegendes bis fortgeschrittenes handbuch"}]},{"@type":"WebSite","@id":"https:\/\/exceladvisor.org\/de\/#website","url":"https:\/\/exceladvisor.org\/de\/","name":"Excel Advisor","description":"Ihr Leitfaden zur Datendominanz","publisher":{"@id":"https:\/\/exceladvisor.org\/de\/#organization"},"potentialAction":[{"@type":"SearchAction","target":{"@type":"EntryPoint","urlTemplate":"https:\/\/exceladvisor.org\/de\/?s={search_term_string}"},"query-input":{"@type":"PropertyValueSpecification","valueRequired":true,"valueName":"search_term_string"}}],"inLanguage":"de"},{"@type":"Organization","@id":"https:\/\/exceladvisor.org\/de\/#organization","name":"Excel Advisor","url":"https:\/\/exceladvisor.org\/de\/","logo":{"@type":"ImageObject","inLanguage":"de","@id":"https:\/\/exceladvisor.org\/de\/#\/schema\/logo\/image\/","url":"https:\/\/exceladvisor.org\/de\/wp-content\/uploads\/2023\/11\/exceladvisor.org_.png","contentUrl":"https:\/\/exceladvisor.org\/de\/wp-content\/uploads\/2023\/11\/exceladvisor.org_.png","width":105,"height":36,"caption":"Excel Advisor"},"image":{"@id":"https:\/\/exceladvisor.org\/de\/#\/schema\/logo\/image\/"}}]}},"yoast_meta":{"yoast_wpseo_title":"","yoast_wpseo_metadesc":"","yoast_wpseo_canonical":""},"_links":{"self":[{"href":"https:\/\/exceladvisor.org\/de\/wp-json\/wp\/v2\/pages\/3010","targetHints":{"allow":["GET"]}}],"collection":[{"href":"https:\/\/exceladvisor.org\/de\/wp-json\/wp\/v2\/pages"}],"about":[{"href":"https:\/\/exceladvisor.org\/de\/wp-json\/wp\/v2\/types\/page"}],"author":[{"embeddable":true,"href":"https:\/\/exceladvisor.org\/de\/wp-json\/wp\/v2\/users\/1"}],"replies":[{"embeddable":true,"href":"https:\/\/exceladvisor.org\/de\/wp-json\/wp\/v2\/comments?post=3010"}],"version-history":[{"count":1,"href":"https:\/\/exceladvisor.org\/de\/wp-json\/wp\/v2\/pages\/3010\/revisions"}],"predecessor-version":[{"id":3809,"href":"https:\/\/exceladvisor.org\/de\/wp-json\/wp\/v2\/pages\/3010\/revisions\/3809"}],"wp:attachment":[{"href":"https:\/\/exceladvisor.org\/de\/wp-json\/wp\/v2\/media?parent=3010"}],"curies":[{"name":"wp","href":"https:\/\/api.w.org\/{rel}","templated":true}]}}