{"id":3012,"date":"2023-11-18T02:27:00","date_gmt":"2023-11-18T02:27:00","guid":{"rendered":"https:\/\/exceladvisor.org\/de\/zahle-die-zeilen-2\/"},"modified":"2023-12-03T13:05:54","modified_gmt":"2023-12-03T13:05:54","slug":"zahle-die-zeilen-2","status":"publish","type":"page","link":"https:\/\/exceladvisor.org\/de\/zahle-die-zeilen-2\/","title":{"rendered":"Wie z\u00e4hle ich zeilen in excel?"},"content":{"rendered":"<div class=\"excel-vor-dem-inhalt\" id=\"excel-239886799\"><script type=\"text\/javascript\">\r\n\tatOptions = {\r\n\t\t'key' : 'c1158f160081d6540a8409e6925dab94',\r\n\t\t'format' : 'iframe',\r\n\t\t'height' : 250,\r\n\t\t'width' : 300,\r\n\t\t'params' : {}\r\n\t};\r\n<\/script>\r\n<script type=\"text\/javascript\" src=\"\/\/www.highperformanceformat.com\/c1158f160081d6540a8409e6925dab94\/invoke.js\"><\/script><\/div> <p>Es gibt verschiedene M\u00f6glichkeiten, Zeilen in Excel zu z\u00e4hlen. Wenn Sie jedoch Zeilen z\u00e4hlen m\u00f6chten, unabh\u00e4ngig davon, ob sich die Daten in Zellen befinden, k\u00f6nnen Sie die Funktion ROWS verwenden. <\/p><div class=\"wp-block-image\"><figure class=\"aligncenter size-full is-resized\"><img loading=\"lazy\" decoding=\"async\" class=\"wp-image-83632\" src=\"https:\/\/exceladvisor.org\/wp-content\/uploads\/2023\/08\/1-nombre-de-rangees.png\" sizes=\"auto, \" srcset=\"\" alt=\"Z\u00e4hle die Reihen\" width=\"431\" height=\"392\"><\/figure><\/div><ol type=\"1\"><li> Geben Sie die Funktion \u201eZEILEN\u201c in eine Zelle ein.<\/li><li> Geben Sie die Anfangsklammern ein.<\/li><li> Siehe Zellbereich.<\/li><li> Geben Sie die schlie\u00dfenden Klammern ein.<\/li><li> Dr\u00fccken Sie die Eingabetaste, um das Ergebnis zu erhalten. <\/li><\/ol><div class=\"wp-block-image\"><figure class=\"aligncenter size-full is-resized\"><img loading=\"lazy\" decoding=\"async\" class=\"wp-image-83633\" src=\"https:\/\/exceladvisor.org\/wp-content\/uploads\/2023\/08\/Fonction-2-lignes-pour-compter-les-lignes.png\" sizes=\"auto, \" srcset=\"\" alt=\"Zeilenfunktionen zum Z\u00e4hlen von Zeilen\" width=\"443\" height=\"423\"><\/figure><\/div><h2 class=\"wp-block-heading\"> Z\u00e4hlen Sie Zeilen mit nicht leeren Zellen<\/h2><p> Und wenn Sie Zeilen f\u00fcr Zellen mit einem Wert z\u00e4hlen m\u00f6chten, k\u00f6nnen Sie die Z\u00e4hlfunktion verwenden. <\/p><div class=\"wp-block-image\"><figure class=\"aligncenter size-full is-resized\"><img loading=\"lazy\" decoding=\"async\" class=\"wp-image-83634\" src=\"https:\/\/exceladvisor.org\/wp-content\/uploads\/2023\/08\/3-lignes-de-comptage-avec-des-cellules-non-vides.png\" sizes=\"auto, \" srcset=\"\" alt=\"Z\u00e4hle Zeilen mit nicht leeren Zellen\" width=\"459\" height=\"439\"><\/figure><\/div><pre class=\"wp-block-code\"> <code class=\"language-excel-formula\" lang=\"excel-formula\">=COUNTA(A1:A10)<\/code><\/pre><p> Wenn Sie nach der Referenzierung des Bereichs die Eingabetaste dr\u00fccken, wird 5 zur\u00fcckgegeben, die Gesamtzahl der Zeilen in den Daten. <\/p><div class=\"wp-block-image\"><figure class=\"aligncenter size-full is-resized\"><img loading=\"lazy\" decoding=\"async\" class=\"wp-image-83635\" src=\"https:\/\/exceladvisor.org\/wp-content\/uploads\/2023\/08\/4-counta-pour-compter-les-lignes-non-vides.png\" sizes=\"auto, \" srcset=\"\" alt=\"counta-to-count-non-leer-rows\" width=\"465\" height=\"423\"><\/figure><\/div><h2 class=\"wp-block-heading\"> Z\u00e4hlen Sie Zeilen mit leeren Zellen<\/h2><p> Auf die gleiche Weise k\u00f6nnen Sie auch die Zeilen mit der Zelle z\u00e4hlen, die keine Daten enthalten, also leere Zellen. <\/p><div class=\"wp-block-image\"><figure class=\"aligncenter size-full is-resized\"><img loading=\"lazy\" decoding=\"async\" class=\"wp-image-83636\" src=\"https:\/\/exceladvisor.org\/wp-content\/uploads\/2023\/08\/5-lignes-de-comptage-avec-des-cellules-vides.png\" sizes=\"auto, \" srcset=\"\" alt=\"Z\u00e4hle-Zeilen-mit-leeren-Zellen\" width=\"488\" height=\"445\"><\/figure><\/div><p> Sobald Sie die Eingabetaste dr\u00fccken, wird 5 zur\u00fcckgegeben, die genaue Anzahl der Zeilen mit leeren Zellen. <\/p><div class=\"wp-block-image\"><figure class=\"aligncenter size-full is-resized\"><img loading=\"lazy\" decoding=\"async\" class=\"wp-image-83637\" src=\"https:\/\/exceladvisor.org\/wp-content\/uploads\/2023\/08\/6-lignes-avec-des-cellules-vides.png\" sizes=\"auto, \" srcset=\"\" alt=\"Zeilen-mit-leeren-Zellen\" width=\"496\" height=\"474\"><\/figure><\/div><h2 class=\"wp-block-heading\"> Z\u00e4hlen Sie Zeilen mit Zahlen<\/h2><p> Die Funktion COUNT sollte zum Z\u00e4hlen von Zeilen mit Zahlen verwendet werden. <\/p><div class=\"wp-block-image\"><figure class=\"aligncenter size-full is-resized\"><img loading=\"lazy\" decoding=\"async\" class=\"wp-image-83638\" src=\"https:\/\/exceladvisor.org\/wp-content\/uploads\/2023\/08\/7-lignes-de-comptage-avec-des-chiffres.png\" sizes=\"auto, \" srcset=\"\" alt=\"Z\u00e4hllinien mit Zahlen\" width=\"422\" height=\"474\"><\/figure><\/div><p> Sobald Sie die Eingabetaste dr\u00fccken, wird als Ergebnis 3 zur\u00fcckgegeben. Wie Sie sehen, haben wir 5 leere Zellen und 5 nicht leere Zeilen. Aber in den nicht leeren Zeilen (mit Wert) haben wir nur drei Zellen mit den Zahlen, und deshalb ist das Ergebnis 3. <\/p><div class=\"wp-block-image\"><figure class=\"aligncenter size-full is-resized\"><img loading=\"lazy\" decoding=\"async\" class=\"wp-image-83639\" src=\"https:\/\/exceladvisor.org\/wp-content\/uploads\/2023\/08\/8-lignes-avec-des-chiffres-uniquement.png\" sizes=\"auto, \" srcset=\"\" alt=\"Nur Zeilen mit Zahlen\" width=\"447\" height=\"406\"><\/figure><\/div><div class=\"gb-container gb-container-52dfcee1 gb-container-sample-file\"><h2 class=\"gb-headline gb-headline-e289c143 gb-headline-text gb-headline-4f7959c2\"> Holen Sie sich die Excel-Datei<\/h2> <a class=\"gb-button gb-button-e88d6bee gb-button-text gb-button-button1\" href=\"https:\/\/exceladvisor.org\/de\/a\/\" rel=\"nofollow\">Herunterladen<\/a><\/div><div class=\"gb-container gb-container-0df56012 gb-container-mt\"> <a class=\"gb-button gb-button-f9f432f4 gb-button-text gb-button-mt-button\" href=\"https:\/\/exceladvisor.org\/de\/formeln\/\">Liste der Excel-Formeln<\/a><h2 class=\"gb-headline gb-headline-233444e8 gb-headline-text gb-headline-mt-heading\"> Verwandte Formeln <\/h2><div class=\"gb-grid-wrapper gb-grid-wrapper-a16fa65c gb-grid-wrapper-mt-grid\"><div class=\"gb-grid-column gb-grid-column-50d07e0d\"><div class=\"gb-container gb-container-50d07e0d\"><ul><li> <a href=\"https:\/\/exceladvisor.org\/de\/zellen-mit-text-zahlen\/\">Z\u00e4hlen Sie Zellen mit Text in Excel<\/a><\/li><li> <a href=\"https:\/\/exceladvisor.org\/de\/zahlen-sie-bestimmte-zeichen\/\">Z\u00e4hlen Sie bestimmte Zeichen in Excel<\/a><\/li><li> <a href=\"https:\/\/exceladvisor.org\/de\/zahlen-sie-die-gesamtzahl-der-zellen\/\">Z\u00e4hlen Sie die Gesamtzahl der Zellen in einem Bereich in Excel<\/a><\/li><li> <a href=\"https:\/\/exceladvisor.org\/de\/eindeutige-werte-zahlen-1\/\">Z\u00e4hlen Sie eindeutige Werte in Excel<\/a><\/li><li> <a href=\"https:\/\/exceladvisor.org\/de\/zahle-gegen-zahlung\/\">GRAF vs. GRAF<\/a> <\/li><\/ul><\/div><\/div><div class=\"gb-grid-column gb-grid-column-5b4a0cf9\"><div class=\"gb-container gb-container-5b4a0cf9\"><\/div><\/div><\/div><\/div>","protected":false},"excerpt":{"rendered":"","protected":false},"author":1,"featured_media":0,"parent":0,"menu_order":0,"comment_status":"open","ping_status":"closed","template":"","meta":{"ub_ctt_via":"","footnotes":""},"class_list":["post-3012","page","type-page","status-publish","hentry"],"featured_image_src":null,"yoast_head":"<!-- This site is optimized with the Yoast SEO plugin v25.4 - https:\/\/yoast.com\/wordpress\/plugins\/seo\/ -->\n<title>\u25b7 Wie z\u00e4hle ich Zeilen in Excel? (Tutorial 2023)<\/title>\n<meta name=\"description\" content=\"In diesem Tutorial erfahren Sie, wie Sie eine Excel-Formel schreiben, um Zeilen zu z\u00e4hlen (alle, leere, nicht leere und mit Zahlen).\" \/>\n<meta name=\"robots\" content=\"index, follow, max-snippet:-1, max-image-preview:large, max-video-preview:-1\" \/>\n<link rel=\"canonical\" href=\"https:\/\/exceladvisor.org\/de\/zahle-die-zeilen-2\/\" \/>\n<meta property=\"og:locale\" content=\"de_DE\" \/>\n<meta property=\"og:type\" content=\"article\" \/>\n<meta property=\"og:title\" content=\"\u25b7 Wie z\u00e4hle ich Zeilen in Excel? (Tutorial 2023)\" \/>\n<meta property=\"og:description\" content=\"In diesem Tutorial erfahren Sie, wie Sie eine Excel-Formel schreiben, um Zeilen zu z\u00e4hlen (alle, leere, nicht leere und mit Zahlen).\" \/>\n<meta property=\"og:url\" content=\"https:\/\/exceladvisor.org\/de\/zahle-die-zeilen-2\/\" \/>\n<meta property=\"og:site_name\" content=\"Excel Advisor\" \/>\n<meta property=\"article:modified_time\" content=\"2023-12-03T13:05:54+00:00\" \/>\n<meta property=\"og:image\" content=\"https:\/\/exceladvisor.org\/wp-content\/uploads\/2023\/08\/1-nombre-de-rangees.png\" \/>\n<meta name=\"twitter:card\" content=\"summary_large_image\" \/>\n<meta name=\"twitter:label1\" content=\"Gesch\u00e4tzte Lesezeit\" \/>\n\t<meta name=\"twitter:data1\" content=\"1\u00a0Minute\" \/>\n<script type=\"application\/ld+json\" class=\"yoast-schema-graph\">{\"@context\":\"https:\/\/schema.org\",\"@graph\":[{\"@type\":\"WebPage\",\"@id\":\"https:\/\/exceladvisor.org\/de\/zahle-die-zeilen-2\/\",\"url\":\"https:\/\/exceladvisor.org\/de\/zahle-die-zeilen-2\/\",\"name\":\"\u25b7 Wie z\u00e4hle ich Zeilen in Excel? (Tutorial 2023)\",\"isPartOf\":{\"@id\":\"https:\/\/exceladvisor.org\/de\/#website\"},\"primaryImageOfPage\":{\"@id\":\"https:\/\/exceladvisor.org\/de\/zahle-die-zeilen-2\/#primaryimage\"},\"image\":{\"@id\":\"https:\/\/exceladvisor.org\/de\/zahle-die-zeilen-2\/#primaryimage\"},\"thumbnailUrl\":\"https:\/\/exceladvisor.org\/wp-content\/uploads\/2023\/08\/1-nombre-de-rangees.png\",\"datePublished\":\"2023-11-18T02:27:00+00:00\",\"dateModified\":\"2023-12-03T13:05:54+00:00\",\"description\":\"In diesem Tutorial erfahren Sie, wie Sie eine Excel-Formel schreiben, um Zeilen zu z\u00e4hlen (alle, leere, nicht leere und mit Zahlen).\",\"breadcrumb\":{\"@id\":\"https:\/\/exceladvisor.org\/de\/zahle-die-zeilen-2\/#breadcrumb\"},\"inLanguage\":\"de\",\"potentialAction\":[{\"@type\":\"ReadAction\",\"target\":[\"https:\/\/exceladvisor.org\/de\/zahle-die-zeilen-2\/\"]}]},{\"@type\":\"ImageObject\",\"inLanguage\":\"de\",\"@id\":\"https:\/\/exceladvisor.org\/de\/zahle-die-zeilen-2\/#primaryimage\",\"url\":\"https:\/\/exceladvisor.org\/wp-content\/uploads\/2023\/08\/1-nombre-de-rangees.png\",\"contentUrl\":\"https:\/\/exceladvisor.org\/wp-content\/uploads\/2023\/08\/1-nombre-de-rangees.png\"},{\"@type\":\"BreadcrumbList\",\"@id\":\"https:\/\/exceladvisor.org\/de\/zahle-die-zeilen-2\/#breadcrumb\",\"itemListElement\":[{\"@type\":\"ListItem\",\"position\":1,\"name\":\"Accueil\",\"item\":\"https:\/\/exceladvisor.org\/de\/\"},{\"@type\":\"ListItem\",\"position\":2,\"name\":\"Wie z\u00e4hle ich zeilen in excel?\"}]},{\"@type\":\"WebSite\",\"@id\":\"https:\/\/exceladvisor.org\/de\/#website\",\"url\":\"https:\/\/exceladvisor.org\/de\/\",\"name\":\"Excel Advisor\",\"description\":\"Ihr Leitfaden zur Datendominanz\",\"publisher\":{\"@id\":\"https:\/\/exceladvisor.org\/de\/#organization\"},\"potentialAction\":[{\"@type\":\"SearchAction\",\"target\":{\"@type\":\"EntryPoint\",\"urlTemplate\":\"https:\/\/exceladvisor.org\/de\/?s={search_term_string}\"},\"query-input\":{\"@type\":\"PropertyValueSpecification\",\"valueRequired\":true,\"valueName\":\"search_term_string\"}}],\"inLanguage\":\"de\"},{\"@type\":\"Organization\",\"@id\":\"https:\/\/exceladvisor.org\/de\/#organization\",\"name\":\"Excel Advisor\",\"url\":\"https:\/\/exceladvisor.org\/de\/\",\"logo\":{\"@type\":\"ImageObject\",\"inLanguage\":\"de\",\"@id\":\"https:\/\/exceladvisor.org\/de\/#\/schema\/logo\/image\/\",\"url\":\"https:\/\/exceladvisor.org\/de\/wp-content\/uploads\/2023\/11\/exceladvisor.org_.png\",\"contentUrl\":\"https:\/\/exceladvisor.org\/de\/wp-content\/uploads\/2023\/11\/exceladvisor.org_.png\",\"width\":105,\"height\":36,\"caption\":\"Excel Advisor\"},\"image\":{\"@id\":\"https:\/\/exceladvisor.org\/de\/#\/schema\/logo\/image\/\"}}]}<\/script>\n<!-- \/ Yoast SEO plugin. -->","yoast_head_json":{"title":"\u25b7 Wie z\u00e4hle ich Zeilen in Excel? (Tutorial 2023)","description":"In diesem Tutorial erfahren Sie, wie Sie eine Excel-Formel schreiben, um Zeilen zu z\u00e4hlen (alle, leere, nicht leere und mit Zahlen).","robots":{"index":"index","follow":"follow","max-snippet":"max-snippet:-1","max-image-preview":"max-image-preview:large","max-video-preview":"max-video-preview:-1"},"canonical":"https:\/\/exceladvisor.org\/de\/zahle-die-zeilen-2\/","og_locale":"de_DE","og_type":"article","og_title":"\u25b7 Wie z\u00e4hle ich Zeilen in Excel? (Tutorial 2023)","og_description":"In diesem Tutorial erfahren Sie, wie Sie eine Excel-Formel schreiben, um Zeilen zu z\u00e4hlen (alle, leere, nicht leere und mit Zahlen).","og_url":"https:\/\/exceladvisor.org\/de\/zahle-die-zeilen-2\/","og_site_name":"Excel Advisor","article_modified_time":"2023-12-03T13:05:54+00:00","og_image":[{"url":"https:\/\/exceladvisor.org\/wp-content\/uploads\/2023\/08\/1-nombre-de-rangees.png","type":"","width":"","height":""}],"twitter_card":"summary_large_image","twitter_misc":{"Gesch\u00e4tzte Lesezeit":"1\u00a0Minute"},"schema":{"@context":"https:\/\/schema.org","@graph":[{"@type":"WebPage","@id":"https:\/\/exceladvisor.org\/de\/zahle-die-zeilen-2\/","url":"https:\/\/exceladvisor.org\/de\/zahle-die-zeilen-2\/","name":"\u25b7 Wie z\u00e4hle ich Zeilen in Excel? (Tutorial 2023)","isPartOf":{"@id":"https:\/\/exceladvisor.org\/de\/#website"},"primaryImageOfPage":{"@id":"https:\/\/exceladvisor.org\/de\/zahle-die-zeilen-2\/#primaryimage"},"image":{"@id":"https:\/\/exceladvisor.org\/de\/zahle-die-zeilen-2\/#primaryimage"},"thumbnailUrl":"https:\/\/exceladvisor.org\/wp-content\/uploads\/2023\/08\/1-nombre-de-rangees.png","datePublished":"2023-11-18T02:27:00+00:00","dateModified":"2023-12-03T13:05:54+00:00","description":"In diesem Tutorial erfahren Sie, wie Sie eine Excel-Formel schreiben, um Zeilen zu z\u00e4hlen (alle, leere, nicht leere und mit Zahlen).","breadcrumb":{"@id":"https:\/\/exceladvisor.org\/de\/zahle-die-zeilen-2\/#breadcrumb"},"inLanguage":"de","potentialAction":[{"@type":"ReadAction","target":["https:\/\/exceladvisor.org\/de\/zahle-die-zeilen-2\/"]}]},{"@type":"ImageObject","inLanguage":"de","@id":"https:\/\/exceladvisor.org\/de\/zahle-die-zeilen-2\/#primaryimage","url":"https:\/\/exceladvisor.org\/wp-content\/uploads\/2023\/08\/1-nombre-de-rangees.png","contentUrl":"https:\/\/exceladvisor.org\/wp-content\/uploads\/2023\/08\/1-nombre-de-rangees.png"},{"@type":"BreadcrumbList","@id":"https:\/\/exceladvisor.org\/de\/zahle-die-zeilen-2\/#breadcrumb","itemListElement":[{"@type":"ListItem","position":1,"name":"Accueil","item":"https:\/\/exceladvisor.org\/de\/"},{"@type":"ListItem","position":2,"name":"Wie z\u00e4hle ich zeilen in excel?"}]},{"@type":"WebSite","@id":"https:\/\/exceladvisor.org\/de\/#website","url":"https:\/\/exceladvisor.org\/de\/","name":"Excel Advisor","description":"Ihr Leitfaden zur Datendominanz","publisher":{"@id":"https:\/\/exceladvisor.org\/de\/#organization"},"potentialAction":[{"@type":"SearchAction","target":{"@type":"EntryPoint","urlTemplate":"https:\/\/exceladvisor.org\/de\/?s={search_term_string}"},"query-input":{"@type":"PropertyValueSpecification","valueRequired":true,"valueName":"search_term_string"}}],"inLanguage":"de"},{"@type":"Organization","@id":"https:\/\/exceladvisor.org\/de\/#organization","name":"Excel Advisor","url":"https:\/\/exceladvisor.org\/de\/","logo":{"@type":"ImageObject","inLanguage":"de","@id":"https:\/\/exceladvisor.org\/de\/#\/schema\/logo\/image\/","url":"https:\/\/exceladvisor.org\/de\/wp-content\/uploads\/2023\/11\/exceladvisor.org_.png","contentUrl":"https:\/\/exceladvisor.org\/de\/wp-content\/uploads\/2023\/11\/exceladvisor.org_.png","width":105,"height":36,"caption":"Excel Advisor"},"image":{"@id":"https:\/\/exceladvisor.org\/de\/#\/schema\/logo\/image\/"}}]}},"yoast_meta":{"yoast_wpseo_title":"","yoast_wpseo_metadesc":"","yoast_wpseo_canonical":""},"_links":{"self":[{"href":"https:\/\/exceladvisor.org\/de\/wp-json\/wp\/v2\/pages\/3012","targetHints":{"allow":["GET"]}}],"collection":[{"href":"https:\/\/exceladvisor.org\/de\/wp-json\/wp\/v2\/pages"}],"about":[{"href":"https:\/\/exceladvisor.org\/de\/wp-json\/wp\/v2\/types\/page"}],"author":[{"embeddable":true,"href":"https:\/\/exceladvisor.org\/de\/wp-json\/wp\/v2\/users\/1"}],"replies":[{"embeddable":true,"href":"https:\/\/exceladvisor.org\/de\/wp-json\/wp\/v2\/comments?post=3012"}],"version-history":[{"count":1,"href":"https:\/\/exceladvisor.org\/de\/wp-json\/wp\/v2\/pages\/3012\/revisions"}],"predecessor-version":[{"id":4422,"href":"https:\/\/exceladvisor.org\/de\/wp-json\/wp\/v2\/pages\/3012\/revisions\/4422"}],"wp:attachment":[{"href":"https:\/\/exceladvisor.org\/de\/wp-json\/wp\/v2\/media?parent=3012"}],"curies":[{"name":"wp","href":"https:\/\/api.w.org\/{rel}","templated":true}]}}