{"id":3016,"date":"2023-11-17T23:12:54","date_gmt":"2023-11-17T23:12:54","guid":{"rendered":"https:\/\/exceladvisor.org\/de\/wahlen-sie-den-bereich-aus\/"},"modified":"2023-12-03T13:05:28","modified_gmt":"2023-12-03T13:05:28","slug":"wahlen-sie-den-bereich-aus","status":"publish","type":"page","link":"https:\/\/exceladvisor.org\/de\/wahlen-sie-den-bereich-aus\/","title":{"rendered":"Wie w\u00e4hle ich einen bereich in excel aus?"},"content":{"rendered":"<div class=\"excel-vor-dem-inhalt\" id=\"excel-1886179445\"><script type=\"text\/javascript\">\r\n\tatOptions = {\r\n\t\t'key' : 'c1158f160081d6540a8409e6925dab94',\r\n\t\t'format' : 'iframe',\r\n\t\t'height' : 250,\r\n\t\t'width' : 300,\r\n\t\t'params' : {}\r\n\t};\r\n<\/script>\r\n<script type=\"text\/javascript\" src=\"\/\/www.highperformanceformat.com\/c1158f160081d6540a8409e6925dab94\/invoke.js\"><\/script><\/div> <p>Wenn Sie mit dem Erlernen von Excel beginnen, ist es wichtig zu wissen, wie man einen Bereich ausw\u00e4hlt. In diesem Tutorial lernen wir die verschiedenen Methoden zum Ausw\u00e4hlen eines Bereichs (einzelne Zelle, kontinuierliche und nicht kontinuierliche Zellen) mithilfe von Maus und Tastatur kennen.<\/p><h2 class=\"wp-block-heading\"> W\u00e4hlen Sie eine einzelne Zelle aus<\/h2><p> Um eine einzelne Zelle auszuw\u00e4hlen, m\u00fcssen Sie auf die Zelle klicken, die Sie ausw\u00e4hlen m\u00f6chten. Und sobald Sie die Zelle ausw\u00e4hlen, wird die Adresse derselben Zelle im Feld \u201eName\u201c angezeigt. Sehen wir uns im Schnappschuss unten an, dass wir Zelle A2 ausw\u00e4hlen. <\/p><div class=\"wp-block-image\"><figure class=\"aligncenter size-full\"><img loading=\"lazy\" decoding=\"async\" class=\"wp-image-80034\" src=\"https:\/\/exceladvisor.org\/wp-content\/uploads\/2023\/08\/gif-selectionner-une-seule-cellule.gif\" sizes=\"auto, \" srcset=\"\" alt=\"W\u00e4hlen Sie eine einzelne Zelle aus\" width=\"548\" height=\"386\"><\/figure><\/div><h2 class=\"wp-block-heading\"> W\u00e4hlen Sie den Bereich benachbarter Zellen aus<\/h2><p> Nachdem wir die einzelne Zelle in Excel ausgew\u00e4hlt haben, gehen wir die kurzen Schritte durch, um mehrere Zellen auszuw\u00e4hlen. Angenommen, Sie m\u00f6chten A1:B5 ausw\u00e4hlen:<\/p><ul><li> Platzieren Sie zun\u00e4chst Ihren Cursor auf Zelle (A1).<\/li><li> W\u00e4hlen Sie es dann durch Dr\u00fccken der linken Maustaste aus.<\/li><li> Und nun ziehen Sie den Cursor bei gedr\u00fcckter Maustaste von A1 nach B5. <\/li><\/ul><div class=\"wp-block-image\"><figure class=\"aligncenter size-full\"><img loading=\"lazy\" decoding=\"async\" class=\"wp-image-80035\" src=\"https:\/\/exceladvisor.org\/wp-content\/uploads\/2023\/08\/gif-plage-de-cellules-adjacentes.gif\" sizes=\"auto, \" srcset=\"\" alt=\"Bereich benachbarter Zellen\" width=\"600\" height=\"361\"><\/figure><\/div><h2 class=\"wp-block-heading\"> W\u00e4hlen Sie den Bereich nicht benachbarter Zellen aus<\/h2><p> Manchmal m\u00fcssen Sie w\u00e4hrend der Arbeit mehrere nicht zusammenh\u00e4ngende Zellen im Arbeitsblatt ausw\u00e4hlen (z. B. A4 bis A7, B3 bis B8 und C2 bis C5).<\/p><ul><li> Klicken Sie auf die erste Zelle (A4) und ziehen Sie den Cursor auf A7.<\/li><li> Halten Sie anschlie\u00dfend die Strg-Taste gedr\u00fcckt und w\u00e4hlen Sie nacheinander den n\u00e4chsten nicht angrenzenden Bereich aus.<\/li><li> Am Ende wird der gesamte ausgew\u00e4hlte Zellbereich hervorgehoben.<\/li><\/ul><p class=\"grey-note\"> Sie k\u00f6nnen <kbd>die Strg-Taste<\/kbd> gedr\u00fcckt halten, um nicht zusammenh\u00e4ngende Zeilen oder Spalten auszuw\u00e4hlen. <\/p><div class=\"wp-block-image\"><figure class=\"aligncenter size-full\"><img loading=\"lazy\" decoding=\"async\" class=\"wp-image-80036\" src=\"https:\/\/exceladvisor.org\/wp-content\/uploads\/2023\/08\/gif-plage-de-cellules-non-adjacentes.gif\" sizes=\"auto, \" srcset=\"\" alt=\"Bereich nicht benachbarter Zellen\" width=\"600\" height=\"358\"><\/figure><\/div><h2 class=\"wp-block-heading\"> W\u00e4hlen Sie den Zellbereich in der Zeile aus<\/h2><p> Um den Zellbereich in einer einzelnen Zeile auszuw\u00e4hlen, f\u00fchren Sie die folgenden Schritte aus:<\/p><ul><li> W\u00e4hlen Sie zun\u00e4chst die Zeile aus, in der Sie mehrere Zellen ausw\u00e4hlen m\u00f6chten.<\/li><li> Klicken Sie nun auf eine der Zellen in dieser Zeile.<\/li><li> Platzieren Sie dann den Cursor auf dieser Zelle und ziehen Sie ihn zur letzten auszuw\u00e4hlenden Zelle.<\/li><\/ul><p> Wie im Beispiel unten haben wir die ersten vier Zellen von Zeile 3 ausgew\u00e4hlt. <\/p><div class=\"wp-block-image\"><figure class=\"aligncenter size-full\"><img loading=\"lazy\" decoding=\"async\" class=\"wp-image-80037\" src=\"https:\/\/exceladvisor.org\/wp-content\/uploads\/2023\/08\/gif-plage-de-cellules-daffilee.gif\" sizes=\"auto, \" srcset=\"\" alt=\"Bereich von Zellen in einer Reihe\" width=\"568\" height=\"332\"><\/figure><\/div><h2 class=\"wp-block-heading\"> W\u00e4hlen Sie den Zellbereich in der Spalte aus<\/h2><p> Sie k\u00f6nnen auch die Gruppe von Zellen in einer einzelnen Spalte ausw\u00e4hlen, um eine beliebige Funktion anzuwenden, indem Sie wie folgt vorgehen:<\/p><ul><li> W\u00e4hlen Sie zun\u00e4chst die Spalte aus, in der Sie den Zellbereich ausw\u00e4hlen m\u00f6chten.<\/li><li> Klicken Sie dann auf eine beliebige Zelle und ziehen Sie den Cursor zur letzten Zelle.<\/li><\/ul><p> Nehmen wir ein Beispiel f\u00fcr Spalte C, in der wir die Zellen C3 bis C10 ausgew\u00e4hlt haben. <\/p><div class=\"wp-block-image\"><figure class=\"aligncenter size-full\"><img loading=\"lazy\" decoding=\"async\" class=\"wp-image-80038\" src=\"https:\/\/exceladvisor.org\/wp-content\/uploads\/2023\/08\/gif-plage-de-cellules-dans-une-colonne.gif\" sizes=\"auto, \" srcset=\"\" alt=\"Bereich von Zellen in einer Spalte\" width=\"568\" height=\"390\"><\/figure><\/div><h2 class=\"wp-block-heading\"> W\u00e4hlen Sie alle Zellen im Arbeitsblatt aus<\/h2><p> Hier besteht die gemeinsame Aufgabe aller Excel-Benutzer darin, alle Zellen im Arbeitsblatt auszuw\u00e4hlen. Sie m\u00fcssen auf das kleine umgekehrte Dreieck in der oberen linken Ecke klicken und sehen, dass das gesamte Blatt ausgew\u00e4hlt ist. <\/p><div class=\"wp-block-image\"><figure class=\"aligncenter size-full\"><img loading=\"lazy\" decoding=\"async\" class=\"wp-image-80039\" src=\"https:\/\/exceladvisor.org\/wp-content\/uploads\/2023\/08\/gif-selectionner-une-feuille-entiere-a-partir-du-triangle-superieur.gif\" sizes=\"auto, \" srcset=\"\" alt=\"W\u00e4hlen Sie das gesamte Blatt des oberen Dreiecks aus\" width=\"600\" height=\"308\"><\/figure><\/div><p> Dann k\u00f6nnen Sie auch Tastenkombinationen verwenden, um Zellen im Arbeitsblatt auszuw\u00e4hlen.<\/p><ul><li> Wenn Sie die leere Zelle ohne Daten auf dem Blatt ausgew\u00e4hlt haben, halten Sie Strg + A gedr\u00fcckt. <\/li><\/ul><div class=\"wp-block-image\"><figure class=\"aligncenter size-full is-resized\"><img loading=\"lazy\" decoding=\"async\" class=\"wp-image-80040\" src=\"https:\/\/exceladvisor.org\/wp-content\/uploads\/2023\/08\/gif-selectionner-toutes-les-cellules-ayant-des-cellules-vides.gif\" sizes=\"auto, \" srcset=\"\" alt=\"Alle Zellen mit leeren Zellen ausw\u00e4hlen\" width=\"582\" height=\"348\"><\/figure><\/div><ul><li> Und wenn Sie die Zelle ausw\u00e4hlen, die Daten oder Werte enth\u00e4lt, m\u00fcssen Sie Strg + A + A (zweimal A) gedr\u00fcckt halten, um das gesamte Blatt auszuw\u00e4hlen. Andernfalls werden nur Zellen mit Daten ausgew\u00e4hlt. <\/li><\/ul><div class=\"wp-block-image\"><figure class=\"aligncenter size-full is-resized\"><img loading=\"lazy\" decoding=\"async\" class=\"wp-image-80041\" src=\"https:\/\/exceladvisor.org\/wp-content\/uploads\/2023\/08\/gif-selectionner-une-feuille-avec-des-donnees-dans-une-cellule.gif\" sizes=\"auto, \" srcset=\"\" alt=\"Blatt mit Daten in einer Zelle ausw\u00e4hlen\" width=\"453\" height=\"235\"><\/figure><\/div><div class=\"gb-container gb-container-4db6181c gb-container-mt\"> <a class=\"gb-button gb-button-c5897111 gb-button-text gb-button-mt-button\" href=\"https:\/\/exceladvisor.org\/de\/excel-grundlagen\/\">Microsoft Excel-Grundlagen (Komponenten, Teile und Wissenshinweise)<\/a><h2 class=\"gb-headline gb-headline-665e5f6b gb-headline-text gb-headline-mt-heading\"> Verwandte Tutorials <\/h2><div class=\"gb-grid-wrapper gb-grid-wrapper-a20baf7c gb-grid-wrapper-mt-grid\"><div class=\"gb-grid-column gb-grid-column-65ddf67e\"><div class=\"gb-container gb-container-65ddf67e\"><ul><li> <a href=\"https:\/\/exceladvisor.org\/de\/hyperlinks-hinzufugen-und-entfernen\/\">F\u00fcgen Sie Hyperlinks in Excel hinzu und entfernen Sie sie<\/a><\/li><li> <a href=\"https:\/\/exceladvisor.org\/de\/wasserzeichen-hinzufugen\/\">F\u00fcgen Sie in Excel ein Wasserzeichen hinzu<\/a><\/li><li> <a href=\"https:\/\/exceladvisor.org\/de\/entfernen-sie-ausgeblendete-zeilenspalten\/\">L\u00f6schen Sie ausgeblendete Zeilen in Excel<\/a><\/li><li> <a href=\"https:\/\/exceladvisor.org\/de\/zellen-abwahlen\/\">Zellen in Excel abw\u00e4hlen<\/a><\/li><li> <a href=\"https:\/\/exceladvisor.org\/de\/fugen-sie-eine-spalte-hinzu\/\">F\u00fcgen Sie eine Spalte in Excel hinzu<\/a> <\/li><\/ul><\/div><\/div><div class=\"gb-grid-column gb-grid-column-50067b57\"><div class=\"gb-container gb-container-50067b57\"><\/div><\/div><\/div><\/div>","protected":false},"excerpt":{"rendered":"","protected":false},"author":1,"featured_media":0,"parent":0,"menu_order":0,"comment_status":"open","ping_status":"closed","template":"","meta":{"ub_ctt_via":"","footnotes":""},"class_list":["post-3016","page","type-page","status-publish","hentry"],"featured_image_src":null,"yoast_head":"<!-- This site is optimized with the Yoast SEO plugin v25.4 - https:\/\/yoast.com\/wordpress\/plugins\/seo\/ -->\n<title>\u25b7 Wie w\u00e4hle ich einen Bereich in Excel aus? (Tutorial 2023)<\/title>\n<meta name=\"description\" content=\"Dieses Tutorial konzentriert sich auf die Auswahl eines Bereichs. Dies ist eine wichtige Sache, die man als neuer Excel-Benutzer lernen sollte.\" \/>\n<meta name=\"robots\" content=\"index, follow, max-snippet:-1, max-image-preview:large, max-video-preview:-1\" \/>\n<link rel=\"canonical\" href=\"https:\/\/exceladvisor.org\/de\/wahlen-sie-den-bereich-aus\/\" \/>\n<meta property=\"og:locale\" content=\"de_DE\" \/>\n<meta property=\"og:type\" content=\"article\" \/>\n<meta property=\"og:title\" content=\"\u25b7 Wie w\u00e4hle ich einen Bereich in Excel aus? (Tutorial 2023)\" \/>\n<meta property=\"og:description\" content=\"Dieses Tutorial konzentriert sich auf die Auswahl eines Bereichs. Dies ist eine wichtige Sache, die man als neuer Excel-Benutzer lernen sollte.\" \/>\n<meta property=\"og:url\" content=\"https:\/\/exceladvisor.org\/de\/wahlen-sie-den-bereich-aus\/\" \/>\n<meta property=\"og:site_name\" content=\"Excel Advisor\" \/>\n<meta property=\"article:modified_time\" content=\"2023-12-03T13:05:28+00:00\" \/>\n<meta property=\"og:image\" content=\"https:\/\/exceladvisor.org\/wp-content\/uploads\/2023\/08\/gif-selectionner-une-seule-cellule.gif\" \/>\n<meta name=\"twitter:card\" content=\"summary_large_image\" \/>\n<meta name=\"twitter:label1\" content=\"Gesch\u00e4tzte Lesezeit\" \/>\n\t<meta name=\"twitter:data1\" content=\"3\u00a0Minuten\" \/>\n<script type=\"application\/ld+json\" class=\"yoast-schema-graph\">{\"@context\":\"https:\/\/schema.org\",\"@graph\":[{\"@type\":\"WebPage\",\"@id\":\"https:\/\/exceladvisor.org\/de\/wahlen-sie-den-bereich-aus\/\",\"url\":\"https:\/\/exceladvisor.org\/de\/wahlen-sie-den-bereich-aus\/\",\"name\":\"\u25b7 Wie w\u00e4hle ich einen Bereich in Excel aus? (Tutorial 2023)\",\"isPartOf\":{\"@id\":\"https:\/\/exceladvisor.org\/de\/#website\"},\"primaryImageOfPage\":{\"@id\":\"https:\/\/exceladvisor.org\/de\/wahlen-sie-den-bereich-aus\/#primaryimage\"},\"image\":{\"@id\":\"https:\/\/exceladvisor.org\/de\/wahlen-sie-den-bereich-aus\/#primaryimage\"},\"thumbnailUrl\":\"https:\/\/exceladvisor.org\/wp-content\/uploads\/2023\/08\/gif-selectionner-une-seule-cellule.gif\",\"datePublished\":\"2023-11-17T23:12:54+00:00\",\"dateModified\":\"2023-12-03T13:05:28+00:00\",\"description\":\"Dieses Tutorial konzentriert sich auf die Auswahl eines Bereichs. Dies ist eine wichtige Sache, die man als neuer Excel-Benutzer lernen sollte.\",\"breadcrumb\":{\"@id\":\"https:\/\/exceladvisor.org\/de\/wahlen-sie-den-bereich-aus\/#breadcrumb\"},\"inLanguage\":\"de\",\"potentialAction\":[{\"@type\":\"ReadAction\",\"target\":[\"https:\/\/exceladvisor.org\/de\/wahlen-sie-den-bereich-aus\/\"]}]},{\"@type\":\"ImageObject\",\"inLanguage\":\"de\",\"@id\":\"https:\/\/exceladvisor.org\/de\/wahlen-sie-den-bereich-aus\/#primaryimage\",\"url\":\"https:\/\/exceladvisor.org\/wp-content\/uploads\/2023\/08\/gif-selectionner-une-seule-cellule.gif\",\"contentUrl\":\"https:\/\/exceladvisor.org\/wp-content\/uploads\/2023\/08\/gif-selectionner-une-seule-cellule.gif\"},{\"@type\":\"BreadcrumbList\",\"@id\":\"https:\/\/exceladvisor.org\/de\/wahlen-sie-den-bereich-aus\/#breadcrumb\",\"itemListElement\":[{\"@type\":\"ListItem\",\"position\":1,\"name\":\"Accueil\",\"item\":\"https:\/\/exceladvisor.org\/de\/\"},{\"@type\":\"ListItem\",\"position\":2,\"name\":\"Wie w\u00e4hle ich einen bereich in excel aus?\"}]},{\"@type\":\"WebSite\",\"@id\":\"https:\/\/exceladvisor.org\/de\/#website\",\"url\":\"https:\/\/exceladvisor.org\/de\/\",\"name\":\"Excel Advisor\",\"description\":\"Ihr Leitfaden zur Datendominanz\",\"publisher\":{\"@id\":\"https:\/\/exceladvisor.org\/de\/#organization\"},\"potentialAction\":[{\"@type\":\"SearchAction\",\"target\":{\"@type\":\"EntryPoint\",\"urlTemplate\":\"https:\/\/exceladvisor.org\/de\/?s={search_term_string}\"},\"query-input\":{\"@type\":\"PropertyValueSpecification\",\"valueRequired\":true,\"valueName\":\"search_term_string\"}}],\"inLanguage\":\"de\"},{\"@type\":\"Organization\",\"@id\":\"https:\/\/exceladvisor.org\/de\/#organization\",\"name\":\"Excel Advisor\",\"url\":\"https:\/\/exceladvisor.org\/de\/\",\"logo\":{\"@type\":\"ImageObject\",\"inLanguage\":\"de\",\"@id\":\"https:\/\/exceladvisor.org\/de\/#\/schema\/logo\/image\/\",\"url\":\"https:\/\/exceladvisor.org\/de\/wp-content\/uploads\/2023\/11\/exceladvisor.org_.png\",\"contentUrl\":\"https:\/\/exceladvisor.org\/de\/wp-content\/uploads\/2023\/11\/exceladvisor.org_.png\",\"width\":105,\"height\":36,\"caption\":\"Excel Advisor\"},\"image\":{\"@id\":\"https:\/\/exceladvisor.org\/de\/#\/schema\/logo\/image\/\"}}]}<\/script>\n<!-- \/ Yoast SEO plugin. -->","yoast_head_json":{"title":"\u25b7 Wie w\u00e4hle ich einen Bereich in Excel aus? (Tutorial 2023)","description":"Dieses Tutorial konzentriert sich auf die Auswahl eines Bereichs. Dies ist eine wichtige Sache, die man als neuer Excel-Benutzer lernen sollte.","robots":{"index":"index","follow":"follow","max-snippet":"max-snippet:-1","max-image-preview":"max-image-preview:large","max-video-preview":"max-video-preview:-1"},"canonical":"https:\/\/exceladvisor.org\/de\/wahlen-sie-den-bereich-aus\/","og_locale":"de_DE","og_type":"article","og_title":"\u25b7 Wie w\u00e4hle ich einen Bereich in Excel aus? (Tutorial 2023)","og_description":"Dieses Tutorial konzentriert sich auf die Auswahl eines Bereichs. Dies ist eine wichtige Sache, die man als neuer Excel-Benutzer lernen sollte.","og_url":"https:\/\/exceladvisor.org\/de\/wahlen-sie-den-bereich-aus\/","og_site_name":"Excel Advisor","article_modified_time":"2023-12-03T13:05:28+00:00","og_image":[{"url":"https:\/\/exceladvisor.org\/wp-content\/uploads\/2023\/08\/gif-selectionner-une-seule-cellule.gif","type":"","width":"","height":""}],"twitter_card":"summary_large_image","twitter_misc":{"Gesch\u00e4tzte Lesezeit":"3\u00a0Minuten"},"schema":{"@context":"https:\/\/schema.org","@graph":[{"@type":"WebPage","@id":"https:\/\/exceladvisor.org\/de\/wahlen-sie-den-bereich-aus\/","url":"https:\/\/exceladvisor.org\/de\/wahlen-sie-den-bereich-aus\/","name":"\u25b7 Wie w\u00e4hle ich einen Bereich in Excel aus? (Tutorial 2023)","isPartOf":{"@id":"https:\/\/exceladvisor.org\/de\/#website"},"primaryImageOfPage":{"@id":"https:\/\/exceladvisor.org\/de\/wahlen-sie-den-bereich-aus\/#primaryimage"},"image":{"@id":"https:\/\/exceladvisor.org\/de\/wahlen-sie-den-bereich-aus\/#primaryimage"},"thumbnailUrl":"https:\/\/exceladvisor.org\/wp-content\/uploads\/2023\/08\/gif-selectionner-une-seule-cellule.gif","datePublished":"2023-11-17T23:12:54+00:00","dateModified":"2023-12-03T13:05:28+00:00","description":"Dieses Tutorial konzentriert sich auf die Auswahl eines Bereichs. Dies ist eine wichtige Sache, die man als neuer Excel-Benutzer lernen sollte.","breadcrumb":{"@id":"https:\/\/exceladvisor.org\/de\/wahlen-sie-den-bereich-aus\/#breadcrumb"},"inLanguage":"de","potentialAction":[{"@type":"ReadAction","target":["https:\/\/exceladvisor.org\/de\/wahlen-sie-den-bereich-aus\/"]}]},{"@type":"ImageObject","inLanguage":"de","@id":"https:\/\/exceladvisor.org\/de\/wahlen-sie-den-bereich-aus\/#primaryimage","url":"https:\/\/exceladvisor.org\/wp-content\/uploads\/2023\/08\/gif-selectionner-une-seule-cellule.gif","contentUrl":"https:\/\/exceladvisor.org\/wp-content\/uploads\/2023\/08\/gif-selectionner-une-seule-cellule.gif"},{"@type":"BreadcrumbList","@id":"https:\/\/exceladvisor.org\/de\/wahlen-sie-den-bereich-aus\/#breadcrumb","itemListElement":[{"@type":"ListItem","position":1,"name":"Accueil","item":"https:\/\/exceladvisor.org\/de\/"},{"@type":"ListItem","position":2,"name":"Wie w\u00e4hle ich einen bereich in excel aus?"}]},{"@type":"WebSite","@id":"https:\/\/exceladvisor.org\/de\/#website","url":"https:\/\/exceladvisor.org\/de\/","name":"Excel Advisor","description":"Ihr Leitfaden zur Datendominanz","publisher":{"@id":"https:\/\/exceladvisor.org\/de\/#organization"},"potentialAction":[{"@type":"SearchAction","target":{"@type":"EntryPoint","urlTemplate":"https:\/\/exceladvisor.org\/de\/?s={search_term_string}"},"query-input":{"@type":"PropertyValueSpecification","valueRequired":true,"valueName":"search_term_string"}}],"inLanguage":"de"},{"@type":"Organization","@id":"https:\/\/exceladvisor.org\/de\/#organization","name":"Excel Advisor","url":"https:\/\/exceladvisor.org\/de\/","logo":{"@type":"ImageObject","inLanguage":"de","@id":"https:\/\/exceladvisor.org\/de\/#\/schema\/logo\/image\/","url":"https:\/\/exceladvisor.org\/de\/wp-content\/uploads\/2023\/11\/exceladvisor.org_.png","contentUrl":"https:\/\/exceladvisor.org\/de\/wp-content\/uploads\/2023\/11\/exceladvisor.org_.png","width":105,"height":36,"caption":"Excel Advisor"},"image":{"@id":"https:\/\/exceladvisor.org\/de\/#\/schema\/logo\/image\/"}}]}},"yoast_meta":{"yoast_wpseo_title":"","yoast_wpseo_metadesc":"","yoast_wpseo_canonical":""},"_links":{"self":[{"href":"https:\/\/exceladvisor.org\/de\/wp-json\/wp\/v2\/pages\/3016","targetHints":{"allow":["GET"]}}],"collection":[{"href":"https:\/\/exceladvisor.org\/de\/wp-json\/wp\/v2\/pages"}],"about":[{"href":"https:\/\/exceladvisor.org\/de\/wp-json\/wp\/v2\/types\/page"}],"author":[{"embeddable":true,"href":"https:\/\/exceladvisor.org\/de\/wp-json\/wp\/v2\/users\/1"}],"replies":[{"embeddable":true,"href":"https:\/\/exceladvisor.org\/de\/wp-json\/wp\/v2\/comments?post=3016"}],"version-history":[{"count":1,"href":"https:\/\/exceladvisor.org\/de\/wp-json\/wp\/v2\/pages\/3016\/revisions"}],"predecessor-version":[{"id":4396,"href":"https:\/\/exceladvisor.org\/de\/wp-json\/wp\/v2\/pages\/3016\/revisions\/4396"}],"wp:attachment":[{"href":"https:\/\/exceladvisor.org\/de\/wp-json\/wp\/v2\/media?parent=3016"}],"curies":[{"name":"wp","href":"https:\/\/api.w.org\/{rel}","templated":true}]}}