{"id":3018,"date":"2023-11-17T21:24:59","date_gmt":"2023-11-17T21:24:59","guid":{"rendered":"https:\/\/exceladvisor.org\/de\/fugen-sie-ein-neues-wertearray-hinzu\/"},"modified":"2023-12-03T11:21:14","modified_gmt":"2023-12-03T11:21:14","slug":"fugen-sie-ein-neues-wertearray-hinzu","status":"publish","type":"page","link":"https:\/\/exceladvisor.org\/de\/fugen-sie-ein-neues-wertearray-hinzu\/","title":{"rendered":"Wie f\u00fcge ich per vba einen neuen wert zu einem array hinzu?"},"content":{"rendered":"<div class=\"excel-vor-dem-inhalt\" id=\"excel-3506047215\"><script type=\"text\/javascript\">\r\n\tatOptions = {\r\n\t\t'key' : 'c1158f160081d6540a8409e6925dab94',\r\n\t\t'format' : 'iframe',\r\n\t\t'height' : 250,\r\n\t\t'width' : 300,\r\n\t\t'params' : {}\r\n\t};\r\n<\/script>\r\n<script type=\"text\/javascript\" src=\"\/\/www.highperformanceformat.com\/c1158f160081d6540a8409e6925dab94\/invoke.js\"><\/script><\/div> <p>Um einem vorhandenen Array einen neuen Wert hinzuzuf\u00fcgen, m\u00fcssen Sie \u00fcber ein dynamisches Array verf\u00fcgen, um seine Elemente neu zu definieren. Dabei m\u00fcssen Sie die Werte der alten Elemente beibehalten. Auf diese Weise k\u00f6nnen Sie nur den Wert zum neuen Element hinzuf\u00fcgen, das Sie definieren, und den Rest des Teils intakt lassen.<\/p><p> Unten sehen Sie ein Array, in dem Sie zwei Elemente definiert haben. Da es sich um ein dynamisches Array handelt, verf\u00fcgen Sie \u00fcber eine \u201eReDim\u201c-Anweisung, um zwei Elemente zu definieren und diesen Elementen dann Werte hinzuzuf\u00fcgen. <\/p><div class=\"wp-block-image is-style-default\"><figure class=\"aligncenter size-large is-resized\"><img loading=\"lazy\" decoding=\"async\" class=\"wp-image-57215\" src=\"https:\/\/exceladvisor.org\/wp-content\/uploads\/2023\/08\/1-tableau-dynamique-pour-redefinir-les-elements-1-2.png\" sizes=\"auto, \" srcset=\"\" alt=\"dynamisches Array zum Neudefinieren von Elementen\" width=\"497\" height=\"359\"><\/figure><\/div><p> Anschlie\u00dfend f\u00fcgen wir diesem Array ein drittes Element hinzu.<\/p><h2 class=\"wp-block-heading\"> <strong>F\u00fcgen Sie in VBA einen neuen Wert zu einem Array hinzu<\/strong><\/h2><div class=\"wp-block-image is-style-default\"><figure class=\"aligncenter size-large is-resized\"><img loading=\"lazy\" decoding=\"async\" class=\"wp-image-57216\" src=\"https:\/\/exceladvisor.org\/wp-content\/uploads\/2023\/08\/2-ajouter-une-nouvelle-valeur-a-un-tableau-2.png\" sizes=\"auto, \" srcset=\"\" alt=\"\" width=\"505\" height=\"564\"><\/figure><\/div><ol type=\"1\"><li> Zuerst m\u00fcssen Sie die \u201eReDim\u201c-Anweisung mit dem Schl\u00fcsselwort \u201ePreserve\u201c verwenden, um beide Elemente beizubehalten, einschlie\u00dflich des neuen Elements, f\u00fcr das Sie den Wert hinzuf\u00fcgen m\u00f6chten.<\/li><li> Als n\u00e4chstes m\u00fcssen Sie die Elemente definieren, die Sie im Array haben m\u00f6chten. Hier m\u00fcssen drei Elemente vorhanden sein, daher verwenden wir daf\u00fcr 1 bis 3.<\/li><li> Danach m\u00fcssen Sie dem dritten Element, dem neuen Element, das Sie definiert haben, einen Wert hinzuf\u00fcgen.<\/li><li> Verwenden Sie am Ende <a href=\"https:\/\/exceladvisor.org\/de\/sofortiger-fenster-debugging-druck\/\">debug.print<\/a> , um alle Elemente mit den neuen Elementen im unmittelbaren Fenster abzurufen.<\/li><\/ol><pre class=\"wp-block-code\"> <code class=\"language-visual-basic\" lang=\"visual-basic\">Option Explicit Option Base 1 Sub vba_array_add_value() Dim myArray() As Variant ReDim myArray(2) myArray(1) = 5 myArray(2) = 10 ReDim Preserve myArray(1 To 3) myArray(3) = 15 Debug.Print myArray(1) Debug.Print myArray(2) Debug.Print myArray(3) End Sub<\/code><\/pre><p> Lassen Sie mich noch ein paar Worte mit Ihnen teilen.<\/p><ul><li> Sie sollten ein Array zu Beginn als dynamisches Array deklarieren, wenn Sie wissen, dass Sie dem Array sp\u00e4ter im Code mehr Wert hinzuf\u00fcgen m\u00fcssen.<\/li><li> Mit dieser Methode k\u00f6nnen Sie nur am Ende des Arrays ein neues Element hinzuf\u00fcgen.<\/li><\/ul><div class=\"gb-container gb-container-4db6181c gb-container-mt\"> <a class=\"gb-button gb-button-c5897111 gb-button-text gb-button-mt-button\" href=\"https:\/\/exceladvisor.org\/de\/vba\/\">Was ist VBA<\/a><h2 class=\"gb-headline gb-headline-665e5f6b gb-headline-text gb-headline-mt-heading\"> Erfahren Sie mehr \u00fcber <a href=\"https:\/\/exceladvisor.org\/de\/gemalde\/\">VBA-Tabellen<\/a> <\/h2><div class=\"gb-grid-wrapper gb-grid-wrapper-a20baf7c gb-grid-wrapper-mt-grid\"><div class=\"gb-grid-column gb-grid-column-65ddf67e\"><div class=\"gb-container gb-container-65ddf67e\"><ul><li> <a href=\"https:\/\/exceladvisor.org\/de\/arraygrosse\/\">VBA-Array-L\u00e4nge (Gr\u00f6\u00dfe)<\/a><\/li><li> <a href=\"https:\/\/exceladvisor.org\/de\/tisch-mit-ketten\/\">VBA-Array mit Strings<\/a><\/li><li> <a href=\"https:\/\/exceladvisor.org\/de\/losch-die-tafel\/\">VBA Array l\u00f6schen<\/a><\/li><li> <a href=\"https:\/\/exceladvisor.org\/de\/dynamische-tabelle\/\">Dynamische Tabelle VBA<\/a> <\/li><\/ul><\/div><\/div><div class=\"gb-grid-column gb-grid-column-50067b57\"><div class=\"gb-container gb-container-50067b57\"><ul><li> <a href=\"https:\/\/exceladvisor.org\/de\/vba-loop-array\/\">VBA-Schleife in einem Array<\/a><\/li><li> <a href=\"https:\/\/exceladvisor.org\/de\/mehrdimensionales-array\/\">Mehrdimensionales Array VBA<\/a><\/li><li> <a href=\"https:\/\/exceladvisor.org\/de\/strand-hat-ein-gemalde\/\">VBA-Bereich zu einem Array<\/a><\/li><li> <a href=\"https:\/\/exceladvisor.org\/de\/sortiertisch\/\">VBA-Ausgabetabelle<\/a><\/li><\/ul><\/div><\/div><\/div><\/div>","protected":false},"excerpt":{"rendered":"","protected":false},"author":1,"featured_media":0,"parent":0,"menu_order":0,"comment_status":"open","ping_status":"closed","template":"","meta":{"ub_ctt_via":"","footnotes":""},"class_list":["post-3018","page","type-page","status-publish","hentry"],"featured_image_src":null,"yoast_head":"<!-- This site is optimized with the Yoast SEO plugin v25.4 - https:\/\/yoast.com\/wordpress\/plugins\/seo\/ -->\n<title>Wie f\u00fcge ich per VBA einen neuen Wert zu einem Array hinzu?<\/title>\n<meta name=\"description\" content=\"In diesem Tutorial erfahren Sie, wie Sie in VBA einen neuen Wert zu einem Array hinzuf\u00fcgen. Addieren Sie den Wert zu dem neuen Artikel, den Sie haben\" \/>\n<meta name=\"robots\" content=\"index, follow, max-snippet:-1, max-image-preview:large, max-video-preview:-1\" \/>\n<link rel=\"canonical\" href=\"https:\/\/exceladvisor.org\/de\/fugen-sie-ein-neues-wertearray-hinzu\/\" \/>\n<meta property=\"og:locale\" content=\"de_DE\" \/>\n<meta property=\"og:type\" content=\"article\" \/>\n<meta property=\"og:title\" content=\"Wie f\u00fcge ich per VBA einen neuen Wert zu einem Array hinzu?\" \/>\n<meta property=\"og:description\" content=\"In diesem Tutorial erfahren Sie, wie Sie in VBA einen neuen Wert zu einem Array hinzuf\u00fcgen. Addieren Sie den Wert zu dem neuen Artikel, den Sie haben\" \/>\n<meta property=\"og:url\" content=\"https:\/\/exceladvisor.org\/de\/fugen-sie-ein-neues-wertearray-hinzu\/\" \/>\n<meta property=\"og:site_name\" content=\"Excel Advisor\" \/>\n<meta property=\"article:modified_time\" content=\"2023-12-03T11:21:14+00:00\" \/>\n<meta property=\"og:image\" content=\"https:\/\/exceladvisor.org\/wp-content\/uploads\/2023\/08\/1-tableau-dynamique-pour-redefinir-les-elements-1-2.png\" \/>\n<meta name=\"twitter:card\" content=\"summary_large_image\" \/>\n<meta name=\"twitter:label1\" content=\"Gesch\u00e4tzte Lesezeit\" \/>\n\t<meta name=\"twitter:data1\" content=\"2\u00a0Minuten\" \/>\n<script type=\"application\/ld+json\" class=\"yoast-schema-graph\">{\"@context\":\"https:\/\/schema.org\",\"@graph\":[{\"@type\":\"WebPage\",\"@id\":\"https:\/\/exceladvisor.org\/de\/fugen-sie-ein-neues-wertearray-hinzu\/\",\"url\":\"https:\/\/exceladvisor.org\/de\/fugen-sie-ein-neues-wertearray-hinzu\/\",\"name\":\"Wie f\u00fcge ich per VBA einen neuen Wert zu einem Array hinzu?\",\"isPartOf\":{\"@id\":\"https:\/\/exceladvisor.org\/de\/#website\"},\"primaryImageOfPage\":{\"@id\":\"https:\/\/exceladvisor.org\/de\/fugen-sie-ein-neues-wertearray-hinzu\/#primaryimage\"},\"image\":{\"@id\":\"https:\/\/exceladvisor.org\/de\/fugen-sie-ein-neues-wertearray-hinzu\/#primaryimage\"},\"thumbnailUrl\":\"https:\/\/exceladvisor.org\/wp-content\/uploads\/2023\/08\/1-tableau-dynamique-pour-redefinir-les-elements-1-2.png\",\"datePublished\":\"2023-11-17T21:24:59+00:00\",\"dateModified\":\"2023-12-03T11:21:14+00:00\",\"description\":\"In diesem Tutorial erfahren Sie, wie Sie in VBA einen neuen Wert zu einem Array hinzuf\u00fcgen. Addieren Sie den Wert zu dem neuen Artikel, den Sie haben\",\"breadcrumb\":{\"@id\":\"https:\/\/exceladvisor.org\/de\/fugen-sie-ein-neues-wertearray-hinzu\/#breadcrumb\"},\"inLanguage\":\"de\",\"potentialAction\":[{\"@type\":\"ReadAction\",\"target\":[\"https:\/\/exceladvisor.org\/de\/fugen-sie-ein-neues-wertearray-hinzu\/\"]}]},{\"@type\":\"ImageObject\",\"inLanguage\":\"de\",\"@id\":\"https:\/\/exceladvisor.org\/de\/fugen-sie-ein-neues-wertearray-hinzu\/#primaryimage\",\"url\":\"https:\/\/exceladvisor.org\/wp-content\/uploads\/2023\/08\/1-tableau-dynamique-pour-redefinir-les-elements-1-2.png\",\"contentUrl\":\"https:\/\/exceladvisor.org\/wp-content\/uploads\/2023\/08\/1-tableau-dynamique-pour-redefinir-les-elements-1-2.png\"},{\"@type\":\"BreadcrumbList\",\"@id\":\"https:\/\/exceladvisor.org\/de\/fugen-sie-ein-neues-wertearray-hinzu\/#breadcrumb\",\"itemListElement\":[{\"@type\":\"ListItem\",\"position\":1,\"name\":\"Accueil\",\"item\":\"https:\/\/exceladvisor.org\/de\/\"},{\"@type\":\"ListItem\",\"position\":2,\"name\":\"Wie f\u00fcge ich per vba einen neuen wert zu einem array hinzu?\"}]},{\"@type\":\"WebSite\",\"@id\":\"https:\/\/exceladvisor.org\/de\/#website\",\"url\":\"https:\/\/exceladvisor.org\/de\/\",\"name\":\"Excel Advisor\",\"description\":\"Ihr Leitfaden zur Datendominanz\",\"publisher\":{\"@id\":\"https:\/\/exceladvisor.org\/de\/#organization\"},\"potentialAction\":[{\"@type\":\"SearchAction\",\"target\":{\"@type\":\"EntryPoint\",\"urlTemplate\":\"https:\/\/exceladvisor.org\/de\/?s={search_term_string}\"},\"query-input\":{\"@type\":\"PropertyValueSpecification\",\"valueRequired\":true,\"valueName\":\"search_term_string\"}}],\"inLanguage\":\"de\"},{\"@type\":\"Organization\",\"@id\":\"https:\/\/exceladvisor.org\/de\/#organization\",\"name\":\"Excel Advisor\",\"url\":\"https:\/\/exceladvisor.org\/de\/\",\"logo\":{\"@type\":\"ImageObject\",\"inLanguage\":\"de\",\"@id\":\"https:\/\/exceladvisor.org\/de\/#\/schema\/logo\/image\/\",\"url\":\"https:\/\/exceladvisor.org\/de\/wp-content\/uploads\/2023\/11\/exceladvisor.org_.png\",\"contentUrl\":\"https:\/\/exceladvisor.org\/de\/wp-content\/uploads\/2023\/11\/exceladvisor.org_.png\",\"width\":105,\"height\":36,\"caption\":\"Excel Advisor\"},\"image\":{\"@id\":\"https:\/\/exceladvisor.org\/de\/#\/schema\/logo\/image\/\"}}]}<\/script>\n<!-- \/ Yoast SEO plugin. -->","yoast_head_json":{"title":"Wie f\u00fcge ich per VBA einen neuen Wert zu einem Array hinzu?","description":"In diesem Tutorial erfahren Sie, wie Sie in VBA einen neuen Wert zu einem Array hinzuf\u00fcgen. Addieren Sie den Wert zu dem neuen Artikel, den Sie haben","robots":{"index":"index","follow":"follow","max-snippet":"max-snippet:-1","max-image-preview":"max-image-preview:large","max-video-preview":"max-video-preview:-1"},"canonical":"https:\/\/exceladvisor.org\/de\/fugen-sie-ein-neues-wertearray-hinzu\/","og_locale":"de_DE","og_type":"article","og_title":"Wie f\u00fcge ich per VBA einen neuen Wert zu einem Array hinzu?","og_description":"In diesem Tutorial erfahren Sie, wie Sie in VBA einen neuen Wert zu einem Array hinzuf\u00fcgen. Addieren Sie den Wert zu dem neuen Artikel, den Sie haben","og_url":"https:\/\/exceladvisor.org\/de\/fugen-sie-ein-neues-wertearray-hinzu\/","og_site_name":"Excel Advisor","article_modified_time":"2023-12-03T11:21:14+00:00","og_image":[{"url":"https:\/\/exceladvisor.org\/wp-content\/uploads\/2023\/08\/1-tableau-dynamique-pour-redefinir-les-elements-1-2.png","type":"","width":"","height":""}],"twitter_card":"summary_large_image","twitter_misc":{"Gesch\u00e4tzte Lesezeit":"2\u00a0Minuten"},"schema":{"@context":"https:\/\/schema.org","@graph":[{"@type":"WebPage","@id":"https:\/\/exceladvisor.org\/de\/fugen-sie-ein-neues-wertearray-hinzu\/","url":"https:\/\/exceladvisor.org\/de\/fugen-sie-ein-neues-wertearray-hinzu\/","name":"Wie f\u00fcge ich per VBA einen neuen Wert zu einem Array hinzu?","isPartOf":{"@id":"https:\/\/exceladvisor.org\/de\/#website"},"primaryImageOfPage":{"@id":"https:\/\/exceladvisor.org\/de\/fugen-sie-ein-neues-wertearray-hinzu\/#primaryimage"},"image":{"@id":"https:\/\/exceladvisor.org\/de\/fugen-sie-ein-neues-wertearray-hinzu\/#primaryimage"},"thumbnailUrl":"https:\/\/exceladvisor.org\/wp-content\/uploads\/2023\/08\/1-tableau-dynamique-pour-redefinir-les-elements-1-2.png","datePublished":"2023-11-17T21:24:59+00:00","dateModified":"2023-12-03T11:21:14+00:00","description":"In diesem Tutorial erfahren Sie, wie Sie in VBA einen neuen Wert zu einem Array hinzuf\u00fcgen. Addieren Sie den Wert zu dem neuen Artikel, den Sie haben","breadcrumb":{"@id":"https:\/\/exceladvisor.org\/de\/fugen-sie-ein-neues-wertearray-hinzu\/#breadcrumb"},"inLanguage":"de","potentialAction":[{"@type":"ReadAction","target":["https:\/\/exceladvisor.org\/de\/fugen-sie-ein-neues-wertearray-hinzu\/"]}]},{"@type":"ImageObject","inLanguage":"de","@id":"https:\/\/exceladvisor.org\/de\/fugen-sie-ein-neues-wertearray-hinzu\/#primaryimage","url":"https:\/\/exceladvisor.org\/wp-content\/uploads\/2023\/08\/1-tableau-dynamique-pour-redefinir-les-elements-1-2.png","contentUrl":"https:\/\/exceladvisor.org\/wp-content\/uploads\/2023\/08\/1-tableau-dynamique-pour-redefinir-les-elements-1-2.png"},{"@type":"BreadcrumbList","@id":"https:\/\/exceladvisor.org\/de\/fugen-sie-ein-neues-wertearray-hinzu\/#breadcrumb","itemListElement":[{"@type":"ListItem","position":1,"name":"Accueil","item":"https:\/\/exceladvisor.org\/de\/"},{"@type":"ListItem","position":2,"name":"Wie f\u00fcge ich per vba einen neuen wert zu einem array hinzu?"}]},{"@type":"WebSite","@id":"https:\/\/exceladvisor.org\/de\/#website","url":"https:\/\/exceladvisor.org\/de\/","name":"Excel Advisor","description":"Ihr Leitfaden zur Datendominanz","publisher":{"@id":"https:\/\/exceladvisor.org\/de\/#organization"},"potentialAction":[{"@type":"SearchAction","target":{"@type":"EntryPoint","urlTemplate":"https:\/\/exceladvisor.org\/de\/?s={search_term_string}"},"query-input":{"@type":"PropertyValueSpecification","valueRequired":true,"valueName":"search_term_string"}}],"inLanguage":"de"},{"@type":"Organization","@id":"https:\/\/exceladvisor.org\/de\/#organization","name":"Excel Advisor","url":"https:\/\/exceladvisor.org\/de\/","logo":{"@type":"ImageObject","inLanguage":"de","@id":"https:\/\/exceladvisor.org\/de\/#\/schema\/logo\/image\/","url":"https:\/\/exceladvisor.org\/de\/wp-content\/uploads\/2023\/11\/exceladvisor.org_.png","contentUrl":"https:\/\/exceladvisor.org\/de\/wp-content\/uploads\/2023\/11\/exceladvisor.org_.png","width":105,"height":36,"caption":"Excel Advisor"},"image":{"@id":"https:\/\/exceladvisor.org\/de\/#\/schema\/logo\/image\/"}}]}},"yoast_meta":{"yoast_wpseo_title":"","yoast_wpseo_metadesc":"","yoast_wpseo_canonical":""},"_links":{"self":[{"href":"https:\/\/exceladvisor.org\/de\/wp-json\/wp\/v2\/pages\/3018","targetHints":{"allow":["GET"]}}],"collection":[{"href":"https:\/\/exceladvisor.org\/de\/wp-json\/wp\/v2\/pages"}],"about":[{"href":"https:\/\/exceladvisor.org\/de\/wp-json\/wp\/v2\/types\/page"}],"author":[{"embeddable":true,"href":"https:\/\/exceladvisor.org\/de\/wp-json\/wp\/v2\/users\/1"}],"replies":[{"embeddable":true,"href":"https:\/\/exceladvisor.org\/de\/wp-json\/wp\/v2\/comments?post=3018"}],"version-history":[{"count":1,"href":"https:\/\/exceladvisor.org\/de\/wp-json\/wp\/v2\/pages\/3018\/revisions"}],"predecessor-version":[{"id":4053,"href":"https:\/\/exceladvisor.org\/de\/wp-json\/wp\/v2\/pages\/3018\/revisions\/4053"}],"wp:attachment":[{"href":"https:\/\/exceladvisor.org\/de\/wp-json\/wp\/v2\/media?parent=3018"}],"curies":[{"name":"wp","href":"https:\/\/api.w.org\/{rel}","templated":true}]}}