{"id":3020,"date":"2023-11-17T21:02:46","date_gmt":"2023-11-17T21:02:46","guid":{"rendered":"https:\/\/exceladvisor.org\/de\/mehrdimensionales-array\/"},"modified":"2023-12-03T11:19:44","modified_gmt":"2023-12-03T11:19:44","slug":"mehrdimensionales-array","status":"publish","type":"page","link":"https:\/\/exceladvisor.org\/de\/mehrdimensionales-array\/","title":{"rendered":"Wie erstelle ich eine mehrdimensionale tabelle?"},"content":{"rendered":"<div class=\"excel-vor-dem-inhalt\" id=\"excel-3130877071\"><script type=\"text\/javascript\">\r\n\tatOptions = {\r\n\t\t'key' : 'c1158f160081d6540a8409e6925dab94',\r\n\t\t'format' : 'iframe',\r\n\t\t'height' : 250,\r\n\t\t'width' : 300,\r\n\t\t'params' : {}\r\n\t};\r\n<\/script>\r\n<script type=\"text\/javascript\" src=\"\/\/www.highperformanceformat.com\/c1158f160081d6540a8409e6925dab94\/invoke.js\"><\/script><\/div> <p>Um ein Array mit mehreren Dimensionen zu erstellen, m\u00fcssen Sie die Dimensionen beim Deklarieren des Arrays definieren. Nun, Sie k\u00f6nnen so viele Dimensionen definieren, wie Sie m\u00f6chten (VBA erlaubt 60 Dimensionen), aber Sie m\u00fcssen wahrscheinlich nicht mehr als 2 oder 3 Dimensionen aus einem der Arrays verwenden. Die Verwendung einer zweidimensionalen Tabelle \u00e4hnelt der Verwendung von Zeilen und Spalten.<\/p><p> In diesem Tutorial erfahren Sie, wie Sie ein 2D- und 3D-Array erstellen.<\/p><h2 class=\"wp-block-heading\"> Erstellen Sie ein mehrdimensionales Array in VBA<\/h2><ol><li> Verwenden Sie die <a href=\"https:\/\/exceladvisor.org\/de\/schwach\/\">Dim-Anweisung<\/a> , um das Array mit dem Namen zu deklarieren, den Sie ihm geben m\u00f6chten. <br><img loading=\"lazy\" decoding=\"async\" title=\"1-multidimensionales-Array-1\" src=\"https:\/\/exceladvisor.org\/wp-content\/uploads\/2023\/08\/1-tableau-multidimensionnel-1.png\" sizes=\"auto, \" srcset=\"\" alt=\"\" width=\"466\" height=\"212\"><\/li><li> Geben Sie anschlie\u00dfend eine Startklammer ein und legen Sie die Anzahl der Elemente f\u00fcr die erste Dimension fest. <br><img loading=\"lazy\" decoding=\"async\" title=\"2-Satz-Anzahl-der-Elemente-2\" src=\"https:\/\/exceladvisor.org\/wp-content\/uploads\/2023\/08\/2-definir-le-nombre-delements-2.png\" sizes=\"auto, \" srcset=\"\" alt=\"\" width=\"465\" height=\"218\"><\/li><li> Geben Sie als N\u00e4chstes einen Befehl ein und geben Sie die Anzahl der Elemente ein, die Sie in der zweiten Dimension haben m\u00f6chten. Schlie\u00dfen Sie dann die Klammern. <br><img loading=\"lazy\" decoding=\"async\" title=\"3-Geben Sie eine Artikelanzahl ein\" src=\"https:\/\/exceladvisor.org\/wp-content\/uploads\/2023\/08\/3-entrez-un-nombre-delements.png\" sizes=\"auto, \" srcset=\"\" alt=\"\" width=\"465\" height=\"231\"><\/li><li> Legen Sie am Ende den <a href=\"https:\/\/exceladvisor.org\/de\/variablen\/\">Datentyp<\/a> f\u00fcr die Tabelle auf \u201eVariante\u201c oder einen beliebigen Datentyp fest. <br><img loading=\"lazy\" decoding=\"async\" title=\"4-Tisch-als-Variante-4\" src=\"https:\/\/exceladvisor.org\/wp-content\/uploads\/2023\/08\/4-tableau-en-variante-4.png\" sizes=\"auto, \" srcset=\"\" alt=\"\" width=\"512\" height=\"193\"><\/li><\/ol><p> Hier ist der Code.<\/p><pre class=\"wp-block-code\"> <code class=\"language-visual-basic\" lang=\"visual-basic\">Sub vba_multi_dimensional_array() Dim myArray(5, 2) As Variant myArray(1, 1) = 1 myArray(2, 1) = 2 myArray(3, 1) = 3 myArray(4, 1) = 4 myArray(5, 1) = 5 myArray(1, 2) = 6 myArray(2, 2) = 7 myArray(3, 2) = 8 myArray(4, 2) = 9 myArray(5, 2) = 10 End Sub<\/code><\/pre><p> Der obige Code f\u00fcr die Tabelle erstellt eine Tabelle mit 5 Zeilen und 2 Spalten und sieht folgenderma\u00dfen aus. <\/p><div class=\"wp-block-image\"><figure class=\"aligncenter size-large is-resized\"><img loading=\"lazy\" decoding=\"async\" class=\"wp-image-57145\" src=\"https:\/\/exceladvisor.org\/wp-content\/uploads\/2023\/08\/5-cree-un-tableau-5.png\" sizes=\"auto, \" srcset=\"\" alt=\"Erstelle ein Board 5\" width=\"158\" height=\"121\"><\/figure><\/div><div class=\"gb-container gb-container-4db6181c gb-container-mt\"> <a class=\"gb-button gb-button-c5897111 gb-button-text gb-button-mt-button\" href=\"https:\/\/exceladvisor.org\/de\/vba\/\">Was ist VBA<\/a><h2 class=\"gb-headline gb-headline-665e5f6b gb-headline-text gb-headline-mt-heading\"> Erfahren Sie mehr \u00fcber <a href=\"https:\/\/exceladvisor.org\/de\/gemalde\/\">VBA-Tabellen<\/a> <\/h2><div class=\"gb-grid-wrapper gb-grid-wrapper-a20baf7c gb-grid-wrapper-mt-grid\"><div class=\"gb-grid-column gb-grid-column-65ddf67e\"><div class=\"gb-container gb-container-65ddf67e\"><ul><li> <a href=\"https:\/\/exceladvisor.org\/de\/fugen-sie-ein-neues-wertearray-hinzu\/\">VBA Neuen Wert zum Array hinzuf\u00fcgen<\/a><\/li><li> <a href=\"https:\/\/exceladvisor.org\/de\/arraygrosse\/\">VBA-Array-L\u00e4nge (Gr\u00f6\u00dfe)<\/a><\/li><li> <a href=\"https:\/\/exceladvisor.org\/de\/tisch-mit-ketten\/\">VBA-Array mit Strings<\/a><\/li><li> <a href=\"https:\/\/exceladvisor.org\/de\/losch-die-tafel\/\">VBA Array l\u00f6schen<\/a><\/li><li> <a href=\"https:\/\/exceladvisor.org\/de\/dynamische-tabelle\/\">Dynamische Tabelle VBA<\/a> <\/li><\/ul><\/div><\/div><div class=\"gb-grid-column gb-grid-column-50067b57\"><div class=\"gb-container gb-container-50067b57\"><\/div><\/div><\/div><\/div>","protected":false},"excerpt":{"rendered":"","protected":false},"author":1,"featured_media":0,"parent":0,"menu_order":0,"comment_status":"open","ping_status":"closed","template":"","meta":{"ub_ctt_via":"","footnotes":""},"class_list":["post-3020","page","type-page","status-publish","hentry"],"featured_image_src":null,"yoast_head":"<!-- This site is optimized with the Yoast SEO plugin v25.4 - https:\/\/yoast.com\/wordpress\/plugins\/seo\/ -->\n<title>Wie erstelle ich mit VBA eine mehrdimensionale Tabelle?<\/title>\n<meta name=\"description\" content=\"Um ein Array mit mehreren Dimensionen zu erstellen, m\u00fcssen Sie die Dimensionen beim Deklarieren des Arrays definieren. Ja, du kannst\" \/>\n<meta name=\"robots\" content=\"index, follow, max-snippet:-1, max-image-preview:large, max-video-preview:-1\" \/>\n<link rel=\"canonical\" href=\"https:\/\/exceladvisor.org\/de\/mehrdimensionales-array\/\" \/>\n<meta property=\"og:locale\" content=\"de_DE\" \/>\n<meta property=\"og:type\" content=\"article\" \/>\n<meta property=\"og:title\" content=\"Wie erstelle ich mit VBA eine mehrdimensionale Tabelle?\" \/>\n<meta property=\"og:description\" content=\"Um ein Array mit mehreren Dimensionen zu erstellen, m\u00fcssen Sie die Dimensionen beim Deklarieren des Arrays definieren. Ja, du kannst\" \/>\n<meta property=\"og:url\" content=\"https:\/\/exceladvisor.org\/de\/mehrdimensionales-array\/\" \/>\n<meta property=\"og:site_name\" content=\"Excel Advisor\" \/>\n<meta property=\"article:modified_time\" content=\"2023-12-03T11:19:44+00:00\" \/>\n<meta property=\"og:image\" content=\"https:\/\/exceladvisor.org\/wp-content\/uploads\/2023\/08\/1-tableau-multidimensionnel-1.png\" \/>\n<meta name=\"twitter:card\" content=\"summary_large_image\" \/>\n<meta name=\"twitter:label1\" content=\"Gesch\u00e4tzte Lesezeit\" \/>\n\t<meta name=\"twitter:data1\" content=\"1\u00a0Minute\" \/>\n<script type=\"application\/ld+json\" class=\"yoast-schema-graph\">{\"@context\":\"https:\/\/schema.org\",\"@graph\":[{\"@type\":\"WebPage\",\"@id\":\"https:\/\/exceladvisor.org\/de\/mehrdimensionales-array\/\",\"url\":\"https:\/\/exceladvisor.org\/de\/mehrdimensionales-array\/\",\"name\":\"Wie erstelle ich mit VBA eine mehrdimensionale Tabelle?\",\"isPartOf\":{\"@id\":\"https:\/\/exceladvisor.org\/de\/#website\"},\"primaryImageOfPage\":{\"@id\":\"https:\/\/exceladvisor.org\/de\/mehrdimensionales-array\/#primaryimage\"},\"image\":{\"@id\":\"https:\/\/exceladvisor.org\/de\/mehrdimensionales-array\/#primaryimage\"},\"thumbnailUrl\":\"https:\/\/exceladvisor.org\/wp-content\/uploads\/2023\/08\/1-tableau-multidimensionnel-1.png\",\"datePublished\":\"2023-11-17T21:02:46+00:00\",\"dateModified\":\"2023-12-03T11:19:44+00:00\",\"description\":\"Um ein Array mit mehreren Dimensionen zu erstellen, m\u00fcssen Sie die Dimensionen beim Deklarieren des Arrays definieren. Ja, du kannst\",\"breadcrumb\":{\"@id\":\"https:\/\/exceladvisor.org\/de\/mehrdimensionales-array\/#breadcrumb\"},\"inLanguage\":\"de\",\"potentialAction\":[{\"@type\":\"ReadAction\",\"target\":[\"https:\/\/exceladvisor.org\/de\/mehrdimensionales-array\/\"]}]},{\"@type\":\"ImageObject\",\"inLanguage\":\"de\",\"@id\":\"https:\/\/exceladvisor.org\/de\/mehrdimensionales-array\/#primaryimage\",\"url\":\"https:\/\/exceladvisor.org\/wp-content\/uploads\/2023\/08\/1-tableau-multidimensionnel-1.png\",\"contentUrl\":\"https:\/\/exceladvisor.org\/wp-content\/uploads\/2023\/08\/1-tableau-multidimensionnel-1.png\"},{\"@type\":\"BreadcrumbList\",\"@id\":\"https:\/\/exceladvisor.org\/de\/mehrdimensionales-array\/#breadcrumb\",\"itemListElement\":[{\"@type\":\"ListItem\",\"position\":1,\"name\":\"Accueil\",\"item\":\"https:\/\/exceladvisor.org\/de\/\"},{\"@type\":\"ListItem\",\"position\":2,\"name\":\"Wie erstelle ich eine mehrdimensionale tabelle?\"}]},{\"@type\":\"WebSite\",\"@id\":\"https:\/\/exceladvisor.org\/de\/#website\",\"url\":\"https:\/\/exceladvisor.org\/de\/\",\"name\":\"Excel Advisor\",\"description\":\"Ihr Leitfaden zur Datendominanz\",\"publisher\":{\"@id\":\"https:\/\/exceladvisor.org\/de\/#organization\"},\"potentialAction\":[{\"@type\":\"SearchAction\",\"target\":{\"@type\":\"EntryPoint\",\"urlTemplate\":\"https:\/\/exceladvisor.org\/de\/?s={search_term_string}\"},\"query-input\":{\"@type\":\"PropertyValueSpecification\",\"valueRequired\":true,\"valueName\":\"search_term_string\"}}],\"inLanguage\":\"de\"},{\"@type\":\"Organization\",\"@id\":\"https:\/\/exceladvisor.org\/de\/#organization\",\"name\":\"Excel Advisor\",\"url\":\"https:\/\/exceladvisor.org\/de\/\",\"logo\":{\"@type\":\"ImageObject\",\"inLanguage\":\"de\",\"@id\":\"https:\/\/exceladvisor.org\/de\/#\/schema\/logo\/image\/\",\"url\":\"https:\/\/exceladvisor.org\/de\/wp-content\/uploads\/2023\/11\/exceladvisor.org_.png\",\"contentUrl\":\"https:\/\/exceladvisor.org\/de\/wp-content\/uploads\/2023\/11\/exceladvisor.org_.png\",\"width\":105,\"height\":36,\"caption\":\"Excel Advisor\"},\"image\":{\"@id\":\"https:\/\/exceladvisor.org\/de\/#\/schema\/logo\/image\/\"}}]}<\/script>\n<!-- \/ Yoast SEO plugin. -->","yoast_head_json":{"title":"Wie erstelle ich mit VBA eine mehrdimensionale Tabelle?","description":"Um ein Array mit mehreren Dimensionen zu erstellen, m\u00fcssen Sie die Dimensionen beim Deklarieren des Arrays definieren. Ja, du kannst","robots":{"index":"index","follow":"follow","max-snippet":"max-snippet:-1","max-image-preview":"max-image-preview:large","max-video-preview":"max-video-preview:-1"},"canonical":"https:\/\/exceladvisor.org\/de\/mehrdimensionales-array\/","og_locale":"de_DE","og_type":"article","og_title":"Wie erstelle ich mit VBA eine mehrdimensionale Tabelle?","og_description":"Um ein Array mit mehreren Dimensionen zu erstellen, m\u00fcssen Sie die Dimensionen beim Deklarieren des Arrays definieren. Ja, du kannst","og_url":"https:\/\/exceladvisor.org\/de\/mehrdimensionales-array\/","og_site_name":"Excel Advisor","article_modified_time":"2023-12-03T11:19:44+00:00","og_image":[{"url":"https:\/\/exceladvisor.org\/wp-content\/uploads\/2023\/08\/1-tableau-multidimensionnel-1.png","type":"","width":"","height":""}],"twitter_card":"summary_large_image","twitter_misc":{"Gesch\u00e4tzte Lesezeit":"1\u00a0Minute"},"schema":{"@context":"https:\/\/schema.org","@graph":[{"@type":"WebPage","@id":"https:\/\/exceladvisor.org\/de\/mehrdimensionales-array\/","url":"https:\/\/exceladvisor.org\/de\/mehrdimensionales-array\/","name":"Wie erstelle ich mit VBA eine mehrdimensionale Tabelle?","isPartOf":{"@id":"https:\/\/exceladvisor.org\/de\/#website"},"primaryImageOfPage":{"@id":"https:\/\/exceladvisor.org\/de\/mehrdimensionales-array\/#primaryimage"},"image":{"@id":"https:\/\/exceladvisor.org\/de\/mehrdimensionales-array\/#primaryimage"},"thumbnailUrl":"https:\/\/exceladvisor.org\/wp-content\/uploads\/2023\/08\/1-tableau-multidimensionnel-1.png","datePublished":"2023-11-17T21:02:46+00:00","dateModified":"2023-12-03T11:19:44+00:00","description":"Um ein Array mit mehreren Dimensionen zu erstellen, m\u00fcssen Sie die Dimensionen beim Deklarieren des Arrays definieren. Ja, du kannst","breadcrumb":{"@id":"https:\/\/exceladvisor.org\/de\/mehrdimensionales-array\/#breadcrumb"},"inLanguage":"de","potentialAction":[{"@type":"ReadAction","target":["https:\/\/exceladvisor.org\/de\/mehrdimensionales-array\/"]}]},{"@type":"ImageObject","inLanguage":"de","@id":"https:\/\/exceladvisor.org\/de\/mehrdimensionales-array\/#primaryimage","url":"https:\/\/exceladvisor.org\/wp-content\/uploads\/2023\/08\/1-tableau-multidimensionnel-1.png","contentUrl":"https:\/\/exceladvisor.org\/wp-content\/uploads\/2023\/08\/1-tableau-multidimensionnel-1.png"},{"@type":"BreadcrumbList","@id":"https:\/\/exceladvisor.org\/de\/mehrdimensionales-array\/#breadcrumb","itemListElement":[{"@type":"ListItem","position":1,"name":"Accueil","item":"https:\/\/exceladvisor.org\/de\/"},{"@type":"ListItem","position":2,"name":"Wie erstelle ich eine mehrdimensionale tabelle?"}]},{"@type":"WebSite","@id":"https:\/\/exceladvisor.org\/de\/#website","url":"https:\/\/exceladvisor.org\/de\/","name":"Excel Advisor","description":"Ihr Leitfaden zur Datendominanz","publisher":{"@id":"https:\/\/exceladvisor.org\/de\/#organization"},"potentialAction":[{"@type":"SearchAction","target":{"@type":"EntryPoint","urlTemplate":"https:\/\/exceladvisor.org\/de\/?s={search_term_string}"},"query-input":{"@type":"PropertyValueSpecification","valueRequired":true,"valueName":"search_term_string"}}],"inLanguage":"de"},{"@type":"Organization","@id":"https:\/\/exceladvisor.org\/de\/#organization","name":"Excel Advisor","url":"https:\/\/exceladvisor.org\/de\/","logo":{"@type":"ImageObject","inLanguage":"de","@id":"https:\/\/exceladvisor.org\/de\/#\/schema\/logo\/image\/","url":"https:\/\/exceladvisor.org\/de\/wp-content\/uploads\/2023\/11\/exceladvisor.org_.png","contentUrl":"https:\/\/exceladvisor.org\/de\/wp-content\/uploads\/2023\/11\/exceladvisor.org_.png","width":105,"height":36,"caption":"Excel Advisor"},"image":{"@id":"https:\/\/exceladvisor.org\/de\/#\/schema\/logo\/image\/"}}]}},"yoast_meta":{"yoast_wpseo_title":"","yoast_wpseo_metadesc":"","yoast_wpseo_canonical":""},"_links":{"self":[{"href":"https:\/\/exceladvisor.org\/de\/wp-json\/wp\/v2\/pages\/3020","targetHints":{"allow":["GET"]}}],"collection":[{"href":"https:\/\/exceladvisor.org\/de\/wp-json\/wp\/v2\/pages"}],"about":[{"href":"https:\/\/exceladvisor.org\/de\/wp-json\/wp\/v2\/types\/page"}],"author":[{"embeddable":true,"href":"https:\/\/exceladvisor.org\/de\/wp-json\/wp\/v2\/users\/1"}],"replies":[{"embeddable":true,"href":"https:\/\/exceladvisor.org\/de\/wp-json\/wp\/v2\/comments?post=3020"}],"version-history":[{"count":1,"href":"https:\/\/exceladvisor.org\/de\/wp-json\/wp\/v2\/pages\/3020\/revisions"}],"predecessor-version":[{"id":3960,"href":"https:\/\/exceladvisor.org\/de\/wp-json\/wp\/v2\/pages\/3020\/revisions\/3960"}],"wp:attachment":[{"href":"https:\/\/exceladvisor.org\/de\/wp-json\/wp\/v2\/media?parent=3020"}],"curies":[{"name":"wp","href":"https:\/\/api.w.org\/{rel}","templated":true}]}}