{"id":3021,"date":"2023-11-17T19:39:47","date_gmt":"2023-11-17T19:39:47","guid":{"rendered":"https:\/\/exceladvisor.org\/de\/durchmesser\/"},"modified":"2023-12-03T11:20:26","modified_gmt":"2023-12-03T11:20:26","slug":"durchmesser","status":"publish","type":"page","link":"https:\/\/exceladvisor.org\/de\/durchmesser\/","title":{"rendered":"Wie f\u00fcge ich ein durchmessersymbol in excel ein?"},"content":{"rendered":"<div class=\"excel-vor-dem-inhalt\" id=\"excel-868416761\"><script type=\"text\/javascript\">\r\n\tatOptions = {\r\n\t\t'key' : 'c1158f160081d6540a8409e6925dab94',\r\n\t\t'format' : 'iframe',\r\n\t\t'height' : 250,\r\n\t\t'width' : 300,\r\n\t\t'params' : {}\r\n\t};\r\n<\/script>\r\n<script type=\"text\/javascript\" src=\"\/\/www.highperformanceformat.com\/c1158f160081d6540a8409e6925dab94\/invoke.js\"><\/script><\/div> <p>Das Durchmessersymbol <strong>[\u00d8]<\/strong> ist auch als \u201eDashed O\u201c oder \u201eStrike O\u201c bekannt, da es mit einem Schr\u00e4gstrich versehen ist.<\/p><p> Die Tastatur verf\u00fcgt nicht \u00fcber diese Symboltaste zum direkten Einf\u00fcgen, aber in Excel gibt es viele M\u00f6glichkeiten, dieses Symbol in die Zelle einzuf\u00fcgen.<\/p><p> Und in diesem Tutorial zeigen wir, wie man dasselbe in Zellen einf\u00fcgt.<\/p><h2 id=\"h-insert-diameter-symbol-from-symbol-dialog-box\" class=\"wp-block-heading\"> F\u00fcgen Sie das Durchmessersymbol aus dem Dialogfeld Symbol ein<\/h2><ol><li> W\u00e4hlen Sie zun\u00e4chst die Zelle aus, in die Sie das \u201eDurchmesser\u201c-Symbol einf\u00fcgen m\u00f6chten, und wechseln Sie dann zur Registerkarte \u201eEinf\u00fcgen\u201c.<\/li><li> Klicken Sie anschlie\u00dfend im Men\u00fcband unter der Gruppe \u201eSymbole\u201c auf das Symbol \u201eSymbol\u201c, um das Symboldialogfeld zu \u00f6ffnen. <br><img loading=\"lazy\" decoding=\"async\" title=\"1-Durchmesser-Symbol einf\u00fcgen\" src=\"https:\/\/exceladvisor.org\/wp-content\/uploads\/2023\/08\/1-symbole-de-diametre-de-plaquette.png\" sizes=\"auto, \" srcset=\"\" alt=\"insert-diameter-symbol\" width=\"712\" height=\"207\"><\/li><li> W\u00e4hlen Sie im Symboldialogfeld das Feld \u201eSchriftart\u201c als \u201eCalibri\u201c aus und w\u00e4hlen Sie dann \u201eASCII (dezimal)\u201c im Feld \u201evon\u201c.<\/li><li> Scrollen Sie nun von der rechten Bildlaufleiste nach unten, w\u00e4hlen Sie das Symbol \u201eDurchmesser\u201c aus und klicken Sie dann auf die Schaltfl\u00e4che \u201eEinf\u00fcgen\u201c, um es einzuf\u00fcgen. <br><img loading=\"lazy\" decoding=\"async\" title=\"2-Symbol-Dialogfeld\" src=\"https:\/\/exceladvisor.org\/wp-content\/uploads\/2023\/08\/Boite-de-dialogue-a-2-symboles.png\" sizes=\"auto, \" srcset=\"\" alt=\"symbol-dilaog-box\" width=\"440\" height=\"340\"><\/li><li> Klicken Sie nach dem Einf\u00fcgen auf die Schaltfl\u00e4che \u201eSchlie\u00dfen\u201c, um das Dialogfeld zu schlie\u00dfen. <br><img loading=\"lazy\" decoding=\"async\" title=\"Dialogbox mit 3 Abschlusssymbolen\" src=\"https:\/\/exceladvisor.org\/wp-content\/uploads\/2023\/08\/3-fermer-la-boite-de-dialogue-du-symbole-1.png\" sizes=\"auto, \" srcset=\"\" alt=\"close-symbol-dialog-box\" width=\"443\" height=\"337\"><\/li><\/ol><p class=\"qt-tip\"> <strong>Hinweis:<\/strong> Sie m\u00fcssen mehrmals auf die Schaltfl\u00e4che \u201eEinf\u00fcgen\u201c klicken, wenn Sie das Symbol \u201eDurchmesser\u201c mehrmals in eine Zelle einf\u00fcgen m\u00f6chten. <\/p><div class=\"wp-block-image\"><figure class=\"aligncenter size-full is-resized\"><img loading=\"lazy\" decoding=\"async\" class=\"wp-image-84764\" src=\"https:\/\/exceladvisor.org\/wp-content\/uploads\/2023\/08\/4-symboles-de-diametres-multiples-dans-une-cellule.png\" sizes=\"auto, \" srcset=\"\" alt=\"Symbole mit mehreren Durchmessern in einer Zelle\" width=\"291\" height=\"100\"><\/figure><\/div><h2 id=\"h-insert-diameter-symbol-using-autocorrect-in-excel\" class=\"wp-block-heading\"> F\u00fcgen Sie ein Durchmessersymbol mit der Autokorrektur in Excel ein<\/h2><p> Wenn Sie das Symbol \u201eDurchmesser\u201c h\u00e4ufig verwenden, ist diese \u201e <a href=\"https:\/\/exceladvisor.org\/de\/autokorrektur\/\">AutoKorrektur<\/a> \u201c-Methode m\u00f6glicherweise sehr schnell.<\/p><ol><li> Gehen Sie zun\u00e4chst im Men\u00fcband auf die Registerkarte \u201eDatei\u201c, klicken Sie dann auf \u201eOptionen\u201c und das Dialogfeld \u201eExcel-Optionen\u201c wird ge\u00f6ffnet.<\/li><li> Klicken Sie anschlie\u00dfend im linken Bereich auf \u201eProofing\u201c und dann auf \u201eAutoCorrect-Optionen\u201c. <br><img loading=\"lazy\" decoding=\"async\" title=\"5-Autokorrektur-Option\" src=\"https:\/\/exceladvisor.org\/wp-content\/uploads\/2023\/08\/5-options-de-correction-automatique.png\" sizes=\"auto, \" srcset=\"\" alt=\"autocorrect-option\" width=\"542\" height=\"411\"><\/li><li> Um nun ein Wort durch das Symbol \u201eDurchmesser\u201c zu ersetzen, geben Sie dieses Wort in die Eingabeleiste \u201eErsetzen\u201c und das Symbol \u201eDurchmesser\u201c mit den Tasten \u201eAlt +227\u201c in die Eingabeleiste \u201eErsetzen\u201c durch ein.<\/li><li> Wenn Sie fertig sind, klicken Sie auf OK, um es zu speichern. <br><img loading=\"lazy\" decoding=\"async\" title=\"6-Autokorrektur-Dialog\" src=\"https:\/\/exceladvisor.org\/wp-content\/uploads\/2023\/08\/6-boite-de-dialogue-de-correction-automatique.png\" sizes=\"auto, \" srcset=\"\" alt=\"autocorrect-dialog-box\" width=\"349\" height=\"436\"><\/li><\/ol><p> Da wir das Wort \u201eDia\u201c verwendet haben, um es durch das Symbol \u201eDurchmesser\u201c zu ersetzen, wird es von nun an, sobald Sie das Wort \u201eDia\u201c in die Zelle eingeben, in das Symbol \u201eDurchmesser\u201c umgewandelt.<\/p><h2 id=\"h-insert-diameter-symbol-using-char-function\" class=\"wp-block-heading\"> F\u00fcgen Sie das Durchmessersymbol mit der CHAR-Funktion ein<\/h2><p> Sie m\u00fcssen zu der Zelle gehen, in die Sie es einf\u00fcgen m\u00f6chten, und die Formel \u201eCHAR\u201c mit dem Code \u201e0216\u201c oder \u201e216\u201c eingeben. <\/p><div class=\"wp-block-image\"><figure class=\"aligncenter size-full is-resized\"><img loading=\"lazy\" decoding=\"async\" class=\"wp-image-84767\" src=\"https:\/\/exceladvisor.org\/wp-content\/uploads\/2023\/08\/7-caracteres-pour-inserer-le-symbole-de-diametre.png\" sizes=\"auto, \" srcset=\"\" alt=\"char-to-insert-diameter-symbol\" width=\"391\" height=\"143\"><\/figure><\/div><h2 id=\"h-insert-diameter-symbol-using-alt-key\" class=\"wp-block-heading\"> Mit der Alt-Taste das Durchmessersymbol einf\u00fcgen<\/h2><p> Die unten beschriebene Methode mit der \u201eALT\u201c-Taste zum Einf\u00fcgen dieses Symbols funktioniert nur, wenn Ihre Tastatur \u00fcber einen Ziffernblock verf\u00fcgt.<\/p><ol type=\"1\"><li> Gehen Sie zuerst in die Zelle.<\/li><li> Halten Sie danach die \u201eAlt\u201c-Taste gedr\u00fcckt und dr\u00fccken Sie dann nur \u00fcber den Ziffernblock die Zahl \u201e0216\u201c.<\/li><li> Lassen Sie nun die \u201eAlt\u201c-Taste los und das Symbol wird in die Zelle eingef\u00fcgt.<\/li><\/ol><h2 id=\"h-note\" class=\"wp-block-heading\"> Notiz<\/h2><ul><li> F\u00fcr Mac-Benutzer dr\u00fccken Sie einfach die Tastenkombination \u201eWahl + Umschalt + 0\u201c, um das \u201eDurchmesser\u201c-Symbol in das Arbeitsblatt einzuf\u00fcgen.<\/li><li> Um das Symbol in mehrere Zellen einzuf\u00fcgen oder zu kopieren, verwenden Sie einfach die Option \u201eKopieren und Einf\u00fcgen\u201c oder klicken Sie auf den \u201eF\u00fcllpunkt\u201c und ziehen Sie die Zelle per Drag &amp; Drop.<\/li><\/ul><div class=\"gb-container gb-container-4db6181c gb-container-mt\"> <a class=\"gb-button gb-button-c5897111 gb-button-text gb-button-mt-button\" href=\"https:\/\/exceladvisor.org\/de\/excel-grundlagen\/\">Microsoft Excel-Grundlagen (Komponenten, Teile und Wissenshinweise)<\/a><h2 class=\"gb-headline gb-headline-665e5f6b gb-headline-text gb-headline-mt-heading\"> Verwandte Tutorials <\/h2><div class=\"gb-grid-wrapper gb-grid-wrapper-a20baf7c gb-grid-wrapper-mt-grid\"><div class=\"gb-grid-column gb-grid-column-65ddf67e\"><div class=\"gb-container gb-container-65ddf67e\"><ul><li> <a href=\"https:\/\/exceladvisor.org\/de\/fugen-sie-eine-seitenzahl-hinzu\/\">F\u00fcgen Sie in Excel eine Seitenzahl hinzu<\/a><\/li><li> <a href=\"https:\/\/exceladvisor.org\/de\/komma-stil-anwenden\/\">Wenden Sie den Kommastil in Excel an<\/a><\/li><li> <a href=\"https:\/\/exceladvisor.org\/de\/stange\/\">Durchstreichen in Excel anwenden<\/a><\/li><li> <a href=\"https:\/\/exceladvisor.org\/de\/markieren-sie-leere-zellen\/\">Markieren Sie leere Zellen in Excel<\/a><\/li><li> <a href=\"https:\/\/exceladvisor.org\/de\/rote-negative-zahlen\/\">Machen Sie negative Zahlen in Excel rot<\/a> <\/li><\/ul><\/div><\/div><div class=\"gb-grid-column gb-grid-column-50067b57\"><div class=\"gb-container gb-container-50067b57\"><\/div><\/div><\/div><\/div>","protected":false},"excerpt":{"rendered":"","protected":false},"author":1,"featured_media":0,"parent":0,"menu_order":0,"comment_status":"open","ping_status":"closed","template":"","meta":{"ub_ctt_via":"","footnotes":""},"class_list":["post-3021","page","type-page","status-publish","hentry"],"featured_image_src":null,"yoast_head":"<!-- This site is optimized with the Yoast SEO plugin v25.4 - https:\/\/yoast.com\/wordpress\/plugins\/seo\/ -->\n<title>\u25b7 Wie f\u00fcge ich ein Durchmessersymbol in Excel ein?<\/title>\n<meta name=\"description\" content=\"Die Tastatur verf\u00fcgt nicht \u00fcber diese Symboltaste zum direkten Einf\u00fcgen, aber in Excel gibt es viele M\u00f6glichkeiten, dieses Symbol hinzuzuf\u00fcgen\" \/>\n<meta name=\"robots\" content=\"index, follow, max-snippet:-1, max-image-preview:large, max-video-preview:-1\" \/>\n<link rel=\"canonical\" href=\"https:\/\/exceladvisor.org\/de\/durchmesser\/\" \/>\n<meta property=\"og:locale\" content=\"de_DE\" \/>\n<meta property=\"og:type\" content=\"article\" \/>\n<meta property=\"og:title\" content=\"\u25b7 Wie f\u00fcge ich ein Durchmessersymbol in Excel ein?\" \/>\n<meta property=\"og:description\" content=\"Die Tastatur verf\u00fcgt nicht \u00fcber diese Symboltaste zum direkten Einf\u00fcgen, aber in Excel gibt es viele M\u00f6glichkeiten, dieses Symbol hinzuzuf\u00fcgen\" \/>\n<meta property=\"og:url\" content=\"https:\/\/exceladvisor.org\/de\/durchmesser\/\" \/>\n<meta property=\"og:site_name\" content=\"Excel Advisor\" \/>\n<meta property=\"article:modified_time\" content=\"2023-12-03T11:20:26+00:00\" \/>\n<meta property=\"og:image\" content=\"https:\/\/exceladvisor.org\/wp-content\/uploads\/2023\/08\/1-symbole-de-diametre-de-plaquette.png\" \/>\n<meta name=\"twitter:card\" content=\"summary_large_image\" \/>\n<meta name=\"twitter:label1\" content=\"Gesch\u00e4tzte Lesezeit\" \/>\n\t<meta name=\"twitter:data1\" content=\"3\u00a0Minuten\" \/>\n<script type=\"application\/ld+json\" class=\"yoast-schema-graph\">{\"@context\":\"https:\/\/schema.org\",\"@graph\":[{\"@type\":\"WebPage\",\"@id\":\"https:\/\/exceladvisor.org\/de\/durchmesser\/\",\"url\":\"https:\/\/exceladvisor.org\/de\/durchmesser\/\",\"name\":\"\u25b7 Wie f\u00fcge ich ein Durchmessersymbol in Excel ein?\",\"isPartOf\":{\"@id\":\"https:\/\/exceladvisor.org\/de\/#website\"},\"primaryImageOfPage\":{\"@id\":\"https:\/\/exceladvisor.org\/de\/durchmesser\/#primaryimage\"},\"image\":{\"@id\":\"https:\/\/exceladvisor.org\/de\/durchmesser\/#primaryimage\"},\"thumbnailUrl\":\"https:\/\/exceladvisor.org\/wp-content\/uploads\/2023\/08\/1-symbole-de-diametre-de-plaquette.png\",\"datePublished\":\"2023-11-17T19:39:47+00:00\",\"dateModified\":\"2023-12-03T11:20:26+00:00\",\"description\":\"Die Tastatur verf\u00fcgt nicht \u00fcber diese Symboltaste zum direkten Einf\u00fcgen, aber in Excel gibt es viele M\u00f6glichkeiten, dieses Symbol hinzuzuf\u00fcgen\",\"breadcrumb\":{\"@id\":\"https:\/\/exceladvisor.org\/de\/durchmesser\/#breadcrumb\"},\"inLanguage\":\"de\",\"potentialAction\":[{\"@type\":\"ReadAction\",\"target\":[\"https:\/\/exceladvisor.org\/de\/durchmesser\/\"]}]},{\"@type\":\"ImageObject\",\"inLanguage\":\"de\",\"@id\":\"https:\/\/exceladvisor.org\/de\/durchmesser\/#primaryimage\",\"url\":\"https:\/\/exceladvisor.org\/wp-content\/uploads\/2023\/08\/1-symbole-de-diametre-de-plaquette.png\",\"contentUrl\":\"https:\/\/exceladvisor.org\/wp-content\/uploads\/2023\/08\/1-symbole-de-diametre-de-plaquette.png\"},{\"@type\":\"BreadcrumbList\",\"@id\":\"https:\/\/exceladvisor.org\/de\/durchmesser\/#breadcrumb\",\"itemListElement\":[{\"@type\":\"ListItem\",\"position\":1,\"name\":\"Accueil\",\"item\":\"https:\/\/exceladvisor.org\/de\/\"},{\"@type\":\"ListItem\",\"position\":2,\"name\":\"Wie f\u00fcge ich ein durchmessersymbol in excel ein?\"}]},{\"@type\":\"WebSite\",\"@id\":\"https:\/\/exceladvisor.org\/de\/#website\",\"url\":\"https:\/\/exceladvisor.org\/de\/\",\"name\":\"Excel Advisor\",\"description\":\"Ihr Leitfaden zur Datendominanz\",\"publisher\":{\"@id\":\"https:\/\/exceladvisor.org\/de\/#organization\"},\"potentialAction\":[{\"@type\":\"SearchAction\",\"target\":{\"@type\":\"EntryPoint\",\"urlTemplate\":\"https:\/\/exceladvisor.org\/de\/?s={search_term_string}\"},\"query-input\":{\"@type\":\"PropertyValueSpecification\",\"valueRequired\":true,\"valueName\":\"search_term_string\"}}],\"inLanguage\":\"de\"},{\"@type\":\"Organization\",\"@id\":\"https:\/\/exceladvisor.org\/de\/#organization\",\"name\":\"Excel Advisor\",\"url\":\"https:\/\/exceladvisor.org\/de\/\",\"logo\":{\"@type\":\"ImageObject\",\"inLanguage\":\"de\",\"@id\":\"https:\/\/exceladvisor.org\/de\/#\/schema\/logo\/image\/\",\"url\":\"https:\/\/exceladvisor.org\/de\/wp-content\/uploads\/2023\/11\/exceladvisor.org_.png\",\"contentUrl\":\"https:\/\/exceladvisor.org\/de\/wp-content\/uploads\/2023\/11\/exceladvisor.org_.png\",\"width\":105,\"height\":36,\"caption\":\"Excel Advisor\"},\"image\":{\"@id\":\"https:\/\/exceladvisor.org\/de\/#\/schema\/logo\/image\/\"}}]}<\/script>\n<!-- \/ Yoast SEO plugin. -->","yoast_head_json":{"title":"\u25b7 Wie f\u00fcge ich ein Durchmessersymbol in Excel ein?","description":"Die Tastatur verf\u00fcgt nicht \u00fcber diese Symboltaste zum direkten Einf\u00fcgen, aber in Excel gibt es viele M\u00f6glichkeiten, dieses Symbol hinzuzuf\u00fcgen","robots":{"index":"index","follow":"follow","max-snippet":"max-snippet:-1","max-image-preview":"max-image-preview:large","max-video-preview":"max-video-preview:-1"},"canonical":"https:\/\/exceladvisor.org\/de\/durchmesser\/","og_locale":"de_DE","og_type":"article","og_title":"\u25b7 Wie f\u00fcge ich ein Durchmessersymbol in Excel ein?","og_description":"Die Tastatur verf\u00fcgt nicht \u00fcber diese Symboltaste zum direkten Einf\u00fcgen, aber in Excel gibt es viele M\u00f6glichkeiten, dieses Symbol hinzuzuf\u00fcgen","og_url":"https:\/\/exceladvisor.org\/de\/durchmesser\/","og_site_name":"Excel Advisor","article_modified_time":"2023-12-03T11:20:26+00:00","og_image":[{"url":"https:\/\/exceladvisor.org\/wp-content\/uploads\/2023\/08\/1-symbole-de-diametre-de-plaquette.png","type":"","width":"","height":""}],"twitter_card":"summary_large_image","twitter_misc":{"Gesch\u00e4tzte Lesezeit":"3\u00a0Minuten"},"schema":{"@context":"https:\/\/schema.org","@graph":[{"@type":"WebPage","@id":"https:\/\/exceladvisor.org\/de\/durchmesser\/","url":"https:\/\/exceladvisor.org\/de\/durchmesser\/","name":"\u25b7 Wie f\u00fcge ich ein Durchmessersymbol in Excel ein?","isPartOf":{"@id":"https:\/\/exceladvisor.org\/de\/#website"},"primaryImageOfPage":{"@id":"https:\/\/exceladvisor.org\/de\/durchmesser\/#primaryimage"},"image":{"@id":"https:\/\/exceladvisor.org\/de\/durchmesser\/#primaryimage"},"thumbnailUrl":"https:\/\/exceladvisor.org\/wp-content\/uploads\/2023\/08\/1-symbole-de-diametre-de-plaquette.png","datePublished":"2023-11-17T19:39:47+00:00","dateModified":"2023-12-03T11:20:26+00:00","description":"Die Tastatur verf\u00fcgt nicht \u00fcber diese Symboltaste zum direkten Einf\u00fcgen, aber in Excel gibt es viele M\u00f6glichkeiten, dieses Symbol hinzuzuf\u00fcgen","breadcrumb":{"@id":"https:\/\/exceladvisor.org\/de\/durchmesser\/#breadcrumb"},"inLanguage":"de","potentialAction":[{"@type":"ReadAction","target":["https:\/\/exceladvisor.org\/de\/durchmesser\/"]}]},{"@type":"ImageObject","inLanguage":"de","@id":"https:\/\/exceladvisor.org\/de\/durchmesser\/#primaryimage","url":"https:\/\/exceladvisor.org\/wp-content\/uploads\/2023\/08\/1-symbole-de-diametre-de-plaquette.png","contentUrl":"https:\/\/exceladvisor.org\/wp-content\/uploads\/2023\/08\/1-symbole-de-diametre-de-plaquette.png"},{"@type":"BreadcrumbList","@id":"https:\/\/exceladvisor.org\/de\/durchmesser\/#breadcrumb","itemListElement":[{"@type":"ListItem","position":1,"name":"Accueil","item":"https:\/\/exceladvisor.org\/de\/"},{"@type":"ListItem","position":2,"name":"Wie f\u00fcge ich ein durchmessersymbol in excel ein?"}]},{"@type":"WebSite","@id":"https:\/\/exceladvisor.org\/de\/#website","url":"https:\/\/exceladvisor.org\/de\/","name":"Excel Advisor","description":"Ihr Leitfaden zur Datendominanz","publisher":{"@id":"https:\/\/exceladvisor.org\/de\/#organization"},"potentialAction":[{"@type":"SearchAction","target":{"@type":"EntryPoint","urlTemplate":"https:\/\/exceladvisor.org\/de\/?s={search_term_string}"},"query-input":{"@type":"PropertyValueSpecification","valueRequired":true,"valueName":"search_term_string"}}],"inLanguage":"de"},{"@type":"Organization","@id":"https:\/\/exceladvisor.org\/de\/#organization","name":"Excel Advisor","url":"https:\/\/exceladvisor.org\/de\/","logo":{"@type":"ImageObject","inLanguage":"de","@id":"https:\/\/exceladvisor.org\/de\/#\/schema\/logo\/image\/","url":"https:\/\/exceladvisor.org\/de\/wp-content\/uploads\/2023\/11\/exceladvisor.org_.png","contentUrl":"https:\/\/exceladvisor.org\/de\/wp-content\/uploads\/2023\/11\/exceladvisor.org_.png","width":105,"height":36,"caption":"Excel Advisor"},"image":{"@id":"https:\/\/exceladvisor.org\/de\/#\/schema\/logo\/image\/"}}]}},"yoast_meta":{"yoast_wpseo_title":"","yoast_wpseo_metadesc":"","yoast_wpseo_canonical":""},"_links":{"self":[{"href":"https:\/\/exceladvisor.org\/de\/wp-json\/wp\/v2\/pages\/3021","targetHints":{"allow":["GET"]}}],"collection":[{"href":"https:\/\/exceladvisor.org\/de\/wp-json\/wp\/v2\/pages"}],"about":[{"href":"https:\/\/exceladvisor.org\/de\/wp-json\/wp\/v2\/types\/page"}],"author":[{"embeddable":true,"href":"https:\/\/exceladvisor.org\/de\/wp-json\/wp\/v2\/users\/1"}],"replies":[{"embeddable":true,"href":"https:\/\/exceladvisor.org\/de\/wp-json\/wp\/v2\/comments?post=3021"}],"version-history":[{"count":1,"href":"https:\/\/exceladvisor.org\/de\/wp-json\/wp\/v2\/pages\/3021\/revisions"}],"predecessor-version":[{"id":4006,"href":"https:\/\/exceladvisor.org\/de\/wp-json\/wp\/v2\/pages\/3021\/revisions\/4006"}],"wp:attachment":[{"href":"https:\/\/exceladvisor.org\/de\/wp-json\/wp\/v2\/media?parent=3021"}],"curies":[{"name":"wp","href":"https:\/\/api.w.org\/{rel}","templated":true}]}}