{"id":3022,"date":"2023-11-17T19:29:27","date_gmt":"2023-11-17T19:29:27","guid":{"rendered":"https:\/\/exceladvisor.org\/de\/losch-die-tafel\/"},"modified":"2023-12-03T13:04:17","modified_gmt":"2023-12-03T13:04:17","slug":"losch-die-tafel","status":"publish","type":"page","link":"https:\/\/exceladvisor.org\/de\/losch-die-tafel\/","title":{"rendered":"Wie l\u00f6sche ich eine tabelle in vba?"},"content":{"rendered":"<div class=\"excel-vor-dem-inhalt\" id=\"excel-1614491294\"><script type=\"text\/javascript\">\r\n\tatOptions = {\r\n\t\t'key' : 'c1158f160081d6540a8409e6925dab94',\r\n\t\t'format' : 'iframe',\r\n\t\t'height' : 250,\r\n\t\t'width' : 300,\r\n\t\t'params' : {}\r\n\t};\r\n<\/script>\r\n<script type=\"text\/javascript\" src=\"\/\/www.highperformanceformat.com\/c1158f160081d6540a8409e6925dab94\/invoke.js\"><\/script><\/div> <p>Um ein Array in VBA zu l\u00f6schen, m\u00fcssen Sie die Anweisung \u201eErase\u201c verwenden. F\u00fcgen Sie das Schl\u00fcsselwort \u201eErase\u201c vor dem Namen der Tabelle hinzu, die Sie l\u00f6schen m\u00f6chten. Beachten Sie jedoch, dass alle Werte aus der Tabelle zur\u00fcckgesetzt werden. In der folgenden Tabelle haben Sie 3 Elemente und wir haben die Erase-Anweisung verwendet, um alles zu l\u00f6schen. <\/p><pre class=\"wp-block-code\"> <code class=\"language-visual-basic\" lang=\"visual-basic\">Sub myMacro1() Dim myArray() As Long ReDim myArray(4) myArray(1) = 1 myArray(2) = 2 myArray(3) = 3 myArray(4) = 4 ReDim myArray(1 To 5) MsgBox myArray(3) End Sub<\/code> <\/pre><div class=\"wp-block-image is-style-default\"><figure class=\"aligncenter size-large is-resized\"><img loading=\"lazy\" decoding=\"async\" class=\"wp-image-57463\" src=\"https:\/\/exceladvisor.org\/wp-content\/uploads\/2023\/08\/tableau-clair-vba.png\" sizes=\"auto, \" srcset=\"\" alt=\"vba-clear-array\" width=\"732\" height=\"419\"><\/figure><\/div><p> Und mit dieser Anweisung wurden alle Elemente aus dem Array gel\u00f6scht, und wenn wir <a href=\"https:\/\/exceladvisor.org\/de\/sofortiger-fenster-debugging-druck\/\">Debug.Print (Immediate Window)<\/a> verwenden, um das Array-Element abzurufen, ist nichts mehr \u00fcbrig.<\/p><h2 class=\"wp-block-heading\"> Klare dynamische Tabelle<\/h2><p> Wenn Sie ReDim verwenden, werden alle Elemente gel\u00f6scht. Sie k\u00f6nnen jedoch die Anweisung \u201epreserve\u201c verwenden, um einige Elemente beizubehalten und ein Array teilweise zu l\u00f6schen. Im folgenden Beispiel haben wir ein Array und wir haben den vierten Wert teilweise gel\u00f6scht und dann die Elemente wieder auf 5 gesetzt.<\/p><p> Und wenn Sie ein dynamisches Array teilweise l\u00f6schen m\u00f6chten.<\/p><pre class=\"wp-block-code\"> <code class=\"language-visual-basic\" lang=\"visual-basic\">Sub myMacro2() Dim myArray() As Long ReDim myArray(1 To 4) myArray(1) = 1 myArray(2) = 2 myArray(3) = 3 myArray(4) = 4 'erase position 4 but preserve the 1,2, and 3 ReDim Preserve myArray(1 To 3) 'redefine the array items to five ReDim Preserve myArray(1 To 5) MsgBox myArray(3) End Sub<\/code><\/pre><h2 class=\"wp-block-heading\"> <strong>Wichtige Punkte<\/strong><\/h2><ol type=\"1\"><li> Wenn Sie eine feste Tabelle l\u00f6schen:<ol><li> In einem Array, das alle Werte einer Zeichenfolge enth\u00e4lt, setzt die Erase-Anweisung alle Elemente mit (variabler L\u00e4nge) auf die Zeichenfolge mit der L\u00e4nge Null \u201e \u201c und (fester L\u00e4nge) auf Null zur\u00fcck.<\/li><li> In einem Array mit numerischen Werten setzt die Erase-Anweisung alle Elemente auf Null zur\u00fcck.<\/li><li> In einem Array, das ein variierender Datentyp ist, werden durch Clear-Anweisungen alle Elemente auf leer zur\u00fcckgesetzt.<\/li><li> In einem Array, das Objekte enth\u00e4lt, setzt die Erase-Anweisung alle Elemente auf Null zur\u00fcck.<\/li><li> In einem Array mit Objekten setzt die Erase-Anweisung alle Elemente zur\u00fcck, wenn es sich um eine separate Variable handelt.<\/li><\/ol><\/li><li> Wenn Sie ein dynamisches Array l\u00f6schen, gibt die Erase-Anweisung den vom dynamischen Array verwendeten Speicherplatz frei.<\/li><\/ol><div class=\"gb-container gb-container-4db6181c gb-container-mt\"> <a class=\"gb-button gb-button-c5897111 gb-button-text gb-button-mt-button\" href=\"https:\/\/exceladvisor.org\/de\/vba\/\">Was ist VBA<\/a><h2 class=\"gb-headline gb-headline-665e5f6b gb-headline-text gb-headline-mt-heading\"> Erfahren Sie mehr \u00fcber <a href=\"https:\/\/exceladvisor.org\/de\/gemalde\/\">VBA-Tabellen<\/a> <\/h2><div class=\"gb-grid-wrapper gb-grid-wrapper-a20baf7c gb-grid-wrapper-mt-grid\"><div class=\"gb-grid-column gb-grid-column-65ddf67e\"><div class=\"gb-container gb-container-65ddf67e\"><ul><li> <a href=\"https:\/\/exceladvisor.org\/de\/fugen-sie-ein-neues-wertearray-hinzu\/\">VBA Neuen Wert zum Array hinzuf\u00fcgen<\/a><\/li><li> <a href=\"https:\/\/exceladvisor.org\/de\/arraygrosse\/\">VBA-Array-L\u00e4nge (Gr\u00f6\u00dfe)<\/a><\/li><li> <a href=\"https:\/\/exceladvisor.org\/de\/tisch-mit-ketten\/\">VBA-Array mit Strings<\/a><\/li><li> <a href=\"https:\/\/exceladvisor.org\/de\/dynamische-tabelle\/\">Dynamische Tabelle VBA<\/a> <\/li><\/ul><\/div><\/div><div class=\"gb-grid-column gb-grid-column-50067b57\"><div class=\"gb-container gb-container-50067b57\"><ul><li> <a href=\"https:\/\/exceladvisor.org\/de\/vba-loop-array\/\">VBA-Schleife in einem Array<\/a><\/li><li> <a href=\"https:\/\/exceladvisor.org\/de\/mehrdimensionales-array\/\">Mehrdimensionales Array VBA<\/a><\/li><li> <a href=\"https:\/\/exceladvisor.org\/de\/strand-hat-ein-gemalde\/\">VBA-Bereich zu einem Array<\/a><\/li><li> <a href=\"https:\/\/exceladvisor.org\/de\/sortiertisch\/\">VBA-Ausgabetabelle<\/a><\/li><\/ul><\/div><\/div><\/div><\/div>","protected":false},"excerpt":{"rendered":"","protected":false},"author":1,"featured_media":0,"parent":0,"menu_order":0,"comment_status":"open","ping_status":"closed","template":"","meta":{"ub_ctt_via":"","footnotes":""},"class_list":["post-3022","page","type-page","status-publish","hentry"],"featured_image_src":null,"yoast_head":"<!-- This site is optimized with the Yoast SEO plugin v25.4 - https:\/\/yoast.com\/wordpress\/plugins\/seo\/ -->\n<title>\u25b7 Wie l\u00f6sche ich eine Tabelle in VBA? (Tutorial 2023)<\/title>\n<meta name=\"description\" content=\"Sie m\u00fcssen die \u201eErase\u201c-Anweisung verwenden, um ein Array in VBA zu l\u00f6schen. F\u00fcgen Sie das Schl\u00fcsselwort \u201eErase\u201c vor dem Namen der von Ihnen verwendeten Tabelle hinzu\" \/>\n<meta name=\"robots\" content=\"index, follow, max-snippet:-1, max-image-preview:large, max-video-preview:-1\" \/>\n<link rel=\"canonical\" href=\"https:\/\/exceladvisor.org\/de\/losch-die-tafel\/\" \/>\n<meta property=\"og:locale\" content=\"de_DE\" \/>\n<meta property=\"og:type\" content=\"article\" \/>\n<meta property=\"og:title\" content=\"\u25b7 Wie l\u00f6sche ich eine Tabelle in VBA? (Tutorial 2023)\" \/>\n<meta property=\"og:description\" content=\"Sie m\u00fcssen die \u201eErase\u201c-Anweisung verwenden, um ein Array in VBA zu l\u00f6schen. F\u00fcgen Sie das Schl\u00fcsselwort \u201eErase\u201c vor dem Namen der von Ihnen verwendeten Tabelle hinzu\" \/>\n<meta property=\"og:url\" content=\"https:\/\/exceladvisor.org\/de\/losch-die-tafel\/\" \/>\n<meta property=\"og:site_name\" content=\"Excel Advisor\" \/>\n<meta property=\"article:modified_time\" content=\"2023-12-03T13:04:17+00:00\" \/>\n<meta property=\"og:image\" content=\"https:\/\/exceladvisor.org\/wp-content\/uploads\/2023\/08\/tableau-clair-vba.png\" \/>\n<meta name=\"twitter:card\" content=\"summary_large_image\" \/>\n<meta name=\"twitter:label1\" content=\"Gesch\u00e4tzte Lesezeit\" \/>\n\t<meta name=\"twitter:data1\" content=\"2\u00a0Minuten\" \/>\n<script type=\"application\/ld+json\" class=\"yoast-schema-graph\">{\"@context\":\"https:\/\/schema.org\",\"@graph\":[{\"@type\":\"WebPage\",\"@id\":\"https:\/\/exceladvisor.org\/de\/losch-die-tafel\/\",\"url\":\"https:\/\/exceladvisor.org\/de\/losch-die-tafel\/\",\"name\":\"\u25b7 Wie l\u00f6sche ich eine Tabelle in VBA? (Tutorial 2023)\",\"isPartOf\":{\"@id\":\"https:\/\/exceladvisor.org\/de\/#website\"},\"primaryImageOfPage\":{\"@id\":\"https:\/\/exceladvisor.org\/de\/losch-die-tafel\/#primaryimage\"},\"image\":{\"@id\":\"https:\/\/exceladvisor.org\/de\/losch-die-tafel\/#primaryimage\"},\"thumbnailUrl\":\"https:\/\/exceladvisor.org\/wp-content\/uploads\/2023\/08\/tableau-clair-vba.png\",\"datePublished\":\"2023-11-17T19:29:27+00:00\",\"dateModified\":\"2023-12-03T13:04:17+00:00\",\"description\":\"Sie m\u00fcssen die \u201eErase\u201c-Anweisung verwenden, um ein Array in VBA zu l\u00f6schen. F\u00fcgen Sie das Schl\u00fcsselwort \u201eErase\u201c vor dem Namen der von Ihnen verwendeten Tabelle hinzu\",\"breadcrumb\":{\"@id\":\"https:\/\/exceladvisor.org\/de\/losch-die-tafel\/#breadcrumb\"},\"inLanguage\":\"de\",\"potentialAction\":[{\"@type\":\"ReadAction\",\"target\":[\"https:\/\/exceladvisor.org\/de\/losch-die-tafel\/\"]}]},{\"@type\":\"ImageObject\",\"inLanguage\":\"de\",\"@id\":\"https:\/\/exceladvisor.org\/de\/losch-die-tafel\/#primaryimage\",\"url\":\"https:\/\/exceladvisor.org\/wp-content\/uploads\/2023\/08\/tableau-clair-vba.png\",\"contentUrl\":\"https:\/\/exceladvisor.org\/wp-content\/uploads\/2023\/08\/tableau-clair-vba.png\"},{\"@type\":\"BreadcrumbList\",\"@id\":\"https:\/\/exceladvisor.org\/de\/losch-die-tafel\/#breadcrumb\",\"itemListElement\":[{\"@type\":\"ListItem\",\"position\":1,\"name\":\"Accueil\",\"item\":\"https:\/\/exceladvisor.org\/de\/\"},{\"@type\":\"ListItem\",\"position\":2,\"name\":\"Wie l\u00f6sche ich eine tabelle in vba?\"}]},{\"@type\":\"WebSite\",\"@id\":\"https:\/\/exceladvisor.org\/de\/#website\",\"url\":\"https:\/\/exceladvisor.org\/de\/\",\"name\":\"Excel Advisor\",\"description\":\"Ihr Leitfaden zur Datendominanz\",\"publisher\":{\"@id\":\"https:\/\/exceladvisor.org\/de\/#organization\"},\"potentialAction\":[{\"@type\":\"SearchAction\",\"target\":{\"@type\":\"EntryPoint\",\"urlTemplate\":\"https:\/\/exceladvisor.org\/de\/?s={search_term_string}\"},\"query-input\":{\"@type\":\"PropertyValueSpecification\",\"valueRequired\":true,\"valueName\":\"search_term_string\"}}],\"inLanguage\":\"de\"},{\"@type\":\"Organization\",\"@id\":\"https:\/\/exceladvisor.org\/de\/#organization\",\"name\":\"Excel Advisor\",\"url\":\"https:\/\/exceladvisor.org\/de\/\",\"logo\":{\"@type\":\"ImageObject\",\"inLanguage\":\"de\",\"@id\":\"https:\/\/exceladvisor.org\/de\/#\/schema\/logo\/image\/\",\"url\":\"https:\/\/exceladvisor.org\/de\/wp-content\/uploads\/2023\/11\/exceladvisor.org_.png\",\"contentUrl\":\"https:\/\/exceladvisor.org\/de\/wp-content\/uploads\/2023\/11\/exceladvisor.org_.png\",\"width\":105,\"height\":36,\"caption\":\"Excel Advisor\"},\"image\":{\"@id\":\"https:\/\/exceladvisor.org\/de\/#\/schema\/logo\/image\/\"}}]}<\/script>\n<!-- \/ Yoast SEO plugin. -->","yoast_head_json":{"title":"\u25b7 Wie l\u00f6sche ich eine Tabelle in VBA? (Tutorial 2023)","description":"Sie m\u00fcssen die \u201eErase\u201c-Anweisung verwenden, um ein Array in VBA zu l\u00f6schen. F\u00fcgen Sie das Schl\u00fcsselwort \u201eErase\u201c vor dem Namen der von Ihnen verwendeten Tabelle hinzu","robots":{"index":"index","follow":"follow","max-snippet":"max-snippet:-1","max-image-preview":"max-image-preview:large","max-video-preview":"max-video-preview:-1"},"canonical":"https:\/\/exceladvisor.org\/de\/losch-die-tafel\/","og_locale":"de_DE","og_type":"article","og_title":"\u25b7 Wie l\u00f6sche ich eine Tabelle in VBA? (Tutorial 2023)","og_description":"Sie m\u00fcssen die \u201eErase\u201c-Anweisung verwenden, um ein Array in VBA zu l\u00f6schen. F\u00fcgen Sie das Schl\u00fcsselwort \u201eErase\u201c vor dem Namen der von Ihnen verwendeten Tabelle hinzu","og_url":"https:\/\/exceladvisor.org\/de\/losch-die-tafel\/","og_site_name":"Excel Advisor","article_modified_time":"2023-12-03T13:04:17+00:00","og_image":[{"url":"https:\/\/exceladvisor.org\/wp-content\/uploads\/2023\/08\/tableau-clair-vba.png","type":"","width":"","height":""}],"twitter_card":"summary_large_image","twitter_misc":{"Gesch\u00e4tzte Lesezeit":"2\u00a0Minuten"},"schema":{"@context":"https:\/\/schema.org","@graph":[{"@type":"WebPage","@id":"https:\/\/exceladvisor.org\/de\/losch-die-tafel\/","url":"https:\/\/exceladvisor.org\/de\/losch-die-tafel\/","name":"\u25b7 Wie l\u00f6sche ich eine Tabelle in VBA? (Tutorial 2023)","isPartOf":{"@id":"https:\/\/exceladvisor.org\/de\/#website"},"primaryImageOfPage":{"@id":"https:\/\/exceladvisor.org\/de\/losch-die-tafel\/#primaryimage"},"image":{"@id":"https:\/\/exceladvisor.org\/de\/losch-die-tafel\/#primaryimage"},"thumbnailUrl":"https:\/\/exceladvisor.org\/wp-content\/uploads\/2023\/08\/tableau-clair-vba.png","datePublished":"2023-11-17T19:29:27+00:00","dateModified":"2023-12-03T13:04:17+00:00","description":"Sie m\u00fcssen die \u201eErase\u201c-Anweisung verwenden, um ein Array in VBA zu l\u00f6schen. F\u00fcgen Sie das Schl\u00fcsselwort \u201eErase\u201c vor dem Namen der von Ihnen verwendeten Tabelle hinzu","breadcrumb":{"@id":"https:\/\/exceladvisor.org\/de\/losch-die-tafel\/#breadcrumb"},"inLanguage":"de","potentialAction":[{"@type":"ReadAction","target":["https:\/\/exceladvisor.org\/de\/losch-die-tafel\/"]}]},{"@type":"ImageObject","inLanguage":"de","@id":"https:\/\/exceladvisor.org\/de\/losch-die-tafel\/#primaryimage","url":"https:\/\/exceladvisor.org\/wp-content\/uploads\/2023\/08\/tableau-clair-vba.png","contentUrl":"https:\/\/exceladvisor.org\/wp-content\/uploads\/2023\/08\/tableau-clair-vba.png"},{"@type":"BreadcrumbList","@id":"https:\/\/exceladvisor.org\/de\/losch-die-tafel\/#breadcrumb","itemListElement":[{"@type":"ListItem","position":1,"name":"Accueil","item":"https:\/\/exceladvisor.org\/de\/"},{"@type":"ListItem","position":2,"name":"Wie l\u00f6sche ich eine tabelle in vba?"}]},{"@type":"WebSite","@id":"https:\/\/exceladvisor.org\/de\/#website","url":"https:\/\/exceladvisor.org\/de\/","name":"Excel Advisor","description":"Ihr Leitfaden zur Datendominanz","publisher":{"@id":"https:\/\/exceladvisor.org\/de\/#organization"},"potentialAction":[{"@type":"SearchAction","target":{"@type":"EntryPoint","urlTemplate":"https:\/\/exceladvisor.org\/de\/?s={search_term_string}"},"query-input":{"@type":"PropertyValueSpecification","valueRequired":true,"valueName":"search_term_string"}}],"inLanguage":"de"},{"@type":"Organization","@id":"https:\/\/exceladvisor.org\/de\/#organization","name":"Excel Advisor","url":"https:\/\/exceladvisor.org\/de\/","logo":{"@type":"ImageObject","inLanguage":"de","@id":"https:\/\/exceladvisor.org\/de\/#\/schema\/logo\/image\/","url":"https:\/\/exceladvisor.org\/de\/wp-content\/uploads\/2023\/11\/exceladvisor.org_.png","contentUrl":"https:\/\/exceladvisor.org\/de\/wp-content\/uploads\/2023\/11\/exceladvisor.org_.png","width":105,"height":36,"caption":"Excel Advisor"},"image":{"@id":"https:\/\/exceladvisor.org\/de\/#\/schema\/logo\/image\/"}}]}},"yoast_meta":{"yoast_wpseo_title":"","yoast_wpseo_metadesc":"","yoast_wpseo_canonical":""},"_links":{"self":[{"href":"https:\/\/exceladvisor.org\/de\/wp-json\/wp\/v2\/pages\/3022","targetHints":{"allow":["GET"]}}],"collection":[{"href":"https:\/\/exceladvisor.org\/de\/wp-json\/wp\/v2\/pages"}],"about":[{"href":"https:\/\/exceladvisor.org\/de\/wp-json\/wp\/v2\/types\/page"}],"author":[{"embeddable":true,"href":"https:\/\/exceladvisor.org\/de\/wp-json\/wp\/v2\/users\/1"}],"replies":[{"embeddable":true,"href":"https:\/\/exceladvisor.org\/de\/wp-json\/wp\/v2\/comments?post=3022"}],"version-history":[{"count":1,"href":"https:\/\/exceladvisor.org\/de\/wp-json\/wp\/v2\/pages\/3022\/revisions"}],"predecessor-version":[{"id":4147,"href":"https:\/\/exceladvisor.org\/de\/wp-json\/wp\/v2\/pages\/3022\/revisions\/4147"}],"wp:attachment":[{"href":"https:\/\/exceladvisor.org\/de\/wp-json\/wp\/v2\/media?parent=3022"}],"curies":[{"name":"wp","href":"https:\/\/api.w.org\/{rel}","templated":true}]}}