{"id":3023,"date":"2023-11-17T17:16:59","date_gmt":"2023-11-17T17:16:59","guid":{"rendered":"https:\/\/exceladvisor.org\/de\/explizite-option-2\/"},"modified":"2023-12-03T13:04:52","modified_gmt":"2023-12-03T13:04:52","slug":"explizite-option-2","status":"publish","type":"page","link":"https:\/\/exceladvisor.org\/de\/explizite-option-2\/","title":{"rendered":"Wie verwende ich eine explizite optionsanweisung in vba?"},"content":{"rendered":"<div class=\"excel-vor-dem-inhalt\" id=\"excel-1006158928\"><script type=\"text\/javascript\">\r\n\tatOptions = {\r\n\t\t'key' : 'c1158f160081d6540a8409e6925dab94',\r\n\t\t'format' : 'iframe',\r\n\t\t'height' : 250,\r\n\t\t'width' : 300,\r\n\t\t'params' : {}\r\n\t};\r\n<\/script>\r\n<script type=\"text\/javascript\" src=\"\/\/www.highperformanceformat.com\/c1158f160081d6540a8409e6925dab94\/invoke.js\"><\/script><\/div> <h2 class=\"wp-block-heading\">Wichtige Punkte<\/h2><ul><li> Bei der Option \u201eExplizit\u201c m\u00fcssen Sie alle <a href=\"https:\/\/exceladvisor.org\/de\/variablen\/\">Variablen<\/a> deklarieren.<\/li><li> Dies ist eine Deklaration, die Sie am Anfang eines <a href=\"https:\/\/exceladvisor.org\/de\/modul\/\">Moduls<\/a> verwenden k\u00f6nnen.<\/li><li> Sie k\u00f6nnen es manuell eingeben oder \u00fcber die Optionen aktivieren.<\/li><li> Sie d\u00fcrfen Option Explicit nur einmal verwenden.<\/li><li> Es hilft Ihnen auch, <a href=\"https:\/\/exceladvisor.org\/de\/fehlerbehandlung\/\">Tippfehler<\/a> bei der Verwendung von Variablen zu erkennen.<\/li><\/ul><h2 class=\"wp-block-heading\"> Was ist eine explizite VBA-Option?<\/h2><p> Option Explicit ist eine Anweisung, die Sie am Anfang eines Moduls verwenden k\u00f6nnen, um die Deklaration aller Variablen zu erzwingen. Wenn Sie diese Anweisung hinzuf\u00fcgen, zeigt Ihnen VBA beim Ausf\u00fchren des Codes einen Kompilierungsfehler an und hebt au\u00dferdem die Variable im Code hervor, die Sie deklarieren m\u00fcssen. <\/p><div class=\"wp-block-image\"><figure class=\"aligncenter size-large is-resized\"><img loading=\"lazy\" decoding=\"async\" class=\"wp-image-49733\" src=\"https:\/\/exceladvisor.org\/wp-content\/uploads\/2023\/08\/1-option-vba-explicite.png\" sizes=\"auto, \" srcset=\"\" alt=\"vba-option-explicit\" width=\"325\" height=\"127\"><\/figure><\/div><p> Wenn Sie am Anfang eines Moduls eine explizite Option hinzuf\u00fcgen, f\u00fcgt VBA darunter eine Trennlinie ein, und Sie k\u00f6nnen dann mit dem Schreiben einer Prozedur beginnen. Und wenn Sie \u00fcber die explizite Deklarationsoption verf\u00fcgen und eine Prozedur ausf\u00fchren, pr\u00fcft VBA, ob eine nicht deklarierte Variable vorhanden ist, und zeigt Ihnen eine Fehlermeldung an. <\/p><pre class=\"wp-block-code\"> <code class=\"language-visual-basic\" lang=\"visual-basic\">Option Explicit Sub myMacro() a = 50 MsgBox a End Sub<\/code><\/pre><div class=\"wp-block-image\"><figure class=\"aligncenter size-large is-resized\"><img loading=\"lazy\" decoding=\"async\" class=\"wp-image-49734\" src=\"https:\/\/exceladvisor.org\/wp-content\/uploads\/2023\/08\/2-vba-ajoute-une-ligne-de-separation.png\" sizes=\"auto, \" srcset=\"\" alt=\"VBA-Trennlinie hinzuf\u00fcgen\" width=\"387\" height=\"218\"><\/figure><\/div><p> Oben sehen Sie die Meldung, die Sie erhalten, wenn eine Variable nicht deklariert ist.<\/p><h2 class=\"wp-block-heading\"> Aktivieren Sie die explizite Option in VBA<\/h2><p> <strong>F\u00fchren Sie die folgenden Schritte aus, um eine explizite Optionsanweisung in einem Modul zu aktivieren.<\/strong><\/p><ol><li> \u00d6ffnen Sie zun\u00e4chst den Visual Basic-Editor und klicken Sie im Men\u00fc \u201eExtras\u201c auf \u201eOptionen\u201c. <br><img loading=\"lazy\" decoding=\"async\" title=\"3-enable-option-explicit-in-vba\" src=\"https:\/\/exceladvisor.org\/wp-content\/uploads\/2023\/08\/3-activer-loption-explicite-dans-vba.png\" sizes=\"auto, \" srcset=\"\" alt=\"activate-option-explicit-in-vba\" width=\"521\" height=\"210\"><\/li><li> Gehen Sie anschlie\u00dfend in den Optionen zur Registerkarte \u201eEditor\u201c und aktivieren Sie das Kontrollk\u00e4stchen \u201eVariablendeklaration erforderlich\u201c. <br><img loading=\"lazy\" decoding=\"async\" title=\"4-Tab-Editor und H\u00e4kchen\" src=\"https:\/\/exceladvisor.org\/wp-content\/uploads\/2023\/08\/4-onglet-de-lediteur-et-coche.png\" sizes=\"auto, \" srcset=\"\" alt=\"editor-tab-and-tick-mark\" width=\"525\" height=\"373\"><\/li><li> Klicken Sie am Ende auf OK.<\/li><li> Sobald Sie dies tun, f\u00fcgt VBA jedes Mal, wenn Sie ein neues Modul hinzuf\u00fcgen, eine explizite Option hinzu.<\/li><\/ol><p> Diese Deklaration wird jedoch nicht zu Ihrem vorhandenen Modul hinzugef\u00fcgt, sodass Sie sie einzeln manuell zu jedem der vorhandenen Module hinzuf\u00fcgen m\u00fcssen.<\/p><h2 class=\"wp-block-heading\"> Wie f\u00fcge ich es manuell hinzu?<\/h2><p> Wie bereits erw\u00e4hnt, muss die Option Explicit-Anweisung vor der ersten Modulprozedur (Sub oder Function) stehen. Daher m\u00fcssen Sie diese Deklaration \u00fcber dem ersten Verfahren (Bereich \u201eAllgemeine Deklarationen\u201c) hinzuf\u00fcgen und sicherstellen, dass Sie sie nur einmal hinzuf\u00fcgen. <\/p><div class=\"wp-block-image\"><figure class=\"aligncenter size-large is-resized\"><img loading=\"lazy\" decoding=\"async\" class=\"wp-image-49738\" src=\"https:\/\/exceladvisor.org\/wp-content\/uploads\/2023\/08\/5-zones-de-declarations-generales.png\" sizes=\"auto, \" srcset=\"\" alt=\"allgemeiner-deklarationsbereich\" width=\"344\" height=\"392\"><\/figure><\/div><p> Wenn Sie es innerhalb einer Prozedur oder zwischen zwei Prozeduren hinzuf\u00fcgen, zeigt Ihnen VBA eine Fehlermeldung an, wenn Sie versuchen, einen der Codes des Moduls auszuf\u00fchren. <\/p><div class=\"wp-block-image\"><figure class=\"aligncenter size-large is-resized\"><img loading=\"lazy\" decoding=\"async\" class=\"wp-image-49739\" src=\"https:\/\/exceladvisor.org\/wp-content\/uploads\/2023\/08\/6-vba-vous-montrera-une-erreur.png\" sizes=\"auto, \" srcset=\"\" alt=\"VBA-zeigt-Ihnen-einen-Fehler an\" width=\"488\" height=\"305\"><\/figure><\/div><h2 class=\"wp-block-heading\"> Beispiele (Warum die Verwendung von Option Explicit Statement eine gute Angewohnheit ist)<\/h2><p> Lassen Sie mich Ihnen ein Beispiel zeigen, damit Sie verstehen, warum die Option Explicit-Anweisung dringend empfohlen wird. Schauen Sie sich den folgenden Code an.<\/p><pre class=\"wp-block-code\"> <code class=\"language-visual-basic\" lang=\"visual-basic\">Sub myMacro() Dim myText As String myText = \"Puneet\" MsgBox MyTxt End Sub<\/code><\/pre><p> In diesem Code habe ich eine Variable \u201emyText\u201c als String deklariert und dann den Wert dieser Variablen festgelegt. Und am Ende habe ich ein <a href=\"https:\/\/exceladvisor.org\/de\/vba-nachrichtenbox\/\">Meldungsfeld<\/a> verwendet, das den Wert der Variablen anzeigt, aber wenn Sie genau hinschauen, habe ich diese Variable falsch als \u201eMyTxt\u201c statt \u201emyText\u201c geschrieben. <\/p><div class=\"wp-block-image\"><figure class=\"aligncenter size-large is-resized\"><img loading=\"lazy\" decoding=\"async\" class=\"wp-image-49740\" src=\"https:\/\/exceladvisor.org\/wp-content\/uploads\/2023\/08\/7-a-declare-une-variable.png\" sizes=\"auto, \" srcset=\"\" alt=\"deklarierte Variable\" width=\"284\" height=\"219\"><\/figure><\/div><p> Wenn ich <a href=\"https:\/\/exceladvisor.org\/de\/ein-makro-ausfuhren-2\/\">diesen Code<\/a> jetzt ausf\u00fchre, wird mir ein leeres <a href=\"https:\/\/exceladvisor.org\/de\/vba-nachrichtenbox\/\">Meldungsfeld<\/a> angezeigt. <\/p><div class=\"wp-block-image\"><figure class=\"aligncenter size-large is-resized\"><img loading=\"lazy\" decoding=\"async\" class=\"wp-image-49741\" src=\"https:\/\/exceladvisor.org\/wp-content\/uploads\/2023\/08\/8-boite-de-message-vide.png\" sizes=\"auto, \" srcset=\"\" alt=\"leeres Nachrichtenfeld\" width=\"136\" height=\"146\"><\/figure><\/div><p> Ich brauche Ihre 2 Minuten, um Ihnen zu helfen, das eigentliche Problem hier zu verstehen. Wenn ich den Variablennamen falsch eingegeben habe, betrachtet VBA ihn als separate Variable, und da ich die explizite Optionsanweisung nicht verwende, wird mir kein Fehler angezeigt. <\/p><div class=\"wp-block-image\"><figure class=\"aligncenter size-large is-resized\"><img loading=\"lazy\" decoding=\"async\" class=\"wp-image-49742\" src=\"https:\/\/exceladvisor.org\/wp-content\/uploads\/2023\/08\/9-mal-tape-le-nom-de-la-variable.png\" sizes=\"auto, \" srcset=\"\" alt=\"Tippfehler im Variablennamen\" width=\"278\" height=\"184\"><\/figure><\/div><p> Aus diesem Grund verwendet das Meldungsfeld die zweite (falsch eingegebene) Variable, der kein Wert zugewiesen ist. Denken Sie jetzt eine Sekunde nach. Wenn Sie langen Code schreiben und keine expliziten Optionsanweisungen verwenden, wird es schwierig sein, diesen Fehler zu verfolgen, bis Sie den gesamten Code erneut lesen.<\/p><p> Aber wenn die explizite Deklarationsoption aktiviert ist, erhalte ich eine Fehlermeldung, wenn ich diesen Code ausf\u00fchre. <\/p><div class=\"wp-block-image\"><figure class=\"aligncenter size-large is-resized\"><img loading=\"lazy\" decoding=\"async\" class=\"wp-image-49743\" src=\"https:\/\/exceladvisor.org\/wp-content\/uploads\/2023\/08\/10-utiliser-loption-explicite.png\" sizes=\"auto, \" srcset=\"\" alt=\"use-option-explicit\" width=\"540\" height=\"293\"><\/figure><\/div><pre class=\"wp-block-code\"> <code class=\"language-visual-basic\" lang=\"visual-basic\">Option Explicit Sub myMacro() Dim myText As String myText = \"Puneet\" MsgBox MyTxt End Sub<\/code><\/pre><div class=\"gb-container gb-container-4db6181c gb-container-mt\"> <a class=\"gb-button gb-button-c5897111 gb-button-text gb-button-mt-button\" href=\"https:\/\/exceladvisor.org\/de\/vba\/\">Was ist VBA<\/a><h2 class=\"gb-headline gb-headline-665e5f6b gb-headline-text gb-headline-mt-heading\"> Verwandte Tutorials <\/h2><div class=\"gb-grid-wrapper gb-grid-wrapper-a20baf7c gb-grid-wrapper-mt-grid\"><div class=\"gb-grid-column gb-grid-column-65ddf67e\"><div class=\"gb-container gb-container-65ddf67e\"><ul><li> <a href=\"https:\/\/exceladvisor.org\/de\/globale-variable\/\">Deklarieren Sie eine globale (\u00f6ffentliche) Variable in VBA<\/a><\/li><li> <a href=\"https:\/\/exceladvisor.org\/de\/variabler-bereich\/\">Verwenden Sie in VBA einen Bereich oder eine Zelle als Variable<\/a><\/li><li> <a href=\"https:\/\/exceladvisor.org\/de\/variables-nachrichtenfeld\/\">Variable in einem Meldungsfeld<\/a><\/li><li> <a href=\"https:\/\/exceladvisor.org\/de\/konstanten\/\">Konstantes VBA<\/a><\/li><li> <a href=\"https:\/\/exceladvisor.org\/de\/schwach\/\">Dimmen Sie die VBA-Anweisung<\/a> <\/li><\/ul><\/div><\/div><div class=\"gb-grid-column gb-grid-column-50067b57\"><div class=\"gb-container gb-container-50067b57\"><\/div><\/div><\/div><\/div>","protected":false},"excerpt":{"rendered":"","protected":false},"author":1,"featured_media":0,"parent":0,"menu_order":0,"comment_status":"open","ping_status":"closed","template":"","meta":{"ub_ctt_via":"","footnotes":""},"class_list":["post-3023","page","type-page","status-publish","hentry"],"featured_image_src":null,"yoast_head":"<!-- This site is optimized with the Yoast SEO plugin v25.4 - https:\/\/yoast.com\/wordpress\/plugins\/seo\/ -->\n<title>\u25b7 Wie verwende ich eine explizite Optionsanweisung in VBA?<\/title>\n<meta name=\"description\" content=\"Die explizite Option ist eine Anweisung, die Sie am Anfang eines Moduls verwenden k\u00f6nnen, um die Deklaration aller Variablen zu erzwingen. Wann\" \/>\n<meta name=\"robots\" content=\"index, follow, max-snippet:-1, max-image-preview:large, max-video-preview:-1\" \/>\n<link rel=\"canonical\" href=\"https:\/\/exceladvisor.org\/de\/explizite-option-2\/\" \/>\n<meta property=\"og:locale\" content=\"de_DE\" \/>\n<meta property=\"og:type\" content=\"article\" \/>\n<meta property=\"og:title\" content=\"\u25b7 Wie verwende ich eine explizite Optionsanweisung in VBA?\" \/>\n<meta property=\"og:description\" content=\"Die explizite Option ist eine Anweisung, die Sie am Anfang eines Moduls verwenden k\u00f6nnen, um die Deklaration aller Variablen zu erzwingen. Wann\" \/>\n<meta property=\"og:url\" content=\"https:\/\/exceladvisor.org\/de\/explizite-option-2\/\" \/>\n<meta property=\"og:site_name\" content=\"Excel Advisor\" \/>\n<meta property=\"article:modified_time\" content=\"2023-12-03T13:04:52+00:00\" \/>\n<meta property=\"og:image\" content=\"https:\/\/exceladvisor.org\/wp-content\/uploads\/2023\/08\/1-option-vba-explicite.png\" \/>\n<meta name=\"twitter:card\" content=\"summary_large_image\" \/>\n<meta name=\"twitter:label1\" content=\"Gesch\u00e4tzte Lesezeit\" \/>\n\t<meta name=\"twitter:data1\" content=\"3\u00a0Minuten\" \/>\n<script type=\"application\/ld+json\" class=\"yoast-schema-graph\">{\"@context\":\"https:\/\/schema.org\",\"@graph\":[{\"@type\":\"WebPage\",\"@id\":\"https:\/\/exceladvisor.org\/de\/explizite-option-2\/\",\"url\":\"https:\/\/exceladvisor.org\/de\/explizite-option-2\/\",\"name\":\"\u25b7 Wie verwende ich eine explizite Optionsanweisung in VBA?\",\"isPartOf\":{\"@id\":\"https:\/\/exceladvisor.org\/de\/#website\"},\"primaryImageOfPage\":{\"@id\":\"https:\/\/exceladvisor.org\/de\/explizite-option-2\/#primaryimage\"},\"image\":{\"@id\":\"https:\/\/exceladvisor.org\/de\/explizite-option-2\/#primaryimage\"},\"thumbnailUrl\":\"https:\/\/exceladvisor.org\/wp-content\/uploads\/2023\/08\/1-option-vba-explicite.png\",\"datePublished\":\"2023-11-17T17:16:59+00:00\",\"dateModified\":\"2023-12-03T13:04:52+00:00\",\"description\":\"Die explizite Option ist eine Anweisung, die Sie am Anfang eines Moduls verwenden k\u00f6nnen, um die Deklaration aller Variablen zu erzwingen. Wann\",\"breadcrumb\":{\"@id\":\"https:\/\/exceladvisor.org\/de\/explizite-option-2\/#breadcrumb\"},\"inLanguage\":\"de\",\"potentialAction\":[{\"@type\":\"ReadAction\",\"target\":[\"https:\/\/exceladvisor.org\/de\/explizite-option-2\/\"]}]},{\"@type\":\"ImageObject\",\"inLanguage\":\"de\",\"@id\":\"https:\/\/exceladvisor.org\/de\/explizite-option-2\/#primaryimage\",\"url\":\"https:\/\/exceladvisor.org\/wp-content\/uploads\/2023\/08\/1-option-vba-explicite.png\",\"contentUrl\":\"https:\/\/exceladvisor.org\/wp-content\/uploads\/2023\/08\/1-option-vba-explicite.png\"},{\"@type\":\"BreadcrumbList\",\"@id\":\"https:\/\/exceladvisor.org\/de\/explizite-option-2\/#breadcrumb\",\"itemListElement\":[{\"@type\":\"ListItem\",\"position\":1,\"name\":\"Accueil\",\"item\":\"https:\/\/exceladvisor.org\/de\/\"},{\"@type\":\"ListItem\",\"position\":2,\"name\":\"Wie verwende ich eine explizite optionsanweisung in vba?\"}]},{\"@type\":\"WebSite\",\"@id\":\"https:\/\/exceladvisor.org\/de\/#website\",\"url\":\"https:\/\/exceladvisor.org\/de\/\",\"name\":\"Excel Advisor\",\"description\":\"Ihr Leitfaden zur Datendominanz\",\"publisher\":{\"@id\":\"https:\/\/exceladvisor.org\/de\/#organization\"},\"potentialAction\":[{\"@type\":\"SearchAction\",\"target\":{\"@type\":\"EntryPoint\",\"urlTemplate\":\"https:\/\/exceladvisor.org\/de\/?s={search_term_string}\"},\"query-input\":{\"@type\":\"PropertyValueSpecification\",\"valueRequired\":true,\"valueName\":\"search_term_string\"}}],\"inLanguage\":\"de\"},{\"@type\":\"Organization\",\"@id\":\"https:\/\/exceladvisor.org\/de\/#organization\",\"name\":\"Excel Advisor\",\"url\":\"https:\/\/exceladvisor.org\/de\/\",\"logo\":{\"@type\":\"ImageObject\",\"inLanguage\":\"de\",\"@id\":\"https:\/\/exceladvisor.org\/de\/#\/schema\/logo\/image\/\",\"url\":\"https:\/\/exceladvisor.org\/de\/wp-content\/uploads\/2023\/11\/exceladvisor.org_.png\",\"contentUrl\":\"https:\/\/exceladvisor.org\/de\/wp-content\/uploads\/2023\/11\/exceladvisor.org_.png\",\"width\":105,\"height\":36,\"caption\":\"Excel Advisor\"},\"image\":{\"@id\":\"https:\/\/exceladvisor.org\/de\/#\/schema\/logo\/image\/\"}}]}<\/script>\n<!-- \/ Yoast SEO plugin. -->","yoast_head_json":{"title":"\u25b7 Wie verwende ich eine explizite Optionsanweisung in VBA?","description":"Die explizite Option ist eine Anweisung, die Sie am Anfang eines Moduls verwenden k\u00f6nnen, um die Deklaration aller Variablen zu erzwingen. Wann","robots":{"index":"index","follow":"follow","max-snippet":"max-snippet:-1","max-image-preview":"max-image-preview:large","max-video-preview":"max-video-preview:-1"},"canonical":"https:\/\/exceladvisor.org\/de\/explizite-option-2\/","og_locale":"de_DE","og_type":"article","og_title":"\u25b7 Wie verwende ich eine explizite Optionsanweisung in VBA?","og_description":"Die explizite Option ist eine Anweisung, die Sie am Anfang eines Moduls verwenden k\u00f6nnen, um die Deklaration aller Variablen zu erzwingen. Wann","og_url":"https:\/\/exceladvisor.org\/de\/explizite-option-2\/","og_site_name":"Excel Advisor","article_modified_time":"2023-12-03T13:04:52+00:00","og_image":[{"url":"https:\/\/exceladvisor.org\/wp-content\/uploads\/2023\/08\/1-option-vba-explicite.png","type":"","width":"","height":""}],"twitter_card":"summary_large_image","twitter_misc":{"Gesch\u00e4tzte Lesezeit":"3\u00a0Minuten"},"schema":{"@context":"https:\/\/schema.org","@graph":[{"@type":"WebPage","@id":"https:\/\/exceladvisor.org\/de\/explizite-option-2\/","url":"https:\/\/exceladvisor.org\/de\/explizite-option-2\/","name":"\u25b7 Wie verwende ich eine explizite Optionsanweisung in VBA?","isPartOf":{"@id":"https:\/\/exceladvisor.org\/de\/#website"},"primaryImageOfPage":{"@id":"https:\/\/exceladvisor.org\/de\/explizite-option-2\/#primaryimage"},"image":{"@id":"https:\/\/exceladvisor.org\/de\/explizite-option-2\/#primaryimage"},"thumbnailUrl":"https:\/\/exceladvisor.org\/wp-content\/uploads\/2023\/08\/1-option-vba-explicite.png","datePublished":"2023-11-17T17:16:59+00:00","dateModified":"2023-12-03T13:04:52+00:00","description":"Die explizite Option ist eine Anweisung, die Sie am Anfang eines Moduls verwenden k\u00f6nnen, um die Deklaration aller Variablen zu erzwingen. Wann","breadcrumb":{"@id":"https:\/\/exceladvisor.org\/de\/explizite-option-2\/#breadcrumb"},"inLanguage":"de","potentialAction":[{"@type":"ReadAction","target":["https:\/\/exceladvisor.org\/de\/explizite-option-2\/"]}]},{"@type":"ImageObject","inLanguage":"de","@id":"https:\/\/exceladvisor.org\/de\/explizite-option-2\/#primaryimage","url":"https:\/\/exceladvisor.org\/wp-content\/uploads\/2023\/08\/1-option-vba-explicite.png","contentUrl":"https:\/\/exceladvisor.org\/wp-content\/uploads\/2023\/08\/1-option-vba-explicite.png"},{"@type":"BreadcrumbList","@id":"https:\/\/exceladvisor.org\/de\/explizite-option-2\/#breadcrumb","itemListElement":[{"@type":"ListItem","position":1,"name":"Accueil","item":"https:\/\/exceladvisor.org\/de\/"},{"@type":"ListItem","position":2,"name":"Wie verwende ich eine explizite optionsanweisung in vba?"}]},{"@type":"WebSite","@id":"https:\/\/exceladvisor.org\/de\/#website","url":"https:\/\/exceladvisor.org\/de\/","name":"Excel Advisor","description":"Ihr Leitfaden zur Datendominanz","publisher":{"@id":"https:\/\/exceladvisor.org\/de\/#organization"},"potentialAction":[{"@type":"SearchAction","target":{"@type":"EntryPoint","urlTemplate":"https:\/\/exceladvisor.org\/de\/?s={search_term_string}"},"query-input":{"@type":"PropertyValueSpecification","valueRequired":true,"valueName":"search_term_string"}}],"inLanguage":"de"},{"@type":"Organization","@id":"https:\/\/exceladvisor.org\/de\/#organization","name":"Excel Advisor","url":"https:\/\/exceladvisor.org\/de\/","logo":{"@type":"ImageObject","inLanguage":"de","@id":"https:\/\/exceladvisor.org\/de\/#\/schema\/logo\/image\/","url":"https:\/\/exceladvisor.org\/de\/wp-content\/uploads\/2023\/11\/exceladvisor.org_.png","contentUrl":"https:\/\/exceladvisor.org\/de\/wp-content\/uploads\/2023\/11\/exceladvisor.org_.png","width":105,"height":36,"caption":"Excel Advisor"},"image":{"@id":"https:\/\/exceladvisor.org\/de\/#\/schema\/logo\/image\/"}}]}},"yoast_meta":{"yoast_wpseo_title":"","yoast_wpseo_metadesc":"","yoast_wpseo_canonical":""},"_links":{"self":[{"href":"https:\/\/exceladvisor.org\/de\/wp-json\/wp\/v2\/pages\/3023","targetHints":{"allow":["GET"]}}],"collection":[{"href":"https:\/\/exceladvisor.org\/de\/wp-json\/wp\/v2\/pages"}],"about":[{"href":"https:\/\/exceladvisor.org\/de\/wp-json\/wp\/v2\/types\/page"}],"author":[{"embeddable":true,"href":"https:\/\/exceladvisor.org\/de\/wp-json\/wp\/v2\/users\/1"}],"replies":[{"embeddable":true,"href":"https:\/\/exceladvisor.org\/de\/wp-json\/wp\/v2\/comments?post=3023"}],"version-history":[{"count":1,"href":"https:\/\/exceladvisor.org\/de\/wp-json\/wp\/v2\/pages\/3023\/revisions"}],"predecessor-version":[{"id":4360,"href":"https:\/\/exceladvisor.org\/de\/wp-json\/wp\/v2\/pages\/3023\/revisions\/4360"}],"wp:attachment":[{"href":"https:\/\/exceladvisor.org\/de\/wp-json\/wp\/v2\/media?parent=3023"}],"curies":[{"name":"wp","href":"https:\/\/api.w.org\/{rel}","templated":true}]}}