{"id":3025,"date":"2023-11-17T16:04:13","date_gmt":"2023-11-17T16:04:13","guid":{"rendered":"https:\/\/exceladvisor.org\/de\/formel-ausblenden\/"},"modified":"2023-12-03T13:05:32","modified_gmt":"2023-12-03T13:05:32","slug":"formel-ausblenden","status":"publish","type":"page","link":"https:\/\/exceladvisor.org\/de\/formel-ausblenden\/","title":{"rendered":"Wie verstecke ich eine formel in excel?"},"content":{"rendered":"<div class=\"excel-vor-dem-inhalt\" id=\"excel-2313306057\"><script type=\"text\/javascript\">\r\n\tatOptions = {\r\n\t\t'key' : 'c1158f160081d6540a8409e6925dab94',\r\n\t\t'format' : 'iframe',\r\n\t\t'height' : 250,\r\n\t\t'width' : 300,\r\n\t\t'params' : {}\r\n\t};\r\n<\/script>\r\n<script type=\"text\/javascript\" src=\"\/\/www.highperformanceformat.com\/c1158f160081d6540a8409e6925dab94\/invoke.js\"><\/script><\/div> <figure class=\"wp-block-embed is-type-video is-provider-youtube wp-block-embed-youtube wp-embed-aspect-16-9 wp-has-aspect-ratio\"><div class=\"wp-block-embed__wrapper\"><\/div><\/figure><p> Manchmal schickt man Excel-Dateien an andere und diese \u00e4ndern die Formeln. Oder manchmal m\u00f6chten Sie anderen die Formel einfach nicht zeigen.<\/p><p> Das Ausblenden einer Formel ist eine einfache M\u00f6glichkeit, dies zu tun, damit andere nicht sehen k\u00f6nnen, welche Formel Sie verwendet haben und wie sie berechnet wird.<\/p><p> Nun stellt sich die Frage, wie man die Formel in einer Zelle in Excel ausblenden kann.<\/p><p> Aber bevor wir das tun, wollen wir an diesem Punkt klarstellen, dass es zwei M\u00f6glichkeiten gibt, eine Formel aus einer Zelle anzuzeigen: erstens durch Bearbeiten einer Zelle und zweitens \u00fcber die Bearbeitungsleiste.<\/p><p> Gibt es eine M\u00f6glichkeit, beides zu verhindern? Ja, es ist da. In Excel gibt es daf\u00fcr eine einfache M\u00f6glichkeit, und heute m\u00f6chte ich diesen einfachen Trick mit Ihnen teilen.<\/p><h2 id=\"tab-con-1\" class=\"wp-block-heading\"> Schritt 1: Arbeitsblatt zum Entfernen des Schutzes<\/h2><p> Wenn Sie zu diesem Zeitpunkt auf eine Zelle klicken, wird die gesamte Formel in der Bearbeitungsleiste angezeigt. <\/p><div class=\"wp-block-image\"><figure class=\"aligncenter\"><img decoding=\"async\" src=\"https:\/\/exceladvisor.org\/wp-content\/uploads\/2023\/08\/masquer-la-formule-dans-Excel-saffiche-dans-la-barre-de-formule.png\" sizes=\"\" srcset=\"\" alt=\"\"><\/figure><\/div><ul><li> Zun\u00e4chst m\u00fcssen Sie sicherstellen, dass Ihre Tabelle nicht gesch\u00fctzt ist.<\/li><li> Gehen Sie dazu zur Registerkarte \u201e\u00dcberpr\u00fcfen\u201c und sch\u00fctzen Sie die Gruppe.<\/li><li> Wenn Sie dort die Schaltfl\u00e4che \u201eSchutz der Tabelle aufheben\u201c finden, bedeutet das, dass Ihre Tabelle gesch\u00fctzt ist und Sie den Schutz aufheben m\u00fcssen. <\/li><\/ul><div class=\"wp-block-image\"><figure class=\"aligncenter\"><img decoding=\"async\" src=\"https:\/\/exceladvisor.org\/wp-content\/uploads\/2023\/08\/deproteger-une-feuille-de-calcul-masquer-la-formule-dans-excel-1.png\" sizes=\"\" srcset=\"\" alt=\"\"><\/figure><\/div><ul><li> Klicken Sie auf diese Schaltfl\u00e4che, um den Schutz aufzuheben.<\/li><\/ul><p> Wenn Sie \u00fcber die Schaltfl\u00e4che \u201eBlatt sch\u00fctzen\u201c verf\u00fcgen, bedeutet dies, dass Ihr Arbeitsblatt nicht gesch\u00fctzt ist. \u00dcberspringen Sie in diesem Fall die oben genannten Schritte und beginnen Sie von hier aus.<\/p><h2 id=\"tab-con-2\" class=\"wp-block-heading\"> Schritt 2: Aktivieren Sie die Option \u201eFormel ausblenden\u201c.<\/h2><ul><li> W\u00e4hlen Sie nun die Zelle oder den Zellbereich aus oder w\u00e4hlen Sie alle nicht zusammenh\u00e4ngenden Zellen aus, in denen Sie die Formeln ausblenden m\u00f6chten.<\/li><li> Klicken Sie anschlie\u00dfend mit der rechten Maustaste und w\u00e4hlen Sie die Option \u201eZelle formatieren\u201c. <\/li><\/ul><div class=\"wp-block-image\"><figure class=\"aligncenter\"><img decoding=\"async\" src=\"https:\/\/exceladvisor.org\/wp-content\/uploads\/2023\/08\/clic-droit-et-formater-la-formule-de-masquage-de-cellule-dans-excel-1.png\" sizes=\"\" srcset=\"\" alt=\"\"><\/figure><\/div><ul><li> Navigieren Sie von der Option \u201eZellen formatieren\u201c zur Registerkarte \u201eSchutz\u201c.<\/li><li> Auf der Registerkarte \u201eSchutz\u201c m\u00fcssen Sie zwei Kontrollk\u00e4stchen aktivieren: Das erste ist gesperrt und das zweite ist ausgeblendet.<\/li><li> Markieren Sie beide und klicken Sie auf OK. <\/li><\/ul><div class=\"wp-block-image\"><figure class=\"aligncenter\"><img decoding=\"async\" src=\"https:\/\/exceladvisor.org\/wp-content\/uploads\/2023\/08\/coche-verrouillee-masquee-pour-masquer-la-formule-dans-Excel-1.png\" sizes=\"\" srcset=\"\" alt=\"\"><\/figure><\/div><p> Diese Optionen, die Sie \u00fcberpr\u00fcft haben, l\u00f6sen beide oben besprochenen Probleme.<\/p><p> Die Option \u201eGesperrt\u201c schr\u00e4nkt die Bearbeitung einer Zelle ein und die Option \u201eAusgeblendet\u201c verbirgt eine Formel aus der Bearbeitungsleiste. Der letzte Schritt besteht nun darin, das Arbeitsblatt zu sch\u00fctzen.<\/p><h2 id=\"tab-con-3\" class=\"wp-block-heading\"> Schritt 3: Sch\u00fctzen Sie die Tabelle<\/h2><ul><li> Klicken Sie mit der rechten Maustaste auf die Registerkarte \u201eArbeitsblatt\u201c und dann auf \u201eBlatt sch\u00fctzen\u201c.<\/li><li> Hier m\u00fcssen Sie ein Passwort eingeben. Um ein Passwort einzugeben (zweimal). <\/li><\/ul><div class=\"wp-block-image\"><figure class=\"aligncenter\"><img decoding=\"async\" src=\"https:\/\/exceladvisor.org\/wp-content\/uploads\/2023\/08\/proteger-une-feuille-de-calcul-masquer-la-formule-dans-excel-1.png\" sizes=\"\" srcset=\"\" alt=\"\"><\/figure><\/div><ul><li> Und am Ende klicken Sie auf OK.<\/li><\/ul><p> Jetzt haben alle von Ihnen ausgew\u00e4hlten Zellen eine ausgeblendete Formel in der Formelleiste. <\/p><div class=\"wp-block-image\"><figure class=\"aligncenter\"><img decoding=\"async\" src=\"https:\/\/exceladvisor.org\/wp-content\/uploads\/2023\/08\/une-fois-que-vous-avez-cache-une-formule-dans-excel-1.png\" sizes=\"\" srcset=\"\" alt=\"\"><\/figure><\/div><p> Wenn Sie diese Datei an jemanden senden, kann dieser die Formel nicht sehen oder bearbeiten, es sei denn, dieses Arbeitsblatt ist ungesch\u00fctzt.<\/p><h2 class=\"wp-block-heading\"> Wie finde ich versteckte Formeln?<\/h2><p> Sobald Sie eine Datei mit den oben genannten Schritten sch\u00fctzen, k\u00f6nnen Sie die Formel erst dann sehen, wenn Sie das Arbeitsblatt sch\u00fctzen. Wenn Sie sie jedoch nur in einer gesch\u00fctzten Tabelle finden m\u00f6chten, in der sie sich befinden, k\u00f6nnen Sie die Option \u201eGehe zu Spezial\u201c verwenden.<\/p><ul><li> Gehen Sie zur Registerkarte \u201eStartseite\u201c -&gt; \u201eBearbeiten\u201c -&gt; \u201eSuchen und Ausw\u00e4hlen\u201c -&gt; \u201eGehe zu Spezial\u201c.<\/li><li> W\u00e4hlen Sie die Option \u201eFormeln\u201c und die vier Unteroptionen (Zahlen, Text, Logik, Fehler) und klicken Sie auf OK.<\/li><li> Sobald Sie auf \u201eOK\u201c klicken, w\u00e4hlt Excel alle Zellen im Arbeitsblatt aus, in denen Sie Formeln haben.<\/li><\/ul><p class=\"content-box-green\"> <strong>Eine Formel ausblenden, ohne ein Arbeitsblatt zu sch\u00fctzen:<\/strong> Ich bin sicher, Sie haben diese Idee im Kopf: Wie kann ich eine Formel ausblenden, ohne ein Arbeitsblatt zu sch\u00fctzen? Ich f\u00fcrchte, daf\u00fcr gibt es keine andere Methode. Du musst diesen Weg gehen. Die einzig m\u00f6gliche M\u00f6glichkeit, die ich kenne, besteht darin, einen Makrocode zu erstellen, der beim \u00d6ffnen der Arbeitsmappe ausgef\u00fchrt wird und die <a href=\"https:\/\/exceladvisor.org\/de\/excel-formelleiste\/\">Bearbeitungsleiste<\/a> ausblendet. Aber auch dies ist keine dauerhafte L\u00f6sung.<\/p><h2 class=\"wp-block-heading\"> Abschluss<\/h2><p> Diese Option hilft Ihnen nicht nur dabei, Formeln auszublenden, sondern auch, wenn Sie wichtige Berechnungen vor anderen verbergen m\u00f6chten.<\/p><p> Bis jemand das Passwort hat, sind die Formeln versteckt und sicher. Ich hoffe, dieser Tipp hilft Ihnen bei der Verwaltung Ihrer Tabellenkalkulationen.<\/p><p> Haben Sie schon einmal versucht, eine Formel zu verbergen? Bitte teilen Sie mir Ihre Gedanken im Kommentarbereich mit, ich w\u00fcrde mich freuen, von Ihnen zu h\u00f6ren. Und teilen Sie diesen Tipp unbedingt mit Ihren Freunden.<\/p><div class=\"gb-container gb-container-0df56012 gb-container-mt\"> <a class=\"gb-button gb-button-f9f432f4 gb-button-text gb-button-mt-button\" href=\"https:\/\/exceladvisor.org\/de\/formeln\/\">Liste der Excel-Formeln<\/a><h2 class=\"gb-headline gb-headline-233444e8 gb-headline-text gb-headline-mt-heading\"> Verwandte Formeln <\/h2><div class=\"gb-grid-wrapper gb-grid-wrapper-a16fa65c gb-grid-wrapper-mt-grid\"><div class=\"gb-grid-column gb-grid-column-50d07e0d\"><div class=\"gb-container gb-container-50d07e0d\"><ul><li> <a href=\"https:\/\/exceladvisor.org\/de\/referenz-3d\/\">3D-Referenz in Excel<\/a><\/li><li> <a href=\"https:\/\/exceladvisor.org\/de\/platzhalter-2\/\">Platzhalter in Excel<\/a><\/li><li> <a href=\"https:\/\/exceladvisor.org\/de\/r1c1\/\">R1C1-Referenzstil in Excel<\/a> <\/li><\/ul><\/div><\/div><div class=\"gb-grid-column gb-grid-column-5b4a0cf9\"><div class=\"gb-container gb-container-5b4a0cf9\"><\/div><\/div><\/div><\/div>","protected":false},"excerpt":{"rendered":"","protected":false},"author":1,"featured_media":0,"parent":0,"menu_order":0,"comment_status":"open","ping_status":"closed","template":"","meta":{"ub_ctt_via":"","footnotes":""},"class_list":["post-3025","page","type-page","status-publish","hentry"],"featured_image_src":null,"yoast_head":"<!-- This site is optimized with the Yoast SEO plugin v25.4 - https:\/\/yoast.com\/wordpress\/plugins\/seo\/ -->\n<title>Wie verstecke ich eine Formel in Excel? (Tutorial 2023)<\/title>\n<meta name=\"description\" content=\"Das Ausblenden einer Formel ist eine einfache M\u00f6glichkeit, dies zu tun, damit andere nicht sehen k\u00f6nnen, welche Formel Sie verwendet haben oder welche\" \/>\n<meta name=\"robots\" content=\"index, follow, max-snippet:-1, max-image-preview:large, max-video-preview:-1\" \/>\n<link rel=\"canonical\" href=\"https:\/\/exceladvisor.org\/de\/formel-ausblenden\/\" \/>\n<meta property=\"og:locale\" content=\"de_DE\" \/>\n<meta property=\"og:type\" content=\"article\" \/>\n<meta property=\"og:title\" content=\"Wie verstecke ich eine Formel in Excel? (Tutorial 2023)\" \/>\n<meta property=\"og:description\" content=\"Das Ausblenden einer Formel ist eine einfache M\u00f6glichkeit, dies zu tun, damit andere nicht sehen k\u00f6nnen, welche Formel Sie verwendet haben oder welche\" \/>\n<meta property=\"og:url\" content=\"https:\/\/exceladvisor.org\/de\/formel-ausblenden\/\" \/>\n<meta property=\"og:site_name\" content=\"Excel Advisor\" \/>\n<meta property=\"article:modified_time\" content=\"2023-12-03T13:05:32+00:00\" \/>\n<meta property=\"og:image\" content=\"https:\/\/exceladvisor.org\/wp-content\/uploads\/2023\/08\/masquer-la-formule-dans-Excel-saffiche-dans-la-barre-de-formule.png\" \/>\n<meta name=\"twitter:card\" content=\"summary_large_image\" \/>\n<meta name=\"twitter:label1\" content=\"Gesch\u00e4tzte Lesezeit\" \/>\n\t<meta name=\"twitter:data1\" content=\"4\u00a0Minuten\" \/>\n<script type=\"application\/ld+json\" class=\"yoast-schema-graph\">{\"@context\":\"https:\/\/schema.org\",\"@graph\":[{\"@type\":\"WebPage\",\"@id\":\"https:\/\/exceladvisor.org\/de\/formel-ausblenden\/\",\"url\":\"https:\/\/exceladvisor.org\/de\/formel-ausblenden\/\",\"name\":\"Wie verstecke ich eine Formel in Excel? (Tutorial 2023)\",\"isPartOf\":{\"@id\":\"https:\/\/exceladvisor.org\/de\/#website\"},\"primaryImageOfPage\":{\"@id\":\"https:\/\/exceladvisor.org\/de\/formel-ausblenden\/#primaryimage\"},\"image\":{\"@id\":\"https:\/\/exceladvisor.org\/de\/formel-ausblenden\/#primaryimage\"},\"thumbnailUrl\":\"https:\/\/exceladvisor.org\/wp-content\/uploads\/2023\/08\/masquer-la-formule-dans-Excel-saffiche-dans-la-barre-de-formule.png\",\"datePublished\":\"2023-11-17T16:04:13+00:00\",\"dateModified\":\"2023-12-03T13:05:32+00:00\",\"description\":\"Das Ausblenden einer Formel ist eine einfache M\u00f6glichkeit, dies zu tun, damit andere nicht sehen k\u00f6nnen, welche Formel Sie verwendet haben oder welche\",\"breadcrumb\":{\"@id\":\"https:\/\/exceladvisor.org\/de\/formel-ausblenden\/#breadcrumb\"},\"inLanguage\":\"de\",\"potentialAction\":[{\"@type\":\"ReadAction\",\"target\":[\"https:\/\/exceladvisor.org\/de\/formel-ausblenden\/\"]}]},{\"@type\":\"ImageObject\",\"inLanguage\":\"de\",\"@id\":\"https:\/\/exceladvisor.org\/de\/formel-ausblenden\/#primaryimage\",\"url\":\"https:\/\/exceladvisor.org\/wp-content\/uploads\/2023\/08\/masquer-la-formule-dans-Excel-saffiche-dans-la-barre-de-formule.png\",\"contentUrl\":\"https:\/\/exceladvisor.org\/wp-content\/uploads\/2023\/08\/masquer-la-formule-dans-Excel-saffiche-dans-la-barre-de-formule.png\"},{\"@type\":\"BreadcrumbList\",\"@id\":\"https:\/\/exceladvisor.org\/de\/formel-ausblenden\/#breadcrumb\",\"itemListElement\":[{\"@type\":\"ListItem\",\"position\":1,\"name\":\"Accueil\",\"item\":\"https:\/\/exceladvisor.org\/de\/\"},{\"@type\":\"ListItem\",\"position\":2,\"name\":\"Wie verstecke ich eine formel in excel?\"}]},{\"@type\":\"WebSite\",\"@id\":\"https:\/\/exceladvisor.org\/de\/#website\",\"url\":\"https:\/\/exceladvisor.org\/de\/\",\"name\":\"Excel Advisor\",\"description\":\"Ihr Leitfaden zur Datendominanz\",\"publisher\":{\"@id\":\"https:\/\/exceladvisor.org\/de\/#organization\"},\"potentialAction\":[{\"@type\":\"SearchAction\",\"target\":{\"@type\":\"EntryPoint\",\"urlTemplate\":\"https:\/\/exceladvisor.org\/de\/?s={search_term_string}\"},\"query-input\":{\"@type\":\"PropertyValueSpecification\",\"valueRequired\":true,\"valueName\":\"search_term_string\"}}],\"inLanguage\":\"de\"},{\"@type\":\"Organization\",\"@id\":\"https:\/\/exceladvisor.org\/de\/#organization\",\"name\":\"Excel Advisor\",\"url\":\"https:\/\/exceladvisor.org\/de\/\",\"logo\":{\"@type\":\"ImageObject\",\"inLanguage\":\"de\",\"@id\":\"https:\/\/exceladvisor.org\/de\/#\/schema\/logo\/image\/\",\"url\":\"https:\/\/exceladvisor.org\/de\/wp-content\/uploads\/2023\/11\/exceladvisor.org_.png\",\"contentUrl\":\"https:\/\/exceladvisor.org\/de\/wp-content\/uploads\/2023\/11\/exceladvisor.org_.png\",\"width\":105,\"height\":36,\"caption\":\"Excel Advisor\"},\"image\":{\"@id\":\"https:\/\/exceladvisor.org\/de\/#\/schema\/logo\/image\/\"}}]}<\/script>\n<!-- \/ Yoast SEO plugin. -->","yoast_head_json":{"title":"Wie verstecke ich eine Formel in Excel? (Tutorial 2023)","description":"Das Ausblenden einer Formel ist eine einfache M\u00f6glichkeit, dies zu tun, damit andere nicht sehen k\u00f6nnen, welche Formel Sie verwendet haben oder welche","robots":{"index":"index","follow":"follow","max-snippet":"max-snippet:-1","max-image-preview":"max-image-preview:large","max-video-preview":"max-video-preview:-1"},"canonical":"https:\/\/exceladvisor.org\/de\/formel-ausblenden\/","og_locale":"de_DE","og_type":"article","og_title":"Wie verstecke ich eine Formel in Excel? (Tutorial 2023)","og_description":"Das Ausblenden einer Formel ist eine einfache M\u00f6glichkeit, dies zu tun, damit andere nicht sehen k\u00f6nnen, welche Formel Sie verwendet haben oder welche","og_url":"https:\/\/exceladvisor.org\/de\/formel-ausblenden\/","og_site_name":"Excel Advisor","article_modified_time":"2023-12-03T13:05:32+00:00","og_image":[{"url":"https:\/\/exceladvisor.org\/wp-content\/uploads\/2023\/08\/masquer-la-formule-dans-Excel-saffiche-dans-la-barre-de-formule.png","type":"","width":"","height":""}],"twitter_card":"summary_large_image","twitter_misc":{"Gesch\u00e4tzte Lesezeit":"4\u00a0Minuten"},"schema":{"@context":"https:\/\/schema.org","@graph":[{"@type":"WebPage","@id":"https:\/\/exceladvisor.org\/de\/formel-ausblenden\/","url":"https:\/\/exceladvisor.org\/de\/formel-ausblenden\/","name":"Wie verstecke ich eine Formel in Excel? (Tutorial 2023)","isPartOf":{"@id":"https:\/\/exceladvisor.org\/de\/#website"},"primaryImageOfPage":{"@id":"https:\/\/exceladvisor.org\/de\/formel-ausblenden\/#primaryimage"},"image":{"@id":"https:\/\/exceladvisor.org\/de\/formel-ausblenden\/#primaryimage"},"thumbnailUrl":"https:\/\/exceladvisor.org\/wp-content\/uploads\/2023\/08\/masquer-la-formule-dans-Excel-saffiche-dans-la-barre-de-formule.png","datePublished":"2023-11-17T16:04:13+00:00","dateModified":"2023-12-03T13:05:32+00:00","description":"Das Ausblenden einer Formel ist eine einfache M\u00f6glichkeit, dies zu tun, damit andere nicht sehen k\u00f6nnen, welche Formel Sie verwendet haben oder welche","breadcrumb":{"@id":"https:\/\/exceladvisor.org\/de\/formel-ausblenden\/#breadcrumb"},"inLanguage":"de","potentialAction":[{"@type":"ReadAction","target":["https:\/\/exceladvisor.org\/de\/formel-ausblenden\/"]}]},{"@type":"ImageObject","inLanguage":"de","@id":"https:\/\/exceladvisor.org\/de\/formel-ausblenden\/#primaryimage","url":"https:\/\/exceladvisor.org\/wp-content\/uploads\/2023\/08\/masquer-la-formule-dans-Excel-saffiche-dans-la-barre-de-formule.png","contentUrl":"https:\/\/exceladvisor.org\/wp-content\/uploads\/2023\/08\/masquer-la-formule-dans-Excel-saffiche-dans-la-barre-de-formule.png"},{"@type":"BreadcrumbList","@id":"https:\/\/exceladvisor.org\/de\/formel-ausblenden\/#breadcrumb","itemListElement":[{"@type":"ListItem","position":1,"name":"Accueil","item":"https:\/\/exceladvisor.org\/de\/"},{"@type":"ListItem","position":2,"name":"Wie verstecke ich eine formel in excel?"}]},{"@type":"WebSite","@id":"https:\/\/exceladvisor.org\/de\/#website","url":"https:\/\/exceladvisor.org\/de\/","name":"Excel Advisor","description":"Ihr Leitfaden zur Datendominanz","publisher":{"@id":"https:\/\/exceladvisor.org\/de\/#organization"},"potentialAction":[{"@type":"SearchAction","target":{"@type":"EntryPoint","urlTemplate":"https:\/\/exceladvisor.org\/de\/?s={search_term_string}"},"query-input":{"@type":"PropertyValueSpecification","valueRequired":true,"valueName":"search_term_string"}}],"inLanguage":"de"},{"@type":"Organization","@id":"https:\/\/exceladvisor.org\/de\/#organization","name":"Excel Advisor","url":"https:\/\/exceladvisor.org\/de\/","logo":{"@type":"ImageObject","inLanguage":"de","@id":"https:\/\/exceladvisor.org\/de\/#\/schema\/logo\/image\/","url":"https:\/\/exceladvisor.org\/de\/wp-content\/uploads\/2023\/11\/exceladvisor.org_.png","contentUrl":"https:\/\/exceladvisor.org\/de\/wp-content\/uploads\/2023\/11\/exceladvisor.org_.png","width":105,"height":36,"caption":"Excel Advisor"},"image":{"@id":"https:\/\/exceladvisor.org\/de\/#\/schema\/logo\/image\/"}}]}},"yoast_meta":{"yoast_wpseo_title":"","yoast_wpseo_metadesc":"","yoast_wpseo_canonical":""},"_links":{"self":[{"href":"https:\/\/exceladvisor.org\/de\/wp-json\/wp\/v2\/pages\/3025","targetHints":{"allow":["GET"]}}],"collection":[{"href":"https:\/\/exceladvisor.org\/de\/wp-json\/wp\/v2\/pages"}],"about":[{"href":"https:\/\/exceladvisor.org\/de\/wp-json\/wp\/v2\/types\/page"}],"author":[{"embeddable":true,"href":"https:\/\/exceladvisor.org\/de\/wp-json\/wp\/v2\/users\/1"}],"replies":[{"embeddable":true,"href":"https:\/\/exceladvisor.org\/de\/wp-json\/wp\/v2\/comments?post=3025"}],"version-history":[{"count":1,"href":"https:\/\/exceladvisor.org\/de\/wp-json\/wp\/v2\/pages\/3025\/revisions"}],"predecessor-version":[{"id":4222,"href":"https:\/\/exceladvisor.org\/de\/wp-json\/wp\/v2\/pages\/3025\/revisions\/4222"}],"wp:attachment":[{"href":"https:\/\/exceladvisor.org\/de\/wp-json\/wp\/v2\/media?parent=3025"}],"curies":[{"name":"wp","href":"https:\/\/api.w.org\/{rel}","templated":true}]}}