{"id":3026,"date":"2023-11-17T15:38:17","date_gmt":"2023-11-17T15:38:17","guid":{"rendered":"https:\/\/exceladvisor.org\/de\/fur-die-schleife\/"},"modified":"2023-12-03T11:13:02","modified_gmt":"2023-12-03T11:13:02","slug":"fur-die-schleife","status":"publish","type":"page","link":"https:\/\/exceladvisor.org\/de\/fur-die-schleife\/","title":{"rendered":"Vba for loop (f\u00fcr next, for each)"},"content":{"rendered":"<div class=\"excel-vor-dem-inhalt\" id=\"excel-3744030533\"><script type=\"text\/javascript\">\r\n\tatOptions = {\r\n\t\t'key' : 'c1158f160081d6540a8409e6925dab94',\r\n\t\t'format' : 'iframe',\r\n\t\t'height' : 250,\r\n\t\t'width' : 300,\r\n\t\t'params' : {}\r\n\t};\r\n<\/script>\r\n<script type=\"text\/javascript\" src=\"\/\/www.highperformanceformat.com\/c1158f160081d6540a8409e6925dab94\/invoke.js\"><\/script><\/div> <p class=\"wp-block-heading\"><strong>Wichtige Punkte<\/strong><\/p><ul class=\"link\"><li> VBA-For-Schleifen sind feste Schleifentypen.<\/li><li> Es ist nicht m\u00f6glich, eine dieser Schleifen beim <a href=\"https:\/\/exceladvisor.org\/de\/ein-makro-aufzeichnen\/\">Aufzeichnen eines Makros<\/a> zu verwenden.<\/li><\/ul><h2 class=\"wp-block-heading\"> F\u00fcr die n\u00e4chste Schleife<\/h2><p> VBA FOR NEXT ist eine feste Schleife, die einen Z\u00e4hler zum Ausf\u00fchren von Iterationen verwendet. Vereinfacht ausgedr\u00fcckt m\u00fcssen Sie angeben, wie oft die Schleife ausgef\u00fchrt werden soll. Sobald diese Anzahl an Schleifen erreicht ist, wird sie automatisch gestoppt. Aus diesem Grund handelt es sich um eine feste Schleife, die bei VBA-Entwicklern am beliebtesten ist.<\/p><h3 class=\"wp-block-heading\"> Syntax<\/h3><p> Hier ist die Syntax der VBA For Next-Schleife: <\/p><pre class=\"wp-block-code\"> <code class=\"language-visual-basic\" lang=\"visual-basic\">For counter = Start To End [Step stepsize] [statements] Next [counter]<\/code><\/pre><div class=\"wp-block-image\"><figure class=\"aligncenter size-large is-resized\"><img loading=\"lazy\" decoding=\"async\" class=\"wp-image-51813\" src=\"https:\/\/exceladvisor.org\/wp-content\/uploads\/2023\/08\/1-pour-le-compteur-du-debut-a-la-fin.png\" sizes=\"auto, \" srcset=\"\" alt=\"F\u00fcr-gegen-Anfang bis Ende\" width=\"551\" height=\"192\"><\/figure><\/div><ol type=\"1\"><li> <strong>Z\u00e4hler<\/strong> : Es handelt sich um eine Variable, die die Anzahl der Wiederholungen speichert und ihren Wert mit jeder Wiederholung erh\u00f6ht. Befindet sich die Schleife beispielsweise in der f\u00fcnften Iteration, betr\u00e4gt der Z\u00e4hlerwert f\u00fcnf, und sobald die Schleife den Befehl f\u00fcr die f\u00fcnfte Iteration ausf\u00fchrt, \u00e4ndert sich der Z\u00e4hlerwert auf sechs.<\/li><li> <strong>Start<\/strong> : Es handelt sich um eine numerische Variable, die den Startwert des Z\u00e4hlers speichert.<\/li><li> <strong>Ende<\/strong> : Es handelt sich um eine numerische Variable, die den Endwert des Z\u00e4hlers speichert.<\/li><li> <strong>Schrittgr\u00f6\u00dfe<\/strong> : Diese Variable gibt eine gro\u00dfe Erh\u00f6hung oder Verringerung des Z\u00e4hlerwerts an. Standardm\u00e4\u00dfig betr\u00e4gt die Schrittgr\u00f6\u00dfe eins, Sie k\u00f6nnen jedoch auch einen beliebigen positiven oder negativen Wert verwenden.<\/li><li> <strong>Anweisung<\/strong> : Dies ist ein Satz Code, den Sie bei jeder Iteration der For Next-Schleife ausf\u00fchren m\u00f6chten.<\/li><li> <strong>Weiter<\/strong> : Dies ist die Endanweisung f\u00fcr eine Iteration der Schleife und verwendet den Z\u00e4hlerwert, um VBA anzuweisen, die Schleife zu wiederholen. Sobald der Z\u00e4hler den Endwert erreicht, beendet er die Schleife.<\/li><\/ol><h3 class=\"wp-block-heading\"> Beispiel zum Verst\u00e4ndnis f\u00fcr die n\u00e4chste Schleife<\/h3><p> Um zu verstehen, wie man es f\u00fcr die n\u00e4chste Schleife verwendet, schreiben wir einen einfachen Code zum Hinzuf\u00fcgen von Seriennummern in einer Spalte.<\/p><p class=\"link\"> <strong>Lassen Sie mich etwas n\u00e4her darauf eingehen:<\/strong> Wir m\u00fcssen einen Code schreiben, der von der ausgew\u00e4hlten Zelle nacheinander zu den n\u00e4chsten 10 Zellen wechseln kann und Seriennummern nur im Schnappschuss unten hinzuf\u00fcgt. <\/p><div class=\"wp-block-image\"><figure class=\"aligncenter size-large is-resized\"><img loading=\"lazy\" decoding=\"async\" class=\"wp-image-51814\" src=\"https:\/\/exceladvisor.org\/wp-content\/uploads\/2023\/08\/2-exemple-a-comprendre-pour-la-prochaine-boucle.png\" sizes=\"auto, \" srcset=\"\" alt=\"Beispiel zum Verstehen f\u00fcr die n\u00e4chste Schleife\" width=\"231\" height=\"263\"><\/figure><\/div><p> <strong>Um For Next Loop zu verwenden, k\u00f6nnen Sie die folgenden Schritte ausf\u00fchren:<\/strong><\/p><ol><li> Zun\u00e4chst m\u00fcssen Sie eine Variable deklarieren, die Sie zum Speichern des Z\u00e4hlerwerts verwenden k\u00f6nnen. <br><img loading=\"lazy\" decoding=\"async\" title=\"3-deklarieren-eine-Variable\" src=\"https:\/\/exceladvisor.org\/wp-content\/uploads\/2023\/08\/3-declarer-une-variable.png\" sizes=\"auto, \" srcset=\"\" alt=\"declare-a-variable\" width=\"352\" height=\"254\"><\/li><li> Als n\u00e4chstes m\u00fcssen wir der Variablen den Z\u00e4hlerwert zuweisen. <br><img loading=\"lazy\" decoding=\"async\" title=\"4-Z\u00e4hlerwert zuweisen\" src=\"https:\/\/exceladvisor.org\/wp-content\/uploads\/2023\/08\/4-affecter-la-valeur-du-compteur.png\" sizes=\"auto, \" srcset=\"\" alt=\"assign-the-counter-value\" width=\"350\" height=\"264\"><\/li><li> Jetzt ist es an der Zeit, Code f\u00fcr die Schleife zu schreiben. In der ersten Zeile m\u00fcssen Sie also die Z\u00e4hlervariable verwenden und die Start- und Endwerte festlegen. Hier in diesem Code haben Sie die Variable \u201ei\u201c als Endwert. <br><img loading=\"lazy\" decoding=\"async\" title=\"5-Schreibcode-f\u00fcr-Schleife\" src=\"https:\/\/exceladvisor.org\/wp-content\/uploads\/2023\/08\/5-ecrire-le-code-pour-la-boucle.png\" sizes=\"auto, \" srcset=\"\" alt=\"write-code-for-loop\" width=\"353\" height=\"284\"><\/li><li> Von dort aus m\u00fcssen Sie Code schreiben, der die Seriennummern in die aktive Zelle einf\u00fcgen und dann mit der n\u00e4chsten Zelle fortfahren kann. Da sich der Z\u00e4hlerwert mit jeder Iteration erh\u00f6ht, k\u00f6nnen Sie damit die Seriennummer in die aktive Zelle eingeben und anschlie\u00dfend mit der Umschalttaste die Auswahl in die n\u00e4chstniedrigere Zelle verschieben. <br><img loading=\"lazy\" decoding=\"async\" title=\"6-Code, der eine Seriennummer hinzuf\u00fcgen kann\" src=\"https:\/\/exceladvisor.org\/wp-content\/uploads\/2023\/08\/6-code-qui-peut-ajouter-le-numero-de-serie.png\" sizes=\"auto, \" srcset=\"\" alt=\"code-that-can-add-serial-number\" width=\"404\" height=\"288\"><\/li><li> Verwenden Sie am Ende das n\u00e4chste Schl\u00fcsselwort und die Z\u00e4hlervariable, um den Schleifencode zu vervollst\u00e4ndigen.<\/li><\/ol><pre class=\"wp-block-code\"> <code class=\"language-visual-basic\" lang=\"visual-basic\">Sub AddSerialNumbers() Dim i As Integer i = 10 For i = 1 To i ActiveCell.Value = i ActiveCell.Offset(1, 0).Activate Next i End Sub<\/code><\/pre><p> Im Schnappschuss unten k\u00f6nnen Sie sehen, dass dieser Code, wenn ich ihn ausf\u00fchre, bei der ausgew\u00e4hlten Zelle mit der Eingabe einer Seriennummer beginnt und dann in jeder Iteration zur n\u00e4chsten Zelle wechselt. <\/p><div class=\"wp-block-image\"><figure class=\"aligncenter size-large is-resized\"><img loading=\"lazy\" decoding=\"async\" class=\"wp-image-51851\" src=\"https:\/\/exceladvisor.org\/wp-content\/uploads\/2023\/08\/vba-pour-lexemple-de-boucle-suivante-1.gif\" sizes=\"auto, \" srcset=\"\" alt=\"vba-for-next-loop-example-1\" width=\"568\" height=\"390\"><\/figure><\/div><p> Wie Sie wissen, handelt es sich bei For Next um eine feste Schleife. Wenn Sie in diesem Code einen numerischen Wert zuweisen, wird VBA angewiesen, die Schleife so oft auszuf\u00fchren.<\/p><p> Und Sie k\u00f6nnen den Schnappschuss unten sehen, den ich in der zweiten Iteration der Schleife gemacht habe, wo der Wert der Z\u00e4hlervariablen \u201ei\u201c zwei ist. <\/p><div class=\"wp-block-image\"><figure class=\"aligncenter size-large is-resized\"><img loading=\"lazy\" decoding=\"async\" class=\"wp-image-51819\" src=\"https:\/\/exceladvisor.org\/wp-content\/uploads\/2023\/08\/7-attribuer-une-valeur-numerique.png\" sizes=\"auto, \" srcset=\"\" alt=\"Weisen Sie einen numerischen Wert zu\" width=\"461\" height=\"334\"><\/figure><\/div><p> Der Punkt, den ich ansprechen m\u00f6chte, ist, dass die Z\u00e4hlvariable ihren Wert bei jeder Iteration \u00e4ndert und diesen Wert in die aktive Zelle eingibt. Durch Verschieben wird dann die n\u00e4chste Zelle nach unten aktiviert, wodurch eine Iteration abgeschlossen wird.<\/p><p> Am Ende dient das \u201eNext\u201c-Schl\u00fcsselwort in VBA dazu, zur ersten Zeile der Schleife zur\u00fcckzukehren und diese zu wiederholen. Wie Sie in der For Next-Syntax gesehen haben, k\u00f6nnen Sie in der Schleife auch einen Schrittwert verwenden, um den Z\u00e4hler darauf basierend zu betreiben.<\/p><p> Wenn Sie also zwei als Schrittwert verwenden, w\u00fcrde der Code wie folgt aussehen.<\/p><pre class=\"wp-block-code\"> <code class=\"language-visual-basic\" lang=\"visual-basic\">Sub AddSerialNumbers() Dim i As Integer i = 10 For i = 1 To i Step 2 ActiveCell.Value = i ActiveCell.Offset(1, 0).Activate Next i End Sub<\/code><\/pre><p> Und wenn Sie diesen Code ausf\u00fchren, wird bei der Aktivit\u00e4t so etwas wie der Schnappschuss unten angezeigt. <\/p><div class=\"wp-block-image\"><figure class=\"aligncenter size-large is-resized\"><img loading=\"lazy\" decoding=\"async\" class=\"wp-image-51820\" src=\"https:\/\/exceladvisor.org\/wp-content\/uploads\/2023\/08\/8-lorsque-vous-executez-un-instantane-de-code.png\" sizes=\"auto, \" srcset=\"\" alt=\"wenn-Sie-einen-Code-Schnappschuss ausf\u00fchren\" width=\"552\" height=\"426\"><\/figure><\/div><p> Wenn Sie einen Schrittwert verwenden (wie Schritt 2, den Sie im obigen Code verwendet haben), ignoriert VBA jede zweite Iteration in der Schleife, und wie Sie sehen, haben Sie f\u00fcnf Zahlen mit der Differenz von eins in jeder Zahl.<\/p><p class=\"qt-tip\"> <strong>Hinweis<\/strong> : Im obigen Beispiel haben Sie \u201ei\u201c als <a href=\"https:\/\/exceladvisor.org\/de\/variablen\/\">Z\u00e4hlervariable<\/a> verwendet, Sie k\u00f6nnen jedoch je nach Bedarf auch einen anderen Namen verwenden.<\/p><h2 class=\"wp-block-heading\"> F\u00fcr jede weitere Schleife<\/h2><p> VBA FOR EACH NEXT ist eine feste Schleife, die alle Objekte in einer Sammlung durchlaufen kann. In For Each Next m\u00fcssen Sie die Anzahl der Iterationen nicht angeben. Stattdessen k\u00f6nnen Sie eine Sammlung von Objekten angeben und alle diese Objekte einzeln durchlaufen.<\/p><p class=\"link\"> <strong>Beispiel<\/strong> : Wenn Sie alle Zellen in einem Bereich durchsuchen m\u00f6chten. In diesem Fall ist der <a href=\"https:\/\/exceladvisor.org\/de\/bereich-1\/\">Bereich<\/a> die Sammlung und die Zellen sind die Objekte, die Sie haben.<\/p><h3 class=\"wp-block-heading\"> Syntax<\/h3><p> Hier ist die VBA-Syntax f\u00fcr jede nachfolgende Schleife: <\/p><pre class=\"wp-block-code\"> <code class=\"language-visual-basic\" lang=\"visual-basic\">For Each Object In Collection [statements] Next [object]<\/code><\/pre><div class=\"wp-block-image\"><figure class=\"aligncenter size-large is-resized\"><img loading=\"lazy\" decoding=\"async\" class=\"wp-image-51821\" src=\"https:\/\/exceladvisor.org\/wp-content\/uploads\/2023\/08\/9-syntaxe-pour-le-vba-pour-chaque-boucle-suivante.png\" sizes=\"auto, \" srcset=\"\" alt=\"Syntax-f\u00fcr-VBA-f\u00fcr-jede-n\u00e4chste-Schleife\" width=\"604\" height=\"199\"><\/figure><\/div><ol type=\"1\"><li> <strong>Objekt<\/strong> : Es stellt das einzige Objekt in der Objektsammlung dar, die Sie durchlaufen. Wechselt bei jeder Iteration von einem Objekt zum anderen.<\/li><li> <strong>Sammlung<\/strong> : Dies ist eine Sammlung von Objekten, die Sie durchlaufen m\u00f6chten.<\/li><li> <strong>Anweisung<\/strong> : Codezeile(n), die Sie in jeder Schleife durch alle Objekte in der Sammlung ausf\u00fchren m\u00f6chten.<\/li><li> <strong>Weiter<\/strong> : Dies ist die Endanweisung einer Iteration der Schleife und weist VBA an, zum n\u00e4chsten Objekt in der Sammlung zu wechseln.<\/li><\/ol><h3 class=\"wp-block-heading\"> Beispiel zum Verst\u00e4ndnis der For Each Next-Schleife<\/h3><p> Um die For Each Next-Schleife zu verstehen, schreiben wir Code, um alle Bl\u00e4tter au\u00dfer dem aktiven Arbeitsblatt auszublenden. Dieser Code \u00fcberpr\u00fcft den Namen jedes Arbeitsblatts, ordnet ihn dem Namen des aktiven Arbeitsblatts zu und blendet ihn aus, wenn er nicht \u00fcbereinstimmt.<\/p><p> Um die For Each Next-Schleife zu verwenden, k\u00f6nnen Sie die folgenden Schritte ausf\u00fchren:<\/p><ol><li> Zuerst m\u00fcssen Sie eine Variable deklarieren, die als Arbeitsblatt verwendet werden soll. <br><img loading=\"lazy\" decoding=\"async\" title=\"10-Code zum Ausblenden aller Bl\u00e4tter\" src=\"https:\/\/exceladvisor.org\/wp-content\/uploads\/2023\/08\/10-code-pour-cacher-toutes-les-feuilles.png\" sizes=\"auto, \" srcset=\"\" alt=\"code-to-hide-the-all-sheets\" width=\"373\" height=\"215\"><\/li><li> Anschlie\u00dfend verwenden Sie das Schl\u00fcsselwort \u201eFor Each\u201c, dann die Variable \u201emySheet\u201c f\u00fcr das Blatt und \u201eActiveWorkbook.Worksheets\u201c f\u00fcr die Arbeitsblattsammlung der aktiven Arbeitsmappe. <br><img loading=\"lazy\" decoding=\"async\" title=\"11-for-each-mysheet-active-workbook-worksheets\" src=\"https:\/\/exceladvisor.org\/wp-content\/uploads\/2023\/08\/11-pour-chaque-feuille-de-travail-de-classeur-actif-mysheet.png\" sizes=\"auto, \" srcset=\"\" alt=\"for-each-mysheet-active-workbook-worsheets\" width=\"440\" height=\"209\"><\/li><li> Als N\u00e4chstes m\u00fcssen Sie mit der VBA-IF-Anweisung testen, ob der Name des Blatts, das sich derzeit in dieser Schleifeniteration befindet, NICHT mit dem Namen des aktiven Arbeitsblatts \u00fcbereinstimmt. Wenn diese Bedingung zutrifft, wird das Blatt ausgeblendet, das sich derzeit in der Schleife befindet Wiederholung. <br><img loading=\"lazy\" decoding=\"async\" title=\"12-vba-if-Anweisung zum Testen\" src=\"https:\/\/exceladvisor.org\/wp-content\/uploads\/2023\/08\/12-vba-si-instruction-a-tester.png\" sizes=\"auto, \" srcset=\"\" alt=\"vba-if-statement-to-test\" width=\"432\" height=\"331\"><\/li><li> Am Ende haben Sie das Schl\u00fcsselwort NEXT und die Variable \u201emySheet\u201c, um den Schleifencode zu vervollst\u00e4ndigen. <br><img loading=\"lazy\" decoding=\"async\" title=\"13-n\u00e4chstes-Schl\u00fcsselwort-und-Mafeuille\" src=\"https:\/\/exceladvisor.org\/wp-content\/uploads\/2023\/08\/13-mot-cle-suivant-et-ma-feuille.png\" sizes=\"auto, \" srcset=\"\" alt=\"next-keyword-and-mysheet\" width=\"435\" height=\"325\"><\/li><\/ol><p> <strong>Endg\u00fcltiger Code:<\/strong><\/p><pre class=\"wp-block-code\"> <code class=\"language-visual-basic\" lang=\"visual-basic\">Sub Hide_Other_Sheets() Dim mySheet As Worksheet For Each mySheet In ActiveWorkbook.Worksheets If mySheet.Name &lt;&gt; ActiveSheet.Name Then mySheet.Visible = False End If Next mySheet End Sub<\/code><\/pre><p class=\"link\"> Wenn Sie <a href=\"https:\/\/exceladvisor.org\/de\/ein-makro-ausfuhren-2\/\">diesen Code ausf\u00fchren<\/a> , durchsucht er jedes Arbeitsblatt in der aktiven Arbeitsmappe und gleicht seinen Namen mit dem aktiven Arbeitsblatt ab. Wenn der Name des Arbeitsblatts nicht mit dem Namen des aktiven Arbeitsblatts \u00fcbereinstimmt, wird dies nachgeholt. Maske.<\/p><p> Auf diese Weise werden alle Arbeitsbl\u00e4tter ausgeblendet.<\/p><div class=\"gb-container gb-container-4db6181c gb-container-mt\"> <a class=\"gb-button gb-button-c5897111 gb-button-text gb-button-mt-button\" href=\"https:\/\/exceladvisor.org\/de\/vba\/\">Was ist VBA<\/a><h2 class=\"gb-headline gb-headline-665e5f6b gb-headline-text gb-headline-mt-heading\"> Verwandte Tutorials <\/h2><div class=\"gb-grid-wrapper gb-grid-wrapper-a20baf7c gb-grid-wrapper-mt-grid\"><div class=\"gb-grid-column gb-grid-column-65ddf67e\"><div class=\"gb-container gb-container-65ddf67e\"><ul><li> <a href=\"https:\/\/exceladvisor.org\/de\/schleifen\/\">VBA-Schleifen (Anf\u00e4nger bis Fortgeschrittene)<\/a><\/li><li> <a href=\"https:\/\/exceladvisor.org\/de\/wahlen-sie-den-fall-aus\/\">VBA-Fall ausw\u00e4hlen<\/a><\/li><li> <a href=\"https:\/\/exceladvisor.org\/de\/wahrend-tun\/\">Excel VBA Do While Loop und (Do Loop While) \u2013 Eine Anleitung<\/a><\/li><li> <a href=\"https:\/\/exceladvisor.org\/de\/schleifenblatter\/\">Durchlaufen Sie alle Bl\u00e4tter mit VBA in Excel<\/a> <\/li><\/ul><\/div><\/div><div class=\"gb-grid-column gb-grid-column-50067b57\"><div class=\"gb-container gb-container-50067b57\"><ul><li> <a href=\"https:\/\/exceladvisor.org\/de\/schleife-durch-den-bereich\/\">Schleife \u00fcber einen Bereich mit VBA (Spalten, Zeilen und UsedRange)<\/a><\/li><li> <a href=\"https:\/\/exceladvisor.org\/de\/gehe-zu-1\/\">GoTo VBA-Deklaration<\/a><\/li><\/ul><\/div><\/div><\/div><\/div>","protected":false},"excerpt":{"rendered":"","protected":false},"author":1,"featured_media":0,"parent":0,"menu_order":0,"comment_status":"open","ping_status":"closed","template":"","meta":{"ub_ctt_via":"","footnotes":""},"class_list":["post-3026","page","type-page","status-publish","hentry"],"featured_image_src":null,"yoast_head":"<!-- This site is optimized with the Yoast SEO plugin v25.4 - https:\/\/yoast.com\/wordpress\/plugins\/seo\/ -->\n<title>VBA FOR LOOP (For Next, For Each) = Leitfaden + Beispiele 2023<\/title>\n<meta name=\"description\" content=\"VBA FOR NEXT ist eine feste Schleife, die einen Z\u00e4hler zum Ausf\u00fchren von Iterationen verwendet. Vereinfacht ausgedr\u00fcckt m\u00fcssen Sie die Nummer angeben\" \/>\n<meta name=\"robots\" content=\"index, follow, max-snippet:-1, max-image-preview:large, max-video-preview:-1\" \/>\n<link rel=\"canonical\" href=\"https:\/\/exceladvisor.org\/de\/fur-die-schleife\/\" \/>\n<meta property=\"og:locale\" content=\"de_DE\" \/>\n<meta property=\"og:type\" content=\"article\" \/>\n<meta property=\"og:title\" content=\"VBA FOR LOOP (For Next, For Each) = Leitfaden + Beispiele 2023\" \/>\n<meta property=\"og:description\" content=\"VBA FOR NEXT ist eine feste Schleife, die einen Z\u00e4hler zum Ausf\u00fchren von Iterationen verwendet. Vereinfacht ausgedr\u00fcckt m\u00fcssen Sie die Nummer angeben\" \/>\n<meta property=\"og:url\" content=\"https:\/\/exceladvisor.org\/de\/fur-die-schleife\/\" \/>\n<meta property=\"og:site_name\" content=\"Excel Advisor\" \/>\n<meta property=\"article:modified_time\" content=\"2023-12-03T11:13:02+00:00\" \/>\n<meta property=\"og:image\" content=\"https:\/\/exceladvisor.org\/wp-content\/uploads\/2023\/08\/1-pour-le-compteur-du-debut-a-la-fin.png\" \/>\n<meta name=\"twitter:card\" content=\"summary_large_image\" \/>\n<meta name=\"twitter:label1\" content=\"Gesch\u00e4tzte Lesezeit\" \/>\n\t<meta name=\"twitter:data1\" content=\"7\u00a0Minuten\" \/>\n<script type=\"application\/ld+json\" class=\"yoast-schema-graph\">{\"@context\":\"https:\/\/schema.org\",\"@graph\":[{\"@type\":\"WebPage\",\"@id\":\"https:\/\/exceladvisor.org\/de\/fur-die-schleife\/\",\"url\":\"https:\/\/exceladvisor.org\/de\/fur-die-schleife\/\",\"name\":\"VBA FOR LOOP (For Next, For Each) = Leitfaden + Beispiele 2023\",\"isPartOf\":{\"@id\":\"https:\/\/exceladvisor.org\/de\/#website\"},\"primaryImageOfPage\":{\"@id\":\"https:\/\/exceladvisor.org\/de\/fur-die-schleife\/#primaryimage\"},\"image\":{\"@id\":\"https:\/\/exceladvisor.org\/de\/fur-die-schleife\/#primaryimage\"},\"thumbnailUrl\":\"https:\/\/exceladvisor.org\/wp-content\/uploads\/2023\/08\/1-pour-le-compteur-du-debut-a-la-fin.png\",\"datePublished\":\"2023-11-17T15:38:17+00:00\",\"dateModified\":\"2023-12-03T11:13:02+00:00\",\"description\":\"VBA FOR NEXT ist eine feste Schleife, die einen Z\u00e4hler zum Ausf\u00fchren von Iterationen verwendet. Vereinfacht ausgedr\u00fcckt m\u00fcssen Sie die Nummer angeben\",\"breadcrumb\":{\"@id\":\"https:\/\/exceladvisor.org\/de\/fur-die-schleife\/#breadcrumb\"},\"inLanguage\":\"de\",\"potentialAction\":[{\"@type\":\"ReadAction\",\"target\":[\"https:\/\/exceladvisor.org\/de\/fur-die-schleife\/\"]}]},{\"@type\":\"ImageObject\",\"inLanguage\":\"de\",\"@id\":\"https:\/\/exceladvisor.org\/de\/fur-die-schleife\/#primaryimage\",\"url\":\"https:\/\/exceladvisor.org\/wp-content\/uploads\/2023\/08\/1-pour-le-compteur-du-debut-a-la-fin.png\",\"contentUrl\":\"https:\/\/exceladvisor.org\/wp-content\/uploads\/2023\/08\/1-pour-le-compteur-du-debut-a-la-fin.png\"},{\"@type\":\"BreadcrumbList\",\"@id\":\"https:\/\/exceladvisor.org\/de\/fur-die-schleife\/#breadcrumb\",\"itemListElement\":[{\"@type\":\"ListItem\",\"position\":1,\"name\":\"Accueil\",\"item\":\"https:\/\/exceladvisor.org\/de\/\"},{\"@type\":\"ListItem\",\"position\":2,\"name\":\"Vba for loop (f\u00fcr next, for each)\"}]},{\"@type\":\"WebSite\",\"@id\":\"https:\/\/exceladvisor.org\/de\/#website\",\"url\":\"https:\/\/exceladvisor.org\/de\/\",\"name\":\"Excel Advisor\",\"description\":\"Ihr Leitfaden zur Datendominanz\",\"publisher\":{\"@id\":\"https:\/\/exceladvisor.org\/de\/#organization\"},\"potentialAction\":[{\"@type\":\"SearchAction\",\"target\":{\"@type\":\"EntryPoint\",\"urlTemplate\":\"https:\/\/exceladvisor.org\/de\/?s={search_term_string}\"},\"query-input\":{\"@type\":\"PropertyValueSpecification\",\"valueRequired\":true,\"valueName\":\"search_term_string\"}}],\"inLanguage\":\"de\"},{\"@type\":\"Organization\",\"@id\":\"https:\/\/exceladvisor.org\/de\/#organization\",\"name\":\"Excel Advisor\",\"url\":\"https:\/\/exceladvisor.org\/de\/\",\"logo\":{\"@type\":\"ImageObject\",\"inLanguage\":\"de\",\"@id\":\"https:\/\/exceladvisor.org\/de\/#\/schema\/logo\/image\/\",\"url\":\"https:\/\/exceladvisor.org\/de\/wp-content\/uploads\/2023\/11\/exceladvisor.org_.png\",\"contentUrl\":\"https:\/\/exceladvisor.org\/de\/wp-content\/uploads\/2023\/11\/exceladvisor.org_.png\",\"width\":105,\"height\":36,\"caption\":\"Excel Advisor\"},\"image\":{\"@id\":\"https:\/\/exceladvisor.org\/de\/#\/schema\/logo\/image\/\"}}]}<\/script>\n<!-- \/ Yoast SEO plugin. -->","yoast_head_json":{"title":"VBA FOR LOOP (For Next, For Each) = Leitfaden + Beispiele 2023","description":"VBA FOR NEXT ist eine feste Schleife, die einen Z\u00e4hler zum Ausf\u00fchren von Iterationen verwendet. Vereinfacht ausgedr\u00fcckt m\u00fcssen Sie die Nummer angeben","robots":{"index":"index","follow":"follow","max-snippet":"max-snippet:-1","max-image-preview":"max-image-preview:large","max-video-preview":"max-video-preview:-1"},"canonical":"https:\/\/exceladvisor.org\/de\/fur-die-schleife\/","og_locale":"de_DE","og_type":"article","og_title":"VBA FOR LOOP (For Next, For Each) = Leitfaden + Beispiele 2023","og_description":"VBA FOR NEXT ist eine feste Schleife, die einen Z\u00e4hler zum Ausf\u00fchren von Iterationen verwendet. Vereinfacht ausgedr\u00fcckt m\u00fcssen Sie die Nummer angeben","og_url":"https:\/\/exceladvisor.org\/de\/fur-die-schleife\/","og_site_name":"Excel Advisor","article_modified_time":"2023-12-03T11:13:02+00:00","og_image":[{"url":"https:\/\/exceladvisor.org\/wp-content\/uploads\/2023\/08\/1-pour-le-compteur-du-debut-a-la-fin.png","type":"","width":"","height":""}],"twitter_card":"summary_large_image","twitter_misc":{"Gesch\u00e4tzte Lesezeit":"7\u00a0Minuten"},"schema":{"@context":"https:\/\/schema.org","@graph":[{"@type":"WebPage","@id":"https:\/\/exceladvisor.org\/de\/fur-die-schleife\/","url":"https:\/\/exceladvisor.org\/de\/fur-die-schleife\/","name":"VBA FOR LOOP (For Next, For Each) = Leitfaden + Beispiele 2023","isPartOf":{"@id":"https:\/\/exceladvisor.org\/de\/#website"},"primaryImageOfPage":{"@id":"https:\/\/exceladvisor.org\/de\/fur-die-schleife\/#primaryimage"},"image":{"@id":"https:\/\/exceladvisor.org\/de\/fur-die-schleife\/#primaryimage"},"thumbnailUrl":"https:\/\/exceladvisor.org\/wp-content\/uploads\/2023\/08\/1-pour-le-compteur-du-debut-a-la-fin.png","datePublished":"2023-11-17T15:38:17+00:00","dateModified":"2023-12-03T11:13:02+00:00","description":"VBA FOR NEXT ist eine feste Schleife, die einen Z\u00e4hler zum Ausf\u00fchren von Iterationen verwendet. Vereinfacht ausgedr\u00fcckt m\u00fcssen Sie die Nummer angeben","breadcrumb":{"@id":"https:\/\/exceladvisor.org\/de\/fur-die-schleife\/#breadcrumb"},"inLanguage":"de","potentialAction":[{"@type":"ReadAction","target":["https:\/\/exceladvisor.org\/de\/fur-die-schleife\/"]}]},{"@type":"ImageObject","inLanguage":"de","@id":"https:\/\/exceladvisor.org\/de\/fur-die-schleife\/#primaryimage","url":"https:\/\/exceladvisor.org\/wp-content\/uploads\/2023\/08\/1-pour-le-compteur-du-debut-a-la-fin.png","contentUrl":"https:\/\/exceladvisor.org\/wp-content\/uploads\/2023\/08\/1-pour-le-compteur-du-debut-a-la-fin.png"},{"@type":"BreadcrumbList","@id":"https:\/\/exceladvisor.org\/de\/fur-die-schleife\/#breadcrumb","itemListElement":[{"@type":"ListItem","position":1,"name":"Accueil","item":"https:\/\/exceladvisor.org\/de\/"},{"@type":"ListItem","position":2,"name":"Vba for loop (f\u00fcr next, for each)"}]},{"@type":"WebSite","@id":"https:\/\/exceladvisor.org\/de\/#website","url":"https:\/\/exceladvisor.org\/de\/","name":"Excel Advisor","description":"Ihr Leitfaden zur Datendominanz","publisher":{"@id":"https:\/\/exceladvisor.org\/de\/#organization"},"potentialAction":[{"@type":"SearchAction","target":{"@type":"EntryPoint","urlTemplate":"https:\/\/exceladvisor.org\/de\/?s={search_term_string}"},"query-input":{"@type":"PropertyValueSpecification","valueRequired":true,"valueName":"search_term_string"}}],"inLanguage":"de"},{"@type":"Organization","@id":"https:\/\/exceladvisor.org\/de\/#organization","name":"Excel Advisor","url":"https:\/\/exceladvisor.org\/de\/","logo":{"@type":"ImageObject","inLanguage":"de","@id":"https:\/\/exceladvisor.org\/de\/#\/schema\/logo\/image\/","url":"https:\/\/exceladvisor.org\/de\/wp-content\/uploads\/2023\/11\/exceladvisor.org_.png","contentUrl":"https:\/\/exceladvisor.org\/de\/wp-content\/uploads\/2023\/11\/exceladvisor.org_.png","width":105,"height":36,"caption":"Excel Advisor"},"image":{"@id":"https:\/\/exceladvisor.org\/de\/#\/schema\/logo\/image\/"}}]}},"yoast_meta":{"yoast_wpseo_title":"","yoast_wpseo_metadesc":"","yoast_wpseo_canonical":""},"_links":{"self":[{"href":"https:\/\/exceladvisor.org\/de\/wp-json\/wp\/v2\/pages\/3026","targetHints":{"allow":["GET"]}}],"collection":[{"href":"https:\/\/exceladvisor.org\/de\/wp-json\/wp\/v2\/pages"}],"about":[{"href":"https:\/\/exceladvisor.org\/de\/wp-json\/wp\/v2\/types\/page"}],"author":[{"embeddable":true,"href":"https:\/\/exceladvisor.org\/de\/wp-json\/wp\/v2\/users\/1"}],"replies":[{"embeddable":true,"href":"https:\/\/exceladvisor.org\/de\/wp-json\/wp\/v2\/comments?post=3026"}],"version-history":[{"count":1,"href":"https:\/\/exceladvisor.org\/de\/wp-json\/wp\/v2\/pages\/3026\/revisions"}],"predecessor-version":[{"id":3804,"href":"https:\/\/exceladvisor.org\/de\/wp-json\/wp\/v2\/pages\/3026\/revisions\/3804"}],"wp:attachment":[{"href":"https:\/\/exceladvisor.org\/de\/wp-json\/wp\/v2\/media?parent=3026"}],"curies":[{"name":"wp","href":"https:\/\/api.w.org\/{rel}","templated":true}]}}