{"id":3027,"date":"2023-11-17T15:12:06","date_gmt":"2023-11-17T15:12:06","guid":{"rendered":"https:\/\/exceladvisor.org\/de\/ein-blatt-loschen-1\/"},"modified":"2023-12-03T13:04:12","modified_gmt":"2023-12-03T13:04:12","slug":"ein-blatt-loschen-1","status":"publish","type":"page","link":"https:\/\/exceladvisor.org\/de\/ein-blatt-loschen-1\/","title":{"rendered":"Wie l\u00f6sche ich ein blatt mit vba?"},"content":{"rendered":"<div class=\"excel-vor-dem-inhalt\" id=\"excel-4198335097\"><script type=\"text\/javascript\">\r\n\tatOptions = {\r\n\t\t'key' : 'c1158f160081d6540a8409e6925dab94',\r\n\t\t'format' : 'iframe',\r\n\t\t'height' : 250,\r\n\t\t'width' : 300,\r\n\t\t'params' : {}\r\n\t};\r\n<\/script>\r\n<script type=\"text\/javascript\" src=\"\/\/www.highperformanceformat.com\/c1158f160081d6540a8409e6925dab94\/invoke.js\"><\/script><\/div> <p><strong>Um ein Blatt mit VBA zu l\u00f6schen, m\u00fcssen Sie die VBA-Methode \u201eL\u00f6schen\u201c verwenden.<\/strong> Sie m\u00fcssen das Blatt angeben, das Sie l\u00f6schen m\u00f6chten, und dann diese Methode verwenden. Nehmen wir an, wenn Sie \u201eBlatt1\u201c l\u00f6schen m\u00f6chten, m\u00fcssen Sie Blatt1 erw\u00e4hnen, dann einen Punkt (.) eingeben und am Ende \u201eL\u00f6schen\u201c eingeben.<\/p><p> In diesem Tutorial sehen wir verschiedene M\u00f6glichkeiten, wie Sie ein Blatt mithilfe von VBA-Code l\u00f6schen k\u00f6nnen. Stellen Sie sicher, dass Sie \u00fcber die <a href=\"https:\/\/exceladvisor.org\/de\/fugen-sie-eine-entwicklerregisterkarte-hinzu\/\">Registerkarte \u201eEntwickler\u201c im Men\u00fcband<\/a> verf\u00fcgen. Von hier aus k\u00f6nnen Sie <a href=\"https:\/\/exceladvisor.org\/de\/einfacher-visueller-editor\/\">auf den visuellen Basiseditor zugreifen<\/a> .<\/p><h2 class=\"wp-block-heading\"> L\u00f6schen Sie ein Blatt anhand seines Namens<\/h2><p> Jedes Blatt hat einen Namen und Sie k\u00f6nnen den Schreibcode verwenden, um ein Blatt unter Verwendung des Namens zu l\u00f6schen. Nehmen wir also an, Sie m\u00f6chten das Arbeitsblatt \u201eDaten\u201c l\u00f6schen. Der Code w\u00e4re: <\/p><pre class=\"wp-block-code\"> <code class=\"language-visual-basic\" lang=\"visual-basic\">Sub vba_delete_sheet() Sheets(\"Data\").Delete End Sub<\/code><\/pre><div class=\"wp-block-image\"><figure class=\"aligncenter size-large is-resized\"><img loading=\"lazy\" decoding=\"async\" class=\"wp-image-52001\" src=\"https:\/\/exceladvisor.org\/wp-content\/uploads\/2023\/08\/2-ecrire-un-code-supprimer.png\" sizes=\"auto, \" srcset=\"\" alt=\"Code schreiben-l\u00f6schen\" width=\"374\" height=\"289\"><\/figure><\/div><h2 class=\"wp-block-heading\"> Ein Blatt ohne Vorwarnung l\u00f6schen (Eingabeaufforderung)<\/h2><p> Wenn Sie ein Arbeitsblatt l\u00f6schen, zeigt Excel eine Meldung an, um zu best\u00e4tigen, ob Sie es l\u00f6schen oder abbrechen m\u00f6chten. Und wenn Sie VBA-Code verwenden, erledigt Excel dies in diesem Fall auch. <\/p><div class=\"wp-block-image\"><figure class=\"aligncenter size-large is-resized\"><img loading=\"lazy\" decoding=\"async\" class=\"wp-image-52002\" src=\"https:\/\/exceladvisor.org\/wp-content\/uploads\/2023\/08\/3-boite-de-dialogue-pour-confirmer-la-suppression-ou-lannulation.png\" sizes=\"auto, \" srcset=\"\" alt=\"Dialogfeld zum Best\u00e4tigen des L\u00f6schens oder Stornierens\" width=\"530\" height=\"230\"><\/figure><\/div><p> Um dieses Problem zu beheben, k\u00f6nnen Sie die Bildschirmaktualisierung deaktivieren, um ein Blatt zu l\u00f6schen, und es dann aktivieren. <\/p><pre class=\"wp-block-code\"> <code class=\"language-visual-basic\" lang=\"visual-basic\">Application.DisplayAlerts = False Sheets(\"Data\").Delete Application.DisplayAlerts = True<\/code><\/pre><div class=\"wp-block-image\"><figure class=\"aligncenter size-large is-resized\"><img loading=\"lazy\" decoding=\"async\" class=\"wp-image-52003\" src=\"https:\/\/exceladvisor.org\/wp-content\/uploads\/2023\/08\/4-desactiver-lalerte-de-la-boite-de-dialogue.png\" sizes=\"auto, \" srcset=\"\" alt=\"Dialogwarnung deaktivieren\" width=\"419\" height=\"243\"><\/figure><\/div><h2 class=\"wp-block-heading\"> Name des Blatts einer Zelle<\/h2><p> Nehmen wir nun an, Sie m\u00f6chten einen Zellenwert verwenden, um den Arbeitsblattnamen zu verwenden. In diesem Fall m\u00fcssen Sie dazu das <a href=\"https:\/\/exceladvisor.org\/de\/bereich-1\/\">VBA-Range-Objekt<\/a> verwenden. <\/p><div class=\"wp-block-image\"><figure class=\"aligncenter size-large is-resized\"><img loading=\"lazy\" decoding=\"async\" class=\"wp-image-52004\" src=\"https:\/\/exceladvisor.org\/wp-content\/uploads\/2023\/08\/5-utiliser-une-valeur-de-cellule-pour-utiliser-le-nom-de-la-feuille-de-calcul.png\" sizes=\"auto, \" srcset=\"\" alt=\"Verwenden Sie einen Zellwert, um den Arbeitsblattnamen zu verwenden\" width=\"467\" height=\"272\"><\/figure><\/div><h2 class=\"wp-block-heading\"> Blatt anhand der Blattnummer l\u00f6schen<\/h2><p> Das ist richtig. Zum L\u00f6schen k\u00f6nnen Sie die Blattnummer verwenden. Hier ist der Code. <\/p><pre class=\"wp-block-code\"> <code class=\"language-visual-basic\" lang=\"visual-basic\">Sub vba_delete_sheet() Sheets(1).Delete End Sub<\/code><\/pre><div class=\"wp-block-image\"><figure class=\"aligncenter size-large is-resized\"><img loading=\"lazy\" decoding=\"async\" class=\"wp-image-52005\" src=\"https:\/\/exceladvisor.org\/wp-content\/uploads\/2023\/08\/6-utiliser-le-numero-de-feuille-pour-le-supprimer.png\" sizes=\"auto, \" srcset=\"\" alt=\"Verwenden Sie die Blattnummer, um sie zu l\u00f6schen\" width=\"311\" height=\"172\"><\/figure><\/div><h2 class=\"wp-block-heading\"> Aktives Blatt l\u00f6schen<\/h2><p> Um das aktive Blatt zu l\u00f6schen, k\u00f6nnen Sie das Objekt \u201eActiveSheet\u201c verwenden, anstatt den Blattnamen zur Angabe des Blattes zu verwenden. <\/p><pre class=\"wp-block-code\"> <code class=\"language-visual-basic\" lang=\"visual-basic\">ActiveSheet.Delete<\/code><\/pre><div class=\"wp-block-image\"><figure class=\"aligncenter size-large is-resized\"><img loading=\"lazy\" decoding=\"async\" class=\"wp-image-52006\" src=\"https:\/\/exceladvisor.org\/wp-content\/uploads\/2023\/08\/7-pour-supprimer-la-feuille-active-utiliser-la-feuille-active.png\" sizes=\"auto, \" srcset=\"\" alt=\"Aktives-Blatt l\u00f6schen-aktives-Blatt verwenden\" width=\"293\" height=\"173\"><\/figure><\/div><p> Wie gesagt, dadurch wird das aktive Blatt gel\u00f6scht und Sie k\u00f6nnen <a href=\"https:\/\/exceladvisor.org\/de\/blatt-aktivieren\/\">es aktivieren,<\/a> bevor Sie es l\u00f6schen. Aber das ist nat\u00fcrlich nicht n\u00f6tig, denn Sie k\u00f6nnen auf ein Blatt verweisen und es l\u00f6schen, wie wir am Anfang dieses Tutorials gesehen haben.<\/p><h2 class=\"wp-block-heading\"> \u00dcberpr\u00fcfen Sie, ob das Blatt vorhanden ist, bevor Sie es l\u00f6schen<\/h2><p> Sie k\u00f6nnen Code auch so schreiben, dass er pr\u00fcft, ob das Blatt vorhanden ist oder nicht, und es dann l\u00f6scht. <\/p><pre class=\"wp-block-code\"> <code class=\"language-visual-basic\" lang=\"visual-basic\">Sub check_sheet_delete() Dim ws As Worksheet Dim mySheet As Variant mySheet = InputBox(\"enter sheet name\") Application.DisplayAlerts = False For Each ws In ThisWorkbook.Worksheets If mySheet = ws.Name Then ws.Delete End If Next ws Application.DisplayAlerts = True End Sub<\/code><\/pre><div class=\"wp-block-image\"><figure class=\"aligncenter size-large is-resized\"><img loading=\"lazy\" decoding=\"async\" class=\"wp-image-52007\" src=\"https:\/\/exceladvisor.org\/wp-content\/uploads\/2023\/08\/8-ecrire-un-code-pour-verifier-si-la-feuille-existe.png\" sizes=\"auto, \" srcset=\"\" alt=\"Schreiben Sie Code, um zu pr\u00fcfen, ob das Blatt vorhanden ist\" width=\"481\" height=\"443\"><\/figure><\/div><p> In diesem Code haben Sie <a href=\"https:\/\/exceladvisor.org\/de\/fur-die-schleife\/\">FOR EACH<\/a> , um alle Arbeitsbl\u00e4tter zu durchlaufen. Und dann eine <a href=\"https:\/\/exceladvisor.org\/de\/wenn-2\/\">WENN-ANWEISUNG,<\/a> um das Blatt zu l\u00f6schen, wenn sein Name mit dem Namen \u00fcbereinstimmt, den Sie in das Eingabefeld eingegeben haben.<\/p><h2 class=\"wp-block-heading\"> Alle Arbeitsbl\u00e4tter aus der Arbeitsmappe l\u00f6schen<\/h2><p> Ich bin mir sicher, dass Sie diese Frage im Kopf haben, aber ich f\u00fcrchte, es ist unm\u00f6glich, alle Arbeitsbl\u00e4tter in der Arbeitsmappe zu l\u00f6schen. Sie haben noch mindestens ein Arbeitsblatt \u00fcbrig.<\/p><p> Aber ich habe eine L\u00f6sung f\u00fcr dieses Problem gefunden. Sie k\u00f6nnen ein neues leeres Blatt einf\u00fcgen und dann alle bereits vorhandenen l\u00f6schen.<\/p><p> <strong>Hier ist der Code:<\/strong> Dieser Code <a href=\"https:\/\/exceladvisor.org\/de\/fugen-sie-ein-neues-blatt-hinzu-1\/\">f\u00fcgt ein neues Blatt hinzu<\/a> und l\u00f6scht alle anderen Bl\u00e4tter.<\/p><pre class=\"wp-block-code\"> <code class=\"language-visual-basic\" lang=\"visual-basic\">Sub vba_delete_all_worksheets() Dim ws As Worksheet Dim mySheet As String mySheet = \"BlankSheet-\" &amp; Format(Now, \"SS\") Sheets.Add.Name = mySheet Application.DisplayAlerts = False For Each ws In ThisWorkbook.Worksheets If ws.Name &lt;&gt; mySheet Then ws.Delete End If Next ws Application.DisplayAlerts = True End Sub<\/code><\/pre><div class=\"gb-container gb-container-4db6181c gb-container-mt\"> <a class=\"gb-button gb-button-c5897111 gb-button-text gb-button-mt-button\" href=\"https:\/\/exceladvisor.org\/de\/vba\/\">Was ist VBA<\/a><h2 class=\"gb-headline gb-headline-665e5f6b gb-headline-text gb-headline-mt-heading\"> Verwandte Tutorials <\/h2><div class=\"gb-grid-wrapper gb-grid-wrapper-a20baf7c gb-grid-wrapper-mt-grid\"><div class=\"gb-grid-column gb-grid-column-65ddf67e\"><div class=\"gb-container gb-container-65ddf67e\"><ul><li> <a href=\"https:\/\/exceladvisor.org\/de\/klares-blatt\/\">L\u00d6SCHEN Sie ein ganzes Blatt mit VBA in Excel<\/a><\/li><li> <a href=\"https:\/\/exceladvisor.org\/de\/kopierblatt\/\">Kopieren und verschieben Sie ein Blatt in Excel mit VBA<\/a><\/li><li> <a href=\"https:\/\/exceladvisor.org\/de\/zahle-die-blatter\/\">COUNT Sheets mit VBA in Excel<\/a><\/li><li> <a href=\"https:\/\/exceladvisor.org\/de\/blatt-ausblenden\/\">Blenden Sie ein Blatt mit VBA in Excel ein und aus<\/a><\/li><li> <a href=\"https:\/\/exceladvisor.org\/de\/das-blatt-schutzen\/\">Mit VBA in Excel ein Blatt sch\u00fctzen und den Schutz aufheben<\/a> <\/li><\/ul><\/div><\/div><div class=\"gb-grid-column gb-grid-column-50067b57\"><div class=\"gb-container gb-container-50067b57\"><\/div><\/div><\/div><\/div>","protected":false},"excerpt":{"rendered":"","protected":false},"author":1,"featured_media":0,"parent":0,"menu_order":0,"comment_status":"open","ping_status":"closed","template":"","meta":{"ub_ctt_via":"","footnotes":""},"class_list":["post-3027","page","type-page","status-publish","hentry"],"featured_image_src":null,"yoast_head":"<!-- This site is optimized with the Yoast SEO plugin v25.4 - https:\/\/yoast.com\/wordpress\/plugins\/seo\/ -->\n<title>\u25b7 Wie l\u00f6sche ich ein Blatt mit VBA-Code?<\/title>\n<meta name=\"description\" content=\"Dieses Tutorial zeigt Ihnen, wie Sie mit VBA ein BLATT L\u00d6SCHEN. Es werden auch verschiedene Methoden behandelt, die Ihnen zur Verf\u00fcgung stehen\" \/>\n<meta name=\"robots\" content=\"index, follow, max-snippet:-1, max-image-preview:large, max-video-preview:-1\" \/>\n<link rel=\"canonical\" href=\"https:\/\/exceladvisor.org\/de\/ein-blatt-loschen-1\/\" \/>\n<meta property=\"og:locale\" content=\"de_DE\" \/>\n<meta property=\"og:type\" content=\"article\" \/>\n<meta property=\"og:title\" content=\"\u25b7 Wie l\u00f6sche ich ein Blatt mit VBA-Code?\" \/>\n<meta property=\"og:description\" content=\"Dieses Tutorial zeigt Ihnen, wie Sie mit VBA ein BLATT L\u00d6SCHEN. Es werden auch verschiedene Methoden behandelt, die Ihnen zur Verf\u00fcgung stehen\" \/>\n<meta property=\"og:url\" content=\"https:\/\/exceladvisor.org\/de\/ein-blatt-loschen-1\/\" \/>\n<meta property=\"og:site_name\" content=\"Excel Advisor\" \/>\n<meta property=\"article:modified_time\" content=\"2023-12-03T13:04:12+00:00\" \/>\n<meta property=\"og:image\" content=\"https:\/\/exceladvisor.org\/wp-content\/uploads\/2023\/08\/2-ecrire-un-code-supprimer.png\" \/>\n<meta name=\"twitter:card\" content=\"summary_large_image\" \/>\n<meta name=\"twitter:label1\" content=\"Gesch\u00e4tzte Lesezeit\" \/>\n\t<meta name=\"twitter:data1\" content=\"3\u00a0Minuten\" \/>\n<script type=\"application\/ld+json\" class=\"yoast-schema-graph\">{\"@context\":\"https:\/\/schema.org\",\"@graph\":[{\"@type\":\"WebPage\",\"@id\":\"https:\/\/exceladvisor.org\/de\/ein-blatt-loschen-1\/\",\"url\":\"https:\/\/exceladvisor.org\/de\/ein-blatt-loschen-1\/\",\"name\":\"\u25b7 Wie l\u00f6sche ich ein Blatt mit VBA-Code?\",\"isPartOf\":{\"@id\":\"https:\/\/exceladvisor.org\/de\/#website\"},\"primaryImageOfPage\":{\"@id\":\"https:\/\/exceladvisor.org\/de\/ein-blatt-loschen-1\/#primaryimage\"},\"image\":{\"@id\":\"https:\/\/exceladvisor.org\/de\/ein-blatt-loschen-1\/#primaryimage\"},\"thumbnailUrl\":\"https:\/\/exceladvisor.org\/wp-content\/uploads\/2023\/08\/2-ecrire-un-code-supprimer.png\",\"datePublished\":\"2023-11-17T15:12:06+00:00\",\"dateModified\":\"2023-12-03T13:04:12+00:00\",\"description\":\"Dieses Tutorial zeigt Ihnen, wie Sie mit VBA ein BLATT L\u00d6SCHEN. Es werden auch verschiedene Methoden behandelt, die Ihnen zur Verf\u00fcgung stehen\",\"breadcrumb\":{\"@id\":\"https:\/\/exceladvisor.org\/de\/ein-blatt-loschen-1\/#breadcrumb\"},\"inLanguage\":\"de\",\"potentialAction\":[{\"@type\":\"ReadAction\",\"target\":[\"https:\/\/exceladvisor.org\/de\/ein-blatt-loschen-1\/\"]}]},{\"@type\":\"ImageObject\",\"inLanguage\":\"de\",\"@id\":\"https:\/\/exceladvisor.org\/de\/ein-blatt-loschen-1\/#primaryimage\",\"url\":\"https:\/\/exceladvisor.org\/wp-content\/uploads\/2023\/08\/2-ecrire-un-code-supprimer.png\",\"contentUrl\":\"https:\/\/exceladvisor.org\/wp-content\/uploads\/2023\/08\/2-ecrire-un-code-supprimer.png\"},{\"@type\":\"BreadcrumbList\",\"@id\":\"https:\/\/exceladvisor.org\/de\/ein-blatt-loschen-1\/#breadcrumb\",\"itemListElement\":[{\"@type\":\"ListItem\",\"position\":1,\"name\":\"Accueil\",\"item\":\"https:\/\/exceladvisor.org\/de\/\"},{\"@type\":\"ListItem\",\"position\":2,\"name\":\"Wie l\u00f6sche ich ein blatt mit vba?\"}]},{\"@type\":\"WebSite\",\"@id\":\"https:\/\/exceladvisor.org\/de\/#website\",\"url\":\"https:\/\/exceladvisor.org\/de\/\",\"name\":\"Excel Advisor\",\"description\":\"Ihr Leitfaden zur Datendominanz\",\"publisher\":{\"@id\":\"https:\/\/exceladvisor.org\/de\/#organization\"},\"potentialAction\":[{\"@type\":\"SearchAction\",\"target\":{\"@type\":\"EntryPoint\",\"urlTemplate\":\"https:\/\/exceladvisor.org\/de\/?s={search_term_string}\"},\"query-input\":{\"@type\":\"PropertyValueSpecification\",\"valueRequired\":true,\"valueName\":\"search_term_string\"}}],\"inLanguage\":\"de\"},{\"@type\":\"Organization\",\"@id\":\"https:\/\/exceladvisor.org\/de\/#organization\",\"name\":\"Excel Advisor\",\"url\":\"https:\/\/exceladvisor.org\/de\/\",\"logo\":{\"@type\":\"ImageObject\",\"inLanguage\":\"de\",\"@id\":\"https:\/\/exceladvisor.org\/de\/#\/schema\/logo\/image\/\",\"url\":\"https:\/\/exceladvisor.org\/de\/wp-content\/uploads\/2023\/11\/exceladvisor.org_.png\",\"contentUrl\":\"https:\/\/exceladvisor.org\/de\/wp-content\/uploads\/2023\/11\/exceladvisor.org_.png\",\"width\":105,\"height\":36,\"caption\":\"Excel Advisor\"},\"image\":{\"@id\":\"https:\/\/exceladvisor.org\/de\/#\/schema\/logo\/image\/\"}}]}<\/script>\n<!-- \/ Yoast SEO plugin. -->","yoast_head_json":{"title":"\u25b7 Wie l\u00f6sche ich ein Blatt mit VBA-Code?","description":"Dieses Tutorial zeigt Ihnen, wie Sie mit VBA ein BLATT L\u00d6SCHEN. Es werden auch verschiedene Methoden behandelt, die Ihnen zur Verf\u00fcgung stehen","robots":{"index":"index","follow":"follow","max-snippet":"max-snippet:-1","max-image-preview":"max-image-preview:large","max-video-preview":"max-video-preview:-1"},"canonical":"https:\/\/exceladvisor.org\/de\/ein-blatt-loschen-1\/","og_locale":"de_DE","og_type":"article","og_title":"\u25b7 Wie l\u00f6sche ich ein Blatt mit VBA-Code?","og_description":"Dieses Tutorial zeigt Ihnen, wie Sie mit VBA ein BLATT L\u00d6SCHEN. Es werden auch verschiedene Methoden behandelt, die Ihnen zur Verf\u00fcgung stehen","og_url":"https:\/\/exceladvisor.org\/de\/ein-blatt-loschen-1\/","og_site_name":"Excel Advisor","article_modified_time":"2023-12-03T13:04:12+00:00","og_image":[{"url":"https:\/\/exceladvisor.org\/wp-content\/uploads\/2023\/08\/2-ecrire-un-code-supprimer.png","type":"","width":"","height":""}],"twitter_card":"summary_large_image","twitter_misc":{"Gesch\u00e4tzte Lesezeit":"3\u00a0Minuten"},"schema":{"@context":"https:\/\/schema.org","@graph":[{"@type":"WebPage","@id":"https:\/\/exceladvisor.org\/de\/ein-blatt-loschen-1\/","url":"https:\/\/exceladvisor.org\/de\/ein-blatt-loschen-1\/","name":"\u25b7 Wie l\u00f6sche ich ein Blatt mit VBA-Code?","isPartOf":{"@id":"https:\/\/exceladvisor.org\/de\/#website"},"primaryImageOfPage":{"@id":"https:\/\/exceladvisor.org\/de\/ein-blatt-loschen-1\/#primaryimage"},"image":{"@id":"https:\/\/exceladvisor.org\/de\/ein-blatt-loschen-1\/#primaryimage"},"thumbnailUrl":"https:\/\/exceladvisor.org\/wp-content\/uploads\/2023\/08\/2-ecrire-un-code-supprimer.png","datePublished":"2023-11-17T15:12:06+00:00","dateModified":"2023-12-03T13:04:12+00:00","description":"Dieses Tutorial zeigt Ihnen, wie Sie mit VBA ein BLATT L\u00d6SCHEN. Es werden auch verschiedene Methoden behandelt, die Ihnen zur Verf\u00fcgung stehen","breadcrumb":{"@id":"https:\/\/exceladvisor.org\/de\/ein-blatt-loschen-1\/#breadcrumb"},"inLanguage":"de","potentialAction":[{"@type":"ReadAction","target":["https:\/\/exceladvisor.org\/de\/ein-blatt-loschen-1\/"]}]},{"@type":"ImageObject","inLanguage":"de","@id":"https:\/\/exceladvisor.org\/de\/ein-blatt-loschen-1\/#primaryimage","url":"https:\/\/exceladvisor.org\/wp-content\/uploads\/2023\/08\/2-ecrire-un-code-supprimer.png","contentUrl":"https:\/\/exceladvisor.org\/wp-content\/uploads\/2023\/08\/2-ecrire-un-code-supprimer.png"},{"@type":"BreadcrumbList","@id":"https:\/\/exceladvisor.org\/de\/ein-blatt-loschen-1\/#breadcrumb","itemListElement":[{"@type":"ListItem","position":1,"name":"Accueil","item":"https:\/\/exceladvisor.org\/de\/"},{"@type":"ListItem","position":2,"name":"Wie l\u00f6sche ich ein blatt mit vba?"}]},{"@type":"WebSite","@id":"https:\/\/exceladvisor.org\/de\/#website","url":"https:\/\/exceladvisor.org\/de\/","name":"Excel Advisor","description":"Ihr Leitfaden zur Datendominanz","publisher":{"@id":"https:\/\/exceladvisor.org\/de\/#organization"},"potentialAction":[{"@type":"SearchAction","target":{"@type":"EntryPoint","urlTemplate":"https:\/\/exceladvisor.org\/de\/?s={search_term_string}"},"query-input":{"@type":"PropertyValueSpecification","valueRequired":true,"valueName":"search_term_string"}}],"inLanguage":"de"},{"@type":"Organization","@id":"https:\/\/exceladvisor.org\/de\/#organization","name":"Excel Advisor","url":"https:\/\/exceladvisor.org\/de\/","logo":{"@type":"ImageObject","inLanguage":"de","@id":"https:\/\/exceladvisor.org\/de\/#\/schema\/logo\/image\/","url":"https:\/\/exceladvisor.org\/de\/wp-content\/uploads\/2023\/11\/exceladvisor.org_.png","contentUrl":"https:\/\/exceladvisor.org\/de\/wp-content\/uploads\/2023\/11\/exceladvisor.org_.png","width":105,"height":36,"caption":"Excel Advisor"},"image":{"@id":"https:\/\/exceladvisor.org\/de\/#\/schema\/logo\/image\/"}}]}},"yoast_meta":{"yoast_wpseo_title":"","yoast_wpseo_metadesc":"","yoast_wpseo_canonical":""},"_links":{"self":[{"href":"https:\/\/exceladvisor.org\/de\/wp-json\/wp\/v2\/pages\/3027","targetHints":{"allow":["GET"]}}],"collection":[{"href":"https:\/\/exceladvisor.org\/de\/wp-json\/wp\/v2\/pages"}],"about":[{"href":"https:\/\/exceladvisor.org\/de\/wp-json\/wp\/v2\/types\/page"}],"author":[{"embeddable":true,"href":"https:\/\/exceladvisor.org\/de\/wp-json\/wp\/v2\/users\/1"}],"replies":[{"embeddable":true,"href":"https:\/\/exceladvisor.org\/de\/wp-json\/wp\/v2\/comments?post=3027"}],"version-history":[{"count":1,"href":"https:\/\/exceladvisor.org\/de\/wp-json\/wp\/v2\/pages\/3027\/revisions"}],"predecessor-version":[{"id":4142,"href":"https:\/\/exceladvisor.org\/de\/wp-json\/wp\/v2\/pages\/3027\/revisions\/4142"}],"wp:attachment":[{"href":"https:\/\/exceladvisor.org\/de\/wp-json\/wp\/v2\/media?parent=3027"}],"curies":[{"name":"wp","href":"https:\/\/api.w.org\/{rel}","templated":true}]}}