{"id":3028,"date":"2023-11-17T14:13:09","date_gmt":"2023-11-17T14:13:09","guid":{"rendered":"https:\/\/exceladvisor.org\/de\/wahlen-sie-alle\/"},"modified":"2023-12-03T13:05:27","modified_gmt":"2023-12-03T13:05:27","slug":"wahlen-sie-alle","status":"publish","type":"page","link":"https:\/\/exceladvisor.org\/de\/wahlen-sie-alle\/","title":{"rendered":"Wie w\u00e4hle ich alle zellen mit vba-code aus?"},"content":{"rendered":"<div class=\"excel-vor-dem-inhalt\" id=\"excel-1893846021\"><script type=\"text\/javascript\">\r\n\tatOptions = {\r\n\t\t'key' : 'c1158f160081d6540a8409e6925dab94',\r\n\t\t'format' : 'iframe',\r\n\t\t'height' : 250,\r\n\t\t'width' : 300,\r\n\t\t'params' : {}\r\n\t};\r\n<\/script>\r\n<script type=\"text\/javascript\" src=\"\/\/www.highperformanceformat.com\/c1158f160081d6540a8409e6925dab94\/invoke.js\"><\/script><\/div> <p>In VBA gibt es eine Eigenschaft namens CELLS, mit der Sie alle Zellen in einem Arbeitsblatt ausw\u00e4hlen k\u00f6nnen.<\/p><pre class=\"wp-block-code\"> <code class=\"language-visual-basic\" lang=\"visual-basic\">Cells.Select<\/code><\/pre><h2 class=\"wp-block-heading\"> VBA, um alle Zellen auszuw\u00e4hlen<\/h2><ol><li> Geben Sie zun\u00e4chst die CELLS-Eigenschaft ein, um auf alle Zellen im Arbeitsblatt zu verweisen. <br><img loading=\"lazy\" decoding=\"async\" title=\"1-type-the-cells-property\" src=\"https:\/\/exceladvisor.org\/wp-content\/uploads\/2023\/08\/1-tapez-la-propriete-des-cellules.png\" sizes=\"auto, \" srcset=\"\" alt=\"type-the-cells-property\" width=\"360\" height=\"215\"><\/li><li> Geben Sie anschlie\u00dfend einen Punkt (.) ein.<\/li><li> An dieser Stelle erhalten Sie eine Liste von Methoden und Eigenschaften. <br><img loading=\"lazy\" decoding=\"async\" title=\"2-einen-Punkt eingeben\" src=\"https:\/\/exceladvisor.org\/wp-content\/uploads\/2023\/08\/2-entrez-un-point.png\" sizes=\"auto, \" srcset=\"\" alt=\"enter-a-dot\" width=\"391\" height=\"285\"><\/li><li> W\u00e4hlen Sie aus dieser Liste \u201eAusw\u00e4hlen\u201c oder geben Sie \u201eAusw\u00e4hlen\u201c ein. <br><img loading=\"lazy\" decoding=\"async\" title=\"3-in-Liste-Auswahl-Auswahl-oder-Typ-Auswahl\" src=\"https:\/\/exceladvisor.org\/wp-content\/uploads\/2023\/08\/3-dans-la-liste-selectionnez-selectionnez-ou-tapez-selectionnez.png\" sizes=\"auto, \" srcset=\"\" alt=\"from-list-select-select-or-type-select\" width=\"356\" height=\"221\"><\/li><\/ol><p> Sobald Sie das gesamte Arbeitsblatt ausgew\u00e4hlt haben, k\u00f6nnen Sie die Schriftart \u00e4ndern, den Inhalt l\u00f6schen oder andere Dinge tun.<\/p><h2 class=\"wp-block-heading\"> Kommentare<\/h2><ul><li> Die CELLS-Eigenschaft funktioniert auf die gleiche Weise, wie Sie die <a href=\"https:\/\/exceladvisor.org\/de\/tastaturkurzel\/\">Tastenkombination Strg+A<\/a> verwenden, um alle Zellen auszuw\u00e4hlen.<\/li><li> Wenn Sie diesen VBA-Code ausf\u00fchren, werden alle Zellen ausgew\u00e4hlt, auch wenn das Blatt gesch\u00fctzt und einige Zellen gesperrt sind.<\/li><li> Es werden auch ausgeblendete Zellen ausgew\u00e4hlt.<\/li><\/ul><h2 class=\"wp-block-heading\"> Das Blatt muss aktiviert sein<\/h2><p> Jetzt m\u00fcssen Sie hier eines verstehen: Wenn Sie alle Zellen eines Blattes ausw\u00e4hlen <a href=\"https:\/\/exceladvisor.org\/de\/blatt-aktivieren\/\">, muss dieses Blatt aktiviert werden<\/a> . Kurz gesagt: Sie k\u00f6nnen keine Zellen aus einem Blatt ausw\u00e4hlen, das nicht aktiviert ist.<\/p><p> Nehmen wir an, Sie m\u00f6chten alle Zellen in \u201eSheet1\u201c ausw\u00e4hlen. Wenn Sie den folgenden Codetyp verwenden, erhalten Sie eine Fehlermeldung. Sie m\u00fcssen zun\u00e4chst \u201eSheet1\u201c aktivieren und anschlie\u00dfend mit der Eigenschaft \u201eCells\u201c alle Zellen ausw\u00e4hlen.<\/p><pre class=\"wp-block-code\"> <code class=\"language-visual-basic\" lang=\"visual-basic\">Worksheets(\"Sheet1\").Activate Cells.Select<\/code><\/pre><p> Wenn Sie es nun ausf\u00fchren, wird zun\u00e4chst \u201eSheet1\u201c aktiviert und dann alle Zellen ausgew\u00e4hlt. Dadurch haben Sie die kleine Einschr\u00e4nkung, dass Sie nicht das gesamte Blatt ausw\u00e4hlen k\u00f6nnen, wenn dieses Blatt nicht aktiviert ist.<\/p><p> Sie k\u00f6nnen noch Folgendes tun: Sie k\u00f6nnen <a href=\"https:\/\/exceladvisor.org\/de\/fugen-sie-ein-neues-blatt-hinzu-1\/\">ein neues Blatt hinzuf\u00fcgen<\/a> und dann alle Zellen ausw\u00e4hlen.<\/p><pre class=\"wp-block-code\"> <code class=\"language-visual-basic\" lang=\"visual-basic\">Sheets.Add.Name = \"mySheet\" Cells.Select<\/code><\/pre><div class=\"gb-container gb-container-4db6181c gb-container-mt\"> <a class=\"gb-button gb-button-c5897111 gb-button-text gb-button-mt-button\" href=\"https:\/\/exceladvisor.org\/de\/vba\/\">Was ist VBA<\/a><h2 class=\"gb-headline gb-headline-665e5f6b gb-headline-text gb-headline-mt-heading\"> Verwandte Tutorials <\/h2><div class=\"gb-grid-wrapper gb-grid-wrapper-a20baf7c gb-grid-wrapper-mt-grid\"><div class=\"gb-grid-column gb-grid-column-65ddf67e\"><div class=\"gb-container gb-container-65ddf67e\"><ul><li> <a href=\"https:\/\/exceladvisor.org\/de\/fugen-sie-eine-zeile-1-ein\/\">F\u00fcgen Sie eine Zeile mit VBA in Excel ein<\/a><\/li><li> <a href=\"https:\/\/exceladvisor.org\/de\/verschmelzen\/\">Zellen in Excel mit VBA-Code zusammenf\u00fchren<\/a><\/li><li> W\u00e4hlen Sie einen Bereich\/eine Zelle mit VBA in Excel aus<\/li><li> <a href=\"https:\/\/exceladvisor.org\/de\/aktive-zelle-1\/\">ActiveCell in VBA in Excel<\/a><\/li><li> <a href=\"https:\/\/exceladvisor.org\/de\/spezielle-zellen\/\">Spezielle Zellenmethode in VBA in Excel<\/a> <\/li><\/ul><\/div><\/div><div class=\"gb-grid-column gb-grid-column-50067b57\"><div class=\"gb-container gb-container-50067b57\"><\/div><\/div><\/div><\/div>","protected":false},"excerpt":{"rendered":"","protected":false},"author":1,"featured_media":0,"parent":0,"menu_order":0,"comment_status":"open","ping_status":"closed","template":"","meta":{"ub_ctt_via":"","footnotes":""},"class_list":["post-3028","page","type-page","status-publish","hentry"],"featured_image_src":null,"yoast_head":"<!-- This site is optimized with the Yoast SEO plugin v25.4 - https:\/\/yoast.com\/wordpress\/plugins\/seo\/ -->\n<title>Wie w\u00e4hle ich alle Zellen mit VBA-Code aus?<\/title>\n<meta name=\"description\" content=\"In VBA gibt es eine Eigenschaft namens CELLS, mit der Sie alle Zellen ausw\u00e4hlen k\u00f6nnen, in denen Sie sich befinden\" \/>\n<meta name=\"robots\" content=\"index, follow, max-snippet:-1, max-image-preview:large, max-video-preview:-1\" \/>\n<link rel=\"canonical\" href=\"https:\/\/exceladvisor.org\/de\/wahlen-sie-alle\/\" \/>\n<meta property=\"og:locale\" content=\"de_DE\" \/>\n<meta property=\"og:type\" content=\"article\" \/>\n<meta property=\"og:title\" content=\"Wie w\u00e4hle ich alle Zellen mit VBA-Code aus?\" \/>\n<meta property=\"og:description\" content=\"In VBA gibt es eine Eigenschaft namens CELLS, mit der Sie alle Zellen ausw\u00e4hlen k\u00f6nnen, in denen Sie sich befinden\" \/>\n<meta property=\"og:url\" content=\"https:\/\/exceladvisor.org\/de\/wahlen-sie-alle\/\" \/>\n<meta property=\"og:site_name\" content=\"Excel Advisor\" \/>\n<meta property=\"article:modified_time\" content=\"2023-12-03T13:05:27+00:00\" \/>\n<meta property=\"og:image\" content=\"https:\/\/exceladvisor.org\/wp-content\/uploads\/2023\/08\/1-tapez-la-propriete-des-cellules.png\" \/>\n<meta name=\"twitter:card\" content=\"summary_large_image\" \/>\n<meta name=\"twitter:label1\" content=\"Gesch\u00e4tzte Lesezeit\" \/>\n\t<meta name=\"twitter:data1\" content=\"2\u00a0Minuten\" \/>\n<script type=\"application\/ld+json\" class=\"yoast-schema-graph\">{\"@context\":\"https:\/\/schema.org\",\"@graph\":[{\"@type\":\"WebPage\",\"@id\":\"https:\/\/exceladvisor.org\/de\/wahlen-sie-alle\/\",\"url\":\"https:\/\/exceladvisor.org\/de\/wahlen-sie-alle\/\",\"name\":\"Wie w\u00e4hle ich alle Zellen mit VBA-Code aus?\",\"isPartOf\":{\"@id\":\"https:\/\/exceladvisor.org\/de\/#website\"},\"primaryImageOfPage\":{\"@id\":\"https:\/\/exceladvisor.org\/de\/wahlen-sie-alle\/#primaryimage\"},\"image\":{\"@id\":\"https:\/\/exceladvisor.org\/de\/wahlen-sie-alle\/#primaryimage\"},\"thumbnailUrl\":\"https:\/\/exceladvisor.org\/wp-content\/uploads\/2023\/08\/1-tapez-la-propriete-des-cellules.png\",\"datePublished\":\"2023-11-17T14:13:09+00:00\",\"dateModified\":\"2023-12-03T13:05:27+00:00\",\"description\":\"In VBA gibt es eine Eigenschaft namens CELLS, mit der Sie alle Zellen ausw\u00e4hlen k\u00f6nnen, in denen Sie sich befinden\",\"breadcrumb\":{\"@id\":\"https:\/\/exceladvisor.org\/de\/wahlen-sie-alle\/#breadcrumb\"},\"inLanguage\":\"de\",\"potentialAction\":[{\"@type\":\"ReadAction\",\"target\":[\"https:\/\/exceladvisor.org\/de\/wahlen-sie-alle\/\"]}]},{\"@type\":\"ImageObject\",\"inLanguage\":\"de\",\"@id\":\"https:\/\/exceladvisor.org\/de\/wahlen-sie-alle\/#primaryimage\",\"url\":\"https:\/\/exceladvisor.org\/wp-content\/uploads\/2023\/08\/1-tapez-la-propriete-des-cellules.png\",\"contentUrl\":\"https:\/\/exceladvisor.org\/wp-content\/uploads\/2023\/08\/1-tapez-la-propriete-des-cellules.png\"},{\"@type\":\"BreadcrumbList\",\"@id\":\"https:\/\/exceladvisor.org\/de\/wahlen-sie-alle\/#breadcrumb\",\"itemListElement\":[{\"@type\":\"ListItem\",\"position\":1,\"name\":\"Accueil\",\"item\":\"https:\/\/exceladvisor.org\/de\/\"},{\"@type\":\"ListItem\",\"position\":2,\"name\":\"Wie w\u00e4hle ich alle zellen mit vba-code aus?\"}]},{\"@type\":\"WebSite\",\"@id\":\"https:\/\/exceladvisor.org\/de\/#website\",\"url\":\"https:\/\/exceladvisor.org\/de\/\",\"name\":\"Excel Advisor\",\"description\":\"Ihr Leitfaden zur Datendominanz\",\"publisher\":{\"@id\":\"https:\/\/exceladvisor.org\/de\/#organization\"},\"potentialAction\":[{\"@type\":\"SearchAction\",\"target\":{\"@type\":\"EntryPoint\",\"urlTemplate\":\"https:\/\/exceladvisor.org\/de\/?s={search_term_string}\"},\"query-input\":{\"@type\":\"PropertyValueSpecification\",\"valueRequired\":true,\"valueName\":\"search_term_string\"}}],\"inLanguage\":\"de\"},{\"@type\":\"Organization\",\"@id\":\"https:\/\/exceladvisor.org\/de\/#organization\",\"name\":\"Excel Advisor\",\"url\":\"https:\/\/exceladvisor.org\/de\/\",\"logo\":{\"@type\":\"ImageObject\",\"inLanguage\":\"de\",\"@id\":\"https:\/\/exceladvisor.org\/de\/#\/schema\/logo\/image\/\",\"url\":\"https:\/\/exceladvisor.org\/de\/wp-content\/uploads\/2023\/11\/exceladvisor.org_.png\",\"contentUrl\":\"https:\/\/exceladvisor.org\/de\/wp-content\/uploads\/2023\/11\/exceladvisor.org_.png\",\"width\":105,\"height\":36,\"caption\":\"Excel Advisor\"},\"image\":{\"@id\":\"https:\/\/exceladvisor.org\/de\/#\/schema\/logo\/image\/\"}}]}<\/script>\n<!-- \/ Yoast SEO plugin. -->","yoast_head_json":{"title":"Wie w\u00e4hle ich alle Zellen mit VBA-Code aus?","description":"In VBA gibt es eine Eigenschaft namens CELLS, mit der Sie alle Zellen ausw\u00e4hlen k\u00f6nnen, in denen Sie sich befinden","robots":{"index":"index","follow":"follow","max-snippet":"max-snippet:-1","max-image-preview":"max-image-preview:large","max-video-preview":"max-video-preview:-1"},"canonical":"https:\/\/exceladvisor.org\/de\/wahlen-sie-alle\/","og_locale":"de_DE","og_type":"article","og_title":"Wie w\u00e4hle ich alle Zellen mit VBA-Code aus?","og_description":"In VBA gibt es eine Eigenschaft namens CELLS, mit der Sie alle Zellen ausw\u00e4hlen k\u00f6nnen, in denen Sie sich befinden","og_url":"https:\/\/exceladvisor.org\/de\/wahlen-sie-alle\/","og_site_name":"Excel Advisor","article_modified_time":"2023-12-03T13:05:27+00:00","og_image":[{"url":"https:\/\/exceladvisor.org\/wp-content\/uploads\/2023\/08\/1-tapez-la-propriete-des-cellules.png","type":"","width":"","height":""}],"twitter_card":"summary_large_image","twitter_misc":{"Gesch\u00e4tzte Lesezeit":"2\u00a0Minuten"},"schema":{"@context":"https:\/\/schema.org","@graph":[{"@type":"WebPage","@id":"https:\/\/exceladvisor.org\/de\/wahlen-sie-alle\/","url":"https:\/\/exceladvisor.org\/de\/wahlen-sie-alle\/","name":"Wie w\u00e4hle ich alle Zellen mit VBA-Code aus?","isPartOf":{"@id":"https:\/\/exceladvisor.org\/de\/#website"},"primaryImageOfPage":{"@id":"https:\/\/exceladvisor.org\/de\/wahlen-sie-alle\/#primaryimage"},"image":{"@id":"https:\/\/exceladvisor.org\/de\/wahlen-sie-alle\/#primaryimage"},"thumbnailUrl":"https:\/\/exceladvisor.org\/wp-content\/uploads\/2023\/08\/1-tapez-la-propriete-des-cellules.png","datePublished":"2023-11-17T14:13:09+00:00","dateModified":"2023-12-03T13:05:27+00:00","description":"In VBA gibt es eine Eigenschaft namens CELLS, mit der Sie alle Zellen ausw\u00e4hlen k\u00f6nnen, in denen Sie sich befinden","breadcrumb":{"@id":"https:\/\/exceladvisor.org\/de\/wahlen-sie-alle\/#breadcrumb"},"inLanguage":"de","potentialAction":[{"@type":"ReadAction","target":["https:\/\/exceladvisor.org\/de\/wahlen-sie-alle\/"]}]},{"@type":"ImageObject","inLanguage":"de","@id":"https:\/\/exceladvisor.org\/de\/wahlen-sie-alle\/#primaryimage","url":"https:\/\/exceladvisor.org\/wp-content\/uploads\/2023\/08\/1-tapez-la-propriete-des-cellules.png","contentUrl":"https:\/\/exceladvisor.org\/wp-content\/uploads\/2023\/08\/1-tapez-la-propriete-des-cellules.png"},{"@type":"BreadcrumbList","@id":"https:\/\/exceladvisor.org\/de\/wahlen-sie-alle\/#breadcrumb","itemListElement":[{"@type":"ListItem","position":1,"name":"Accueil","item":"https:\/\/exceladvisor.org\/de\/"},{"@type":"ListItem","position":2,"name":"Wie w\u00e4hle ich alle zellen mit vba-code aus?"}]},{"@type":"WebSite","@id":"https:\/\/exceladvisor.org\/de\/#website","url":"https:\/\/exceladvisor.org\/de\/","name":"Excel Advisor","description":"Ihr Leitfaden zur Datendominanz","publisher":{"@id":"https:\/\/exceladvisor.org\/de\/#organization"},"potentialAction":[{"@type":"SearchAction","target":{"@type":"EntryPoint","urlTemplate":"https:\/\/exceladvisor.org\/de\/?s={search_term_string}"},"query-input":{"@type":"PropertyValueSpecification","valueRequired":true,"valueName":"search_term_string"}}],"inLanguage":"de"},{"@type":"Organization","@id":"https:\/\/exceladvisor.org\/de\/#organization","name":"Excel Advisor","url":"https:\/\/exceladvisor.org\/de\/","logo":{"@type":"ImageObject","inLanguage":"de","@id":"https:\/\/exceladvisor.org\/de\/#\/schema\/logo\/image\/","url":"https:\/\/exceladvisor.org\/de\/wp-content\/uploads\/2023\/11\/exceladvisor.org_.png","contentUrl":"https:\/\/exceladvisor.org\/de\/wp-content\/uploads\/2023\/11\/exceladvisor.org_.png","width":105,"height":36,"caption":"Excel Advisor"},"image":{"@id":"https:\/\/exceladvisor.org\/de\/#\/schema\/logo\/image\/"}}]}},"yoast_meta":{"yoast_wpseo_title":"","yoast_wpseo_metadesc":"","yoast_wpseo_canonical":""},"_links":{"self":[{"href":"https:\/\/exceladvisor.org\/de\/wp-json\/wp\/v2\/pages\/3028","targetHints":{"allow":["GET"]}}],"collection":[{"href":"https:\/\/exceladvisor.org\/de\/wp-json\/wp\/v2\/pages"}],"about":[{"href":"https:\/\/exceladvisor.org\/de\/wp-json\/wp\/v2\/types\/page"}],"author":[{"embeddable":true,"href":"https:\/\/exceladvisor.org\/de\/wp-json\/wp\/v2\/users\/1"}],"replies":[{"embeddable":true,"href":"https:\/\/exceladvisor.org\/de\/wp-json\/wp\/v2\/comments?post=3028"}],"version-history":[{"count":1,"href":"https:\/\/exceladvisor.org\/de\/wp-json\/wp\/v2\/pages\/3028\/revisions"}],"predecessor-version":[{"id":4395,"href":"https:\/\/exceladvisor.org\/de\/wp-json\/wp\/v2\/pages\/3028\/revisions\/4395"}],"wp:attachment":[{"href":"https:\/\/exceladvisor.org\/de\/wp-json\/wp\/v2\/media?parent=3028"}],"curies":[{"name":"wp","href":"https:\/\/api.w.org\/{rel}","templated":true}]}}