{"id":3029,"date":"2023-11-17T13:44:50","date_gmt":"2023-11-17T13:44:50","guid":{"rendered":"https:\/\/exceladvisor.org\/de\/kopierblatt\/"},"modified":"2023-12-03T13:04:04","modified_gmt":"2023-12-03T13:04:04","slug":"kopierblatt","status":"publish","type":"page","link":"https:\/\/exceladvisor.org\/de\/kopierblatt\/","title":{"rendered":"Wie kopiere und verschiebe ich ein blatt mit vba?"},"content":{"rendered":"<div class=\"excel-vor-dem-inhalt\" id=\"excel-1768852066\"><script type=\"text\/javascript\">\r\n\tatOptions = {\r\n\t\t'key' : 'c1158f160081d6540a8409e6925dab94',\r\n\t\t'format' : 'iframe',\r\n\t\t'height' : 250,\r\n\t\t'width' : 300,\r\n\t\t'params' : {}\r\n\t};\r\n<\/script>\r\n<script type=\"text\/javascript\" src=\"\/\/www.highperformanceformat.com\/c1158f160081d6540a8409e6925dab94\/invoke.js\"><\/script><\/div> <p>Sie k\u00f6nnen ein Blatt in Excel mit VBA-Code kopieren und verschieben. In diesem Tutorial lernen wir verschiedene M\u00f6glichkeiten kennen, dies zu tun.<\/p><h2 class=\"wp-block-heading\"> Kopieren Sie ein Blatt in dieselbe Arbeitsmappe<\/h2><p> Wenn Sie ein Blatt in derselben Arbeitsmappe kopieren m\u00f6chten, k\u00f6nnen Sie den folgenden Code verwenden, bei dem Sie die Kopiermethode verwendet haben.<\/p><pre class=\"wp-block-code\"> <code class=\"language-visual-basic\" lang=\"visual-basic\">Sheets(\"Sheet5\").Copy Before:=Sheets(1)<\/code><\/pre><p> In diesem Code ist Blatt1 das erste Blatt der Arbeitsmappe. Wenn Sie diesen Code ausf\u00fchren, wird das Blatt mit dem Namen \u201eBlatt5\u201c vor das erste Blatt der Arbeitsmappe kopiert. <\/p><div class=\"wp-block-image\"><figure class=\"aligncenter size-large is-resized\"><img loading=\"lazy\" decoding=\"async\" class=\"wp-image-52324\" src=\"https:\/\/exceladvisor.org\/wp-content\/uploads\/2023\/08\/1-copier-une-feuille-dans-le-meme-classeur.png\" sizes=\"auto, \" srcset=\"\" alt=\"Kopieren Sie ein Blatt in denselben Ordner\" width=\"510\" height=\"277\"><\/figure><\/div><p> Und wenn Sie es nach dem ersten Blatt kopieren m\u00f6chten, lautet der Code wie folgt.<\/p><pre class=\"wp-block-code\"> <code class=\"language-visual-basic\" lang=\"visual-basic\">Sheets(\"Sheet5\").Copy After:=Sheets(1)<\/code><\/pre><p> Und wenn Sie es nach dem ersten Blatt kopieren m\u00f6chten, lautet der Code wie folgt.<\/p><pre class=\"wp-block-code\"> <code class=\"language-visual-basic\" lang=\"visual-basic\">Sheets(\"Sheet5\").Copy Before:=Sheets(\"Sheet3\") Sheets(\"Sheet5\").Copy After:=Sheets(\"Sheet3\")<\/code><\/pre><p> Wenn Sie diesen VBA-Code ausf\u00fchren, kopiert er \u201eSheet5\u201c vor und nach \u201eSheet3\u201c. <\/p><div class=\"wp-block-image\"><figure class=\"aligncenter size-large is-resized\"><img loading=\"lazy\" decoding=\"async\" class=\"wp-image-52326\" src=\"https:\/\/exceladvisor.org\/wp-content\/uploads\/2023\/08\/3-code-vba-si-vous-voulez-le-copier-apres-la-premiere-feuille.png\" sizes=\"auto, \" srcset=\"\" alt=\"VBA-Code, wenn Sie ihn nach dem ersten Blatt kopieren m\u00f6chten\" width=\"631\" height=\"299\"><\/figure><\/div><p> Mit der folgenden Codezeile k\u00f6nnen Sie ein Blatt nach dem letzten Blatt der Arbeitsmappe kopieren. Es verwendet sheet.count, um die Anzahl der Bl\u00e4tter zu ermitteln, und verwendet dann die Anzahl, um das letzte Blatt zu kopieren. <\/p><pre class=\"wp-block-code\"> <code class=\"language-visual-basic\" lang=\"visual-basic\">Sheets(\"myNewSheet\").Move After:=Sheets(Sheets.Count)<\/code><\/pre><div class=\"wp-block-image\"><figure class=\"aligncenter size-large is-resized\"><img loading=\"lazy\" decoding=\"async\" class=\"wp-image-52325\" src=\"https:\/\/exceladvisor.org\/wp-content\/uploads\/2023\/08\/2-copier-une-feuille-apres-la-derniere-feuille-du-classeur.png\" sizes=\"auto, \" srcset=\"\" alt=\"Kopieren Sie ein Blatt nach dem letzten Blatt im Ordner\" width=\"656\" height=\"285\"><\/figure><\/div><p class=\"content-box-grey\"> <em>N\u00fctzliche Links: <a href=\"https:\/\/exceladvisor.org\/de\/ein-makro-ausfuhren-2\/\">Ausf\u00fchren eines Makros<\/a> \u2013 <a href=\"https:\/\/exceladvisor.org\/de\/ein-makro-aufzeichnen\/\">Makrorecorder<\/a> \u2013 <a href=\"https:\/\/exceladvisor.org\/de\/einfacher-visueller-editor\/\">Visual Basic Editor<\/a> \u2013 <a href=\"https:\/\/exceladvisor.org\/de\/personliches-makro-notizbuch\/\">Handbuch zu pers\u00f6nlichen Makros<\/a><\/em><\/p><h2 class=\"wp-block-heading\"> Kopieren Sie ein Blatt in derselben Arbeitsmappe unter einem neuen Namen<\/h2><p> Und wenn Sie ein Blatt kopieren und es dann sofort umbenennen m\u00f6chten, m\u00fcssen Sie die Eigenschaft name verwenden, genau wie den folgenden Code. <\/p><pre class=\"wp-block-code\"> <code class=\"language-visual-basic\" lang=\"visual-basic\">Sheets(\"Sheet5\").Move Before:=Sheets(1) ActiveSheet.Name = \"myNewSheet\"<\/code><\/pre><div class=\"wp-block-image\"><figure class=\"aligncenter size-large is-resized\"><img loading=\"lazy\" decoding=\"async\" class=\"wp-image-52327\" src=\"https:\/\/exceladvisor.org\/wp-content\/uploads\/2023\/08\/4-copier-une-feuille-dans-le-meme-classeur-avec-le-nouveau-nom.png\" sizes=\"auto, \" srcset=\"\" alt=\"Kopieren Sie ein Blatt in dieselbe Arbeitsmappe mit dem neuen Namen\" width=\"480\" height=\"290\"><\/figure><\/div><h2 class=\"wp-block-heading\"> Verschieben Sie ein Blatt in derselben Arbeitsmappe<\/h2><p> Um ein Blatt in derselben Arbeitsmappe zu verschieben, m\u00fcssen Sie die Verschiebungsmethode wie im folgenden Code verwenden. <\/p><pre class=\"wp-block-code\"> <code class=\"language-visual-basic\" lang=\"visual-basic\">Sheets(\"Sheet5\").Move After:=Sheets(1)<\/code><\/pre><div class=\"wp-block-image\"><figure class=\"aligncenter size-large is-resized\"><img loading=\"lazy\" decoding=\"async\" class=\"wp-image-52328\" src=\"https:\/\/exceladvisor.org\/wp-content\/uploads\/2023\/08\/5-deplacer-une-feuille-dans-le-meme-classeur.png\" sizes=\"auto, \" srcset=\"\" alt=\"Ein Blatt im selben Ordner verschieben\" width=\"527\" height=\"311\"><\/figure><\/div><p> Dieser Code verschiebt \u201eSheet5\u201c vor \u201eSheet2\u201c, wie Sie im Schnappschuss oben sehen k\u00f6nnen.<\/p><h2 class=\"wp-block-heading\"> Kopieren Sie ein Blatt in die neue Arbeitsmappe<\/h2><p> Wenn Sie die Kopiermethode verwenden, ohne ein Blatt in der aktuellen Arbeitsmappe zu definieren, \u00f6ffnet VBA eine neue Arbeitsmappe und kopiert dieses Blatt in diese Arbeitsmappe.<\/p><pre class=\"wp-block-code\"> <code class=\"language-visual-basic\" lang=\"visual-basic\">Sheets(\"Sheet5\").Copy<\/code><\/pre><p> Und um ein Blatt in eine neue Arbeitsmappe zu verschieben.<\/p><pre class=\"wp-block-code\"> <code class=\"language-visual-basic\" lang=\"visual-basic\">Sheets(\"Sheet5\").Move<\/code><\/pre><h2 class=\"wp-block-heading\"> Kopieren Sie mehrere Bl\u00e4tter in die neue Arbeitsmappe<\/h2><p> Wenn Sie der neuen Arbeitsmappe mehrere Bl\u00e4tter gleichzeitig hinzuf\u00fcgen m\u00f6chten, verwenden Sie Code wie diesen.<\/p><pre class=\"wp-block-code\"> <code class=\"language-visual-basic\" lang=\"visual-basic\">Sheets(Array(\"Sheet2\", \"Sheet3\", \"Sheet4\", \"Sheet5\")).Copy<\/code><\/pre><p> Der obige Code erstellt eine Reihe von Bl\u00e4ttern und kopiert sie dann alle in eine neue Arbeitsmappe.<\/p><h2 class=\"wp-block-heading\"> Kopieren Sie ein Blatt in eine andere Arbeitsmappe<\/h2><p> Wenn Sie ein Blatt in eine andere, bereits ge\u00f6ffnete Arbeitsmappe kopieren m\u00f6chten, k\u00f6nnen Sie den Namen der Arbeitsmappe nach oder vor dem Argument angeben.<\/p><pre class=\"wp-block-code\"> <code class=\"language-visual-basic\" lang=\"visual-basic\">Sheets(\"Sheet1\").Copy Before:=Workbooks(\"Book1.xlsx\").Sheets(1)<\/code><\/pre><p> Der obige Code kopiert Sheet1 aus der aktiven Arbeitsmappe und f\u00fcgt es vor dem ersten Blatt von Book1.xlsx hinzu, das bereits ge\u00f6ffnet ist.<\/p><p> Und wenn Sie es verschieben m\u00f6chten.<\/p><pre class=\"wp-block-code\"> <code class=\"language-visual-basic\" lang=\"visual-basic\">Sheets(\"Sheet1\").Move Before:=Workbooks(\"Book1.xlsx\").Sheets(1)<\/code><\/pre><h2 class=\"wp-block-heading\"> Kopieren Sie ein Blatt in eine geschlossene Arbeitsmappe<\/h2><p> Es gibt eine M\u00f6glichkeit, ein Blatt in eine geschlossene Arbeitsmappe zu kopieren, ohne dass Sie es \u00f6ffnen m\u00fcssen. Schauen Sie sich den Code unten an.<\/p><pre class=\"wp-block-code\"> <code class=\"language-visual-basic\" lang=\"visual-basic\">Sub vba_copy_sheet() Dim mybook As Workbook Application.ScreenUpdating = False Set mybook = _ Workbooks.Open _ (\"C:UsersDellDesktopsamplefile.xlsx\") Workbooks(\"Book1.xlsx\").Sheets(\"Sheet2\").Copy Before:=mybook.Sheets(1) mybook.Close SaveChanges:=True Application.ScreenUpdating = True End Sub<\/code><\/pre><p> In diesem Code haben Sie die Variable myBook und ihr ist dann eine Arbeitsmappe zugewiesen. Wir haben die Bildschirmaktualisierung deaktiviert, damit der Code die Aufgabe im Backend ausf\u00fchren kann.<\/p><h2 class=\"wp-block-heading\"> Kopieren Sie ein Blatt aus einer anderen Arbeitsmappe, ohne es zu \u00f6ffnen<\/h2><p> Auf die gleiche Weise k\u00f6nnen Sie ein Blatt aus einer geschlossenen Arbeitsmappe kopieren und verschieben. Schauen Sie sich den Code unten an.<\/p><pre class=\"wp-block-code\"> <code class=\"language-visual-basic\" lang=\"visual-basic\">Sub vba_copy_sheet() Dim mybook As Workbook Application.ScreenUpdating = False Set mybook = _ Workbooks.Open _ (\"C:UsersDellDesktopsamplefile.xlsx\") mybook.Sheets(\"mySheet\").Copy Before:=Workbooks(\"Book1.xlsx\").Sheets(1) mybook.Close SaveChanges:=True Application.ScreenUpdating = True End Sub<\/code><\/pre><div class=\"gb-container gb-container-4db6181c gb-container-mt\"> <a class=\"gb-button gb-button-c5897111 gb-button-text gb-button-mt-button\" href=\"https:\/\/exceladvisor.org\/de\/vba\/\">Was ist VBA<\/a><h2 class=\"gb-headline gb-headline-665e5f6b gb-headline-text gb-headline-mt-heading\"> Verwandte Tutorials <\/h2><div class=\"gb-grid-wrapper gb-grid-wrapper-a20baf7c gb-grid-wrapper-mt-grid\"><div class=\"gb-grid-column gb-grid-column-65ddf67e\"><div class=\"gb-container gb-container-65ddf67e\"><ul><li> <a href=\"https:\/\/exceladvisor.org\/de\/klares-blatt\/\">L\u00d6SCHEN Sie ein ganzes Blatt mit VBA in Excel<\/a><\/li><li> <a href=\"https:\/\/exceladvisor.org\/de\/zahle-die-blatter\/\">COUNT Sheets mit VBA in Excel<\/a><\/li><li> <a href=\"https:\/\/exceladvisor.org\/de\/ein-blatt-loschen-1\/\">L\u00d6SCHEN Sie ein BLATT mit VBA in Excel<\/a><\/li><li> <a href=\"https:\/\/exceladvisor.org\/de\/blatt-ausblenden\/\">Blenden Sie ein Blatt mit VBA in Excel ein und aus<\/a><\/li><li> <a href=\"https:\/\/exceladvisor.org\/de\/das-blatt-schutzen\/\">SCH\u00dcTZEN und UNSCHUTZ eines Blattes mit VBA in Excel<\/a><\/li><\/ul><\/div><\/div><\/div><\/div>","protected":false},"excerpt":{"rendered":"","protected":false},"author":1,"featured_media":0,"parent":0,"menu_order":0,"comment_status":"open","ping_status":"closed","template":"","meta":{"ub_ctt_via":"","footnotes":""},"class_list":["post-3029","page","type-page","status-publish","hentry"],"featured_image_src":null,"yoast_head":"<!-- This site is optimized with the Yoast SEO plugin v25.4 - https:\/\/yoast.com\/wordpress\/plugins\/seo\/ -->\n<title>Wie kopiere\/verschiebe ich ein Blatt in Excel mit VBA?<\/title>\n<meta name=\"description\" content=\"Erfahren Sie, wie Sie mit VBA-Code ein Blatt in Excel kopieren. Sie k\u00f6nnen ein Blatt auch von einer Arbeitsmappe in eine andere verschieben.\" \/>\n<meta name=\"robots\" content=\"index, follow, max-snippet:-1, max-image-preview:large, max-video-preview:-1\" \/>\n<link rel=\"canonical\" href=\"https:\/\/exceladvisor.org\/de\/kopierblatt\/\" \/>\n<meta property=\"og:locale\" content=\"de_DE\" \/>\n<meta property=\"og:type\" content=\"article\" \/>\n<meta property=\"og:title\" content=\"Wie kopiere\/verschiebe ich ein Blatt in Excel mit VBA?\" \/>\n<meta property=\"og:description\" content=\"Erfahren Sie, wie Sie mit VBA-Code ein Blatt in Excel kopieren. Sie k\u00f6nnen ein Blatt auch von einer Arbeitsmappe in eine andere verschieben.\" \/>\n<meta property=\"og:url\" content=\"https:\/\/exceladvisor.org\/de\/kopierblatt\/\" \/>\n<meta property=\"og:site_name\" content=\"Excel Advisor\" \/>\n<meta property=\"article:modified_time\" content=\"2023-12-03T13:04:04+00:00\" \/>\n<meta property=\"og:image\" content=\"https:\/\/exceladvisor.org\/wp-content\/uploads\/2023\/08\/1-copier-une-feuille-dans-le-meme-classeur.png\" \/>\n<meta name=\"twitter:card\" content=\"summary_large_image\" \/>\n<meta name=\"twitter:label1\" content=\"Gesch\u00e4tzte Lesezeit\" \/>\n\t<meta name=\"twitter:data1\" content=\"4\u00a0Minuten\" \/>\n<script type=\"application\/ld+json\" class=\"yoast-schema-graph\">{\"@context\":\"https:\/\/schema.org\",\"@graph\":[{\"@type\":\"WebPage\",\"@id\":\"https:\/\/exceladvisor.org\/de\/kopierblatt\/\",\"url\":\"https:\/\/exceladvisor.org\/de\/kopierblatt\/\",\"name\":\"Wie kopiere\/verschiebe ich ein Blatt in Excel mit VBA?\",\"isPartOf\":{\"@id\":\"https:\/\/exceladvisor.org\/de\/#website\"},\"primaryImageOfPage\":{\"@id\":\"https:\/\/exceladvisor.org\/de\/kopierblatt\/#primaryimage\"},\"image\":{\"@id\":\"https:\/\/exceladvisor.org\/de\/kopierblatt\/#primaryimage\"},\"thumbnailUrl\":\"https:\/\/exceladvisor.org\/wp-content\/uploads\/2023\/08\/1-copier-une-feuille-dans-le-meme-classeur.png\",\"datePublished\":\"2023-11-17T13:44:50+00:00\",\"dateModified\":\"2023-12-03T13:04:04+00:00\",\"description\":\"Erfahren Sie, wie Sie mit VBA-Code ein Blatt in Excel kopieren. Sie k\u00f6nnen ein Blatt auch von einer Arbeitsmappe in eine andere verschieben.\",\"breadcrumb\":{\"@id\":\"https:\/\/exceladvisor.org\/de\/kopierblatt\/#breadcrumb\"},\"inLanguage\":\"de\",\"potentialAction\":[{\"@type\":\"ReadAction\",\"target\":[\"https:\/\/exceladvisor.org\/de\/kopierblatt\/\"]}]},{\"@type\":\"ImageObject\",\"inLanguage\":\"de\",\"@id\":\"https:\/\/exceladvisor.org\/de\/kopierblatt\/#primaryimage\",\"url\":\"https:\/\/exceladvisor.org\/wp-content\/uploads\/2023\/08\/1-copier-une-feuille-dans-le-meme-classeur.png\",\"contentUrl\":\"https:\/\/exceladvisor.org\/wp-content\/uploads\/2023\/08\/1-copier-une-feuille-dans-le-meme-classeur.png\"},{\"@type\":\"BreadcrumbList\",\"@id\":\"https:\/\/exceladvisor.org\/de\/kopierblatt\/#breadcrumb\",\"itemListElement\":[{\"@type\":\"ListItem\",\"position\":1,\"name\":\"Accueil\",\"item\":\"https:\/\/exceladvisor.org\/de\/\"},{\"@type\":\"ListItem\",\"position\":2,\"name\":\"Wie kopiere und verschiebe ich ein blatt mit vba?\"}]},{\"@type\":\"WebSite\",\"@id\":\"https:\/\/exceladvisor.org\/de\/#website\",\"url\":\"https:\/\/exceladvisor.org\/de\/\",\"name\":\"Excel Advisor\",\"description\":\"Ihr Leitfaden zur Datendominanz\",\"publisher\":{\"@id\":\"https:\/\/exceladvisor.org\/de\/#organization\"},\"potentialAction\":[{\"@type\":\"SearchAction\",\"target\":{\"@type\":\"EntryPoint\",\"urlTemplate\":\"https:\/\/exceladvisor.org\/de\/?s={search_term_string}\"},\"query-input\":{\"@type\":\"PropertyValueSpecification\",\"valueRequired\":true,\"valueName\":\"search_term_string\"}}],\"inLanguage\":\"de\"},{\"@type\":\"Organization\",\"@id\":\"https:\/\/exceladvisor.org\/de\/#organization\",\"name\":\"Excel Advisor\",\"url\":\"https:\/\/exceladvisor.org\/de\/\",\"logo\":{\"@type\":\"ImageObject\",\"inLanguage\":\"de\",\"@id\":\"https:\/\/exceladvisor.org\/de\/#\/schema\/logo\/image\/\",\"url\":\"https:\/\/exceladvisor.org\/de\/wp-content\/uploads\/2023\/11\/exceladvisor.org_.png\",\"contentUrl\":\"https:\/\/exceladvisor.org\/de\/wp-content\/uploads\/2023\/11\/exceladvisor.org_.png\",\"width\":105,\"height\":36,\"caption\":\"Excel Advisor\"},\"image\":{\"@id\":\"https:\/\/exceladvisor.org\/de\/#\/schema\/logo\/image\/\"}}]}<\/script>\n<!-- \/ Yoast SEO plugin. -->","yoast_head_json":{"title":"Wie kopiere\/verschiebe ich ein Blatt in Excel mit VBA?","description":"Erfahren Sie, wie Sie mit VBA-Code ein Blatt in Excel kopieren. Sie k\u00f6nnen ein Blatt auch von einer Arbeitsmappe in eine andere verschieben.","robots":{"index":"index","follow":"follow","max-snippet":"max-snippet:-1","max-image-preview":"max-image-preview:large","max-video-preview":"max-video-preview:-1"},"canonical":"https:\/\/exceladvisor.org\/de\/kopierblatt\/","og_locale":"de_DE","og_type":"article","og_title":"Wie kopiere\/verschiebe ich ein Blatt in Excel mit VBA?","og_description":"Erfahren Sie, wie Sie mit VBA-Code ein Blatt in Excel kopieren. Sie k\u00f6nnen ein Blatt auch von einer Arbeitsmappe in eine andere verschieben.","og_url":"https:\/\/exceladvisor.org\/de\/kopierblatt\/","og_site_name":"Excel Advisor","article_modified_time":"2023-12-03T13:04:04+00:00","og_image":[{"url":"https:\/\/exceladvisor.org\/wp-content\/uploads\/2023\/08\/1-copier-une-feuille-dans-le-meme-classeur.png","type":"","width":"","height":""}],"twitter_card":"summary_large_image","twitter_misc":{"Gesch\u00e4tzte Lesezeit":"4\u00a0Minuten"},"schema":{"@context":"https:\/\/schema.org","@graph":[{"@type":"WebPage","@id":"https:\/\/exceladvisor.org\/de\/kopierblatt\/","url":"https:\/\/exceladvisor.org\/de\/kopierblatt\/","name":"Wie kopiere\/verschiebe ich ein Blatt in Excel mit VBA?","isPartOf":{"@id":"https:\/\/exceladvisor.org\/de\/#website"},"primaryImageOfPage":{"@id":"https:\/\/exceladvisor.org\/de\/kopierblatt\/#primaryimage"},"image":{"@id":"https:\/\/exceladvisor.org\/de\/kopierblatt\/#primaryimage"},"thumbnailUrl":"https:\/\/exceladvisor.org\/wp-content\/uploads\/2023\/08\/1-copier-une-feuille-dans-le-meme-classeur.png","datePublished":"2023-11-17T13:44:50+00:00","dateModified":"2023-12-03T13:04:04+00:00","description":"Erfahren Sie, wie Sie mit VBA-Code ein Blatt in Excel kopieren. Sie k\u00f6nnen ein Blatt auch von einer Arbeitsmappe in eine andere verschieben.","breadcrumb":{"@id":"https:\/\/exceladvisor.org\/de\/kopierblatt\/#breadcrumb"},"inLanguage":"de","potentialAction":[{"@type":"ReadAction","target":["https:\/\/exceladvisor.org\/de\/kopierblatt\/"]}]},{"@type":"ImageObject","inLanguage":"de","@id":"https:\/\/exceladvisor.org\/de\/kopierblatt\/#primaryimage","url":"https:\/\/exceladvisor.org\/wp-content\/uploads\/2023\/08\/1-copier-une-feuille-dans-le-meme-classeur.png","contentUrl":"https:\/\/exceladvisor.org\/wp-content\/uploads\/2023\/08\/1-copier-une-feuille-dans-le-meme-classeur.png"},{"@type":"BreadcrumbList","@id":"https:\/\/exceladvisor.org\/de\/kopierblatt\/#breadcrumb","itemListElement":[{"@type":"ListItem","position":1,"name":"Accueil","item":"https:\/\/exceladvisor.org\/de\/"},{"@type":"ListItem","position":2,"name":"Wie kopiere und verschiebe ich ein blatt mit vba?"}]},{"@type":"WebSite","@id":"https:\/\/exceladvisor.org\/de\/#website","url":"https:\/\/exceladvisor.org\/de\/","name":"Excel Advisor","description":"Ihr Leitfaden zur Datendominanz","publisher":{"@id":"https:\/\/exceladvisor.org\/de\/#organization"},"potentialAction":[{"@type":"SearchAction","target":{"@type":"EntryPoint","urlTemplate":"https:\/\/exceladvisor.org\/de\/?s={search_term_string}"},"query-input":{"@type":"PropertyValueSpecification","valueRequired":true,"valueName":"search_term_string"}}],"inLanguage":"de"},{"@type":"Organization","@id":"https:\/\/exceladvisor.org\/de\/#organization","name":"Excel Advisor","url":"https:\/\/exceladvisor.org\/de\/","logo":{"@type":"ImageObject","inLanguage":"de","@id":"https:\/\/exceladvisor.org\/de\/#\/schema\/logo\/image\/","url":"https:\/\/exceladvisor.org\/de\/wp-content\/uploads\/2023\/11\/exceladvisor.org_.png","contentUrl":"https:\/\/exceladvisor.org\/de\/wp-content\/uploads\/2023\/11\/exceladvisor.org_.png","width":105,"height":36,"caption":"Excel Advisor"},"image":{"@id":"https:\/\/exceladvisor.org\/de\/#\/schema\/logo\/image\/"}}]}},"yoast_meta":{"yoast_wpseo_title":"","yoast_wpseo_metadesc":"","yoast_wpseo_canonical":""},"_links":{"self":[{"href":"https:\/\/exceladvisor.org\/de\/wp-json\/wp\/v2\/pages\/3029","targetHints":{"allow":["GET"]}}],"collection":[{"href":"https:\/\/exceladvisor.org\/de\/wp-json\/wp\/v2\/pages"}],"about":[{"href":"https:\/\/exceladvisor.org\/de\/wp-json\/wp\/v2\/types\/page"}],"author":[{"embeddable":true,"href":"https:\/\/exceladvisor.org\/de\/wp-json\/wp\/v2\/users\/1"}],"replies":[{"embeddable":true,"href":"https:\/\/exceladvisor.org\/de\/wp-json\/wp\/v2\/comments?post=3029"}],"version-history":[{"count":1,"href":"https:\/\/exceladvisor.org\/de\/wp-json\/wp\/v2\/pages\/3029\/revisions"}],"predecessor-version":[{"id":4134,"href":"https:\/\/exceladvisor.org\/de\/wp-json\/wp\/v2\/pages\/3029\/revisions\/4134"}],"wp:attachment":[{"href":"https:\/\/exceladvisor.org\/de\/wp-json\/wp\/v2\/media?parent=3029"}],"curies":[{"name":"wp","href":"https:\/\/api.w.org\/{rel}","templated":true}]}}