{"id":3030,"date":"2023-11-17T13:34:11","date_gmt":"2023-11-17T13:34:11","guid":{"rendered":"https:\/\/exceladvisor.org\/de\/das-kontrollblatt-existiert\/"},"modified":"2023-12-03T11:22:04","modified_gmt":"2023-12-03T11:22:04","slug":"das-kontrollblatt-existiert","status":"publish","type":"page","link":"https:\/\/exceladvisor.org\/de\/das-kontrollblatt-existiert\/","title":{"rendered":"Wie kann ich mit vba pr\u00fcfen, ob ein blatt vorhanden ist?"},"content":{"rendered":"<div class=\"excel-vor-dem-inhalt\" id=\"excel-580390775\"><script type=\"text\/javascript\">\r\n\tatOptions = {\r\n\t\t'key' : 'c1158f160081d6540a8409e6925dab94',\r\n\t\t'format' : 'iframe',\r\n\t\t'height' : 250,\r\n\t\t'width' : 300,\r\n\t\t'params' : {}\r\n\t};\r\n<\/script>\r\n<script type=\"text\/javascript\" src=\"\/\/www.highperformanceformat.com\/c1158f160081d6540a8409e6925dab94\/invoke.js\"><\/script><\/div> <p>Wenn Sie ein Blatt erstellen, l\u00f6schen, verschieben oder kopieren m\u00f6chten, m\u00fcssen Sie wissen, ob dieses Blatt existiert oder nicht.<\/p><p> Um Code zu schreiben, der \u00fcberpr\u00fcft, ob das Blatt vorhanden ist oder nicht, ben\u00f6tigen Sie eine Schleife, die jedes Blatt in der Arbeitsmappe durchl\u00e4uft und mit dem von Ihnen angegebenen Namen \u00fcbereinstimmt. Aber hier ist die Sache: Sie k\u00f6nnen daf\u00fcr zwei verschiedene Schleifen verwenden ( <a href=\"https:\/\/exceladvisor.org\/de\/fur-die-schleife\/\">For Next und For Each<\/a> ), und heute werden wir beide verwenden.<\/p><p> In diesem Tutorial werden wir uns verschiedene M\u00f6glichkeiten ansehen, dies zu tun. Stellen Sie also sicher, dass sich <a href=\"https:\/\/exceladvisor.org\/de\/fugen-sie-eine-entwicklerregisterkarte-hinzu\/\">in Ihrem Men\u00fcband die Registerkarte \u201eEntwickler\u201c<\/a> befindet, und \u00f6ffnen Sie den <a href=\"https:\/\/exceladvisor.org\/de\/einfacher-visueller-editor\/\">VBA-Editor<\/a> , um diesen Code zu schreiben.<\/p><h2 class=\"wp-block-heading\"> \u00dcberpr\u00fcfen Sie, ob in der aktuellen Arbeitsmappe ein Blatt vorhanden ist<\/h2><p> Mit dieser Schleife k\u00f6nnen Sie auf alle Bl\u00e4tter in der Arbeitsmappe verweisen und sie einzeln durchlaufen, um den Blattnamen mit dem Namen des Blattes abzugleichen, nach dem Sie suchen m\u00f6chten.<\/p><p> Folge diesen Schritten:<\/p><ol><li> Deklarieren Sie zun\u00e4chst eine Variable, die beim Ausf\u00fchren der Schleife f\u00fcr das Blatt verwendet wird und den Namen des Blatts speichert, nach dem Sie suchen m\u00f6chten. <br><img loading=\"lazy\" decoding=\"async\" title=\"1-deklarieren-eine-Variable-zur-Verwendung-f\u00fcr-das-Blatt\" src=\"https:\/\/exceladvisor.org\/wp-content\/uploads\/2023\/08\/1-declarer-une-variable-a-utiliser-pour-la-feuille.png\" sizes=\"auto, \" srcset=\"\" alt=\"declare-a-variable-to-use-for-the-sheet\" width=\"356\" height=\"215\"><\/li><li> Schreiben Sie als N\u00e4chstes eine Codezeile f\u00fcr ein Eingabefeld, um den Namen des Blattes einzugeben, nach dem Sie suchen m\u00f6chten. <br><img loading=\"lazy\" decoding=\"async\" title=\"2 Zeilen Code f\u00fcr einen Eingabebereich\" src=\"https:\/\/exceladvisor.org\/wp-content\/uploads\/2023\/08\/2-lignes-de-code-pour-une-zone-de-saisie.png\" sizes=\"auto, \" srcset=\"\" alt=\"line-of-code-for-an-input-box\" width=\"473\" height=\"211\"><\/li><li> Danach beginnen Sie Ihre Schleife mit dem Schl\u00fcsselwort For Each. Und <a href=\"https:\/\/exceladvisor.org\/de\/variablen\/\">verwenden Sie die Variable<\/a> , um auf jedes Arbeitsblatt in der Arbeitsmappe zu verweisen. <br><img loading=\"lazy\" decoding=\"async\" title=\"3-Starten Sie Ihre Schleife\" src=\"https:\/\/exceladvisor.org\/wp-content\/uploads\/2023\/08\/3-commencez-votre-boucle.png\" sizes=\"auto, \" srcset=\"\" alt=\"start-your-loop\" width=\"461\" height=\"325\"><\/li><li> Von hier aus m\u00fcssen Sie eine <a href=\"https:\/\/exceladvisor.org\/de\/variablen\/\">IF THEN ELSE-<\/a> Anweisung schreiben, um den Blattnamen mit dem Namen abzugleichen, den Sie in das Eingabefeld eingegeben haben. Anschlie\u00dfend m\u00fcssen Sie ein Meldungsfeld anzeigen, wenn die \u00dcbereinstimmung gefunden wird, und den Vorgang beenden. <br><img loading=\"lazy\" decoding=\"async\" title=\"4-schreibe-ein-wenn-dann-sonst\" src=\"https:\/\/exceladvisor.org\/wp-content\/uploads\/2023\/08\/4-ecrire-un-si-alors-sinon.png\" sizes=\"auto, \" srcset=\"\" alt=\"write-an-if-then-else\" width=\"516\" height=\"331\"><\/li><li> Am Ende erscheint ein <a href=\"https:\/\/exceladvisor.org\/de\/vba-nachrichtenbox\/\">Meldungsfeld,<\/a> das Sie benachrichtigt, wenn keine \u00dcbereinstimmung gefunden wird. <br><img loading=\"lazy\" decoding=\"async\" title=\"5 anzuzeigende Nachrichtenfelder\" src=\"https:\/\/exceladvisor.org\/wp-content\/uploads\/2023\/08\/5-boite-de-message-a-afficher.png\" sizes=\"auto, \" srcset=\"\" alt=\"message-box-to-show\" width=\"668\" height=\"513\"><\/li><\/ol><p class=\"content-box-grey\"> <em>N\u00fctzliche Links: <a href=\"https:\/\/exceladvisor.org\/de\/ein-makro-ausfuhren-2\/\">Ausf\u00fchren eines Makros<\/a> \u2013 <a href=\"https:\/\/exceladvisor.org\/de\/ein-makro-aufzeichnen\/\">Makrorecorder<\/a> \u2013 <a href=\"https:\/\/exceladvisor.org\/de\/einfacher-visueller-editor\/\">Visual Basic Editor<\/a> \u2013 <a href=\"https:\/\/exceladvisor.org\/de\/personliches-makro-notizbuch\/\">Handbuch zu pers\u00f6nlichen Makros<\/a><\/em><\/p><p> <strong>Vollst\u00e4ndiger Code:<\/strong><\/p><pre class=\"wp-block-code\"> <code class=\"language-visual-basic\" lang=\"visual-basic\">Sub vba_check_sheet() Dim sht As Worksheet Dim shtName As String shtName = InputBox(Prompt:=\"Enter the sheet name\", _ Title:=\"Search Sheet\") For Each sht In ThisWorkbook.Worksheets If sht.Name = shtName Then MsgBox \"Yes! \" &amp; shtName &amp; \" is there in the workbook.\" Exit Sub End If Next sht MsgBox \"No! \" &amp; shtName &amp; \"is not there in the workbook.\" End Sub<\/code><\/pre><p> <strong>Lassen Sie mich erkl\u00e4ren, wie es funktioniert:<\/strong> Wenn Sie diesen Code ausf\u00fchren, wird eine Meldung angezeigt, in der Sie den Namen des Blatts eingeben m\u00fcssen, nach dem Sie suchen m\u00f6chten.<\/p><p> Danach durchsucht es jedes Blatt, um den Namen mit dem von Ihnen eingegebenen Namen abzugleichen. Wenn der Name mit einem Blatt \u00fcbereinstimmt, wird eine Meldung angezeigt. Wenn keine \u00dcbereinstimmung vorliegt, wird eine weitere Meldung angezeigt.<\/p><p> Hier ist ein weiterer Code, um zu \u00fcberpr\u00fcfen, ob ein Blatt vorhanden ist oder nicht.<\/p><pre class=\"wp-block-code\"> <code class=\"language-visual-basic\" lang=\"visual-basic\">Sub vba_check_sheet() Dim sht As Worksheet Dim shtName As String Dim i As Long i = Sheets.Count shtName = InputBox(Prompt:=\"Enter the sheet name\", _ Title:=\"Search Sheet\") For i = 1 To i If Sheets(i).Name = shtName Then MsgBox \"Yes! \" &amp; shtName &amp; \" is there in the workbook.\" Exit Sub End If Next i MsgBox \"No! \" &amp; shtName &amp; \" is not there in the workbook.\" End Sub<\/code><\/pre><p> Dieser Code verwendet die FOR NEXT-Schleife und verwendet die Gesamtzahl der Bl\u00e4tter in der Arbeitsmappe. Auf dieser Grundlage durchl\u00e4uft er jedes Blatt, das mit dem von Ihnen eingegebenen Namen \u00fcbereinstimmt.<\/p><h2 class=\"wp-block-heading\"> \u00dcberpr\u00fcfen Sie, ob das Blatt in der geschlossenen Arbeitsmappe vorhanden ist<\/h2><p> Im folgenden Code haben Sie eine Schleife, die in einer geschlossenen Arbeitsmappe nach dem Blattnamen sucht. Um auf die Datei zu verweisen, haben wir die Dateiadresse verwendet.<\/p><pre class=\"wp-block-code\"> <code class=\"language-visual-basic\" lang=\"visual-basic\">Sub vba_check_sheet() Dim wb As Workbook Dim sht As Worksheet Dim shtName As String shtName = InputBox(Prompt:=\"Enter the sheet name\", _ Title:=\"Search Sheet\") Application.ScreenUpdating = False Set wb = Workbooks.Open _ (\"C:UsersDellDesktopsample-file.xlsx\") For Each sht In wb.Worksheets If sht.Name = shtName Then wb.Close SaveChanges:=True MsgBox \"Yes! \" &amp; shtName &amp; \" is there in the workbook.\" _ , vbInformation, \"Found\" Exit Sub End If Next sht Application.ScreenUpdating = False MsgBox \"No! \" &amp; shtName _ &amp; \" is not there in the workbook.\", _ vbCritical, \"Not Found\" End Sub<\/code><\/pre><p> Wenn Sie dieses Makro ausf\u00fchren, wird die Datei im Hintergrund ge\u00f6ffnet, als Sie die Bildschirmaktualisierung deaktiviert hatten. Sobald alle Bl\u00e4tter durchgegangen sind, verf\u00fcgen Sie \u00fcber den Code zum Aktivieren der Bildschirmaktualisierung. &#8218;Bildschirm.<\/p><p class=\"qt-tip\"> <strong>Hinweis:<\/strong> Wie Sie sehen k\u00f6nnen, befindet sich in der Dateispeicherortadresse die Dateierweiterung, was bedeutet, dass Sie die richtige Dateierweiterung ben\u00f6tigen, um darauf zu verweisen.<\/p><div class=\"gb-container gb-container-4db6181c gb-container-mt\"> <a class=\"gb-button gb-button-c5897111 gb-button-text gb-button-mt-button\" href=\"https:\/\/exceladvisor.org\/de\/vba\/\">Was ist VBA<\/a><h2 class=\"gb-headline gb-headline-665e5f6b gb-headline-text gb-headline-mt-heading\"> Verwandte Tutorials <\/h2><div class=\"gb-grid-wrapper gb-grid-wrapper-a20baf7c gb-grid-wrapper-mt-grid\"><div class=\"gb-grid-column gb-grid-column-65ddf67e\"><div class=\"gb-container gb-container-65ddf67e\"><ul><li> <a href=\"https:\/\/exceladvisor.org\/de\/klares-blatt\/\">L\u00d6SCHEN Sie ein ganzes Blatt mit VBA in Excel<\/a><\/li><li> <a href=\"https:\/\/exceladvisor.org\/de\/kopierblatt\/\">Kopieren und verschieben Sie ein Blatt in Excel mit VBA<\/a><\/li><li> <a href=\"https:\/\/exceladvisor.org\/de\/zahle-die-blatter\/\">COUNT Sheets mit VBA in Excel<\/a><\/li><li> <a href=\"https:\/\/exceladvisor.org\/de\/ein-blatt-loschen-1\/\">L\u00d6SCHEN Sie ein BLATT mit VBA in Excel<\/a><\/li><li> <a href=\"https:\/\/exceladvisor.org\/de\/blatt-ausblenden\/\">Blenden Sie ein Blatt mit VBA in Excel ein und aus<\/a><\/li><\/ul><\/div><\/div><\/div><\/div>","protected":false},"excerpt":{"rendered":"","protected":false},"author":1,"featured_media":0,"parent":0,"menu_order":0,"comment_status":"open","ping_status":"closed","template":"","meta":{"ub_ctt_via":"","footnotes":""},"class_list":["post-3030","page","type-page","status-publish","hentry"],"featured_image_src":null,"yoast_head":"<!-- This site is optimized with the Yoast SEO plugin v25.4 - https:\/\/yoast.com\/wordpress\/plugins\/seo\/ -->\n<title>Wie kann ich mit VBA in Excel pr\u00fcfen, ob ein Blatt vorhanden ist?<\/title>\n<meta name=\"description\" content=\"Wenn Sie ein Blatt erstellen, l\u00f6schen, verschieben oder kopieren m\u00f6chten, m\u00fcssen Sie wissen, ob dieses Blatt existiert oder nicht.\" \/>\n<meta name=\"robots\" content=\"index, follow, max-snippet:-1, max-image-preview:large, max-video-preview:-1\" \/>\n<link rel=\"canonical\" href=\"https:\/\/exceladvisor.org\/de\/das-kontrollblatt-existiert\/\" \/>\n<meta property=\"og:locale\" content=\"de_DE\" \/>\n<meta property=\"og:type\" content=\"article\" \/>\n<meta property=\"og:title\" content=\"Wie kann ich mit VBA in Excel pr\u00fcfen, ob ein Blatt vorhanden ist?\" \/>\n<meta property=\"og:description\" content=\"Wenn Sie ein Blatt erstellen, l\u00f6schen, verschieben oder kopieren m\u00f6chten, m\u00fcssen Sie wissen, ob dieses Blatt existiert oder nicht.\" \/>\n<meta property=\"og:url\" content=\"https:\/\/exceladvisor.org\/de\/das-kontrollblatt-existiert\/\" \/>\n<meta property=\"og:site_name\" content=\"Excel Advisor\" \/>\n<meta property=\"article:modified_time\" content=\"2023-12-03T11:22:04+00:00\" \/>\n<meta property=\"og:image\" content=\"https:\/\/exceladvisor.org\/wp-content\/uploads\/2023\/08\/1-declarer-une-variable-a-utiliser-pour-la-feuille.png\" \/>\n<meta name=\"twitter:card\" content=\"summary_large_image\" \/>\n<meta name=\"twitter:label1\" content=\"Gesch\u00e4tzte Lesezeit\" \/>\n\t<meta name=\"twitter:data1\" content=\"4\u00a0Minuten\" \/>\n<script type=\"application\/ld+json\" class=\"yoast-schema-graph\">{\"@context\":\"https:\/\/schema.org\",\"@graph\":[{\"@type\":\"WebPage\",\"@id\":\"https:\/\/exceladvisor.org\/de\/das-kontrollblatt-existiert\/\",\"url\":\"https:\/\/exceladvisor.org\/de\/das-kontrollblatt-existiert\/\",\"name\":\"Wie kann ich mit VBA in Excel pr\u00fcfen, ob ein Blatt vorhanden ist?\",\"isPartOf\":{\"@id\":\"https:\/\/exceladvisor.org\/de\/#website\"},\"primaryImageOfPage\":{\"@id\":\"https:\/\/exceladvisor.org\/de\/das-kontrollblatt-existiert\/#primaryimage\"},\"image\":{\"@id\":\"https:\/\/exceladvisor.org\/de\/das-kontrollblatt-existiert\/#primaryimage\"},\"thumbnailUrl\":\"https:\/\/exceladvisor.org\/wp-content\/uploads\/2023\/08\/1-declarer-une-variable-a-utiliser-pour-la-feuille.png\",\"datePublished\":\"2023-11-17T13:34:11+00:00\",\"dateModified\":\"2023-12-03T11:22:04+00:00\",\"description\":\"Wenn Sie ein Blatt erstellen, l\u00f6schen, verschieben oder kopieren m\u00f6chten, m\u00fcssen Sie wissen, ob dieses Blatt existiert oder nicht.\",\"breadcrumb\":{\"@id\":\"https:\/\/exceladvisor.org\/de\/das-kontrollblatt-existiert\/#breadcrumb\"},\"inLanguage\":\"de\",\"potentialAction\":[{\"@type\":\"ReadAction\",\"target\":[\"https:\/\/exceladvisor.org\/de\/das-kontrollblatt-existiert\/\"]}]},{\"@type\":\"ImageObject\",\"inLanguage\":\"de\",\"@id\":\"https:\/\/exceladvisor.org\/de\/das-kontrollblatt-existiert\/#primaryimage\",\"url\":\"https:\/\/exceladvisor.org\/wp-content\/uploads\/2023\/08\/1-declarer-une-variable-a-utiliser-pour-la-feuille.png\",\"contentUrl\":\"https:\/\/exceladvisor.org\/wp-content\/uploads\/2023\/08\/1-declarer-une-variable-a-utiliser-pour-la-feuille.png\"},{\"@type\":\"BreadcrumbList\",\"@id\":\"https:\/\/exceladvisor.org\/de\/das-kontrollblatt-existiert\/#breadcrumb\",\"itemListElement\":[{\"@type\":\"ListItem\",\"position\":1,\"name\":\"Accueil\",\"item\":\"https:\/\/exceladvisor.org\/de\/\"},{\"@type\":\"ListItem\",\"position\":2,\"name\":\"Wie kann ich mit vba pr\u00fcfen, ob ein blatt vorhanden ist?\"}]},{\"@type\":\"WebSite\",\"@id\":\"https:\/\/exceladvisor.org\/de\/#website\",\"url\":\"https:\/\/exceladvisor.org\/de\/\",\"name\":\"Excel Advisor\",\"description\":\"Ihr Leitfaden zur Datendominanz\",\"publisher\":{\"@id\":\"https:\/\/exceladvisor.org\/de\/#organization\"},\"potentialAction\":[{\"@type\":\"SearchAction\",\"target\":{\"@type\":\"EntryPoint\",\"urlTemplate\":\"https:\/\/exceladvisor.org\/de\/?s={search_term_string}\"},\"query-input\":{\"@type\":\"PropertyValueSpecification\",\"valueRequired\":true,\"valueName\":\"search_term_string\"}}],\"inLanguage\":\"de\"},{\"@type\":\"Organization\",\"@id\":\"https:\/\/exceladvisor.org\/de\/#organization\",\"name\":\"Excel Advisor\",\"url\":\"https:\/\/exceladvisor.org\/de\/\",\"logo\":{\"@type\":\"ImageObject\",\"inLanguage\":\"de\",\"@id\":\"https:\/\/exceladvisor.org\/de\/#\/schema\/logo\/image\/\",\"url\":\"https:\/\/exceladvisor.org\/de\/wp-content\/uploads\/2023\/11\/exceladvisor.org_.png\",\"contentUrl\":\"https:\/\/exceladvisor.org\/de\/wp-content\/uploads\/2023\/11\/exceladvisor.org_.png\",\"width\":105,\"height\":36,\"caption\":\"Excel Advisor\"},\"image\":{\"@id\":\"https:\/\/exceladvisor.org\/de\/#\/schema\/logo\/image\/\"}}]}<\/script>\n<!-- \/ Yoast SEO plugin. -->","yoast_head_json":{"title":"Wie kann ich mit VBA in Excel pr\u00fcfen, ob ein Blatt vorhanden ist?","description":"Wenn Sie ein Blatt erstellen, l\u00f6schen, verschieben oder kopieren m\u00f6chten, m\u00fcssen Sie wissen, ob dieses Blatt existiert oder nicht.","robots":{"index":"index","follow":"follow","max-snippet":"max-snippet:-1","max-image-preview":"max-image-preview:large","max-video-preview":"max-video-preview:-1"},"canonical":"https:\/\/exceladvisor.org\/de\/das-kontrollblatt-existiert\/","og_locale":"de_DE","og_type":"article","og_title":"Wie kann ich mit VBA in Excel pr\u00fcfen, ob ein Blatt vorhanden ist?","og_description":"Wenn Sie ein Blatt erstellen, l\u00f6schen, verschieben oder kopieren m\u00f6chten, m\u00fcssen Sie wissen, ob dieses Blatt existiert oder nicht.","og_url":"https:\/\/exceladvisor.org\/de\/das-kontrollblatt-existiert\/","og_site_name":"Excel Advisor","article_modified_time":"2023-12-03T11:22:04+00:00","og_image":[{"url":"https:\/\/exceladvisor.org\/wp-content\/uploads\/2023\/08\/1-declarer-une-variable-a-utiliser-pour-la-feuille.png","type":"","width":"","height":""}],"twitter_card":"summary_large_image","twitter_misc":{"Gesch\u00e4tzte Lesezeit":"4\u00a0Minuten"},"schema":{"@context":"https:\/\/schema.org","@graph":[{"@type":"WebPage","@id":"https:\/\/exceladvisor.org\/de\/das-kontrollblatt-existiert\/","url":"https:\/\/exceladvisor.org\/de\/das-kontrollblatt-existiert\/","name":"Wie kann ich mit VBA in Excel pr\u00fcfen, ob ein Blatt vorhanden ist?","isPartOf":{"@id":"https:\/\/exceladvisor.org\/de\/#website"},"primaryImageOfPage":{"@id":"https:\/\/exceladvisor.org\/de\/das-kontrollblatt-existiert\/#primaryimage"},"image":{"@id":"https:\/\/exceladvisor.org\/de\/das-kontrollblatt-existiert\/#primaryimage"},"thumbnailUrl":"https:\/\/exceladvisor.org\/wp-content\/uploads\/2023\/08\/1-declarer-une-variable-a-utiliser-pour-la-feuille.png","datePublished":"2023-11-17T13:34:11+00:00","dateModified":"2023-12-03T11:22:04+00:00","description":"Wenn Sie ein Blatt erstellen, l\u00f6schen, verschieben oder kopieren m\u00f6chten, m\u00fcssen Sie wissen, ob dieses Blatt existiert oder nicht.","breadcrumb":{"@id":"https:\/\/exceladvisor.org\/de\/das-kontrollblatt-existiert\/#breadcrumb"},"inLanguage":"de","potentialAction":[{"@type":"ReadAction","target":["https:\/\/exceladvisor.org\/de\/das-kontrollblatt-existiert\/"]}]},{"@type":"ImageObject","inLanguage":"de","@id":"https:\/\/exceladvisor.org\/de\/das-kontrollblatt-existiert\/#primaryimage","url":"https:\/\/exceladvisor.org\/wp-content\/uploads\/2023\/08\/1-declarer-une-variable-a-utiliser-pour-la-feuille.png","contentUrl":"https:\/\/exceladvisor.org\/wp-content\/uploads\/2023\/08\/1-declarer-une-variable-a-utiliser-pour-la-feuille.png"},{"@type":"BreadcrumbList","@id":"https:\/\/exceladvisor.org\/de\/das-kontrollblatt-existiert\/#breadcrumb","itemListElement":[{"@type":"ListItem","position":1,"name":"Accueil","item":"https:\/\/exceladvisor.org\/de\/"},{"@type":"ListItem","position":2,"name":"Wie kann ich mit vba pr\u00fcfen, ob ein blatt vorhanden ist?"}]},{"@type":"WebSite","@id":"https:\/\/exceladvisor.org\/de\/#website","url":"https:\/\/exceladvisor.org\/de\/","name":"Excel Advisor","description":"Ihr Leitfaden zur Datendominanz","publisher":{"@id":"https:\/\/exceladvisor.org\/de\/#organization"},"potentialAction":[{"@type":"SearchAction","target":{"@type":"EntryPoint","urlTemplate":"https:\/\/exceladvisor.org\/de\/?s={search_term_string}"},"query-input":{"@type":"PropertyValueSpecification","valueRequired":true,"valueName":"search_term_string"}}],"inLanguage":"de"},{"@type":"Organization","@id":"https:\/\/exceladvisor.org\/de\/#organization","name":"Excel Advisor","url":"https:\/\/exceladvisor.org\/de\/","logo":{"@type":"ImageObject","inLanguage":"de","@id":"https:\/\/exceladvisor.org\/de\/#\/schema\/logo\/image\/","url":"https:\/\/exceladvisor.org\/de\/wp-content\/uploads\/2023\/11\/exceladvisor.org_.png","contentUrl":"https:\/\/exceladvisor.org\/de\/wp-content\/uploads\/2023\/11\/exceladvisor.org_.png","width":105,"height":36,"caption":"Excel Advisor"},"image":{"@id":"https:\/\/exceladvisor.org\/de\/#\/schema\/logo\/image\/"}}]}},"yoast_meta":{"yoast_wpseo_title":"","yoast_wpseo_metadesc":"","yoast_wpseo_canonical":""},"_links":{"self":[{"href":"https:\/\/exceladvisor.org\/de\/wp-json\/wp\/v2\/pages\/3030","targetHints":{"allow":["GET"]}}],"collection":[{"href":"https:\/\/exceladvisor.org\/de\/wp-json\/wp\/v2\/pages"}],"about":[{"href":"https:\/\/exceladvisor.org\/de\/wp-json\/wp\/v2\/types\/page"}],"author":[{"embeddable":true,"href":"https:\/\/exceladvisor.org\/de\/wp-json\/wp\/v2\/users\/1"}],"replies":[{"embeddable":true,"href":"https:\/\/exceladvisor.org\/de\/wp-json\/wp\/v2\/comments?post=3030"}],"version-history":[{"count":1,"href":"https:\/\/exceladvisor.org\/de\/wp-json\/wp\/v2\/pages\/3030\/revisions"}],"predecessor-version":[{"id":4099,"href":"https:\/\/exceladvisor.org\/de\/wp-json\/wp\/v2\/pages\/3030\/revisions\/4099"}],"wp:attachment":[{"href":"https:\/\/exceladvisor.org\/de\/wp-json\/wp\/v2\/media?parent=3030"}],"curies":[{"name":"wp","href":"https:\/\/api.w.org\/{rel}","templated":true}]}}