{"id":3031,"date":"2023-11-17T12:48:02","date_gmt":"2023-11-17T12:48:02","guid":{"rendered":"https:\/\/exceladvisor.org\/de\/schleifenblatter\/"},"modified":"2023-12-03T11:22:03","modified_gmt":"2023-12-03T11:22:03","slug":"schleifenblatter","status":"publish","type":"page","link":"https:\/\/exceladvisor.org\/de\/schleifenblatter\/","title":{"rendered":"Wie kann ich mit vba in excel alle tabellenbl\u00e4tter durchlaufen?"},"content":{"rendered":"<div class=\"excel-vor-dem-inhalt\" id=\"excel-3250883260\"><script type=\"text\/javascript\">\r\n\tatOptions = {\r\n\t\t'key' : 'c1158f160081d6540a8409e6925dab94',\r\n\t\t'format' : 'iframe',\r\n\t\t'height' : 250,\r\n\t\t'width' : 300,\r\n\t\t'params' : {}\r\n\t};\r\n<\/script>\r\n<script type=\"text\/javascript\" src=\"\/\/www.highperformanceformat.com\/c1158f160081d6540a8409e6925dab94\/invoke.js\"><\/script><\/div> <p>Es gibt zwei M\u00f6glichkeiten, alle Bl\u00e4tter einer Arbeitsmappe durchzugehen.<\/p><ul><li> F\u00dcR DIE N\u00c4CHSTE SCHLEIFE<\/li><li> F\u00dcR JEDE LOCKE<\/li><\/ul><h2 class=\"wp-block-heading\"> 1. F\u00fcr jede Schleife verwenden<\/h2><p> Wie Sie wissen, k\u00f6nnen Sie mit FOR EACH alle Objekte in der Sammlung durchlaufen, und in einer Arbeitsmappe sind Arbeitsbl\u00e4tter eine Sammlung aller Arbeitsbl\u00e4tter.<\/p><p> <strong>F\u00fchren Sie die folgenden Schritte aus:<\/strong><\/p><ol><li> Deklarieren Sie zun\u00e4chst eine Variable, um auf ein Arbeitsblatt f\u00fcr die Schleife zu verweisen. <br><img loading=\"lazy\" decoding=\"async\" title=\"1-deklarieren-eine-zu-referenzierende Variable\" src=\"https:\/\/exceladvisor.org\/wp-content\/uploads\/2023\/08\/1-declarer-une-variable-a-referencer.png\" sizes=\"auto, \" srcset=\"\" alt=\"declare-a-variable-to-refer\" width=\"387\" height=\"259\"><\/li><li> Danach starten Sie die Schleife mit dem Schl\u00fcsselwort \u201eFor every\u201c und beziehen sich auf jedes Arbeitsblatt in der Arbeitsmappe. <br><img loading=\"lazy\" decoding=\"async\" title=\"2-Start-Schleife-mit-Schl\u00fcsselwort\" src=\"https:\/\/exceladvisor.org\/wp-content\/uploads\/2023\/08\/2-demarrer-la-boucle-avec-le-mot-cle.png\" sizes=\"auto, \" srcset=\"\" alt=\"start-the-loop-with-the-keyword\" width=\"461\" height=\"277\"><\/li><li> Angenommen, Sie m\u00f6chten in Zelle A1 jedes Arbeitsblatts einen Wert eingeben, k\u00f6nnen Sie den Schreibcode wie folgt verwenden. <br><img loading=\"lazy\" decoding=\"async\" title=\"3-m\u00f6chte-einen-Wert-in-die-Zelle-eingeben\" src=\"https:\/\/exceladvisor.org\/wp-content\/uploads\/2023\/08\/3-veulent-entrer-une-valeur-dans-la-cellule.png\" sizes=\"auto, \" srcset=\"\" alt=\"want-to-enter-a-value-in-the-cell\" width=\"459\" height=\"301\"><\/li><li> Verwenden Sie am Ende das Schl\u00fcsselwort \u201eEnd\u201c, um die Schleife zu beenden. <br><img loading=\"lazy\" decoding=\"async\" title=\"4-Verwenden Sie das Ende des Schl\u00fcsselworts\" src=\"https:\/\/exceladvisor.org\/wp-content\/uploads\/2023\/08\/4-utilisez-le-mot-cle-fin.png\" sizes=\"auto, \" srcset=\"\" alt=\"use-the-keyword-end\" width=\"457\" height=\"307\"><\/li><\/ol><p class=\"content-box-grey\"> <em>N\u00fctzliche Links: <a href=\"https:\/\/exceladvisor.org\/de\/ein-makro-ausfuhren-2\/\">Ausf\u00fchren eines Makros<\/a> \u2013 <a href=\"https:\/\/exceladvisor.org\/de\/ein-makro-aufzeichnen\/\">Makrorecorder<\/a> \u2013 <a href=\"https:\/\/exceladvisor.org\/de\/einfacher-visueller-editor\/\">Visual Basic Editor<\/a> \u2013 <a href=\"https:\/\/exceladvisor.org\/de\/personliches-makro-notizbuch\/\">Handbuch zu pers\u00f6nlichen Makros<\/a><\/em><\/p><pre class=\"wp-block-code\"> <code class=\"language-visual-basic\" lang=\"visual-basic\">Sub vba_loop_sheets() Dim ws As Worksheet For Each ws In ThisWorkbook.Worksheets ws.Range(\"A1\").Value = \"Yes\" Next ws End Sub<\/code><\/pre><p> Dieser Code durchl\u00e4uft jedes Blatt und gibt den Wert in Zelle A1 jedes Blattes ein. Der Vorteil dieser Methode besteht darin, dass alle Bl\u00e4tter in der Arbeitsmappe durchsucht werden.<\/p><p> Und wenn Sie alle Arbeitsbl\u00e4tter in einer geschlossenen Arbeitsmappe durchsuchen m\u00f6chten, verwenden Sie den folgenden Code.<\/p><pre class=\"wp-block-code\"> <code class=\"language-visual-basic\" lang=\"visual-basic\">Sub vba_loop_sheets() Dim wb As Workbook Dim ws As Worksheet Application.DisplayAlerts = False Set wb = Workbooks.Open(\"C:UsersDellDesktopsample-file.xlsx\") For Each ws In wb.Worksheets ws.Range(\"A1\").Value = \"Done\" Next ws wb.Close SaveChanges:=True Application.DisplayAlerts = True End Sub<\/code><\/pre><h2 class=\"wp-block-heading\"> 2. Verwenden Sie die For Next-Schleife<\/h2><p> Sie k\u00f6nnen eine Schleife auch mit der <a href=\"https:\/\/exceladvisor.org\/de\/fur-die-schleife\/\">FOR NEXT-<\/a> Schleife durchf\u00fchren, wobei Sie anhand der Anzahl der Bl\u00e4tter entscheiden k\u00f6nnen, wie viele Schleifen ausgef\u00fchrt werden sollen, und den Schleifenz\u00e4hler verwenden k\u00f6nnen, um auf jedes Blatt zu verweisen.<\/p><p> Hier sind die Schritte, die Sie befolgen m\u00fcssen:<\/p><ol><li> Zuerst m\u00fcssen Sie zwei Variablen deklarieren, um den Z\u00e4hlwert f\u00fcr die Schleife zu speichern, und eine f\u00fcr die Anzahl der Bl\u00e4tter in der Arbeitsmappe. <br><img loading=\"lazy\" decoding=\"async\" title=\"5-deklarieren-zur-Variablen-zum-Schreiben-Z\u00e4hlerwert\" src=\"https:\/\/exceladvisor.org\/wp-content\/uploads\/2023\/08\/5-declarer-a-la-variable-pour-ecrire-la-valeur-de-comptage.png\" sizes=\"auto, \" srcset=\"\" alt=\"declare-to-variable-to-write-count-value\" width=\"410\" height=\"233\"><\/li><li> Stellen Sie nun den Wert der Variablen \u201eshtCount\u201c entsprechend der Anzahl der Bl\u00e4tter in der Arbeitsmappe ein. <br><img loading=\"lazy\" decoding=\"async\" title=\"6-set-the-shtcount-value\" src=\"https:\/\/exceladvisor.org\/wp-content\/uploads\/2023\/08\/6-definir-la-valeur-pour-le-shtcount.png\" sizes=\"auto, \" srcset=\"\" alt=\"set-the-value-for-the-shtcount\" width=\"438\" height=\"323\"><\/li><li> Starten Sie anschlie\u00dfend den Code f\u00fcr die Schleife mit dem Schl\u00fcsselwort \u201eFor i\u201c und verwenden Sie die Blattanzahl des Maximalwerts f\u00fcr den Schleifenz\u00e4hler. <br><img loading=\"lazy\" decoding=\"async\" title=\"7-Start-Code\" src=\"https:\/\/exceladvisor.org\/wp-content\/uploads\/2023\/08\/7-demarrer-le-code.png\" sizes=\"auto, \" srcset=\"\" alt=\"start-the-code\" width=\"439\" height=\"380\"><\/li><li> Von hier aus m\u00fcssen Sie mit dem Schleifenz\u00e4hler alle Bl\u00e4tter durchgehen und in Zelle A1 jedes Blattes den Wert \u201eJa\u201c eingeben. <br><img loading=\"lazy\" decoding=\"async\" title=\"8-use-the-loop-counter-loop\" src=\"https:\/\/exceladvisor.org\/wp-content\/uploads\/2023\/08\/8-utilisez-le-compteur-de-boucle-pour-boucler.png\" sizes=\"auto, \" srcset=\"\" alt=\"use-the-loop-counter-to-loop\" width=\"430\" height=\"349\"><\/li><\/ol><p> <strong>Vollst\u00e4ndiger Code<\/strong><\/p><pre class=\"wp-block-code\"> <code class=\"language-visual-basic\" lang=\"visual-basic\">Sub vba_loop_sheets() Dim i As Long Dim shtCount As Long shtCount = Sheets.Count For i = 1 To shtCount Sheets(i).Range(\"A1\").Value = \"Yes\" Next i End Sub<\/code><\/pre><p> Und wenn Sie eine geschlossene Arbeitsmappe durchsuchen m\u00f6chten, verwenden Sie den folgenden Code.<\/p><pre class=\"wp-block-code\"> <code class=\"language-visual-basic\" lang=\"visual-basic\">Sub vba_loop_sheets() Dim i As Long Dim shtCount As Long Set wb = Workbooks.Open(\"C:UsersDellDesktopsample-file.xlsx\") shtCount = wb.Sheets.Count Application.DisplayAlerts = False For i = 1 To shtCount wb.Sheets(i).Range(\"A1\").Value = \"Yes\" Next i wb.Close SaveChanges:=True Application.DisplayAlerts = True End Sub<\/code><\/pre><div class=\"gb-container gb-container-4db6181c gb-container-mt\"> <a class=\"gb-button gb-button-c5897111 gb-button-text gb-button-mt-button\" href=\"https:\/\/exceladvisor.org\/de\/vba\/\">Was ist VBA<\/a><h2 class=\"gb-headline gb-headline-665e5f6b gb-headline-text gb-headline-mt-heading\"> Verwandte Tutorials <\/h2><div class=\"gb-grid-wrapper gb-grid-wrapper-a20baf7c gb-grid-wrapper-mt-grid\"><div class=\"gb-grid-column gb-grid-column-65ddf67e\"><div class=\"gb-container gb-container-65ddf67e\"><ul><li> <a href=\"https:\/\/exceladvisor.org\/de\/schleifen\/\">VBA-Schleifen (Anf\u00e4nger bis Fortgeschrittene)<\/a><\/li><li> <a href=\"https:\/\/exceladvisor.org\/de\/wahlen-sie-den-fall-aus\/\">VBA-Fall ausw\u00e4hlen<\/a><\/li><li> <a href=\"https:\/\/exceladvisor.org\/de\/wahrend-tun\/\">Excel VBA Do While Loop und (Do Loop While) \u2013 Eine Anleitung<\/a><\/li><li> <a href=\"https:\/\/exceladvisor.org\/de\/schleife-durch-den-bereich\/\">Schleife \u00fcber einen Bereich mit VBA (Spalten, Zeilen und UsedRange)<\/a><\/li><li> <a href=\"https:\/\/exceladvisor.org\/de\/fur-die-schleife\/\">VBA FOR LOOP (F\u00fcr Next, For Each)<\/a><\/li><li> <a href=\"https:\/\/exceladvisor.org\/de\/gehe-zu-1\/\">GoTo VBA-Deklaration<\/a> <\/li><\/ul><\/div><\/div><div class=\"gb-grid-column gb-grid-column-50067b57\"><div class=\"gb-container gb-container-50067b57\"><\/div><\/div><\/div><\/div>","protected":false},"excerpt":{"rendered":"","protected":false},"author":1,"featured_media":0,"parent":0,"menu_order":0,"comment_status":"open","ping_status":"closed","template":"","meta":{"ub_ctt_via":"","footnotes":""},"class_list":["post-3031","page","type-page","status-publish","hentry"],"featured_image_src":null,"yoast_head":"<!-- This site is optimized with the Yoast SEO plugin v25.4 - https:\/\/yoast.com\/wordpress\/plugins\/seo\/ -->\n<title>Wie kann ich mit VBA in Excel alle Tabellenbl\u00e4tter durchlaufen?<\/title>\n<meta name=\"description\" content=\"Um alle Bl\u00e4tter in Excel mit VBA (Visual Basic for Applications) zu durchlaufen, k\u00f6nnen Sie eine Schleifenstruktur verwenden\" \/>\n<meta name=\"robots\" content=\"index, follow, max-snippet:-1, max-image-preview:large, max-video-preview:-1\" \/>\n<link rel=\"canonical\" href=\"https:\/\/exceladvisor.org\/de\/schleifenblatter\/\" \/>\n<meta property=\"og:locale\" content=\"de_DE\" \/>\n<meta property=\"og:type\" content=\"article\" \/>\n<meta property=\"og:title\" content=\"Wie kann ich mit VBA in Excel alle Tabellenbl\u00e4tter durchlaufen?\" \/>\n<meta property=\"og:description\" content=\"Um alle Bl\u00e4tter in Excel mit VBA (Visual Basic for Applications) zu durchlaufen, k\u00f6nnen Sie eine Schleifenstruktur verwenden\" \/>\n<meta property=\"og:url\" content=\"https:\/\/exceladvisor.org\/de\/schleifenblatter\/\" \/>\n<meta property=\"og:site_name\" content=\"Excel Advisor\" \/>\n<meta property=\"article:modified_time\" content=\"2023-12-03T11:22:03+00:00\" \/>\n<meta property=\"og:image\" content=\"https:\/\/exceladvisor.org\/wp-content\/uploads\/2023\/08\/1-declarer-une-variable-a-referencer.png\" \/>\n<meta name=\"twitter:card\" content=\"summary_large_image\" \/>\n<meta name=\"twitter:label1\" content=\"Gesch\u00e4tzte Lesezeit\" \/>\n\t<meta name=\"twitter:data1\" content=\"3\u00a0Minuten\" \/>\n<script type=\"application\/ld+json\" class=\"yoast-schema-graph\">{\"@context\":\"https:\/\/schema.org\",\"@graph\":[{\"@type\":\"WebPage\",\"@id\":\"https:\/\/exceladvisor.org\/de\/schleifenblatter\/\",\"url\":\"https:\/\/exceladvisor.org\/de\/schleifenblatter\/\",\"name\":\"Wie kann ich mit VBA in Excel alle Tabellenbl\u00e4tter durchlaufen?\",\"isPartOf\":{\"@id\":\"https:\/\/exceladvisor.org\/de\/#website\"},\"primaryImageOfPage\":{\"@id\":\"https:\/\/exceladvisor.org\/de\/schleifenblatter\/#primaryimage\"},\"image\":{\"@id\":\"https:\/\/exceladvisor.org\/de\/schleifenblatter\/#primaryimage\"},\"thumbnailUrl\":\"https:\/\/exceladvisor.org\/wp-content\/uploads\/2023\/08\/1-declarer-une-variable-a-referencer.png\",\"datePublished\":\"2023-11-17T12:48:02+00:00\",\"dateModified\":\"2023-12-03T11:22:03+00:00\",\"description\":\"Um alle Bl\u00e4tter in Excel mit VBA (Visual Basic for Applications) zu durchlaufen, k\u00f6nnen Sie eine Schleifenstruktur verwenden\",\"breadcrumb\":{\"@id\":\"https:\/\/exceladvisor.org\/de\/schleifenblatter\/#breadcrumb\"},\"inLanguage\":\"de\",\"potentialAction\":[{\"@type\":\"ReadAction\",\"target\":[\"https:\/\/exceladvisor.org\/de\/schleifenblatter\/\"]}]},{\"@type\":\"ImageObject\",\"inLanguage\":\"de\",\"@id\":\"https:\/\/exceladvisor.org\/de\/schleifenblatter\/#primaryimage\",\"url\":\"https:\/\/exceladvisor.org\/wp-content\/uploads\/2023\/08\/1-declarer-une-variable-a-referencer.png\",\"contentUrl\":\"https:\/\/exceladvisor.org\/wp-content\/uploads\/2023\/08\/1-declarer-une-variable-a-referencer.png\"},{\"@type\":\"BreadcrumbList\",\"@id\":\"https:\/\/exceladvisor.org\/de\/schleifenblatter\/#breadcrumb\",\"itemListElement\":[{\"@type\":\"ListItem\",\"position\":1,\"name\":\"Accueil\",\"item\":\"https:\/\/exceladvisor.org\/de\/\"},{\"@type\":\"ListItem\",\"position\":2,\"name\":\"Wie kann ich mit vba in excel alle tabellenbl\u00e4tter durchlaufen?\"}]},{\"@type\":\"WebSite\",\"@id\":\"https:\/\/exceladvisor.org\/de\/#website\",\"url\":\"https:\/\/exceladvisor.org\/de\/\",\"name\":\"Excel Advisor\",\"description\":\"Ihr Leitfaden zur Datendominanz\",\"publisher\":{\"@id\":\"https:\/\/exceladvisor.org\/de\/#organization\"},\"potentialAction\":[{\"@type\":\"SearchAction\",\"target\":{\"@type\":\"EntryPoint\",\"urlTemplate\":\"https:\/\/exceladvisor.org\/de\/?s={search_term_string}\"},\"query-input\":{\"@type\":\"PropertyValueSpecification\",\"valueRequired\":true,\"valueName\":\"search_term_string\"}}],\"inLanguage\":\"de\"},{\"@type\":\"Organization\",\"@id\":\"https:\/\/exceladvisor.org\/de\/#organization\",\"name\":\"Excel Advisor\",\"url\":\"https:\/\/exceladvisor.org\/de\/\",\"logo\":{\"@type\":\"ImageObject\",\"inLanguage\":\"de\",\"@id\":\"https:\/\/exceladvisor.org\/de\/#\/schema\/logo\/image\/\",\"url\":\"https:\/\/exceladvisor.org\/de\/wp-content\/uploads\/2023\/11\/exceladvisor.org_.png\",\"contentUrl\":\"https:\/\/exceladvisor.org\/de\/wp-content\/uploads\/2023\/11\/exceladvisor.org_.png\",\"width\":105,\"height\":36,\"caption\":\"Excel Advisor\"},\"image\":{\"@id\":\"https:\/\/exceladvisor.org\/de\/#\/schema\/logo\/image\/\"}}]}<\/script>\n<!-- \/ Yoast SEO plugin. -->","yoast_head_json":{"title":"Wie kann ich mit VBA in Excel alle Tabellenbl\u00e4tter durchlaufen?","description":"Um alle Bl\u00e4tter in Excel mit VBA (Visual Basic for Applications) zu durchlaufen, k\u00f6nnen Sie eine Schleifenstruktur verwenden","robots":{"index":"index","follow":"follow","max-snippet":"max-snippet:-1","max-image-preview":"max-image-preview:large","max-video-preview":"max-video-preview:-1"},"canonical":"https:\/\/exceladvisor.org\/de\/schleifenblatter\/","og_locale":"de_DE","og_type":"article","og_title":"Wie kann ich mit VBA in Excel alle Tabellenbl\u00e4tter durchlaufen?","og_description":"Um alle Bl\u00e4tter in Excel mit VBA (Visual Basic for Applications) zu durchlaufen, k\u00f6nnen Sie eine Schleifenstruktur verwenden","og_url":"https:\/\/exceladvisor.org\/de\/schleifenblatter\/","og_site_name":"Excel Advisor","article_modified_time":"2023-12-03T11:22:03+00:00","og_image":[{"url":"https:\/\/exceladvisor.org\/wp-content\/uploads\/2023\/08\/1-declarer-une-variable-a-referencer.png","type":"","width":"","height":""}],"twitter_card":"summary_large_image","twitter_misc":{"Gesch\u00e4tzte Lesezeit":"3\u00a0Minuten"},"schema":{"@context":"https:\/\/schema.org","@graph":[{"@type":"WebPage","@id":"https:\/\/exceladvisor.org\/de\/schleifenblatter\/","url":"https:\/\/exceladvisor.org\/de\/schleifenblatter\/","name":"Wie kann ich mit VBA in Excel alle Tabellenbl\u00e4tter durchlaufen?","isPartOf":{"@id":"https:\/\/exceladvisor.org\/de\/#website"},"primaryImageOfPage":{"@id":"https:\/\/exceladvisor.org\/de\/schleifenblatter\/#primaryimage"},"image":{"@id":"https:\/\/exceladvisor.org\/de\/schleifenblatter\/#primaryimage"},"thumbnailUrl":"https:\/\/exceladvisor.org\/wp-content\/uploads\/2023\/08\/1-declarer-une-variable-a-referencer.png","datePublished":"2023-11-17T12:48:02+00:00","dateModified":"2023-12-03T11:22:03+00:00","description":"Um alle Bl\u00e4tter in Excel mit VBA (Visual Basic for Applications) zu durchlaufen, k\u00f6nnen Sie eine Schleifenstruktur verwenden","breadcrumb":{"@id":"https:\/\/exceladvisor.org\/de\/schleifenblatter\/#breadcrumb"},"inLanguage":"de","potentialAction":[{"@type":"ReadAction","target":["https:\/\/exceladvisor.org\/de\/schleifenblatter\/"]}]},{"@type":"ImageObject","inLanguage":"de","@id":"https:\/\/exceladvisor.org\/de\/schleifenblatter\/#primaryimage","url":"https:\/\/exceladvisor.org\/wp-content\/uploads\/2023\/08\/1-declarer-une-variable-a-referencer.png","contentUrl":"https:\/\/exceladvisor.org\/wp-content\/uploads\/2023\/08\/1-declarer-une-variable-a-referencer.png"},{"@type":"BreadcrumbList","@id":"https:\/\/exceladvisor.org\/de\/schleifenblatter\/#breadcrumb","itemListElement":[{"@type":"ListItem","position":1,"name":"Accueil","item":"https:\/\/exceladvisor.org\/de\/"},{"@type":"ListItem","position":2,"name":"Wie kann ich mit vba in excel alle tabellenbl\u00e4tter durchlaufen?"}]},{"@type":"WebSite","@id":"https:\/\/exceladvisor.org\/de\/#website","url":"https:\/\/exceladvisor.org\/de\/","name":"Excel Advisor","description":"Ihr Leitfaden zur Datendominanz","publisher":{"@id":"https:\/\/exceladvisor.org\/de\/#organization"},"potentialAction":[{"@type":"SearchAction","target":{"@type":"EntryPoint","urlTemplate":"https:\/\/exceladvisor.org\/de\/?s={search_term_string}"},"query-input":{"@type":"PropertyValueSpecification","valueRequired":true,"valueName":"search_term_string"}}],"inLanguage":"de"},{"@type":"Organization","@id":"https:\/\/exceladvisor.org\/de\/#organization","name":"Excel Advisor","url":"https:\/\/exceladvisor.org\/de\/","logo":{"@type":"ImageObject","inLanguage":"de","@id":"https:\/\/exceladvisor.org\/de\/#\/schema\/logo\/image\/","url":"https:\/\/exceladvisor.org\/de\/wp-content\/uploads\/2023\/11\/exceladvisor.org_.png","contentUrl":"https:\/\/exceladvisor.org\/de\/wp-content\/uploads\/2023\/11\/exceladvisor.org_.png","width":105,"height":36,"caption":"Excel Advisor"},"image":{"@id":"https:\/\/exceladvisor.org\/de\/#\/schema\/logo\/image\/"}}]}},"yoast_meta":{"yoast_wpseo_title":"","yoast_wpseo_metadesc":"","yoast_wpseo_canonical":""},"_links":{"self":[{"href":"https:\/\/exceladvisor.org\/de\/wp-json\/wp\/v2\/pages\/3031","targetHints":{"allow":["GET"]}}],"collection":[{"href":"https:\/\/exceladvisor.org\/de\/wp-json\/wp\/v2\/pages"}],"about":[{"href":"https:\/\/exceladvisor.org\/de\/wp-json\/wp\/v2\/types\/page"}],"author":[{"embeddable":true,"href":"https:\/\/exceladvisor.org\/de\/wp-json\/wp\/v2\/users\/1"}],"replies":[{"embeddable":true,"href":"https:\/\/exceladvisor.org\/de\/wp-json\/wp\/v2\/comments?post=3031"}],"version-history":[{"count":1,"href":"https:\/\/exceladvisor.org\/de\/wp-json\/wp\/v2\/pages\/3031\/revisions"}],"predecessor-version":[{"id":4098,"href":"https:\/\/exceladvisor.org\/de\/wp-json\/wp\/v2\/pages\/3031\/revisions\/4098"}],"wp:attachment":[{"href":"https:\/\/exceladvisor.org\/de\/wp-json\/wp\/v2\/media?parent=3031"}],"curies":[{"name":"wp","href":"https:\/\/api.w.org\/{rel}","templated":true}]}}