{"id":3032,"date":"2023-11-17T12:05:06","date_gmt":"2023-11-17T12:05:06","guid":{"rendered":"https:\/\/exceladvisor.org\/de\/eine-arbeitsmappe-erstellen\/"},"modified":"2023-12-03T11:19:45","modified_gmt":"2023-12-03T11:19:45","slug":"eine-arbeitsmappe-erstellen","status":"publish","type":"page","link":"https:\/\/exceladvisor.org\/de\/eine-arbeitsmappe-erstellen\/","title":{"rendered":"Wie erstelle ich eine neue excel-arbeitsmappe mit vba?"},"content":{"rendered":"<div class=\"excel-vor-dem-inhalt\" id=\"excel-3297818157\"><script type=\"text\/javascript\">\r\n\tatOptions = {\r\n\t\t'key' : 'c1158f160081d6540a8409e6925dab94',\r\n\t\t'format' : 'iframe',\r\n\t\t'height' : 250,\r\n\t\t'width' : 300,\r\n\t\t'params' : {}\r\n\t};\r\n<\/script>\r\n<script type=\"text\/javascript\" src=\"\/\/www.highperformanceformat.com\/c1158f160081d6540a8409e6925dab94\/invoke.js\"><\/script><\/div> <p>Um eine neue Arbeitsmappe mit VBA zu erstellen, m\u00fcssen Sie die Methode <strong>\u201eWorkbooks.Add\u201c<\/strong> verwenden. Wenn Sie diese Methode verwenden, wird eine neue Arbeitsmappe eingef\u00fcgt (ohne sie zu speichern) und dann aktiviert. Dies funktioniert wie wenn Sie die Tastenkombination STRG + N dr\u00fccken. Sie k\u00f6nnen auch eine Vorlage verwenden, um eine neue Arbeitsmappe einzuf\u00fcgen.<\/p><h2 class=\"wp-block-heading\"> Erstellen Sie eine neue Arbeitsmappe mit VBA<\/h2><p> Stellen Sie sicher, dass Sie dem Men\u00fcband die <a href=\"https:\/\/exceladvisor.org\/de\/fugen-sie-eine-entwicklerregisterkarte-hinzu\/\">Registerkarte \u201eEntwickler\u201c<\/a> hinzuf\u00fcgen, um diesen Code in die <a href=\"https:\/\/exceladvisor.org\/de\/einfacher-visueller-editor\/\">VBE<\/a> einzugeben.<\/p><ol type=\"1\"><li> Geben Sie das Schl\u00fcsselwort \u201eBinders\u201c ein, um auf das Ordnerobjekt zu verweisen.<\/li><li> Geben Sie anschlie\u00dfend einen Punkt ein.<\/li><li> Hier finden Sie eine Liste mit Eigenschaften und Methoden zur Auswahl.<\/li><li> W\u00e4hlen Sie \u201eHinzuf\u00fcgen\u201c aus dieser Liste oder geben Sie es ein. <\/li><\/ol><pre class=\"wp-block-code\"> <code class=\"language-visual-basic\" lang=\"visual-basic\">Sub vba_new_workbook() Workbooks.Add End Sub<\/code><\/pre><div class=\"wp-block-image\"><figure class=\"aligncenter size-large is-resized\"><img loading=\"lazy\" decoding=\"async\" class=\"wp-image-52611\" src=\"https:\/\/exceladvisor.org\/wp-content\/uploads\/2023\/08\/1-ajouter-un-nouveau-classeur-a-laide-dun-modele.png\" sizes=\"auto, \" srcset=\"\" alt=\"F\u00fcgen Sie mithilfe einer Vorlage eine neue Arbeitsmappe hinzu\" width=\"268\" height=\"171\"><\/figure><\/div><h2 class=\"wp-block-heading\"> F\u00fcgen Sie mithilfe einer Vorlage eine neue Arbeitsmappe hinzu<\/h2><p> Wie gesagt, wir verwenden die Workbooks.Add-Methode. Bei dieser Methode gibt es ein (optionales) Argument, mit dem Sie auf eine Datei als Vorlage verweisen k\u00f6nnen.<\/p><pre class=\"wp-block-code\"> <code class=\"language-visual-basic\" lang=\"visual-basic\">Workbook.Add Template (Optional)<\/code><\/pre><p> Angenommen, Sie haben eine Arbeitsmappe und m\u00f6chten, dass die neue Arbeitsmappe genau mit dieser \u00fcbereinstimmt. Sie k\u00f6nnen sie als Vorlage bezeichnen.<\/p><pre class=\"wp-block-code\"> <code class=\"language-visual-basic\" lang=\"visual-basic\">Workbooks.Add Template:=\"C:UsersDellDesktopbook1.xlsx\"<\/code><\/pre><p> Wenn Sie den obigen Code ausf\u00fchren, \u00fcbernimmt er die Referenz \u201ebook1\u201c, die auf dem Desktop gespeichert ist. Die Modellarbeitsmappe enth\u00e4lt 6 Arbeitsbl\u00e4tter und die neue Arbeitsmappe enth\u00e4lt genau die gleiche Anzahl an Arbeitsbl\u00e4ttern. <\/p><div class=\"wp-block-image\"><figure class=\"aligncenter size-large is-resized\"><img loading=\"lazy\" decoding=\"async\" class=\"wp-image-52612\" src=\"https:\/\/exceladvisor.org\/wp-content\/uploads\/2023\/08\/2-le-modele-de-classeur.png\" sizes=\"auto, \" srcset=\"\" alt=\"das-binder-modell\" width=\"428\" height=\"105\"><\/figure><\/div><p> Dar\u00fcber hinaus k\u00f6nnen Sie die Standardargumente verwenden, um zu entscheiden, welche Art von Blatt Sie in der neuen Arbeitsmappe haben m\u00f6chten.<\/p><ol type=\"1\"><li> <strong><em>xlWBATChart<\/em><\/strong> : Diagrammblatt<\/li><li> <strong><em>xlWBAExcel4IntlMacroSheet:<\/em><\/strong> Makroblatt der Version 4<\/li><li> <strong><em>xlWBAExcel4MacroSheet<\/em><\/strong> : Makroblatt (international) Version 4<\/li><li> <strong><em>xlWBATWorksheet<\/em><\/strong> : Tabellenkalkulation<\/li><\/ol><h2 class=\"wp-block-heading\"> Erstellen Sie eine neue Excel-Arbeitsmappe und speichern Sie sie<\/h2><p> Wenn Sie eine neue Arbeitsmappe erstellen, \u00f6ffnet Excel diese, speichert sie jedoch nicht mit der Add-Methode. Dazu m\u00fcssen Sie also die SaveAs-Methode verwenden. <\/p><div class=\"wp-block-image\"><figure class=\"aligncenter size-large is-resized\"><img loading=\"lazy\" decoding=\"async\" class=\"wp-image-52613\" src=\"https:\/\/exceladvisor.org\/wp-content\/uploads\/2023\/08\/3-creer-une-nouvelle-feuille-de-calcul-Excel.png\" sizes=\"auto, \" srcset=\"\" alt=\"Erstellen Sie eine neue Excel-Tabelle\" width=\"503\" height=\"172\"><\/figure><\/div><pre class=\"wp-block-code\"> <code class=\"language-visual-basic\" lang=\"visual-basic\">Sub vba_create_workbook() Workbooks.Add ActiveWorkbook.SaveAs \"C:usersdelldesktopmyBook.xlsx\" End Sub<\/code><\/pre><ol type=\"1\"><li> Verwenden Sie zun\u00e4chst \u201eworkbook.add\u201c, um eine neue Arbeitsmappe zu erstellen.<\/li><li> Verweisen Sie dann auf die aktive Arbeitsmappe und verwenden Sie die SaveAs-Methode.<\/li><li> Verwenden Sie in der SaveAs-Methode den Pfad, unter dem Sie die Arbeitsmappe speichern m\u00f6chten, mit dem Dateinamen.<\/li><li> <a href=\"https:\/\/exceladvisor.org\/de\/ein-makro-ausfuhren-2\/\">F\u00fchren Sie am Ende den Code aus<\/a> .<\/li><\/ol><div class=\"gb-container gb-container-4db6181c gb-container-mt\"> <a class=\"gb-button gb-button-c5897111 gb-button-text gb-button-mt-button\" href=\"https:\/\/exceladvisor.org\/de\/vba\/\">Was ist VBA<\/a><h2 class=\"gb-headline gb-headline-665e5f6b gb-headline-text gb-headline-mt-heading\"> Verwandte Tutorials <\/h2><div class=\"gb-grid-wrapper gb-grid-wrapper-a20baf7c gb-grid-wrapper-mt-grid\"><div class=\"gb-grid-column gb-grid-column-65ddf67e\"><div class=\"gb-container gb-container-65ddf67e\"><ul><li> <a href=\"https:\/\/exceladvisor.org\/de\/excel-datei-kopieren\/\">Kopieren Sie eine Excel-Datei (Arbeitsmappe) mit VBA<\/a><\/li><li> <a href=\"https:\/\/exceladvisor.org\/de\/arbeitsmappe-aktivieren\/\">VBA-Arbeitsmappe aktivieren (Excel-Datei)<\/a><\/li><li> <a href=\"https:\/\/exceladvisor.org\/de\/schliessen-sie-die-arbeitsmappe\/\">VBA-Arbeitsmappe schlie\u00dfen (Excel-Datei)<\/a><\/li><li> <a href=\"https:\/\/exceladvisor.org\/de\/arbeitsmappen-kombinieren\/\">VBA Arbeitsmappen kombinieren (Excel-Dateien)<\/a><\/li><li> <a href=\"https:\/\/exceladvisor.org\/de\/datei-loschen\/\">VBA Arbeitsmappe l\u00f6schen (Excel-Datei)<\/a><\/li><\/ul><\/div><\/div><\/div><\/div>","protected":false},"excerpt":{"rendered":"","protected":false},"author":1,"featured_media":0,"parent":0,"menu_order":0,"comment_status":"open","ping_status":"closed","template":"","meta":{"ub_ctt_via":"","footnotes":""},"class_list":["post-3032","page","type-page","status-publish","hentry"],"featured_image_src":null,"yoast_head":"<!-- This site is optimized with the Yoast SEO plugin v25.4 - https:\/\/yoast.com\/wordpress\/plugins\/seo\/ -->\n<title>\u25b7 Wie erstelle ich eine neue Excel-Arbeitsmappe \u00fcber VBA?<\/title>\n<meta name=\"description\" content=\"In diesem Tutorial werden verschiedene M\u00f6glichkeiten zum Erstellen einer neuen Arbeitsmappe behandelt. Wenn Sie diese Methode verwenden, wird eine neue Arbeitsmappe eingef\u00fcgt.\" \/>\n<meta name=\"robots\" content=\"index, follow, max-snippet:-1, max-image-preview:large, max-video-preview:-1\" \/>\n<link rel=\"canonical\" href=\"https:\/\/exceladvisor.org\/de\/eine-arbeitsmappe-erstellen\/\" \/>\n<meta property=\"og:locale\" content=\"de_DE\" \/>\n<meta property=\"og:type\" content=\"article\" \/>\n<meta property=\"og:title\" content=\"\u25b7 Wie erstelle ich eine neue Excel-Arbeitsmappe \u00fcber VBA?\" \/>\n<meta property=\"og:description\" content=\"In diesem Tutorial werden verschiedene M\u00f6glichkeiten zum Erstellen einer neuen Arbeitsmappe behandelt. Wenn Sie diese Methode verwenden, wird eine neue Arbeitsmappe eingef\u00fcgt.\" \/>\n<meta property=\"og:url\" content=\"https:\/\/exceladvisor.org\/de\/eine-arbeitsmappe-erstellen\/\" \/>\n<meta property=\"og:site_name\" content=\"Excel Advisor\" \/>\n<meta property=\"article:modified_time\" content=\"2023-12-03T11:19:45+00:00\" \/>\n<meta property=\"og:image\" content=\"https:\/\/exceladvisor.org\/wp-content\/uploads\/2023\/08\/1-ajouter-un-nouveau-classeur-a-laide-dun-modele.png\" \/>\n<meta name=\"twitter:card\" content=\"summary_large_image\" \/>\n<meta name=\"twitter:label1\" content=\"Gesch\u00e4tzte Lesezeit\" \/>\n\t<meta name=\"twitter:data1\" content=\"2\u00a0Minuten\" \/>\n<script type=\"application\/ld+json\" class=\"yoast-schema-graph\">{\"@context\":\"https:\/\/schema.org\",\"@graph\":[{\"@type\":\"WebPage\",\"@id\":\"https:\/\/exceladvisor.org\/de\/eine-arbeitsmappe-erstellen\/\",\"url\":\"https:\/\/exceladvisor.org\/de\/eine-arbeitsmappe-erstellen\/\",\"name\":\"\u25b7 Wie erstelle ich eine neue Excel-Arbeitsmappe \u00fcber VBA?\",\"isPartOf\":{\"@id\":\"https:\/\/exceladvisor.org\/de\/#website\"},\"primaryImageOfPage\":{\"@id\":\"https:\/\/exceladvisor.org\/de\/eine-arbeitsmappe-erstellen\/#primaryimage\"},\"image\":{\"@id\":\"https:\/\/exceladvisor.org\/de\/eine-arbeitsmappe-erstellen\/#primaryimage\"},\"thumbnailUrl\":\"https:\/\/exceladvisor.org\/wp-content\/uploads\/2023\/08\/1-ajouter-un-nouveau-classeur-a-laide-dun-modele.png\",\"datePublished\":\"2023-11-17T12:05:06+00:00\",\"dateModified\":\"2023-12-03T11:19:45+00:00\",\"description\":\"In diesem Tutorial werden verschiedene M\u00f6glichkeiten zum Erstellen einer neuen Arbeitsmappe behandelt. Wenn Sie diese Methode verwenden, wird eine neue Arbeitsmappe eingef\u00fcgt.\",\"breadcrumb\":{\"@id\":\"https:\/\/exceladvisor.org\/de\/eine-arbeitsmappe-erstellen\/#breadcrumb\"},\"inLanguage\":\"de\",\"potentialAction\":[{\"@type\":\"ReadAction\",\"target\":[\"https:\/\/exceladvisor.org\/de\/eine-arbeitsmappe-erstellen\/\"]}]},{\"@type\":\"ImageObject\",\"inLanguage\":\"de\",\"@id\":\"https:\/\/exceladvisor.org\/de\/eine-arbeitsmappe-erstellen\/#primaryimage\",\"url\":\"https:\/\/exceladvisor.org\/wp-content\/uploads\/2023\/08\/1-ajouter-un-nouveau-classeur-a-laide-dun-modele.png\",\"contentUrl\":\"https:\/\/exceladvisor.org\/wp-content\/uploads\/2023\/08\/1-ajouter-un-nouveau-classeur-a-laide-dun-modele.png\"},{\"@type\":\"BreadcrumbList\",\"@id\":\"https:\/\/exceladvisor.org\/de\/eine-arbeitsmappe-erstellen\/#breadcrumb\",\"itemListElement\":[{\"@type\":\"ListItem\",\"position\":1,\"name\":\"Accueil\",\"item\":\"https:\/\/exceladvisor.org\/de\/\"},{\"@type\":\"ListItem\",\"position\":2,\"name\":\"Wie erstelle ich eine neue excel-arbeitsmappe mit vba?\"}]},{\"@type\":\"WebSite\",\"@id\":\"https:\/\/exceladvisor.org\/de\/#website\",\"url\":\"https:\/\/exceladvisor.org\/de\/\",\"name\":\"Excel Advisor\",\"description\":\"Ihr Leitfaden zur Datendominanz\",\"publisher\":{\"@id\":\"https:\/\/exceladvisor.org\/de\/#organization\"},\"potentialAction\":[{\"@type\":\"SearchAction\",\"target\":{\"@type\":\"EntryPoint\",\"urlTemplate\":\"https:\/\/exceladvisor.org\/de\/?s={search_term_string}\"},\"query-input\":{\"@type\":\"PropertyValueSpecification\",\"valueRequired\":true,\"valueName\":\"search_term_string\"}}],\"inLanguage\":\"de\"},{\"@type\":\"Organization\",\"@id\":\"https:\/\/exceladvisor.org\/de\/#organization\",\"name\":\"Excel Advisor\",\"url\":\"https:\/\/exceladvisor.org\/de\/\",\"logo\":{\"@type\":\"ImageObject\",\"inLanguage\":\"de\",\"@id\":\"https:\/\/exceladvisor.org\/de\/#\/schema\/logo\/image\/\",\"url\":\"https:\/\/exceladvisor.org\/de\/wp-content\/uploads\/2023\/11\/exceladvisor.org_.png\",\"contentUrl\":\"https:\/\/exceladvisor.org\/de\/wp-content\/uploads\/2023\/11\/exceladvisor.org_.png\",\"width\":105,\"height\":36,\"caption\":\"Excel Advisor\"},\"image\":{\"@id\":\"https:\/\/exceladvisor.org\/de\/#\/schema\/logo\/image\/\"}}]}<\/script>\n<!-- \/ Yoast SEO plugin. -->","yoast_head_json":{"title":"\u25b7 Wie erstelle ich eine neue Excel-Arbeitsmappe \u00fcber VBA?","description":"In diesem Tutorial werden verschiedene M\u00f6glichkeiten zum Erstellen einer neuen Arbeitsmappe behandelt. Wenn Sie diese Methode verwenden, wird eine neue Arbeitsmappe eingef\u00fcgt.","robots":{"index":"index","follow":"follow","max-snippet":"max-snippet:-1","max-image-preview":"max-image-preview:large","max-video-preview":"max-video-preview:-1"},"canonical":"https:\/\/exceladvisor.org\/de\/eine-arbeitsmappe-erstellen\/","og_locale":"de_DE","og_type":"article","og_title":"\u25b7 Wie erstelle ich eine neue Excel-Arbeitsmappe \u00fcber VBA?","og_description":"In diesem Tutorial werden verschiedene M\u00f6glichkeiten zum Erstellen einer neuen Arbeitsmappe behandelt. Wenn Sie diese Methode verwenden, wird eine neue Arbeitsmappe eingef\u00fcgt.","og_url":"https:\/\/exceladvisor.org\/de\/eine-arbeitsmappe-erstellen\/","og_site_name":"Excel Advisor","article_modified_time":"2023-12-03T11:19:45+00:00","og_image":[{"url":"https:\/\/exceladvisor.org\/wp-content\/uploads\/2023\/08\/1-ajouter-un-nouveau-classeur-a-laide-dun-modele.png","type":"","width":"","height":""}],"twitter_card":"summary_large_image","twitter_misc":{"Gesch\u00e4tzte Lesezeit":"2\u00a0Minuten"},"schema":{"@context":"https:\/\/schema.org","@graph":[{"@type":"WebPage","@id":"https:\/\/exceladvisor.org\/de\/eine-arbeitsmappe-erstellen\/","url":"https:\/\/exceladvisor.org\/de\/eine-arbeitsmappe-erstellen\/","name":"\u25b7 Wie erstelle ich eine neue Excel-Arbeitsmappe \u00fcber VBA?","isPartOf":{"@id":"https:\/\/exceladvisor.org\/de\/#website"},"primaryImageOfPage":{"@id":"https:\/\/exceladvisor.org\/de\/eine-arbeitsmappe-erstellen\/#primaryimage"},"image":{"@id":"https:\/\/exceladvisor.org\/de\/eine-arbeitsmappe-erstellen\/#primaryimage"},"thumbnailUrl":"https:\/\/exceladvisor.org\/wp-content\/uploads\/2023\/08\/1-ajouter-un-nouveau-classeur-a-laide-dun-modele.png","datePublished":"2023-11-17T12:05:06+00:00","dateModified":"2023-12-03T11:19:45+00:00","description":"In diesem Tutorial werden verschiedene M\u00f6glichkeiten zum Erstellen einer neuen Arbeitsmappe behandelt. Wenn Sie diese Methode verwenden, wird eine neue Arbeitsmappe eingef\u00fcgt.","breadcrumb":{"@id":"https:\/\/exceladvisor.org\/de\/eine-arbeitsmappe-erstellen\/#breadcrumb"},"inLanguage":"de","potentialAction":[{"@type":"ReadAction","target":["https:\/\/exceladvisor.org\/de\/eine-arbeitsmappe-erstellen\/"]}]},{"@type":"ImageObject","inLanguage":"de","@id":"https:\/\/exceladvisor.org\/de\/eine-arbeitsmappe-erstellen\/#primaryimage","url":"https:\/\/exceladvisor.org\/wp-content\/uploads\/2023\/08\/1-ajouter-un-nouveau-classeur-a-laide-dun-modele.png","contentUrl":"https:\/\/exceladvisor.org\/wp-content\/uploads\/2023\/08\/1-ajouter-un-nouveau-classeur-a-laide-dun-modele.png"},{"@type":"BreadcrumbList","@id":"https:\/\/exceladvisor.org\/de\/eine-arbeitsmappe-erstellen\/#breadcrumb","itemListElement":[{"@type":"ListItem","position":1,"name":"Accueil","item":"https:\/\/exceladvisor.org\/de\/"},{"@type":"ListItem","position":2,"name":"Wie erstelle ich eine neue excel-arbeitsmappe mit vba?"}]},{"@type":"WebSite","@id":"https:\/\/exceladvisor.org\/de\/#website","url":"https:\/\/exceladvisor.org\/de\/","name":"Excel Advisor","description":"Ihr Leitfaden zur Datendominanz","publisher":{"@id":"https:\/\/exceladvisor.org\/de\/#organization"},"potentialAction":[{"@type":"SearchAction","target":{"@type":"EntryPoint","urlTemplate":"https:\/\/exceladvisor.org\/de\/?s={search_term_string}"},"query-input":{"@type":"PropertyValueSpecification","valueRequired":true,"valueName":"search_term_string"}}],"inLanguage":"de"},{"@type":"Organization","@id":"https:\/\/exceladvisor.org\/de\/#organization","name":"Excel Advisor","url":"https:\/\/exceladvisor.org\/de\/","logo":{"@type":"ImageObject","inLanguage":"de","@id":"https:\/\/exceladvisor.org\/de\/#\/schema\/logo\/image\/","url":"https:\/\/exceladvisor.org\/de\/wp-content\/uploads\/2023\/11\/exceladvisor.org_.png","contentUrl":"https:\/\/exceladvisor.org\/de\/wp-content\/uploads\/2023\/11\/exceladvisor.org_.png","width":105,"height":36,"caption":"Excel Advisor"},"image":{"@id":"https:\/\/exceladvisor.org\/de\/#\/schema\/logo\/image\/"}}]}},"yoast_meta":{"yoast_wpseo_title":"","yoast_wpseo_metadesc":"","yoast_wpseo_canonical":""},"_links":{"self":[{"href":"https:\/\/exceladvisor.org\/de\/wp-json\/wp\/v2\/pages\/3032","targetHints":{"allow":["GET"]}}],"collection":[{"href":"https:\/\/exceladvisor.org\/de\/wp-json\/wp\/v2\/pages"}],"about":[{"href":"https:\/\/exceladvisor.org\/de\/wp-json\/wp\/v2\/types\/page"}],"author":[{"embeddable":true,"href":"https:\/\/exceladvisor.org\/de\/wp-json\/wp\/v2\/users\/1"}],"replies":[{"embeddable":true,"href":"https:\/\/exceladvisor.org\/de\/wp-json\/wp\/v2\/comments?post=3032"}],"version-history":[{"count":1,"href":"https:\/\/exceladvisor.org\/de\/wp-json\/wp\/v2\/pages\/3032\/revisions"}],"predecessor-version":[{"id":3961,"href":"https:\/\/exceladvisor.org\/de\/wp-json\/wp\/v2\/pages\/3032\/revisions\/3961"}],"wp:attachment":[{"href":"https:\/\/exceladvisor.org\/de\/wp-json\/wp\/v2\/media?parent=3032"}],"curies":[{"name":"wp","href":"https:\/\/api.w.org\/{rel}","templated":true}]}}