{"id":3033,"date":"2023-11-17T11:53:36","date_gmt":"2023-11-17T11:53:36","guid":{"rendered":"https:\/\/exceladvisor.org\/de\/arbeitsmappe-aktivieren\/"},"modified":"2023-12-03T11:13:31","modified_gmt":"2023-12-03T11:13:31","slug":"arbeitsmappe-aktivieren","status":"publish","type":"page","link":"https:\/\/exceladvisor.org\/de\/arbeitsmappe-aktivieren\/","title":{"rendered":"Wie aktiviere ich eine excel-arbeitsmappe \u00fcber vba?"},"content":{"rendered":"<div class=\"excel-vor-dem-inhalt\" id=\"excel-3772016694\"><script type=\"text\/javascript\">\r\n\tatOptions = {\r\n\t\t'key' : 'c1158f160081d6540a8409e6925dab94',\r\n\t\t'format' : 'iframe',\r\n\t\t'height' : 250,\r\n\t\t'width' : 300,\r\n\t\t'params' : {}\r\n\t};\r\n<\/script>\r\n<script type=\"text\/javascript\" src=\"\/\/www.highperformanceformat.com\/c1158f160081d6540a8409e6925dab94\/invoke.js\"><\/script><\/div> <p>Wenn Sie mit mehreren Arbeitsmappen gleichzeitig arbeiten, also mehrere Arbeitsmappen gleichzeitig ge\u00f6ffnet haben, m\u00fcssen Sie die Methode kennen, mit der Sie eine Arbeitsmappe aktivieren k\u00f6nnen, an der Sie arbeiten m\u00f6chten. <\/p><div class=\"wp-block-image\"><figure class=\"aligncenter size-large is-resized\"><img loading=\"lazy\" decoding=\"async\" class=\"wp-image-52783\" src=\"https:\/\/exceladvisor.org\/wp-content\/uploads\/2023\/08\/1-classeur-active.png\" sizes=\"auto, \" srcset=\"\" alt=\"Arbeitsmappen-Aktivierung\" width=\"404\" height=\"67\"><\/figure><\/div><p> Um eine Arbeitsmappe mit VBA zu aktivieren, m\u00fcssen Sie die Methode Workbook.Activate verwenden. Bei dieser Methode m\u00fcssen Sie den Namen der Arbeitsmappe mithilfe des Workbook-Objekts angeben. Es erm\u00f6glicht Ihnen auch, die Arbeitsmappennummer anstelle des Arbeitsmappennamens zu verwenden, Sie k\u00f6nnen jedoch nur auf ge\u00f6ffnete Arbeitsmappen verweisen.<\/p><p> In diesem Tutorial betrachten wir verschiedene M\u00f6glichkeiten, diese Methode zu verwenden.<\/p><h2 class=\"wp-block-heading\"> Schritte zum Aktivieren einer Arbeitsmappe <\/h2><div class=\"wp-block-image\"><figure class=\"aligncenter size-large is-resized\"><img loading=\"lazy\" decoding=\"async\" class=\"wp-image-52784\" src=\"https:\/\/exceladvisor.org\/wp-content\/uploads\/2023\/08\/2-types-de-classeurs.png\" sizes=\"auto, \" srcset=\"\" alt=\"Typ Bindemittel\" width=\"447\" height=\"211\"><\/figure><\/div><ol type=\"1\"><li> Geben Sie \u201eBinder\u201c ein, um das Binderobjekt zu verwenden.<\/li><li> Geben Sie den Namen der Arbeitsmappe in doppelten Anf\u00fchrungszeichen an.<\/li><li> Geben Sie einen Punkt (.) ein, um eine Liste der Eigenschaften und Methoden zu erhalten.<\/li><li> W\u00e4hlen Sie die Aktivierungsmethode aus der Liste aus oder geben Sie sie auch ein.<\/li><li> F\u00fchren Sie am Ende den Code aus, um die Arbeitsmappe zu aktivieren.<\/li><\/ol><pre class=\"wp-block-code\"> <code class=\"language-visual-basic\" lang=\"visual-basic\">Sub vba_activate_workbook() Workbooks(\"Book3\").Activate End Sub<\/code><\/pre><p class=\"qt-tip\"> <strong>Hinweis:<\/strong> Wenn Sie versuchen, eine Arbeitsmappe zu aktivieren, die nicht ge\u00f6ffnet ist, zeigt VBA einen Fehler an. <\/p><div class=\"wp-block-image\"><figure class=\"aligncenter size-large is-resized\"><img loading=\"lazy\" decoding=\"async\" class=\"wp-image-52785\" src=\"https:\/\/exceladvisor.org\/wp-content\/uploads\/2023\/08\/3-vba-affichera-une-erreur.png\" sizes=\"auto, \" srcset=\"\" alt=\"VBA-zeigt-einen-Fehler an\" width=\"444\" height=\"317\"><\/figure><\/div><p> <strong>Verwandte Themen:<\/strong> <a href=\"https:\/\/exceladvisor.org\/de\/blatt-aktivieren\/\"><strong>Aktivieren Sie eine Tabellenkalkulation mit VBA<\/strong><\/a><\/p><p class=\"content-box-grey\"> <em>N\u00fctzliche Links: <a href=\"https:\/\/exceladvisor.org\/de\/ein-makro-ausfuhren-2\/\">Ausf\u00fchren eines Makros<\/a> \u2013 <a href=\"https:\/\/exceladvisor.org\/de\/ein-makro-aufzeichnen\/\">Makrorecorder<\/a> \u2013 <a href=\"https:\/\/exceladvisor.org\/de\/einfacher-visueller-editor\/\">Visual Basic Editor<\/a> \u2013 <a href=\"https:\/\/exceladvisor.org\/de\/personliches-makro-notizbuch\/\">Handbuch zu pers\u00f6nlichen Makros<\/a><\/em><\/p><h2 class=\"wp-block-heading\"> Aktivieren Sie eine Arbeitsmappe mithilfe der Nummer<\/h2><p> Wenn Sie mehrere Arbeitsmappen ge\u00f6ffnet haben, werden alle diese Arbeitsmappen Teil der Arbeitsmappensammlung und verf\u00fcgen \u00fcber eine Nummer, auf die Sie verweisen k\u00f6nnen. Anschlie\u00dfend k\u00f6nnen Sie die Aktivierungsmethode damit verwenden. Hier ist der Code: <\/p><pre class=\"wp-block-code\"> <code class=\"language-visual-basic\" lang=\"visual-basic\">Sub vba_activate_workbook() Workbooks(2).Activate End Sub<\/code><\/pre><div class=\"wp-block-image\"><figure class=\"aligncenter size-large is-resized\"><img loading=\"lazy\" decoding=\"async\" class=\"wp-image-52786\" src=\"https:\/\/exceladvisor.org\/wp-content\/uploads\/2023\/08\/4-activer-un-classeur-en-utilisant-le-numero.png\" sizes=\"auto, \" srcset=\"\" alt=\"Aktivieren Sie einen Ordner mithilfe einer Nummer\" width=\"401\" height=\"218\"><\/figure><\/div><p> Und wenn Sie versuchen, eine Arbeitsmappe mit einer Nummer zu aktivieren, die nicht existiert, zeigt VBA den Laufzeitfehler \u201e9\u201c (Index au\u00dferhalb des Bereichs) an. <\/p><div class=\"wp-block-image\"><figure class=\"aligncenter size-large is-resized\"><img loading=\"lazy\" decoding=\"async\" class=\"wp-image-52787\" src=\"https:\/\/exceladvisor.org\/wp-content\/uploads\/2023\/08\/5-vba-affichera-lerreur-dexecution-9.png\" sizes=\"auto, \" srcset=\"\" alt=\"vba-will-show-run-time-error-9\" width=\"400\" height=\"272\"><\/figure><\/div><h2 class=\"wp-block-heading\"> Aktivieren Sie diese Arbeitsmappe<\/h2><p> Mit der ThisWorkbook-Eigenschaft k\u00f6nnen Sie auf die Arbeitsmappe verweisen, in die Sie Code schreiben. Angenommen, Sie haben f\u00fcnf Arbeitsmappen gleichzeitig ge\u00f6ffnet, arbeiten aber an \u201eBook1.xlsm\u201c. Wenn Sie also den folgenden Code ausf\u00fchren, wird \u201eBook1.xlsm\u201c aktiviert.<\/p><pre class=\"wp-block-code\"> <code class=\"language-visual-basic\" lang=\"visual-basic\">Sub vba_activate_workbook() ThisWorkbook.Activate End Sub<\/code><\/pre><h2 class=\"wp-block-heading\"> \u00dcberpr\u00fcfen Sie dies, bevor Sie eine Arbeitsmappe aktivieren<\/h2><p> Wie gesagt, wenn Sie versuchen, eine Arbeitsmappe zu aktivieren, die nicht ge\u00f6ffnet ist, zeigt Ihnen VBA einen Fehler an. Um dieses Problem zu l\u00f6sen, ist es am besten, zun\u00e4chst den Namen der Arbeitsmappe zu \u00fcberpr\u00fcfen (ob sie ge\u00f6ffnet ist oder nicht) und sie dann zu aktivieren.<\/p><pre class=\"wp-block-code\"> <code class=\"language-visual-basic\" lang=\"visual-basic\">Sub vba_activate_workbook() Dim wb As Workbook For Each wb In Workbooks If wb.Name = \"Book3.xlsx\" Then wb.Activate MsgBox \"Workbook found and activated\" Exit Sub End If Next wb MsgBox \"Not found\" End Sub<\/code><\/pre><p> Mit dem obigen Code k\u00f6nnen Sie einen Arbeitsmappennamen angeben. Dadurch wird zun\u00e4chst in allen ge\u00f6ffneten Arbeitsmappen nach dieser Arbeitsmappe gesucht. Wenn die Arbeitsmappe gefunden wird, wird sie aktiviert.<\/p><h2 class=\"wp-block-heading\"> Kommentare<\/h2><ul><li> Achten Sie bei der Verwendung des Arbeitsmappennamens darauf, dass Sie die richtige Dateierweiterung verwenden<\/li><li> Wenn Sie eine Arbeitsmappe aktivieren m\u00f6chten, die noch nicht gespeichert ist, d\u00fcrfen Sie nur den Namen dieser Arbeitsmappe ohne Suffix der Dateierweiterung verwenden.<\/li><\/ul><div class=\"gb-container gb-container-4db6181c gb-container-mt\"> <a class=\"gb-button gb-button-c5897111 gb-button-text gb-button-mt-button\" href=\"https:\/\/exceladvisor.org\/de\/vba\/\">Was ist VBA<\/a><h2 class=\"gb-headline gb-headline-665e5f6b gb-headline-text gb-headline-mt-heading\"> Verwandte Tutorials <\/h2><div class=\"gb-grid-wrapper gb-grid-wrapper-a20baf7c gb-grid-wrapper-mt-grid\"><div class=\"gb-grid-column gb-grid-column-65ddf67e\"><div class=\"gb-container gb-container-65ddf67e\"><ul><li> <a href=\"https:\/\/exceladvisor.org\/de\/excel-datei-kopieren\/\">Kopieren Sie eine Excel-Datei (Arbeitsmappe) mit VBA<\/a><\/li><li> <a href=\"https:\/\/exceladvisor.org\/de\/schliessen-sie-die-arbeitsmappe\/\">VBA-Arbeitsmappe schlie\u00dfen (Excel-Datei)<\/a><\/li><li> <a href=\"https:\/\/exceladvisor.org\/de\/arbeitsmappen-kombinieren\/\">VBA Arbeitsmappen kombinieren (Excel-Dateien)<\/a><\/li><li> <a href=\"https:\/\/exceladvisor.org\/de\/eine-arbeitsmappe-erstellen\/\">VBA Erstellen Sie eine neue Arbeitsmappe (Excel-Datei)<\/a><\/li><li> <a href=\"https:\/\/exceladvisor.org\/de\/datei-loschen\/\">VBA Arbeitsmappe l\u00f6schen (Excel-Datei)<\/a><\/li><\/ul><\/div><\/div><\/div><\/div>","protected":false},"excerpt":{"rendered":"","protected":false},"author":1,"featured_media":0,"parent":0,"menu_order":0,"comment_status":"open","ping_status":"closed","template":"","meta":{"ub_ctt_via":"","footnotes":""},"class_list":["post-3033","page","type-page","status-publish","hentry"],"featured_image_src":null,"yoast_head":"<!-- This site is optimized with the Yoast SEO plugin v25.4 - https:\/\/yoast.com\/wordpress\/plugins\/seo\/ -->\n<title>\u25b7 Wie aktiviere ich eine Excel-Arbeitsmappe \u00fcber VBA? (Tutorial 2023)<\/title>\n<meta name=\"description\" content=\"Wenn Sie mehrere Arbeitsmappen gleichzeitig ge\u00f6ffnet haben, k\u00f6nnen Sie mit dieser Methode viel Zeit sparen.\" \/>\n<meta name=\"robots\" content=\"index, follow, max-snippet:-1, max-image-preview:large, max-video-preview:-1\" \/>\n<link rel=\"canonical\" href=\"https:\/\/exceladvisor.org\/de\/arbeitsmappe-aktivieren\/\" \/>\n<meta property=\"og:locale\" content=\"de_DE\" \/>\n<meta property=\"og:type\" content=\"article\" \/>\n<meta property=\"og:title\" content=\"\u25b7 Wie aktiviere ich eine Excel-Arbeitsmappe \u00fcber VBA? (Tutorial 2023)\" \/>\n<meta property=\"og:description\" content=\"Wenn Sie mehrere Arbeitsmappen gleichzeitig ge\u00f6ffnet haben, k\u00f6nnen Sie mit dieser Methode viel Zeit sparen.\" \/>\n<meta property=\"og:url\" content=\"https:\/\/exceladvisor.org\/de\/arbeitsmappe-aktivieren\/\" \/>\n<meta property=\"og:site_name\" content=\"Excel Advisor\" \/>\n<meta property=\"article:modified_time\" content=\"2023-12-03T11:13:31+00:00\" \/>\n<meta property=\"og:image\" content=\"https:\/\/exceladvisor.org\/wp-content\/uploads\/2023\/08\/1-classeur-active.png\" \/>\n<meta name=\"twitter:card\" content=\"summary_large_image\" \/>\n<meta name=\"twitter:label1\" content=\"Gesch\u00e4tzte Lesezeit\" \/>\n\t<meta name=\"twitter:data1\" content=\"3\u00a0Minuten\" \/>\n<script type=\"application\/ld+json\" class=\"yoast-schema-graph\">{\"@context\":\"https:\/\/schema.org\",\"@graph\":[{\"@type\":\"WebPage\",\"@id\":\"https:\/\/exceladvisor.org\/de\/arbeitsmappe-aktivieren\/\",\"url\":\"https:\/\/exceladvisor.org\/de\/arbeitsmappe-aktivieren\/\",\"name\":\"\u25b7 Wie aktiviere ich eine Excel-Arbeitsmappe \u00fcber VBA? (Tutorial 2023)\",\"isPartOf\":{\"@id\":\"https:\/\/exceladvisor.org\/de\/#website\"},\"primaryImageOfPage\":{\"@id\":\"https:\/\/exceladvisor.org\/de\/arbeitsmappe-aktivieren\/#primaryimage\"},\"image\":{\"@id\":\"https:\/\/exceladvisor.org\/de\/arbeitsmappe-aktivieren\/#primaryimage\"},\"thumbnailUrl\":\"https:\/\/exceladvisor.org\/wp-content\/uploads\/2023\/08\/1-classeur-active.png\",\"datePublished\":\"2023-11-17T11:53:36+00:00\",\"dateModified\":\"2023-12-03T11:13:31+00:00\",\"description\":\"Wenn Sie mehrere Arbeitsmappen gleichzeitig ge\u00f6ffnet haben, k\u00f6nnen Sie mit dieser Methode viel Zeit sparen.\",\"breadcrumb\":{\"@id\":\"https:\/\/exceladvisor.org\/de\/arbeitsmappe-aktivieren\/#breadcrumb\"},\"inLanguage\":\"de\",\"potentialAction\":[{\"@type\":\"ReadAction\",\"target\":[\"https:\/\/exceladvisor.org\/de\/arbeitsmappe-aktivieren\/\"]}]},{\"@type\":\"ImageObject\",\"inLanguage\":\"de\",\"@id\":\"https:\/\/exceladvisor.org\/de\/arbeitsmappe-aktivieren\/#primaryimage\",\"url\":\"https:\/\/exceladvisor.org\/wp-content\/uploads\/2023\/08\/1-classeur-active.png\",\"contentUrl\":\"https:\/\/exceladvisor.org\/wp-content\/uploads\/2023\/08\/1-classeur-active.png\"},{\"@type\":\"BreadcrumbList\",\"@id\":\"https:\/\/exceladvisor.org\/de\/arbeitsmappe-aktivieren\/#breadcrumb\",\"itemListElement\":[{\"@type\":\"ListItem\",\"position\":1,\"name\":\"Accueil\",\"item\":\"https:\/\/exceladvisor.org\/de\/\"},{\"@type\":\"ListItem\",\"position\":2,\"name\":\"Wie aktiviere ich eine excel-arbeitsmappe \u00fcber vba?\"}]},{\"@type\":\"WebSite\",\"@id\":\"https:\/\/exceladvisor.org\/de\/#website\",\"url\":\"https:\/\/exceladvisor.org\/de\/\",\"name\":\"Excel Advisor\",\"description\":\"Ihr Leitfaden zur Datendominanz\",\"publisher\":{\"@id\":\"https:\/\/exceladvisor.org\/de\/#organization\"},\"potentialAction\":[{\"@type\":\"SearchAction\",\"target\":{\"@type\":\"EntryPoint\",\"urlTemplate\":\"https:\/\/exceladvisor.org\/de\/?s={search_term_string}\"},\"query-input\":{\"@type\":\"PropertyValueSpecification\",\"valueRequired\":true,\"valueName\":\"search_term_string\"}}],\"inLanguage\":\"de\"},{\"@type\":\"Organization\",\"@id\":\"https:\/\/exceladvisor.org\/de\/#organization\",\"name\":\"Excel Advisor\",\"url\":\"https:\/\/exceladvisor.org\/de\/\",\"logo\":{\"@type\":\"ImageObject\",\"inLanguage\":\"de\",\"@id\":\"https:\/\/exceladvisor.org\/de\/#\/schema\/logo\/image\/\",\"url\":\"https:\/\/exceladvisor.org\/de\/wp-content\/uploads\/2023\/11\/exceladvisor.org_.png\",\"contentUrl\":\"https:\/\/exceladvisor.org\/de\/wp-content\/uploads\/2023\/11\/exceladvisor.org_.png\",\"width\":105,\"height\":36,\"caption\":\"Excel Advisor\"},\"image\":{\"@id\":\"https:\/\/exceladvisor.org\/de\/#\/schema\/logo\/image\/\"}}]}<\/script>\n<!-- \/ Yoast SEO plugin. -->","yoast_head_json":{"title":"\u25b7 Wie aktiviere ich eine Excel-Arbeitsmappe \u00fcber VBA? (Tutorial 2023)","description":"Wenn Sie mehrere Arbeitsmappen gleichzeitig ge\u00f6ffnet haben, k\u00f6nnen Sie mit dieser Methode viel Zeit sparen.","robots":{"index":"index","follow":"follow","max-snippet":"max-snippet:-1","max-image-preview":"max-image-preview:large","max-video-preview":"max-video-preview:-1"},"canonical":"https:\/\/exceladvisor.org\/de\/arbeitsmappe-aktivieren\/","og_locale":"de_DE","og_type":"article","og_title":"\u25b7 Wie aktiviere ich eine Excel-Arbeitsmappe \u00fcber VBA? (Tutorial 2023)","og_description":"Wenn Sie mehrere Arbeitsmappen gleichzeitig ge\u00f6ffnet haben, k\u00f6nnen Sie mit dieser Methode viel Zeit sparen.","og_url":"https:\/\/exceladvisor.org\/de\/arbeitsmappe-aktivieren\/","og_site_name":"Excel Advisor","article_modified_time":"2023-12-03T11:13:31+00:00","og_image":[{"url":"https:\/\/exceladvisor.org\/wp-content\/uploads\/2023\/08\/1-classeur-active.png","type":"","width":"","height":""}],"twitter_card":"summary_large_image","twitter_misc":{"Gesch\u00e4tzte Lesezeit":"3\u00a0Minuten"},"schema":{"@context":"https:\/\/schema.org","@graph":[{"@type":"WebPage","@id":"https:\/\/exceladvisor.org\/de\/arbeitsmappe-aktivieren\/","url":"https:\/\/exceladvisor.org\/de\/arbeitsmappe-aktivieren\/","name":"\u25b7 Wie aktiviere ich eine Excel-Arbeitsmappe \u00fcber VBA? (Tutorial 2023)","isPartOf":{"@id":"https:\/\/exceladvisor.org\/de\/#website"},"primaryImageOfPage":{"@id":"https:\/\/exceladvisor.org\/de\/arbeitsmappe-aktivieren\/#primaryimage"},"image":{"@id":"https:\/\/exceladvisor.org\/de\/arbeitsmappe-aktivieren\/#primaryimage"},"thumbnailUrl":"https:\/\/exceladvisor.org\/wp-content\/uploads\/2023\/08\/1-classeur-active.png","datePublished":"2023-11-17T11:53:36+00:00","dateModified":"2023-12-03T11:13:31+00:00","description":"Wenn Sie mehrere Arbeitsmappen gleichzeitig ge\u00f6ffnet haben, k\u00f6nnen Sie mit dieser Methode viel Zeit sparen.","breadcrumb":{"@id":"https:\/\/exceladvisor.org\/de\/arbeitsmappe-aktivieren\/#breadcrumb"},"inLanguage":"de","potentialAction":[{"@type":"ReadAction","target":["https:\/\/exceladvisor.org\/de\/arbeitsmappe-aktivieren\/"]}]},{"@type":"ImageObject","inLanguage":"de","@id":"https:\/\/exceladvisor.org\/de\/arbeitsmappe-aktivieren\/#primaryimage","url":"https:\/\/exceladvisor.org\/wp-content\/uploads\/2023\/08\/1-classeur-active.png","contentUrl":"https:\/\/exceladvisor.org\/wp-content\/uploads\/2023\/08\/1-classeur-active.png"},{"@type":"BreadcrumbList","@id":"https:\/\/exceladvisor.org\/de\/arbeitsmappe-aktivieren\/#breadcrumb","itemListElement":[{"@type":"ListItem","position":1,"name":"Accueil","item":"https:\/\/exceladvisor.org\/de\/"},{"@type":"ListItem","position":2,"name":"Wie aktiviere ich eine excel-arbeitsmappe \u00fcber vba?"}]},{"@type":"WebSite","@id":"https:\/\/exceladvisor.org\/de\/#website","url":"https:\/\/exceladvisor.org\/de\/","name":"Excel Advisor","description":"Ihr Leitfaden zur Datendominanz","publisher":{"@id":"https:\/\/exceladvisor.org\/de\/#organization"},"potentialAction":[{"@type":"SearchAction","target":{"@type":"EntryPoint","urlTemplate":"https:\/\/exceladvisor.org\/de\/?s={search_term_string}"},"query-input":{"@type":"PropertyValueSpecification","valueRequired":true,"valueName":"search_term_string"}}],"inLanguage":"de"},{"@type":"Organization","@id":"https:\/\/exceladvisor.org\/de\/#organization","name":"Excel Advisor","url":"https:\/\/exceladvisor.org\/de\/","logo":{"@type":"ImageObject","inLanguage":"de","@id":"https:\/\/exceladvisor.org\/de\/#\/schema\/logo\/image\/","url":"https:\/\/exceladvisor.org\/de\/wp-content\/uploads\/2023\/11\/exceladvisor.org_.png","contentUrl":"https:\/\/exceladvisor.org\/de\/wp-content\/uploads\/2023\/11\/exceladvisor.org_.png","width":105,"height":36,"caption":"Excel Advisor"},"image":{"@id":"https:\/\/exceladvisor.org\/de\/#\/schema\/logo\/image\/"}}]}},"yoast_meta":{"yoast_wpseo_title":"","yoast_wpseo_metadesc":"","yoast_wpseo_canonical":""},"_links":{"self":[{"href":"https:\/\/exceladvisor.org\/de\/wp-json\/wp\/v2\/pages\/3033","targetHints":{"allow":["GET"]}}],"collection":[{"href":"https:\/\/exceladvisor.org\/de\/wp-json\/wp\/v2\/pages"}],"about":[{"href":"https:\/\/exceladvisor.org\/de\/wp-json\/wp\/v2\/types\/page"}],"author":[{"embeddable":true,"href":"https:\/\/exceladvisor.org\/de\/wp-json\/wp\/v2\/users\/1"}],"replies":[{"embeddable":true,"href":"https:\/\/exceladvisor.org\/de\/wp-json\/wp\/v2\/comments?post=3033"}],"version-history":[{"count":1,"href":"https:\/\/exceladvisor.org\/de\/wp-json\/wp\/v2\/pages\/3033\/revisions"}],"predecessor-version":[{"id":3840,"href":"https:\/\/exceladvisor.org\/de\/wp-json\/wp\/v2\/pages\/3033\/revisions\/3840"}],"wp:attachment":[{"href":"https:\/\/exceladvisor.org\/de\/wp-json\/wp\/v2\/media?parent=3033"}],"curies":[{"name":"wp","href":"https:\/\/api.w.org\/{rel}","templated":true}]}}