{"id":3034,"date":"2023-11-17T11:32:12","date_gmt":"2023-11-17T11:32:12","guid":{"rendered":"https:\/\/exceladvisor.org\/de\/uberprufen-sie-ob-die-arbeitsmappe-vorhanden-ist\/"},"modified":"2023-12-03T13:05:18","modified_gmt":"2023-12-03T13:05:18","slug":"uberprufen-sie-ob-die-arbeitsmappe-vorhanden-ist","status":"publish","type":"page","link":"https:\/\/exceladvisor.org\/de\/uberprufen-sie-ob-die-arbeitsmappe-vorhanden-ist\/","title":{"rendered":"Wie \u00fcberpr\u00fcfe ich, ob eine arbeitsmappe in einem ordner vorhanden ist?"},"content":{"rendered":"<div class=\"excel-vor-dem-inhalt\" id=\"excel-245118757\"><script type=\"text\/javascript\">\r\n\tatOptions = {\r\n\t\t'key' : 'c1158f160081d6540a8409e6925dab94',\r\n\t\t'format' : 'iframe',\r\n\t\t'height' : 250,\r\n\t\t'width' : 300,\r\n\t\t'params' : {}\r\n\t};\r\n<\/script>\r\n<script type=\"text\/javascript\" src=\"\/\/www.highperformanceformat.com\/c1158f160081d6540a8409e6925dab94\/invoke.js\"><\/script><\/div> <p>Um zu \u00fcberpr\u00fcfen, ob eine Arbeitsmappe in einem bestimmten Ordner vorhanden ist, k\u00f6nnen Sie die DIR-Funktion verwenden. DIR ist eine Funktion, die das Verzeichnis darstellt. Sie m\u00fcssen den Dateipfad mit Namen und Erweiterung angeben. Wenn eine Datei vorhanden ist, wird der Dateiname zur\u00fcckgegeben, andernfalls ein leerer Wert.<\/p><h2 class=\"wp-block-heading\"> Schreiben Sie Code, um zu pr\u00fcfen, ob eine Excel-Datei in einem Ordner vorhanden ist<\/h2><p> F\u00fchren Sie die folgenden Schritte aus: <\/p><div class=\"wp-block-image\"><figure class=\"aligncenter size-large is-resized\"><img loading=\"lazy\" decoding=\"async\" class=\"wp-image-53073\" src=\"https:\/\/exceladvisor.org\/wp-content\/uploads\/2023\/08\/1-code-pour-verifier-si-un-fichier-excel-existe-dans-un-dossier.png\" sizes=\"auto, \" srcset=\"\" alt=\"Code zum \u00dcberpr\u00fcfen, ob eine Excel-Datei in einem Ordner vorhanden ist\" width=\"539\" height=\"183\"><\/figure><\/div><ol type=\"1\"><li> <a href=\"https:\/\/exceladvisor.org\/de\/bereich-1\/\">Geben Sie zun\u00e4chst einen Bereich<\/a> oder <a href=\"https:\/\/exceladvisor.org\/de\/vba-nachrichtenbox\/\">ein Meldungsfeld<\/a> an, um das Funktionsergebnis zu erhalten.<\/li><li> Geben Sie nun den Funktionsnamen \u201eDIR\u201c ein und tippen Sie die f\u00fchrenden Klammern ein.<\/li><li> Geben Sie anschlie\u00dfend den Dateipfad in doppelte Anf\u00fchrungszeichen ein und achten Sie darauf, die Dateierweiterung zusammen mit dem Dateinamen einzugeben.<\/li><li> Geben Sie als N\u00e4chstes die schlie\u00dfenden Klammern ein, um die Codezeile zu schlie\u00dfen.<\/li><\/ol><pre class=\"wp-block-code\"> <code class=\"language-visual-basic\" lang=\"visual-basic\">Sub vba_Check_workbook() MsgBox Dir(\"C:UsersDellDesktopbook1.xlsx\") End Sub<\/code><\/pre><p> Wenn Sie diese Codezeile ausf\u00fchren, wird ein Meldungsfeld mit dem Dateinamen angezeigt. Dies bedeutet, dass die Datei an dem von Ihnen angegebenen Speicherort vorhanden ist.<\/p><p class=\"content-box-grey\"> <em>N\u00fctzliche Links: <a href=\"https:\/\/exceladvisor.org\/de\/ein-makro-ausfuhren-2\/\">Ausf\u00fchren eines Makros<\/a> \u2013 <a href=\"https:\/\/exceladvisor.org\/de\/ein-makro-aufzeichnen\/\">Makrorecorder<\/a> \u2013 <a href=\"https:\/\/exceladvisor.org\/de\/einfacher-visueller-editor\/\">Visual Basic Editor<\/a> \u2013 <a href=\"https:\/\/exceladvisor.org\/de\/personliches-makro-notizbuch\/\">Handbuch zu pers\u00f6nlichen Makros<\/a><\/em><\/p><h2 class=\"wp-block-heading\"> Suchen Sie nach mehreren Dateien, wenn sie in einem Ordner vorhanden sind<\/h2><p> M\u00f6glicherweise m\u00fcssen Sie mehrere Dateien \u00fcberpr\u00fcfen, wenn sie alle in einem Ordner vorhanden sind. In diesem Fall k\u00f6nnen Sie den folgenden Code verwenden. <\/p><pre class=\"wp-block-code\"> <code class=\"language-visual-basic\" lang=\"visual-basic\">Sub vba_check_workbook() Dim myFolder As String Dim myFileName As String Dim myRange As Range Dim myCell As Range Set myRange = Range(\"A1:A5\") myFolder = \"C:UsersDellDesktopData\" For Each myCell In myRange myFileName = myCell.Value If Dir(myFolder &amp; \"\" &amp; myFileName) = \"\" Then myCell.Offset(0, 1) = \"File Doesn't Exists.\" Else myCell.Offset(0, 1) = \"File Exists\" End If Next myCell End Sub<\/code><\/pre><div class=\"wp-block-image\"><figure class=\"aligncenter size-large is-resized\"><img loading=\"lazy\" decoding=\"async\" class=\"wp-image-53074\" src=\"https:\/\/exceladvisor.org\/wp-content\/uploads\/2023\/08\/2-fichiers-multiples-sils-existent-dans-un-dossier.png\" sizes=\"auto, \" srcset=\"\" alt=\"mehrere Dateien, wenn sie in einem Ordner vorhanden sind\" width=\"593\" height=\"526\"><\/figure><\/div><p> Um diesen Code zu verstehen, habe ich ihn in drei Teile unterteilt.<\/p><ul><li> Im ERSTEN Teil finden Sie alle Variablen, die wir im Code verwenden m\u00fcssen. Eine Variable zur Verwendung als Ordneradresse, Dateiname, Bereich, in dem sich alle Namen befinden, und jede Zelle im Bereich.<\/li><li> Im ZWEITEN Teil definieren Sie den Adressbereich, in dem Sie alle Namen der Dateien haben, die Sie \u00fcberpr\u00fcfen m\u00f6chten. Und auch der der Variablen zugewiesene Ordnerpfad.<\/li><li> Im DRITTEN Teil haben Sie einen <a href=\"https:\/\/exceladvisor.org\/de\/fur-die-schleife\/\">LOOP FOR EACH,<\/a> um alle Dateien im Ordner zu durchlaufen. Diese Schleife verwendet das DIR, um alle Namen im Bereich abzugleichen. Es verwendet auch <a href=\"https:\/\/exceladvisor.org\/de\/wenn-2\/\">IF STATEMENT<\/a> , um einen Wert in die entsprechende Zelle als Bemerkung einzugeben, unabh\u00e4ngig davon, ob die Datei existiert oder nicht.<\/li><\/ul><p class=\"qt-tip\"> <strong>Hinweis:<\/strong> Wenn Sie diesen Code verwenden m\u00f6chten, m\u00fcssen Sie den Ordnerpfad \u00e4ndern und den Bereich festlegen, in dem sich alle Arbeitsmappennamen befinden.<\/p><div class=\"gb-container gb-container-4db6181c gb-container-mt\"> <a class=\"gb-button gb-button-c5897111 gb-button-text gb-button-mt-button\" href=\"https:\/\/exceladvisor.org\/de\/vba\/\">Was ist VBA<\/a><h2 class=\"gb-headline gb-headline-665e5f6b gb-headline-text gb-headline-mt-heading\"> Verwandte Tutorials <\/h2><div class=\"gb-grid-wrapper gb-grid-wrapper-a20baf7c gb-grid-wrapper-mt-grid\"><div class=\"gb-grid-column gb-grid-column-65ddf67e\"><div class=\"gb-container gb-container-65ddf67e\"><ul><li> <a href=\"https:\/\/exceladvisor.org\/de\/excel-datei-kopieren\/\">Kopieren Sie eine Excel-Datei (Arbeitsmappe) mit VBA<\/a><\/li><li> <a href=\"https:\/\/exceladvisor.org\/de\/arbeitsmappe-aktivieren\/\">VBA-Arbeitsmappe aktivieren (Excel-Datei)<\/a><\/li><li> <a href=\"https:\/\/exceladvisor.org\/de\/schliessen-sie-die-arbeitsmappe\/\">VBA-Arbeitsmappe schlie\u00dfen (Excel-Datei)<\/a><\/li><li> <a href=\"https:\/\/exceladvisor.org\/de\/arbeitsmappen-kombinieren\/\">VBA Arbeitsmappen kombinieren (Excel-Dateien)<\/a><\/li><li> <a href=\"https:\/\/exceladvisor.org\/de\/eine-arbeitsmappe-erstellen\/\">VBA Erstellen Sie eine neue Arbeitsmappe (Excel-Datei)<\/a><\/li><\/ul><\/div><\/div><\/div><\/div>","protected":false},"excerpt":{"rendered":"","protected":false},"author":1,"featured_media":0,"parent":0,"menu_order":0,"comment_status":"open","ping_status":"closed","template":"","meta":{"ub_ctt_via":"","footnotes":""},"class_list":["post-3034","page","type-page","status-publish","hentry"],"featured_image_src":null,"yoast_head":"<!-- This site is optimized with the Yoast SEO plugin v25.4 - https:\/\/yoast.com\/wordpress\/plugins\/seo\/ -->\n<title>VBA: Wie \u00fcberpr\u00fcfe ich, ob eine Arbeitsmappe in einem Ordner vorhanden ist?<\/title>\n<meta name=\"description\" content=\"In diesem Tutorial lernen Sie, wie Sie mit VBA eine Excel-Arbeitsmappe \u00f6ffnen, die in einem Ordner auf Ihrem System gespeichert ist.\" \/>\n<meta name=\"robots\" content=\"index, follow, max-snippet:-1, max-image-preview:large, max-video-preview:-1\" \/>\n<link rel=\"canonical\" href=\"https:\/\/exceladvisor.org\/de\/uberprufen-sie-ob-die-arbeitsmappe-vorhanden-ist\/\" \/>\n<meta property=\"og:locale\" content=\"de_DE\" \/>\n<meta property=\"og:type\" content=\"article\" \/>\n<meta property=\"og:title\" content=\"VBA: Wie \u00fcberpr\u00fcfe ich, ob eine Arbeitsmappe in einem Ordner vorhanden ist?\" \/>\n<meta property=\"og:description\" content=\"In diesem Tutorial lernen Sie, wie Sie mit VBA eine Excel-Arbeitsmappe \u00f6ffnen, die in einem Ordner auf Ihrem System gespeichert ist.\" \/>\n<meta property=\"og:url\" content=\"https:\/\/exceladvisor.org\/de\/uberprufen-sie-ob-die-arbeitsmappe-vorhanden-ist\/\" \/>\n<meta property=\"og:site_name\" content=\"Excel Advisor\" \/>\n<meta property=\"article:modified_time\" content=\"2023-12-03T13:05:18+00:00\" \/>\n<meta property=\"og:image\" content=\"https:\/\/exceladvisor.org\/wp-content\/uploads\/2023\/08\/1-code-pour-verifier-si-un-fichier-excel-existe-dans-un-dossier.png\" \/>\n<meta name=\"twitter:card\" content=\"summary_large_image\" \/>\n<meta name=\"twitter:label1\" content=\"Gesch\u00e4tzte Lesezeit\" \/>\n\t<meta name=\"twitter:data1\" content=\"2\u00a0Minuten\" \/>\n<script type=\"application\/ld+json\" class=\"yoast-schema-graph\">{\"@context\":\"https:\/\/schema.org\",\"@graph\":[{\"@type\":\"WebPage\",\"@id\":\"https:\/\/exceladvisor.org\/de\/uberprufen-sie-ob-die-arbeitsmappe-vorhanden-ist\/\",\"url\":\"https:\/\/exceladvisor.org\/de\/uberprufen-sie-ob-die-arbeitsmappe-vorhanden-ist\/\",\"name\":\"VBA: Wie \u00fcberpr\u00fcfe ich, ob eine Arbeitsmappe in einem Ordner vorhanden ist?\",\"isPartOf\":{\"@id\":\"https:\/\/exceladvisor.org\/de\/#website\"},\"primaryImageOfPage\":{\"@id\":\"https:\/\/exceladvisor.org\/de\/uberprufen-sie-ob-die-arbeitsmappe-vorhanden-ist\/#primaryimage\"},\"image\":{\"@id\":\"https:\/\/exceladvisor.org\/de\/uberprufen-sie-ob-die-arbeitsmappe-vorhanden-ist\/#primaryimage\"},\"thumbnailUrl\":\"https:\/\/exceladvisor.org\/wp-content\/uploads\/2023\/08\/1-code-pour-verifier-si-un-fichier-excel-existe-dans-un-dossier.png\",\"datePublished\":\"2023-11-17T11:32:12+00:00\",\"dateModified\":\"2023-12-03T13:05:18+00:00\",\"description\":\"In diesem Tutorial lernen Sie, wie Sie mit VBA eine Excel-Arbeitsmappe \u00f6ffnen, die in einem Ordner auf Ihrem System gespeichert ist.\",\"breadcrumb\":{\"@id\":\"https:\/\/exceladvisor.org\/de\/uberprufen-sie-ob-die-arbeitsmappe-vorhanden-ist\/#breadcrumb\"},\"inLanguage\":\"de\",\"potentialAction\":[{\"@type\":\"ReadAction\",\"target\":[\"https:\/\/exceladvisor.org\/de\/uberprufen-sie-ob-die-arbeitsmappe-vorhanden-ist\/\"]}]},{\"@type\":\"ImageObject\",\"inLanguage\":\"de\",\"@id\":\"https:\/\/exceladvisor.org\/de\/uberprufen-sie-ob-die-arbeitsmappe-vorhanden-ist\/#primaryimage\",\"url\":\"https:\/\/exceladvisor.org\/wp-content\/uploads\/2023\/08\/1-code-pour-verifier-si-un-fichier-excel-existe-dans-un-dossier.png\",\"contentUrl\":\"https:\/\/exceladvisor.org\/wp-content\/uploads\/2023\/08\/1-code-pour-verifier-si-un-fichier-excel-existe-dans-un-dossier.png\"},{\"@type\":\"BreadcrumbList\",\"@id\":\"https:\/\/exceladvisor.org\/de\/uberprufen-sie-ob-die-arbeitsmappe-vorhanden-ist\/#breadcrumb\",\"itemListElement\":[{\"@type\":\"ListItem\",\"position\":1,\"name\":\"Accueil\",\"item\":\"https:\/\/exceladvisor.org\/de\/\"},{\"@type\":\"ListItem\",\"position\":2,\"name\":\"Wie \u00fcberpr\u00fcfe ich, ob eine arbeitsmappe in einem ordner vorhanden ist?\"}]},{\"@type\":\"WebSite\",\"@id\":\"https:\/\/exceladvisor.org\/de\/#website\",\"url\":\"https:\/\/exceladvisor.org\/de\/\",\"name\":\"Excel Advisor\",\"description\":\"Ihr Leitfaden zur Datendominanz\",\"publisher\":{\"@id\":\"https:\/\/exceladvisor.org\/de\/#organization\"},\"potentialAction\":[{\"@type\":\"SearchAction\",\"target\":{\"@type\":\"EntryPoint\",\"urlTemplate\":\"https:\/\/exceladvisor.org\/de\/?s={search_term_string}\"},\"query-input\":{\"@type\":\"PropertyValueSpecification\",\"valueRequired\":true,\"valueName\":\"search_term_string\"}}],\"inLanguage\":\"de\"},{\"@type\":\"Organization\",\"@id\":\"https:\/\/exceladvisor.org\/de\/#organization\",\"name\":\"Excel Advisor\",\"url\":\"https:\/\/exceladvisor.org\/de\/\",\"logo\":{\"@type\":\"ImageObject\",\"inLanguage\":\"de\",\"@id\":\"https:\/\/exceladvisor.org\/de\/#\/schema\/logo\/image\/\",\"url\":\"https:\/\/exceladvisor.org\/de\/wp-content\/uploads\/2023\/11\/exceladvisor.org_.png\",\"contentUrl\":\"https:\/\/exceladvisor.org\/de\/wp-content\/uploads\/2023\/11\/exceladvisor.org_.png\",\"width\":105,\"height\":36,\"caption\":\"Excel Advisor\"},\"image\":{\"@id\":\"https:\/\/exceladvisor.org\/de\/#\/schema\/logo\/image\/\"}}]}<\/script>\n<!-- \/ Yoast SEO plugin. -->","yoast_head_json":{"title":"VBA: Wie \u00fcberpr\u00fcfe ich, ob eine Arbeitsmappe in einem Ordner vorhanden ist?","description":"In diesem Tutorial lernen Sie, wie Sie mit VBA eine Excel-Arbeitsmappe \u00f6ffnen, die in einem Ordner auf Ihrem System gespeichert ist.","robots":{"index":"index","follow":"follow","max-snippet":"max-snippet:-1","max-image-preview":"max-image-preview:large","max-video-preview":"max-video-preview:-1"},"canonical":"https:\/\/exceladvisor.org\/de\/uberprufen-sie-ob-die-arbeitsmappe-vorhanden-ist\/","og_locale":"de_DE","og_type":"article","og_title":"VBA: Wie \u00fcberpr\u00fcfe ich, ob eine Arbeitsmappe in einem Ordner vorhanden ist?","og_description":"In diesem Tutorial lernen Sie, wie Sie mit VBA eine Excel-Arbeitsmappe \u00f6ffnen, die in einem Ordner auf Ihrem System gespeichert ist.","og_url":"https:\/\/exceladvisor.org\/de\/uberprufen-sie-ob-die-arbeitsmappe-vorhanden-ist\/","og_site_name":"Excel Advisor","article_modified_time":"2023-12-03T13:05:18+00:00","og_image":[{"url":"https:\/\/exceladvisor.org\/wp-content\/uploads\/2023\/08\/1-code-pour-verifier-si-un-fichier-excel-existe-dans-un-dossier.png","type":"","width":"","height":""}],"twitter_card":"summary_large_image","twitter_misc":{"Gesch\u00e4tzte Lesezeit":"2\u00a0Minuten"},"schema":{"@context":"https:\/\/schema.org","@graph":[{"@type":"WebPage","@id":"https:\/\/exceladvisor.org\/de\/uberprufen-sie-ob-die-arbeitsmappe-vorhanden-ist\/","url":"https:\/\/exceladvisor.org\/de\/uberprufen-sie-ob-die-arbeitsmappe-vorhanden-ist\/","name":"VBA: Wie \u00fcberpr\u00fcfe ich, ob eine Arbeitsmappe in einem Ordner vorhanden ist?","isPartOf":{"@id":"https:\/\/exceladvisor.org\/de\/#website"},"primaryImageOfPage":{"@id":"https:\/\/exceladvisor.org\/de\/uberprufen-sie-ob-die-arbeitsmappe-vorhanden-ist\/#primaryimage"},"image":{"@id":"https:\/\/exceladvisor.org\/de\/uberprufen-sie-ob-die-arbeitsmappe-vorhanden-ist\/#primaryimage"},"thumbnailUrl":"https:\/\/exceladvisor.org\/wp-content\/uploads\/2023\/08\/1-code-pour-verifier-si-un-fichier-excel-existe-dans-un-dossier.png","datePublished":"2023-11-17T11:32:12+00:00","dateModified":"2023-12-03T13:05:18+00:00","description":"In diesem Tutorial lernen Sie, wie Sie mit VBA eine Excel-Arbeitsmappe \u00f6ffnen, die in einem Ordner auf Ihrem System gespeichert ist.","breadcrumb":{"@id":"https:\/\/exceladvisor.org\/de\/uberprufen-sie-ob-die-arbeitsmappe-vorhanden-ist\/#breadcrumb"},"inLanguage":"de","potentialAction":[{"@type":"ReadAction","target":["https:\/\/exceladvisor.org\/de\/uberprufen-sie-ob-die-arbeitsmappe-vorhanden-ist\/"]}]},{"@type":"ImageObject","inLanguage":"de","@id":"https:\/\/exceladvisor.org\/de\/uberprufen-sie-ob-die-arbeitsmappe-vorhanden-ist\/#primaryimage","url":"https:\/\/exceladvisor.org\/wp-content\/uploads\/2023\/08\/1-code-pour-verifier-si-un-fichier-excel-existe-dans-un-dossier.png","contentUrl":"https:\/\/exceladvisor.org\/wp-content\/uploads\/2023\/08\/1-code-pour-verifier-si-un-fichier-excel-existe-dans-un-dossier.png"},{"@type":"BreadcrumbList","@id":"https:\/\/exceladvisor.org\/de\/uberprufen-sie-ob-die-arbeitsmappe-vorhanden-ist\/#breadcrumb","itemListElement":[{"@type":"ListItem","position":1,"name":"Accueil","item":"https:\/\/exceladvisor.org\/de\/"},{"@type":"ListItem","position":2,"name":"Wie \u00fcberpr\u00fcfe ich, ob eine arbeitsmappe in einem ordner vorhanden ist?"}]},{"@type":"WebSite","@id":"https:\/\/exceladvisor.org\/de\/#website","url":"https:\/\/exceladvisor.org\/de\/","name":"Excel Advisor","description":"Ihr Leitfaden zur Datendominanz","publisher":{"@id":"https:\/\/exceladvisor.org\/de\/#organization"},"potentialAction":[{"@type":"SearchAction","target":{"@type":"EntryPoint","urlTemplate":"https:\/\/exceladvisor.org\/de\/?s={search_term_string}"},"query-input":{"@type":"PropertyValueSpecification","valueRequired":true,"valueName":"search_term_string"}}],"inLanguage":"de"},{"@type":"Organization","@id":"https:\/\/exceladvisor.org\/de\/#organization","name":"Excel Advisor","url":"https:\/\/exceladvisor.org\/de\/","logo":{"@type":"ImageObject","inLanguage":"de","@id":"https:\/\/exceladvisor.org\/de\/#\/schema\/logo\/image\/","url":"https:\/\/exceladvisor.org\/de\/wp-content\/uploads\/2023\/11\/exceladvisor.org_.png","contentUrl":"https:\/\/exceladvisor.org\/de\/wp-content\/uploads\/2023\/11\/exceladvisor.org_.png","width":105,"height":36,"caption":"Excel Advisor"},"image":{"@id":"https:\/\/exceladvisor.org\/de\/#\/schema\/logo\/image\/"}}]}},"yoast_meta":{"yoast_wpseo_title":"","yoast_wpseo_metadesc":"","yoast_wpseo_canonical":""},"_links":{"self":[{"href":"https:\/\/exceladvisor.org\/de\/wp-json\/wp\/v2\/pages\/3034","targetHints":{"allow":["GET"]}}],"collection":[{"href":"https:\/\/exceladvisor.org\/de\/wp-json\/wp\/v2\/pages"}],"about":[{"href":"https:\/\/exceladvisor.org\/de\/wp-json\/wp\/v2\/types\/page"}],"author":[{"embeddable":true,"href":"https:\/\/exceladvisor.org\/de\/wp-json\/wp\/v2\/users\/1"}],"replies":[{"embeddable":true,"href":"https:\/\/exceladvisor.org\/de\/wp-json\/wp\/v2\/comments?post=3034"}],"version-history":[{"count":1,"href":"https:\/\/exceladvisor.org\/de\/wp-json\/wp\/v2\/pages\/3034\/revisions"}],"predecessor-version":[{"id":4208,"href":"https:\/\/exceladvisor.org\/de\/wp-json\/wp\/v2\/pages\/3034\/revisions\/4208"}],"wp:attachment":[{"href":"https:\/\/exceladvisor.org\/de\/wp-json\/wp\/v2\/media?parent=3034"}],"curies":[{"name":"wp","href":"https:\/\/api.w.org\/{rel}","templated":true}]}}