{"id":3035,"date":"2023-11-17T11:16:22","date_gmt":"2023-11-17T11:16:22","guid":{"rendered":"https:\/\/exceladvisor.org\/de\/schliessen-sie-die-arbeitsmappe\/"},"modified":"2023-12-03T13:04:51","modified_gmt":"2023-12-03T13:04:51","slug":"schliessen-sie-die-arbeitsmappe","status":"publish","type":"page","link":"https:\/\/exceladvisor.org\/de\/schliessen-sie-die-arbeitsmappe\/","title":{"rendered":"Wie schlie\u00dfe ich eine excel-arbeitsmappe mit vba?"},"content":{"rendered":"<div class=\"excel-vor-dem-inhalt\" id=\"excel-1556633806\"><script type=\"text\/javascript\">\r\n\tatOptions = {\r\n\t\t'key' : 'c1158f160081d6540a8409e6925dab94',\r\n\t\t'format' : 'iframe',\r\n\t\t'height' : 250,\r\n\t\t'width' : 300,\r\n\t\t'params' : {}\r\n\t};\r\n<\/script>\r\n<script type=\"text\/javascript\" src=\"\/\/www.highperformanceformat.com\/c1158f160081d6540a8409e6925dab94\/invoke.js\"><\/script><\/div> <p>Um eine Excel-Datei zu schlie\u00dfen, m\u00fcssen Sie die Methode \u201eSchlie\u00dfen\u201c verwenden. Bei dieser Methode k\u00f6nnen Sie festlegen, ob Sie die \u00c4nderungen speichern m\u00f6chten oder nicht. Und wenn Sie eine noch nicht gespeicherte Datei speichern und schlie\u00dfen m\u00f6chten, k\u00f6nnen Sie vor dem Schlie\u00dfen den Pfad angeben, in dem Sie die Datei speichern m\u00f6chten.<\/p><p> Hier ist die Syntax der close-Methode. <\/p><pre class=\"wp-block-code\"> <code class=\"language-visual-basic\" lang=\"visual-basic\">Workbook.Close (SaveChanges, FileName, RouteWorkbook)<\/code><\/pre><div class=\"wp-block-image\"><figure class=\"aligncenter size-large is-resized\"><img loading=\"lazy\" decoding=\"async\" class=\"wp-image-53194\" src=\"https:\/\/exceladvisor.org\/wp-content\/uploads\/2023\/08\/1-fermer-un-classeur-en-utilisant-vba.png\" sizes=\"auto, \" srcset=\"\" alt=\"Schlie\u00dfen Sie eine Arbeitsmappe mit VBA\" width=\"599\" height=\"179\"><\/figure><\/div><h2 class=\"wp-block-heading\"> <strong>Schritte zum Schlie\u00dfen einer Arbeitsmappe<\/strong><\/h2><ol type=\"1\"><li> Geben Sie die Arbeitsmappe an, die Sie schlie\u00dfen m\u00f6chten.<\/li><li> Verwenden Sie f\u00fcr diese Arbeitsmappe die Close-Methode.<\/li><li> Geben Sie in der Codemethode an, ob Sie die Datei speichern m\u00f6chten oder nicht.<\/li><li> Geben Sie am Ende vor dem Schlie\u00dfen den Pfad an, in dem Sie die Datei speichern m\u00f6chten.<\/li><\/ol><p> In diesem Tutorial werden wir uns verschiedene M\u00f6glichkeiten zum Schlie\u00dfen einer Arbeitsmappe in Excel mit VBA ansehen.<\/p><p class=\"content-box-grey\"> <em>N\u00fctzliche Links: <a href=\"https:\/\/exceladvisor.org\/de\/ein-makro-ausfuhren-2\/\">Ausf\u00fchren eines Makros<\/a> \u2013 <a href=\"https:\/\/exceladvisor.org\/de\/ein-makro-aufzeichnen\/\">Makrorecorder<\/a> \u2013 <a href=\"https:\/\/exceladvisor.org\/de\/einfacher-visueller-editor\/\">Visual Basic Editor<\/a> \u2013 <a href=\"https:\/\/exceladvisor.org\/de\/personliches-makro-notizbuch\/\">Handbuch zu pers\u00f6nlichen Makros<\/a><\/em><\/p><h2 class=\"wp-block-heading\"> <strong>Schlie\u00dfen Sie eine Arbeitsmappe, ohne sie zu speichern<\/strong><\/h2><p> Wenn Sie die aktive Arbeitsmappe ohne Speichern speichern m\u00f6chten, m\u00fcssen Sie einen Code wie diesen verwenden.<\/p><pre class=\"wp-block-code\"> <code class=\"language-visual-basic\" lang=\"visual-basic\">ActiveWorkbook.Close SaveChanges:=False<\/code><\/pre><p> In diesem Code habe ich \u201eFalse\u201c f\u00fcr das Argument \u201eSaveChanges\u201c angegeben. Daher ignoriert VBA alle \u00c4nderungen in der Arbeitsmappe, die nicht gespeichert werden. Und wenn Sie eine bestimmte Arbeitsmappe schlie\u00dfen m\u00f6chten, k\u00f6nnen Sie den Namen dieser Arbeitsmappe verwenden. Genau wie der folgende Code.<\/p><pre class=\"wp-block-code\"> <code class=\"language-visual-basic\" lang=\"visual-basic\">Workbooks(\"book1\").Close SaveChanges:=False<\/code><\/pre><p> Wenn die Arbeitsmappe Daten enth\u00e4lt und Sie das Argument \u201e\u00c4nderungen speichern\u201c ignorieren, zeigt Excel ein Dialogfeld an, in dem Sie best\u00e4tigen k\u00f6nnen, ob Sie die Arbeitsmappe speichern m\u00f6chten oder nicht. Der Punkt ist folgender: Es ist besser, das Argument \u201eSaveChanges\u201c anzugeben, auch wenn es optional ist.<\/p><h2 class=\"wp-block-heading\"> <strong>Schlie\u00dfen Sie eine Arbeitsmappe, nachdem Sie sie gespeichert haben<\/strong><\/h2><p> Wie Sie gesehen haben, gibt es in der CLOSE-Methode ein Argument zur Angabe der Pfadposition. Nehmen wir an, Sie m\u00f6chten \u201eBook6\u201c im Ordner auf dem Desktop speichern. Hier ist der Code, den Sie verwenden m\u00fcssen.<\/p><pre class=\"wp-block-code\"> <code class=\"language-visual-basic\" lang=\"visual-basic\">Workbooks(\"Book6\").Close _ SaveChanges:=True, _ Filename:=\"C:UsersDellDesktopmyFoldermyFile.xlsx\"<\/code><\/pre><p> Dieser Code speichert die Arbeitsmappe \u201eBook6\u201c in dem Ordner auf meinem Desktop unter dem Namen \u201emyFILE.xlsx\u201c. <strong>Aber eines m\u00fcssen Sie beachten:<\/strong> Wenn Sie bereits eine Arbeitsmappe mit demselben Namen haben, wird diese Datei durch die neue ersetzt.<\/p><p> Machen Sie sich keine Sorgen, es gibt eine L\u00f6sung, die Sie nutzen k\u00f6nnen. Der folgende Code pr\u00fcft, ob eine Datei mit dem Namen vorhanden ist, den Sie verwenden m\u00f6chten<\/p><pre class=\"wp-block-code\"> <code class=\"language-visual-basic\" lang=\"visual-basic\">Sub vba_close_workbook() Dim wbCheck As String wbCheck = Dir(\"C:UsersDellDesktopmyFoldermyFile.xlsx\") If wbCheck = \"\" Then Workbooks(\"Book6\").Close _ SaveChanges:=True, _ Filename:=\"C:UsersDellDesktopmyFoldermyFile.xlsx\" Else MsgBox \"Error! Name already used.\" End If End Sub<\/code><\/pre><div class=\"gb-container gb-container-4db6181c gb-container-mt\"> <a class=\"gb-button gb-button-c5897111 gb-button-text gb-button-mt-button\" href=\"https:\/\/exceladvisor.org\/de\/vba\/\">Was ist VBA<\/a><h2 class=\"gb-headline gb-headline-665e5f6b gb-headline-text gb-headline-mt-heading\"> Verwandte Tutorials <\/h2><div class=\"gb-grid-wrapper gb-grid-wrapper-a20baf7c gb-grid-wrapper-mt-grid\"><div class=\"gb-grid-column gb-grid-column-65ddf67e\"><div class=\"gb-container gb-container-65ddf67e\"><ul><li> <a href=\"https:\/\/exceladvisor.org\/de\/excel-datei-kopieren\/\">Kopieren Sie eine Excel-Datei (Arbeitsmappe) mit VBA<\/a><\/li><li> <a href=\"https:\/\/exceladvisor.org\/de\/arbeitsmappe-aktivieren\/\">VBA-Arbeitsmappe aktivieren (Excel-Datei)<\/a><\/li><li> <a href=\"https:\/\/exceladvisor.org\/de\/arbeitsmappen-kombinieren\/\">VBA Arbeitsmappen kombinieren (Excel-Dateien)<\/a><\/li><li> <a href=\"https:\/\/exceladvisor.org\/de\/eine-arbeitsmappe-erstellen\/\">VBA Erstellen Sie eine neue Arbeitsmappe (Excel-Datei)<\/a><\/li><li> <a href=\"https:\/\/exceladvisor.org\/de\/datei-loschen\/\">VBA Arbeitsmappe l\u00f6schen (Excel-Datei)<\/a><\/li><\/ul><\/div><\/div><\/div><\/div>","protected":false},"excerpt":{"rendered":"","protected":false},"author":1,"featured_media":0,"parent":0,"menu_order":0,"comment_status":"open","ping_status":"closed","template":"","meta":{"ub_ctt_via":"","footnotes":""},"class_list":["post-3035","page","type-page","status-publish","hentry"],"featured_image_src":null,"yoast_head":"<!-- This site is optimized with the Yoast SEO plugin v25.4 - https:\/\/yoast.com\/wordpress\/plugins\/seo\/ -->\n<title>Wie schlie\u00dfe ich eine Excel-Arbeitsmappe mit VBA?<\/title>\n<meta name=\"description\" content=\"In diesem Tutorial wird erl\u00e4utert, wie Sie eine Arbeitsmappe mithilfe von VBA-Code schlie\u00dfen (ohne die Datei zu speichern oder sie vor dem Schlie\u00dfen zu speichern).\" \/>\n<meta name=\"robots\" content=\"index, follow, max-snippet:-1, max-image-preview:large, max-video-preview:-1\" \/>\n<link rel=\"canonical\" href=\"https:\/\/exceladvisor.org\/de\/schliessen-sie-die-arbeitsmappe\/\" \/>\n<meta property=\"og:locale\" content=\"de_DE\" \/>\n<meta property=\"og:type\" content=\"article\" \/>\n<meta property=\"og:title\" content=\"Wie schlie\u00dfe ich eine Excel-Arbeitsmappe mit VBA?\" \/>\n<meta property=\"og:description\" content=\"In diesem Tutorial wird erl\u00e4utert, wie Sie eine Arbeitsmappe mithilfe von VBA-Code schlie\u00dfen (ohne die Datei zu speichern oder sie vor dem Schlie\u00dfen zu speichern).\" \/>\n<meta property=\"og:url\" content=\"https:\/\/exceladvisor.org\/de\/schliessen-sie-die-arbeitsmappe\/\" \/>\n<meta property=\"og:site_name\" content=\"Excel Advisor\" \/>\n<meta property=\"article:modified_time\" content=\"2023-12-03T13:04:51+00:00\" \/>\n<meta property=\"og:image\" content=\"https:\/\/exceladvisor.org\/wp-content\/uploads\/2023\/08\/1-fermer-un-classeur-en-utilisant-vba.png\" \/>\n<meta name=\"twitter:card\" content=\"summary_large_image\" \/>\n<meta name=\"twitter:label1\" content=\"Gesch\u00e4tzte Lesezeit\" \/>\n\t<meta name=\"twitter:data1\" content=\"2\u00a0Minuten\" \/>\n<script type=\"application\/ld+json\" class=\"yoast-schema-graph\">{\"@context\":\"https:\/\/schema.org\",\"@graph\":[{\"@type\":\"WebPage\",\"@id\":\"https:\/\/exceladvisor.org\/de\/schliessen-sie-die-arbeitsmappe\/\",\"url\":\"https:\/\/exceladvisor.org\/de\/schliessen-sie-die-arbeitsmappe\/\",\"name\":\"Wie schlie\u00dfe ich eine Excel-Arbeitsmappe mit VBA?\",\"isPartOf\":{\"@id\":\"https:\/\/exceladvisor.org\/de\/#website\"},\"primaryImageOfPage\":{\"@id\":\"https:\/\/exceladvisor.org\/de\/schliessen-sie-die-arbeitsmappe\/#primaryimage\"},\"image\":{\"@id\":\"https:\/\/exceladvisor.org\/de\/schliessen-sie-die-arbeitsmappe\/#primaryimage\"},\"thumbnailUrl\":\"https:\/\/exceladvisor.org\/wp-content\/uploads\/2023\/08\/1-fermer-un-classeur-en-utilisant-vba.png\",\"datePublished\":\"2023-11-17T11:16:22+00:00\",\"dateModified\":\"2023-12-03T13:04:51+00:00\",\"description\":\"In diesem Tutorial wird erl\u00e4utert, wie Sie eine Arbeitsmappe mithilfe von VBA-Code schlie\u00dfen (ohne die Datei zu speichern oder sie vor dem Schlie\u00dfen zu speichern).\",\"breadcrumb\":{\"@id\":\"https:\/\/exceladvisor.org\/de\/schliessen-sie-die-arbeitsmappe\/#breadcrumb\"},\"inLanguage\":\"de\",\"potentialAction\":[{\"@type\":\"ReadAction\",\"target\":[\"https:\/\/exceladvisor.org\/de\/schliessen-sie-die-arbeitsmappe\/\"]}]},{\"@type\":\"ImageObject\",\"inLanguage\":\"de\",\"@id\":\"https:\/\/exceladvisor.org\/de\/schliessen-sie-die-arbeitsmappe\/#primaryimage\",\"url\":\"https:\/\/exceladvisor.org\/wp-content\/uploads\/2023\/08\/1-fermer-un-classeur-en-utilisant-vba.png\",\"contentUrl\":\"https:\/\/exceladvisor.org\/wp-content\/uploads\/2023\/08\/1-fermer-un-classeur-en-utilisant-vba.png\"},{\"@type\":\"BreadcrumbList\",\"@id\":\"https:\/\/exceladvisor.org\/de\/schliessen-sie-die-arbeitsmappe\/#breadcrumb\",\"itemListElement\":[{\"@type\":\"ListItem\",\"position\":1,\"name\":\"Accueil\",\"item\":\"https:\/\/exceladvisor.org\/de\/\"},{\"@type\":\"ListItem\",\"position\":2,\"name\":\"Wie schlie\u00dfe ich eine excel-arbeitsmappe mit vba?\"}]},{\"@type\":\"WebSite\",\"@id\":\"https:\/\/exceladvisor.org\/de\/#website\",\"url\":\"https:\/\/exceladvisor.org\/de\/\",\"name\":\"Excel Advisor\",\"description\":\"Ihr Leitfaden zur Datendominanz\",\"publisher\":{\"@id\":\"https:\/\/exceladvisor.org\/de\/#organization\"},\"potentialAction\":[{\"@type\":\"SearchAction\",\"target\":{\"@type\":\"EntryPoint\",\"urlTemplate\":\"https:\/\/exceladvisor.org\/de\/?s={search_term_string}\"},\"query-input\":{\"@type\":\"PropertyValueSpecification\",\"valueRequired\":true,\"valueName\":\"search_term_string\"}}],\"inLanguage\":\"de\"},{\"@type\":\"Organization\",\"@id\":\"https:\/\/exceladvisor.org\/de\/#organization\",\"name\":\"Excel Advisor\",\"url\":\"https:\/\/exceladvisor.org\/de\/\",\"logo\":{\"@type\":\"ImageObject\",\"inLanguage\":\"de\",\"@id\":\"https:\/\/exceladvisor.org\/de\/#\/schema\/logo\/image\/\",\"url\":\"https:\/\/exceladvisor.org\/de\/wp-content\/uploads\/2023\/11\/exceladvisor.org_.png\",\"contentUrl\":\"https:\/\/exceladvisor.org\/de\/wp-content\/uploads\/2023\/11\/exceladvisor.org_.png\",\"width\":105,\"height\":36,\"caption\":\"Excel Advisor\"},\"image\":{\"@id\":\"https:\/\/exceladvisor.org\/de\/#\/schema\/logo\/image\/\"}}]}<\/script>\n<!-- \/ Yoast SEO plugin. -->","yoast_head_json":{"title":"Wie schlie\u00dfe ich eine Excel-Arbeitsmappe mit VBA?","description":"In diesem Tutorial wird erl\u00e4utert, wie Sie eine Arbeitsmappe mithilfe von VBA-Code schlie\u00dfen (ohne die Datei zu speichern oder sie vor dem Schlie\u00dfen zu speichern).","robots":{"index":"index","follow":"follow","max-snippet":"max-snippet:-1","max-image-preview":"max-image-preview:large","max-video-preview":"max-video-preview:-1"},"canonical":"https:\/\/exceladvisor.org\/de\/schliessen-sie-die-arbeitsmappe\/","og_locale":"de_DE","og_type":"article","og_title":"Wie schlie\u00dfe ich eine Excel-Arbeitsmappe mit VBA?","og_description":"In diesem Tutorial wird erl\u00e4utert, wie Sie eine Arbeitsmappe mithilfe von VBA-Code schlie\u00dfen (ohne die Datei zu speichern oder sie vor dem Schlie\u00dfen zu speichern).","og_url":"https:\/\/exceladvisor.org\/de\/schliessen-sie-die-arbeitsmappe\/","og_site_name":"Excel Advisor","article_modified_time":"2023-12-03T13:04:51+00:00","og_image":[{"url":"https:\/\/exceladvisor.org\/wp-content\/uploads\/2023\/08\/1-fermer-un-classeur-en-utilisant-vba.png","type":"","width":"","height":""}],"twitter_card":"summary_large_image","twitter_misc":{"Gesch\u00e4tzte Lesezeit":"2\u00a0Minuten"},"schema":{"@context":"https:\/\/schema.org","@graph":[{"@type":"WebPage","@id":"https:\/\/exceladvisor.org\/de\/schliessen-sie-die-arbeitsmappe\/","url":"https:\/\/exceladvisor.org\/de\/schliessen-sie-die-arbeitsmappe\/","name":"Wie schlie\u00dfe ich eine Excel-Arbeitsmappe mit VBA?","isPartOf":{"@id":"https:\/\/exceladvisor.org\/de\/#website"},"primaryImageOfPage":{"@id":"https:\/\/exceladvisor.org\/de\/schliessen-sie-die-arbeitsmappe\/#primaryimage"},"image":{"@id":"https:\/\/exceladvisor.org\/de\/schliessen-sie-die-arbeitsmappe\/#primaryimage"},"thumbnailUrl":"https:\/\/exceladvisor.org\/wp-content\/uploads\/2023\/08\/1-fermer-un-classeur-en-utilisant-vba.png","datePublished":"2023-11-17T11:16:22+00:00","dateModified":"2023-12-03T13:04:51+00:00","description":"In diesem Tutorial wird erl\u00e4utert, wie Sie eine Arbeitsmappe mithilfe von VBA-Code schlie\u00dfen (ohne die Datei zu speichern oder sie vor dem Schlie\u00dfen zu speichern).","breadcrumb":{"@id":"https:\/\/exceladvisor.org\/de\/schliessen-sie-die-arbeitsmappe\/#breadcrumb"},"inLanguage":"de","potentialAction":[{"@type":"ReadAction","target":["https:\/\/exceladvisor.org\/de\/schliessen-sie-die-arbeitsmappe\/"]}]},{"@type":"ImageObject","inLanguage":"de","@id":"https:\/\/exceladvisor.org\/de\/schliessen-sie-die-arbeitsmappe\/#primaryimage","url":"https:\/\/exceladvisor.org\/wp-content\/uploads\/2023\/08\/1-fermer-un-classeur-en-utilisant-vba.png","contentUrl":"https:\/\/exceladvisor.org\/wp-content\/uploads\/2023\/08\/1-fermer-un-classeur-en-utilisant-vba.png"},{"@type":"BreadcrumbList","@id":"https:\/\/exceladvisor.org\/de\/schliessen-sie-die-arbeitsmappe\/#breadcrumb","itemListElement":[{"@type":"ListItem","position":1,"name":"Accueil","item":"https:\/\/exceladvisor.org\/de\/"},{"@type":"ListItem","position":2,"name":"Wie schlie\u00dfe ich eine excel-arbeitsmappe mit vba?"}]},{"@type":"WebSite","@id":"https:\/\/exceladvisor.org\/de\/#website","url":"https:\/\/exceladvisor.org\/de\/","name":"Excel Advisor","description":"Ihr Leitfaden zur Datendominanz","publisher":{"@id":"https:\/\/exceladvisor.org\/de\/#organization"},"potentialAction":[{"@type":"SearchAction","target":{"@type":"EntryPoint","urlTemplate":"https:\/\/exceladvisor.org\/de\/?s={search_term_string}"},"query-input":{"@type":"PropertyValueSpecification","valueRequired":true,"valueName":"search_term_string"}}],"inLanguage":"de"},{"@type":"Organization","@id":"https:\/\/exceladvisor.org\/de\/#organization","name":"Excel Advisor","url":"https:\/\/exceladvisor.org\/de\/","logo":{"@type":"ImageObject","inLanguage":"de","@id":"https:\/\/exceladvisor.org\/de\/#\/schema\/logo\/image\/","url":"https:\/\/exceladvisor.org\/de\/wp-content\/uploads\/2023\/11\/exceladvisor.org_.png","contentUrl":"https:\/\/exceladvisor.org\/de\/wp-content\/uploads\/2023\/11\/exceladvisor.org_.png","width":105,"height":36,"caption":"Excel Advisor"},"image":{"@id":"https:\/\/exceladvisor.org\/de\/#\/schema\/logo\/image\/"}}]}},"yoast_meta":{"yoast_wpseo_title":"","yoast_wpseo_metadesc":"","yoast_wpseo_canonical":""},"_links":{"self":[{"href":"https:\/\/exceladvisor.org\/de\/wp-json\/wp\/v2\/pages\/3035","targetHints":{"allow":["GET"]}}],"collection":[{"href":"https:\/\/exceladvisor.org\/de\/wp-json\/wp\/v2\/pages"}],"about":[{"href":"https:\/\/exceladvisor.org\/de\/wp-json\/wp\/v2\/types\/page"}],"author":[{"embeddable":true,"href":"https:\/\/exceladvisor.org\/de\/wp-json\/wp\/v2\/users\/1"}],"replies":[{"embeddable":true,"href":"https:\/\/exceladvisor.org\/de\/wp-json\/wp\/v2\/comments?post=3035"}],"version-history":[{"count":1,"href":"https:\/\/exceladvisor.org\/de\/wp-json\/wp\/v2\/pages\/3035\/revisions"}],"predecessor-version":[{"id":4181,"href":"https:\/\/exceladvisor.org\/de\/wp-json\/wp\/v2\/pages\/3035\/revisions\/4181"}],"wp:attachment":[{"href":"https:\/\/exceladvisor.org\/de\/wp-json\/wp\/v2\/media?parent=3035"}],"curies":[{"name":"wp","href":"https:\/\/api.w.org\/{rel}","templated":true}]}}