{"id":3037,"date":"2023-11-17T10:49:24","date_gmt":"2023-11-17T10:49:24","guid":{"rendered":"https:\/\/exceladvisor.org\/de\/arbeitsmappen-kombinieren\/"},"modified":"2023-12-03T13:03:40","modified_gmt":"2023-12-03T13:03:40","slug":"arbeitsmappen-kombinieren","status":"publish","type":"page","link":"https:\/\/exceladvisor.org\/de\/arbeitsmappen-kombinieren\/","title":{"rendered":"Wie kombiniere ich mehrere excel-arbeitsmappen mit vba?"},"content":{"rendered":"<div class=\"excel-vor-dem-inhalt\" id=\"excel-3208655624\"><script type=\"text\/javascript\">\r\n\tatOptions = {\r\n\t\t'key' : 'c1158f160081d6540a8409e6925dab94',\r\n\t\t'format' : 'iframe',\r\n\t\t'height' : 250,\r\n\t\t'width' : 300,\r\n\t\t'params' : {}\r\n\t};\r\n<\/script>\r\n<script type=\"text\/javascript\" src=\"\/\/www.highperformanceformat.com\/c1158f160081d6540a8409e6925dab94\/invoke.js\"><\/script><\/div> <p>Um mehrere Excel-Arbeitsmappen zu kombinieren, m\u00fcssen Sie Code verwenden, mit dem Sie ausw\u00e4hlen k\u00f6nnen, welche Dateien Sie kombinieren m\u00f6chten, oder Sie k\u00f6nnen auf einen bestimmten Pfad verweisen und alle Excel-Dateien in der aktuellen Arbeitsmappe kombinieren.<\/p><h2 class=\"wp-block-heading\"> VBA kombiniert mehrere Arbeitsmappen<\/h2><p> Sie k\u00f6nnen den folgenden Code verwenden, der den Speicherort verwendet, den ich in der Pfadvariablen angegeben habe (einen Ordner auf meinem Systemdesktop).<\/p><pre class=\"wp-block-code\"> <code class=\"language-visual-basic\" lang=\"visual-basic\">Dim Path As String Dim Filename As String Dim Sheet As Worksheet Path = \"C:UsersDellDesktopsample-data\" Filename = Dir(Path &amp; \"*.xlsx\") Do While Filename &lt;&gt; \"\" Workbooks.Open Filename:=Path &amp; Filename, ReadOnly:=True For Each Sheet In ActiveWorkbook.Sheets Sheet.Copy After:=ThisWorkbook.Sheets(1) Next Sheet Workbooks(Filename).Close Filename = Dir() Loop<\/code><\/pre><h2 class=\"wp-block-heading\"> Schritte zum Kombinieren von Excel-Dateien mit VBA<\/h2><ol><li> \u00d6ffnen Sie den Visual Basic-Editor (stellen Sie sicher, dass Sie die Registerkarte \u201eEntwickler\u201c aktivieren, wenn Sie sie bereits in der Multifunktionsleiste haben). <br><img loading=\"lazy\" decoding=\"async\" title=\"1-Open-Visual-Basic-Editor\" src=\"https:\/\/exceladvisor.org\/wp-content\/uploads\/2023\/08\/1-ouvrir-lediteur-de-base-visuel.png\" sizes=\"auto, \" srcset=\"\" alt=\"open the visual basic editor\" width=\"591\" height=\"138\"><\/li><li> Suchen Sie anschlie\u00dfend die aktuelle Arbeitsmappe im Projektfenster (Strg + R) und f\u00fcgen Sie ein neues Modul ein. <br><img loading=\"lazy\" decoding=\"async\" title=\"2-Suchen Sie die aktuelle Arbeitsmappe\" src=\"https:\/\/exceladvisor.org\/wp-content\/uploads\/2023\/08\/2-localiser-le-classeur-en-cours.png\" sizes=\"auto, \" srcset=\"\" alt=\"locate the current workbook\" width=\"454\" height=\"379\"><\/li><li> Im Modul wird ein Codefenster angezeigt (doppelklicken Sie darauf), in das Sie den vorhandenen Code (so wie er ist) einf\u00fcgen m\u00fcssen. <br><img loading=\"lazy\" decoding=\"async\" title=\"3-Code-Fenster im Modul\" src=\"https:\/\/exceladvisor.org\/wp-content\/uploads\/2023\/08\/3-fenetre-de-code-dans-le-module.png\" sizes=\"auto, \" srcset=\"\" alt=\"code window in the module\" width=\"634\" height=\"227\"><\/li><li> Von hier aus m\u00fcssen Sie den Wert der Pfadvariablen mit dem Ordnerspeicherort \u00e4ndern, in dem sich alle Excel-Dateien befinden, die Sie kombinieren m\u00f6chten. <br><img loading=\"lazy\" decoding=\"async\" title=\"4-\u00c4nderungswert-der-Pfad-Variable\" src=\"https:\/\/exceladvisor.org\/wp-content\/uploads\/2023\/08\/4-modifier-la-valeur-de-la-variable-de-chemin.png\" sizes=\"auto, \" srcset=\"\" alt=\"change the value for the path variable\" width=\"479\" height=\"369\"><\/li><li> F\u00fchren Sie am Ende den Code aus und Sie erhalten alle Arbeitsbl\u00e4tter in der Arbeitsmappe in der aktuellen Datei.<\/li><\/ol><p class=\"content-box-grey\"> <em>N\u00fctzliche Links: <a href=\"https:\/\/exceladvisor.org\/de\/ein-makro-ausfuhren-2\/\">Ausf\u00fchren eines Makros<\/a> \u2013 <a href=\"https:\/\/exceladvisor.org\/de\/ein-makro-aufzeichnen\/\">Makrorecorder<\/a> \u2013 <a href=\"https:\/\/exceladvisor.org\/de\/einfacher-visueller-editor\/\">Visual Basic Editor<\/a> \u2013 <a href=\"https:\/\/exceladvisor.org\/de\/personliches-makro-notizbuch\/\">Handbuch zu pers\u00f6nlichen Makros<\/a><\/em><\/p><p> Dieser Code \u00f6ffnet jede Datei einzeln, kopiert jedes Arbeitsblatt einzeln und f\u00fcgt es in die aktuelle Datei mit demselben Namen ein. Hier ist derselbe Code, aber der Bildschirm wird zu Beginn auf \u201efalse\u201c aktualisiert, um alles im Backend auszuf\u00fchren.<\/p><pre class=\"wp-block-code\"> <code class=\"language-visual-basic\" lang=\"visual-basic\">Dim Path As String Dim Filename As String Dim Sheet As Worksheet Application.ScreenUpdating = False Path = \"C:UsersDellDesktopsample-data\" Filename = Dir(Path &amp; \"*.xlsx\") Do While Filename &lt;&gt; \"\" Workbooks.Open Filename:=Path &amp; Filename, ReadOnly:=True For Each Sheet In ActiveWorkbook.Sheets Sheet.Copy After:=ThisWorkbook.Sheets(1) Next Sheet Workbooks(Filename).Close Filename = Dir() Loop Application.ScreenUpdating = True End Sub<\/code><\/pre><p class=\"qt-tip\"> <strong>Hinweis:<\/strong> Wenn Sie erfahren m\u00f6chten, wie Sie Daten aus mehreren Arbeitsmappen in einer einzigen Tabelle kombinieren, lesen Sie unbedingt diese Anleitung.<\/p><div class=\"gb-container gb-container-4db6181c gb-container-mt\"> <a class=\"gb-button gb-button-c5897111 gb-button-text gb-button-mt-button\" href=\"https:\/\/exceladvisor.org\/de\/vba\/\">Was ist VBA<\/a><h2 class=\"gb-headline gb-headline-665e5f6b gb-headline-text gb-headline-mt-heading\"> Verwandte Tutorials <\/h2><div class=\"gb-grid-wrapper gb-grid-wrapper-a20baf7c gb-grid-wrapper-mt-grid\"><div class=\"gb-grid-column gb-grid-column-65ddf67e\"><div class=\"gb-container gb-container-65ddf67e\"><ul><li> <a href=\"https:\/\/exceladvisor.org\/de\/excel-datei-kopieren\/\">Kopieren Sie eine Excel-Datei (Arbeitsmappe) mit VBA<\/a><\/li><li> <a href=\"https:\/\/exceladvisor.org\/de\/arbeitsmappe-aktivieren\/\">VBA-Arbeitsmappe aktivieren (Excel-Datei)<\/a><\/li><li> <a href=\"https:\/\/exceladvisor.org\/de\/schliessen-sie-die-arbeitsmappe\/\">VBA-Arbeitsmappe schlie\u00dfen (Excel-Datei)<\/a><\/li><li> <a href=\"https:\/\/exceladvisor.org\/de\/eine-arbeitsmappe-erstellen\/\">VBA Erstellen Sie eine neue Arbeitsmappe (Excel-Datei)<\/a><\/li><li> <a href=\"https:\/\/exceladvisor.org\/de\/datei-loschen\/\">VBA Arbeitsmappe l\u00f6schen (Excel-Datei)<\/a><\/li><\/ul><\/div><\/div><\/div><\/div>","protected":false},"excerpt":{"rendered":"","protected":false},"author":1,"featured_media":0,"parent":0,"menu_order":0,"comment_status":"open","ping_status":"closed","template":"","meta":{"ub_ctt_via":"","footnotes":""},"class_list":["post-3037","page","type-page","status-publish","hentry"],"featured_image_src":null,"yoast_head":"<!-- This site is optimized with the Yoast SEO plugin v25.4 - https:\/\/yoast.com\/wordpress\/plugins\/seo\/ -->\n<title>\u25b7 Wie kombiniere ich mehrere Excel-Arbeitsmappen \u00fcber VBA?<\/title>\n<meta name=\"description\" content=\"In diesem Tutorial wird erkl\u00e4rt, wie Sie mit VBA mehrere Excel-Dateien zu einer zusammenfassen.\" \/>\n<meta name=\"robots\" content=\"index, follow, max-snippet:-1, max-image-preview:large, max-video-preview:-1\" \/>\n<link rel=\"canonical\" href=\"https:\/\/exceladvisor.org\/de\/arbeitsmappen-kombinieren\/\" \/>\n<meta property=\"og:locale\" content=\"de_DE\" \/>\n<meta property=\"og:type\" content=\"article\" \/>\n<meta property=\"og:title\" content=\"\u25b7 Wie kombiniere ich mehrere Excel-Arbeitsmappen \u00fcber VBA?\" \/>\n<meta property=\"og:description\" content=\"In diesem Tutorial wird erkl\u00e4rt, wie Sie mit VBA mehrere Excel-Dateien zu einer zusammenfassen.\" \/>\n<meta property=\"og:url\" content=\"https:\/\/exceladvisor.org\/de\/arbeitsmappen-kombinieren\/\" \/>\n<meta property=\"og:site_name\" content=\"Excel Advisor\" \/>\n<meta property=\"article:modified_time\" content=\"2023-12-03T13:03:40+00:00\" \/>\n<meta property=\"og:image\" content=\"https:\/\/exceladvisor.org\/wp-content\/uploads\/2023\/08\/1-ouvrir-lediteur-de-base-visuel.png\" \/>\n<meta name=\"twitter:card\" content=\"summary_large_image\" \/>\n<meta name=\"twitter:label1\" content=\"Gesch\u00e4tzte Lesezeit\" \/>\n\t<meta name=\"twitter:data1\" content=\"2\u00a0Minuten\" \/>\n<script type=\"application\/ld+json\" class=\"yoast-schema-graph\">{\"@context\":\"https:\/\/schema.org\",\"@graph\":[{\"@type\":\"WebPage\",\"@id\":\"https:\/\/exceladvisor.org\/de\/arbeitsmappen-kombinieren\/\",\"url\":\"https:\/\/exceladvisor.org\/de\/arbeitsmappen-kombinieren\/\",\"name\":\"\u25b7 Wie kombiniere ich mehrere Excel-Arbeitsmappen \u00fcber VBA?\",\"isPartOf\":{\"@id\":\"https:\/\/exceladvisor.org\/de\/#website\"},\"primaryImageOfPage\":{\"@id\":\"https:\/\/exceladvisor.org\/de\/arbeitsmappen-kombinieren\/#primaryimage\"},\"image\":{\"@id\":\"https:\/\/exceladvisor.org\/de\/arbeitsmappen-kombinieren\/#primaryimage\"},\"thumbnailUrl\":\"https:\/\/exceladvisor.org\/wp-content\/uploads\/2023\/08\/1-ouvrir-lediteur-de-base-visuel.png\",\"datePublished\":\"2023-11-17T10:49:24+00:00\",\"dateModified\":\"2023-12-03T13:03:40+00:00\",\"description\":\"In diesem Tutorial wird erkl\u00e4rt, wie Sie mit VBA mehrere Excel-Dateien zu einer zusammenfassen.\",\"breadcrumb\":{\"@id\":\"https:\/\/exceladvisor.org\/de\/arbeitsmappen-kombinieren\/#breadcrumb\"},\"inLanguage\":\"de\",\"potentialAction\":[{\"@type\":\"ReadAction\",\"target\":[\"https:\/\/exceladvisor.org\/de\/arbeitsmappen-kombinieren\/\"]}]},{\"@type\":\"ImageObject\",\"inLanguage\":\"de\",\"@id\":\"https:\/\/exceladvisor.org\/de\/arbeitsmappen-kombinieren\/#primaryimage\",\"url\":\"https:\/\/exceladvisor.org\/wp-content\/uploads\/2023\/08\/1-ouvrir-lediteur-de-base-visuel.png\",\"contentUrl\":\"https:\/\/exceladvisor.org\/wp-content\/uploads\/2023\/08\/1-ouvrir-lediteur-de-base-visuel.png\"},{\"@type\":\"BreadcrumbList\",\"@id\":\"https:\/\/exceladvisor.org\/de\/arbeitsmappen-kombinieren\/#breadcrumb\",\"itemListElement\":[{\"@type\":\"ListItem\",\"position\":1,\"name\":\"Accueil\",\"item\":\"https:\/\/exceladvisor.org\/de\/\"},{\"@type\":\"ListItem\",\"position\":2,\"name\":\"Wie kombiniere ich mehrere excel-arbeitsmappen mit vba?\"}]},{\"@type\":\"WebSite\",\"@id\":\"https:\/\/exceladvisor.org\/de\/#website\",\"url\":\"https:\/\/exceladvisor.org\/de\/\",\"name\":\"Excel Advisor\",\"description\":\"Ihr Leitfaden zur Datendominanz\",\"publisher\":{\"@id\":\"https:\/\/exceladvisor.org\/de\/#organization\"},\"potentialAction\":[{\"@type\":\"SearchAction\",\"target\":{\"@type\":\"EntryPoint\",\"urlTemplate\":\"https:\/\/exceladvisor.org\/de\/?s={search_term_string}\"},\"query-input\":{\"@type\":\"PropertyValueSpecification\",\"valueRequired\":true,\"valueName\":\"search_term_string\"}}],\"inLanguage\":\"de\"},{\"@type\":\"Organization\",\"@id\":\"https:\/\/exceladvisor.org\/de\/#organization\",\"name\":\"Excel Advisor\",\"url\":\"https:\/\/exceladvisor.org\/de\/\",\"logo\":{\"@type\":\"ImageObject\",\"inLanguage\":\"de\",\"@id\":\"https:\/\/exceladvisor.org\/de\/#\/schema\/logo\/image\/\",\"url\":\"https:\/\/exceladvisor.org\/de\/wp-content\/uploads\/2023\/11\/exceladvisor.org_.png\",\"contentUrl\":\"https:\/\/exceladvisor.org\/de\/wp-content\/uploads\/2023\/11\/exceladvisor.org_.png\",\"width\":105,\"height\":36,\"caption\":\"Excel Advisor\"},\"image\":{\"@id\":\"https:\/\/exceladvisor.org\/de\/#\/schema\/logo\/image\/\"}}]}<\/script>\n<!-- \/ Yoast SEO plugin. -->","yoast_head_json":{"title":"\u25b7 Wie kombiniere ich mehrere Excel-Arbeitsmappen \u00fcber VBA?","description":"In diesem Tutorial wird erkl\u00e4rt, wie Sie mit VBA mehrere Excel-Dateien zu einer zusammenfassen.","robots":{"index":"index","follow":"follow","max-snippet":"max-snippet:-1","max-image-preview":"max-image-preview:large","max-video-preview":"max-video-preview:-1"},"canonical":"https:\/\/exceladvisor.org\/de\/arbeitsmappen-kombinieren\/","og_locale":"de_DE","og_type":"article","og_title":"\u25b7 Wie kombiniere ich mehrere Excel-Arbeitsmappen \u00fcber VBA?","og_description":"In diesem Tutorial wird erkl\u00e4rt, wie Sie mit VBA mehrere Excel-Dateien zu einer zusammenfassen.","og_url":"https:\/\/exceladvisor.org\/de\/arbeitsmappen-kombinieren\/","og_site_name":"Excel Advisor","article_modified_time":"2023-12-03T13:03:40+00:00","og_image":[{"url":"https:\/\/exceladvisor.org\/wp-content\/uploads\/2023\/08\/1-ouvrir-lediteur-de-base-visuel.png","type":"","width":"","height":""}],"twitter_card":"summary_large_image","twitter_misc":{"Gesch\u00e4tzte Lesezeit":"2\u00a0Minuten"},"schema":{"@context":"https:\/\/schema.org","@graph":[{"@type":"WebPage","@id":"https:\/\/exceladvisor.org\/de\/arbeitsmappen-kombinieren\/","url":"https:\/\/exceladvisor.org\/de\/arbeitsmappen-kombinieren\/","name":"\u25b7 Wie kombiniere ich mehrere Excel-Arbeitsmappen \u00fcber VBA?","isPartOf":{"@id":"https:\/\/exceladvisor.org\/de\/#website"},"primaryImageOfPage":{"@id":"https:\/\/exceladvisor.org\/de\/arbeitsmappen-kombinieren\/#primaryimage"},"image":{"@id":"https:\/\/exceladvisor.org\/de\/arbeitsmappen-kombinieren\/#primaryimage"},"thumbnailUrl":"https:\/\/exceladvisor.org\/wp-content\/uploads\/2023\/08\/1-ouvrir-lediteur-de-base-visuel.png","datePublished":"2023-11-17T10:49:24+00:00","dateModified":"2023-12-03T13:03:40+00:00","description":"In diesem Tutorial wird erkl\u00e4rt, wie Sie mit VBA mehrere Excel-Dateien zu einer zusammenfassen.","breadcrumb":{"@id":"https:\/\/exceladvisor.org\/de\/arbeitsmappen-kombinieren\/#breadcrumb"},"inLanguage":"de","potentialAction":[{"@type":"ReadAction","target":["https:\/\/exceladvisor.org\/de\/arbeitsmappen-kombinieren\/"]}]},{"@type":"ImageObject","inLanguage":"de","@id":"https:\/\/exceladvisor.org\/de\/arbeitsmappen-kombinieren\/#primaryimage","url":"https:\/\/exceladvisor.org\/wp-content\/uploads\/2023\/08\/1-ouvrir-lediteur-de-base-visuel.png","contentUrl":"https:\/\/exceladvisor.org\/wp-content\/uploads\/2023\/08\/1-ouvrir-lediteur-de-base-visuel.png"},{"@type":"BreadcrumbList","@id":"https:\/\/exceladvisor.org\/de\/arbeitsmappen-kombinieren\/#breadcrumb","itemListElement":[{"@type":"ListItem","position":1,"name":"Accueil","item":"https:\/\/exceladvisor.org\/de\/"},{"@type":"ListItem","position":2,"name":"Wie kombiniere ich mehrere excel-arbeitsmappen mit vba?"}]},{"@type":"WebSite","@id":"https:\/\/exceladvisor.org\/de\/#website","url":"https:\/\/exceladvisor.org\/de\/","name":"Excel Advisor","description":"Ihr Leitfaden zur Datendominanz","publisher":{"@id":"https:\/\/exceladvisor.org\/de\/#organization"},"potentialAction":[{"@type":"SearchAction","target":{"@type":"EntryPoint","urlTemplate":"https:\/\/exceladvisor.org\/de\/?s={search_term_string}"},"query-input":{"@type":"PropertyValueSpecification","valueRequired":true,"valueName":"search_term_string"}}],"inLanguage":"de"},{"@type":"Organization","@id":"https:\/\/exceladvisor.org\/de\/#organization","name":"Excel Advisor","url":"https:\/\/exceladvisor.org\/de\/","logo":{"@type":"ImageObject","inLanguage":"de","@id":"https:\/\/exceladvisor.org\/de\/#\/schema\/logo\/image\/","url":"https:\/\/exceladvisor.org\/de\/wp-content\/uploads\/2023\/11\/exceladvisor.org_.png","contentUrl":"https:\/\/exceladvisor.org\/de\/wp-content\/uploads\/2023\/11\/exceladvisor.org_.png","width":105,"height":36,"caption":"Excel Advisor"},"image":{"@id":"https:\/\/exceladvisor.org\/de\/#\/schema\/logo\/image\/"}}]}},"yoast_meta":{"yoast_wpseo_title":"","yoast_wpseo_metadesc":"","yoast_wpseo_canonical":""},"_links":{"self":[{"href":"https:\/\/exceladvisor.org\/de\/wp-json\/wp\/v2\/pages\/3037","targetHints":{"allow":["GET"]}}],"collection":[{"href":"https:\/\/exceladvisor.org\/de\/wp-json\/wp\/v2\/pages"}],"about":[{"href":"https:\/\/exceladvisor.org\/de\/wp-json\/wp\/v2\/types\/page"}],"author":[{"embeddable":true,"href":"https:\/\/exceladvisor.org\/de\/wp-json\/wp\/v2\/users\/1"}],"replies":[{"embeddable":true,"href":"https:\/\/exceladvisor.org\/de\/wp-json\/wp\/v2\/comments?post=3037"}],"version-history":[{"count":1,"href":"https:\/\/exceladvisor.org\/de\/wp-json\/wp\/v2\/pages\/3037\/revisions"}],"predecessor-version":[{"id":4114,"href":"https:\/\/exceladvisor.org\/de\/wp-json\/wp\/v2\/pages\/3037\/revisions\/4114"}],"wp:attachment":[{"href":"https:\/\/exceladvisor.org\/de\/wp-json\/wp\/v2\/media?parent=3037"}],"curies":[{"name":"wp","href":"https:\/\/api.w.org\/{rel}","templated":true}]}}