{"id":3038,"date":"2023-11-17T10:14:05","date_gmt":"2023-11-17T10:14:05","guid":{"rendered":"https:\/\/exceladvisor.org\/de\/aktive-zelle-1\/"},"modified":"2023-12-03T13:05:35","modified_gmt":"2023-12-03T13:05:35","slug":"aktive-zelle-1","status":"publish","type":"page","link":"https:\/\/exceladvisor.org\/de\/aktive-zelle-1\/","title":{"rendered":"Wie verwende ich activecell in vba in excel?"},"content":{"rendered":"<div class=\"excel-vor-dem-inhalt\" id=\"excel-2907114769\"><script type=\"text\/javascript\">\r\n\tatOptions = {\r\n\t\t'key' : 'c1158f160081d6540a8409e6925dab94',\r\n\t\t'format' : 'iframe',\r\n\t\t'height' : 250,\r\n\t\t'width' : 300,\r\n\t\t'params' : {}\r\n\t};\r\n<\/script>\r\n<script type=\"text\/javascript\" src=\"\/\/www.highperformanceformat.com\/c1158f160081d6540a8409e6925dab94\/invoke.js\"><\/script><\/div> <p>In VBA ist die aktive Zelle eine Eigenschaft, die die Zelle darstellt, die gerade aktiv ist. Wenn Sie eine Zelle ausw\u00e4hlen oder zu einer Zelle navigieren und diese Zelle von diesem gr\u00fcnen Feld abgedeckt wird, k\u00f6nnen Sie die ACTIVECELL-Eigenschaft verwenden, um im VBA-Code auf diese Zelle zu verweisen. Es gibt Eigenschaften und Methoden, die damit einhergehen. <\/p><div class=\"wp-block-image\"><figure class=\"aligncenter size-large is-resized\"><img loading=\"lazy\" decoding=\"async\" class=\"wp-image-53412\" src=\"https:\/\/exceladvisor.org\/wp-content\/uploads\/2023\/08\/1-utiliser-la-propriete-activecell.png\" sizes=\"auto, \" srcset=\"\" alt=\"Verwenden Sie die Activecell-Eigenschaft\" width=\"416\" height=\"268\"><\/figure><\/div><h2 class=\"wp-block-heading\"> Aktive Zelleneigenschaft verwenden<\/h2><ol type=\"1\"><li> Geben Sie das Schl\u00fcsselwort \u201eActiveCell\u201c ein.<\/li><li> Geben Sie einen Punkt (.) ein, um die Eigenschaften und Methoden aus der Liste abzurufen.<\/li><li> W\u00e4hlen Sie die Eigenschaft oder Methode aus, die Sie verwenden m\u00f6chten.<\/li><li> F\u00fchren Sie den Code aus, um die Aktivit\u00e4t f\u00fcr die aktive Zelle auszuf\u00fchren. <\/li><\/ol><div class=\"wp-block-image\"><figure class=\"aligncenter size-large is-resized\"><img loading=\"lazy\" decoding=\"async\" class=\"wp-image-53413\" src=\"https:\/\/exceladvisor.org\/wp-content\/uploads\/2023\/08\/2-executez-le-code-de-propriete-activecell.png\" sizes=\"auto, \" srcset=\"\" alt=\"F\u00fchren Sie den Activecell-Eigenschaftscode aus\" width=\"440\" height=\"307\"><\/figure><\/div><h2 class=\"wp-block-heading\"> Wichtige Punkte<\/h2><ul><li> Wenn Sie die Eigenschaft \u201eAktive Zelle\u201c verwenden, bezieht sich VBA auf die aktive Zelle im <a href=\"https:\/\/exceladvisor.org\/de\/blatt-aktivieren\/\">aktiven Blatt<\/a> <a href=\"https:\/\/exceladvisor.org\/de\/arbeitsmappe-aktivieren\/\">der aktiven Arbeitsmappe<\/a> , unabh\u00e4ngig davon, wie viele Arbeitsmappen gerade ge\u00f6ffnet sind.<\/li><li> ActiveCell ist letztlich eine Zelle mit allen Eigenschaften und Methoden einer normalen Zelle.<\/li><\/ul><h2 class=\"wp-block-heading\"> Aktivieren Sie eine Zelle aus dem ausgew\u00e4hlten Bereich<\/h2><p> Um eine Zelle mithilfe von VBA-Code zu aktivieren, k\u00f6nnen Sie eine \u201eAktivieren\u201c-Methode und eine \u201eAusw\u00e4hlen\u201c-Methode auf zwei Arten verwenden.<\/p><pre class=\"wp-block-code\"> <code class=\"language-visual-basic\" lang=\"visual-basic\">Sub vba_activecell() 'select and entire range Range(\"A1:A10\").Select 'select the cell A3 from the selected range Range(\"A3\").Activate 'clears everything from the active cell ActiveCell.Clear End Sub<\/code><\/pre><p> Der obige Code w\u00e4hlt zun\u00e4chst den Bereich A1:A10 aus, aktiviert dann die Zelle A3 daraus und l\u00f6scht am Ende alles aus der aktiven Zelle, also A3.<\/p><h2 class=\"wp-block-heading\"> R\u00fcckgabewert der aktiven Zelle<\/h2><p> Der folgende Code gibt den Wert der aktiven Zelle \u00fcber ein <a href=\"https:\/\/exceladvisor.org\/de\/vba-nachrichtenbox\/\">Meldungsfeld<\/a> zur\u00fcck.<\/p><pre class=\"wp-block-code\"> <code class=\"language-visual-basic\" lang=\"visual-basic\">MsgBox ActiveCell.Value<\/code><\/pre><p> Oder wenn Sie den Wert der aktiven Zelle abrufen und ihn in eine separate Zelle einf\u00fcgen m\u00f6chten.<\/p><pre class=\"wp-block-code\"> <code class=\"language-visual-basic\" lang=\"visual-basic\">Range(\"A1\") = ActiveCell.Value<\/code><\/pre><h2 class=\"wp-block-heading\"> Aktive Zelle auf eine Variable setzen<\/h2><p> Sie k\u00f6nnen die aktive Zelle auch auf die <a href=\"https:\/\/exceladvisor.org\/de\/variablen\/\">Variable<\/a> setzen, wie im folgenden Beispiel.<\/p><pre class=\"wp-block-code\"> <code class=\"language-visual-basic\" lang=\"visual-basic\">Sub vba_activecell() 'declares the variable as range Dim myCell As Range 'set active cell to the variable Set myCell = ActiveCell 'enter value in the active cell myCell.Value = Done End Sub<\/code><\/pre><h2 class=\"wp-block-heading\"> Rufen Sie die Zeilen- und Spaltennummer der ActiveCell ab<\/h2><p> Bei der aktiven Zelle gibt es eine Zeilen- und Spalteneigenschaft, mit der Sie die Zeilen- und Spaltennummer der aktiven Zelle ermitteln k\u00f6nnen.<\/p><pre class=\"wp-block-code\"> <code class=\"language-visual-basic\" lang=\"visual-basic\">MsgBox ActiveCell.Row MsgBox ActiveCell.Column<\/code><\/pre><h2 class=\"wp-block-heading\"> Aktive Zellenadresse abrufen<\/h2><p> Sie k\u00f6nnen die Adresseigenschaft verwenden, um die Adresse der aktiven Zelle abzurufen.<\/p><pre class=\"wp-block-code\"> <code class=\"language-visual-basic\" lang=\"visual-basic\">MsgBox ActiveCell.Address<\/code><\/pre><p> Wenn Sie den obigen Code ausf\u00fchren, wird ein Meldungsfeld mit der Zellenadresse der aktiven Zelle des aktiven Blatts der aktiven Arbeitsmappe angezeigt (wie bereits erw\u00e4hnt).<\/p><h2 class=\"wp-block-heading\"> Verschieben Sie die aktive Zelle mithilfe des Versatzes<\/h2><p> Mit der Offset-Eigenschaft k\u00f6nnen Sie zu einer Zelle wechseln, die mehrere Zeilen und Spalten von der aktiven Zelle entfernt ist.<\/p><pre class=\"wp-block-code\"> <code class=\"language-visual-basic\" lang=\"visual-basic\">ActiveCell.Offset(2, 2).Select<\/code><\/pre><h2 class=\"wp-block-heading\"> W\u00e4hlen Sie einen Bereich in der aktiven Zelle aus<\/h2><p> Sie k\u00f6nnen auch einen Bereich aus der aktiven Zelle ausw\u00e4hlen.<\/p><pre class=\"wp-block-code\"> <code class=\"language-visual-basic\" lang=\"visual-basic\">Range(ActiveCell.Offset(1, 1), ActiveCell.Offset(5, 5)).Select<\/code><\/pre><div class=\"gb-container gb-container-4db6181c gb-container-mt\"> <a class=\"gb-button gb-button-c5897111 gb-button-text gb-button-mt-button\" href=\"https:\/\/exceladvisor.org\/de\/vba\/\">Was ist VBA<\/a><h2 class=\"gb-headline gb-headline-665e5f6b gb-headline-text gb-headline-mt-heading\"> Verwandte Tutorials <\/h2><div class=\"gb-grid-wrapper gb-grid-wrapper-a20baf7c gb-grid-wrapper-mt-grid\"><div class=\"gb-grid-column gb-grid-column-65ddf67e\"><div class=\"gb-container gb-container-65ddf67e\"><ul><li> <a href=\"https:\/\/exceladvisor.org\/de\/anzahl-der-zeilen\/\">Z\u00e4hlen Sie Zeilen mit VBA in Excel<\/a><\/li><li> <a href=\"https:\/\/exceladvisor.org\/de\/zeichenschrift\/\">Excel VBA-Schriftart (Farbe, Gr\u00f6\u00dfe, Typ und Fett)<\/a><\/li><li> <a href=\"https:\/\/exceladvisor.org\/de\/spaltenzeile-ausblenden-und-anzeigen\/\">Excel VBA Eine Spalte oder Zeile ein- und ausblenden<\/a><\/li><li> <a href=\"https:\/\/exceladvisor.org\/de\/bereich-1\/\">Excel VBA-Bereich \u2013 Arbeiten mit Bereichen und Zellen<\/a> <\/li><\/ul><\/div><\/div><div class=\"gb-grid-column gb-grid-column-50067b57\"><div class=\"gb-container gb-container-50067b57\"><\/div><\/div><\/div><\/div>","protected":false},"excerpt":{"rendered":"","protected":false},"author":1,"featured_media":0,"parent":0,"menu_order":0,"comment_status":"open","ping_status":"closed","template":"","meta":{"ub_ctt_via":"","footnotes":""},"class_list":["post-3038","page","type-page","status-publish","hentry"],"featured_image_src":null,"yoast_head":"<!-- This site is optimized with the Yoast SEO plugin v25.4 - https:\/\/yoast.com\/wordpress\/plugins\/seo\/ -->\n<title>\u25b7 Wie verwende ich ActiveCell in VBA in Excel?<\/title>\n<meta name=\"description\" content=\"Um mit VBA auf die aktive Zelle in Excel zu verweisen, m\u00fcssen Sie die ActiveCell-Eigenschaft verwenden, auf die Sie zugreifen k\u00f6nnen\" \/>\n<meta name=\"robots\" content=\"index, follow, max-snippet:-1, max-image-preview:large, max-video-preview:-1\" \/>\n<link rel=\"canonical\" href=\"https:\/\/exceladvisor.org\/de\/aktive-zelle-1\/\" \/>\n<meta property=\"og:locale\" content=\"de_DE\" \/>\n<meta property=\"og:type\" content=\"article\" \/>\n<meta property=\"og:title\" content=\"\u25b7 Wie verwende ich ActiveCell in VBA in Excel?\" \/>\n<meta property=\"og:description\" content=\"Um mit VBA auf die aktive Zelle in Excel zu verweisen, m\u00fcssen Sie die ActiveCell-Eigenschaft verwenden, auf die Sie zugreifen k\u00f6nnen\" \/>\n<meta property=\"og:url\" content=\"https:\/\/exceladvisor.org\/de\/aktive-zelle-1\/\" \/>\n<meta property=\"og:site_name\" content=\"Excel Advisor\" \/>\n<meta property=\"article:modified_time\" content=\"2023-12-03T13:05:35+00:00\" \/>\n<meta property=\"og:image\" content=\"https:\/\/exceladvisor.org\/wp-content\/uploads\/2023\/08\/1-utiliser-la-propriete-activecell.png\" \/>\n<meta name=\"twitter:card\" content=\"summary_large_image\" \/>\n<meta name=\"twitter:label1\" content=\"Gesch\u00e4tzte Lesezeit\" \/>\n\t<meta name=\"twitter:data1\" content=\"3\u00a0Minuten\" \/>\n<script type=\"application\/ld+json\" class=\"yoast-schema-graph\">{\"@context\":\"https:\/\/schema.org\",\"@graph\":[{\"@type\":\"WebPage\",\"@id\":\"https:\/\/exceladvisor.org\/de\/aktive-zelle-1\/\",\"url\":\"https:\/\/exceladvisor.org\/de\/aktive-zelle-1\/\",\"name\":\"\u25b7 Wie verwende ich ActiveCell in VBA in Excel?\",\"isPartOf\":{\"@id\":\"https:\/\/exceladvisor.org\/de\/#website\"},\"primaryImageOfPage\":{\"@id\":\"https:\/\/exceladvisor.org\/de\/aktive-zelle-1\/#primaryimage\"},\"image\":{\"@id\":\"https:\/\/exceladvisor.org\/de\/aktive-zelle-1\/#primaryimage\"},\"thumbnailUrl\":\"https:\/\/exceladvisor.org\/wp-content\/uploads\/2023\/08\/1-utiliser-la-propriete-activecell.png\",\"datePublished\":\"2023-11-17T10:14:05+00:00\",\"dateModified\":\"2023-12-03T13:05:35+00:00\",\"description\":\"Um mit VBA auf die aktive Zelle in Excel zu verweisen, m\u00fcssen Sie die ActiveCell-Eigenschaft verwenden, auf die Sie zugreifen k\u00f6nnen\",\"breadcrumb\":{\"@id\":\"https:\/\/exceladvisor.org\/de\/aktive-zelle-1\/#breadcrumb\"},\"inLanguage\":\"de\",\"potentialAction\":[{\"@type\":\"ReadAction\",\"target\":[\"https:\/\/exceladvisor.org\/de\/aktive-zelle-1\/\"]}]},{\"@type\":\"ImageObject\",\"inLanguage\":\"de\",\"@id\":\"https:\/\/exceladvisor.org\/de\/aktive-zelle-1\/#primaryimage\",\"url\":\"https:\/\/exceladvisor.org\/wp-content\/uploads\/2023\/08\/1-utiliser-la-propriete-activecell.png\",\"contentUrl\":\"https:\/\/exceladvisor.org\/wp-content\/uploads\/2023\/08\/1-utiliser-la-propriete-activecell.png\"},{\"@type\":\"BreadcrumbList\",\"@id\":\"https:\/\/exceladvisor.org\/de\/aktive-zelle-1\/#breadcrumb\",\"itemListElement\":[{\"@type\":\"ListItem\",\"position\":1,\"name\":\"Accueil\",\"item\":\"https:\/\/exceladvisor.org\/de\/\"},{\"@type\":\"ListItem\",\"position\":2,\"name\":\"Wie verwende ich activecell in vba in excel?\"}]},{\"@type\":\"WebSite\",\"@id\":\"https:\/\/exceladvisor.org\/de\/#website\",\"url\":\"https:\/\/exceladvisor.org\/de\/\",\"name\":\"Excel Advisor\",\"description\":\"Ihr Leitfaden zur Datendominanz\",\"publisher\":{\"@id\":\"https:\/\/exceladvisor.org\/de\/#organization\"},\"potentialAction\":[{\"@type\":\"SearchAction\",\"target\":{\"@type\":\"EntryPoint\",\"urlTemplate\":\"https:\/\/exceladvisor.org\/de\/?s={search_term_string}\"},\"query-input\":{\"@type\":\"PropertyValueSpecification\",\"valueRequired\":true,\"valueName\":\"search_term_string\"}}],\"inLanguage\":\"de\"},{\"@type\":\"Organization\",\"@id\":\"https:\/\/exceladvisor.org\/de\/#organization\",\"name\":\"Excel Advisor\",\"url\":\"https:\/\/exceladvisor.org\/de\/\",\"logo\":{\"@type\":\"ImageObject\",\"inLanguage\":\"de\",\"@id\":\"https:\/\/exceladvisor.org\/de\/#\/schema\/logo\/image\/\",\"url\":\"https:\/\/exceladvisor.org\/de\/wp-content\/uploads\/2023\/11\/exceladvisor.org_.png\",\"contentUrl\":\"https:\/\/exceladvisor.org\/de\/wp-content\/uploads\/2023\/11\/exceladvisor.org_.png\",\"width\":105,\"height\":36,\"caption\":\"Excel Advisor\"},\"image\":{\"@id\":\"https:\/\/exceladvisor.org\/de\/#\/schema\/logo\/image\/\"}}]}<\/script>\n<!-- \/ Yoast SEO plugin. -->","yoast_head_json":{"title":"\u25b7 Wie verwende ich ActiveCell in VBA in Excel?","description":"Um mit VBA auf die aktive Zelle in Excel zu verweisen, m\u00fcssen Sie die ActiveCell-Eigenschaft verwenden, auf die Sie zugreifen k\u00f6nnen","robots":{"index":"index","follow":"follow","max-snippet":"max-snippet:-1","max-image-preview":"max-image-preview:large","max-video-preview":"max-video-preview:-1"},"canonical":"https:\/\/exceladvisor.org\/de\/aktive-zelle-1\/","og_locale":"de_DE","og_type":"article","og_title":"\u25b7 Wie verwende ich ActiveCell in VBA in Excel?","og_description":"Um mit VBA auf die aktive Zelle in Excel zu verweisen, m\u00fcssen Sie die ActiveCell-Eigenschaft verwenden, auf die Sie zugreifen k\u00f6nnen","og_url":"https:\/\/exceladvisor.org\/de\/aktive-zelle-1\/","og_site_name":"Excel Advisor","article_modified_time":"2023-12-03T13:05:35+00:00","og_image":[{"url":"https:\/\/exceladvisor.org\/wp-content\/uploads\/2023\/08\/1-utiliser-la-propriete-activecell.png","type":"","width":"","height":""}],"twitter_card":"summary_large_image","twitter_misc":{"Gesch\u00e4tzte Lesezeit":"3\u00a0Minuten"},"schema":{"@context":"https:\/\/schema.org","@graph":[{"@type":"WebPage","@id":"https:\/\/exceladvisor.org\/de\/aktive-zelle-1\/","url":"https:\/\/exceladvisor.org\/de\/aktive-zelle-1\/","name":"\u25b7 Wie verwende ich ActiveCell in VBA in Excel?","isPartOf":{"@id":"https:\/\/exceladvisor.org\/de\/#website"},"primaryImageOfPage":{"@id":"https:\/\/exceladvisor.org\/de\/aktive-zelle-1\/#primaryimage"},"image":{"@id":"https:\/\/exceladvisor.org\/de\/aktive-zelle-1\/#primaryimage"},"thumbnailUrl":"https:\/\/exceladvisor.org\/wp-content\/uploads\/2023\/08\/1-utiliser-la-propriete-activecell.png","datePublished":"2023-11-17T10:14:05+00:00","dateModified":"2023-12-03T13:05:35+00:00","description":"Um mit VBA auf die aktive Zelle in Excel zu verweisen, m\u00fcssen Sie die ActiveCell-Eigenschaft verwenden, auf die Sie zugreifen k\u00f6nnen","breadcrumb":{"@id":"https:\/\/exceladvisor.org\/de\/aktive-zelle-1\/#breadcrumb"},"inLanguage":"de","potentialAction":[{"@type":"ReadAction","target":["https:\/\/exceladvisor.org\/de\/aktive-zelle-1\/"]}]},{"@type":"ImageObject","inLanguage":"de","@id":"https:\/\/exceladvisor.org\/de\/aktive-zelle-1\/#primaryimage","url":"https:\/\/exceladvisor.org\/wp-content\/uploads\/2023\/08\/1-utiliser-la-propriete-activecell.png","contentUrl":"https:\/\/exceladvisor.org\/wp-content\/uploads\/2023\/08\/1-utiliser-la-propriete-activecell.png"},{"@type":"BreadcrumbList","@id":"https:\/\/exceladvisor.org\/de\/aktive-zelle-1\/#breadcrumb","itemListElement":[{"@type":"ListItem","position":1,"name":"Accueil","item":"https:\/\/exceladvisor.org\/de\/"},{"@type":"ListItem","position":2,"name":"Wie verwende ich activecell in vba in excel?"}]},{"@type":"WebSite","@id":"https:\/\/exceladvisor.org\/de\/#website","url":"https:\/\/exceladvisor.org\/de\/","name":"Excel Advisor","description":"Ihr Leitfaden zur Datendominanz","publisher":{"@id":"https:\/\/exceladvisor.org\/de\/#organization"},"potentialAction":[{"@type":"SearchAction","target":{"@type":"EntryPoint","urlTemplate":"https:\/\/exceladvisor.org\/de\/?s={search_term_string}"},"query-input":{"@type":"PropertyValueSpecification","valueRequired":true,"valueName":"search_term_string"}}],"inLanguage":"de"},{"@type":"Organization","@id":"https:\/\/exceladvisor.org\/de\/#organization","name":"Excel Advisor","url":"https:\/\/exceladvisor.org\/de\/","logo":{"@type":"ImageObject","inLanguage":"de","@id":"https:\/\/exceladvisor.org\/de\/#\/schema\/logo\/image\/","url":"https:\/\/exceladvisor.org\/de\/wp-content\/uploads\/2023\/11\/exceladvisor.org_.png","contentUrl":"https:\/\/exceladvisor.org\/de\/wp-content\/uploads\/2023\/11\/exceladvisor.org_.png","width":105,"height":36,"caption":"Excel Advisor"},"image":{"@id":"https:\/\/exceladvisor.org\/de\/#\/schema\/logo\/image\/"}}]}},"yoast_meta":{"yoast_wpseo_title":"","yoast_wpseo_metadesc":"","yoast_wpseo_canonical":""},"_links":{"self":[{"href":"https:\/\/exceladvisor.org\/de\/wp-json\/wp\/v2\/pages\/3038","targetHints":{"allow":["GET"]}}],"collection":[{"href":"https:\/\/exceladvisor.org\/de\/wp-json\/wp\/v2\/pages"}],"about":[{"href":"https:\/\/exceladvisor.org\/de\/wp-json\/wp\/v2\/types\/page"}],"author":[{"embeddable":true,"href":"https:\/\/exceladvisor.org\/de\/wp-json\/wp\/v2\/users\/1"}],"replies":[{"embeddable":true,"href":"https:\/\/exceladvisor.org\/de\/wp-json\/wp\/v2\/comments?post=3038"}],"version-history":[{"count":1,"href":"https:\/\/exceladvisor.org\/de\/wp-json\/wp\/v2\/pages\/3038\/revisions"}],"predecessor-version":[{"id":4224,"href":"https:\/\/exceladvisor.org\/de\/wp-json\/wp\/v2\/pages\/3038\/revisions\/4224"}],"wp:attachment":[{"href":"https:\/\/exceladvisor.org\/de\/wp-json\/wp\/v2\/media?parent=3038"}],"curies":[{"name":"wp","href":"https:\/\/api.w.org\/{rel}","templated":true}]}}