{"id":3040,"date":"2023-11-17T09:53:59","date_gmt":"2023-11-17T09:53:59","guid":{"rendered":"https:\/\/exceladvisor.org\/de\/ausblenden-arbeitsmappe-anzeigen\/"},"modified":"2023-12-03T11:21:51","modified_gmt":"2023-12-03T11:21:51","slug":"ausblenden-arbeitsmappe-anzeigen","status":"publish","type":"page","link":"https:\/\/exceladvisor.org\/de\/ausblenden-arbeitsmappe-anzeigen\/","title":{"rendered":"Wie kann ich eine arbeitsmappe in excel ein- und ausblenden?"},"content":{"rendered":"<div class=\"excel-vor-dem-inhalt\" id=\"excel-2727682979\"><script type=\"text\/javascript\">\r\n\tatOptions = {\r\n\t\t'key' : 'c1158f160081d6540a8409e6925dab94',\r\n\t\t'format' : 'iframe',\r\n\t\t'height' : 250,\r\n\t\t'width' : 300,\r\n\t\t'params' : {}\r\n\t};\r\n<\/script>\r\n<script type=\"text\/javascript\" src=\"\/\/www.highperformanceformat.com\/c1158f160081d6540a8409e6925dab94\/invoke.js\"><\/script><\/div> <p>Wenn Sie mit mehreren Excel-Arbeitsmappen (Dateien) arbeiten, k\u00f6nnen Sie diese ausblenden und bei Bedarf anzeigen, anstatt sie zu schlie\u00dfen.<\/p><p> In Excel haben Sie die M\u00f6glichkeit, eine Arbeitsmappe durch einfaches Klicken auf eine Schaltfl\u00e4che auszublenden und anzuzeigen. Wie ich bereits sagte, bedeutet das Ausblenden einer Arbeitsmappe nicht, dass Sie sie schlie\u00dfen.<\/p><p> In diesem Tutorial verwenden wir die Option zum Ein- und Ausblenden einer Arbeitsmappe. <\/p><div class=\"wp-block-image\"><figure class=\"aligncenter size-full is-resized\"><img loading=\"lazy\" decoding=\"async\" class=\"wp-image-72395\" src=\"https:\/\/exceladvisor.org\/wp-content\/uploads\/2023\/08\/1-masquer-un-classeur.png\" sizes=\"auto, \" srcset=\"\" alt=\"einen Ordner ausblenden\" width=\"809\" height=\"162\"><\/figure><\/div><h2 class=\"wp-block-heading\"> Eine Arbeitsmappe ausblenden (Excel-Datei)<\/h2><p> Im Moment habe ich vier Arbeitsmappen in meinem Excel ge\u00f6ffnet und m\u00f6chte zwei davon ausblenden. Sie k\u00f6nnen die folgenden Schritte ausf\u00fchren, um es auszuf\u00fchren.<\/p><ol type=\"1\"><li> Zun\u00e4chst m\u00fcssen Sie zu der Arbeitsmappe navigieren, die Sie ausblenden m\u00f6chten.<\/li><li> Gehen Sie danach zu<mark class=\"has-inline-color\" style=\"background-color: #49d295;\"> Registerkarte \u201eAnzeige\u201c.<\/mark> .<\/li><li> Und auf der Registerkarte \u201eAnsicht\u201c haben Sie die Gruppe \u201eFenster\u201c, in der Sie das haben<mark class=\"has-inline-color\" style=\"background-color: #49d295;\"> Verstecken<\/mark> Taste.<\/li><li> Klicken Sie abschlie\u00dfend auf die Schaltfl\u00e4che \u201eAusblenden\u201c, um die aktuell aktive Arbeitsmappe auszublenden. <\/li><\/ol><div class=\"wp-block-image\"><figure class=\"aligncenter size-full is-resized\"><img loading=\"lazy\" decoding=\"async\" class=\"wp-image-72396\" src=\"https:\/\/exceladvisor.org\/wp-content\/uploads\/2023\/08\/2-onglet-de-vue-bouton-cache.png\" sizes=\"auto, \" srcset=\"\" alt=\"Show-Tab-hidden-Button\" width=\"762\" height=\"329\"><\/figure><\/div><p> Und sobald Sie auf die Schaltfl\u00e4che \u201eAusblenden\u201c klicken, sieht es so aus, als w\u00e4re die Datei geschlossen, aber jetzt ist sie ausgeblendet.<\/p><h2 class=\"wp-block-heading\"> Anzeigen einer Arbeitsmappe (Excel-Datei)<\/h2><p> Und sobald Sie eine Arbeitsmappe ausgeblendet haben, k\u00f6nnen Sie <strong><mark class=\"has-inline-color\" style=\"background-color: #49d295;\">sie mit der Schaltfl\u00e4che \u201eAnzeigen\u201c direkt unter der Schaltfl\u00e4che \u201eAusblenden\u201c wieder einblenden<\/mark><\/strong> . <\/p><div class=\"wp-block-image\"><figure class=\"aligncenter size-full is-resized\"><img loading=\"lazy\" decoding=\"async\" class=\"wp-image-72397\" src=\"https:\/\/exceladvisor.org\/wp-content\/uploads\/2023\/08\/3-afficher-la-boite-de-dialogue.png\" sizes=\"auto, \" srcset=\"\" alt=\"Dialog anzeigen\" width=\"739\" height=\"287\"><\/figure><\/div><ol type=\"1\"><li> Gehen Sie zun\u00e4chst zur Registerkarte \u201eAnsicht\u201c.<\/li><li> Danach gibt es in der Gruppe \u201eFenster\u201c eine Schaltfl\u00e4che namens \u201eAnzeigen\u201c (diese Schaltfl\u00e4che wird aktiviert, wenn Sie eine oder mehrere ausgeblendete Arbeitsmappen haben).<\/li><li> Klicken Sie nun auf die Schaltfl\u00e4che \u201eAnsicht\u201c, um das Dialogfeld zum Anzeigen der Arbeitsmappe anzuzeigen.<\/li><li> W\u00e4hlen Sie am Ende im Dialogfeld die Arbeitsmappe aus, die Sie anzeigen m\u00f6chten, und klicken Sie auf OK.<\/li><\/ol><h2 class=\"wp-block-heading\"> Tastaturk\u00fcrzel zum Ein- und Ausblenden einer Arbeitsmappe<\/h2><p> Sie k\u00f6nnen eine Arbeitsmappe auch mithilfe <a href=\"https:\/\/exceladvisor.org\/de\/tastaturkurzel\/\">von Tastenkombinationen<\/a> ein- und ausblenden:<\/p><ul><li> Alt \u21e2 W \u21e2 H: um eine Arbeitsmappe anzuzeigen.<\/li><li> Alt \u21e2 W \u21e2 U: um das Dialogfeld \u201eAnsicht\u201c zu \u00f6ffnen und von dort aus eine Arbeitsmappe anzuzeigen.<\/li><\/ul><div class=\"gb-container gb-container-4db6181c gb-container-mt\"> <a class=\"gb-button gb-button-c5897111 gb-button-text gb-button-mt-button\" href=\"https:\/\/exceladvisor.org\/de\/excel-grundlagen\/\">Microsoft Excel-Grundlagen (Komponenten, Teile und Wissenshinweise)<\/a><h2 class=\"gb-headline gb-headline-665e5f6b gb-headline-text gb-headline-mt-heading\"> Verwandte Tutorials <\/h2><div class=\"gb-grid-wrapper gb-grid-wrapper-a20baf7c gb-grid-wrapper-mt-grid\"><div class=\"gb-grid-column gb-grid-column-65ddf67e\"><div class=\"gb-container gb-container-65ddf67e\"><ul><li> <a href=\"https:\/\/exceladvisor.org\/de\/reparieren-sie-beschadigte-excel-dateien\/\">Besch\u00e4digte Excel-Datei reparieren<\/a><\/li><li> <a href=\"https:\/\/exceladvisor.org\/de\/nicht-gespeicherte-dateien-wiederherstellen\/\">Stellen Sie nicht gespeicherte Excel-Dateien wieder her, wenn Excel abst\u00fcrzt<\/a><\/li><li> <a href=\"https:\/\/exceladvisor.org\/de\/xlsx-in-csv\/\">Excel-Datei (Arbeitsmappe) im CSV-Format speichern (XLSX TO CSV)<\/a><\/li><li> <a href=\"https:\/\/exceladvisor.org\/de\/arbeitsmappe-kopieren\/\">Erstellen Sie eine Kopie der Excel-Arbeitsmappe (Datei).<\/a><\/li><li> <a href=\"https:\/\/exceladvisor.org\/de\/textdatei-offnen\/\">So \u00f6ffnen Sie eine Textdatei in Excel (.TXT)<\/a> <\/li><\/ul><\/div><\/div><div class=\"gb-grid-column gb-grid-column-50067b57\"><div class=\"gb-container gb-container-50067b57\"><\/div><\/div><\/div><\/div>","protected":false},"excerpt":{"rendered":"","protected":false},"author":1,"featured_media":0,"parent":0,"menu_order":0,"comment_status":"open","ping_status":"closed","template":"","meta":{"ub_ctt_via":"","footnotes":""},"class_list":["post-3040","page","type-page","status-publish","hentry"],"featured_image_src":null,"yoast_head":"<!-- This site is optimized with the Yoast SEO plugin v25.4 - https:\/\/yoast.com\/wordpress\/plugins\/seo\/ -->\n<title>\u25b7 Wie kann ich eine Arbeitsmappe in Excel ein- und ausblenden?<\/title>\n<meta name=\"description\" content=\"In diesem Tutorial erfahren Sie, wie Sie eine Arbeitsmappe mithilfe der Schaltfl\u00e4che auf der Registerkarte \u201eAnsicht\u201c + a ein- und ausblenden\" \/>\n<meta name=\"robots\" content=\"index, follow, max-snippet:-1, max-image-preview:large, max-video-preview:-1\" \/>\n<link rel=\"canonical\" href=\"https:\/\/exceladvisor.org\/de\/ausblenden-arbeitsmappe-anzeigen\/\" \/>\n<meta property=\"og:locale\" content=\"de_DE\" \/>\n<meta property=\"og:type\" content=\"article\" \/>\n<meta property=\"og:title\" content=\"\u25b7 Wie kann ich eine Arbeitsmappe in Excel ein- und ausblenden?\" \/>\n<meta property=\"og:description\" content=\"In diesem Tutorial erfahren Sie, wie Sie eine Arbeitsmappe mithilfe der Schaltfl\u00e4che auf der Registerkarte \u201eAnsicht\u201c + a ein- und ausblenden\" \/>\n<meta property=\"og:url\" content=\"https:\/\/exceladvisor.org\/de\/ausblenden-arbeitsmappe-anzeigen\/\" \/>\n<meta property=\"og:site_name\" content=\"Excel Advisor\" \/>\n<meta property=\"article:modified_time\" content=\"2023-12-03T11:21:51+00:00\" \/>\n<meta property=\"og:image\" content=\"https:\/\/exceladvisor.org\/wp-content\/uploads\/2023\/08\/1-masquer-un-classeur.png\" \/>\n<meta name=\"twitter:card\" content=\"summary_large_image\" \/>\n<meta name=\"twitter:label1\" content=\"Gesch\u00e4tzte Lesezeit\" \/>\n\t<meta name=\"twitter:data1\" content=\"2\u00a0Minuten\" \/>\n<script type=\"application\/ld+json\" class=\"yoast-schema-graph\">{\"@context\":\"https:\/\/schema.org\",\"@graph\":[{\"@type\":\"WebPage\",\"@id\":\"https:\/\/exceladvisor.org\/de\/ausblenden-arbeitsmappe-anzeigen\/\",\"url\":\"https:\/\/exceladvisor.org\/de\/ausblenden-arbeitsmappe-anzeigen\/\",\"name\":\"\u25b7 Wie kann ich eine Arbeitsmappe in Excel ein- und ausblenden?\",\"isPartOf\":{\"@id\":\"https:\/\/exceladvisor.org\/de\/#website\"},\"primaryImageOfPage\":{\"@id\":\"https:\/\/exceladvisor.org\/de\/ausblenden-arbeitsmappe-anzeigen\/#primaryimage\"},\"image\":{\"@id\":\"https:\/\/exceladvisor.org\/de\/ausblenden-arbeitsmappe-anzeigen\/#primaryimage\"},\"thumbnailUrl\":\"https:\/\/exceladvisor.org\/wp-content\/uploads\/2023\/08\/1-masquer-un-classeur.png\",\"datePublished\":\"2023-11-17T09:53:59+00:00\",\"dateModified\":\"2023-12-03T11:21:51+00:00\",\"description\":\"In diesem Tutorial erfahren Sie, wie Sie eine Arbeitsmappe mithilfe der Schaltfl\u00e4che auf der Registerkarte \u201eAnsicht\u201c + a ein- und ausblenden\",\"breadcrumb\":{\"@id\":\"https:\/\/exceladvisor.org\/de\/ausblenden-arbeitsmappe-anzeigen\/#breadcrumb\"},\"inLanguage\":\"de\",\"potentialAction\":[{\"@type\":\"ReadAction\",\"target\":[\"https:\/\/exceladvisor.org\/de\/ausblenden-arbeitsmappe-anzeigen\/\"]}]},{\"@type\":\"ImageObject\",\"inLanguage\":\"de\",\"@id\":\"https:\/\/exceladvisor.org\/de\/ausblenden-arbeitsmappe-anzeigen\/#primaryimage\",\"url\":\"https:\/\/exceladvisor.org\/wp-content\/uploads\/2023\/08\/1-masquer-un-classeur.png\",\"contentUrl\":\"https:\/\/exceladvisor.org\/wp-content\/uploads\/2023\/08\/1-masquer-un-classeur.png\"},{\"@type\":\"BreadcrumbList\",\"@id\":\"https:\/\/exceladvisor.org\/de\/ausblenden-arbeitsmappe-anzeigen\/#breadcrumb\",\"itemListElement\":[{\"@type\":\"ListItem\",\"position\":1,\"name\":\"Accueil\",\"item\":\"https:\/\/exceladvisor.org\/de\/\"},{\"@type\":\"ListItem\",\"position\":2,\"name\":\"Wie kann ich eine arbeitsmappe in excel ein- und ausblenden?\"}]},{\"@type\":\"WebSite\",\"@id\":\"https:\/\/exceladvisor.org\/de\/#website\",\"url\":\"https:\/\/exceladvisor.org\/de\/\",\"name\":\"Excel Advisor\",\"description\":\"Ihr Leitfaden zur Datendominanz\",\"publisher\":{\"@id\":\"https:\/\/exceladvisor.org\/de\/#organization\"},\"potentialAction\":[{\"@type\":\"SearchAction\",\"target\":{\"@type\":\"EntryPoint\",\"urlTemplate\":\"https:\/\/exceladvisor.org\/de\/?s={search_term_string}\"},\"query-input\":{\"@type\":\"PropertyValueSpecification\",\"valueRequired\":true,\"valueName\":\"search_term_string\"}}],\"inLanguage\":\"de\"},{\"@type\":\"Organization\",\"@id\":\"https:\/\/exceladvisor.org\/de\/#organization\",\"name\":\"Excel Advisor\",\"url\":\"https:\/\/exceladvisor.org\/de\/\",\"logo\":{\"@type\":\"ImageObject\",\"inLanguage\":\"de\",\"@id\":\"https:\/\/exceladvisor.org\/de\/#\/schema\/logo\/image\/\",\"url\":\"https:\/\/exceladvisor.org\/de\/wp-content\/uploads\/2023\/11\/exceladvisor.org_.png\",\"contentUrl\":\"https:\/\/exceladvisor.org\/de\/wp-content\/uploads\/2023\/11\/exceladvisor.org_.png\",\"width\":105,\"height\":36,\"caption\":\"Excel Advisor\"},\"image\":{\"@id\":\"https:\/\/exceladvisor.org\/de\/#\/schema\/logo\/image\/\"}}]}<\/script>\n<!-- \/ Yoast SEO plugin. -->","yoast_head_json":{"title":"\u25b7 Wie kann ich eine Arbeitsmappe in Excel ein- und ausblenden?","description":"In diesem Tutorial erfahren Sie, wie Sie eine Arbeitsmappe mithilfe der Schaltfl\u00e4che auf der Registerkarte \u201eAnsicht\u201c + a ein- und ausblenden","robots":{"index":"index","follow":"follow","max-snippet":"max-snippet:-1","max-image-preview":"max-image-preview:large","max-video-preview":"max-video-preview:-1"},"canonical":"https:\/\/exceladvisor.org\/de\/ausblenden-arbeitsmappe-anzeigen\/","og_locale":"de_DE","og_type":"article","og_title":"\u25b7 Wie kann ich eine Arbeitsmappe in Excel ein- und ausblenden?","og_description":"In diesem Tutorial erfahren Sie, wie Sie eine Arbeitsmappe mithilfe der Schaltfl\u00e4che auf der Registerkarte \u201eAnsicht\u201c + a ein- und ausblenden","og_url":"https:\/\/exceladvisor.org\/de\/ausblenden-arbeitsmappe-anzeigen\/","og_site_name":"Excel Advisor","article_modified_time":"2023-12-03T11:21:51+00:00","og_image":[{"url":"https:\/\/exceladvisor.org\/wp-content\/uploads\/2023\/08\/1-masquer-un-classeur.png","type":"","width":"","height":""}],"twitter_card":"summary_large_image","twitter_misc":{"Gesch\u00e4tzte Lesezeit":"2\u00a0Minuten"},"schema":{"@context":"https:\/\/schema.org","@graph":[{"@type":"WebPage","@id":"https:\/\/exceladvisor.org\/de\/ausblenden-arbeitsmappe-anzeigen\/","url":"https:\/\/exceladvisor.org\/de\/ausblenden-arbeitsmappe-anzeigen\/","name":"\u25b7 Wie kann ich eine Arbeitsmappe in Excel ein- und ausblenden?","isPartOf":{"@id":"https:\/\/exceladvisor.org\/de\/#website"},"primaryImageOfPage":{"@id":"https:\/\/exceladvisor.org\/de\/ausblenden-arbeitsmappe-anzeigen\/#primaryimage"},"image":{"@id":"https:\/\/exceladvisor.org\/de\/ausblenden-arbeitsmappe-anzeigen\/#primaryimage"},"thumbnailUrl":"https:\/\/exceladvisor.org\/wp-content\/uploads\/2023\/08\/1-masquer-un-classeur.png","datePublished":"2023-11-17T09:53:59+00:00","dateModified":"2023-12-03T11:21:51+00:00","description":"In diesem Tutorial erfahren Sie, wie Sie eine Arbeitsmappe mithilfe der Schaltfl\u00e4che auf der Registerkarte \u201eAnsicht\u201c + a ein- und ausblenden","breadcrumb":{"@id":"https:\/\/exceladvisor.org\/de\/ausblenden-arbeitsmappe-anzeigen\/#breadcrumb"},"inLanguage":"de","potentialAction":[{"@type":"ReadAction","target":["https:\/\/exceladvisor.org\/de\/ausblenden-arbeitsmappe-anzeigen\/"]}]},{"@type":"ImageObject","inLanguage":"de","@id":"https:\/\/exceladvisor.org\/de\/ausblenden-arbeitsmappe-anzeigen\/#primaryimage","url":"https:\/\/exceladvisor.org\/wp-content\/uploads\/2023\/08\/1-masquer-un-classeur.png","contentUrl":"https:\/\/exceladvisor.org\/wp-content\/uploads\/2023\/08\/1-masquer-un-classeur.png"},{"@type":"BreadcrumbList","@id":"https:\/\/exceladvisor.org\/de\/ausblenden-arbeitsmappe-anzeigen\/#breadcrumb","itemListElement":[{"@type":"ListItem","position":1,"name":"Accueil","item":"https:\/\/exceladvisor.org\/de\/"},{"@type":"ListItem","position":2,"name":"Wie kann ich eine arbeitsmappe in excel ein- und ausblenden?"}]},{"@type":"WebSite","@id":"https:\/\/exceladvisor.org\/de\/#website","url":"https:\/\/exceladvisor.org\/de\/","name":"Excel Advisor","description":"Ihr Leitfaden zur Datendominanz","publisher":{"@id":"https:\/\/exceladvisor.org\/de\/#organization"},"potentialAction":[{"@type":"SearchAction","target":{"@type":"EntryPoint","urlTemplate":"https:\/\/exceladvisor.org\/de\/?s={search_term_string}"},"query-input":{"@type":"PropertyValueSpecification","valueRequired":true,"valueName":"search_term_string"}}],"inLanguage":"de"},{"@type":"Organization","@id":"https:\/\/exceladvisor.org\/de\/#organization","name":"Excel Advisor","url":"https:\/\/exceladvisor.org\/de\/","logo":{"@type":"ImageObject","inLanguage":"de","@id":"https:\/\/exceladvisor.org\/de\/#\/schema\/logo\/image\/","url":"https:\/\/exceladvisor.org\/de\/wp-content\/uploads\/2023\/11\/exceladvisor.org_.png","contentUrl":"https:\/\/exceladvisor.org\/de\/wp-content\/uploads\/2023\/11\/exceladvisor.org_.png","width":105,"height":36,"caption":"Excel Advisor"},"image":{"@id":"https:\/\/exceladvisor.org\/de\/#\/schema\/logo\/image\/"}}]}},"yoast_meta":{"yoast_wpseo_title":"","yoast_wpseo_metadesc":"","yoast_wpseo_canonical":""},"_links":{"self":[{"href":"https:\/\/exceladvisor.org\/de\/wp-json\/wp\/v2\/pages\/3040","targetHints":{"allow":["GET"]}}],"collection":[{"href":"https:\/\/exceladvisor.org\/de\/wp-json\/wp\/v2\/pages"}],"about":[{"href":"https:\/\/exceladvisor.org\/de\/wp-json\/wp\/v2\/types\/page"}],"author":[{"embeddable":true,"href":"https:\/\/exceladvisor.org\/de\/wp-json\/wp\/v2\/users\/1"}],"replies":[{"embeddable":true,"href":"https:\/\/exceladvisor.org\/de\/wp-json\/wp\/v2\/comments?post=3040"}],"version-history":[{"count":1,"href":"https:\/\/exceladvisor.org\/de\/wp-json\/wp\/v2\/pages\/3040\/revisions"}],"predecessor-version":[{"id":4087,"href":"https:\/\/exceladvisor.org\/de\/wp-json\/wp\/v2\/pages\/3040\/revisions\/4087"}],"wp:attachment":[{"href":"https:\/\/exceladvisor.org\/de\/wp-json\/wp\/v2\/media?parent=3040"}],"curies":[{"name":"wp","href":"https:\/\/api.w.org\/{rel}","templated":true}]}}