{"id":3041,"date":"2023-11-17T09:38:55","date_gmt":"2023-11-17T09:38:55","guid":{"rendered":"https:\/\/exceladvisor.org\/de\/bereich-verwendet\/"},"modified":"2023-12-03T13:06:04","modified_gmt":"2023-12-03T13:06:04","slug":"bereich-verwendet","status":"publish","type":"page","link":"https:\/\/exceladvisor.org\/de\/bereich-verwendet\/","title":{"rendered":"Wie verwende ich die usedrange-eigenschaft in vba?"},"content":{"rendered":"<div class=\"excel-vor-dem-inhalt\" id=\"excel-720071998\"><script type=\"text\/javascript\">\r\n\tatOptions = {\r\n\t\t'key' : 'c1158f160081d6540a8409e6925dab94',\r\n\t\t'format' : 'iframe',\r\n\t\t'height' : 250,\r\n\t\t'width' : 300,\r\n\t\t'params' : {}\r\n\t};\r\n<\/script>\r\n<script type=\"text\/javascript\" src=\"\/\/www.highperformanceformat.com\/c1158f160081d6540a8409e6925dab94\/invoke.js\"><\/script><\/div> <p>In VBA stellt die UsedRange-Eigenschaft den Bereich eines Arbeitsblatts dar, das Daten enth\u00e4lt. Der verwendete Bereich reicht von der ersten Zelle im Arbeitsblatt, in der Sie einen Wert haben, bis zur letzten Zelle, in der Sie einen Wert haben. Genau wie im folgenden Beispiel, in dem Sie den Bereich von A1 bis C11 verwendet haben. <\/p><div class=\"wp-block-image\"><figure class=\"aligncenter size-large is-resized\"><img loading=\"lazy\" decoding=\"async\" class=\"wp-image-53428\" src=\"https:\/\/exceladvisor.org\/wp-content\/uploads\/2023\/08\/1-propriete-usedrange.png\" sizes=\"auto, \" srcset=\"\" alt=\"Bereichseigenschaft verwendet\" width=\"521\" height=\"295\"><\/figure><\/div><p class=\"qt-tip\"> <strong>Hinweis: Die UsedRange-Eigenschaft ist eine schreibgesch\u00fctzte Eigenschaft<\/strong> .<\/p><h2 class=\"wp-block-heading\"> Schreiben Sie Code mit UsedRange<\/h2><p> Verwenden Sie den folgenden Code.<\/p><ol type=\"1\"><li> Zuerst m\u00fcssen Sie die Tabelle angeben.<\/li><li> Geben Sie dann einen Punkt (.) ein und geben Sie \u201eUsedRange\u201c ein.<\/li><li> Verwenden Sie anschlie\u00dfend die Eigenschaft oder Methode, die Sie verwenden m\u00f6chten.<\/li><li> F\u00fchren Sie am Ende den Code aus.<\/li><\/ol><pre class=\"wp-block-code\"> <code class=\"language-visual-basic\" lang=\"visual-basic\">Sub vba_used_range() ActiveSheet.UsedRange.Clear End Sub<\/code><\/pre><p> Der obige Code l\u00f6scht alles aus dem verwendeten Bereich des aktiven Blatts.<\/p><h2 class=\"wp-block-heading\"> Kopieren Sie den verwendeten Bereich<\/h2><p> Verwenden Sie den folgenden Code, um den gesamten UsedRange zu kopieren. <\/p><div class=\"wp-block-image\"><figure class=\"aligncenter size-large is-resized\"><img loading=\"lazy\" decoding=\"async\" class=\"wp-image-53429\" src=\"https:\/\/exceladvisor.org\/wp-content\/uploads\/2023\/08\/2-copier-toute-la-plage-utilisee.png\" sizes=\"auto, \" srcset=\"\" alt=\"Kopieren Sie den gesamten verwendeten Bereich\" width=\"551\" height=\"410\"><\/figure><\/div><pre class=\"wp-block-code\"> <code class=\"language-visual-basic\" lang=\"visual-basic\">Sub vba_used_range() ActiveSheet.UsedRange.Copy End Sub<\/code><\/pre><h2 class=\"wp-block-heading\"> Z\u00e4hlen Sie Zeilen und Spalten im verwendeten Bereich<\/h2><p> Es gibt eine count-Eigenschaft, mit der Sie die Zeilen und Spalten des verwendeten Bereichs z\u00e4hlen k\u00f6nnen.<\/p><pre class=\"wp-block-code\"> <code class=\"language-visual-basic\" lang=\"visual-basic\">MsgBox ActiveSheet.UsedRange.Rows.Count MsgBox ActiveSheet.UsedRange.Columns.Count<\/code><\/pre><p> Die beiden Codezeilen oben zeigen ein Meldungsfeld mit der Anzahl der Zeilen und Spalten an, die Sie im verwendeten Bereich haben.<\/p><h2 class=\"wp-block-heading\"> Aktivieren Sie die letzte Zelle im verwendeten Bereich<\/h2><p> Sie k\u00f6nnen auch die letzte Zelle im verwendeten Bereich aktivieren (dies w\u00e4re die letzte im Arbeitsblatt verwendete Zelle). Betrachten Sie den folgenden Code. <\/p><div class=\"wp-block-image\"><figure class=\"aligncenter size-large is-resized\"><img loading=\"lazy\" decoding=\"async\" class=\"wp-image-53430\" src=\"https:\/\/exceladvisor.org\/wp-content\/uploads\/2023\/08\/3-dernieres-cellules-actives-de-la-plage-utilisee.png\" sizes=\"auto, \" srcset=\"\" alt=\"letzte aktive Zelle des verwendeten Bereichs\" width=\"641\" height=\"403\"><\/figure><\/div><pre class=\"wp-block-code\"> <code class=\"language-visual-basic\" lang=\"visual-basic\">Sub vba_used_range() Dim iCol As Long Dim iRow As Long iRow = ActiveSheet.UsedRange.Rows.Count iCol = ActiveSheet.UsedRange.Columns.Count ActiveSheet.UsedRange.Select Selection.Cells(iRow, iCol).Select End Sub<\/code><\/pre><p> Dieser Code ermittelt mithilfe der UsedRange-Eigenschaft die Anzahl der Zeilen und Spalten und verwendet diese Zahlen dann, um die letzte Zelle im verwendeten Bereich auszuw\u00e4hlen.<\/p><h2 class=\"wp-block-heading\"> Siehe UsedRange in einem anderen Arbeitsblatt<\/h2><p> Wenn Sie versuchen, auf den Bereich zu verweisen, der in einem anderen Arbeitsblatt als dem aktiven Blatt verwendet wird, zeigt VBA einen Fehler wie diesen an. <\/p><div class=\"wp-block-image\"><figure class=\"aligncenter size-large is-resized\"><img loading=\"lazy\" decoding=\"async\" class=\"wp-image-53431\" src=\"https:\/\/exceladvisor.org\/wp-content\/uploads\/2023\/08\/4-plage-utilisee-dans-une-autre-feuille-de-calcul.png\" sizes=\"auto, \" srcset=\"\" alt=\"Bereich, der in einem anderen Arbeitsblatt verwendet wird\" width=\"465\" height=\"331\"><\/figure><\/div><p> Daher muss das Arbeitsblatt, auf das Sie sich beziehen, aktiviert sein (nur dann k\u00f6nnen Sie die UsedRange-Eigenschaft verwenden).<\/p><pre class=\"wp-block-code\"> <code class=\"language-visual-basic\" lang=\"visual-basic\">Sub vba_used_range() Worksheets(\"Sheet4\").Activate Worksheets(\"Sheet4\").UsedRange.Select End Sub<\/code><\/pre><p> Dies bedeutet, dass Sie nicht auf den in einer geschlossenen Arbeitsmappe verwendeten Bereich verweisen k\u00f6nnen. Sie k\u00f6nnen jedoch zuerst eine Arbeitsmappe \u00f6ffnen und dann das Arbeitsblatt f\u00fcr die Verwendung der UsedRange-Eigenschaft aktivieren.<\/p><h2 class=\"wp-block-heading\"> Rufen Sie die Adresse des verwendeten Bereichs ab<\/h2><p> Verwenden Sie die folgende Codezeile, um die Adresse des verwendeten Bereichs abzurufen.<\/p><pre class=\"wp-block-code\"> <code class=\"language-visual-basic\" lang=\"visual-basic\">Sub vba_used_range() MsgBox ActiveSheet.UsedRange.Address End Sub<\/code><\/pre><h2 class=\"wp-block-heading\"> Z\u00e4hlt leere Zellen im genutzten Bereich<\/h2><p> Der folgende Code verwendet <a href=\"https:\/\/exceladvisor.org\/de\/fur-die-schleife\/\">FOR-Schleifen (For Each)<\/a> und durchl\u00e4uft alle Zellen im verwendeten Bereich und z\u00e4hlt leere Zellen.<\/p><pre class=\"wp-block-code\"> <code class=\"language-visual-basic\" lang=\"visual-basic\">Sub vba_used_range() Dim iCell As Range Dim iRange As Range Dim c As Long Dim i As Long Set iRange = ActiveSheet.UsedRange For Each iCell In ActiveSheet.UsedRange c = c + 1 If IsEmpty(iCell) = True Then i = i + 1 End If Next iCell MsgBox \"There are total \" &amp; c &amp; _ \" cell(s) in the range, and out of those \" &amp; _ i &amp; \" cell(s) are empty.\" End Sub<\/code><\/pre><p> Wenn Sie diesen Code ausf\u00fchren, wird ein <a href=\"https:\/\/exceladvisor.org\/de\/vba-nachrichtenbox\/\">Meldungsfeld<\/a> mit der Gesamtzahl der Zellen und der Anzahl der leeren Zellen angezeigt.<\/p><div class=\"gb-container gb-container-4db6181c gb-container-mt\"> <a class=\"gb-button gb-button-c5897111 gb-button-text gb-button-mt-button\" href=\"https:\/\/exceladvisor.org\/de\/vba\/\">Was ist VBA<\/a><h2 class=\"gb-headline gb-headline-665e5f6b gb-headline-text gb-headline-mt-heading\"> Verwandte Tutorials <\/h2><div class=\"gb-grid-wrapper gb-grid-wrapper-a20baf7c gb-grid-wrapper-mt-grid\"><div class=\"gb-grid-column gb-grid-column-65ddf67e\"><div class=\"gb-container gb-container-65ddf67e\"><ul><li> <a href=\"https:\/\/exceladvisor.org\/de\/anzahl-der-zeilen\/\">Z\u00e4hlen Sie Zeilen mit VBA in Excel<\/a><\/li><li> <a href=\"https:\/\/exceladvisor.org\/de\/zeichenschrift\/\">Excel VBA-Schriftart (Farbe, Gr\u00f6\u00dfe, Typ und Fettdruck)<\/a><\/li><li> <a href=\"https:\/\/exceladvisor.org\/de\/spaltenzeile-ausblenden-und-anzeigen\/\">Excel VBA Eine Spalte oder Zeile ein- und ausblenden<\/a><\/li><li> <a href=\"https:\/\/exceladvisor.org\/de\/bereich-1\/\">Excel VBA-Bereich \u2013 Arbeiten mit Bereichen und Zellen<\/a><\/li><li> <a href=\"https:\/\/exceladvisor.org\/de\/grenzen\/\">Wenden Sie mit VBA in Excel Rahmen auf eine Zelle an<\/a> <\/li><\/ul><\/div><\/div><div class=\"gb-grid-column gb-grid-column-50067b57\"><div class=\"gb-container gb-container-50067b57\"><\/div><\/div><\/div><\/div>","protected":false},"excerpt":{"rendered":"","protected":false},"author":1,"featured_media":0,"parent":0,"menu_order":0,"comment_status":"open","ping_status":"closed","template":"","meta":{"ub_ctt_via":"","footnotes":""},"class_list":["post-3041","page","type-page","status-publish","hentry"],"featured_image_src":null,"yoast_head":"<!-- This site is optimized with the Yoast SEO plugin v25.4 - https:\/\/yoast.com\/wordpress\/plugins\/seo\/ -->\n<title>Wie verwende ich die UsedRange-Eigenschaft in VBA in Excel?<\/title>\n<meta name=\"description\" content=\"Die UsedRange-Eigenschaft stellt den Bereich eines Arbeitsblatts dar, das Daten enth\u00e4lt. Es beginnt mit der ersten Zelle, in der Sie einen Wert und haben\" \/>\n<meta name=\"robots\" content=\"index, follow, max-snippet:-1, max-image-preview:large, max-video-preview:-1\" \/>\n<link rel=\"canonical\" href=\"https:\/\/exceladvisor.org\/de\/bereich-verwendet\/\" \/>\n<meta property=\"og:locale\" content=\"de_DE\" \/>\n<meta property=\"og:type\" content=\"article\" \/>\n<meta property=\"og:title\" content=\"Wie verwende ich die UsedRange-Eigenschaft in VBA in Excel?\" \/>\n<meta property=\"og:description\" content=\"Die UsedRange-Eigenschaft stellt den Bereich eines Arbeitsblatts dar, das Daten enth\u00e4lt. Es beginnt mit der ersten Zelle, in der Sie einen Wert und haben\" \/>\n<meta property=\"og:url\" content=\"https:\/\/exceladvisor.org\/de\/bereich-verwendet\/\" \/>\n<meta property=\"og:site_name\" content=\"Excel Advisor\" \/>\n<meta property=\"article:modified_time\" content=\"2023-12-03T13:06:04+00:00\" \/>\n<meta property=\"og:image\" content=\"https:\/\/exceladvisor.org\/wp-content\/uploads\/2023\/08\/1-propriete-usedrange.png\" \/>\n<meta name=\"twitter:card\" content=\"summary_large_image\" \/>\n<meta name=\"twitter:label1\" content=\"Gesch\u00e4tzte Lesezeit\" \/>\n\t<meta name=\"twitter:data1\" content=\"3\u00a0Minuten\" \/>\n<script type=\"application\/ld+json\" class=\"yoast-schema-graph\">{\"@context\":\"https:\/\/schema.org\",\"@graph\":[{\"@type\":\"WebPage\",\"@id\":\"https:\/\/exceladvisor.org\/de\/bereich-verwendet\/\",\"url\":\"https:\/\/exceladvisor.org\/de\/bereich-verwendet\/\",\"name\":\"Wie verwende ich die UsedRange-Eigenschaft in VBA in Excel?\",\"isPartOf\":{\"@id\":\"https:\/\/exceladvisor.org\/de\/#website\"},\"primaryImageOfPage\":{\"@id\":\"https:\/\/exceladvisor.org\/de\/bereich-verwendet\/#primaryimage\"},\"image\":{\"@id\":\"https:\/\/exceladvisor.org\/de\/bereich-verwendet\/#primaryimage\"},\"thumbnailUrl\":\"https:\/\/exceladvisor.org\/wp-content\/uploads\/2023\/08\/1-propriete-usedrange.png\",\"datePublished\":\"2023-11-17T09:38:55+00:00\",\"dateModified\":\"2023-12-03T13:06:04+00:00\",\"description\":\"Die UsedRange-Eigenschaft stellt den Bereich eines Arbeitsblatts dar, das Daten enth\u00e4lt. Es beginnt mit der ersten Zelle, in der Sie einen Wert und haben\",\"breadcrumb\":{\"@id\":\"https:\/\/exceladvisor.org\/de\/bereich-verwendet\/#breadcrumb\"},\"inLanguage\":\"de\",\"potentialAction\":[{\"@type\":\"ReadAction\",\"target\":[\"https:\/\/exceladvisor.org\/de\/bereich-verwendet\/\"]}]},{\"@type\":\"ImageObject\",\"inLanguage\":\"de\",\"@id\":\"https:\/\/exceladvisor.org\/de\/bereich-verwendet\/#primaryimage\",\"url\":\"https:\/\/exceladvisor.org\/wp-content\/uploads\/2023\/08\/1-propriete-usedrange.png\",\"contentUrl\":\"https:\/\/exceladvisor.org\/wp-content\/uploads\/2023\/08\/1-propriete-usedrange.png\"},{\"@type\":\"BreadcrumbList\",\"@id\":\"https:\/\/exceladvisor.org\/de\/bereich-verwendet\/#breadcrumb\",\"itemListElement\":[{\"@type\":\"ListItem\",\"position\":1,\"name\":\"Accueil\",\"item\":\"https:\/\/exceladvisor.org\/de\/\"},{\"@type\":\"ListItem\",\"position\":2,\"name\":\"Wie verwende ich die usedrange-eigenschaft in vba?\"}]},{\"@type\":\"WebSite\",\"@id\":\"https:\/\/exceladvisor.org\/de\/#website\",\"url\":\"https:\/\/exceladvisor.org\/de\/\",\"name\":\"Excel Advisor\",\"description\":\"Ihr Leitfaden zur Datendominanz\",\"publisher\":{\"@id\":\"https:\/\/exceladvisor.org\/de\/#organization\"},\"potentialAction\":[{\"@type\":\"SearchAction\",\"target\":{\"@type\":\"EntryPoint\",\"urlTemplate\":\"https:\/\/exceladvisor.org\/de\/?s={search_term_string}\"},\"query-input\":{\"@type\":\"PropertyValueSpecification\",\"valueRequired\":true,\"valueName\":\"search_term_string\"}}],\"inLanguage\":\"de\"},{\"@type\":\"Organization\",\"@id\":\"https:\/\/exceladvisor.org\/de\/#organization\",\"name\":\"Excel Advisor\",\"url\":\"https:\/\/exceladvisor.org\/de\/\",\"logo\":{\"@type\":\"ImageObject\",\"inLanguage\":\"de\",\"@id\":\"https:\/\/exceladvisor.org\/de\/#\/schema\/logo\/image\/\",\"url\":\"https:\/\/exceladvisor.org\/de\/wp-content\/uploads\/2023\/11\/exceladvisor.org_.png\",\"contentUrl\":\"https:\/\/exceladvisor.org\/de\/wp-content\/uploads\/2023\/11\/exceladvisor.org_.png\",\"width\":105,\"height\":36,\"caption\":\"Excel Advisor\"},\"image\":{\"@id\":\"https:\/\/exceladvisor.org\/de\/#\/schema\/logo\/image\/\"}}]}<\/script>\n<!-- \/ Yoast SEO plugin. -->","yoast_head_json":{"title":"Wie verwende ich die UsedRange-Eigenschaft in VBA in Excel?","description":"Die UsedRange-Eigenschaft stellt den Bereich eines Arbeitsblatts dar, das Daten enth\u00e4lt. Es beginnt mit der ersten Zelle, in der Sie einen Wert und haben","robots":{"index":"index","follow":"follow","max-snippet":"max-snippet:-1","max-image-preview":"max-image-preview:large","max-video-preview":"max-video-preview:-1"},"canonical":"https:\/\/exceladvisor.org\/de\/bereich-verwendet\/","og_locale":"de_DE","og_type":"article","og_title":"Wie verwende ich die UsedRange-Eigenschaft in VBA in Excel?","og_description":"Die UsedRange-Eigenschaft stellt den Bereich eines Arbeitsblatts dar, das Daten enth\u00e4lt. Es beginnt mit der ersten Zelle, in der Sie einen Wert und haben","og_url":"https:\/\/exceladvisor.org\/de\/bereich-verwendet\/","og_site_name":"Excel Advisor","article_modified_time":"2023-12-03T13:06:04+00:00","og_image":[{"url":"https:\/\/exceladvisor.org\/wp-content\/uploads\/2023\/08\/1-propriete-usedrange.png","type":"","width":"","height":""}],"twitter_card":"summary_large_image","twitter_misc":{"Gesch\u00e4tzte Lesezeit":"3\u00a0Minuten"},"schema":{"@context":"https:\/\/schema.org","@graph":[{"@type":"WebPage","@id":"https:\/\/exceladvisor.org\/de\/bereich-verwendet\/","url":"https:\/\/exceladvisor.org\/de\/bereich-verwendet\/","name":"Wie verwende ich die UsedRange-Eigenschaft in VBA in Excel?","isPartOf":{"@id":"https:\/\/exceladvisor.org\/de\/#website"},"primaryImageOfPage":{"@id":"https:\/\/exceladvisor.org\/de\/bereich-verwendet\/#primaryimage"},"image":{"@id":"https:\/\/exceladvisor.org\/de\/bereich-verwendet\/#primaryimage"},"thumbnailUrl":"https:\/\/exceladvisor.org\/wp-content\/uploads\/2023\/08\/1-propriete-usedrange.png","datePublished":"2023-11-17T09:38:55+00:00","dateModified":"2023-12-03T13:06:04+00:00","description":"Die UsedRange-Eigenschaft stellt den Bereich eines Arbeitsblatts dar, das Daten enth\u00e4lt. Es beginnt mit der ersten Zelle, in der Sie einen Wert und haben","breadcrumb":{"@id":"https:\/\/exceladvisor.org\/de\/bereich-verwendet\/#breadcrumb"},"inLanguage":"de","potentialAction":[{"@type":"ReadAction","target":["https:\/\/exceladvisor.org\/de\/bereich-verwendet\/"]}]},{"@type":"ImageObject","inLanguage":"de","@id":"https:\/\/exceladvisor.org\/de\/bereich-verwendet\/#primaryimage","url":"https:\/\/exceladvisor.org\/wp-content\/uploads\/2023\/08\/1-propriete-usedrange.png","contentUrl":"https:\/\/exceladvisor.org\/wp-content\/uploads\/2023\/08\/1-propriete-usedrange.png"},{"@type":"BreadcrumbList","@id":"https:\/\/exceladvisor.org\/de\/bereich-verwendet\/#breadcrumb","itemListElement":[{"@type":"ListItem","position":1,"name":"Accueil","item":"https:\/\/exceladvisor.org\/de\/"},{"@type":"ListItem","position":2,"name":"Wie verwende ich die usedrange-eigenschaft in vba?"}]},{"@type":"WebSite","@id":"https:\/\/exceladvisor.org\/de\/#website","url":"https:\/\/exceladvisor.org\/de\/","name":"Excel Advisor","description":"Ihr Leitfaden zur Datendominanz","publisher":{"@id":"https:\/\/exceladvisor.org\/de\/#organization"},"potentialAction":[{"@type":"SearchAction","target":{"@type":"EntryPoint","urlTemplate":"https:\/\/exceladvisor.org\/de\/?s={search_term_string}"},"query-input":{"@type":"PropertyValueSpecification","valueRequired":true,"valueName":"search_term_string"}}],"inLanguage":"de"},{"@type":"Organization","@id":"https:\/\/exceladvisor.org\/de\/#organization","name":"Excel Advisor","url":"https:\/\/exceladvisor.org\/de\/","logo":{"@type":"ImageObject","inLanguage":"de","@id":"https:\/\/exceladvisor.org\/de\/#\/schema\/logo\/image\/","url":"https:\/\/exceladvisor.org\/de\/wp-content\/uploads\/2023\/11\/exceladvisor.org_.png","contentUrl":"https:\/\/exceladvisor.org\/de\/wp-content\/uploads\/2023\/11\/exceladvisor.org_.png","width":105,"height":36,"caption":"Excel Advisor"},"image":{"@id":"https:\/\/exceladvisor.org\/de\/#\/schema\/logo\/image\/"}}]}},"yoast_meta":{"yoast_wpseo_title":"","yoast_wpseo_metadesc":"","yoast_wpseo_canonical":""},"_links":{"self":[{"href":"https:\/\/exceladvisor.org\/de\/wp-json\/wp\/v2\/pages\/3041","targetHints":{"allow":["GET"]}}],"collection":[{"href":"https:\/\/exceladvisor.org\/de\/wp-json\/wp\/v2\/pages"}],"about":[{"href":"https:\/\/exceladvisor.org\/de\/wp-json\/wp\/v2\/types\/page"}],"author":[{"embeddable":true,"href":"https:\/\/exceladvisor.org\/de\/wp-json\/wp\/v2\/users\/1"}],"replies":[{"embeddable":true,"href":"https:\/\/exceladvisor.org\/de\/wp-json\/wp\/v2\/comments?post=3041"}],"version-history":[{"count":1,"href":"https:\/\/exceladvisor.org\/de\/wp-json\/wp\/v2\/pages\/3041\/revisions"}],"predecessor-version":[{"id":4254,"href":"https:\/\/exceladvisor.org\/de\/wp-json\/wp\/v2\/pages\/3041\/revisions\/4254"}],"wp:attachment":[{"href":"https:\/\/exceladvisor.org\/de\/wp-json\/wp\/v2\/media?parent=3041"}],"curies":[{"name":"wp","href":"https:\/\/api.w.org\/{rel}","templated":true}]}}