{"id":3043,"date":"2023-11-17T08:33:05","date_gmt":"2023-11-17T08:33:05","guid":{"rendered":"https:\/\/exceladvisor.org\/de\/uberprufen-sie-die-leere-zelle\/"},"modified":"2023-12-03T11:22:05","modified_gmt":"2023-12-03T11:22:05","slug":"uberprufen-sie-die-leere-zelle","status":"publish","type":"page","link":"https:\/\/exceladvisor.org\/de\/uberprufen-sie-die-leere-zelle\/","title":{"rendered":"Wie kann ich per vba pr\u00fcfen, ob eine zelle leer ist?"},"content":{"rendered":"<div class=\"excel-vor-dem-inhalt\" id=\"excel-566451607\"><script type=\"text\/javascript\">\r\n\tatOptions = {\r\n\t\t'key' : 'c1158f160081d6540a8409e6925dab94',\r\n\t\t'format' : 'iframe',\r\n\t\t'height' : 250,\r\n\t\t'width' : 300,\r\n\t\t'params' : {}\r\n\t};\r\n<\/script>\r\n<script type=\"text\/javascript\" src=\"\/\/www.highperformanceformat.com\/c1158f160081d6540a8409e6925dab94\/invoke.js\"><\/script><\/div> <p>Um zu \u00fcberpr\u00fcfen, ob eine Zelle leer ist, k\u00f6nnen Sie <a href=\"https:\/\/exceladvisor.org\/de\/ist-leer\/\">die ISEMPTY-Funktion von VBA<\/a> verwenden. In dieser Funktion m\u00fcssen Sie das Bereichsobjekt verwenden, um die Zelle anzugeben, die Sie \u00fcberpr\u00fcfen m\u00f6chten. Es gibt \u201etrue\u201c zur\u00fcck, wenn diese Zelle leer ist, andernfalls \u201efalse\u201c. Sie k\u00f6nnen ein Meldungsfeld oder eine Zelle verwenden, um das Ergebnis abzurufen.<\/p><h2 class=\"wp-block-heading\"> Verwenden Sie VBA, um zu \u00fcberpr\u00fcfen, ob eine Zelle leer ist<\/h2><ol type=\"1\"><li> Beginnen Sie mit dem Funktionsnamen \u201eIsEmpty\u201c.<\/li><li> Geben Sie die Zelle an, die Sie \u00fcberpr\u00fcfen m\u00f6chten.<\/li><li> Verwenden Sie ein Meldungsfeld oder eine Zelle, um den Ergebniswert abzurufen.<\/li><li> F\u00fchren Sie am Ende den Code aus. <\/li><\/ol><pre class=\"wp-block-code\"> <code class=\"language-visual-basic\" lang=\"visual-basic\">MsgBox IsEmpty(Range(\"A1\"))<\/code><\/pre><div class=\"wp-block-image\"><figure class=\"aligncenter size-large is-resized\"><img loading=\"lazy\" decoding=\"async\" class=\"wp-image-54527\" src=\"https:\/\/exceladvisor.org\/wp-content\/uploads\/2023\/08\/1-utiliser-vba-pour-verifier-si-une-cellule-est-vide.png\" sizes=\"auto, \" srcset=\"\" alt=\"Verwenden Sie VBA, um zu \u00fcberpr\u00fcfen, ob eine Zelle leer ist\" width=\"584\" height=\"472\"><\/figure><\/div><h2 class=\"wp-block-heading\"> \u00dcberpr\u00fcfen Sie, ob mehrere Zellen leer sind<\/h2><p> Wenn Sie leere Zellen in einem Bereich \u00fcberpr\u00fcfen und z\u00e4hlen m\u00f6chten, m\u00fcssen Sie \u00fcber jede Zelle im Bereich iterieren.<\/p><pre class=\"wp-block-code\"> <code class=\"language-visual-basic\" lang=\"visual-basic\">Sub vba_check_empty_cells() Dim i As Long Dim c As Long Dim myRange As Range Dim myCell As Range Set myRange = Range(\"A1:A10\") For Each myCell In myRange c = c + 1 If IsEmpty(myCell) Then i = i + 1 End If Next myCell MsgBox _ \"There are total \" &amp; i &amp; \" empty cell(s) out of \" &amp; c &amp; \".\" End Sub<\/code><\/pre><p> Der obige Code durchl\u00e4uft jede Zelle im Bereich A1:A10 und \u00fcberpr\u00fcft jede Zelle einzeln mit der Funktion ISEMPTY, ob sie leer ist oder nicht.<\/p><p> Und jede leere Zelle wird gez\u00e4hlt und am Ende wird ein Meldungsfeld mit der Gesamtzahl der Zellen und leeren Zellen angezeigt.<\/p><p> Verwenden Sie den folgenden Code, wenn Sie auch leere Zellen hervorheben m\u00f6chten.<\/p><pre class=\"wp-block-code\"> <code class=\"language-visual-basic\" lang=\"visual-basic\">Dim i As Long Dim c As Long Dim myRange As Range Dim myCell As Range Set myRange = Range(\"A1:A10\") For Each myCell In myRange ' c = c + 1 If IsEmpty(myCell) Then myCell.Interior.Color = RGB(255, 87, 87) i = i + 1 End If Next myCell MsgBox _ \"There are total \" &amp; i &amp; \" empty cell(s) out of \" &amp; c &amp; \".\"<\/code><\/pre><div class=\"gb-container gb-container-4db6181c gb-container-mt\"> <a class=\"gb-button gb-button-c5897111 gb-button-text gb-button-mt-button\" href=\"https:\/\/exceladvisor.org\/de\/vba\/\">Was ist VBA<\/a><h2 class=\"gb-headline gb-headline-665e5f6b gb-headline-text gb-headline-mt-heading\"> Verwandte Tutorials <\/h2><div class=\"gb-grid-wrapper gb-grid-wrapper-a20baf7c gb-grid-wrapper-mt-grid\"><div class=\"gb-grid-column gb-grid-column-65ddf67e\"><div class=\"gb-container gb-container-65ddf67e\"><ul><li> <a href=\"https:\/\/exceladvisor.org\/de\/anzahl-der-zeilen\/\">Z\u00e4hlen Sie Zeilen mit VBA in Excel<\/a><\/li><li> <a href=\"https:\/\/exceladvisor.org\/de\/zeichenschrift\/\">Excel VBA-Schriftart (Farbe, Gr\u00f6\u00dfe, Typ und Fett)<\/a><\/li><li> <a href=\"https:\/\/exceladvisor.org\/de\/spaltenzeile-ausblenden-und-anzeigen\/\">Excel VBA Eine Spalte oder Zeile ein- und ausblenden<\/a><\/li><li> <a href=\"https:\/\/exceladvisor.org\/de\/bereich-1\/\">Excel VBA-Bereich \u2013 Arbeiten mit Bereichen und Zellen<\/a><\/li><li> <a href=\"https:\/\/exceladvisor.org\/de\/grenzen\/\">Wenden Sie mit VBA in Excel Rahmen auf eine Zelle an<\/a> <\/li><\/ul><\/div><\/div><div class=\"gb-grid-column gb-grid-column-50067b57\"><div class=\"gb-container gb-container-50067b57\"><\/div><\/div><\/div><\/div>","protected":false},"excerpt":{"rendered":"","protected":false},"author":1,"featured_media":0,"parent":0,"menu_order":0,"comment_status":"open","ping_status":"closed","template":"","meta":{"ub_ctt_via":"","footnotes":""},"class_list":["post-3043","page","type-page","status-publish","hentry"],"featured_image_src":null,"yoast_head":"<!-- This site is optimized with the Yoast SEO plugin v25.4 - https:\/\/yoast.com\/wordpress\/plugins\/seo\/ -->\n<title>Wie kann ich per VBA pr\u00fcfen, ob eine Zelle leer ist? (Tutorial 2023)<\/title>\n<meta name=\"description\" content=\"In diesem Tutorial erfahren Sie, wie Sie mit VBA pr\u00fcfen, ob eine Zelle oder ein Bereich leer ist oder ob die Funktion nicht verwendet wird\" \/>\n<meta name=\"robots\" content=\"index, follow, max-snippet:-1, max-image-preview:large, max-video-preview:-1\" \/>\n<link rel=\"canonical\" href=\"https:\/\/exceladvisor.org\/de\/uberprufen-sie-die-leere-zelle\/\" \/>\n<meta property=\"og:locale\" content=\"de_DE\" \/>\n<meta property=\"og:type\" content=\"article\" \/>\n<meta property=\"og:title\" content=\"Wie kann ich per VBA pr\u00fcfen, ob eine Zelle leer ist? (Tutorial 2023)\" \/>\n<meta property=\"og:description\" content=\"In diesem Tutorial erfahren Sie, wie Sie mit VBA pr\u00fcfen, ob eine Zelle oder ein Bereich leer ist oder ob die Funktion nicht verwendet wird\" \/>\n<meta property=\"og:url\" content=\"https:\/\/exceladvisor.org\/de\/uberprufen-sie-die-leere-zelle\/\" \/>\n<meta property=\"og:site_name\" content=\"Excel Advisor\" \/>\n<meta property=\"article:modified_time\" content=\"2023-12-03T11:22:05+00:00\" \/>\n<meta property=\"og:image\" content=\"https:\/\/exceladvisor.org\/wp-content\/uploads\/2023\/08\/1-utiliser-vba-pour-verifier-si-une-cellule-est-vide.png\" \/>\n<meta name=\"twitter:card\" content=\"summary_large_image\" \/>\n<meta name=\"twitter:label1\" content=\"Gesch\u00e4tzte Lesezeit\" \/>\n\t<meta name=\"twitter:data1\" content=\"2\u00a0Minuten\" \/>\n<script type=\"application\/ld+json\" class=\"yoast-schema-graph\">{\"@context\":\"https:\/\/schema.org\",\"@graph\":[{\"@type\":\"WebPage\",\"@id\":\"https:\/\/exceladvisor.org\/de\/uberprufen-sie-die-leere-zelle\/\",\"url\":\"https:\/\/exceladvisor.org\/de\/uberprufen-sie-die-leere-zelle\/\",\"name\":\"Wie kann ich per VBA pr\u00fcfen, ob eine Zelle leer ist? (Tutorial 2023)\",\"isPartOf\":{\"@id\":\"https:\/\/exceladvisor.org\/de\/#website\"},\"primaryImageOfPage\":{\"@id\":\"https:\/\/exceladvisor.org\/de\/uberprufen-sie-die-leere-zelle\/#primaryimage\"},\"image\":{\"@id\":\"https:\/\/exceladvisor.org\/de\/uberprufen-sie-die-leere-zelle\/#primaryimage\"},\"thumbnailUrl\":\"https:\/\/exceladvisor.org\/wp-content\/uploads\/2023\/08\/1-utiliser-vba-pour-verifier-si-une-cellule-est-vide.png\",\"datePublished\":\"2023-11-17T08:33:05+00:00\",\"dateModified\":\"2023-12-03T11:22:05+00:00\",\"description\":\"In diesem Tutorial erfahren Sie, wie Sie mit VBA pr\u00fcfen, ob eine Zelle oder ein Bereich leer ist oder ob die Funktion nicht verwendet wird\",\"breadcrumb\":{\"@id\":\"https:\/\/exceladvisor.org\/de\/uberprufen-sie-die-leere-zelle\/#breadcrumb\"},\"inLanguage\":\"de\",\"potentialAction\":[{\"@type\":\"ReadAction\",\"target\":[\"https:\/\/exceladvisor.org\/de\/uberprufen-sie-die-leere-zelle\/\"]}]},{\"@type\":\"ImageObject\",\"inLanguage\":\"de\",\"@id\":\"https:\/\/exceladvisor.org\/de\/uberprufen-sie-die-leere-zelle\/#primaryimage\",\"url\":\"https:\/\/exceladvisor.org\/wp-content\/uploads\/2023\/08\/1-utiliser-vba-pour-verifier-si-une-cellule-est-vide.png\",\"contentUrl\":\"https:\/\/exceladvisor.org\/wp-content\/uploads\/2023\/08\/1-utiliser-vba-pour-verifier-si-une-cellule-est-vide.png\"},{\"@type\":\"BreadcrumbList\",\"@id\":\"https:\/\/exceladvisor.org\/de\/uberprufen-sie-die-leere-zelle\/#breadcrumb\",\"itemListElement\":[{\"@type\":\"ListItem\",\"position\":1,\"name\":\"Accueil\",\"item\":\"https:\/\/exceladvisor.org\/de\/\"},{\"@type\":\"ListItem\",\"position\":2,\"name\":\"Wie kann ich per vba pr\u00fcfen, ob eine zelle leer ist?\"}]},{\"@type\":\"WebSite\",\"@id\":\"https:\/\/exceladvisor.org\/de\/#website\",\"url\":\"https:\/\/exceladvisor.org\/de\/\",\"name\":\"Excel Advisor\",\"description\":\"Ihr Leitfaden zur Datendominanz\",\"publisher\":{\"@id\":\"https:\/\/exceladvisor.org\/de\/#organization\"},\"potentialAction\":[{\"@type\":\"SearchAction\",\"target\":{\"@type\":\"EntryPoint\",\"urlTemplate\":\"https:\/\/exceladvisor.org\/de\/?s={search_term_string}\"},\"query-input\":{\"@type\":\"PropertyValueSpecification\",\"valueRequired\":true,\"valueName\":\"search_term_string\"}}],\"inLanguage\":\"de\"},{\"@type\":\"Organization\",\"@id\":\"https:\/\/exceladvisor.org\/de\/#organization\",\"name\":\"Excel Advisor\",\"url\":\"https:\/\/exceladvisor.org\/de\/\",\"logo\":{\"@type\":\"ImageObject\",\"inLanguage\":\"de\",\"@id\":\"https:\/\/exceladvisor.org\/de\/#\/schema\/logo\/image\/\",\"url\":\"https:\/\/exceladvisor.org\/de\/wp-content\/uploads\/2023\/11\/exceladvisor.org_.png\",\"contentUrl\":\"https:\/\/exceladvisor.org\/de\/wp-content\/uploads\/2023\/11\/exceladvisor.org_.png\",\"width\":105,\"height\":36,\"caption\":\"Excel Advisor\"},\"image\":{\"@id\":\"https:\/\/exceladvisor.org\/de\/#\/schema\/logo\/image\/\"}}]}<\/script>\n<!-- \/ Yoast SEO plugin. -->","yoast_head_json":{"title":"Wie kann ich per VBA pr\u00fcfen, ob eine Zelle leer ist? (Tutorial 2023)","description":"In diesem Tutorial erfahren Sie, wie Sie mit VBA pr\u00fcfen, ob eine Zelle oder ein Bereich leer ist oder ob die Funktion nicht verwendet wird","robots":{"index":"index","follow":"follow","max-snippet":"max-snippet:-1","max-image-preview":"max-image-preview:large","max-video-preview":"max-video-preview:-1"},"canonical":"https:\/\/exceladvisor.org\/de\/uberprufen-sie-die-leere-zelle\/","og_locale":"de_DE","og_type":"article","og_title":"Wie kann ich per VBA pr\u00fcfen, ob eine Zelle leer ist? (Tutorial 2023)","og_description":"In diesem Tutorial erfahren Sie, wie Sie mit VBA pr\u00fcfen, ob eine Zelle oder ein Bereich leer ist oder ob die Funktion nicht verwendet wird","og_url":"https:\/\/exceladvisor.org\/de\/uberprufen-sie-die-leere-zelle\/","og_site_name":"Excel Advisor","article_modified_time":"2023-12-03T11:22:05+00:00","og_image":[{"url":"https:\/\/exceladvisor.org\/wp-content\/uploads\/2023\/08\/1-utiliser-vba-pour-verifier-si-une-cellule-est-vide.png","type":"","width":"","height":""}],"twitter_card":"summary_large_image","twitter_misc":{"Gesch\u00e4tzte Lesezeit":"2\u00a0Minuten"},"schema":{"@context":"https:\/\/schema.org","@graph":[{"@type":"WebPage","@id":"https:\/\/exceladvisor.org\/de\/uberprufen-sie-die-leere-zelle\/","url":"https:\/\/exceladvisor.org\/de\/uberprufen-sie-die-leere-zelle\/","name":"Wie kann ich per VBA pr\u00fcfen, ob eine Zelle leer ist? (Tutorial 2023)","isPartOf":{"@id":"https:\/\/exceladvisor.org\/de\/#website"},"primaryImageOfPage":{"@id":"https:\/\/exceladvisor.org\/de\/uberprufen-sie-die-leere-zelle\/#primaryimage"},"image":{"@id":"https:\/\/exceladvisor.org\/de\/uberprufen-sie-die-leere-zelle\/#primaryimage"},"thumbnailUrl":"https:\/\/exceladvisor.org\/wp-content\/uploads\/2023\/08\/1-utiliser-vba-pour-verifier-si-une-cellule-est-vide.png","datePublished":"2023-11-17T08:33:05+00:00","dateModified":"2023-12-03T11:22:05+00:00","description":"In diesem Tutorial erfahren Sie, wie Sie mit VBA pr\u00fcfen, ob eine Zelle oder ein Bereich leer ist oder ob die Funktion nicht verwendet wird","breadcrumb":{"@id":"https:\/\/exceladvisor.org\/de\/uberprufen-sie-die-leere-zelle\/#breadcrumb"},"inLanguage":"de","potentialAction":[{"@type":"ReadAction","target":["https:\/\/exceladvisor.org\/de\/uberprufen-sie-die-leere-zelle\/"]}]},{"@type":"ImageObject","inLanguage":"de","@id":"https:\/\/exceladvisor.org\/de\/uberprufen-sie-die-leere-zelle\/#primaryimage","url":"https:\/\/exceladvisor.org\/wp-content\/uploads\/2023\/08\/1-utiliser-vba-pour-verifier-si-une-cellule-est-vide.png","contentUrl":"https:\/\/exceladvisor.org\/wp-content\/uploads\/2023\/08\/1-utiliser-vba-pour-verifier-si-une-cellule-est-vide.png"},{"@type":"BreadcrumbList","@id":"https:\/\/exceladvisor.org\/de\/uberprufen-sie-die-leere-zelle\/#breadcrumb","itemListElement":[{"@type":"ListItem","position":1,"name":"Accueil","item":"https:\/\/exceladvisor.org\/de\/"},{"@type":"ListItem","position":2,"name":"Wie kann ich per vba pr\u00fcfen, ob eine zelle leer ist?"}]},{"@type":"WebSite","@id":"https:\/\/exceladvisor.org\/de\/#website","url":"https:\/\/exceladvisor.org\/de\/","name":"Excel Advisor","description":"Ihr Leitfaden zur Datendominanz","publisher":{"@id":"https:\/\/exceladvisor.org\/de\/#organization"},"potentialAction":[{"@type":"SearchAction","target":{"@type":"EntryPoint","urlTemplate":"https:\/\/exceladvisor.org\/de\/?s={search_term_string}"},"query-input":{"@type":"PropertyValueSpecification","valueRequired":true,"valueName":"search_term_string"}}],"inLanguage":"de"},{"@type":"Organization","@id":"https:\/\/exceladvisor.org\/de\/#organization","name":"Excel Advisor","url":"https:\/\/exceladvisor.org\/de\/","logo":{"@type":"ImageObject","inLanguage":"de","@id":"https:\/\/exceladvisor.org\/de\/#\/schema\/logo\/image\/","url":"https:\/\/exceladvisor.org\/de\/wp-content\/uploads\/2023\/11\/exceladvisor.org_.png","contentUrl":"https:\/\/exceladvisor.org\/de\/wp-content\/uploads\/2023\/11\/exceladvisor.org_.png","width":105,"height":36,"caption":"Excel Advisor"},"image":{"@id":"https:\/\/exceladvisor.org\/de\/#\/schema\/logo\/image\/"}}]}},"yoast_meta":{"yoast_wpseo_title":"","yoast_wpseo_metadesc":"","yoast_wpseo_canonical":""},"_links":{"self":[{"href":"https:\/\/exceladvisor.org\/de\/wp-json\/wp\/v2\/pages\/3043","targetHints":{"allow":["GET"]}}],"collection":[{"href":"https:\/\/exceladvisor.org\/de\/wp-json\/wp\/v2\/pages"}],"about":[{"href":"https:\/\/exceladvisor.org\/de\/wp-json\/wp\/v2\/types\/page"}],"author":[{"embeddable":true,"href":"https:\/\/exceladvisor.org\/de\/wp-json\/wp\/v2\/users\/1"}],"replies":[{"embeddable":true,"href":"https:\/\/exceladvisor.org\/de\/wp-json\/wp\/v2\/comments?post=3043"}],"version-history":[{"count":1,"href":"https:\/\/exceladvisor.org\/de\/wp-json\/wp\/v2\/pages\/3043\/revisions"}],"predecessor-version":[{"id":4100,"href":"https:\/\/exceladvisor.org\/de\/wp-json\/wp\/v2\/pages\/3043\/revisions\/4100"}],"wp:attachment":[{"href":"https:\/\/exceladvisor.org\/de\/wp-json\/wp\/v2\/media?parent=3043"}],"curies":[{"name":"wp","href":"https:\/\/api.w.org\/{rel}","templated":true}]}}