{"id":3044,"date":"2023-11-17T07:57:05","date_gmt":"2023-11-17T07:57:05","guid":{"rendered":"https:\/\/exceladvisor.org\/de\/zahlen-sie-bestimmte-zeichen\/"},"modified":"2023-12-03T13:05:49","modified_gmt":"2023-12-03T13:05:49","slug":"zahlen-sie-bestimmte-zeichen","status":"publish","type":"page","link":"https:\/\/exceladvisor.org\/de\/zahlen-sie-bestimmte-zeichen\/","title":{"rendered":"Wie z\u00e4hle ich bestimmte zeichen?"},"content":{"rendered":"<div class=\"excel-vor-dem-inhalt\" id=\"excel-135594754\"><script type=\"text\/javascript\">\r\n\tatOptions = {\r\n\t\t'key' : 'c1158f160081d6540a8409e6925dab94',\r\n\t\t'format' : 'iframe',\r\n\t\t'height' : 250,\r\n\t\t'width' : 300,\r\n\t\t'params' : {}\r\n\t};\r\n<\/script>\r\n<script type=\"text\/javascript\" src=\"\/\/www.highperformanceformat.com\/c1158f160081d6540a8409e6925dab94\/invoke.js\"><\/script><\/div> <p>Um in Excel ein bestimmtes Zeichen zu z\u00e4hlen, m\u00fcssen Sie eine Kombination aus den Funktionen SUBSTITUTE und LEN verwenden.<\/p><p> LEN z\u00e4hlt die Gesamtzahl der Zeichen, dann entfernt die Substitutionsfunktion das Zeichen, das Sie z\u00e4hlen m\u00f6chten, aus dem Hauptwert.<\/p><p> Danach k\u00f6nnen Sie die Gesamtzahl der Zeichen erneut z\u00e4hlen und sie mit der urspr\u00fcnglichen Anzahl vergleichen, um die Anzahl dieses bestimmten Zeichens zu ermitteln.<\/p><p> Im folgenden Beispiel haben Sie einen langen Satz in Zelle A1 und nun m\u00fcssen Sie anhand des Satzes z\u00e4hlen, wie oft der Buchstabe \u201ee\u201c vorkommt. Wir werden diese Formel in Zelle B1 schreiben. <\/p><div class=\"wp-block-image\"><figure class=\"aligncenter size-full is-resized\"><img loading=\"lazy\" decoding=\"async\" class=\"wp-image-67133\" src=\"https:\/\/exceladvisor.org\/wp-content\/uploads\/2023\/08\/1-cellule-avec-longue-phrase.png\" sizes=\"auto, \" srcset=\"\" alt=\"Zelle mit langem Satz\" width=\"479\" height=\"290\"><\/figure><\/div><p> Sie k\u00f6nnen die folgenden Schritte verwenden, um diese Formel zu schreiben:<\/p><ol type=\"1\"><li> Geben Sie zun\u00e4chst in Zelle B1 die LEN-Funktion ein und beziehen Sie sich auf Zelle A1.<\/li><li> Geben Sie anschlie\u00dfend ein Minuszeichen ein und geben Sie die LEN-Funktion erneut ein.<\/li><li> Als n\u00e4chstes m\u00fcssen Sie die SUBSTITUTE-Funktion in die LEN-Funktion eingeben.<\/li><li> Geben Sie nun die Substitutionsfunktion ein und beziehen Sie sich erneut auf Zelle A1.<\/li><li> Von hier aus m\u00fcssen Sie das Zeichen angeben, das Sie im zweiten Argument ersetzen m\u00f6chten<\/li><li> Und dann ein Leerzeichen im dritten Argument der SUBSTITUTE-Funktion.<\/li><li> Dr\u00fccken Sie am Ende die Eingabetaste zwischen den schlie\u00dfenden Klammern und dr\u00fccken Sie die Eingabetaste. <\/li><\/ol><div class=\"wp-block-image\"><figure class=\"aligncenter size-full is-resized\"><img loading=\"lazy\" decoding=\"async\" class=\"wp-image-67134\" src=\"https:\/\/exceladvisor.org\/wp-content\/uploads\/2023\/08\/2-len-et-formule-de-substitution.png\" sizes=\"auto, \" srcset=\"\" alt=\"Len-and-Substitute-Formel\" width=\"665\" height=\"188\"><\/figure><\/div><p> Und sobald Sie die Eingabetaste dr\u00fccken, wird das Z\u00e4hlzeichen \u201ee\u201c im Ergebnis zur\u00fcckgegeben, n\u00e4mlich vierundzwanzig. <\/p><pre class=\"wp-block-code\"> <code class=\"language-excel-formula\" lang=\"excel-formula\">=LEN(A1)-LEN(SUBSTITUTE(A1,\"e\",\"\"))<\/code><\/pre><div class=\"wp-block-image\"><figure class=\"aligncenter size-full is-resized\"><img loading=\"lazy\" decoding=\"async\" class=\"wp-image-67135\" src=\"https:\/\/exceladvisor.org\/wp-content\/uploads\/2023\/08\/Valeur-resultante-de-3-caracteres-speciaux.png\" sizes=\"auto, \" srcset=\"\" alt=\"Sonderzeichen-Ergebniswert\" width=\"639\" height=\"196\"><\/figure><\/div><p> Um diese Formel zu \u00fcberpr\u00fcfen, habe ich den folgenden Code verwendet, um alle Zeichen in Zelle A1 zu durchlaufen.<\/p><pre class=\"wp-block-code\"> <code class=\"language-visual-basic\" lang=\"visual-basic\">Sub LoopString() Dim Counter As Integer Dim MyString As String Dim i As Integer MyString = Range(\"A1\").Value For Counter = 1 To Len(MyString) If Mid(MyString, Counter, 1) = \"e\" Then i = i + 1 End If Next MsgBox i End Sub<\/code><\/pre><h2 class=\"wp-block-heading\"> Wie funktioniert diese Formel?<\/h2><p> Jetzt ist es an der Zeit zu verstehen, wie diese Formel funktioniert. Dazu m\u00fcssen wir diese Formel in drei Teile unterteilen. <\/p><div class=\"wp-block-image\"><figure class=\"aligncenter size-full is-resized\"><img loading=\"lazy\" decoding=\"async\" class=\"wp-image-67136\" src=\"https:\/\/exceladvisor.org\/wp-content\/uploads\/2023\/08\/4-comprendre-la-formule-len-et-substitut.png\" sizes=\"auto, \" srcset=\"\" alt=\"Verstehe-die-len-Formel-und-ersetze\" width=\"613\" height=\"144\"><\/figure><\/div><ol type=\"1\"><li> Im ersten Teil haben wir die LEN-Funktion, die die Gesamtzahl der Zeichen in Zelle A1 z\u00e4hlt und als Ergebnis 199 zur\u00fcckgibt.<\/li><li> Im zweiten Teil haben wir eine Substitutionsfunktion verwendet, um \u201ee\u201c durch einen Nullwert zu ersetzen.<\/li><li> Im dritten Teil haben wir die Substitutionsfunktion verwendet, um die Zeichen des for-Werts zu z\u00e4hlen, bei denen das Zeichen \u201ee\u201c nicht vorhanden ist. <\/li><\/ol><div class=\"wp-block-image\"><figure class=\"aligncenter size-full is-resized\"><img loading=\"lazy\" decoding=\"async\" class=\"wp-image-67137\" src=\"https:\/\/exceladvisor.org\/wp-content\/uploads\/2023\/08\/5-comprendre-la-combinaison-len-et-substitut.png\" sizes=\"auto, \" srcset=\"\" alt=\"Verstehe-Len-und-Ersatz-Kombination\" width=\"611\" height=\"184\"><\/figure><\/div><div class=\"gb-container gb-container-52dfcee1 gb-container-sample-file\"><h2 class=\"gb-headline gb-headline-e289c143 gb-headline-text gb-headline-4f7959c2\"> Holen Sie sich die Excel-Datei<\/h2> <a href=\"https:\/\/exceladvisor.org\/wp-content\/uploads\/2023\/11\/compter-les-caracteres-2.xlsx\">Herunterladen<\/a><\/div><div class=\"gb-container gb-container-0df56012 gb-container-mt\"> <a class=\"gb-button gb-button-f9f432f4 gb-button-text gb-button-mt-button\" href=\"https:\/\/exceladvisor.org\/de\/formeln\/\">Liste der Excel-Formeln<\/a><h2 class=\"gb-headline gb-headline-233444e8 gb-headline-text gb-headline-mt-heading\"> Verwandte Formeln <\/h2><div class=\"gb-grid-wrapper gb-grid-wrapper-a16fa65c gb-grid-wrapper-mt-grid\"><div class=\"gb-grid-column gb-grid-column-50d07e0d\"><div class=\"gb-container gb-container-50d07e0d\"><ul><li> <a href=\"https:\/\/exceladvisor.org\/de\/zellen-mit-text-zahlen\/\">Z\u00e4hlen Sie Zellen mit Text in Excel<\/a><\/li><li> <a href=\"https:\/\/exceladvisor.org\/de\/zahlen-sie-die-gesamtzahl-der-zellen\/\">Z\u00e4hlen Sie die Gesamtzahl der Zellen in einem Bereich in Excel<\/a><\/li><li> <a href=\"https:\/\/exceladvisor.org\/de\/eindeutige-werte-zahlen-1\/\">Z\u00e4hlen Sie eindeutige Werte in Excel<\/a><\/li><li> <a href=\"https:\/\/exceladvisor.org\/de\/zahle-die-worter\/\">Z\u00e4hlen Sie W\u00f6rter in Excel<\/a><\/li><li> <a href=\"https:\/\/exceladvisor.org\/de\/gefilterte-zeilen-zahlen\/\">Z\u00e4hlen Sie gefilterte Zeilen in Excel<\/a> <\/li><\/ul><\/div><\/div><div class=\"gb-grid-column gb-grid-column-5b4a0cf9\"><div class=\"gb-container gb-container-5b4a0cf9\"><\/div><\/div><\/div><\/div>","protected":false},"excerpt":{"rendered":"","protected":false},"author":1,"featured_media":0,"parent":0,"menu_order":0,"comment_status":"open","ping_status":"closed","template":"","meta":{"ub_ctt_via":"","footnotes":""},"class_list":["post-3044","page","type-page","status-publish","hentry"],"featured_image_src":null,"yoast_head":"<!-- This site is optimized with the Yoast SEO plugin v25.4 - https:\/\/yoast.com\/wordpress\/plugins\/seo\/ -->\n<title>\u25b7 Wie z\u00e4hle ich bestimmte Zeichen in Excel?<\/title>\n<meta name=\"description\" content=\"In diesem Tutorial lernen Sie verschiedene M\u00f6glichkeiten kennen, bestimmte Zeichen in Excel mithilfe einer benutzerfreundlichen Formel zu z\u00e4hlen.\" \/>\n<meta name=\"robots\" content=\"index, follow, max-snippet:-1, max-image-preview:large, max-video-preview:-1\" \/>\n<link rel=\"canonical\" href=\"https:\/\/exceladvisor.org\/de\/zahlen-sie-bestimmte-zeichen\/\" \/>\n<meta property=\"og:locale\" content=\"de_DE\" \/>\n<meta property=\"og:type\" content=\"article\" \/>\n<meta property=\"og:title\" content=\"\u25b7 Wie z\u00e4hle ich bestimmte Zeichen in Excel?\" \/>\n<meta property=\"og:description\" content=\"In diesem Tutorial lernen Sie verschiedene M\u00f6glichkeiten kennen, bestimmte Zeichen in Excel mithilfe einer benutzerfreundlichen Formel zu z\u00e4hlen.\" \/>\n<meta property=\"og:url\" content=\"https:\/\/exceladvisor.org\/de\/zahlen-sie-bestimmte-zeichen\/\" \/>\n<meta property=\"og:site_name\" content=\"Excel Advisor\" \/>\n<meta property=\"article:modified_time\" content=\"2023-12-03T13:05:49+00:00\" \/>\n<meta property=\"og:image\" content=\"https:\/\/exceladvisor.org\/wp-content\/uploads\/2023\/08\/1-cellule-avec-longue-phrase.png\" \/>\n<meta name=\"twitter:card\" content=\"summary_large_image\" \/>\n<meta name=\"twitter:label1\" content=\"Gesch\u00e4tzte Lesezeit\" \/>\n\t<meta name=\"twitter:data1\" content=\"2\u00a0Minuten\" \/>\n<script type=\"application\/ld+json\" class=\"yoast-schema-graph\">{\"@context\":\"https:\/\/schema.org\",\"@graph\":[{\"@type\":\"WebPage\",\"@id\":\"https:\/\/exceladvisor.org\/de\/zahlen-sie-bestimmte-zeichen\/\",\"url\":\"https:\/\/exceladvisor.org\/de\/zahlen-sie-bestimmte-zeichen\/\",\"name\":\"\u25b7 Wie z\u00e4hle ich bestimmte Zeichen in Excel?\",\"isPartOf\":{\"@id\":\"https:\/\/exceladvisor.org\/de\/#website\"},\"primaryImageOfPage\":{\"@id\":\"https:\/\/exceladvisor.org\/de\/zahlen-sie-bestimmte-zeichen\/#primaryimage\"},\"image\":{\"@id\":\"https:\/\/exceladvisor.org\/de\/zahlen-sie-bestimmte-zeichen\/#primaryimage\"},\"thumbnailUrl\":\"https:\/\/exceladvisor.org\/wp-content\/uploads\/2023\/08\/1-cellule-avec-longue-phrase.png\",\"datePublished\":\"2023-11-17T07:57:05+00:00\",\"dateModified\":\"2023-12-03T13:05:49+00:00\",\"description\":\"In diesem Tutorial lernen Sie verschiedene M\u00f6glichkeiten kennen, bestimmte Zeichen in Excel mithilfe einer benutzerfreundlichen Formel zu z\u00e4hlen.\",\"breadcrumb\":{\"@id\":\"https:\/\/exceladvisor.org\/de\/zahlen-sie-bestimmte-zeichen\/#breadcrumb\"},\"inLanguage\":\"de\",\"potentialAction\":[{\"@type\":\"ReadAction\",\"target\":[\"https:\/\/exceladvisor.org\/de\/zahlen-sie-bestimmte-zeichen\/\"]}]},{\"@type\":\"ImageObject\",\"inLanguage\":\"de\",\"@id\":\"https:\/\/exceladvisor.org\/de\/zahlen-sie-bestimmte-zeichen\/#primaryimage\",\"url\":\"https:\/\/exceladvisor.org\/wp-content\/uploads\/2023\/08\/1-cellule-avec-longue-phrase.png\",\"contentUrl\":\"https:\/\/exceladvisor.org\/wp-content\/uploads\/2023\/08\/1-cellule-avec-longue-phrase.png\"},{\"@type\":\"BreadcrumbList\",\"@id\":\"https:\/\/exceladvisor.org\/de\/zahlen-sie-bestimmte-zeichen\/#breadcrumb\",\"itemListElement\":[{\"@type\":\"ListItem\",\"position\":1,\"name\":\"Accueil\",\"item\":\"https:\/\/exceladvisor.org\/de\/\"},{\"@type\":\"ListItem\",\"position\":2,\"name\":\"Wie z\u00e4hle ich bestimmte zeichen?\"}]},{\"@type\":\"WebSite\",\"@id\":\"https:\/\/exceladvisor.org\/de\/#website\",\"url\":\"https:\/\/exceladvisor.org\/de\/\",\"name\":\"Excel Advisor\",\"description\":\"Ihr Leitfaden zur Datendominanz\",\"publisher\":{\"@id\":\"https:\/\/exceladvisor.org\/de\/#organization\"},\"potentialAction\":[{\"@type\":\"SearchAction\",\"target\":{\"@type\":\"EntryPoint\",\"urlTemplate\":\"https:\/\/exceladvisor.org\/de\/?s={search_term_string}\"},\"query-input\":{\"@type\":\"PropertyValueSpecification\",\"valueRequired\":true,\"valueName\":\"search_term_string\"}}],\"inLanguage\":\"de\"},{\"@type\":\"Organization\",\"@id\":\"https:\/\/exceladvisor.org\/de\/#organization\",\"name\":\"Excel Advisor\",\"url\":\"https:\/\/exceladvisor.org\/de\/\",\"logo\":{\"@type\":\"ImageObject\",\"inLanguage\":\"de\",\"@id\":\"https:\/\/exceladvisor.org\/de\/#\/schema\/logo\/image\/\",\"url\":\"https:\/\/exceladvisor.org\/de\/wp-content\/uploads\/2023\/11\/exceladvisor.org_.png\",\"contentUrl\":\"https:\/\/exceladvisor.org\/de\/wp-content\/uploads\/2023\/11\/exceladvisor.org_.png\",\"width\":105,\"height\":36,\"caption\":\"Excel Advisor\"},\"image\":{\"@id\":\"https:\/\/exceladvisor.org\/de\/#\/schema\/logo\/image\/\"}}]}<\/script>\n<!-- \/ Yoast SEO plugin. -->","yoast_head_json":{"title":"\u25b7 Wie z\u00e4hle ich bestimmte Zeichen in Excel?","description":"In diesem Tutorial lernen Sie verschiedene M\u00f6glichkeiten kennen, bestimmte Zeichen in Excel mithilfe einer benutzerfreundlichen Formel zu z\u00e4hlen.","robots":{"index":"index","follow":"follow","max-snippet":"max-snippet:-1","max-image-preview":"max-image-preview:large","max-video-preview":"max-video-preview:-1"},"canonical":"https:\/\/exceladvisor.org\/de\/zahlen-sie-bestimmte-zeichen\/","og_locale":"de_DE","og_type":"article","og_title":"\u25b7 Wie z\u00e4hle ich bestimmte Zeichen in Excel?","og_description":"In diesem Tutorial lernen Sie verschiedene M\u00f6glichkeiten kennen, bestimmte Zeichen in Excel mithilfe einer benutzerfreundlichen Formel zu z\u00e4hlen.","og_url":"https:\/\/exceladvisor.org\/de\/zahlen-sie-bestimmte-zeichen\/","og_site_name":"Excel Advisor","article_modified_time":"2023-12-03T13:05:49+00:00","og_image":[{"url":"https:\/\/exceladvisor.org\/wp-content\/uploads\/2023\/08\/1-cellule-avec-longue-phrase.png","type":"","width":"","height":""}],"twitter_card":"summary_large_image","twitter_misc":{"Gesch\u00e4tzte Lesezeit":"2\u00a0Minuten"},"schema":{"@context":"https:\/\/schema.org","@graph":[{"@type":"WebPage","@id":"https:\/\/exceladvisor.org\/de\/zahlen-sie-bestimmte-zeichen\/","url":"https:\/\/exceladvisor.org\/de\/zahlen-sie-bestimmte-zeichen\/","name":"\u25b7 Wie z\u00e4hle ich bestimmte Zeichen in Excel?","isPartOf":{"@id":"https:\/\/exceladvisor.org\/de\/#website"},"primaryImageOfPage":{"@id":"https:\/\/exceladvisor.org\/de\/zahlen-sie-bestimmte-zeichen\/#primaryimage"},"image":{"@id":"https:\/\/exceladvisor.org\/de\/zahlen-sie-bestimmte-zeichen\/#primaryimage"},"thumbnailUrl":"https:\/\/exceladvisor.org\/wp-content\/uploads\/2023\/08\/1-cellule-avec-longue-phrase.png","datePublished":"2023-11-17T07:57:05+00:00","dateModified":"2023-12-03T13:05:49+00:00","description":"In diesem Tutorial lernen Sie verschiedene M\u00f6glichkeiten kennen, bestimmte Zeichen in Excel mithilfe einer benutzerfreundlichen Formel zu z\u00e4hlen.","breadcrumb":{"@id":"https:\/\/exceladvisor.org\/de\/zahlen-sie-bestimmte-zeichen\/#breadcrumb"},"inLanguage":"de","potentialAction":[{"@type":"ReadAction","target":["https:\/\/exceladvisor.org\/de\/zahlen-sie-bestimmte-zeichen\/"]}]},{"@type":"ImageObject","inLanguage":"de","@id":"https:\/\/exceladvisor.org\/de\/zahlen-sie-bestimmte-zeichen\/#primaryimage","url":"https:\/\/exceladvisor.org\/wp-content\/uploads\/2023\/08\/1-cellule-avec-longue-phrase.png","contentUrl":"https:\/\/exceladvisor.org\/wp-content\/uploads\/2023\/08\/1-cellule-avec-longue-phrase.png"},{"@type":"BreadcrumbList","@id":"https:\/\/exceladvisor.org\/de\/zahlen-sie-bestimmte-zeichen\/#breadcrumb","itemListElement":[{"@type":"ListItem","position":1,"name":"Accueil","item":"https:\/\/exceladvisor.org\/de\/"},{"@type":"ListItem","position":2,"name":"Wie z\u00e4hle ich bestimmte zeichen?"}]},{"@type":"WebSite","@id":"https:\/\/exceladvisor.org\/de\/#website","url":"https:\/\/exceladvisor.org\/de\/","name":"Excel Advisor","description":"Ihr Leitfaden zur Datendominanz","publisher":{"@id":"https:\/\/exceladvisor.org\/de\/#organization"},"potentialAction":[{"@type":"SearchAction","target":{"@type":"EntryPoint","urlTemplate":"https:\/\/exceladvisor.org\/de\/?s={search_term_string}"},"query-input":{"@type":"PropertyValueSpecification","valueRequired":true,"valueName":"search_term_string"}}],"inLanguage":"de"},{"@type":"Organization","@id":"https:\/\/exceladvisor.org\/de\/#organization","name":"Excel Advisor","url":"https:\/\/exceladvisor.org\/de\/","logo":{"@type":"ImageObject","inLanguage":"de","@id":"https:\/\/exceladvisor.org\/de\/#\/schema\/logo\/image\/","url":"https:\/\/exceladvisor.org\/de\/wp-content\/uploads\/2023\/11\/exceladvisor.org_.png","contentUrl":"https:\/\/exceladvisor.org\/de\/wp-content\/uploads\/2023\/11\/exceladvisor.org_.png","width":105,"height":36,"caption":"Excel Advisor"},"image":{"@id":"https:\/\/exceladvisor.org\/de\/#\/schema\/logo\/image\/"}}]}},"yoast_meta":{"yoast_wpseo_title":"","yoast_wpseo_metadesc":"","yoast_wpseo_canonical":""},"_links":{"self":[{"href":"https:\/\/exceladvisor.org\/de\/wp-json\/wp\/v2\/pages\/3044","targetHints":{"allow":["GET"]}}],"collection":[{"href":"https:\/\/exceladvisor.org\/de\/wp-json\/wp\/v2\/pages"}],"about":[{"href":"https:\/\/exceladvisor.org\/de\/wp-json\/wp\/v2\/types\/page"}],"author":[{"embeddable":true,"href":"https:\/\/exceladvisor.org\/de\/wp-json\/wp\/v2\/users\/1"}],"replies":[{"embeddable":true,"href":"https:\/\/exceladvisor.org\/de\/wp-json\/wp\/v2\/comments?post=3044"}],"version-history":[{"count":1,"href":"https:\/\/exceladvisor.org\/de\/wp-json\/wp\/v2\/pages\/3044\/revisions"}],"predecessor-version":[{"id":4416,"href":"https:\/\/exceladvisor.org\/de\/wp-json\/wp\/v2\/pages\/3044\/revisions\/4416"}],"wp:attachment":[{"href":"https:\/\/exceladvisor.org\/de\/wp-json\/wp\/v2\/media?parent=3044"}],"curies":[{"name":"wp","href":"https:\/\/api.w.org\/{rel}","templated":true}]}}