{"id":3045,"date":"2023-11-17T07:52:04","date_gmt":"2023-11-17T07:52:04","guid":{"rendered":"https:\/\/exceladvisor.org\/de\/zelle-in-neues-arbeitsblatt-kopieren\/"},"modified":"2023-12-03T11:13:04","modified_gmt":"2023-12-03T11:13:04","slug":"zelle-in-neues-arbeitsblatt-kopieren","status":"publish","type":"page","link":"https:\/\/exceladvisor.org\/de\/zelle-in-neues-arbeitsblatt-kopieren\/","title":{"rendered":"Vba-kopierbereich in ein anderes blatt + arbeitsmappe"},"content":{"rendered":"<div class=\"excel-vor-dem-inhalt\" id=\"excel-2576073854\"><script type=\"text\/javascript\">\r\n\tatOptions = {\r\n\t\t'key' : 'c1158f160081d6540a8409e6925dab94',\r\n\t\t'format' : 'iframe',\r\n\t\t'height' : 250,\r\n\t\t'width' : 300,\r\n\t\t'params' : {}\r\n\t};\r\n<\/script>\r\n<script type=\"text\/javascript\" src=\"\/\/www.highperformanceformat.com\/c1158f160081d6540a8409e6925dab94\/invoke.js\"><\/script><\/div> <p>Um eine Zelle oder einen Zellbereich in ein anderes Arbeitsblatt zu kopieren, m\u00fcssen Sie die Methode \u201eKopieren\u201c von VBA verwenden. Bei dieser Methode m\u00fcssen Sie den Bereich oder die Zelle mithilfe des Bereichsobjekts definieren, das Sie kopieren m\u00f6chten, und dann ein anderes Arbeitsblatt mit dem Bereich definieren, in den Sie es einf\u00fcgen m\u00f6chten.<\/p><h2 class=\"wp-block-heading\"> Kopieren Sie eine Zelle oder ordnen Sie sie in einem anderen Arbeitsblatt an<\/h2><pre class=\"wp-block-code\"> <code class=\"language-visual-basic\" lang=\"visual-basic\">Range(\"A1\").Copy Worksheets(\"Sheet2\").Range(\"A1\")<\/code><\/pre><ol><li> Legen Sie zun\u00e4chst den Bereich oder die Zelle fest, die Sie kopieren m\u00f6chten. <br><img loading=\"lazy\" decoding=\"async\" title=\"1-Satz-Bereich oder Zelle\" src=\"https:\/\/exceladvisor.org\/wp-content\/uploads\/2023\/08\/1-definir-la-plage-ou-la-cellule.png\" sizes=\"auto, \" srcset=\"\" alt=\"define the range or cell\" width=\"373\" height=\"210\"><\/li><li> Geben Sie dann einen Punkt (.) ein und w\u00e4hlen Sie die Kopiermethode aus der Liste der Eigenschaften und Methoden aus. <br><img loading=\"lazy\" decoding=\"async\" title=\"2-Typ-Punkt-und-Auswahl-Kopiermethode\" src=\"https:\/\/exceladvisor.org\/wp-content\/uploads\/2023\/08\/2-tapez-un-point-et-selectionnez-la-methode-de-copie.png\" sizes=\"auto, \" srcset=\"\" alt=\"type a dot and select the copy method\" width=\"362\" height=\"244\"><\/li><li> Hier erhalten Sie einen Intellisense, um das Ziel der kopierten Zelle festzulegen. <br><img loading=\"lazy\" decoding=\"async\" title=\"3-Ziel-der-kopierten-Zelle festlegen\" src=\"https:\/\/exceladvisor.org\/wp-content\/uploads\/2023\/08\/3-definir-la-destination-de-la-cellule-copiee.png\" sizes=\"auto, \" srcset=\"\" alt=\"define the destination of the copied cell\" width=\"366\" height=\"208\"><\/li><li> Von hier aus m\u00fcssen Sie das Arbeitsblatt und dann den Zielbereich definieren. <br><img loading=\"lazy\" decoding=\"async\" title=\"4-Legen Sie das Arbeitsblatt und den Zielbereich fest\" src=\"https:\/\/exceladvisor.org\/wp-content\/uploads\/2023\/08\/4-definir-la-feuille-de-calcul-et-la-plage-de-destination.png\" sizes=\"auto, \" srcset=\"\" alt=\"define the worksheet and than destination range\" width=\"368\" height=\"164\"><\/li><\/ol><p> Wenn Sie nun diesen Code ausf\u00fchren, kopiert er Zelle A1 vom <a href=\"https:\/\/exceladvisor.org\/de\/blatt-aktivieren\/\">aktiven Blatt<\/a> in \u201eBlatt2\u201c. Sie m\u00fcssen Folgendes sicherstellen: Wenn Sie eine Zelle kopieren und an einem Zielort einf\u00fcgen, wird die Formatierung auch dort eingef\u00fcgt.<\/p><p> Wenn Sie jedoch nur den Wert einer Zelle kopieren und in die verschiedenen Arbeitsbl\u00e4tter einf\u00fcgen m\u00f6chten, sollten Sie den folgenden Code ber\u00fccksichtigen.<\/p><pre class=\"wp-block-code\"> <code class=\"language-visual-basic\" lang=\"visual-basic\">Worksheets(\"Sheet2\").Range(\"A1\") = Range(\"A1\").Value<\/code><\/pre><p> Diese Methode verwendet nicht die Kopiermethode, sondern f\u00fcgt dem Zielarbeitsblatt lediglich einen Wert hinzu, indem ein Gleichheitszeichen und die Value-Eigenschaft mit der Quellzelle verwendet werden.<\/p><h2 class=\"wp-block-heading\"> Zelle aus einem anderen Arbeitsblatt kopieren<\/h2><p> Angenommen, Sie m\u00f6chten eine Zelle aus einem Arbeitsblatt kopieren, das gerade nicht aktiv ist. In diesem Fall m\u00fcssen Sie das Arbeitsblatt mit der Quellzelle definieren. Genau wie der folgende Code.<\/p><pre class=\"wp-block-code\"> <code class=\"language-visual-basic\" lang=\"visual-basic\">Worksheets(\"sheet1\").Range(\"A1\").Copy Worksheets(\"Sheet2\").Range(\"A1\")<\/code><\/pre><h2 class=\"wp-block-heading\"> Kopieren Sie einen Zellbereich<\/h2><pre class=\"wp-block-code\"> <code class=\"language-visual-basic\" lang=\"visual-basic\">Range(\"A1:A10\").Copy Worksheets(\"Sheet2\").Range(\"A1:A10\") Range(\"A1:A10\").Copy Worksheets(\"Sheet2\").Range(\"A1\")<\/code><\/pre><h2 class=\"wp-block-heading\"> Kopieren Sie eine Zelle in einem Arbeitsblatt in eine andere Arbeitsmappe<\/h2><p> Wenn <a href=\"https:\/\/exceladvisor.org\/de\/uberprufen-sie-die-geoffnete-arbeitsmappe\/\">Arbeitsmappen ge\u00f6ffnet<\/a> , aber noch nicht gespeichert sind.<\/p><pre class=\"wp-block-code\"> <code class=\"language-visual-basic\" lang=\"visual-basic\">Workbooks(\"Book1\").Worksheets(\"Sheet1\").Range(\"A1\").Copy _ Workbooks(\"Book2\").Worksheets(\"Sheet1\").Range(\"A1\")<\/code><\/pre><p> Wenn <a href=\"https:\/\/exceladvisor.org\/de\/offener-aktenschrank\/\">Arbeitsmappen ge\u00f6ffnet und gespeichert werden<\/a> .<\/p><pre class=\"wp-block-code\"> <code class=\"language-visual-basic\" lang=\"visual-basic\">Workbooks(\"Book1.xlsx\").Worksheets(\"Sheet1\").Range(\"A1\").Copy _ Workbooks(\"Book2.xlsx\").Worksheets(\"Sheet1\").Range(\"A1\")<\/code><\/pre><h2 class=\"wp-block-heading\"> Kopieren Sie eine Zelle in einem Arbeitsblatt in eine andere geschlossene Arbeitsmappe<\/h2><pre class=\"wp-block-code\"> <code class=\"language-visual-basic\" lang=\"visual-basic\">'to open the workbook that is saved in a folder on your system _ change the path according to the location you have in your _ system Workbooks.Open \"C:UsersDellDesktopmyFile.xlsx\" 'copies cell from the book1 workbook and copy and paste _ it to the workbook myFile Workbooks(\"Book1\").Worksheets(\"Sheet1\").Range(\"A1\").Copy _ Workbooks(\"myFile\").Worksheets(\"Sheet1\").Range(\"A1\") 'close the workbook and after saving Workbooks(\"myFile\").Close SaveChanges:=True<\/code><\/pre><p> Verwandte Themen: <a href=\"https:\/\/exceladvisor.org\/de\/offener-aktenschrank\/\">So \u00f6ffnen Sie eine Arbeitsmappe mit VBA in Excel<\/a><\/p><div class=\"gb-container gb-container-4db6181c gb-container-mt\"> <a class=\"gb-button gb-button-c5897111 gb-button-text gb-button-mt-button\" href=\"https:\/\/exceladvisor.org\/de\/vba\/\">Was ist VBA<\/a><h2 class=\"gb-headline gb-headline-665e5f6b gb-headline-text gb-headline-mt-heading\"> Verwandte Tutorials <\/h2><div class=\"gb-grid-wrapper gb-grid-wrapper-a20baf7c gb-grid-wrapper-mt-grid\"><div class=\"gb-grid-column gb-grid-column-65ddf67e\"><div class=\"gb-container gb-container-65ddf67e\"><ul><li> <a href=\"https:\/\/exceladvisor.org\/de\/anzahl-der-zeilen\/\">Z\u00e4hlen Sie Zeilen mit VBA in Excel<\/a><\/li><li> <a href=\"https:\/\/exceladvisor.org\/de\/zeichenschrift\/\">Excel VBA-Schriftart (Farbe, Gr\u00f6\u00dfe, Typ und Fett)<\/a><\/li><li> <a href=\"https:\/\/exceladvisor.org\/de\/spaltenzeile-ausblenden-und-anzeigen\/\">Excel VBA Eine Spalte oder Zeile ein- und ausblenden<\/a><\/li><li> <a href=\"https:\/\/exceladvisor.org\/de\/bereich-1\/\">Excel VBA-Bereich \u2013 Arbeiten mit Bereichen und Zellen<\/a><\/li><li> <a href=\"https:\/\/exceladvisor.org\/de\/grenzen\/\">Wenden Sie mit VBA in Excel Rahmen auf eine Zelle an<\/a><\/li><\/ul><\/div><\/div><\/div><\/div>","protected":false},"excerpt":{"rendered":"","protected":false},"author":1,"featured_media":0,"parent":0,"menu_order":0,"comment_status":"open","ping_status":"closed","template":"","meta":{"ub_ctt_via":"","footnotes":""},"class_list":["post-3045","page","type-page","status-publish","hentry"],"featured_image_src":null,"yoast_head":"<!-- This site is optimized with the Yoast SEO plugin v25.4 - https:\/\/yoast.com\/wordpress\/plugins\/seo\/ -->\n<title>VBA-Kopierbereich in ein anderes Blatt + Arbeitsmappe<\/title>\n<meta name=\"description\" content=\"In diesem Tutorial erfahren Sie, wie Sie mit VBA eine Zelle kopieren oder in einem anderen Blatt in derselben oder einer anderen Arbeitsmappe anordnen.\" \/>\n<meta name=\"robots\" content=\"index, follow, max-snippet:-1, max-image-preview:large, max-video-preview:-1\" \/>\n<link rel=\"canonical\" href=\"https:\/\/exceladvisor.org\/de\/zelle-in-neues-arbeitsblatt-kopieren\/\" \/>\n<meta property=\"og:locale\" content=\"de_DE\" \/>\n<meta property=\"og:type\" content=\"article\" \/>\n<meta property=\"og:title\" content=\"VBA-Kopierbereich in ein anderes Blatt + Arbeitsmappe\" \/>\n<meta property=\"og:description\" content=\"In diesem Tutorial erfahren Sie, wie Sie mit VBA eine Zelle kopieren oder in einem anderen Blatt in derselben oder einer anderen Arbeitsmappe anordnen.\" \/>\n<meta property=\"og:url\" content=\"https:\/\/exceladvisor.org\/de\/zelle-in-neues-arbeitsblatt-kopieren\/\" \/>\n<meta property=\"og:site_name\" content=\"Excel Advisor\" \/>\n<meta property=\"article:modified_time\" content=\"2023-12-03T11:13:04+00:00\" \/>\n<meta property=\"og:image\" content=\"https:\/\/exceladvisor.org\/wp-content\/uploads\/2023\/08\/1-definir-la-plage-ou-la-cellule.png\" \/>\n<meta name=\"twitter:card\" content=\"summary_large_image\" \/>\n<meta name=\"twitter:label1\" content=\"Gesch\u00e4tzte Lesezeit\" \/>\n\t<meta name=\"twitter:data1\" content=\"2\u00a0Minuten\" \/>\n<script type=\"application\/ld+json\" class=\"yoast-schema-graph\">{\"@context\":\"https:\/\/schema.org\",\"@graph\":[{\"@type\":\"WebPage\",\"@id\":\"https:\/\/exceladvisor.org\/de\/zelle-in-neues-arbeitsblatt-kopieren\/\",\"url\":\"https:\/\/exceladvisor.org\/de\/zelle-in-neues-arbeitsblatt-kopieren\/\",\"name\":\"VBA-Kopierbereich in ein anderes Blatt + Arbeitsmappe\",\"isPartOf\":{\"@id\":\"https:\/\/exceladvisor.org\/de\/#website\"},\"primaryImageOfPage\":{\"@id\":\"https:\/\/exceladvisor.org\/de\/zelle-in-neues-arbeitsblatt-kopieren\/#primaryimage\"},\"image\":{\"@id\":\"https:\/\/exceladvisor.org\/de\/zelle-in-neues-arbeitsblatt-kopieren\/#primaryimage\"},\"thumbnailUrl\":\"https:\/\/exceladvisor.org\/wp-content\/uploads\/2023\/08\/1-definir-la-plage-ou-la-cellule.png\",\"datePublished\":\"2023-11-17T07:52:04+00:00\",\"dateModified\":\"2023-12-03T11:13:04+00:00\",\"description\":\"In diesem Tutorial erfahren Sie, wie Sie mit VBA eine Zelle kopieren oder in einem anderen Blatt in derselben oder einer anderen Arbeitsmappe anordnen.\",\"breadcrumb\":{\"@id\":\"https:\/\/exceladvisor.org\/de\/zelle-in-neues-arbeitsblatt-kopieren\/#breadcrumb\"},\"inLanguage\":\"de\",\"potentialAction\":[{\"@type\":\"ReadAction\",\"target\":[\"https:\/\/exceladvisor.org\/de\/zelle-in-neues-arbeitsblatt-kopieren\/\"]}]},{\"@type\":\"ImageObject\",\"inLanguage\":\"de\",\"@id\":\"https:\/\/exceladvisor.org\/de\/zelle-in-neues-arbeitsblatt-kopieren\/#primaryimage\",\"url\":\"https:\/\/exceladvisor.org\/wp-content\/uploads\/2023\/08\/1-definir-la-plage-ou-la-cellule.png\",\"contentUrl\":\"https:\/\/exceladvisor.org\/wp-content\/uploads\/2023\/08\/1-definir-la-plage-ou-la-cellule.png\"},{\"@type\":\"BreadcrumbList\",\"@id\":\"https:\/\/exceladvisor.org\/de\/zelle-in-neues-arbeitsblatt-kopieren\/#breadcrumb\",\"itemListElement\":[{\"@type\":\"ListItem\",\"position\":1,\"name\":\"Accueil\",\"item\":\"https:\/\/exceladvisor.org\/de\/\"},{\"@type\":\"ListItem\",\"position\":2,\"name\":\"Vba-kopierbereich in ein anderes blatt + arbeitsmappe\"}]},{\"@type\":\"WebSite\",\"@id\":\"https:\/\/exceladvisor.org\/de\/#website\",\"url\":\"https:\/\/exceladvisor.org\/de\/\",\"name\":\"Excel Advisor\",\"description\":\"Ihr Leitfaden zur Datendominanz\",\"publisher\":{\"@id\":\"https:\/\/exceladvisor.org\/de\/#organization\"},\"potentialAction\":[{\"@type\":\"SearchAction\",\"target\":{\"@type\":\"EntryPoint\",\"urlTemplate\":\"https:\/\/exceladvisor.org\/de\/?s={search_term_string}\"},\"query-input\":{\"@type\":\"PropertyValueSpecification\",\"valueRequired\":true,\"valueName\":\"search_term_string\"}}],\"inLanguage\":\"de\"},{\"@type\":\"Organization\",\"@id\":\"https:\/\/exceladvisor.org\/de\/#organization\",\"name\":\"Excel Advisor\",\"url\":\"https:\/\/exceladvisor.org\/de\/\",\"logo\":{\"@type\":\"ImageObject\",\"inLanguage\":\"de\",\"@id\":\"https:\/\/exceladvisor.org\/de\/#\/schema\/logo\/image\/\",\"url\":\"https:\/\/exceladvisor.org\/de\/wp-content\/uploads\/2023\/11\/exceladvisor.org_.png\",\"contentUrl\":\"https:\/\/exceladvisor.org\/de\/wp-content\/uploads\/2023\/11\/exceladvisor.org_.png\",\"width\":105,\"height\":36,\"caption\":\"Excel Advisor\"},\"image\":{\"@id\":\"https:\/\/exceladvisor.org\/de\/#\/schema\/logo\/image\/\"}}]}<\/script>\n<!-- \/ Yoast SEO plugin. -->","yoast_head_json":{"title":"VBA-Kopierbereich in ein anderes Blatt + Arbeitsmappe","description":"In diesem Tutorial erfahren Sie, wie Sie mit VBA eine Zelle kopieren oder in einem anderen Blatt in derselben oder einer anderen Arbeitsmappe anordnen.","robots":{"index":"index","follow":"follow","max-snippet":"max-snippet:-1","max-image-preview":"max-image-preview:large","max-video-preview":"max-video-preview:-1"},"canonical":"https:\/\/exceladvisor.org\/de\/zelle-in-neues-arbeitsblatt-kopieren\/","og_locale":"de_DE","og_type":"article","og_title":"VBA-Kopierbereich in ein anderes Blatt + Arbeitsmappe","og_description":"In diesem Tutorial erfahren Sie, wie Sie mit VBA eine Zelle kopieren oder in einem anderen Blatt in derselben oder einer anderen Arbeitsmappe anordnen.","og_url":"https:\/\/exceladvisor.org\/de\/zelle-in-neues-arbeitsblatt-kopieren\/","og_site_name":"Excel Advisor","article_modified_time":"2023-12-03T11:13:04+00:00","og_image":[{"url":"https:\/\/exceladvisor.org\/wp-content\/uploads\/2023\/08\/1-definir-la-plage-ou-la-cellule.png","type":"","width":"","height":""}],"twitter_card":"summary_large_image","twitter_misc":{"Gesch\u00e4tzte Lesezeit":"2\u00a0Minuten"},"schema":{"@context":"https:\/\/schema.org","@graph":[{"@type":"WebPage","@id":"https:\/\/exceladvisor.org\/de\/zelle-in-neues-arbeitsblatt-kopieren\/","url":"https:\/\/exceladvisor.org\/de\/zelle-in-neues-arbeitsblatt-kopieren\/","name":"VBA-Kopierbereich in ein anderes Blatt + Arbeitsmappe","isPartOf":{"@id":"https:\/\/exceladvisor.org\/de\/#website"},"primaryImageOfPage":{"@id":"https:\/\/exceladvisor.org\/de\/zelle-in-neues-arbeitsblatt-kopieren\/#primaryimage"},"image":{"@id":"https:\/\/exceladvisor.org\/de\/zelle-in-neues-arbeitsblatt-kopieren\/#primaryimage"},"thumbnailUrl":"https:\/\/exceladvisor.org\/wp-content\/uploads\/2023\/08\/1-definir-la-plage-ou-la-cellule.png","datePublished":"2023-11-17T07:52:04+00:00","dateModified":"2023-12-03T11:13:04+00:00","description":"In diesem Tutorial erfahren Sie, wie Sie mit VBA eine Zelle kopieren oder in einem anderen Blatt in derselben oder einer anderen Arbeitsmappe anordnen.","breadcrumb":{"@id":"https:\/\/exceladvisor.org\/de\/zelle-in-neues-arbeitsblatt-kopieren\/#breadcrumb"},"inLanguage":"de","potentialAction":[{"@type":"ReadAction","target":["https:\/\/exceladvisor.org\/de\/zelle-in-neues-arbeitsblatt-kopieren\/"]}]},{"@type":"ImageObject","inLanguage":"de","@id":"https:\/\/exceladvisor.org\/de\/zelle-in-neues-arbeitsblatt-kopieren\/#primaryimage","url":"https:\/\/exceladvisor.org\/wp-content\/uploads\/2023\/08\/1-definir-la-plage-ou-la-cellule.png","contentUrl":"https:\/\/exceladvisor.org\/wp-content\/uploads\/2023\/08\/1-definir-la-plage-ou-la-cellule.png"},{"@type":"BreadcrumbList","@id":"https:\/\/exceladvisor.org\/de\/zelle-in-neues-arbeitsblatt-kopieren\/#breadcrumb","itemListElement":[{"@type":"ListItem","position":1,"name":"Accueil","item":"https:\/\/exceladvisor.org\/de\/"},{"@type":"ListItem","position":2,"name":"Vba-kopierbereich in ein anderes blatt + arbeitsmappe"}]},{"@type":"WebSite","@id":"https:\/\/exceladvisor.org\/de\/#website","url":"https:\/\/exceladvisor.org\/de\/","name":"Excel Advisor","description":"Ihr Leitfaden zur Datendominanz","publisher":{"@id":"https:\/\/exceladvisor.org\/de\/#organization"},"potentialAction":[{"@type":"SearchAction","target":{"@type":"EntryPoint","urlTemplate":"https:\/\/exceladvisor.org\/de\/?s={search_term_string}"},"query-input":{"@type":"PropertyValueSpecification","valueRequired":true,"valueName":"search_term_string"}}],"inLanguage":"de"},{"@type":"Organization","@id":"https:\/\/exceladvisor.org\/de\/#organization","name":"Excel Advisor","url":"https:\/\/exceladvisor.org\/de\/","logo":{"@type":"ImageObject","inLanguage":"de","@id":"https:\/\/exceladvisor.org\/de\/#\/schema\/logo\/image\/","url":"https:\/\/exceladvisor.org\/de\/wp-content\/uploads\/2023\/11\/exceladvisor.org_.png","contentUrl":"https:\/\/exceladvisor.org\/de\/wp-content\/uploads\/2023\/11\/exceladvisor.org_.png","width":105,"height":36,"caption":"Excel Advisor"},"image":{"@id":"https:\/\/exceladvisor.org\/de\/#\/schema\/logo\/image\/"}}]}},"yoast_meta":{"yoast_wpseo_title":"","yoast_wpseo_metadesc":"","yoast_wpseo_canonical":""},"_links":{"self":[{"href":"https:\/\/exceladvisor.org\/de\/wp-json\/wp\/v2\/pages\/3045","targetHints":{"allow":["GET"]}}],"collection":[{"href":"https:\/\/exceladvisor.org\/de\/wp-json\/wp\/v2\/pages"}],"about":[{"href":"https:\/\/exceladvisor.org\/de\/wp-json\/wp\/v2\/types\/page"}],"author":[{"embeddable":true,"href":"https:\/\/exceladvisor.org\/de\/wp-json\/wp\/v2\/users\/1"}],"replies":[{"embeddable":true,"href":"https:\/\/exceladvisor.org\/de\/wp-json\/wp\/v2\/comments?post=3045"}],"version-history":[{"count":1,"href":"https:\/\/exceladvisor.org\/de\/wp-json\/wp\/v2\/pages\/3045\/revisions"}],"predecessor-version":[{"id":3806,"href":"https:\/\/exceladvisor.org\/de\/wp-json\/wp\/v2\/pages\/3045\/revisions\/3806"}],"wp:attachment":[{"href":"https:\/\/exceladvisor.org\/de\/wp-json\/wp\/v2\/media?parent=3045"}],"curies":[{"name":"wp","href":"https:\/\/api.w.org\/{rel}","templated":true}]}}