{"id":3048,"date":"2023-11-17T07:16:19","date_gmt":"2023-11-17T07:16:19","guid":{"rendered":"https:\/\/exceladvisor.org\/de\/dateinamen-abrufen\/"},"modified":"2023-12-03T11:19:21","modified_gmt":"2023-12-03T11:19:21","slug":"dateinamen-abrufen","status":"publish","type":"page","link":"https:\/\/exceladvisor.org\/de\/dateinamen-abrufen\/","title":{"rendered":"Wie erhalte ich einen dateinamen in excel?"},"content":{"rendered":"<div class=\"excel-vor-dem-inhalt\" id=\"excel-225874900\"><script type=\"text\/javascript\">\r\n\tatOptions = {\r\n\t\t'key' : 'c1158f160081d6540a8409e6925dab94',\r\n\t\t'format' : 'iframe',\r\n\t\t'height' : 250,\r\n\t\t'width' : 300,\r\n\t\t'params' : {}\r\n\t};\r\n<\/script>\r\n<script type=\"text\/javascript\" src=\"\/\/www.highperformanceformat.com\/c1158f160081d6540a8409e6925dab94\/invoke.js\"><\/script><\/div> <p>In Excel gibt es keine direkte Funktion zum Abrufen des Dateinamens, aber Sie k\u00f6nnen die Funktion CELL verwenden, um den Dateipfad abzurufen, und dann k\u00f6nnen wir die Funktion MID verwenden, um den Dateinamen daraus zu extrahieren.<\/p><p> Sie k\u00f6nnen die folgenden Schritte verwenden:<\/p><ol type=\"1\"><li> Zuerst m\u00fcssen Sie die CELL-Funktion in eine Zelle eingeben.<\/li><li> Danach m\u00fcssen Sie den \u201eDateinamen\u201c im Argument angeben.<\/li><li> Geben Sie dann die schlie\u00dfenden Klammern ein<\/li><li> Dr\u00fccken Sie am Ende die Eingabetaste.<\/li><\/ol><pre class=\"wp-block-code\"> <code class=\"language-excel-formula\" lang=\"excel-formula\">=CELL(\"filename\")<\/code><\/pre><p> An dieser Stelle haben Sie den Pfad zur Dateiadresse. Im folgenden Beispiel sehen Sie, dass ich die Pfadadresse in Zelle D1 habe. <\/p><div class=\"wp-block-image\"><figure class=\"aligncenter size-full is-resized\"><img loading=\"lazy\" decoding=\"async\" class=\"wp-image-66806\" src=\"https:\/\/exceladvisor.org\/wp-content\/uploads\/2023\/08\/1-obtenir-le-nom-du-fichier.png\" sizes=\"auto, \" srcset=\"\" alt=\"Get-Dateiname\" width=\"565\" height=\"298\"><\/figure><\/div><p> Als n\u00e4chstes m\u00fcssen wir den Dateinamen von dieser Adresse erhalten. Dazu verwenden wir die Funktionen MID + SEARCH.<\/p><p> Eines sollten Sie beachten: Der Dateiname steht in eckigen Klammern.<\/p><p> Erstellen wir also eine Formel, um den Dateinamen zu ermitteln.<\/p><ol><li> Verwenden Sie zun\u00e4chst die SUCHEN-Funktion, um mithilfe der Suchfunktion die Position des Starthakens herauszufinden. <br><img loading=\"lazy\" decoding=\"async\" title=\"2-Suchfunktion-um-die-Position-zu-erkennen\" src=\"https:\/\/exceladvisor.org\/wp-content\/uploads\/2023\/08\/2-fonction-de-recherche-pour-connaitre-la-position.png\" sizes=\"auto, \" srcset=\"\" alt=\"search-function-to-know-the-position\" width=\"535\" height=\"163\"><\/li><li> Als n\u00e4chstes m\u00fcssen Sie die Position der Endklammern ermitteln. <br><img loading=\"lazy\" decoding=\"async\" title=\"3-Positionen-Endhaken\" src=\"https:\/\/exceladvisor.org\/wp-content\/uploads\/2023\/08\/3-position-des-crochets-de-fin.png\" sizes=\"auto, \" srcset=\"\" alt=\"position-of-ending-square-brackets\" width=\"533\" height=\"157\"><\/li><li> Danach m\u00fcssen Sie die MID-Funktion verwenden, um den Endnamen aus dem vollst\u00e4ndigen Pfad abzurufen.<\/li><li> Und daf\u00fcr m\u00fcssen wir die folgende Formel verwenden, in der Sie die Werte verwenden m\u00fcssen, die Sie \u00fcber die Suchfunktion erhalten haben. <br><img loading=\"lazy\" decoding=\"async\" title=\"4-mid-function-to-get-file-name\" src=\"https:\/\/exceladvisor.org\/wp-content\/uploads\/2023\/08\/4-fonction-mediane-pour-obtenir-le-nom-du-fichier.png\" sizes=\"auto, \" srcset=\"\" alt=\"mid-function-to-get-file-name\" width=\"532\" height=\"173\"><\/li><\/ol><p> Lassen Sie uns nun diese Formel verstehen, die wir mit der MID-Funktion geschrieben haben. In der MID-Funktion:<\/p><ol type=\"1\"><li> Im ersten Argument haben Sie sich auf die Zelle bezogen, in der wir den vollst\u00e4ndigen Pfad der Datei haben.<\/li><li> Im zweiten Argument haben Sie die Startposition der Klammer verwendet, die Sie von der SEARCH-Funktion erhalten haben, und dann 1 hinzugef\u00fcgt.<\/li><li> Im dritten Argument haben Sie die Endklammerposition verwendet und die Startklammerposition abgezogen, dann 1 abgezogen. Dadurch erhalten Sie die genaue Anzahl der zu erhaltenden Zeichen.<\/li><\/ol><p> Hier habe ich alle Funktionen in einer einzigen Formel eingegeben, um das Ergebnis in einer einzigen Zelle zu erhalten.<\/p><pre class=\"wp-block-code\"> <code class=\"language-excel-formula\" lang=\"excel-formula\">=MID(CELL(\"filename\"),SEARCH(\"[\",CELL(\"filename\"))+1,SEARCH(\"]\",CELL(\"filename\"))-SEARCH(\"[\",CELL(\"filename\"))-1)<\/code><\/pre><div class=\"gb-container gb-container-0df56012 gb-container-mt\"> <a class=\"gb-button gb-button-f9f432f4 gb-button-text gb-button-mt-button\" href=\"https:\/\/exceladvisor.org\/de\/formeln\/\">Liste der Excel-Formeln<\/a><h2 class=\"gb-headline gb-headline-233444e8 gb-headline-text gb-headline-mt-heading\"> Verwandte Formeln <\/h2><div class=\"gb-grid-wrapper gb-grid-wrapper-a16fa65c gb-grid-wrapper-mt-grid\"><div class=\"gb-grid-column gb-grid-column-50d07e0d\"><div class=\"gb-container gb-container-50d07e0d\"><ul><li> <a href=\"https:\/\/exceladvisor.org\/de\/horizontaler-filter\/\">Erstellen Sie in Excel einen horizontalen Filter<\/a><\/li><li> <a href=\"https:\/\/exceladvisor.org\/de\/bewertung-in-sternen\/\">Erstellen Sie eine Sternebewertungsvorlage in Excel<\/a><\/li><li> <a href=\"https:\/\/exceladvisor.org\/de\/holen-sie-sich-den-blattnamen\/\">Blattnamen in Excel abrufen<\/a><\/li><li> <a href=\"https:\/\/exceladvisor.org\/de\/generiere-zufallige-buchstaben\/\">Generieren Sie schnell zuf\u00e4llige Buchstaben in Excel<\/a><\/li><li> <a href=\"https:\/\/exceladvisor.org\/de\/randomisieren-sie-die-liste\/\">Randomisieren Sie eine Liste (zuf\u00e4llige Sortierung) in Excel<\/a> <\/li><\/ul><\/div><\/div><div class=\"gb-grid-column gb-grid-column-5b4a0cf9\"><div class=\"gb-container gb-container-5b4a0cf9\"><\/div><\/div><\/div><\/div>","protected":false},"excerpt":{"rendered":"","protected":false},"author":1,"featured_media":0,"parent":0,"menu_order":0,"comment_status":"open","ping_status":"closed","template":"","meta":{"ub_ctt_via":"","footnotes":""},"class_list":["post-3048","page","type-page","status-publish","hentry"],"featured_image_src":null,"yoast_head":"<!-- This site is optimized with the Yoast SEO plugin v25.4 - https:\/\/yoast.com\/wordpress\/plugins\/seo\/ -->\n<title>Wie erhalte ich einen Dateinamen in Excel? - Excel-Berater<\/title>\n<meta name=\"description\" content=\"In diesem Tutorial lernen Sie verschiedene M\u00f6glichkeiten kennen, mithilfe benutzerfreundlicher Formeln einen Dateinamen in Excel zu erhalten\" \/>\n<meta name=\"robots\" content=\"index, follow, max-snippet:-1, max-image-preview:large, max-video-preview:-1\" \/>\n<link rel=\"canonical\" href=\"https:\/\/exceladvisor.org\/de\/dateinamen-abrufen\/\" \/>\n<meta property=\"og:locale\" content=\"de_DE\" \/>\n<meta property=\"og:type\" content=\"article\" \/>\n<meta property=\"og:title\" content=\"Wie erhalte ich einen Dateinamen in Excel? - Excel-Berater\" \/>\n<meta property=\"og:description\" content=\"In diesem Tutorial lernen Sie verschiedene M\u00f6glichkeiten kennen, mithilfe benutzerfreundlicher Formeln einen Dateinamen in Excel zu erhalten\" \/>\n<meta property=\"og:url\" content=\"https:\/\/exceladvisor.org\/de\/dateinamen-abrufen\/\" \/>\n<meta property=\"og:site_name\" content=\"Excel Advisor\" \/>\n<meta property=\"article:modified_time\" content=\"2023-12-03T11:19:21+00:00\" \/>\n<meta property=\"og:image\" content=\"https:\/\/exceladvisor.org\/wp-content\/uploads\/2023\/08\/1-obtenir-le-nom-du-fichier.png\" \/>\n<meta name=\"twitter:card\" content=\"summary_large_image\" \/>\n<meta name=\"twitter:label1\" content=\"Gesch\u00e4tzte Lesezeit\" \/>\n\t<meta name=\"twitter:data1\" content=\"2\u00a0Minuten\" \/>\n<script type=\"application\/ld+json\" class=\"yoast-schema-graph\">{\"@context\":\"https:\/\/schema.org\",\"@graph\":[{\"@type\":\"WebPage\",\"@id\":\"https:\/\/exceladvisor.org\/de\/dateinamen-abrufen\/\",\"url\":\"https:\/\/exceladvisor.org\/de\/dateinamen-abrufen\/\",\"name\":\"Wie erhalte ich einen Dateinamen in Excel? - Excel-Berater\",\"isPartOf\":{\"@id\":\"https:\/\/exceladvisor.org\/de\/#website\"},\"primaryImageOfPage\":{\"@id\":\"https:\/\/exceladvisor.org\/de\/dateinamen-abrufen\/#primaryimage\"},\"image\":{\"@id\":\"https:\/\/exceladvisor.org\/de\/dateinamen-abrufen\/#primaryimage\"},\"thumbnailUrl\":\"https:\/\/exceladvisor.org\/wp-content\/uploads\/2023\/08\/1-obtenir-le-nom-du-fichier.png\",\"datePublished\":\"2023-11-17T07:16:19+00:00\",\"dateModified\":\"2023-12-03T11:19:21+00:00\",\"description\":\"In diesem Tutorial lernen Sie verschiedene M\u00f6glichkeiten kennen, mithilfe benutzerfreundlicher Formeln einen Dateinamen in Excel zu erhalten\",\"breadcrumb\":{\"@id\":\"https:\/\/exceladvisor.org\/de\/dateinamen-abrufen\/#breadcrumb\"},\"inLanguage\":\"de\",\"potentialAction\":[{\"@type\":\"ReadAction\",\"target\":[\"https:\/\/exceladvisor.org\/de\/dateinamen-abrufen\/\"]}]},{\"@type\":\"ImageObject\",\"inLanguage\":\"de\",\"@id\":\"https:\/\/exceladvisor.org\/de\/dateinamen-abrufen\/#primaryimage\",\"url\":\"https:\/\/exceladvisor.org\/wp-content\/uploads\/2023\/08\/1-obtenir-le-nom-du-fichier.png\",\"contentUrl\":\"https:\/\/exceladvisor.org\/wp-content\/uploads\/2023\/08\/1-obtenir-le-nom-du-fichier.png\"},{\"@type\":\"BreadcrumbList\",\"@id\":\"https:\/\/exceladvisor.org\/de\/dateinamen-abrufen\/#breadcrumb\",\"itemListElement\":[{\"@type\":\"ListItem\",\"position\":1,\"name\":\"Accueil\",\"item\":\"https:\/\/exceladvisor.org\/de\/\"},{\"@type\":\"ListItem\",\"position\":2,\"name\":\"Wie erhalte ich einen dateinamen in excel?\"}]},{\"@type\":\"WebSite\",\"@id\":\"https:\/\/exceladvisor.org\/de\/#website\",\"url\":\"https:\/\/exceladvisor.org\/de\/\",\"name\":\"Excel Advisor\",\"description\":\"Ihr Leitfaden zur Datendominanz\",\"publisher\":{\"@id\":\"https:\/\/exceladvisor.org\/de\/#organization\"},\"potentialAction\":[{\"@type\":\"SearchAction\",\"target\":{\"@type\":\"EntryPoint\",\"urlTemplate\":\"https:\/\/exceladvisor.org\/de\/?s={search_term_string}\"},\"query-input\":{\"@type\":\"PropertyValueSpecification\",\"valueRequired\":true,\"valueName\":\"search_term_string\"}}],\"inLanguage\":\"de\"},{\"@type\":\"Organization\",\"@id\":\"https:\/\/exceladvisor.org\/de\/#organization\",\"name\":\"Excel Advisor\",\"url\":\"https:\/\/exceladvisor.org\/de\/\",\"logo\":{\"@type\":\"ImageObject\",\"inLanguage\":\"de\",\"@id\":\"https:\/\/exceladvisor.org\/de\/#\/schema\/logo\/image\/\",\"url\":\"https:\/\/exceladvisor.org\/de\/wp-content\/uploads\/2023\/11\/exceladvisor.org_.png\",\"contentUrl\":\"https:\/\/exceladvisor.org\/de\/wp-content\/uploads\/2023\/11\/exceladvisor.org_.png\",\"width\":105,\"height\":36,\"caption\":\"Excel Advisor\"},\"image\":{\"@id\":\"https:\/\/exceladvisor.org\/de\/#\/schema\/logo\/image\/\"}}]}<\/script>\n<!-- \/ Yoast SEO plugin. -->","yoast_head_json":{"title":"Wie erhalte ich einen Dateinamen in Excel? - Excel-Berater","description":"In diesem Tutorial lernen Sie verschiedene M\u00f6glichkeiten kennen, mithilfe benutzerfreundlicher Formeln einen Dateinamen in Excel zu erhalten","robots":{"index":"index","follow":"follow","max-snippet":"max-snippet:-1","max-image-preview":"max-image-preview:large","max-video-preview":"max-video-preview:-1"},"canonical":"https:\/\/exceladvisor.org\/de\/dateinamen-abrufen\/","og_locale":"de_DE","og_type":"article","og_title":"Wie erhalte ich einen Dateinamen in Excel? - Excel-Berater","og_description":"In diesem Tutorial lernen Sie verschiedene M\u00f6glichkeiten kennen, mithilfe benutzerfreundlicher Formeln einen Dateinamen in Excel zu erhalten","og_url":"https:\/\/exceladvisor.org\/de\/dateinamen-abrufen\/","og_site_name":"Excel Advisor","article_modified_time":"2023-12-03T11:19:21+00:00","og_image":[{"url":"https:\/\/exceladvisor.org\/wp-content\/uploads\/2023\/08\/1-obtenir-le-nom-du-fichier.png","type":"","width":"","height":""}],"twitter_card":"summary_large_image","twitter_misc":{"Gesch\u00e4tzte Lesezeit":"2\u00a0Minuten"},"schema":{"@context":"https:\/\/schema.org","@graph":[{"@type":"WebPage","@id":"https:\/\/exceladvisor.org\/de\/dateinamen-abrufen\/","url":"https:\/\/exceladvisor.org\/de\/dateinamen-abrufen\/","name":"Wie erhalte ich einen Dateinamen in Excel? - Excel-Berater","isPartOf":{"@id":"https:\/\/exceladvisor.org\/de\/#website"},"primaryImageOfPage":{"@id":"https:\/\/exceladvisor.org\/de\/dateinamen-abrufen\/#primaryimage"},"image":{"@id":"https:\/\/exceladvisor.org\/de\/dateinamen-abrufen\/#primaryimage"},"thumbnailUrl":"https:\/\/exceladvisor.org\/wp-content\/uploads\/2023\/08\/1-obtenir-le-nom-du-fichier.png","datePublished":"2023-11-17T07:16:19+00:00","dateModified":"2023-12-03T11:19:21+00:00","description":"In diesem Tutorial lernen Sie verschiedene M\u00f6glichkeiten kennen, mithilfe benutzerfreundlicher Formeln einen Dateinamen in Excel zu erhalten","breadcrumb":{"@id":"https:\/\/exceladvisor.org\/de\/dateinamen-abrufen\/#breadcrumb"},"inLanguage":"de","potentialAction":[{"@type":"ReadAction","target":["https:\/\/exceladvisor.org\/de\/dateinamen-abrufen\/"]}]},{"@type":"ImageObject","inLanguage":"de","@id":"https:\/\/exceladvisor.org\/de\/dateinamen-abrufen\/#primaryimage","url":"https:\/\/exceladvisor.org\/wp-content\/uploads\/2023\/08\/1-obtenir-le-nom-du-fichier.png","contentUrl":"https:\/\/exceladvisor.org\/wp-content\/uploads\/2023\/08\/1-obtenir-le-nom-du-fichier.png"},{"@type":"BreadcrumbList","@id":"https:\/\/exceladvisor.org\/de\/dateinamen-abrufen\/#breadcrumb","itemListElement":[{"@type":"ListItem","position":1,"name":"Accueil","item":"https:\/\/exceladvisor.org\/de\/"},{"@type":"ListItem","position":2,"name":"Wie erhalte ich einen dateinamen in excel?"}]},{"@type":"WebSite","@id":"https:\/\/exceladvisor.org\/de\/#website","url":"https:\/\/exceladvisor.org\/de\/","name":"Excel Advisor","description":"Ihr Leitfaden zur Datendominanz","publisher":{"@id":"https:\/\/exceladvisor.org\/de\/#organization"},"potentialAction":[{"@type":"SearchAction","target":{"@type":"EntryPoint","urlTemplate":"https:\/\/exceladvisor.org\/de\/?s={search_term_string}"},"query-input":{"@type":"PropertyValueSpecification","valueRequired":true,"valueName":"search_term_string"}}],"inLanguage":"de"},{"@type":"Organization","@id":"https:\/\/exceladvisor.org\/de\/#organization","name":"Excel Advisor","url":"https:\/\/exceladvisor.org\/de\/","logo":{"@type":"ImageObject","inLanguage":"de","@id":"https:\/\/exceladvisor.org\/de\/#\/schema\/logo\/image\/","url":"https:\/\/exceladvisor.org\/de\/wp-content\/uploads\/2023\/11\/exceladvisor.org_.png","contentUrl":"https:\/\/exceladvisor.org\/de\/wp-content\/uploads\/2023\/11\/exceladvisor.org_.png","width":105,"height":36,"caption":"Excel Advisor"},"image":{"@id":"https:\/\/exceladvisor.org\/de\/#\/schema\/logo\/image\/"}}]}},"yoast_meta":{"yoast_wpseo_title":"","yoast_wpseo_metadesc":"","yoast_wpseo_canonical":""},"_links":{"self":[{"href":"https:\/\/exceladvisor.org\/de\/wp-json\/wp\/v2\/pages\/3048","targetHints":{"allow":["GET"]}}],"collection":[{"href":"https:\/\/exceladvisor.org\/de\/wp-json\/wp\/v2\/pages"}],"about":[{"href":"https:\/\/exceladvisor.org\/de\/wp-json\/wp\/v2\/types\/page"}],"author":[{"embeddable":true,"href":"https:\/\/exceladvisor.org\/de\/wp-json\/wp\/v2\/users\/1"}],"replies":[{"embeddable":true,"href":"https:\/\/exceladvisor.org\/de\/wp-json\/wp\/v2\/comments?post=3048"}],"version-history":[{"count":1,"href":"https:\/\/exceladvisor.org\/de\/wp-json\/wp\/v2\/pages\/3048\/revisions"}],"predecessor-version":[{"id":3930,"href":"https:\/\/exceladvisor.org\/de\/wp-json\/wp\/v2\/pages\/3048\/revisions\/3930"}],"wp:attachment":[{"href":"https:\/\/exceladvisor.org\/de\/wp-json\/wp\/v2\/media?parent=3048"}],"curies":[{"name":"wp","href":"https:\/\/api.w.org\/{rel}","templated":true}]}}