{"id":3049,"date":"2023-11-17T07:02:42","date_gmt":"2023-11-17T07:02:42","guid":{"rendered":"https:\/\/exceladvisor.org\/de\/zahlen-sie-die-gesamtzahl-der-zellen\/"},"modified":"2023-12-03T13:05:50","modified_gmt":"2023-12-03T13:05:50","slug":"zahlen-sie-die-gesamtzahl-der-zellen","status":"publish","type":"page","link":"https:\/\/exceladvisor.org\/de\/zahlen-sie-die-gesamtzahl-der-zellen\/","title":{"rendered":"Wie z\u00e4hle ich die gesamtzahl der zellen in einem bereich?"},"content":{"rendered":"<div class=\"excel-vor-dem-inhalt\" id=\"excel-430572063\"><script type=\"text\/javascript\">\r\n\tatOptions = {\r\n\t\t'key' : 'c1158f160081d6540a8409e6925dab94',\r\n\t\t'format' : 'iframe',\r\n\t\t'height' : 250,\r\n\t\t'width' : 300,\r\n\t\t'params' : {}\r\n\t};\r\n<\/script>\r\n<script type=\"text\/javascript\" src=\"\/\/www.highperformanceformat.com\/c1158f160081d6540a8409e6925dab94\/invoke.js\"><\/script><\/div> <p>In Excel k\u00f6nnen Sie zwei verschiedene Formeln verwenden, wenn Sie die Anzahl der Zellen in einem Bereich (leere und nicht leere Zellen) z\u00e4hlen m\u00f6chten. In diesem Tutorial werden wir uns beide Formeln ansehen.<\/p><h2 class=\"wp-block-heading\"> Z\u00e4hlen Sie die Anzahl der Zellen (Methode 1)<\/h2><p> Im folgenden Beispiel haben wir einige Werte in Spalte A und Sie m\u00fcssen die Zellen im Bereich A1:B10 z\u00e4hlen. Und daf\u00fcr verwenden wir die Funktionen ROWS und COLUMNS.<\/p><p> Schritte zum Schreiben der Formel:<\/p><ol type=\"1\"><li> Geben Sie zun\u00e4chst in Zelle D1 \u201e <code>=ROWS (A1:B10)<\/code> \u201c ein.<\/li><li> Geben Sie dann das Sternchen (*) ein, um die Werte zu multiplizieren.<\/li><li> Danach m\u00fcssen Sie die COLUMN-Funktion eingeben, die sich auf denselben Bereich bezieht (COLUMNS(A1:B10).<\/li><li> Dr\u00fccken Sie am Ende die Eingabetaste, um das Ergebnis in der Zelle anzuzeigen. <\/li><\/ol><div class=\"wp-block-image\"><figure class=\"aligncenter size-full is-resized\"><img loading=\"lazy\" decoding=\"async\" class=\"wp-image-66794\" src=\"https:\/\/exceladvisor.org\/wp-content\/uploads\/2023\/08\/1-fonction-lignes-et-colonnes.png\" sizes=\"auto, \" srcset=\"\" alt=\"Zeilen- und Spaltenfunktion\" width=\"445\" height=\"273\"><\/figure><\/div><p> Wie Sie nun sehen k\u00f6nnen, wird beim Dr\u00fccken der Eingabetaste 20 als Ergebnis zur\u00fcckgegeben, da der von Ihnen angegebene Bereich insgesamt 20 Zellen enth\u00e4lt. <\/p><div class=\"wp-block-image\"><figure class=\"aligncenter size-full is-resized\"><img loading=\"lazy\" decoding=\"async\" class=\"wp-image-66795\" src=\"https:\/\/exceladvisor.org\/wp-content\/uploads\/2023\/08\/Resultat-de-comptage-de-2-cellules.png\" sizes=\"auto, \" srcset=\"\" alt=\"Ergebnis der Zellz\u00e4hlung\" width=\"496\" height=\"303\"><\/figure><\/div><p> Versuchen wir nun, die Formel zu verstehen, die wir hier verwendet haben. Im ersten Teil haben wir die ROWS-Funktion verwendet, die die Anzahl der Zeilen zur\u00fcckgibt, die Sie in einem Bereich haben. Hier wird 10 zur\u00fcckgegeben, da Sie zehn Zeilen im Bereich A1 bis B10 haben. <\/p><div class=\"wp-block-image\"><figure class=\"aligncenter size-full is-resized\"><img loading=\"lazy\" decoding=\"async\" class=\"wp-image-66796\" src=\"https:\/\/exceladvisor.org\/wp-content\/uploads\/2023\/08\/Formule-3-lignes.png\" sizes=\"auto, \" srcset=\"\" alt=\"Linienformel\" width=\"471\" height=\"332\"><\/figure><\/div><p> Das n\u00e4chste Mal haben Sie jetzt die COLUMNS-Funktion, die die Anzahl der Spalten zur\u00fcckgibt, die Sie in einem Bereich haben. Hier wird 2 zur\u00fcckgegeben, da Sie zwei Spalten im Bereich A1 bis B10 haben. <\/p><div class=\"wp-block-image\"><figure class=\"aligncenter size-full is-resized\"><img loading=\"lazy\" decoding=\"async\" class=\"wp-image-66797\" src=\"https:\/\/exceladvisor.org\/wp-content\/uploads\/2023\/08\/Formule-4-colonnes.png\" sizes=\"auto, \" srcset=\"\" alt=\"Formelspalten\" width=\"421\" height=\"286\"><\/figure><\/div><p> Letztendlich haben Sie ein Sternchen zwischen den beiden Werten, um die Zeilen und Spalten zu multiplizieren und so die Gesamtzahl der Zellen im Bereich zu erhalten.<\/p><h2 class=\"wp-block-heading\"> Kombiniert COUNTA \u2013 COUNTBLANK, um Zellen in einem Bereich zu z\u00e4hlen<\/h2><p> Bei der zweiten Methode m\u00fcssen Sie die Funktionen COUNTA und COUNTBLANK kombinieren. Durch die Kombination der beiden Funktionen k\u00f6nnen Sie alle nicht leeren Zellen und alle leeren Zellen in einem Bereich z\u00e4hlen. Unten sehen wir dasselbe Beispiel, das wir im ersten Beispiel verwendet haben.<\/p><p> In Zelle D1 k\u00f6nnen Sie die folgende Formel eingeben: <\/p><pre class=\"wp-block-code\"> <code class=\"language-excel-formula\" lang=\"excel-formula\">=COUNTA(A1:B10)+COUNTBLANK(A1:B10)<\/code><\/pre><div class=\"wp-block-image\"><figure class=\"aligncenter size-full is-resized\"><img loading=\"lazy\" decoding=\"async\" class=\"wp-image-66798\" src=\"https:\/\/exceladvisor.org\/wp-content\/uploads\/2023\/08\/5-counta-countblank-formule.png\" sizes=\"auto, \" srcset=\"\" alt=\"counta-countblank-Formel\" width=\"546\" height=\"280\"><\/figure><\/div><p> Wie gesagt, diese Formel besteht aus zwei Teilen:<\/p><ol type=\"1\"><li> Die COUNTA-Funktion z\u00e4hlt Zellen, in denen Sie Werte haben.<\/li><li> Die Funktion COUNTBLANK z\u00e4hlt Zellen, in denen Sie keine Werte haben.<\/li><\/ol><p> Letztendlich haben Sie ein \u201e+-Zeichen\u201c, das die beiden Zahlen addiert und Ihnen die Gesamtzahl der Zellen zur\u00fcckgibt, die Sie in dem von Ihnen angegebenen Bereich haben. <\/p><div class=\"gb-container gb-container-52dfcee1 gb-container-sample-file\"><h2 class=\"gb-headline gb-headline-e289c143 gb-headline-text gb-headline-4f7959c2\"> Holen Sie sich die Excel-Datei<\/h2> <a class=\"gb-button gb-button-e88d6bee gb-button-text gb-button-button1\" href=\"https:\/\/exceladvisor.org\/wp-content\/uploads\/2023\/08\/compter-les-cellules-dune-plage.xlsx\" rel=\"nofollow\">Herunterladen<\/a><\/div><div class=\"gb-container gb-container-0df56012 gb-container-mt\"> <a class=\"gb-button gb-button-f9f432f4 gb-button-text gb-button-mt-button\" href=\"https:\/\/exceladvisor.org\/de\/formeln\/\">Liste der Excel-Formeln<\/a><h2 class=\"gb-headline gb-headline-233444e8 gb-headline-text gb-headline-mt-heading\"> Verwandte Formeln <\/h2><div class=\"gb-grid-wrapper gb-grid-wrapper-a16fa65c gb-grid-wrapper-mt-grid\"><div class=\"gb-grid-column gb-grid-column-50d07e0d\"><div class=\"gb-container gb-container-50d07e0d\"><ul><li> <a href=\"https:\/\/exceladvisor.org\/de\/zellen-mit-text-zahlen\/\">Z\u00e4hlen Sie Zellen mit Text in Excel<\/a><\/li><li> <a href=\"https:\/\/exceladvisor.org\/de\/zahlen-sie-bestimmte-zeichen\/\">Z\u00e4hlen Sie bestimmte Zeichen in Excel<\/a><\/li><li> <a href=\"https:\/\/exceladvisor.org\/de\/eindeutige-werte-zahlen-1\/\">Z\u00e4hlen Sie eindeutige Werte in Excel<\/a><\/li><li> <a href=\"https:\/\/exceladvisor.org\/de\/zahle-gegen-zahlung\/\">GRAF vs. GRAF<\/a><\/li><li> <a href=\"https:\/\/exceladvisor.org\/de\/zahle-die-worter\/\">Z\u00e4hlen Sie W\u00f6rter in Excel<\/a> <\/li><\/ul><\/div><\/div><div class=\"gb-grid-column gb-grid-column-5b4a0cf9\"><div class=\"gb-container gb-container-5b4a0cf9\"><\/div><\/div><\/div><\/div>","protected":false},"excerpt":{"rendered":"","protected":false},"author":1,"featured_media":0,"parent":0,"menu_order":0,"comment_status":"open","ping_status":"closed","template":"","meta":{"ub_ctt_via":"","footnotes":""},"class_list":["post-3049","page","type-page","status-publish","hentry"],"featured_image_src":null,"yoast_head":"<!-- This site is optimized with the Yoast SEO plugin v25.4 - https:\/\/yoast.com\/wordpress\/plugins\/seo\/ -->\n<title>\u25b7 Wie z\u00e4hle ich die Gesamtzahl der Zellen in einem Bereich?<\/title>\n<meta name=\"description\" content=\"In diesem Tutorial lernen Sie verschiedene Methoden zum Z\u00e4hlen der Gesamtzahl der Zellen in einem Bereich in Excel kennen\" \/>\n<meta name=\"robots\" content=\"index, follow, max-snippet:-1, max-image-preview:large, max-video-preview:-1\" \/>\n<link rel=\"canonical\" href=\"https:\/\/exceladvisor.org\/de\/zahlen-sie-die-gesamtzahl-der-zellen\/\" \/>\n<meta property=\"og:locale\" content=\"de_DE\" \/>\n<meta property=\"og:type\" content=\"article\" \/>\n<meta property=\"og:title\" content=\"\u25b7 Wie z\u00e4hle ich die Gesamtzahl der Zellen in einem Bereich?\" \/>\n<meta property=\"og:description\" content=\"In diesem Tutorial lernen Sie verschiedene Methoden zum Z\u00e4hlen der Gesamtzahl der Zellen in einem Bereich in Excel kennen\" \/>\n<meta property=\"og:url\" content=\"https:\/\/exceladvisor.org\/de\/zahlen-sie-die-gesamtzahl-der-zellen\/\" \/>\n<meta property=\"og:site_name\" content=\"Excel Advisor\" \/>\n<meta property=\"article:modified_time\" content=\"2023-12-03T13:05:50+00:00\" \/>\n<meta property=\"og:image\" content=\"https:\/\/exceladvisor.org\/wp-content\/uploads\/2023\/08\/1-fonction-lignes-et-colonnes.png\" \/>\n<meta name=\"twitter:card\" content=\"summary_large_image\" \/>\n<meta name=\"twitter:label1\" content=\"Gesch\u00e4tzte Lesezeit\" \/>\n\t<meta name=\"twitter:data1\" content=\"2\u00a0Minuten\" \/>\n<script type=\"application\/ld+json\" class=\"yoast-schema-graph\">{\"@context\":\"https:\/\/schema.org\",\"@graph\":[{\"@type\":\"WebPage\",\"@id\":\"https:\/\/exceladvisor.org\/de\/zahlen-sie-die-gesamtzahl-der-zellen\/\",\"url\":\"https:\/\/exceladvisor.org\/de\/zahlen-sie-die-gesamtzahl-der-zellen\/\",\"name\":\"\u25b7 Wie z\u00e4hle ich die Gesamtzahl der Zellen in einem Bereich?\",\"isPartOf\":{\"@id\":\"https:\/\/exceladvisor.org\/de\/#website\"},\"primaryImageOfPage\":{\"@id\":\"https:\/\/exceladvisor.org\/de\/zahlen-sie-die-gesamtzahl-der-zellen\/#primaryimage\"},\"image\":{\"@id\":\"https:\/\/exceladvisor.org\/de\/zahlen-sie-die-gesamtzahl-der-zellen\/#primaryimage\"},\"thumbnailUrl\":\"https:\/\/exceladvisor.org\/wp-content\/uploads\/2023\/08\/1-fonction-lignes-et-colonnes.png\",\"datePublished\":\"2023-11-17T07:02:42+00:00\",\"dateModified\":\"2023-12-03T13:05:50+00:00\",\"description\":\"In diesem Tutorial lernen Sie verschiedene Methoden zum Z\u00e4hlen der Gesamtzahl der Zellen in einem Bereich in Excel kennen\",\"breadcrumb\":{\"@id\":\"https:\/\/exceladvisor.org\/de\/zahlen-sie-die-gesamtzahl-der-zellen\/#breadcrumb\"},\"inLanguage\":\"de\",\"potentialAction\":[{\"@type\":\"ReadAction\",\"target\":[\"https:\/\/exceladvisor.org\/de\/zahlen-sie-die-gesamtzahl-der-zellen\/\"]}]},{\"@type\":\"ImageObject\",\"inLanguage\":\"de\",\"@id\":\"https:\/\/exceladvisor.org\/de\/zahlen-sie-die-gesamtzahl-der-zellen\/#primaryimage\",\"url\":\"https:\/\/exceladvisor.org\/wp-content\/uploads\/2023\/08\/1-fonction-lignes-et-colonnes.png\",\"contentUrl\":\"https:\/\/exceladvisor.org\/wp-content\/uploads\/2023\/08\/1-fonction-lignes-et-colonnes.png\"},{\"@type\":\"BreadcrumbList\",\"@id\":\"https:\/\/exceladvisor.org\/de\/zahlen-sie-die-gesamtzahl-der-zellen\/#breadcrumb\",\"itemListElement\":[{\"@type\":\"ListItem\",\"position\":1,\"name\":\"Accueil\",\"item\":\"https:\/\/exceladvisor.org\/de\/\"},{\"@type\":\"ListItem\",\"position\":2,\"name\":\"Wie z\u00e4hle ich die gesamtzahl der zellen in einem bereich?\"}]},{\"@type\":\"WebSite\",\"@id\":\"https:\/\/exceladvisor.org\/de\/#website\",\"url\":\"https:\/\/exceladvisor.org\/de\/\",\"name\":\"Excel Advisor\",\"description\":\"Ihr Leitfaden zur Datendominanz\",\"publisher\":{\"@id\":\"https:\/\/exceladvisor.org\/de\/#organization\"},\"potentialAction\":[{\"@type\":\"SearchAction\",\"target\":{\"@type\":\"EntryPoint\",\"urlTemplate\":\"https:\/\/exceladvisor.org\/de\/?s={search_term_string}\"},\"query-input\":{\"@type\":\"PropertyValueSpecification\",\"valueRequired\":true,\"valueName\":\"search_term_string\"}}],\"inLanguage\":\"de\"},{\"@type\":\"Organization\",\"@id\":\"https:\/\/exceladvisor.org\/de\/#organization\",\"name\":\"Excel Advisor\",\"url\":\"https:\/\/exceladvisor.org\/de\/\",\"logo\":{\"@type\":\"ImageObject\",\"inLanguage\":\"de\",\"@id\":\"https:\/\/exceladvisor.org\/de\/#\/schema\/logo\/image\/\",\"url\":\"https:\/\/exceladvisor.org\/de\/wp-content\/uploads\/2023\/11\/exceladvisor.org_.png\",\"contentUrl\":\"https:\/\/exceladvisor.org\/de\/wp-content\/uploads\/2023\/11\/exceladvisor.org_.png\",\"width\":105,\"height\":36,\"caption\":\"Excel Advisor\"},\"image\":{\"@id\":\"https:\/\/exceladvisor.org\/de\/#\/schema\/logo\/image\/\"}}]}<\/script>\n<!-- \/ Yoast SEO plugin. -->","yoast_head_json":{"title":"\u25b7 Wie z\u00e4hle ich die Gesamtzahl der Zellen in einem Bereich?","description":"In diesem Tutorial lernen Sie verschiedene Methoden zum Z\u00e4hlen der Gesamtzahl der Zellen in einem Bereich in Excel kennen","robots":{"index":"index","follow":"follow","max-snippet":"max-snippet:-1","max-image-preview":"max-image-preview:large","max-video-preview":"max-video-preview:-1"},"canonical":"https:\/\/exceladvisor.org\/de\/zahlen-sie-die-gesamtzahl-der-zellen\/","og_locale":"de_DE","og_type":"article","og_title":"\u25b7 Wie z\u00e4hle ich die Gesamtzahl der Zellen in einem Bereich?","og_description":"In diesem Tutorial lernen Sie verschiedene Methoden zum Z\u00e4hlen der Gesamtzahl der Zellen in einem Bereich in Excel kennen","og_url":"https:\/\/exceladvisor.org\/de\/zahlen-sie-die-gesamtzahl-der-zellen\/","og_site_name":"Excel Advisor","article_modified_time":"2023-12-03T13:05:50+00:00","og_image":[{"url":"https:\/\/exceladvisor.org\/wp-content\/uploads\/2023\/08\/1-fonction-lignes-et-colonnes.png","type":"","width":"","height":""}],"twitter_card":"summary_large_image","twitter_misc":{"Gesch\u00e4tzte Lesezeit":"2\u00a0Minuten"},"schema":{"@context":"https:\/\/schema.org","@graph":[{"@type":"WebPage","@id":"https:\/\/exceladvisor.org\/de\/zahlen-sie-die-gesamtzahl-der-zellen\/","url":"https:\/\/exceladvisor.org\/de\/zahlen-sie-die-gesamtzahl-der-zellen\/","name":"\u25b7 Wie z\u00e4hle ich die Gesamtzahl der Zellen in einem Bereich?","isPartOf":{"@id":"https:\/\/exceladvisor.org\/de\/#website"},"primaryImageOfPage":{"@id":"https:\/\/exceladvisor.org\/de\/zahlen-sie-die-gesamtzahl-der-zellen\/#primaryimage"},"image":{"@id":"https:\/\/exceladvisor.org\/de\/zahlen-sie-die-gesamtzahl-der-zellen\/#primaryimage"},"thumbnailUrl":"https:\/\/exceladvisor.org\/wp-content\/uploads\/2023\/08\/1-fonction-lignes-et-colonnes.png","datePublished":"2023-11-17T07:02:42+00:00","dateModified":"2023-12-03T13:05:50+00:00","description":"In diesem Tutorial lernen Sie verschiedene Methoden zum Z\u00e4hlen der Gesamtzahl der Zellen in einem Bereich in Excel kennen","breadcrumb":{"@id":"https:\/\/exceladvisor.org\/de\/zahlen-sie-die-gesamtzahl-der-zellen\/#breadcrumb"},"inLanguage":"de","potentialAction":[{"@type":"ReadAction","target":["https:\/\/exceladvisor.org\/de\/zahlen-sie-die-gesamtzahl-der-zellen\/"]}]},{"@type":"ImageObject","inLanguage":"de","@id":"https:\/\/exceladvisor.org\/de\/zahlen-sie-die-gesamtzahl-der-zellen\/#primaryimage","url":"https:\/\/exceladvisor.org\/wp-content\/uploads\/2023\/08\/1-fonction-lignes-et-colonnes.png","contentUrl":"https:\/\/exceladvisor.org\/wp-content\/uploads\/2023\/08\/1-fonction-lignes-et-colonnes.png"},{"@type":"BreadcrumbList","@id":"https:\/\/exceladvisor.org\/de\/zahlen-sie-die-gesamtzahl-der-zellen\/#breadcrumb","itemListElement":[{"@type":"ListItem","position":1,"name":"Accueil","item":"https:\/\/exceladvisor.org\/de\/"},{"@type":"ListItem","position":2,"name":"Wie z\u00e4hle ich die gesamtzahl der zellen in einem bereich?"}]},{"@type":"WebSite","@id":"https:\/\/exceladvisor.org\/de\/#website","url":"https:\/\/exceladvisor.org\/de\/","name":"Excel Advisor","description":"Ihr Leitfaden zur Datendominanz","publisher":{"@id":"https:\/\/exceladvisor.org\/de\/#organization"},"potentialAction":[{"@type":"SearchAction","target":{"@type":"EntryPoint","urlTemplate":"https:\/\/exceladvisor.org\/de\/?s={search_term_string}"},"query-input":{"@type":"PropertyValueSpecification","valueRequired":true,"valueName":"search_term_string"}}],"inLanguage":"de"},{"@type":"Organization","@id":"https:\/\/exceladvisor.org\/de\/#organization","name":"Excel Advisor","url":"https:\/\/exceladvisor.org\/de\/","logo":{"@type":"ImageObject","inLanguage":"de","@id":"https:\/\/exceladvisor.org\/de\/#\/schema\/logo\/image\/","url":"https:\/\/exceladvisor.org\/de\/wp-content\/uploads\/2023\/11\/exceladvisor.org_.png","contentUrl":"https:\/\/exceladvisor.org\/de\/wp-content\/uploads\/2023\/11\/exceladvisor.org_.png","width":105,"height":36,"caption":"Excel Advisor"},"image":{"@id":"https:\/\/exceladvisor.org\/de\/#\/schema\/logo\/image\/"}}]}},"yoast_meta":{"yoast_wpseo_title":"","yoast_wpseo_metadesc":"","yoast_wpseo_canonical":""},"_links":{"self":[{"href":"https:\/\/exceladvisor.org\/de\/wp-json\/wp\/v2\/pages\/3049","targetHints":{"allow":["GET"]}}],"collection":[{"href":"https:\/\/exceladvisor.org\/de\/wp-json\/wp\/v2\/pages"}],"about":[{"href":"https:\/\/exceladvisor.org\/de\/wp-json\/wp\/v2\/types\/page"}],"author":[{"embeddable":true,"href":"https:\/\/exceladvisor.org\/de\/wp-json\/wp\/v2\/users\/1"}],"replies":[{"embeddable":true,"href":"https:\/\/exceladvisor.org\/de\/wp-json\/wp\/v2\/comments?post=3049"}],"version-history":[{"count":1,"href":"https:\/\/exceladvisor.org\/de\/wp-json\/wp\/v2\/pages\/3049\/revisions"}],"predecessor-version":[{"id":4417,"href":"https:\/\/exceladvisor.org\/de\/wp-json\/wp\/v2\/pages\/3049\/revisions\/4417"}],"wp:attachment":[{"href":"https:\/\/exceladvisor.org\/de\/wp-json\/wp\/v2\/media?parent=3049"}],"curies":[{"name":"wp","href":"https:\/\/api.w.org\/{rel}","templated":true}]}}