{"id":3050,"date":"2023-11-17T06:46:31","date_gmt":"2023-11-17T06:46:31","guid":{"rendered":"https:\/\/exceladvisor.org\/de\/verketten-sie-zellen-mit-einem-komma\/"},"modified":"2023-12-03T13:05:28","modified_gmt":"2023-12-03T13:05:28","slug":"verketten-sie-zellen-mit-einem-komma","status":"publish","type":"page","link":"https:\/\/exceladvisor.org\/de\/verketten-sie-zellen-mit-einem-komma\/","title":{"rendered":"Wie verkette ich zellen mit einem komma?"},"content":{"rendered":"<div class=\"excel-vor-dem-inhalt\" id=\"excel-1104690604\"><script type=\"text\/javascript\">\r\n\tatOptions = {\r\n\t\t'key' : 'c1158f160081d6540a8409e6925dab94',\r\n\t\t'format' : 'iframe',\r\n\t\t'height' : 250,\r\n\t\t'width' : 300,\r\n\t\t'params' : {}\r\n\t};\r\n<\/script>\r\n<script type=\"text\/javascript\" src=\"\/\/www.highperformanceformat.com\/c1158f160081d6540a8409e6925dab94\/invoke.js\"><\/script><\/div> <p>In Excel gibt es mehrere Methoden, mit denen Sie Zellen mithilfe eines Kommas zwischen Werten verketten k\u00f6nnen. In diesem Tutorial werden wir uns alle diese Methoden ansehen.<\/p><h2 class=\"wp-block-heading\"> TEXTJOIN-Funktion zum Kombinieren von Zellen mit einem gemeinsamen Zeichen<\/h2><p> Im folgenden Beispiel haben Sie numerische Werte im Bereich A1 bis A5 und m\u00fcssen alle diese Werte in Zelle B1 kombinieren. <\/p><div class=\"wp-block-image\"><figure class=\"aligncenter size-full is-resized\"><img loading=\"lazy\" decoding=\"async\" class=\"wp-image-66008\" src=\"https:\/\/exceladvisor.org\/wp-content\/uploads\/2023\/08\/1-plage-de-cellules.png\" sizes=\"auto, \" srcset=\"\" alt=\"Zellspeicherung\" width=\"449\" height=\"283\"><\/figure><\/div><p> Sie k\u00f6nnen die folgenden Schritte verwenden:<\/p><ol type=\"1\"><li> Geben Sie zun\u00e4chst TEXTJOIN in Zelle B1 ein.<\/li><li> F\u00fcgen Sie anschlie\u00dfend f\u00fcr das Trennzeichenargument ein Komma (\u201e\u201c, \u201e) hinzu. Dazu geh\u00f6rt auch ein Leerzeichen nach dem Komma.<\/li><li> Geben Sie dann TRUE f\u00fcrignore_empty ein.<\/li><li> W\u00e4hlen Sie nun den Bereich A1:A5 aus, in dem Sie die Werte kombinieren m\u00f6chten.<\/li><li> Geben Sie am Ende die schlie\u00dfende Klammer ein und dr\u00fccken Sie dann die Eingabetaste. <\/li><\/ol><div class=\"wp-block-image\"><figure class=\"aligncenter size-full is-resized\"><img loading=\"lazy\" decoding=\"async\" class=\"wp-image-66009\" src=\"https:\/\/exceladvisor.org\/wp-content\/uploads\/2023\/08\/2-formule-textjoin.png\" sizes=\"auto, \" srcset=\"\" alt=\"Textjoin-Formel\" width=\"626\" height=\"280\"><\/figure><\/div><pre class=\"wp-block-code\"> <code class=\"language-excel-formula\" lang=\"excel-formula\">=TEXTJOIN(\", \",TRUE,A1:A5)<\/code><\/pre><h2 class=\"wp-block-heading\"> Verwenden Sie die CONCAT-Funktion, um Werte mit einem Komma zu verketten<\/h2><p> Sie k\u00f6nnen hierf\u00fcr auch die CONCAT-Funktion verwenden. Sie m\u00fcssen jedoch neben den tats\u00e4chlichen Werten eine Hilfsspalte mit Kommas hinzuf\u00fcgen. Im folgenden Beispiel haben wir in Spalte B (B1:B5) Kommas hinzugef\u00fcgt. <\/p><div class=\"wp-block-image\"><figure class=\"aligncenter size-full is-resized\"><img loading=\"lazy\" decoding=\"async\" class=\"wp-image-66010\" src=\"https:\/\/exceladvisor.org\/wp-content\/uploads\/2023\/08\/3-concat-pour-combiner-les-cellules.png\" sizes=\"auto, \" srcset=\"\" alt=\"concat-to-combine-cells\" width=\"479\" height=\"305\"><\/figure><\/div><p> Nun ist die Formel ziemlich einfach. Geben Sie einfach die CONCAT-Funktion in Zelle C1 ein und beziehen Sie sich auf den gesamten Bereich (A1:B5). Wenn Sie die Eingabetaste dr\u00fccken, erhalten Sie alle Werte in Zelle C1, gefolgt von einem Komma. <\/p><div class=\"wp-block-image\"><figure class=\"aligncenter size-full is-resized\"><img loading=\"lazy\" decoding=\"async\" class=\"wp-image-66011\" src=\"https:\/\/exceladvisor.org\/wp-content\/uploads\/2023\/08\/4-formules-concat1.png\" sizes=\"auto, \" srcset=\"\" alt=\"Concat-Formel\" width=\"651\" height=\"289\"><\/figure><\/div><pre class=\"wp-block-code\"> <code class=\"language-excel-formula\" lang=\"excel-formula\">=CONCAT(A1:B5)<\/code><\/pre><h2 class=\"wp-block-heading\"> Verwendung der einfachen Verkettungsmethode<\/h2><p> Sie k\u00f6nnen auch die einfache Verkettungsmethode verwenden, bei der Sie auf jede Zelle verweisen und bei jedem Zellverweis ein Komma hinzuf\u00fcgen k\u00f6nnen. <\/p><div class=\"wp-block-image\"><figure class=\"aligncenter size-full is-resized\"><img loading=\"lazy\" decoding=\"async\" class=\"wp-image-66012\" src=\"https:\/\/exceladvisor.org\/wp-content\/uploads\/2023\/08\/5-methode-de-concatenation-simple.png\" sizes=\"auto, \" srcset=\"\" alt=\"einfache Verkettungsmethode\" width=\"682\" height=\"312\"><\/figure><\/div><pre class=\"wp-block-code\"> <code class=\"language-excel-formula\" lang=\"excel-formula\">=A1&amp;\", \"&amp;A2&amp;\", \"&amp;A3&amp;\", \"&amp;A4&amp;\", \"&amp;A5<\/code><\/pre><p> Von allen Methoden, die wir verwendet haben, hat jede Methode ihren Vorteil. Aber ich verwende gerne TEXTJOIN, weil es mir mehr Flexibilit\u00e4t gibt, Werte in einer einzelnen Zelle zu kombinieren, ohne eine neue Hilfsspalte hinzuzuf\u00fcgen. <\/p><div class=\"gb-container gb-container-52dfcee1 gb-container-sample-file\"><h2 class=\"gb-headline gb-headline-e289c143 gb-headline-text gb-headline-4f7959c2\"> Holen Sie sich die Excel-Datei<\/h2> <a class=\"gb-button gb-button-e88d6bee gb-button-text gb-button-button1\" href=\"https:\/\/exceladvisor.org\/wp-content\/uploads\/2023\/11\/9-valeurs-de-concatenation-avec-des-virgules.xlsx\" rel=\"nofollow\">Herunterladen<\/a><\/div><div class=\"gb-container gb-container-0df56012 gb-container-mt\"> <a class=\"gb-button gb-button-f9f432f4 gb-button-text gb-button-mt-button\" href=\"https:\/\/exceladvisor.org\/de\/formeln\/\">Liste der Excel-Formeln<\/a><h2 class=\"gb-headline gb-headline-233444e8 gb-headline-text gb-headline-mt-heading\"> Verwandte Formeln <\/h2><div class=\"gb-grid-wrapper gb-grid-wrapper-a16fa65c gb-grid-wrapper-mt-grid\"><div class=\"gb-grid-column gb-grid-column-50d07e0d\"><div class=\"gb-container gb-container-50d07e0d\"><ul><li> <a href=\"https:\/\/exceladvisor.org\/de\/neue-zeile-in-der-zelle\/\">Eine neue Zeile zu einer Zelle in Excel hinzuf\u00fcgen (Zeilenumbruch)<\/a><\/li><li> <a href=\"https:\/\/exceladvisor.org\/de\/fuhrende-nullen\/\">F\u00fcgen Sie f\u00fchrende Nullen in Excel hinzu<\/a><\/li><li> <a href=\"https:\/\/exceladvisor.org\/de\/eine-reihe-von-zellen-verketten\/\">Verketten (kombinieren) Sie einen Bereich von Zellen in Excel<\/a><\/li><li> <a href=\"https:\/\/exceladvisor.org\/de\/einen-zeilenumbruch-verketten\/\">Mit Zeilenumbruch in Excel verketten<\/a> <\/li><\/ul><\/div><\/div><div class=\"gb-grid-column gb-grid-column-5b4a0cf9\"><div class=\"gb-container gb-container-5b4a0cf9\"><\/div><\/div><\/div><\/div>","protected":false},"excerpt":{"rendered":"","protected":false},"author":1,"featured_media":0,"parent":0,"menu_order":0,"comment_status":"open","ping_status":"closed","template":"","meta":{"ub_ctt_via":"","footnotes":""},"class_list":["post-3050","page","type-page","status-publish","hentry"],"featured_image_src":null,"yoast_head":"<!-- This site is optimized with the Yoast SEO plugin v25.4 - https:\/\/yoast.com\/wordpress\/plugins\/seo\/ -->\n<title>Wie verkettet (kombiniert) man Zellen mit einem Komma?<\/title>\n<meta name=\"description\" content=\"In diesem Tutorial lernen Sie verschiedene M\u00f6glichkeiten kennen, Zellen in Excel-Formeln mit einem Komma zu verketten (kombinieren).\" \/>\n<meta name=\"robots\" content=\"index, follow, max-snippet:-1, max-image-preview:large, max-video-preview:-1\" \/>\n<link rel=\"canonical\" href=\"https:\/\/exceladvisor.org\/de\/verketten-sie-zellen-mit-einem-komma\/\" \/>\n<meta property=\"og:locale\" content=\"de_DE\" \/>\n<meta property=\"og:type\" content=\"article\" \/>\n<meta property=\"og:title\" content=\"Wie verkettet (kombiniert) man Zellen mit einem Komma?\" \/>\n<meta property=\"og:description\" content=\"In diesem Tutorial lernen Sie verschiedene M\u00f6glichkeiten kennen, Zellen in Excel-Formeln mit einem Komma zu verketten (kombinieren).\" \/>\n<meta property=\"og:url\" content=\"https:\/\/exceladvisor.org\/de\/verketten-sie-zellen-mit-einem-komma\/\" \/>\n<meta property=\"og:site_name\" content=\"Excel Advisor\" \/>\n<meta property=\"article:modified_time\" content=\"2023-12-03T13:05:28+00:00\" \/>\n<meta property=\"og:image\" content=\"https:\/\/exceladvisor.org\/wp-content\/uploads\/2023\/08\/1-plage-de-cellules.png\" \/>\n<meta name=\"twitter:card\" content=\"summary_large_image\" \/>\n<meta name=\"twitter:label1\" content=\"Gesch\u00e4tzte Lesezeit\" \/>\n\t<meta name=\"twitter:data1\" content=\"2\u00a0Minuten\" \/>\n<script type=\"application\/ld+json\" class=\"yoast-schema-graph\">{\"@context\":\"https:\/\/schema.org\",\"@graph\":[{\"@type\":\"WebPage\",\"@id\":\"https:\/\/exceladvisor.org\/de\/verketten-sie-zellen-mit-einem-komma\/\",\"url\":\"https:\/\/exceladvisor.org\/de\/verketten-sie-zellen-mit-einem-komma\/\",\"name\":\"Wie verkettet (kombiniert) man Zellen mit einem Komma?\",\"isPartOf\":{\"@id\":\"https:\/\/exceladvisor.org\/de\/#website\"},\"primaryImageOfPage\":{\"@id\":\"https:\/\/exceladvisor.org\/de\/verketten-sie-zellen-mit-einem-komma\/#primaryimage\"},\"image\":{\"@id\":\"https:\/\/exceladvisor.org\/de\/verketten-sie-zellen-mit-einem-komma\/#primaryimage\"},\"thumbnailUrl\":\"https:\/\/exceladvisor.org\/wp-content\/uploads\/2023\/08\/1-plage-de-cellules.png\",\"datePublished\":\"2023-11-17T06:46:31+00:00\",\"dateModified\":\"2023-12-03T13:05:28+00:00\",\"description\":\"In diesem Tutorial lernen Sie verschiedene M\u00f6glichkeiten kennen, Zellen in Excel-Formeln mit einem Komma zu verketten (kombinieren).\",\"breadcrumb\":{\"@id\":\"https:\/\/exceladvisor.org\/de\/verketten-sie-zellen-mit-einem-komma\/#breadcrumb\"},\"inLanguage\":\"de\",\"potentialAction\":[{\"@type\":\"ReadAction\",\"target\":[\"https:\/\/exceladvisor.org\/de\/verketten-sie-zellen-mit-einem-komma\/\"]}]},{\"@type\":\"ImageObject\",\"inLanguage\":\"de\",\"@id\":\"https:\/\/exceladvisor.org\/de\/verketten-sie-zellen-mit-einem-komma\/#primaryimage\",\"url\":\"https:\/\/exceladvisor.org\/wp-content\/uploads\/2023\/08\/1-plage-de-cellules.png\",\"contentUrl\":\"https:\/\/exceladvisor.org\/wp-content\/uploads\/2023\/08\/1-plage-de-cellules.png\"},{\"@type\":\"BreadcrumbList\",\"@id\":\"https:\/\/exceladvisor.org\/de\/verketten-sie-zellen-mit-einem-komma\/#breadcrumb\",\"itemListElement\":[{\"@type\":\"ListItem\",\"position\":1,\"name\":\"Accueil\",\"item\":\"https:\/\/exceladvisor.org\/de\/\"},{\"@type\":\"ListItem\",\"position\":2,\"name\":\"Wie verkette ich zellen mit einem komma?\"}]},{\"@type\":\"WebSite\",\"@id\":\"https:\/\/exceladvisor.org\/de\/#website\",\"url\":\"https:\/\/exceladvisor.org\/de\/\",\"name\":\"Excel Advisor\",\"description\":\"Ihr Leitfaden zur Datendominanz\",\"publisher\":{\"@id\":\"https:\/\/exceladvisor.org\/de\/#organization\"},\"potentialAction\":[{\"@type\":\"SearchAction\",\"target\":{\"@type\":\"EntryPoint\",\"urlTemplate\":\"https:\/\/exceladvisor.org\/de\/?s={search_term_string}\"},\"query-input\":{\"@type\":\"PropertyValueSpecification\",\"valueRequired\":true,\"valueName\":\"search_term_string\"}}],\"inLanguage\":\"de\"},{\"@type\":\"Organization\",\"@id\":\"https:\/\/exceladvisor.org\/de\/#organization\",\"name\":\"Excel Advisor\",\"url\":\"https:\/\/exceladvisor.org\/de\/\",\"logo\":{\"@type\":\"ImageObject\",\"inLanguage\":\"de\",\"@id\":\"https:\/\/exceladvisor.org\/de\/#\/schema\/logo\/image\/\",\"url\":\"https:\/\/exceladvisor.org\/de\/wp-content\/uploads\/2023\/11\/exceladvisor.org_.png\",\"contentUrl\":\"https:\/\/exceladvisor.org\/de\/wp-content\/uploads\/2023\/11\/exceladvisor.org_.png\",\"width\":105,\"height\":36,\"caption\":\"Excel Advisor\"},\"image\":{\"@id\":\"https:\/\/exceladvisor.org\/de\/#\/schema\/logo\/image\/\"}}]}<\/script>\n<!-- \/ Yoast SEO plugin. -->","yoast_head_json":{"title":"Wie verkettet (kombiniert) man Zellen mit einem Komma?","description":"In diesem Tutorial lernen Sie verschiedene M\u00f6glichkeiten kennen, Zellen in Excel-Formeln mit einem Komma zu verketten (kombinieren).","robots":{"index":"index","follow":"follow","max-snippet":"max-snippet:-1","max-image-preview":"max-image-preview:large","max-video-preview":"max-video-preview:-1"},"canonical":"https:\/\/exceladvisor.org\/de\/verketten-sie-zellen-mit-einem-komma\/","og_locale":"de_DE","og_type":"article","og_title":"Wie verkettet (kombiniert) man Zellen mit einem Komma?","og_description":"In diesem Tutorial lernen Sie verschiedene M\u00f6glichkeiten kennen, Zellen in Excel-Formeln mit einem Komma zu verketten (kombinieren).","og_url":"https:\/\/exceladvisor.org\/de\/verketten-sie-zellen-mit-einem-komma\/","og_site_name":"Excel Advisor","article_modified_time":"2023-12-03T13:05:28+00:00","og_image":[{"url":"https:\/\/exceladvisor.org\/wp-content\/uploads\/2023\/08\/1-plage-de-cellules.png","type":"","width":"","height":""}],"twitter_card":"summary_large_image","twitter_misc":{"Gesch\u00e4tzte Lesezeit":"2\u00a0Minuten"},"schema":{"@context":"https:\/\/schema.org","@graph":[{"@type":"WebPage","@id":"https:\/\/exceladvisor.org\/de\/verketten-sie-zellen-mit-einem-komma\/","url":"https:\/\/exceladvisor.org\/de\/verketten-sie-zellen-mit-einem-komma\/","name":"Wie verkettet (kombiniert) man Zellen mit einem Komma?","isPartOf":{"@id":"https:\/\/exceladvisor.org\/de\/#website"},"primaryImageOfPage":{"@id":"https:\/\/exceladvisor.org\/de\/verketten-sie-zellen-mit-einem-komma\/#primaryimage"},"image":{"@id":"https:\/\/exceladvisor.org\/de\/verketten-sie-zellen-mit-einem-komma\/#primaryimage"},"thumbnailUrl":"https:\/\/exceladvisor.org\/wp-content\/uploads\/2023\/08\/1-plage-de-cellules.png","datePublished":"2023-11-17T06:46:31+00:00","dateModified":"2023-12-03T13:05:28+00:00","description":"In diesem Tutorial lernen Sie verschiedene M\u00f6glichkeiten kennen, Zellen in Excel-Formeln mit einem Komma zu verketten (kombinieren).","breadcrumb":{"@id":"https:\/\/exceladvisor.org\/de\/verketten-sie-zellen-mit-einem-komma\/#breadcrumb"},"inLanguage":"de","potentialAction":[{"@type":"ReadAction","target":["https:\/\/exceladvisor.org\/de\/verketten-sie-zellen-mit-einem-komma\/"]}]},{"@type":"ImageObject","inLanguage":"de","@id":"https:\/\/exceladvisor.org\/de\/verketten-sie-zellen-mit-einem-komma\/#primaryimage","url":"https:\/\/exceladvisor.org\/wp-content\/uploads\/2023\/08\/1-plage-de-cellules.png","contentUrl":"https:\/\/exceladvisor.org\/wp-content\/uploads\/2023\/08\/1-plage-de-cellules.png"},{"@type":"BreadcrumbList","@id":"https:\/\/exceladvisor.org\/de\/verketten-sie-zellen-mit-einem-komma\/#breadcrumb","itemListElement":[{"@type":"ListItem","position":1,"name":"Accueil","item":"https:\/\/exceladvisor.org\/de\/"},{"@type":"ListItem","position":2,"name":"Wie verkette ich zellen mit einem komma?"}]},{"@type":"WebSite","@id":"https:\/\/exceladvisor.org\/de\/#website","url":"https:\/\/exceladvisor.org\/de\/","name":"Excel Advisor","description":"Ihr Leitfaden zur Datendominanz","publisher":{"@id":"https:\/\/exceladvisor.org\/de\/#organization"},"potentialAction":[{"@type":"SearchAction","target":{"@type":"EntryPoint","urlTemplate":"https:\/\/exceladvisor.org\/de\/?s={search_term_string}"},"query-input":{"@type":"PropertyValueSpecification","valueRequired":true,"valueName":"search_term_string"}}],"inLanguage":"de"},{"@type":"Organization","@id":"https:\/\/exceladvisor.org\/de\/#organization","name":"Excel Advisor","url":"https:\/\/exceladvisor.org\/de\/","logo":{"@type":"ImageObject","inLanguage":"de","@id":"https:\/\/exceladvisor.org\/de\/#\/schema\/logo\/image\/","url":"https:\/\/exceladvisor.org\/de\/wp-content\/uploads\/2023\/11\/exceladvisor.org_.png","contentUrl":"https:\/\/exceladvisor.org\/de\/wp-content\/uploads\/2023\/11\/exceladvisor.org_.png","width":105,"height":36,"caption":"Excel Advisor"},"image":{"@id":"https:\/\/exceladvisor.org\/de\/#\/schema\/logo\/image\/"}}]}},"yoast_meta":{"yoast_wpseo_title":"","yoast_wpseo_metadesc":"","yoast_wpseo_canonical":""},"_links":{"self":[{"href":"https:\/\/exceladvisor.org\/de\/wp-json\/wp\/v2\/pages\/3050","targetHints":{"allow":["GET"]}}],"collection":[{"href":"https:\/\/exceladvisor.org\/de\/wp-json\/wp\/v2\/pages"}],"about":[{"href":"https:\/\/exceladvisor.org\/de\/wp-json\/wp\/v2\/types\/page"}],"author":[{"embeddable":true,"href":"https:\/\/exceladvisor.org\/de\/wp-json\/wp\/v2\/users\/1"}],"replies":[{"embeddable":true,"href":"https:\/\/exceladvisor.org\/de\/wp-json\/wp\/v2\/comments?post=3050"}],"version-history":[{"count":1,"href":"https:\/\/exceladvisor.org\/de\/wp-json\/wp\/v2\/pages\/3050\/revisions"}],"predecessor-version":[{"id":4218,"href":"https:\/\/exceladvisor.org\/de\/wp-json\/wp\/v2\/pages\/3050\/revisions\/4218"}],"wp:attachment":[{"href":"https:\/\/exceladvisor.org\/de\/wp-json\/wp\/v2\/media?parent=3050"}],"curies":[{"name":"wp","href":"https:\/\/api.w.org\/{rel}","templated":true}]}}