{"id":3051,"date":"2023-11-17T06:37:57","date_gmt":"2023-11-17T06:37:57","guid":{"rendered":"https:\/\/exceladvisor.org\/de\/summe-wenn-grosser-als\/"},"modified":"2023-12-03T11:22:13","modified_gmt":"2023-12-03T11:22:13","slug":"summe-wenn-grosser-als","status":"publish","type":"page","link":"https:\/\/exceladvisor.org\/de\/summe-wenn-grosser-als\/","title":{"rendered":"Wie kann man gr\u00f6\u00dfere werte als \u00fcber sumif hinzuf\u00fcgen?"},"content":{"rendered":"<div class=\"excel-vor-dem-inhalt\" id=\"excel-4196795228\"><script type=\"text\/javascript\">\r\n\tatOptions = {\r\n\t\t'key' : 'c1158f160081d6540a8409e6925dab94',\r\n\t\t'format' : 'iframe',\r\n\t\t'height' : 250,\r\n\t\t'width' : 300,\r\n\t\t'params' : {}\r\n\t};\r\n<\/script>\r\n<script type=\"text\/javascript\" src=\"\/\/www.highperformanceformat.com\/c1158f160081d6540a8409e6925dab94\/invoke.js\"><\/script><\/div> <p>In Excel k\u00f6nnen Sie SUMIF verwenden, um Werte hinzuzuf\u00fcgen, die gr\u00f6\u00dfer als ein bestimmter (von Ihnen angegebener) Wert sind. In den Tutorials werden wir uns zum Verst\u00e4ndnis verschiedene Beispiele ansehen.<\/p><h2 class=\"wp-block-heading\"> SUMIF gr\u00f6\u00dfer als<\/h2><p> Im folgenden Beispiel haben wir eine Liste von Werten, aus der wir die Werte gr\u00f6\u00dfer als 25 summieren m\u00fcssen. Sehen wir uns an, wie man daf\u00fcr eine Formel schreibt. <\/p><div class=\"wp-block-image\"><figure class=\"aligncenter size-full is-resized\"><img loading=\"lazy\" decoding=\"async\" class=\"wp-image-66827\" src=\"https:\/\/exceladvisor.org\/wp-content\/uploads\/2023\/08\/1-somme-si-superieur-a.png\" sizes=\"auto, \" srcset=\"\" alt=\"Sumif-gr\u00f6\u00dfer-als\" width=\"156\" height=\"281\"><\/figure><\/div><p> Folge diesen Schritten:<\/p><ol type=\"1\"><li> Geben Sie zun\u00e4chst \u201e=SUMIF(\u201c in Zelle C1 ein, um die Funktion auszuf\u00fchren.<\/li><li> Beziehen Sie sich anschlie\u00dfend auf den Bereich, dessen Zustand Sie \u00fcberpr\u00fcfen m\u00f6chten.<\/li><li> Geben Sie nun die Kriterien mit Gr\u00f6\u00dfer- und Gleichheitszeichen ein.<\/li><li> W\u00e4hlen Sie dann erneut den Bereich A2:A13 aus, um die hinzuzuf\u00fcgenden Werte zu erhalten. <\/li><\/ol><div class=\"wp-block-image\"><figure class=\"aligncenter size-full is-resized\"><img loading=\"lazy\" decoding=\"async\" class=\"wp-image-66828\" src=\"https:\/\/exceladvisor.org\/wp-content\/uploads\/2023\/08\/Formule-2-sumif-avec-plage.png\" sizes=\"auto, \" srcset=\"\" alt=\"Summenformel-mit-Bereich\" width=\"446\" height=\"333\"><\/figure><\/div><pre class=\"wp-block-code\"> <code class=\"language-excel-formula\" lang=\"excel-formula\">= <a href=\"https:\/\/exceladvisor.org\/somme-4\/\">SUMIF<\/a> (A2:A13,\"&gt;=25\",A2:A13)<\/code><\/pre><p> Sie k\u00f6nnen die obige Formel in Zelle C1 eingeben, um die Summe der Werte gr\u00f6\u00dfer als 25 zu erhalten.<\/p><p class=\"qt-tip\"> <strong>Hinweis:<\/strong> Da Ihr Summenbereich und Ihr Kriterienbereich identisch sind, k\u00f6nnen Sie die Angabe des Summenbereichs \u00fcberspringen. Und es wird Ihnen immer die Summe aller Werte gr\u00f6\u00dfer und gleich 25 zur\u00fcckgegeben. <\/p><div class=\"wp-block-image\"><figure class=\"aligncenter size-full is-resized\"><img loading=\"lazy\" decoding=\"async\" class=\"wp-image-66829\" src=\"https:\/\/exceladvisor.org\/wp-content\/uploads\/2023\/08\/Formule-3-sumif-avec-des-criteres-specifies.png\" sizes=\"auto, \" srcset=\"\" alt=\"Summenformel-mit-vorgegebenen-Kriterien\" width=\"368\" height=\"327\"><\/figure><\/div><p> Sie k\u00f6nnen auch einen Zellbezug verwenden, um die Kriterien in der Funktion anzugeben. <\/p><div class=\"wp-block-image\"><figure class=\"aligncenter size-full is-resized\"><img loading=\"lazy\" decoding=\"async\" class=\"wp-image-66830\" src=\"https:\/\/exceladvisor.org\/wp-content\/uploads\/2023\/08\/Reference-de-4-cellules-pour-specifier-les-criteres.png\" sizes=\"auto, \" srcset=\"\" alt=\"Zellreferenz zur Angabe von Kriterien\" width=\"430\" height=\"327\"><\/figure><\/div><p> Im obigen Beispiel haben wir die gleichen Kriterien verwendet, aber wir haben uns auf eine Zelle mit einer Zahl bezogen und m\u00f6chten mit dieser Zahl gr\u00f6\u00dfere Kriterien erstellen.<\/p><p> In der Zelle haben wir also diese Zahl, und im Kriteriumsargument haben wir diese Zahl mit dem Gr\u00f6\u00dfer- und Gleichheitsoperator kombiniert.<\/p><p> Sie wissen, dass das Beste an dieser Methode darin besteht, dass Sie die Nummer der Zelle \u00e4ndern k\u00f6nnen und nicht die eigentliche Formel \u00e4ndern m\u00fcssen.<\/p><p> Sie k\u00f6nnen in der Formel noch etwas \u00e4ndern, n\u00e4mlich dass Sie im Bezug auf den Kriterienbereich einen absoluten Bezug verwenden k\u00f6nnen.<\/p><p> F\u00fcgen Sie dazu einfach Dollarzeichen vor dem Zellbezug ein, wie wir es im folgenden Beispiel getan haben. <\/p><div class=\"wp-block-image\"><figure class=\"aligncenter size-full is-resized\"><img loading=\"lazy\" decoding=\"async\" class=\"wp-image-66831\" src=\"https:\/\/exceladvisor.org\/wp-content\/uploads\/2023\/08\/Formule-5-sumif-avec-reference-absolue.png\" sizes=\"auto, \" srcset=\"\" alt=\"Summenformel-mit-absolutem-Bezug\" width=\"403\" height=\"326\"><\/figure><\/div><div class=\"gb-container gb-container-52dfcee1 gb-container-sample-file\"><h2 class=\"gb-headline gb-headline-e289c143 gb-headline-text gb-headline-4f7959c2\"> Holen Sie sich die Excel-Datei<\/h2><p> <a class=\"gb-button gb-button-e88d6bee gb-button-text gb-button-button1\" href=\"https:\/\/exceladvisor.org\/wp-content\/uploads\/2023\/08\/somme-si-superieure-a-2.xlsx\" rel=\"nofollow\">Herunterladen<\/a><\/p><\/div><div class=\"gb-container gb-container-0df56012 gb-container-mt\"> <a class=\"gb-button gb-button-f9f432f4 gb-button-text gb-button-mt-button\" href=\"https:\/\/exceladvisor.org\/de\/formeln\/\">Liste der Excel-Formeln<\/a><h2 class=\"gb-headline gb-headline-233444e8 gb-headline-text gb-headline-mt-heading\"> Verwandte Formeln <\/h2><div class=\"gb-grid-wrapper gb-grid-wrapper-a16fa65c gb-grid-wrapper-mt-grid\"><div class=\"gb-grid-column gb-grid-column-50d07e0d\"><div class=\"gb-container gb-container-50d07e0d\"><ul><li> <a href=\"https:\/\/exceladvisor.org\/de\/summen-nicht-gleich\/\">Summe ungleicher Werte (SUMIFS) in Excel<\/a><\/li><li> <a href=\"https:\/\/exceladvisor.org\/de\/sumif-sumifs-oder-logik\/\">SUMIF\/SUMIFS mit ODER-Logik in Excel<\/a><\/li><li> <a href=\"https:\/\/exceladvisor.org\/de\/sumif-mit-platzhaltern\/\">SUMIF mit Platzhaltern in Excel<\/a><\/li><li> <a href=\"https:\/\/exceladvisor.org\/de\/summe-der-werte-zwischen-zwei-daten\/\">SUMIFS-Datumsbereich (Summe der Werte zwischen zwei Datumsfeldern)<\/a><\/li><li> <a href=\"https:\/\/exceladvisor.org\/de\/sumif-suche\/\">Kombinieren Sie VLOOKUP mit SUMIF<\/a> <\/li><\/ul><\/div><\/div><div class=\"gb-grid-column gb-grid-column-5b4a0cf9\"><div class=\"gb-container gb-container-5b4a0cf9\"><\/div><\/div><\/div><\/div>","protected":false},"excerpt":{"rendered":"","protected":false},"author":1,"featured_media":0,"parent":0,"menu_order":0,"comment_status":"open","ping_status":"closed","template":"","meta":{"ub_ctt_via":"","footnotes":""},"class_list":["post-3051","page","type-page","status-publish","hentry"],"featured_image_src":null,"yoast_head":"<!-- This site is optimized with the Yoast SEO plugin v25.4 - https:\/\/yoast.com\/wordpress\/plugins\/seo\/ -->\n<title>\u25b7 Wie kann man gr\u00f6\u00dfere Werte als \u00fcber SUMIF hinzuf\u00fcgen?<\/title>\n<meta name=\"description\" content=\"In diesem Tutorial lernen Sie verschiedene M\u00f6glichkeiten kennen, mithilfe der Sumif-Funktion in Excel gr\u00f6\u00dfere Werte hinzuzuf\u00fcgen.\" \/>\n<meta name=\"robots\" content=\"index, follow, max-snippet:-1, max-image-preview:large, max-video-preview:-1\" \/>\n<link rel=\"canonical\" href=\"https:\/\/exceladvisor.org\/de\/summe-wenn-grosser-als\/\" \/>\n<meta property=\"og:locale\" content=\"de_DE\" \/>\n<meta property=\"og:type\" content=\"article\" \/>\n<meta property=\"og:title\" content=\"\u25b7 Wie kann man gr\u00f6\u00dfere Werte als \u00fcber SUMIF hinzuf\u00fcgen?\" \/>\n<meta property=\"og:description\" content=\"In diesem Tutorial lernen Sie verschiedene M\u00f6glichkeiten kennen, mithilfe der Sumif-Funktion in Excel gr\u00f6\u00dfere Werte hinzuzuf\u00fcgen.\" \/>\n<meta property=\"og:url\" content=\"https:\/\/exceladvisor.org\/de\/summe-wenn-grosser-als\/\" \/>\n<meta property=\"og:site_name\" content=\"Excel Advisor\" \/>\n<meta property=\"article:modified_time\" content=\"2023-12-03T11:22:13+00:00\" \/>\n<meta property=\"og:image\" content=\"https:\/\/exceladvisor.org\/wp-content\/uploads\/2023\/08\/1-somme-si-superieur-a.png\" \/>\n<meta name=\"twitter:card\" content=\"summary_large_image\" \/>\n<meta name=\"twitter:label1\" content=\"Gesch\u00e4tzte Lesezeit\" \/>\n\t<meta name=\"twitter:data1\" content=\"2\u00a0Minuten\" \/>\n<script type=\"application\/ld+json\" class=\"yoast-schema-graph\">{\"@context\":\"https:\/\/schema.org\",\"@graph\":[{\"@type\":\"WebPage\",\"@id\":\"https:\/\/exceladvisor.org\/de\/summe-wenn-grosser-als\/\",\"url\":\"https:\/\/exceladvisor.org\/de\/summe-wenn-grosser-als\/\",\"name\":\"\u25b7 Wie kann man gr\u00f6\u00dfere Werte als \u00fcber SUMIF hinzuf\u00fcgen?\",\"isPartOf\":{\"@id\":\"https:\/\/exceladvisor.org\/de\/#website\"},\"primaryImageOfPage\":{\"@id\":\"https:\/\/exceladvisor.org\/de\/summe-wenn-grosser-als\/#primaryimage\"},\"image\":{\"@id\":\"https:\/\/exceladvisor.org\/de\/summe-wenn-grosser-als\/#primaryimage\"},\"thumbnailUrl\":\"https:\/\/exceladvisor.org\/wp-content\/uploads\/2023\/08\/1-somme-si-superieur-a.png\",\"datePublished\":\"2023-11-17T06:37:57+00:00\",\"dateModified\":\"2023-12-03T11:22:13+00:00\",\"description\":\"In diesem Tutorial lernen Sie verschiedene M\u00f6glichkeiten kennen, mithilfe der Sumif-Funktion in Excel gr\u00f6\u00dfere Werte hinzuzuf\u00fcgen.\",\"breadcrumb\":{\"@id\":\"https:\/\/exceladvisor.org\/de\/summe-wenn-grosser-als\/#breadcrumb\"},\"inLanguage\":\"de\",\"potentialAction\":[{\"@type\":\"ReadAction\",\"target\":[\"https:\/\/exceladvisor.org\/de\/summe-wenn-grosser-als\/\"]}]},{\"@type\":\"ImageObject\",\"inLanguage\":\"de\",\"@id\":\"https:\/\/exceladvisor.org\/de\/summe-wenn-grosser-als\/#primaryimage\",\"url\":\"https:\/\/exceladvisor.org\/wp-content\/uploads\/2023\/08\/1-somme-si-superieur-a.png\",\"contentUrl\":\"https:\/\/exceladvisor.org\/wp-content\/uploads\/2023\/08\/1-somme-si-superieur-a.png\"},{\"@type\":\"BreadcrumbList\",\"@id\":\"https:\/\/exceladvisor.org\/de\/summe-wenn-grosser-als\/#breadcrumb\",\"itemListElement\":[{\"@type\":\"ListItem\",\"position\":1,\"name\":\"Accueil\",\"item\":\"https:\/\/exceladvisor.org\/de\/\"},{\"@type\":\"ListItem\",\"position\":2,\"name\":\"Wie kann man gr\u00f6\u00dfere werte als \u00fcber sumif hinzuf\u00fcgen?\"}]},{\"@type\":\"WebSite\",\"@id\":\"https:\/\/exceladvisor.org\/de\/#website\",\"url\":\"https:\/\/exceladvisor.org\/de\/\",\"name\":\"Excel Advisor\",\"description\":\"Ihr Leitfaden zur Datendominanz\",\"publisher\":{\"@id\":\"https:\/\/exceladvisor.org\/de\/#organization\"},\"potentialAction\":[{\"@type\":\"SearchAction\",\"target\":{\"@type\":\"EntryPoint\",\"urlTemplate\":\"https:\/\/exceladvisor.org\/de\/?s={search_term_string}\"},\"query-input\":{\"@type\":\"PropertyValueSpecification\",\"valueRequired\":true,\"valueName\":\"search_term_string\"}}],\"inLanguage\":\"de\"},{\"@type\":\"Organization\",\"@id\":\"https:\/\/exceladvisor.org\/de\/#organization\",\"name\":\"Excel Advisor\",\"url\":\"https:\/\/exceladvisor.org\/de\/\",\"logo\":{\"@type\":\"ImageObject\",\"inLanguage\":\"de\",\"@id\":\"https:\/\/exceladvisor.org\/de\/#\/schema\/logo\/image\/\",\"url\":\"https:\/\/exceladvisor.org\/de\/wp-content\/uploads\/2023\/11\/exceladvisor.org_.png\",\"contentUrl\":\"https:\/\/exceladvisor.org\/de\/wp-content\/uploads\/2023\/11\/exceladvisor.org_.png\",\"width\":105,\"height\":36,\"caption\":\"Excel Advisor\"},\"image\":{\"@id\":\"https:\/\/exceladvisor.org\/de\/#\/schema\/logo\/image\/\"}}]}<\/script>\n<!-- \/ Yoast SEO plugin. -->","yoast_head_json":{"title":"\u25b7 Wie kann man gr\u00f6\u00dfere Werte als \u00fcber SUMIF hinzuf\u00fcgen?","description":"In diesem Tutorial lernen Sie verschiedene M\u00f6glichkeiten kennen, mithilfe der Sumif-Funktion in Excel gr\u00f6\u00dfere Werte hinzuzuf\u00fcgen.","robots":{"index":"index","follow":"follow","max-snippet":"max-snippet:-1","max-image-preview":"max-image-preview:large","max-video-preview":"max-video-preview:-1"},"canonical":"https:\/\/exceladvisor.org\/de\/summe-wenn-grosser-als\/","og_locale":"de_DE","og_type":"article","og_title":"\u25b7 Wie kann man gr\u00f6\u00dfere Werte als \u00fcber SUMIF hinzuf\u00fcgen?","og_description":"In diesem Tutorial lernen Sie verschiedene M\u00f6glichkeiten kennen, mithilfe der Sumif-Funktion in Excel gr\u00f6\u00dfere Werte hinzuzuf\u00fcgen.","og_url":"https:\/\/exceladvisor.org\/de\/summe-wenn-grosser-als\/","og_site_name":"Excel Advisor","article_modified_time":"2023-12-03T11:22:13+00:00","og_image":[{"url":"https:\/\/exceladvisor.org\/wp-content\/uploads\/2023\/08\/1-somme-si-superieur-a.png","type":"","width":"","height":""}],"twitter_card":"summary_large_image","twitter_misc":{"Gesch\u00e4tzte Lesezeit":"2\u00a0Minuten"},"schema":{"@context":"https:\/\/schema.org","@graph":[{"@type":"WebPage","@id":"https:\/\/exceladvisor.org\/de\/summe-wenn-grosser-als\/","url":"https:\/\/exceladvisor.org\/de\/summe-wenn-grosser-als\/","name":"\u25b7 Wie kann man gr\u00f6\u00dfere Werte als \u00fcber SUMIF hinzuf\u00fcgen?","isPartOf":{"@id":"https:\/\/exceladvisor.org\/de\/#website"},"primaryImageOfPage":{"@id":"https:\/\/exceladvisor.org\/de\/summe-wenn-grosser-als\/#primaryimage"},"image":{"@id":"https:\/\/exceladvisor.org\/de\/summe-wenn-grosser-als\/#primaryimage"},"thumbnailUrl":"https:\/\/exceladvisor.org\/wp-content\/uploads\/2023\/08\/1-somme-si-superieur-a.png","datePublished":"2023-11-17T06:37:57+00:00","dateModified":"2023-12-03T11:22:13+00:00","description":"In diesem Tutorial lernen Sie verschiedene M\u00f6glichkeiten kennen, mithilfe der Sumif-Funktion in Excel gr\u00f6\u00dfere Werte hinzuzuf\u00fcgen.","breadcrumb":{"@id":"https:\/\/exceladvisor.org\/de\/summe-wenn-grosser-als\/#breadcrumb"},"inLanguage":"de","potentialAction":[{"@type":"ReadAction","target":["https:\/\/exceladvisor.org\/de\/summe-wenn-grosser-als\/"]}]},{"@type":"ImageObject","inLanguage":"de","@id":"https:\/\/exceladvisor.org\/de\/summe-wenn-grosser-als\/#primaryimage","url":"https:\/\/exceladvisor.org\/wp-content\/uploads\/2023\/08\/1-somme-si-superieur-a.png","contentUrl":"https:\/\/exceladvisor.org\/wp-content\/uploads\/2023\/08\/1-somme-si-superieur-a.png"},{"@type":"BreadcrumbList","@id":"https:\/\/exceladvisor.org\/de\/summe-wenn-grosser-als\/#breadcrumb","itemListElement":[{"@type":"ListItem","position":1,"name":"Accueil","item":"https:\/\/exceladvisor.org\/de\/"},{"@type":"ListItem","position":2,"name":"Wie kann man gr\u00f6\u00dfere werte als \u00fcber sumif hinzuf\u00fcgen?"}]},{"@type":"WebSite","@id":"https:\/\/exceladvisor.org\/de\/#website","url":"https:\/\/exceladvisor.org\/de\/","name":"Excel Advisor","description":"Ihr Leitfaden zur Datendominanz","publisher":{"@id":"https:\/\/exceladvisor.org\/de\/#organization"},"potentialAction":[{"@type":"SearchAction","target":{"@type":"EntryPoint","urlTemplate":"https:\/\/exceladvisor.org\/de\/?s={search_term_string}"},"query-input":{"@type":"PropertyValueSpecification","valueRequired":true,"valueName":"search_term_string"}}],"inLanguage":"de"},{"@type":"Organization","@id":"https:\/\/exceladvisor.org\/de\/#organization","name":"Excel Advisor","url":"https:\/\/exceladvisor.org\/de\/","logo":{"@type":"ImageObject","inLanguage":"de","@id":"https:\/\/exceladvisor.org\/de\/#\/schema\/logo\/image\/","url":"https:\/\/exceladvisor.org\/de\/wp-content\/uploads\/2023\/11\/exceladvisor.org_.png","contentUrl":"https:\/\/exceladvisor.org\/de\/wp-content\/uploads\/2023\/11\/exceladvisor.org_.png","width":105,"height":36,"caption":"Excel Advisor"},"image":{"@id":"https:\/\/exceladvisor.org\/de\/#\/schema\/logo\/image\/"}}]}},"yoast_meta":{"yoast_wpseo_title":"","yoast_wpseo_metadesc":"","yoast_wpseo_canonical":""},"_links":{"self":[{"href":"https:\/\/exceladvisor.org\/de\/wp-json\/wp\/v2\/pages\/3051","targetHints":{"allow":["GET"]}}],"collection":[{"href":"https:\/\/exceladvisor.org\/de\/wp-json\/wp\/v2\/pages"}],"about":[{"href":"https:\/\/exceladvisor.org\/de\/wp-json\/wp\/v2\/types\/page"}],"author":[{"embeddable":true,"href":"https:\/\/exceladvisor.org\/de\/wp-json\/wp\/v2\/users\/1"}],"replies":[{"embeddable":true,"href":"https:\/\/exceladvisor.org\/de\/wp-json\/wp\/v2\/comments?post=3051"}],"version-history":[{"count":1,"href":"https:\/\/exceladvisor.org\/de\/wp-json\/wp\/v2\/pages\/3051\/revisions"}],"predecessor-version":[{"id":4107,"href":"https:\/\/exceladvisor.org\/de\/wp-json\/wp\/v2\/pages\/3051\/revisions\/4107"}],"wp:attachment":[{"href":"https:\/\/exceladvisor.org\/de\/wp-json\/wp\/v2\/media?parent=3051"}],"curies":[{"name":"wp","href":"https:\/\/api.w.org\/{rel}","templated":true}]}}