{"id":3052,"date":"2023-11-17T05:47:13","date_gmt":"2023-11-17T05:47:13","guid":{"rendered":"https:\/\/exceladvisor.org\/de\/dialogbox\/"},"modified":"2023-12-03T13:04:32","modified_gmt":"2023-12-03T13:04:32","slug":"dialogbox","status":"publish","type":"page","link":"https:\/\/exceladvisor.org\/de\/dialogbox\/","title":{"rendered":"Wie \u00f6ffne ich ein dialogfeld in excel?"},"content":{"rendered":"<div class=\"excel-vor-dem-inhalt\" id=\"excel-1066881387\"><script type=\"text\/javascript\">\r\n\tatOptions = {\r\n\t\t'key' : 'c1158f160081d6540a8409e6925dab94',\r\n\t\t'format' : 'iframe',\r\n\t\t'height' : 250,\r\n\t\t'width' : 300,\r\n\t\t'params' : {}\r\n\t};\r\n<\/script>\r\n<script type=\"text\/javascript\" src=\"\/\/www.highperformanceformat.com\/c1158f160081d6540a8409e6925dab94\/invoke.js\"><\/script><\/div> <p>Um in Excel auf weitere Optionen einer beliebigen Optionskategorie zuzugreifen, k\u00f6nnen Sie das Dialogfeld \u00f6ffnen und diese Optionen direkt im Dialogfeld verwenden. Abgesehen davon gibt es einige Optionen, die direkt aus einem Dialogfeld heraus verwendet werden sollten. <\/p><div class=\"wp-block-image\"><figure class=\"aligncenter size-full is-resized\"><img loading=\"lazy\" decoding=\"async\" class=\"wp-image-77704\" src=\"https:\/\/exceladvisor.org\/wp-content\/uploads\/2023\/08\/1-boite-de-dialogue-formater-les-cellules.png\" sizes=\"auto, \" srcset=\"\" alt=\"Dialogfeld \u201eZellen formatieren\u201c.\" width=\"556\" height=\"549\"><\/figure><\/div><p> In diesem Tutorial erfahren Sie, wie Sie mithilfe einer Option ein Dialogfeld \u00f6ffnen und verwenden.<\/p><h2 class=\"wp-block-heading\"> \u00d6ffnen Sie ein Dialogfeld \u00fcber das Men\u00fcband<\/h2><ol type=\"1\"><li> Navigieren Sie zu der Registerkarte, von der aus Sie die Option \u00f6ffnen m\u00f6chten.<\/li><li> Wechseln Sie zur Optionsgruppe.<\/li><li> Bewegen Sie den Mauszeiger \u00fcber den kleinen Pfeil unten rechts.<\/li><li> Klicken Sie darauf, um das Optionsdialogfeld zu \u00f6ffnen. <\/li><\/ol><div class=\"wp-block-image\"><figure class=\"aligncenter size-full is-resized\"><img loading=\"lazy\" decoding=\"async\" class=\"wp-image-77705\" src=\"https:\/\/exceladvisor.org\/wp-content\/uploads\/2023\/08\/2-boite-de-dialogue-du-ruban.png\" sizes=\"auto, \" srcset=\"\" alt=\"Multifunktionsleistendialog\" width=\"686\" height=\"166\"><\/figure><\/div><p> Sobald Sie darauf klicken, \u00f6ffnet Excel das Dialogfeld f\u00fcr diese Option. Und wenn Sie auf den Pfeil der Schriftartengruppe klicken, wird das Formatdialogfeld und von dort aus die Registerkarte \u201eSchriftart\u201c ge\u00f6ffnet. <\/p><div class=\"wp-block-image\"><figure class=\"aligncenter size-full is-resized\"><img loading=\"lazy\" decoding=\"async\" class=\"wp-image-77706\" src=\"https:\/\/exceladvisor.org\/wp-content\/uploads\/2023\/08\/3-onglet-de-police-de-la-boite-de-dialogue.png\" sizes=\"auto, \" srcset=\"\" alt=\"Registerkarte \u201eSchriftart\u201c im Dialogfeld\" width=\"508\" height=\"502\"><\/figure><\/div><p> Im Men\u00fcband gibt es mehrere Registerkarten, aber nicht alle Registerkarten verf\u00fcgen in den Optionsgruppen \u00fcber diese Abw\u00e4rtspfeile zum \u00d6ffnen des Dialogfelds.<\/p><h2 class=\"wp-block-heading\"> Dialogfeldoptionen<\/h2><p> Wie gesagt, es gibt einige Optionen, die Sie direkt in einem Dialogfeld verwenden sollten. Zum Beispiel die Option \u201eSuchen und Ersetzen\u201c. Wenn Sie die Tastenkombination (Strg + F) dr\u00fccken, wird ein Dialogfeld angezeigt, in dem Sie den Wert eingeben m\u00fcssen, nach dem Sie suchen m\u00f6chten. <\/p><div class=\"wp-block-image\"><figure class=\"aligncenter size-full is-resized\"><img loading=\"lazy\" decoding=\"async\" class=\"wp-image-77707\" src=\"https:\/\/exceladvisor.org\/wp-content\/uploads\/2023\/08\/4-options-de-boite-de-dialogue.png\" sizes=\"auto, \" srcset=\"\" alt=\"Dialogfeldoptionen\" width=\"563\" height=\"239\"><\/figure><\/div><h2 class=\"wp-block-heading\"> Dialogfeld \u201eExcel-Optionen\u201c.<\/h2><p> <a href=\"https:\/\/exceladvisor.org\/de\/optionen\/\">Die Excel-Optionen<\/a> verf\u00fcgen au\u00dferdem \u00fcber ein Dialogfeld. Wenn Sie die Optionen \u00f6ffnen, Datei \u21e2 Mehr \u21e2 Optionen. Sie erhalten ein gro\u00dfes Dialogfeld mit allen Optionen, die Sie in Ihrer Excel-Umgebung \u00e4ndern k\u00f6nnen. <\/p><div class=\"wp-block-image\"><figure class=\"aligncenter size-full is-resized\"><img loading=\"lazy\" decoding=\"async\" class=\"wp-image-77708\" src=\"https:\/\/exceladvisor.org\/wp-content\/uploads\/2023\/08\/Boite-de-dialogue-des-5-options-Excel.png\" sizes=\"auto, \" srcset=\"\" alt=\"Dialogfeld \u201eExcel-Optionen\u201c.\" width=\"783\" height=\"406\"><\/figure><\/div><div class=\"gb-container gb-container-4db6181c gb-container-mt\"> <a class=\"gb-button gb-button-c5897111 gb-button-text gb-button-mt-button\" href=\"https:\/\/exceladvisor.org\/de\/excel-grundlagen\/\">Microsoft Excel-Grundlagen (Komponenten, Teile und Wissenshinweise)<\/a><h2 class=\"gb-headline gb-headline-665e5f6b gb-headline-text gb-headline-mt-heading\"> Verwandte Tutorials <\/h2><div class=\"gb-grid-wrapper gb-grid-wrapper-a20baf7c gb-grid-wrapper-mt-grid\"><div class=\"gb-grid-column gb-grid-column-65ddf67e\"><div class=\"gb-container gb-container-65ddf67e\"><ul><li> <a href=\"https:\/\/exceladvisor.org\/de\/vollig-rechtfertigen\/\">F\u00fcllen Sie \u201eAusrichten\u201c in Excel aus<\/a><\/li><li> <a href=\"https:\/\/exceladvisor.org\/de\/excel-formelleiste\/\">Formelleiste in Excel<\/a><\/li><li> <a href=\"https:\/\/exceladvisor.org\/de\/herrscher\/\">Lineal in Excel anzeigen<\/a><\/li><li> <a href=\"https:\/\/exceladvisor.org\/de\/fullgriff\/\">Handle in Excel ausf\u00fcllen<\/a><\/li><li> <a href=\"https:\/\/exceladvisor.org\/de\/malerformat\/\">Format Painter in Excel<\/a> <\/li><\/ul><\/div><\/div><div class=\"gb-grid-column gb-grid-column-50067b57\"><div class=\"gb-container gb-container-50067b57\"><\/div><\/div><\/div><\/div>","protected":false},"excerpt":{"rendered":"","protected":false},"author":1,"featured_media":0,"parent":0,"menu_order":0,"comment_status":"open","ping_status":"closed","template":"","meta":{"ub_ctt_via":"","footnotes":""},"class_list":["post-3052","page","type-page","status-publish","hentry"],"featured_image_src":null,"yoast_head":"<!-- This site is optimized with the Yoast SEO plugin v25.4 - https:\/\/yoast.com\/wordpress\/plugins\/seo\/ -->\n<title>Wie \u00f6ffne ich ein Dialogfeld in Excel? (Tutorial 2023)<\/title>\n<meta name=\"description\" content=\"In diesem Tutorial lernen wir, wie man ein Dialogfeld in Excel verwendet. Um auf weitere Optionen zuzugreifen\" \/>\n<meta name=\"robots\" content=\"index, follow, max-snippet:-1, max-image-preview:large, max-video-preview:-1\" \/>\n<link rel=\"canonical\" href=\"https:\/\/exceladvisor.org\/de\/dialogbox\/\" \/>\n<meta property=\"og:locale\" content=\"de_DE\" \/>\n<meta property=\"og:type\" content=\"article\" \/>\n<meta property=\"og:title\" content=\"Wie \u00f6ffne ich ein Dialogfeld in Excel? (Tutorial 2023)\" \/>\n<meta property=\"og:description\" content=\"In diesem Tutorial lernen wir, wie man ein Dialogfeld in Excel verwendet. Um auf weitere Optionen zuzugreifen\" \/>\n<meta property=\"og:url\" content=\"https:\/\/exceladvisor.org\/de\/dialogbox\/\" \/>\n<meta property=\"og:site_name\" content=\"Excel Advisor\" \/>\n<meta property=\"article:modified_time\" content=\"2023-12-03T13:04:32+00:00\" \/>\n<meta property=\"og:image\" content=\"https:\/\/exceladvisor.org\/wp-content\/uploads\/2023\/08\/1-boite-de-dialogue-formater-les-cellules.png\" \/>\n<meta name=\"twitter:card\" content=\"summary_large_image\" \/>\n<meta name=\"twitter:label1\" content=\"Gesch\u00e4tzte Lesezeit\" \/>\n\t<meta name=\"twitter:data1\" content=\"1\u00a0Minute\" \/>\n<script type=\"application\/ld+json\" class=\"yoast-schema-graph\">{\"@context\":\"https:\/\/schema.org\",\"@graph\":[{\"@type\":\"WebPage\",\"@id\":\"https:\/\/exceladvisor.org\/de\/dialogbox\/\",\"url\":\"https:\/\/exceladvisor.org\/de\/dialogbox\/\",\"name\":\"Wie \u00f6ffne ich ein Dialogfeld in Excel? (Tutorial 2023)\",\"isPartOf\":{\"@id\":\"https:\/\/exceladvisor.org\/de\/#website\"},\"primaryImageOfPage\":{\"@id\":\"https:\/\/exceladvisor.org\/de\/dialogbox\/#primaryimage\"},\"image\":{\"@id\":\"https:\/\/exceladvisor.org\/de\/dialogbox\/#primaryimage\"},\"thumbnailUrl\":\"https:\/\/exceladvisor.org\/wp-content\/uploads\/2023\/08\/1-boite-de-dialogue-formater-les-cellules.png\",\"datePublished\":\"2023-11-17T05:47:13+00:00\",\"dateModified\":\"2023-12-03T13:04:32+00:00\",\"description\":\"In diesem Tutorial lernen wir, wie man ein Dialogfeld in Excel verwendet. Um auf weitere Optionen zuzugreifen\",\"breadcrumb\":{\"@id\":\"https:\/\/exceladvisor.org\/de\/dialogbox\/#breadcrumb\"},\"inLanguage\":\"de\",\"potentialAction\":[{\"@type\":\"ReadAction\",\"target\":[\"https:\/\/exceladvisor.org\/de\/dialogbox\/\"]}]},{\"@type\":\"ImageObject\",\"inLanguage\":\"de\",\"@id\":\"https:\/\/exceladvisor.org\/de\/dialogbox\/#primaryimage\",\"url\":\"https:\/\/exceladvisor.org\/wp-content\/uploads\/2023\/08\/1-boite-de-dialogue-formater-les-cellules.png\",\"contentUrl\":\"https:\/\/exceladvisor.org\/wp-content\/uploads\/2023\/08\/1-boite-de-dialogue-formater-les-cellules.png\"},{\"@type\":\"BreadcrumbList\",\"@id\":\"https:\/\/exceladvisor.org\/de\/dialogbox\/#breadcrumb\",\"itemListElement\":[{\"@type\":\"ListItem\",\"position\":1,\"name\":\"Accueil\",\"item\":\"https:\/\/exceladvisor.org\/de\/\"},{\"@type\":\"ListItem\",\"position\":2,\"name\":\"Wie \u00f6ffne ich ein dialogfeld in excel?\"}]},{\"@type\":\"WebSite\",\"@id\":\"https:\/\/exceladvisor.org\/de\/#website\",\"url\":\"https:\/\/exceladvisor.org\/de\/\",\"name\":\"Excel Advisor\",\"description\":\"Ihr Leitfaden zur Datendominanz\",\"publisher\":{\"@id\":\"https:\/\/exceladvisor.org\/de\/#organization\"},\"potentialAction\":[{\"@type\":\"SearchAction\",\"target\":{\"@type\":\"EntryPoint\",\"urlTemplate\":\"https:\/\/exceladvisor.org\/de\/?s={search_term_string}\"},\"query-input\":{\"@type\":\"PropertyValueSpecification\",\"valueRequired\":true,\"valueName\":\"search_term_string\"}}],\"inLanguage\":\"de\"},{\"@type\":\"Organization\",\"@id\":\"https:\/\/exceladvisor.org\/de\/#organization\",\"name\":\"Excel Advisor\",\"url\":\"https:\/\/exceladvisor.org\/de\/\",\"logo\":{\"@type\":\"ImageObject\",\"inLanguage\":\"de\",\"@id\":\"https:\/\/exceladvisor.org\/de\/#\/schema\/logo\/image\/\",\"url\":\"https:\/\/exceladvisor.org\/de\/wp-content\/uploads\/2023\/11\/exceladvisor.org_.png\",\"contentUrl\":\"https:\/\/exceladvisor.org\/de\/wp-content\/uploads\/2023\/11\/exceladvisor.org_.png\",\"width\":105,\"height\":36,\"caption\":\"Excel Advisor\"},\"image\":{\"@id\":\"https:\/\/exceladvisor.org\/de\/#\/schema\/logo\/image\/\"}}]}<\/script>\n<!-- \/ Yoast SEO plugin. -->","yoast_head_json":{"title":"Wie \u00f6ffne ich ein Dialogfeld in Excel? (Tutorial 2023)","description":"In diesem Tutorial lernen wir, wie man ein Dialogfeld in Excel verwendet. Um auf weitere Optionen zuzugreifen","robots":{"index":"index","follow":"follow","max-snippet":"max-snippet:-1","max-image-preview":"max-image-preview:large","max-video-preview":"max-video-preview:-1"},"canonical":"https:\/\/exceladvisor.org\/de\/dialogbox\/","og_locale":"de_DE","og_type":"article","og_title":"Wie \u00f6ffne ich ein Dialogfeld in Excel? (Tutorial 2023)","og_description":"In diesem Tutorial lernen wir, wie man ein Dialogfeld in Excel verwendet. Um auf weitere Optionen zuzugreifen","og_url":"https:\/\/exceladvisor.org\/de\/dialogbox\/","og_site_name":"Excel Advisor","article_modified_time":"2023-12-03T13:04:32+00:00","og_image":[{"url":"https:\/\/exceladvisor.org\/wp-content\/uploads\/2023\/08\/1-boite-de-dialogue-formater-les-cellules.png","type":"","width":"","height":""}],"twitter_card":"summary_large_image","twitter_misc":{"Gesch\u00e4tzte Lesezeit":"1\u00a0Minute"},"schema":{"@context":"https:\/\/schema.org","@graph":[{"@type":"WebPage","@id":"https:\/\/exceladvisor.org\/de\/dialogbox\/","url":"https:\/\/exceladvisor.org\/de\/dialogbox\/","name":"Wie \u00f6ffne ich ein Dialogfeld in Excel? (Tutorial 2023)","isPartOf":{"@id":"https:\/\/exceladvisor.org\/de\/#website"},"primaryImageOfPage":{"@id":"https:\/\/exceladvisor.org\/de\/dialogbox\/#primaryimage"},"image":{"@id":"https:\/\/exceladvisor.org\/de\/dialogbox\/#primaryimage"},"thumbnailUrl":"https:\/\/exceladvisor.org\/wp-content\/uploads\/2023\/08\/1-boite-de-dialogue-formater-les-cellules.png","datePublished":"2023-11-17T05:47:13+00:00","dateModified":"2023-12-03T13:04:32+00:00","description":"In diesem Tutorial lernen wir, wie man ein Dialogfeld in Excel verwendet. Um auf weitere Optionen zuzugreifen","breadcrumb":{"@id":"https:\/\/exceladvisor.org\/de\/dialogbox\/#breadcrumb"},"inLanguage":"de","potentialAction":[{"@type":"ReadAction","target":["https:\/\/exceladvisor.org\/de\/dialogbox\/"]}]},{"@type":"ImageObject","inLanguage":"de","@id":"https:\/\/exceladvisor.org\/de\/dialogbox\/#primaryimage","url":"https:\/\/exceladvisor.org\/wp-content\/uploads\/2023\/08\/1-boite-de-dialogue-formater-les-cellules.png","contentUrl":"https:\/\/exceladvisor.org\/wp-content\/uploads\/2023\/08\/1-boite-de-dialogue-formater-les-cellules.png"},{"@type":"BreadcrumbList","@id":"https:\/\/exceladvisor.org\/de\/dialogbox\/#breadcrumb","itemListElement":[{"@type":"ListItem","position":1,"name":"Accueil","item":"https:\/\/exceladvisor.org\/de\/"},{"@type":"ListItem","position":2,"name":"Wie \u00f6ffne ich ein dialogfeld in excel?"}]},{"@type":"WebSite","@id":"https:\/\/exceladvisor.org\/de\/#website","url":"https:\/\/exceladvisor.org\/de\/","name":"Excel Advisor","description":"Ihr Leitfaden zur Datendominanz","publisher":{"@id":"https:\/\/exceladvisor.org\/de\/#organization"},"potentialAction":[{"@type":"SearchAction","target":{"@type":"EntryPoint","urlTemplate":"https:\/\/exceladvisor.org\/de\/?s={search_term_string}"},"query-input":{"@type":"PropertyValueSpecification","valueRequired":true,"valueName":"search_term_string"}}],"inLanguage":"de"},{"@type":"Organization","@id":"https:\/\/exceladvisor.org\/de\/#organization","name":"Excel Advisor","url":"https:\/\/exceladvisor.org\/de\/","logo":{"@type":"ImageObject","inLanguage":"de","@id":"https:\/\/exceladvisor.org\/de\/#\/schema\/logo\/image\/","url":"https:\/\/exceladvisor.org\/de\/wp-content\/uploads\/2023\/11\/exceladvisor.org_.png","contentUrl":"https:\/\/exceladvisor.org\/de\/wp-content\/uploads\/2023\/11\/exceladvisor.org_.png","width":105,"height":36,"caption":"Excel Advisor"},"image":{"@id":"https:\/\/exceladvisor.org\/de\/#\/schema\/logo\/image\/"}}]}},"yoast_meta":{"yoast_wpseo_title":"","yoast_wpseo_metadesc":"","yoast_wpseo_canonical":""},"_links":{"self":[{"href":"https:\/\/exceladvisor.org\/de\/wp-json\/wp\/v2\/pages\/3052","targetHints":{"allow":["GET"]}}],"collection":[{"href":"https:\/\/exceladvisor.org\/de\/wp-json\/wp\/v2\/pages"}],"about":[{"href":"https:\/\/exceladvisor.org\/de\/wp-json\/wp\/v2\/types\/page"}],"author":[{"embeddable":true,"href":"https:\/\/exceladvisor.org\/de\/wp-json\/wp\/v2\/users\/1"}],"replies":[{"embeddable":true,"href":"https:\/\/exceladvisor.org\/de\/wp-json\/wp\/v2\/comments?post=3052"}],"version-history":[{"count":1,"href":"https:\/\/exceladvisor.org\/de\/wp-json\/wp\/v2\/pages\/3052\/revisions"}],"predecessor-version":[{"id":4162,"href":"https:\/\/exceladvisor.org\/de\/wp-json\/wp\/v2\/pages\/3052\/revisions\/4162"}],"wp:attachment":[{"href":"https:\/\/exceladvisor.org\/de\/wp-json\/wp\/v2\/media?parent=3052"}],"curies":[{"name":"wp","href":"https:\/\/api.w.org\/{rel}","templated":true}]}}