{"id":3054,"date":"2023-11-17T05:02:27","date_gmt":"2023-11-17T05:02:27","guid":{"rendered":"https:\/\/exceladvisor.org\/de\/erster-tag-des-2-monats\/"},"modified":"2023-12-03T11:19:17","modified_gmt":"2023-12-03T11:19:17","slug":"erster-tag-des-2-monats","status":"publish","type":"page","link":"https:\/\/exceladvisor.org\/de\/erster-tag-des-2-monats\/","title":{"rendered":"Wie erhalte ich den ersten tag des monats?"},"content":{"rendered":"<div class=\"excel-vor-dem-inhalt\" id=\"excel-1747060778\"><script type=\"text\/javascript\">\r\n\tatOptions = {\r\n\t\t'key' : 'c1158f160081d6540a8409e6925dab94',\r\n\t\t'format' : 'iframe',\r\n\t\t'height' : 250,\r\n\t\t'width' : 300,\r\n\t\t'params' : {}\r\n\t};\r\n<\/script>\r\n<script type=\"text\/javascript\" src=\"\/\/www.highperformanceformat.com\/c1158f160081d6540a8409e6925dab94\/invoke.js\"><\/script><\/div> <p>Um in Excel den ersten Tag des Monats zu ermitteln, k\u00f6nnen Sie eine Formel verwenden. Wenn Sie beispielsweise <sup>den 16.<\/sup> Januar 2022 haben und den <sup>1.<\/sup> Januar erhalten m\u00f6chten, k\u00f6nnen Sie Tage davon subtrahieren und zum letzten Tag oder Vormonat gehen und dann einen hinzuf\u00fcgen, um den ersten Tag zu erhalten. des aktuellen Monats.<\/p><p> Im folgenden Beispiel haben wir ein Datum in Zelle A1 und m\u00fcssen daf\u00fcr den ersten Tag des Monats ermitteln. <\/p><div class=\"wp-block-image is-style-default\"><figure class=\"aligncenter size-full is-resized\"><img loading=\"lazy\" decoding=\"async\" class=\"wp-image-67596\" src=\"https:\/\/exceladvisor.org\/wp-content\/uploads\/2023\/08\/1-valeur-de-date-dans-la-cellule.png\" sizes=\"auto, \" srcset=\"\" alt=\"Datumswert in der Zelle\" width=\"423\" height=\"324\"><\/figure><\/div><h2 class=\"wp-block-heading\"> Formel zum Ermitteln des Startdatums des Monats<\/h2><ol type=\"1\"><li> Geben Sie zun\u00e4chst das Gleichheitszeichen in Zelle B1 ein.<\/li><li> Schauen Sie sich anschlie\u00dfend Zelle A1 an, in der sich das tats\u00e4chliche Datum befindet, und geben Sie den Summenoperator ein.<\/li><li> Verwenden Sie nun die Funktion DAY und beziehen Sie sich auf Zelle A1.<\/li><li> Schlie\u00dfen Sie als N\u00e4chstes die DAY-Funktion und geben Sie den Minusoperator ein.<\/li><li> Geben Sie am Ende \u201e1\u201c ein und dr\u00fccken Sie die Eingabetaste, um das Ergebnis zu erhalten. <\/li><\/ol><pre class=\"wp-block-code\"> <code class=\"language-excel-formula\" lang=\"excel-formula\">=A1-DAY(A1)+1<\/code><\/pre><div class=\"wp-block-image\"><figure class=\"aligncenter size-full is-resized\"><img loading=\"lazy\" decoding=\"async\" class=\"wp-image-67597\" src=\"https:\/\/exceladvisor.org\/wp-content\/uploads\/2023\/08\/2-formules-pour-obtenir-la-date-du-debut-du-mois.png\" sizes=\"auto, \" srcset=\"\" alt=\"Formel, um den Monatsanfang zu bekommen\" width=\"453\" height=\"370\"><\/figure><\/div><p> Um diese Formel zu verstehen, m\u00fcssen Sie sie in drei Teile unterteilen: <\/p><div class=\"wp-block-image\"><figure class=\"aligncenter size-full is-resized\"><img loading=\"lazy\" decoding=\"async\" class=\"wp-image-67598\" src=\"https:\/\/exceladvisor.org\/wp-content\/uploads\/2023\/08\/3-formules-reparties.png\" sizes=\"auto, \" srcset=\"\" alt=\"Formelaufteilung\" width=\"448\" height=\"112\"><\/figure><\/div><ol type=\"1\"><li> Im ersten Teil haben wir das Datum verwendet, das wir in Zelle A1 haben.<\/li><li> Danach haben wir im zweiten Teil die Funktion DAY verwendet und die Tagesnummer (sie gibt 16 f\u00fcr den 16. Januar zur\u00fcck) des urspr\u00fcnglichen Datums erhalten. Und wir haben diese Nummer aus dem urspr\u00fcnglichen Datum entfernt. Wenn Sie dies tun (Datum \u2013 Tagesnummer), erhalten Sie das Enddatum des letzten Monats.<\/li><li> Jetzt f\u00fcgen wir im dritten Teil 1 zum Datum des letzten Monats hinzu (wir haben es im zweiten Teil erhalten), um den ersten Tag dieses Monats zu erhalten.<\/li><\/ol><h2 class=\"wp-block-heading\"> Verwenden Sie EOMONTH, um das Startdatum des Monats abzurufen<\/h2><p> Sie k\u00f6nnen EOMONTH auch verwenden, um den ersten Tag des Monats abzurufen. EOMONTH nimmt ein Datum und hilft Ihnen, das letzte Datum eines Monats zu ermitteln. Sie k\u00f6nnen 1 dazu addieren, um den ersten Tag des Monats zu erhalten.<\/p><pre class=\"wp-block-code\"> <code class=\"language-excel-formula\" lang=\"excel-formula\">=EOMONTH(A1,-1)+1<\/code><\/pre><h2 class=\"wp-block-heading\"> Verwenden des Monatsnamens, um den ersten Tag des Monats zu ermitteln<\/h2><p> Wenn Sie einen ersten Termin f\u00fcr einen Monat vereinbaren m\u00f6chten und einen Monatsnamen verwenden m\u00f6chten, k\u00f6nnen Sie die folgende Formel verwenden. <\/p><div class=\"wp-block-image\"><figure class=\"aligncenter size-full is-resized\"><img loading=\"lazy\" decoding=\"async\" class=\"wp-image-67599\" src=\"https:\/\/exceladvisor.org\/wp-content\/uploads\/2023\/08\/Nom-de-4-mois-pour-obtenir-le-premier-jour.png\" sizes=\"auto, \" srcset=\"\" alt=\"Name-des-Monats-zu-erhalten-erster-Tag\" width=\"438\" height=\"317\"><\/figure><\/div><p> Diese Formel erstellt ein Datum, indem sie Tag, Monat und Jahr kombiniert und in ein tats\u00e4chliches Datum umwandelt. F\u00fcr den Tag haben wir bereits 1 verwendet, f\u00fcr den Monat haben wir einen Monatsnamen aus Zelle A3 verwendet und f\u00fcr das Jahr haben wir den Wert aus Zelle A4 verwendet. <\/p><div class=\"wp-block-image\"><figure class=\"aligncenter size-full is-resized\"><img loading=\"lazy\" decoding=\"async\" class=\"wp-image-67600\" src=\"https:\/\/exceladvisor.org\/wp-content\/uploads\/2023\/08\/5-formule-de-valeur-de-date.png\" sizes=\"auto, \" srcset=\"\" alt=\"Datumswert-Formel\" width=\"506\" height=\"304\"><\/figure><\/div><pre class=\"wp-block-code\"> <code class=\"language-excel-formula\" lang=\"excel-formula\">=DATEVALUE(\"1\"&amp;\"-\"&amp;A3&amp;\"-\"&amp;A4)<\/code><\/pre><div class=\"gb-container gb-container-52dfcee1 gb-container-sample-file\"><h2 class=\"gb-headline gb-headline-e289c143 gb-headline-text gb-headline-4f7959c2\"> Holen Sie sich die Excel-Datei<\/h2><p> <a class=\"gb-button gb-button-e88d6bee gb-button-text gb-button-button1\" href=\"https:\/\/exceladvisor.org\/wp-content\/uploads\/2023\/08\/premier-jour-du-mois.xlsx\" rel=\"nofollow\">Herunterladen<\/a><\/p><\/div><div class=\"gb-container gb-container-0df56012 gb-container-mt\"> <a class=\"gb-button gb-button-f9f432f4 gb-button-text gb-button-mt-button\" href=\"https:\/\/exceladvisor.org\/de\/formeln\/\">Liste der Excel-Formeln<\/a><h2 class=\"gb-headline gb-headline-233444e8 gb-headline-text gb-headline-mt-heading\"> Verwandte Formeln <\/h2><div class=\"gb-grid-wrapper gb-grid-wrapper-a16fa65c gb-grid-wrapper-mt-grid\"><div class=\"gb-grid-column gb-grid-column-50d07e0d\"><div class=\"gb-container gb-container-50d07e0d\"><ul><li> <a href=\"https:\/\/exceladvisor.org\/de\/einem-datum-einen-monat-hinzufugen-2\/\">F\u00fcgen Sie einem Datum in Excel einen Monat hinzu<\/a><\/li><li> <a href=\"https:\/\/exceladvisor.org\/de\/ende-des-monats\/\">Holen Sie sich das Enddatum des Monats in Excel<\/a><\/li><li> <a href=\"https:\/\/exceladvisor.org\/de\/name-des-monats\/\">Monat aus einem Datum in Excel abrufen (Auszug)<\/a><\/li><li> <a href=\"https:\/\/exceladvisor.org\/de\/quartal\/\">Erhalten Sie ein Quartal aus einem Datum [Fiskal + Kalender] in Excel<\/a><\/li><li> <a href=\"https:\/\/exceladvisor.org\/de\/monat-zwischen-zwei-daten\/\">Anzahl der Monate zwischen zwei Daten in Excel<\/a> <\/li><\/ul><\/div><\/div><div class=\"gb-grid-column gb-grid-column-5b4a0cf9\"><div class=\"gb-container gb-container-5b4a0cf9\"><\/div><\/div><\/div><\/div>","protected":false},"excerpt":{"rendered":"","protected":false},"author":1,"featured_media":0,"parent":0,"menu_order":0,"comment_status":"open","ping_status":"closed","template":"","meta":{"ub_ctt_via":"","footnotes":""},"class_list":["post-3054","page","type-page","status-publish","hentry"],"featured_image_src":null,"yoast_head":"<!-- This site is optimized with the Yoast SEO plugin v25.4 - https:\/\/yoast.com\/wordpress\/plugins\/seo\/ -->\n<title>\u25b7 Wie erhalte ich den ersten Tag des Monats? - Excel-Berater<\/title>\n<meta name=\"description\" content=\"In diesem Formel-Tutorial erfahren Sie, wie Sie mit zwei verschiedenen Methoden den ersten Tag (Datum) eines Monats ermitteln.\" \/>\n<meta name=\"robots\" content=\"index, follow, max-snippet:-1, max-image-preview:large, max-video-preview:-1\" \/>\n<link rel=\"canonical\" href=\"https:\/\/exceladvisor.org\/de\/erster-tag-des-2-monats\/\" \/>\n<meta property=\"og:locale\" content=\"de_DE\" \/>\n<meta property=\"og:type\" content=\"article\" \/>\n<meta property=\"og:title\" content=\"\u25b7 Wie erhalte ich den ersten Tag des Monats? - Excel-Berater\" \/>\n<meta property=\"og:description\" content=\"In diesem Formel-Tutorial erfahren Sie, wie Sie mit zwei verschiedenen Methoden den ersten Tag (Datum) eines Monats ermitteln.\" \/>\n<meta property=\"og:url\" content=\"https:\/\/exceladvisor.org\/de\/erster-tag-des-2-monats\/\" \/>\n<meta property=\"og:site_name\" content=\"Excel Advisor\" \/>\n<meta property=\"article:modified_time\" content=\"2023-12-03T11:19:17+00:00\" \/>\n<meta property=\"og:image\" content=\"https:\/\/exceladvisor.org\/wp-content\/uploads\/2023\/08\/1-valeur-de-date-dans-la-cellule.png\" \/>\n<meta name=\"twitter:card\" content=\"summary_large_image\" \/>\n<meta name=\"twitter:label1\" content=\"Gesch\u00e4tzte Lesezeit\" \/>\n\t<meta name=\"twitter:data1\" content=\"2\u00a0Minuten\" \/>\n<script type=\"application\/ld+json\" class=\"yoast-schema-graph\">{\"@context\":\"https:\/\/schema.org\",\"@graph\":[{\"@type\":\"WebPage\",\"@id\":\"https:\/\/exceladvisor.org\/de\/erster-tag-des-2-monats\/\",\"url\":\"https:\/\/exceladvisor.org\/de\/erster-tag-des-2-monats\/\",\"name\":\"\u25b7 Wie erhalte ich den ersten Tag des Monats? - Excel-Berater\",\"isPartOf\":{\"@id\":\"https:\/\/exceladvisor.org\/de\/#website\"},\"primaryImageOfPage\":{\"@id\":\"https:\/\/exceladvisor.org\/de\/erster-tag-des-2-monats\/#primaryimage\"},\"image\":{\"@id\":\"https:\/\/exceladvisor.org\/de\/erster-tag-des-2-monats\/#primaryimage\"},\"thumbnailUrl\":\"https:\/\/exceladvisor.org\/wp-content\/uploads\/2023\/08\/1-valeur-de-date-dans-la-cellule.png\",\"datePublished\":\"2023-11-17T05:02:27+00:00\",\"dateModified\":\"2023-12-03T11:19:17+00:00\",\"description\":\"In diesem Formel-Tutorial erfahren Sie, wie Sie mit zwei verschiedenen Methoden den ersten Tag (Datum) eines Monats ermitteln.\",\"breadcrumb\":{\"@id\":\"https:\/\/exceladvisor.org\/de\/erster-tag-des-2-monats\/#breadcrumb\"},\"inLanguage\":\"de\",\"potentialAction\":[{\"@type\":\"ReadAction\",\"target\":[\"https:\/\/exceladvisor.org\/de\/erster-tag-des-2-monats\/\"]}]},{\"@type\":\"ImageObject\",\"inLanguage\":\"de\",\"@id\":\"https:\/\/exceladvisor.org\/de\/erster-tag-des-2-monats\/#primaryimage\",\"url\":\"https:\/\/exceladvisor.org\/wp-content\/uploads\/2023\/08\/1-valeur-de-date-dans-la-cellule.png\",\"contentUrl\":\"https:\/\/exceladvisor.org\/wp-content\/uploads\/2023\/08\/1-valeur-de-date-dans-la-cellule.png\"},{\"@type\":\"BreadcrumbList\",\"@id\":\"https:\/\/exceladvisor.org\/de\/erster-tag-des-2-monats\/#breadcrumb\",\"itemListElement\":[{\"@type\":\"ListItem\",\"position\":1,\"name\":\"Accueil\",\"item\":\"https:\/\/exceladvisor.org\/de\/\"},{\"@type\":\"ListItem\",\"position\":2,\"name\":\"Wie erhalte ich den ersten tag des monats?\"}]},{\"@type\":\"WebSite\",\"@id\":\"https:\/\/exceladvisor.org\/de\/#website\",\"url\":\"https:\/\/exceladvisor.org\/de\/\",\"name\":\"Excel Advisor\",\"description\":\"Ihr Leitfaden zur Datendominanz\",\"publisher\":{\"@id\":\"https:\/\/exceladvisor.org\/de\/#organization\"},\"potentialAction\":[{\"@type\":\"SearchAction\",\"target\":{\"@type\":\"EntryPoint\",\"urlTemplate\":\"https:\/\/exceladvisor.org\/de\/?s={search_term_string}\"},\"query-input\":{\"@type\":\"PropertyValueSpecification\",\"valueRequired\":true,\"valueName\":\"search_term_string\"}}],\"inLanguage\":\"de\"},{\"@type\":\"Organization\",\"@id\":\"https:\/\/exceladvisor.org\/de\/#organization\",\"name\":\"Excel Advisor\",\"url\":\"https:\/\/exceladvisor.org\/de\/\",\"logo\":{\"@type\":\"ImageObject\",\"inLanguage\":\"de\",\"@id\":\"https:\/\/exceladvisor.org\/de\/#\/schema\/logo\/image\/\",\"url\":\"https:\/\/exceladvisor.org\/de\/wp-content\/uploads\/2023\/11\/exceladvisor.org_.png\",\"contentUrl\":\"https:\/\/exceladvisor.org\/de\/wp-content\/uploads\/2023\/11\/exceladvisor.org_.png\",\"width\":105,\"height\":36,\"caption\":\"Excel Advisor\"},\"image\":{\"@id\":\"https:\/\/exceladvisor.org\/de\/#\/schema\/logo\/image\/\"}}]}<\/script>\n<!-- \/ Yoast SEO plugin. -->","yoast_head_json":{"title":"\u25b7 Wie erhalte ich den ersten Tag des Monats? - Excel-Berater","description":"In diesem Formel-Tutorial erfahren Sie, wie Sie mit zwei verschiedenen Methoden den ersten Tag (Datum) eines Monats ermitteln.","robots":{"index":"index","follow":"follow","max-snippet":"max-snippet:-1","max-image-preview":"max-image-preview:large","max-video-preview":"max-video-preview:-1"},"canonical":"https:\/\/exceladvisor.org\/de\/erster-tag-des-2-monats\/","og_locale":"de_DE","og_type":"article","og_title":"\u25b7 Wie erhalte ich den ersten Tag des Monats? - Excel-Berater","og_description":"In diesem Formel-Tutorial erfahren Sie, wie Sie mit zwei verschiedenen Methoden den ersten Tag (Datum) eines Monats ermitteln.","og_url":"https:\/\/exceladvisor.org\/de\/erster-tag-des-2-monats\/","og_site_name":"Excel Advisor","article_modified_time":"2023-12-03T11:19:17+00:00","og_image":[{"url":"https:\/\/exceladvisor.org\/wp-content\/uploads\/2023\/08\/1-valeur-de-date-dans-la-cellule.png","type":"","width":"","height":""}],"twitter_card":"summary_large_image","twitter_misc":{"Gesch\u00e4tzte Lesezeit":"2\u00a0Minuten"},"schema":{"@context":"https:\/\/schema.org","@graph":[{"@type":"WebPage","@id":"https:\/\/exceladvisor.org\/de\/erster-tag-des-2-monats\/","url":"https:\/\/exceladvisor.org\/de\/erster-tag-des-2-monats\/","name":"\u25b7 Wie erhalte ich den ersten Tag des Monats? - Excel-Berater","isPartOf":{"@id":"https:\/\/exceladvisor.org\/de\/#website"},"primaryImageOfPage":{"@id":"https:\/\/exceladvisor.org\/de\/erster-tag-des-2-monats\/#primaryimage"},"image":{"@id":"https:\/\/exceladvisor.org\/de\/erster-tag-des-2-monats\/#primaryimage"},"thumbnailUrl":"https:\/\/exceladvisor.org\/wp-content\/uploads\/2023\/08\/1-valeur-de-date-dans-la-cellule.png","datePublished":"2023-11-17T05:02:27+00:00","dateModified":"2023-12-03T11:19:17+00:00","description":"In diesem Formel-Tutorial erfahren Sie, wie Sie mit zwei verschiedenen Methoden den ersten Tag (Datum) eines Monats ermitteln.","breadcrumb":{"@id":"https:\/\/exceladvisor.org\/de\/erster-tag-des-2-monats\/#breadcrumb"},"inLanguage":"de","potentialAction":[{"@type":"ReadAction","target":["https:\/\/exceladvisor.org\/de\/erster-tag-des-2-monats\/"]}]},{"@type":"ImageObject","inLanguage":"de","@id":"https:\/\/exceladvisor.org\/de\/erster-tag-des-2-monats\/#primaryimage","url":"https:\/\/exceladvisor.org\/wp-content\/uploads\/2023\/08\/1-valeur-de-date-dans-la-cellule.png","contentUrl":"https:\/\/exceladvisor.org\/wp-content\/uploads\/2023\/08\/1-valeur-de-date-dans-la-cellule.png"},{"@type":"BreadcrumbList","@id":"https:\/\/exceladvisor.org\/de\/erster-tag-des-2-monats\/#breadcrumb","itemListElement":[{"@type":"ListItem","position":1,"name":"Accueil","item":"https:\/\/exceladvisor.org\/de\/"},{"@type":"ListItem","position":2,"name":"Wie erhalte ich den ersten tag des monats?"}]},{"@type":"WebSite","@id":"https:\/\/exceladvisor.org\/de\/#website","url":"https:\/\/exceladvisor.org\/de\/","name":"Excel Advisor","description":"Ihr Leitfaden zur Datendominanz","publisher":{"@id":"https:\/\/exceladvisor.org\/de\/#organization"},"potentialAction":[{"@type":"SearchAction","target":{"@type":"EntryPoint","urlTemplate":"https:\/\/exceladvisor.org\/de\/?s={search_term_string}"},"query-input":{"@type":"PropertyValueSpecification","valueRequired":true,"valueName":"search_term_string"}}],"inLanguage":"de"},{"@type":"Organization","@id":"https:\/\/exceladvisor.org\/de\/#organization","name":"Excel Advisor","url":"https:\/\/exceladvisor.org\/de\/","logo":{"@type":"ImageObject","inLanguage":"de","@id":"https:\/\/exceladvisor.org\/de\/#\/schema\/logo\/image\/","url":"https:\/\/exceladvisor.org\/de\/wp-content\/uploads\/2023\/11\/exceladvisor.org_.png","contentUrl":"https:\/\/exceladvisor.org\/de\/wp-content\/uploads\/2023\/11\/exceladvisor.org_.png","width":105,"height":36,"caption":"Excel Advisor"},"image":{"@id":"https:\/\/exceladvisor.org\/de\/#\/schema\/logo\/image\/"}}]}},"yoast_meta":{"yoast_wpseo_title":"","yoast_wpseo_metadesc":"","yoast_wpseo_canonical":""},"_links":{"self":[{"href":"https:\/\/exceladvisor.org\/de\/wp-json\/wp\/v2\/pages\/3054","targetHints":{"allow":["GET"]}}],"collection":[{"href":"https:\/\/exceladvisor.org\/de\/wp-json\/wp\/v2\/pages"}],"about":[{"href":"https:\/\/exceladvisor.org\/de\/wp-json\/wp\/v2\/types\/page"}],"author":[{"embeddable":true,"href":"https:\/\/exceladvisor.org\/de\/wp-json\/wp\/v2\/users\/1"}],"replies":[{"embeddable":true,"href":"https:\/\/exceladvisor.org\/de\/wp-json\/wp\/v2\/comments?post=3054"}],"version-history":[{"count":1,"href":"https:\/\/exceladvisor.org\/de\/wp-json\/wp\/v2\/pages\/3054\/revisions"}],"predecessor-version":[{"id":3924,"href":"https:\/\/exceladvisor.org\/de\/wp-json\/wp\/v2\/pages\/3054\/revisions\/3924"}],"wp:attachment":[{"href":"https:\/\/exceladvisor.org\/de\/wp-json\/wp\/v2\/media?parent=3054"}],"curies":[{"name":"wp","href":"https:\/\/api.w.org\/{rel}","templated":true}]}}